{"id":1929,"date":"2025-12-22T07:57:54","date_gmt":"2025-12-22T07:57:54","guid":{"rendered":"https:\/\/hunter-optics.com\/?post_type=product&#038;p=1929"},"modified":"2025-12-24T01:13:35","modified_gmt":"2025-12-24T01:13:35","slug":"virgo-s2-mini-thermal-red-dot-sight-scope","status":"publish","type":"product","link":"https:\/\/hunter-optics.com\/fr\/produit\/virgo-s2-mini-thermal-red-dot-sight-scope\/","title":{"rendered":"VIRGO S2 Mini thermal Red Dot Sight scope"},"content":{"rendered":"<p>Pourquoi cette offre group\u00e9e exclusive est-elle indispensable ?<\/p>\n<p>Lib\u00e9rez tout le potentiel de la VIRGO S2 Thermal Sight avec cet ensemble tactique tout-en-un, disponible uniquement sur le magasin HUNTER OPTICS. Que vous utilisiez un pistolet, un fusil ou un casque, cet ensemble vous donne tout ce dont vous avez besoin d\u00e8s la sortie de la bo\u00eete.<\/p>\n<p>Ce que vous obtenez<\/p>\n<p><strong>Mire thermique VIRGO S2<\/strong><\/p>\n<p>Ultra-compact, l\u00e9ger et con\u00e7u pour une d\u00e9tection rapide des cibles dans toutes les conditions d'\u00e9clairage.<\/p>\n<p><strong>Plaque d'adaptation RMR<\/strong><\/p>\n<p>Se monte directement sur les pistolets compatibles pour une installation rationalis\u00e9e et discr\u00e8te.<\/p>\n<p><strong>Monture Picatinny<\/strong><\/p>\n<p>Parfait pour les fusils, les carabines et les plates-formes SBR - rapide et facile \u00e0 installer.<\/p>\n<p>Configuration d'un casque tactique complet<\/p>\n<p>Comprend une monture de casque m\u00e9tallique L4G24, un bras en J, un oculaire et une plaque de base adaptatrice.<\/p>\n<p>Con\u00e7u pour une utilisation stable et fiable sur casque.<\/p>\n<p>(Casque non inclus).<\/p>\n<p>Chargeur, batterie et c\u00e2ble de donn\u00e9es<\/p>\n<p>Tous les accessoires essentiels sont inclus - pas besoin d'acheter quoi que ce soit de plus.<\/p>\n<p>Con\u00e7u pour une polyvalence maximale<\/p>\n<p>Une optique. Plusieurs plateformes. Du pistolet au casque, cette offre offre une flexibilit\u00e9 et une valeur in\u00e9gal\u00e9es. Parfait pour les utilisateurs tactiques, les professionnels des activit\u00e9s de plein air et les op\u00e9rations nocturnes.<\/p>\n<table border=\"0\" width=\"100%\" cellspacing=\"0\" cellpadding=\"0\">\n<colgroup>\n<col width=\"366\" \/>\n<col width=\"345\" \/><\/colgroup>\n<tbody>\n<tr>\n<td width=\"366\" height=\"18\"><strong>Mod\u00e8le de produit<\/strong><\/td>\n<td class=\"et2\" width=\"345\"><strong>VIRGO S2<\/strong><\/td>\n<\/tr>\n<tr>\n<td height=\"18\">Capteur d'images<\/td>\n<td class=\"et2\">Matrices \u00e0 plan focal non refroidies<\/td>\n<\/tr>\n<tr>\n<td height=\"18\">Max. R\u00e9solution<\/td>\n<td class=\"et2\">256\u00d7192<\/td>\n<\/tr>\n<tr>\n<td height=\"18\">Taux de rafra\u00eechissement<\/td>\n<td class=\"et2\">60Hz<\/td>\n<\/tr>\n<tr>\n<td height=\"18\">Intervalle entre les pixels<\/td>\n<td class=\"et2\">12\u03bcm<\/td>\n<\/tr>\n<tr>\n<td height=\"18\">Bande d'ondes de r\u00e9ponse<\/td>\n<td class=\"et2\">8\u03bcm \u00e0 14\u03bcm<\/td>\n<\/tr>\n<tr>\n<td height=\"18\">NETD<\/td>\n<td class=\"et2\">Moins de 25mK (25 \u00b0C, F#=1,0)<\/td>\n<\/tr>\n<tr>\n<td height=\"18\">Objectif (longueur focale)<\/td>\n<td class=\"et2\">13mm, F0.9<\/td>\n<\/tr>\n<tr>\n<td height=\"18\">Plage de d\u00e9tection<\/td>\n<td class=\"et2\">500m<\/td>\n<\/tr>\n<tr>\n<td height=\"18\">Mode de mise au point<\/td>\n<td class=\"et2\">Bague de mise au point<\/td>\n<\/tr>\n<tr>\n<td height=\"18\">Champ de vision (HxV), degr\u00e9s\/m@100m<\/td>\n<td class=\"et2\">13,5\u00b0x 10,1\u00b0\/71mx53m<\/td>\n<\/tr>\n<tr>\n<td height=\"18\">Min. Distance de mise au point<\/td>\n<td class=\"et2\">0.5m<\/td>\n<\/tr>\n<tr>\n<td height=\"18\">Agrandissement<\/td>\n<td class=\"et2\">0,5x -1x (2x)<\/td>\n<\/tr>\n<tr>\n<td height=\"18\"><strong>Affichage de l'image<\/strong><\/td>\n<td class=\"et2\"><\/td>\n<\/tr>\n<tr>\n<td height=\"18\">Affichage<\/td>\n<td class=\"et2\">1.43inch,466\u00d7466,OLED<\/td>\n<\/tr>\n<tr>\n<td height=\"18\">\u00c9cran tactile<\/td>\n<td class=\"et2\">Prise en charge des op\u00e9rations tactiles<\/td>\n<\/tr>\n<tr>\n<td height=\"18\">R\u00e9glage de la luminosit\u00e9<\/td>\n<td class=\"et2\">Oui<\/td>\n<\/tr>\n<tr>\n<td height=\"18\">Palettes<\/td>\n<td class=\"et2\">Noir chaud, Blanc chaud, Rouge chaud, Fusion<\/td>\n<\/tr>\n<tr>\n<td height=\"18\">Mode FFC (correction de champ plat)<\/td>\n<td class=\"et2\">Auto, Manuel, Correction externe<\/td>\n<\/tr>\n<tr>\n<td height=\"18\"><strong>Syst\u00e8me<\/strong><\/td>\n<td class=\"et2\"><\/td>\n<\/tr>\n<tr>\n<td height=\"18\">Enregistrer une vid\u00e9o<\/td>\n<td class=\"et2\">Enregistrement vid\u00e9o embarqu\u00e9<\/td>\n<\/tr>\n<tr>\n<td height=\"18\">Capture d'un instantan\u00e9<\/td>\n<td class=\"et2\">Oui<\/td>\n<\/tr>\n<tr>\n<td height=\"18\">Point d'acc\u00e8s<\/td>\n<td class=\"et2\">Oui<\/td>\n<\/tr>\n<tr>\n<td height=\"18\">Mode veille<\/td>\n<td class=\"et2\">Oui<\/td>\n<\/tr>\n<tr>\n<td height=\"18\">Stockage<\/td>\n<td class=\"et2\">EMMC int\u00e9gr\u00e9e (32 Go)<\/td>\n<\/tr>\n<tr>\n<td height=\"18\">Enregistrement de l'activation du recul<\/td>\n<td class=\"et2\">Oui<\/td>\n<\/tr>\n<tr>\n<td height=\"18\">Recul max.<\/td>\n<td class=\"et2\">1000g\/0.4ms<\/td>\n<\/tr>\n<tr>\n<td height=\"18\">Profils de mise \u00e0 z\u00e9ro<\/td>\n<td class=\"et2\">3<\/td>\n<\/tr>\n<tr>\n<td height=\"18\"><strong>Alimentation \u00e9lectrique<\/strong><\/td>\n<td class=\"et2\"><\/td>\n<\/tr>\n<tr>\n<td height=\"18\">Type de batterie<\/td>\n<td class=\"et2\">CR123\u300116340<\/td>\n<\/tr>\n<tr>\n<td height=\"18\">Dur\u00e9e de fonctionnement de la batterie<\/td>\n<td class=\"et2\">\u22655h (25\u00b0C)<\/td>\n<\/tr>\n<tr>\n<td height=\"18\">Alimentation Type-C<\/td>\n<td class=\"et2\">5V DC,2A Supporte l'alimentation externe<\/td>\n<\/tr>\n<tr>\n<td height=\"18\"><strong>G\u00e9n\u00e9ral<\/strong><\/td>\n<td class=\"et2\"><\/td>\n<\/tr>\n<tr>\n<td height=\"18\">Niveau de protection<\/td>\n<td class=\"et2\">IP67<\/td>\n<\/tr>\n<tr>\n<td height=\"18\">Poids<\/td>\n<td class=\"et2\">115g sans la batterie<\/td>\n<\/tr>\n<tr>\n<td height=\"18\">Dimension<\/td>\n<td class=\"et2\">51,5 mm x 51,5 mm x 47,5 mm<\/td>\n<\/tr>\n<tr>\n<td height=\"18\">Temp\u00e9rature de fonctionnement<\/td>\n<td class=\"et2\">De -20 \u00b0C \u00e0 +50 \u00b0C (de -4 \u00b0F \u00e0 122 \u00b0F)<\/td>\n<\/tr>\n<\/tbody>\n<\/table>","protected":false},"excerpt":{"rendered":"<div id=\"product-description-short-1497\" class=\"product_desc\">\n<p>La mini lunette thermique VIRGO S2 est une optique thermique 4 en 1 l\u00e9g\u00e8re qui peut \u00eatre utilis\u00e9e \u00e0 la main, mont\u00e9e sur un fusil, sur un pistolet ou sur un casque. Dot\u00e9e d'un capteur 256\u00d7192 12\u03bcm, d'un taux de rafra\u00eechissement de 60Hz, d'un NETD &lt;25mK et de plusieurs palettes de couleurs, elle offre une imagerie thermique nette dans toutes les conditions. Il peut m\u00eame \u00eatre jumel\u00e9 en ligne avec une lunette de vis\u00e9e diurne, transformant ainsi votre fusil en un v\u00e9ritable syst\u00e8me jour-nuit. Avec l&#039;enregistrement vid\u00e9o embarqu\u00e9, la capture activ\u00e9e par le recul et la protection IP67, la VIRGO S2 offre une polyvalence in\u00e9gal\u00e9e pour les applications tactiques et de chasse.<\/p>\n<p>Il maintient un z\u00e9ro fiable sous le recul des calibres 9 mm, 5,56 mm et 7,62 mm.<\/p>\n<\/div>","protected":false},"featured_media":1930,"comment_status":"open","ping_status":"closed","template":"","meta":[],"etheme_brands":[],"product_brand":[],"product_cat":[50],"product_tag":[],"class_list":{"0":"post-1929","1":"product","2":"type-product","3":"status-publish","4":"has-post-thumbnail","6":"product_cat-red-dot-sights","8":"first","9":"instock","10":"sale","11":"taxable","12":"shipping-taxable","13":"purchasable","14":"product-type-simple"},"yoast_head":"<!-- This site is optimized with the Yoast SEO Premium plugin v25.7.1 (Yoast SEO v27.4) - https:\/\/yoast.com\/product\/yoast-seo-premium-wordpress\/ -->\n<title>VIRGO S2 Mini Thermal Red Dot Sight scope - Hunter Optics<\/title>\n<meta name=\"description\" content=\"Unlock the full potential of the VIRGO S2 Thermal Sight with this all-in-one tactical bundle\u2014available only on the HUNTER OPTICS store.\" \/>\n<meta name=\"robots\" content=\"index, follow, max-snippet:-1, max-image-preview:large, max-video-preview:-1\" \/>\n<link rel=\"canonical\" href=\"https:\/\/hunter-optics.com\/fr\/produit\/virgo-s2-mini-thermal-red-dot-sight-scope\/\" \/>\n<meta property=\"og:locale\" content=\"fr_FR\" \/>\n<meta property=\"og:type\" content=\"article\" \/>\n<meta property=\"og:title\" content=\"VIRGO S2 Mini Thermal Red Dot Sight scope\" \/>\n<meta property=\"og:description\" content=\"Unlock the full potential of the VIRGO S2 Thermal Sight with this all-in-one tactical bundle\u2014available only on the HUNTER OPTICS store.\" \/>\n<meta property=\"og:url\" content=\"https:\/\/hunter-optics.com\/fr\/produit\/virgo-s2-mini-thermal-red-dot-sight-scope\/\" \/>\n<meta property=\"og:site_name\" content=\"Hunter Optics\" \/>\n<meta property=\"article:modified_time\" content=\"2025-12-24T01:13:35+00:00\" \/>\n<meta property=\"og:image\" content=\"https:\/\/hunter-optics.com\/wp-content\/uploads\/2025\/12\/virgo-s2-mini-thermal-scope-2.jpg\" \/>\n\t<meta property=\"og:image:width\" content=\"1000\" \/>\n\t<meta property=\"og:image:height\" content=\"1000\" \/>\n\t<meta property=\"og:image:type\" content=\"image\/jpeg\" \/>\n<meta name=\"twitter:card\" content=\"summary_large_image\" \/>\n<meta name=\"twitter:label1\" content=\"Prix\" \/>\n\t<meta name=\"twitter:data1\" content=\"&#036;599.00\" \/>\n\t<meta name=\"twitter:label2\" content=\"Disponibilit\u00e9\" \/>\n\t<meta name=\"twitter:data2\" content=\"En stock\" \/>\n<script type=\"application\/ld+json\" class=\"yoast-schema-graph\">{\"@context\":\"https:\\\/\\\/schema.org\",\"@graph\":[{\"@type\":\"WebPage\",\"@id\":\"https:\\\/\\\/hunter-optics.com\\\/product\\\/virgo-s2-mini-thermal-red-dot-sight-scope\\\/\",\"url\":\"https:\\\/\\\/hunter-optics.com\\\/product\\\/virgo-s2-mini-thermal-red-dot-sight-scope\\\/\",\"name\":\"VIRGO S2 Mini Thermal Red Dot Sight scope - Hunter Optics\",\"isPartOf\":{\"@id\":\"https:\\\/\\\/hunter-optics.com\\\/#website\"},\"primaryImageOfPage\":{\"@id\":\"https:\\\/\\\/hunter-optics.com\\\/product\\\/virgo-s2-mini-thermal-red-dot-sight-scope\\\/#primaryimage\"},\"image\":{\"@id\":\"https:\\\/\\\/hunter-optics.com\\\/product\\\/virgo-s2-mini-thermal-red-dot-sight-scope\\\/#primaryimage\"},\"thumbnailUrl\":\"https:\\\/\\\/hunter-optics.com\\\/wp-content\\\/uploads\\\/2025\\\/12\\\/virgo-s2-mini-thermal-scope-2.jpg\",\"datePublished\":\"2025-12-22T07:57:54+00:00\",\"dateModified\":\"2025-12-24T01:13:35+00:00\",\"description\":\"Unlock the full potential of the VIRGO S2 Thermal Sight with this all-in-one tactical bundle\u2014available only on the HUNTER OPTICS store.\",\"breadcrumb\":{\"@id\":\"https:\\\/\\\/hunter-optics.com\\\/product\\\/virgo-s2-mini-thermal-red-dot-sight-scope\\\/#breadcrumb\"},\"inLanguage\":\"fr-FR\",\"potentialAction\":[{\"@type\":\"ReadAction\",\"target\":[\"https:\\\/\\\/hunter-optics.com\\\/product\\\/virgo-s2-mini-thermal-red-dot-sight-scope\\\/\"]}]},{\"@type\":\"ImageObject\",\"inLanguage\":\"fr-FR\",\"@id\":\"https:\\\/\\\/hunter-optics.com\\\/product\\\/virgo-s2-mini-thermal-red-dot-sight-scope\\\/#primaryimage\",\"url\":\"https:\\\/\\\/hunter-optics.com\\\/wp-content\\\/uploads\\\/2025\\\/12\\\/virgo-s2-mini-thermal-scope-2.jpg\",\"contentUrl\":\"https:\\\/\\\/hunter-optics.com\\\/wp-content\\\/uploads\\\/2025\\\/12\\\/virgo-s2-mini-thermal-scope-2.jpg\",\"width\":1000,\"height\":1000},{\"@type\":\"BreadcrumbList\",\"@id\":\"https:\\\/\\\/hunter-optics.com\\\/product\\\/virgo-s2-mini-thermal-red-dot-sight-scope\\\/#breadcrumb\",\"itemListElement\":[{\"@type\":\"ListItem\",\"position\":1,\"name\":\"Home\",\"item\":\"https:\\\/\\\/hunter-optics.com\\\/\"},{\"@type\":\"ListItem\",\"position\":2,\"name\":\"Products\",\"item\":\"https:\\\/\\\/hunter-optics.com\\\/shop\\\/\"},{\"@type\":\"ListItem\",\"position\":3,\"name\":\"VIRGO S2 Mini Thermal Red Dot Sight scope\"}]},{\"@type\":\"WebSite\",\"@id\":\"https:\\\/\\\/hunter-optics.com\\\/#website\",\"url\":\"https:\\\/\\\/hunter-optics.com\\\/\",\"name\":\"Hunter Optics\",\"description\":\"Hunter Optics \u2014 Your Eye on the Target.\",\"publisher\":{\"@id\":\"https:\\\/\\\/hunter-optics.com\\\/#organization\"},\"potentialAction\":[{\"@type\":\"SearchAction\",\"target\":{\"@type\":\"EntryPoint\",\"urlTemplate\":\"https:\\\/\\\/hunter-optics.com\\\/?s={search_term_string}\"},\"query-input\":{\"@type\":\"PropertyValueSpecification\",\"valueRequired\":true,\"valueName\":\"search_term_string\"}}],\"inLanguage\":\"fr-FR\"},{\"@type\":\"Organization\",\"@id\":\"https:\\\/\\\/hunter-optics.com\\\/#organization\",\"name\":\"Hunter Optics\",\"url\":\"https:\\\/\\\/hunter-optics.com\\\/\",\"logo\":{\"@type\":\"ImageObject\",\"inLanguage\":\"fr-FR\",\"@id\":\"https:\\\/\\\/hunter-optics.com\\\/#\\\/schema\\\/logo\\\/image\\\/\",\"url\":\"https:\\\/\\\/hunter-optics.com\\\/wp-content\\\/uploads\\\/2025\\\/06\\\/hunter-optics-logo-1.png\",\"contentUrl\":\"https:\\\/\\\/hunter-optics.com\\\/wp-content\\\/uploads\\\/2025\\\/06\\\/hunter-optics-logo-1.png\",\"width\":937,\"height\":373,\"caption\":\"Hunter Optics\"},\"image\":{\"@id\":\"https:\\\/\\\/hunter-optics.com\\\/#\\\/schema\\\/logo\\\/image\\\/\"}}]}<\/script>\n<meta property=\"product:price:amount\" content=\"599.00\" \/>\n<meta property=\"product:price:currency\" content=\"USD\" \/>\n<meta property=\"og:availability\" content=\"instock\" \/>\n<meta property=\"product:availability\" content=\"instock\" \/>\n<meta property=\"product:condition\" content=\"new\" \/>\n<!-- \/ Yoast SEO Premium plugin. -->","yoast_head_json":{"title":"VIRGO S2 Mini Thermal Red Dot Sight scope - Hunter Optics","description":"Lib\u00e9rez tout le potentiel de la VIRGO S2 Thermal Sight avec ce pack tactique tout-en-un, disponible uniquement sur la boutique HUNTER OPTICS.","robots":{"index":"index","follow":"follow","max-snippet":"max-snippet:-1","max-image-preview":"max-image-preview:large","max-video-preview":"max-video-preview:-1"},"canonical":"https:\/\/hunter-optics.com\/fr\/produit\/virgo-s2-mini-thermal-red-dot-sight-scope\/","og_locale":"fr_FR","og_type":"article","og_title":"VIRGO S2 Mini Thermal Red Dot Sight scope","og_description":"Unlock the full potential of the VIRGO S2 Thermal Sight with this all-in-one tactical bundle\u2014available only on the HUNTER OPTICS store.","og_url":"https:\/\/hunter-optics.com\/fr\/produit\/virgo-s2-mini-thermal-red-dot-sight-scope\/","og_site_name":"Hunter Optics","article_modified_time":"2025-12-24T01:13:35+00:00","og_image":[{"width":1000,"height":1000,"url":"https:\/\/hunter-optics.com\/wp-content\/uploads\/2025\/12\/virgo-s2-mini-thermal-scope-2.jpg","type":"image\/jpeg"}],"twitter_card":"summary_large_image","twitter_misc":{"Prix":"&#36;599.00","Disponibilit\u00e9":"En stock"},"schema":{"@context":"https:\/\/schema.org","@graph":[{"@type":"WebPage","@id":"https:\/\/hunter-optics.com\/product\/virgo-s2-mini-thermal-red-dot-sight-scope\/","url":"https:\/\/hunter-optics.com\/product\/virgo-s2-mini-thermal-red-dot-sight-scope\/","name":"VIRGO S2 Mini Thermal Red Dot Sight scope - Hunter Optics","isPartOf":{"@id":"https:\/\/hunter-optics.com\/#website"},"primaryImageOfPage":{"@id":"https:\/\/hunter-optics.com\/product\/virgo-s2-mini-thermal-red-dot-sight-scope\/#primaryimage"},"image":{"@id":"https:\/\/hunter-optics.com\/product\/virgo-s2-mini-thermal-red-dot-sight-scope\/#primaryimage"},"thumbnailUrl":"https:\/\/hunter-optics.com\/wp-content\/uploads\/2025\/12\/virgo-s2-mini-thermal-scope-2.jpg","datePublished":"2025-12-22T07:57:54+00:00","dateModified":"2025-12-24T01:13:35+00:00","description":"Lib\u00e9rez tout le potentiel de la VIRGO S2 Thermal Sight avec ce pack tactique tout-en-un, disponible uniquement sur la boutique HUNTER OPTICS.","breadcrumb":{"@id":"https:\/\/hunter-optics.com\/product\/virgo-s2-mini-thermal-red-dot-sight-scope\/#breadcrumb"},"inLanguage":"fr-FR","potentialAction":[{"@type":"ReadAction","target":["https:\/\/hunter-optics.com\/product\/virgo-s2-mini-thermal-red-dot-sight-scope\/"]}]},{"@type":"ImageObject","inLanguage":"fr-FR","@id":"https:\/\/hunter-optics.com\/product\/virgo-s2-mini-thermal-red-dot-sight-scope\/#primaryimage","url":"https:\/\/hunter-optics.com\/wp-content\/uploads\/2025\/12\/virgo-s2-mini-thermal-scope-2.jpg","contentUrl":"https:\/\/hunter-optics.com\/wp-content\/uploads\/2025\/12\/virgo-s2-mini-thermal-scope-2.jpg","width":1000,"height":1000},{"@type":"BreadcrumbList","@id":"https:\/\/hunter-optics.com\/product\/virgo-s2-mini-thermal-red-dot-sight-scope\/#breadcrumb","itemListElement":[{"@type":"ListItem","position":1,"name":"Home","item":"https:\/\/hunter-optics.com\/"},{"@type":"ListItem","position":2,"name":"Products","item":"https:\/\/hunter-optics.com\/shop\/"},{"@type":"ListItem","position":3,"name":"VIRGO S2 Mini Thermal Red Dot Sight scope"}]},{"@type":"WebSite","@id":"https:\/\/hunter-optics.com\/#website","url":"https:\/\/hunter-optics.com\/","name":"Optique Hunter","description":"Optique du chasseur - L'\u0153il sur la cible.","publisher":{"@id":"https:\/\/hunter-optics.com\/#organization"},"potentialAction":[{"@type":"SearchAction","target":{"@type":"EntryPoint","urlTemplate":"https:\/\/hunter-optics.com\/?s={search_term_string}"},"query-input":{"@type":"PropertyValueSpecification","valueRequired":true,"valueName":"search_term_string"}}],"inLanguage":"fr-FR"},{"@type":"Organization","@id":"https:\/\/hunter-optics.com\/#organization","name":"Optique Hunter","url":"https:\/\/hunter-optics.com\/","logo":{"@type":"ImageObject","inLanguage":"fr-FR","@id":"https:\/\/hunter-optics.com\/#\/schema\/logo\/image\/","url":"https:\/\/hunter-optics.com\/wp-content\/uploads\/2025\/06\/hunter-optics-logo-1.png","contentUrl":"https:\/\/hunter-optics.com\/wp-content\/uploads\/2025\/06\/hunter-optics-logo-1.png","width":937,"height":373,"caption":"Hunter Optics"},"image":{"@id":"https:\/\/hunter-optics.com\/#\/schema\/logo\/image\/"}}]},"product_price_amount":"599.00","product_price_currency":"USD","og_availability":"instock","product_availability":"instock","product_condition":"new"},"_links":{"self":[{"href":"https:\/\/hunter-optics.com\/fr\/wp-json\/wp\/v2\/product\/1929","targetHints":{"allow":["GET"]}}],"collection":[{"href":"https:\/\/hunter-optics.com\/fr\/wp-json\/wp\/v2\/product"}],"about":[{"href":"https:\/\/hunter-optics.com\/fr\/wp-json\/wp\/v2\/types\/product"}],"replies":[{"embeddable":true,"href":"https:\/\/hunter-optics.com\/fr\/wp-json\/wp\/v2\/comments?post=1929"}],"version-history":[{"count":2,"href":"https:\/\/hunter-optics.com\/fr\/wp-json\/wp\/v2\/product\/1929\/revisions"}],"predecessor-version":[{"id":1937,"href":"https:\/\/hunter-optics.com\/fr\/wp-json\/wp\/v2\/product\/1929\/revisions\/1937"}],"wp:featuredmedia":[{"embeddable":true,"href":"https:\/\/hunter-optics.com\/fr\/wp-json\/wp\/v2\/media\/1930"}],"wp:attachment":[{"href":"https:\/\/hunter-optics.com\/fr\/wp-json\/wp\/v2\/media?parent=1929"}],"wp:term":[{"taxonomy":"brand","embeddable":true,"href":"https:\/\/hunter-optics.com\/fr\/wp-json\/wp\/v2\/etheme_brands?post=1929"},{"taxonomy":"product_brand","embeddable":true,"href":"https:\/\/hunter-optics.com\/fr\/wp-json\/wp\/v2\/product_brand?post=1929"},{"taxonomy":"product_cat","embeddable":true,"href":"https:\/\/hunter-optics.com\/fr\/wp-json\/wp\/v2\/product_cat?post=1929"},{"taxonomy":"product_tag","embeddable":true,"href":"https:\/\/hunter-optics.com\/fr\/wp-json\/wp\/v2\/product_tag?post=1929"}],"curies":[{"name":"wp","href":"https:\/\/api.w.org\/{rel}","templated":true}]}}