{"id":1760,"date":"2025-08-11T08:23:48","date_gmt":"2025-08-11T08:23:48","guid":{"rendered":"https:\/\/hunter-optics.com\/?post_type=product&#038;p=1760"},"modified":"2025-10-11T09:15:54","modified_gmt":"2025-10-11T09:15:54","slug":"element-helix-6-24x50-ffp-apr-2d-mrad-30mm","status":"publish","type":"product","link":"https:\/\/hunter-optics.com\/fr\/produit\/element-helix-6-24x50-ffp-apr-2d-mrad-30mm\/","title":{"rendered":"Element Helix 6-24\u00d750 FFP APR-2D MRAD 30mm"},"content":{"rendered":"<div id=\"target_description\" class=\"w-full py-8 border-t mb-6 text-sm border-pbordergreydark pm-product-content open\">\n<p><strong>SPECS<\/strong><\/p>\n<\/div>\n<ul>\n<li>Grossissement : 6-24x<\/li>\n<li>Diam\u00e8tre de l'objectif : 50 mm<\/li>\n<li>Diam\u00e8tre du tube : 30 mm<\/li>\n<li>Pupille de sortie : 9.1-2.2mm<\/li>\n<li>Soulagement des yeux : 3.7-4 pouces<\/li>\n<li>Champ de vision \u00e0 100 m\u00e8tres : 18,3-4,6 pieds<\/li>\n<li>Valeur du clic : 0,25 MARD<\/li>\n<li>Plage de r\u00e9glage par rotation : 11,6 MOA<\/li>\n<li>Ajustement total de l'\u00e9l\u00e9vation : 18.9 MIL<\/li>\n<li>Parallaxe minimale : 10 m\u00e8tres<\/li>\n<li>Mat\u00e9riau de purge : Azote<\/li>\n<li>Longueur : 363 mm<\/li>\n<li>Poids : 737g<\/li>\n<li>Garantie \u00e0 vie<\/li>\n<\/ul>\n<p><strong>CARACT\u00c9RISTIQUES<\/strong><\/p>\n<ul>\n<li>Tube du corps principal de 30 mm<\/li>\n<li>Conception compacte et l\u00e9g\u00e8re<\/li>\n<li>R\u00e9ticule du premier plan focal<\/li>\n<li>Aluminium de qualit\u00e9 a\u00e9ronautique<\/li>\n<li>Parallaxe lat\u00e9rale : 10yds-Infinit\u00e9<\/li>\n<li>Lentilles enti\u00e8rement multicouches<\/li>\n<li>Tourelles r\u00e9initialisables sans outil avec 15 MOA par tour<\/li>\n<li>Arr\u00eat z\u00e9ro m\u00e9canique dur<\/li>\n<li>Levier de renvoi du grossissement amovible<\/li>\n<li>\u00c9tanche, antibu\u00e9e, antichoc et purg\u00e9 \u00e0 l'azote<\/li>\n<li>Pare-soleil, chiffon pour objectif et capuchons d'objectif en caoutchouc inclus<\/li>\n<\/ul>","protected":false},"excerpt":{"rendered":"<div class=\"fusion-woo-short-description-tb fusion-woo-short-description-tb-1\">\n<div class=\"woocommerce-product-details__short-description\">\n<p>Nous avons con\u00e7u l'HELIX en mettant l'accent sur l'essentiel : un verre clair, des r\u00e9ticules intelligents, des caract\u00e9ristiques innovantes et un syst\u00e8me de tourelle sup\u00e9rieur \u00e0 celui des autres produits de la m\u00eame cat\u00e9gorie de prix. Le syst\u00e8me de tourelle a \u00e9t\u00e9 am\u00e9lior\u00e9 par rapport \u00e0 l'optique sportive standard et comporte des composants internes en acier inoxydable pour r\u00e9sister \u00e0 l'usure et \u00e0 la d\u00e9chirure lors de la composition r\u00e9guli\u00e8re des num\u00e9ros, ce que les disciplines de tir modernes exigent. Les tourelles sans outil et le m\u00e9canisme d'arr\u00eat z\u00e9ro vous offrent des caract\u00e9ristiques haut de gamme sans vous ruiner, et le r\u00e9ticule \u00e0 premier plan focal garantit un \u00e9talonnage pr\u00e9cis du r\u00e9ticule \u00e0 tous les grossissements. Nous avons mis en place des contr\u00f4les de qualit\u00e9 pour que vous ayez l'esprit tranquille lorsque vous tirez \u00e0 1 000 m\u00e8tres, et en cas de probl\u00e8me, notre garantie \u00e0 vie Platinum vous couvre !<\/p>\n<\/div>\n<\/div>","protected":false},"featured_media":1761,"comment_status":"open","ping_status":"closed","template":"","meta":[],"etheme_brands":[{"term_id":48,"name":"Element","slug":"element","term_group":0,"term_taxonomy_id":48,"taxonomy":"brand","description":"","parent":0,"count":2,"filter":"raw"}],"product_brand":[],"product_cat":[49],"product_tag":[],"class_list":{"0":"post-1760","1":"product","2":"type-product","3":"status-publish","4":"has-post-thumbnail","6":"brand-element","7":"product_cat-rifle-scopes","9":"first","10":"instock","11":"taxable","12":"shipping-taxable","13":"purchasable","14":"product-type-simple"},"yoast_head":"<!-- This site is optimized with the Yoast SEO Premium plugin v25.7.1 (Yoast SEO v27.4) - https:\/\/yoast.com\/product\/yoast-seo-premium-wordpress\/ -->\n<title>Element Helix 6-24x50 FFP APR-2D MRAD 30mm - Hunter Optics<\/title>\n<meta name=\"description\" content=\"Athlon Argos BTR GEN2 6-24x50 FFP scope features illuminated APLR2 MOA reticle, aircraft-grade aluminum body &amp; true zero-stop. Ideal for precision shooting. Shop now.\" \/>\n<meta name=\"robots\" content=\"index, follow, max-snippet:-1, max-image-preview:large, max-video-preview:-1\" \/>\n<link rel=\"canonical\" href=\"https:\/\/hunter-optics.com\/fr\/produit\/element-helix-6-24x50-ffp-apr-2d-mrad-30mm\/\" \/>\n<meta property=\"og:locale\" content=\"fr_FR\" \/>\n<meta property=\"og:type\" content=\"article\" \/>\n<meta property=\"og:title\" content=\"Element Helix 6-24x50 FFP APR-2D MRAD 30mm\" \/>\n<meta property=\"og:description\" content=\"Athlon Argos BTR GEN2 6-24x50 FFP scope features illuminated APLR2 MOA reticle, aircraft-grade aluminum body &amp; true zero-stop. Ideal for precision shooting. Shop now.\" \/>\n<meta property=\"og:url\" content=\"https:\/\/hunter-optics.com\/fr\/produit\/element-helix-6-24x50-ffp-apr-2d-mrad-30mm\/\" \/>\n<meta property=\"og:site_name\" content=\"Hunter Optics\" \/>\n<meta property=\"article:modified_time\" content=\"2025-10-11T09:15:54+00:00\" \/>\n<meta property=\"og:image\" content=\"https:\/\/hunter-optics.com\/wp-content\/uploads\/2025\/08\/Element-Helix-6-24x50-FFP-APR-2D-MRAD-30mm-3.jpeg\" \/>\n\t<meta property=\"og:image:width\" content=\"2560\" \/>\n\t<meta property=\"og:image:height\" content=\"1537\" \/>\n\t<meta property=\"og:image:type\" content=\"image\/jpeg\" \/>\n<meta name=\"twitter:card\" content=\"summary_large_image\" \/>\n<meta name=\"twitter:label1\" content=\"Prix\" \/>\n\t<meta name=\"twitter:data1\" content=\"&#036;439.99\" \/>\n\t<meta name=\"twitter:label2\" content=\"Disponibilit\u00e9\" \/>\n\t<meta name=\"twitter:data2\" content=\"En stock\" \/>\n<script type=\"application\/ld+json\" class=\"yoast-schema-graph\">{\"@context\":\"https:\\\/\\\/schema.org\",\"@graph\":[{\"@type\":\"WebPage\",\"@id\":\"https:\\\/\\\/hunter-optics.com\\\/product\\\/element-helix-6-24x50-ffp-apr-2d-mrad-30mm\\\/\",\"url\":\"https:\\\/\\\/hunter-optics.com\\\/product\\\/element-helix-6-24x50-ffp-apr-2d-mrad-30mm\\\/\",\"name\":\"Element Helix 6-24x50 FFP APR-2D MRAD 30mm - Hunter Optics\",\"isPartOf\":{\"@id\":\"https:\\\/\\\/hunter-optics.com\\\/#website\"},\"primaryImageOfPage\":{\"@id\":\"https:\\\/\\\/hunter-optics.com\\\/product\\\/element-helix-6-24x50-ffp-apr-2d-mrad-30mm\\\/#primaryimage\"},\"image\":{\"@id\":\"https:\\\/\\\/hunter-optics.com\\\/product\\\/element-helix-6-24x50-ffp-apr-2d-mrad-30mm\\\/#primaryimage\"},\"thumbnailUrl\":\"https:\\\/\\\/hunter-optics.com\\\/wp-content\\\/uploads\\\/2025\\\/08\\\/Element-Helix-6-24x50-FFP-APR-2D-MRAD-30mm-3.jpeg\",\"datePublished\":\"2025-08-11T08:23:48+00:00\",\"dateModified\":\"2025-10-11T09:15:54+00:00\",\"description\":\"Athlon Argos BTR GEN2 6-24x50 FFP scope features illuminated APLR2 MOA reticle, aircraft-grade aluminum body & true zero-stop. Ideal for precision shooting. Shop now.\",\"breadcrumb\":{\"@id\":\"https:\\\/\\\/hunter-optics.com\\\/product\\\/element-helix-6-24x50-ffp-apr-2d-mrad-30mm\\\/#breadcrumb\"},\"inLanguage\":\"fr-FR\",\"potentialAction\":[{\"@type\":\"ReadAction\",\"target\":[\"https:\\\/\\\/hunter-optics.com\\\/product\\\/element-helix-6-24x50-ffp-apr-2d-mrad-30mm\\\/\"]}]},{\"@type\":\"ImageObject\",\"inLanguage\":\"fr-FR\",\"@id\":\"https:\\\/\\\/hunter-optics.com\\\/product\\\/element-helix-6-24x50-ffp-apr-2d-mrad-30mm\\\/#primaryimage\",\"url\":\"https:\\\/\\\/hunter-optics.com\\\/wp-content\\\/uploads\\\/2025\\\/08\\\/Element-Helix-6-24x50-FFP-APR-2D-MRAD-30mm-3.jpeg\",\"contentUrl\":\"https:\\\/\\\/hunter-optics.com\\\/wp-content\\\/uploads\\\/2025\\\/08\\\/Element-Helix-6-24x50-FFP-APR-2D-MRAD-30mm-3.jpeg\",\"width\":2560,\"height\":1537,\"caption\":\"Element Helix 6-24x50 FFP APR-2D MRAD 30mm\"},{\"@type\":\"BreadcrumbList\",\"@id\":\"https:\\\/\\\/hunter-optics.com\\\/product\\\/element-helix-6-24x50-ffp-apr-2d-mrad-30mm\\\/#breadcrumb\",\"itemListElement\":[{\"@type\":\"ListItem\",\"position\":1,\"name\":\"Home\",\"item\":\"https:\\\/\\\/hunter-optics.com\\\/\"},{\"@type\":\"ListItem\",\"position\":2,\"name\":\"Products\",\"item\":\"https:\\\/\\\/hunter-optics.com\\\/shop\\\/\"},{\"@type\":\"ListItem\",\"position\":3,\"name\":\"Element Helix 6-24&#215;50 FFP APR-2D MRAD 30mm\"}]},{\"@type\":\"WebSite\",\"@id\":\"https:\\\/\\\/hunter-optics.com\\\/#website\",\"url\":\"https:\\\/\\\/hunter-optics.com\\\/\",\"name\":\"Hunter Optics\",\"description\":\"Hunter Optics \u2014 Your Eye on the Target.\",\"publisher\":{\"@id\":\"https:\\\/\\\/hunter-optics.com\\\/#organization\"},\"potentialAction\":[{\"@type\":\"SearchAction\",\"target\":{\"@type\":\"EntryPoint\",\"urlTemplate\":\"https:\\\/\\\/hunter-optics.com\\\/?s={search_term_string}\"},\"query-input\":{\"@type\":\"PropertyValueSpecification\",\"valueRequired\":true,\"valueName\":\"search_term_string\"}}],\"inLanguage\":\"fr-FR\"},{\"@type\":\"Organization\",\"@id\":\"https:\\\/\\\/hunter-optics.com\\\/#organization\",\"name\":\"Hunter Optics\",\"url\":\"https:\\\/\\\/hunter-optics.com\\\/\",\"logo\":{\"@type\":\"ImageObject\",\"inLanguage\":\"fr-FR\",\"@id\":\"https:\\\/\\\/hunter-optics.com\\\/#\\\/schema\\\/logo\\\/image\\\/\",\"url\":\"https:\\\/\\\/hunter-optics.com\\\/wp-content\\\/uploads\\\/2025\\\/06\\\/hunter-optics-logo-1.png\",\"contentUrl\":\"https:\\\/\\\/hunter-optics.com\\\/wp-content\\\/uploads\\\/2025\\\/06\\\/hunter-optics-logo-1.png\",\"width\":937,\"height\":373,\"caption\":\"Hunter Optics\"},\"image\":{\"@id\":\"https:\\\/\\\/hunter-optics.com\\\/#\\\/schema\\\/logo\\\/image\\\/\"}}]}<\/script>\n<meta property=\"product:brand\" content=\"Element\" \/>\n<meta property=\"product:price:amount\" content=\"439.99\" \/>\n<meta property=\"product:price:currency\" content=\"USD\" \/>\n<meta property=\"og:availability\" content=\"instock\" \/>\n<meta property=\"product:availability\" content=\"instock\" \/>\n<meta property=\"product:condition\" content=\"new\" \/>\n<!-- \/ Yoast SEO Premium plugin. -->","yoast_head_json":{"title":"Element Helix 6-24x50 FFP APR-2D MRAD 30mm - Hunter Optics","description":"La lunette Athlon Argos BTR GEN2 6-24x50 FFP est \u00e9quip\u00e9e d'un r\u00e9ticule lumineux APLR2 MOA, d'un corps en aluminium de qualit\u00e9 a\u00e9ronautique et d'un v\u00e9ritable zero-stop. Id\u00e9ale pour le tir de pr\u00e9cision. Achetez maintenant.","robots":{"index":"index","follow":"follow","max-snippet":"max-snippet:-1","max-image-preview":"max-image-preview:large","max-video-preview":"max-video-preview:-1"},"canonical":"https:\/\/hunter-optics.com\/fr\/produit\/element-helix-6-24x50-ffp-apr-2d-mrad-30mm\/","og_locale":"fr_FR","og_type":"article","og_title":"Element Helix 6-24x50 FFP APR-2D MRAD 30mm","og_description":"Athlon Argos BTR GEN2 6-24x50 FFP scope features illuminated APLR2 MOA reticle, aircraft-grade aluminum body & true zero-stop. Ideal for precision shooting. Shop now.","og_url":"https:\/\/hunter-optics.com\/fr\/produit\/element-helix-6-24x50-ffp-apr-2d-mrad-30mm\/","og_site_name":"Hunter Optics","article_modified_time":"2025-10-11T09:15:54+00:00","og_image":[{"width":2560,"height":1537,"url":"https:\/\/hunter-optics.com\/wp-content\/uploads\/2025\/08\/Element-Helix-6-24x50-FFP-APR-2D-MRAD-30mm-3.jpeg","type":"image\/jpeg"}],"twitter_card":"summary_large_image","twitter_misc":{"Prix":"&#36;439.99","Disponibilit\u00e9":"En stock"},"schema":{"@context":"https:\/\/schema.org","@graph":[{"@type":"WebPage","@id":"https:\/\/hunter-optics.com\/product\/element-helix-6-24x50-ffp-apr-2d-mrad-30mm\/","url":"https:\/\/hunter-optics.com\/product\/element-helix-6-24x50-ffp-apr-2d-mrad-30mm\/","name":"Element Helix 6-24x50 FFP APR-2D MRAD 30mm - Hunter Optics","isPartOf":{"@id":"https:\/\/hunter-optics.com\/#website"},"primaryImageOfPage":{"@id":"https:\/\/hunter-optics.com\/product\/element-helix-6-24x50-ffp-apr-2d-mrad-30mm\/#primaryimage"},"image":{"@id":"https:\/\/hunter-optics.com\/product\/element-helix-6-24x50-ffp-apr-2d-mrad-30mm\/#primaryimage"},"thumbnailUrl":"https:\/\/hunter-optics.com\/wp-content\/uploads\/2025\/08\/Element-Helix-6-24x50-FFP-APR-2D-MRAD-30mm-3.jpeg","datePublished":"2025-08-11T08:23:48+00:00","dateModified":"2025-10-11T09:15:54+00:00","description":"La lunette Athlon Argos BTR GEN2 6-24x50 FFP est \u00e9quip\u00e9e d'un r\u00e9ticule lumineux APLR2 MOA, d'un corps en aluminium de qualit\u00e9 a\u00e9ronautique et d'un v\u00e9ritable zero-stop. Id\u00e9ale pour le tir de pr\u00e9cision. Achetez maintenant.","breadcrumb":{"@id":"https:\/\/hunter-optics.com\/product\/element-helix-6-24x50-ffp-apr-2d-mrad-30mm\/#breadcrumb"},"inLanguage":"fr-FR","potentialAction":[{"@type":"ReadAction","target":["https:\/\/hunter-optics.com\/product\/element-helix-6-24x50-ffp-apr-2d-mrad-30mm\/"]}]},{"@type":"ImageObject","inLanguage":"fr-FR","@id":"https:\/\/hunter-optics.com\/product\/element-helix-6-24x50-ffp-apr-2d-mrad-30mm\/#primaryimage","url":"https:\/\/hunter-optics.com\/wp-content\/uploads\/2025\/08\/Element-Helix-6-24x50-FFP-APR-2D-MRAD-30mm-3.jpeg","contentUrl":"https:\/\/hunter-optics.com\/wp-content\/uploads\/2025\/08\/Element-Helix-6-24x50-FFP-APR-2D-MRAD-30mm-3.jpeg","width":2560,"height":1537,"caption":"Element Helix 6-24x50 FFP APR-2D MRAD 30mm"},{"@type":"BreadcrumbList","@id":"https:\/\/hunter-optics.com\/product\/element-helix-6-24x50-ffp-apr-2d-mrad-30mm\/#breadcrumb","itemListElement":[{"@type":"ListItem","position":1,"name":"Home","item":"https:\/\/hunter-optics.com\/"},{"@type":"ListItem","position":2,"name":"Products","item":"https:\/\/hunter-optics.com\/shop\/"},{"@type":"ListItem","position":3,"name":"Element Helix 6-24&#215;50 FFP APR-2D MRAD 30mm"}]},{"@type":"WebSite","@id":"https:\/\/hunter-optics.com\/#website","url":"https:\/\/hunter-optics.com\/","name":"Optique Hunter","description":"Optique du chasseur - L'\u0153il sur la cible.","publisher":{"@id":"https:\/\/hunter-optics.com\/#organization"},"potentialAction":[{"@type":"SearchAction","target":{"@type":"EntryPoint","urlTemplate":"https:\/\/hunter-optics.com\/?s={search_term_string}"},"query-input":{"@type":"PropertyValueSpecification","valueRequired":true,"valueName":"search_term_string"}}],"inLanguage":"fr-FR"},{"@type":"Organization","@id":"https:\/\/hunter-optics.com\/#organization","name":"Optique Hunter","url":"https:\/\/hunter-optics.com\/","logo":{"@type":"ImageObject","inLanguage":"fr-FR","@id":"https:\/\/hunter-optics.com\/#\/schema\/logo\/image\/","url":"https:\/\/hunter-optics.com\/wp-content\/uploads\/2025\/06\/hunter-optics-logo-1.png","contentUrl":"https:\/\/hunter-optics.com\/wp-content\/uploads\/2025\/06\/hunter-optics-logo-1.png","width":937,"height":373,"caption":"Hunter Optics"},"image":{"@id":"https:\/\/hunter-optics.com\/#\/schema\/logo\/image\/"}}]},"product_brand":"Element","product_price_amount":"439.99","product_price_currency":"USD","og_availability":"instock","product_availability":"instock","product_condition":"new"},"_links":{"self":[{"href":"https:\/\/hunter-optics.com\/fr\/wp-json\/wp\/v2\/product\/1760","targetHints":{"allow":["GET"]}}],"collection":[{"href":"https:\/\/hunter-optics.com\/fr\/wp-json\/wp\/v2\/product"}],"about":[{"href":"https:\/\/hunter-optics.com\/fr\/wp-json\/wp\/v2\/types\/product"}],"replies":[{"embeddable":true,"href":"https:\/\/hunter-optics.com\/fr\/wp-json\/wp\/v2\/comments?post=1760"}],"version-history":[{"count":1,"href":"https:\/\/hunter-optics.com\/fr\/wp-json\/wp\/v2\/product\/1760\/revisions"}],"predecessor-version":[{"id":1765,"href":"https:\/\/hunter-optics.com\/fr\/wp-json\/wp\/v2\/product\/1760\/revisions\/1765"}],"wp:featuredmedia":[{"embeddable":true,"href":"https:\/\/hunter-optics.com\/fr\/wp-json\/wp\/v2\/media\/1761"}],"wp:attachment":[{"href":"https:\/\/hunter-optics.com\/fr\/wp-json\/wp\/v2\/media?parent=1760"}],"wp:term":[{"taxonomy":"brand","embeddable":true,"href":"https:\/\/hunter-optics.com\/fr\/wp-json\/wp\/v2\/etheme_brands?post=1760"},{"taxonomy":"product_brand","embeddable":true,"href":"https:\/\/hunter-optics.com\/fr\/wp-json\/wp\/v2\/product_brand?post=1760"},{"taxonomy":"product_cat","embeddable":true,"href":"https:\/\/hunter-optics.com\/fr\/wp-json\/wp\/v2\/product_cat?post=1760"},{"taxonomy":"product_tag","embeddable":true,"href":"https:\/\/hunter-optics.com\/fr\/wp-json\/wp\/v2\/product_tag?post=1760"}],"curies":[{"name":"wp","href":"https:\/\/api.w.org\/{rel}","templated":true}]}}