{"id":1696,"date":"2025-08-11T02:33:13","date_gmt":"2025-08-11T02:33:13","guid":{"rendered":"https:\/\/hunter-optics.com\/?post_type=product&#038;p=1696"},"modified":"2025-08-11T07:40:38","modified_gmt":"2025-08-11T07:40:38","slug":"athlon-argos-btr-gen2-8-34x56-apmr-ffp-ir-mil-30mm","status":"publish","type":"product","link":"https:\/\/hunter-optics.com\/fr\/produit\/athlon-argos-btr-gen2-8-34x56-apmr-ffp-ir-mil-30mm\/","title":{"rendered":"Athlon ARGOS BTR GEN2 8-34\u00d756 APMR FFP IR MIL 30mm"},"content":{"rendered":"<p><strong><span id=\"link_description\" class=\"border-t border-pbordergreydark text-lg sm:text-xl cursor-pointer font-serif block relative py-4 font-semibold pm-product-tablink grey open\">DESCRIPTION<\/span><\/strong><\/p>\n<div id=\"target_description\" class=\"w-full py-8 border-t mb-6 text-sm border-pbordergreydark pm-product-content open\">\n<ul>\n<li>Pour ceux d'entre vous qui d\u00e9butent dans le PRS ou qui cherchent \u00e0 le faire, regardez de pr\u00e8s la famille de lunettes Argos BTR GEN2.<\/li>\n<li>Ces lunettes poss\u00e8dent des caract\u00e9ristiques que l'on ne trouve normalement que sur les lunettes haut de gamme.<\/li>\n<li>Elles ont un grossissement de 4x, ce qui les rend polyvalentes dans de nombreuses disciplines de tir.<\/li>\n<li>Ils sont \u00e9galement dot\u00e9s d'un arr\u00eat \u00e0 z\u00e9ro de pr\u00e9cision et d'un syst\u00e8me optique avanc\u00e9 \u00e0 traitement multiple qui offre une image claire et lumineuse dans les environnements \u00e0 faible luminosit\u00e9.<\/li>\n<li>Les Argos BTR GEN2 sont \u00e9galement dot\u00e9es de notre rev\u00eatement XPL exclusif qui prot\u00e8ge vos lentilles de la salet\u00e9, de la graisse et des conditions m\u00e9t\u00e9orologiques difficiles.<\/li>\n<li>Le tube en aluminium de qualit\u00e9 a\u00e9ronautique prot\u00e8ge ces optiques de classe mondiale, quelles que soient les contraintes auxquelles elles sont soumises.<\/li>\n<\/ul>\n<p><strong>SPECS<\/strong><\/p>\n<\/div>\n<ul>\n<li>Grossissement : 8-34x<\/li>\n<li>Diam\u00e8tre de l'objectif : 56 mm<\/li>\n<li>R\u00e9ticule : APMR FFP IR MIL, verre grav\u00e9<\/li>\n<li>Finition de la surface : Mat<\/li>\n<li>Traitement de l'objectif : Multicouche large bande<\/li>\n<li>Rev\u00eatement suppl\u00e9mentaire : Couche de protection suppl\u00e9mentaire<\/li>\n<li>Mat\u00e9riau du tube : Aluminium de qualit\u00e9 a\u00e9ronautique<\/li>\n<li>Diam\u00e8tre du tube : 30 mm<\/li>\n<li>Pupille de sortie : 7-1,7 mm<\/li>\n<li>Soulagement de l'\u0153il : 3,3 pouces<\/li>\n<li>Champ de vision \u00e0 100 m\u00e8tres : 12,5-3 pieds<\/li>\n<li>Valeur de clic : 0.1MIL<\/li>\n<li>Plage de r\u00e9glage par rotation : 6MIL<\/li>\n<li>Ajustement total de l'\u00e9l\u00e9vation : 13 MIL<\/li>\n<li>Ajustement total du r\u00e9glage du vent : 13 MIL<\/li>\n<li>Style de la tourelle : Expos\u00e9e<\/li>\n<li>R\u00e9glage de la parallaxe : Mise au point lat\u00e9rale - 15 m\u00e8tres \u00e0 l'infini<\/li>\n<li>Mat\u00e9riau de purge : Argon<\/li>\n<li>Longueur : 15,5 pouces<\/li>\n<li>Poids : 32 oz<\/li>\n<li>Garantie \u00e0 vie<\/li>\n<\/ul>\n<p><strong>CARACT\u00c9RISTIQUES<\/strong><\/p>\n<h4>Premier plan focal R\u00e9ticule :<\/h4>\n<ul>\n<li>La conception du premier plan focal vous permet d'utiliser pleinement des r\u00e9ticules sp\u00e9cialement con\u00e7us qui r\u00e9tr\u00e9cissent ou grandissent avec votre cible lorsque vous effectuez un zoom avant ou arri\u00e8re.  Ces r\u00e9ticules permettent un engagement rapide de la cible \u00e0 faible puissance tout en offrant des positions de maintien pr\u00e9cises avec des d\u00e9tails plus fins.<\/li>\n<\/ul>\n<h4>R\u00e9ticule lumineux :<\/h4>\n<ul>\n<li>Le r\u00e9ticule \u00e9clair\u00e9 offre une meilleure visibilit\u00e9 au cr\u00e9puscule et \u00e0 l'aube et dans d'autres environnements \u00e0 faible luminosit\u00e9.<\/li>\n<\/ul>\n<h4>Verre grav\u00e9 R\u00e9ticule<\/h4>\n<ul>\n<li>R\u00e9ticule grav\u00e9 sur le verre qui fournit un excellent support pour la conception de r\u00e9ticules complexes et offre une grande durabilit\u00e9 et une r\u00e9sistance aux chocs beaucoup plus \u00e9lev\u00e9e au recul.<\/li>\n<\/ul>\n<h4>Enti\u00e8rement multicouche avanc\u00e9 :<\/h4>\n<ul>\n<li>L'optique enti\u00e8rement multicouche r\u00e9duit efficacement la lumi\u00e8re r\u00e9fl\u00e9chie et augmente la transmission de la lumi\u00e8re, ce qui permet d'obtenir une image plus lumineuse que les lentilles normales \u00e0 simple traitement.<\/li>\n<\/ul>\n<h4>Syst\u00e8me d'arr\u00eat du z\u00e9ro de pr\u00e9cision :<\/h4>\n<ul>\n<li>Le syst\u00e8me vous permet de verrouiller votre position z\u00e9ro et d'y revenir avec un arr\u00eat net et pr\u00e9cis juste au niveau du rep\u00e8re z\u00e9ro, m\u00eame si vous le tournez dans l'obscurit\u00e9 totale ou \u00e0 l'aveugle.<\/li>\n<\/ul>\n<h4>Aluminium 6061 T6 :<\/h4>\n<ul>\n<li>Le tube en aluminium de qualit\u00e9 a\u00e9ronautique 6061T6, d'une r\u00e9sistance exceptionnelle et d'une int\u00e9grit\u00e9 m\u00e9canique sup\u00e9rieure, prot\u00e9gera ces optiques de classe mondiale, quelles que soient les contraintes auxquelles elles sont soumises.<\/li>\n<\/ul>\n<h4>Tube monobloc trait\u00e9 thermiquement :<\/h4>\n<ul>\n<li>Le tube d'une seule pi\u00e8ce, trait\u00e9 thermiquement, conf\u00e8re \u00e0 la lunette une plus grande solidit\u00e9 que les tubes en plusieurs parties.  Un tube d'une seule pi\u00e8ce est \u00e9galement plus efficace pour emp\u00eacher l'humidit\u00e9 de p\u00e9n\u00e9trer dans la lunette, ce qui la rend r\u00e9sistante \u00e0 la bu\u00e9e pendant toute sa dur\u00e9e de vie.<\/li>\n<\/ul>\n<h4>Imperm\u00e9able \u00e0 l'eau :<\/h4>\n<ul>\n<li>\u00c9tanche pour prot\u00e9ger la lunette dans les conditions m\u00e9t\u00e9orologiques les plus difficiles ou en cas d'immersion accidentelle sous l'eau.<\/li>\n<\/ul>\n<p><strong>Anti-brouillard :<\/strong><\/p>\n<ul>\n<li>Anti-bu\u00e9e pour vous permettre d'atteindre imm\u00e9diatement votre cible lorsque vous transportez votre fusil de l'int\u00e9rieur vers l'ext\u00e9rieur \u00e0 une temp\u00e9rature ambiante froide.<\/li>\n<\/ul>\n<p><strong>R\u00e9sistant aux chocs :<\/strong><\/p>\n<ul>\n<li>Syst\u00e8me m\u00e9canique robuste avec des conceptions sp\u00e9ciales \u00e0 la fois sur le syst\u00e8me de contr\u00f4le et sur le syst\u00e8me d'\u00e9rection qui vous donne la r\u00e9sistance ultime au recul pour r\u00e9sister \u00e0 un recul de 1000G pendant 1000 fois.<\/li>\n<\/ul>\n<p><strong>Purg\u00e9 \u00e0 l'argon :<\/strong><\/p>\n<ul>\n<li>La purge \u00e0 l'argon utilise un gaz d'inertie avec des mol\u00e9cules de plus grande taille pour purger l'humidit\u00e9 du tube, ce qui permet d'am\u00e9liorer l'\u00e9tanch\u00e9it\u00e9 et la stabilit\u00e9 thermique.<\/li>\n<\/ul>","protected":false},"excerpt":{"rendered":"<p>Si vous \u00eates \u00e0 la recherche d'une lunette de vis\u00e9e de qualit\u00e9 sup\u00e9rieure, jetez un coup d'\u0153il \u00e0 la famille de lunettes de vis\u00e9e Argos BTR GEN2. La famille Argos BTR GEN2 est id\u00e9ale pour ceux qui souhaitent s'initier au PRS ou \u00e0 d'autres disciplines de tir \u00e0 longue distance. Cette famille de lunettes de vis\u00e9e comprend des mod\u00e8les FFP et SFP, un arr\u00eat du z\u00e9ro de pr\u00e9cision, des lentilles enti\u00e8rement trait\u00e9es, des tourelles d'\u00e9l\u00e9vation et de r\u00e9glage du vent \u00e0 cadran direct (plafonn\u00e9es \u00e0 1-8\u00d724), un r\u00e9ticule \u00e9clair\u00e9, un tube de 30 mm.<\/p>","protected":false},"featured_media":1697,"comment_status":"open","ping_status":"closed","template":"","meta":[],"etheme_brands":[{"term_id":46,"name":"Athlon","slug":"athlon","term_group":0,"term_taxonomy_id":46,"taxonomy":"brand","description":"Athlon is a proud US sports optics product company. Devoted to designing and delivering superior quality optics products and outdoor accessories at a competitive price to our consumers via our distribution and retail channels. Athlon has strong engineering capabilities, strategic alliances with quality manufacturers, and a streamlined fully integrated supply chain. These advantages enable us to bring the latest cutting edge technologies and cut out the extra layers of traditional supply chains. With these advantages we are able to deliver products to consumers with great cost savings. Our goal from day one is to pass those savings to you, the outdoor enthusiast.","parent":0,"count":8,"filter":"raw"}],"product_brand":[],"product_cat":[49],"product_tag":[],"class_list":{"0":"post-1696","1":"product","2":"type-product","3":"status-publish","4":"has-post-thumbnail","6":"brand-athlon","7":"product_cat-rifle-scopes","9":"first","10":"instock","11":"sale","12":"taxable","13":"shipping-taxable","14":"purchasable","15":"product-type-simple"},"yoast_head":"<!-- This site is optimized with the Yoast SEO Premium plugin v25.7.1 (Yoast SEO v27.4) - https:\/\/yoast.com\/product\/yoast-seo-premium-wordpress\/ -->\n<title>Athlon ARGOS BTR GEN2 8-34\u00d756 APMR FFP IR MIL 30mm - Hunter Optics<\/title>\n<meta name=\"description\" content=\"Athlon Argos BTR GEN2 6-24x50 FFP scope features illuminated APLR2 MOA reticle, aircraft-grade aluminum body &amp; true zero-stop. Ideal for precision shooting. Shop now.\" \/>\n<meta name=\"robots\" content=\"index, follow, max-snippet:-1, max-image-preview:large, max-video-preview:-1\" \/>\n<link rel=\"canonical\" href=\"https:\/\/hunter-optics.com\/fr\/produit\/athlon-argos-btr-gen2-8-34x56-apmr-ffp-ir-mil-30mm\/\" \/>\n<meta property=\"og:locale\" content=\"fr_FR\" \/>\n<meta property=\"og:type\" content=\"article\" \/>\n<meta property=\"og:title\" content=\"Athlon ARGOS BTR GEN2 8-34\u00d756 APMR FFP IR MIL 30mm\" \/>\n<meta property=\"og:description\" content=\"Athlon Argos BTR GEN2 6-24x50 FFP scope features illuminated APLR2 MOA reticle, aircraft-grade aluminum body &amp; true zero-stop. Ideal for precision shooting. Shop now.\" \/>\n<meta property=\"og:url\" content=\"https:\/\/hunter-optics.com\/fr\/produit\/athlon-argos-btr-gen2-8-34x56-apmr-ffp-ir-mil-30mm\/\" \/>\n<meta property=\"og:site_name\" content=\"Hunter Optics\" \/>\n<meta property=\"article:modified_time\" content=\"2025-08-11T07:40:38+00:00\" \/>\n<meta property=\"og:image\" content=\"https:\/\/hunter-optics.com\/wp-content\/uploads\/2025\/08\/Athlon-Argos-BTR-GEN2-8-34x56-FFP-APMR-MIL-IR-Rifle-Scope-1.jpg\" \/>\n\t<meta property=\"og:image:width\" content=\"1200\" \/>\n\t<meta property=\"og:image:height\" content=\"1200\" \/>\n\t<meta property=\"og:image:type\" content=\"image\/jpeg\" \/>\n<meta name=\"twitter:card\" content=\"summary_large_image\" \/>\n<meta name=\"twitter:label1\" content=\"Prix\" \/>\n\t<meta name=\"twitter:data1\" content=\"&#036;469.99\" \/>\n\t<meta name=\"twitter:label2\" content=\"Disponibilit\u00e9\" \/>\n\t<meta name=\"twitter:data2\" content=\"En stock\" \/>\n<script type=\"application\/ld+json\" class=\"yoast-schema-graph\">{\"@context\":\"https:\\\/\\\/schema.org\",\"@graph\":[{\"@type\":\"WebPage\",\"@id\":\"https:\\\/\\\/hunter-optics.com\\\/product\\\/athlon-argos-btr-gen2-8-34x56-apmr-ffp-ir-mil-30mm\\\/\",\"url\":\"https:\\\/\\\/hunter-optics.com\\\/product\\\/athlon-argos-btr-gen2-8-34x56-apmr-ffp-ir-mil-30mm\\\/\",\"name\":\"Athlon ARGOS BTR GEN2 8-34\u00d756 APMR FFP IR MIL 30mm - Hunter Optics\",\"isPartOf\":{\"@id\":\"https:\\\/\\\/hunter-optics.com\\\/#website\"},\"primaryImageOfPage\":{\"@id\":\"https:\\\/\\\/hunter-optics.com\\\/product\\\/athlon-argos-btr-gen2-8-34x56-apmr-ffp-ir-mil-30mm\\\/#primaryimage\"},\"image\":{\"@id\":\"https:\\\/\\\/hunter-optics.com\\\/product\\\/athlon-argos-btr-gen2-8-34x56-apmr-ffp-ir-mil-30mm\\\/#primaryimage\"},\"thumbnailUrl\":\"https:\\\/\\\/hunter-optics.com\\\/wp-content\\\/uploads\\\/2025\\\/08\\\/Athlon-Argos-BTR-GEN2-8-34x56-FFP-APMR-MIL-IR-Rifle-Scope-1.jpg\",\"datePublished\":\"2025-08-11T02:33:13+00:00\",\"dateModified\":\"2025-08-11T07:40:38+00:00\",\"description\":\"Athlon Argos BTR GEN2 6-24x50 FFP scope features illuminated APLR2 MOA reticle, aircraft-grade aluminum body & true zero-stop. Ideal for precision shooting. Shop now.\",\"breadcrumb\":{\"@id\":\"https:\\\/\\\/hunter-optics.com\\\/product\\\/athlon-argos-btr-gen2-8-34x56-apmr-ffp-ir-mil-30mm\\\/#breadcrumb\"},\"inLanguage\":\"fr-FR\",\"potentialAction\":[{\"@type\":\"ReadAction\",\"target\":[\"https:\\\/\\\/hunter-optics.com\\\/product\\\/athlon-argos-btr-gen2-8-34x56-apmr-ffp-ir-mil-30mm\\\/\"]}]},{\"@type\":\"ImageObject\",\"inLanguage\":\"fr-FR\",\"@id\":\"https:\\\/\\\/hunter-optics.com\\\/product\\\/athlon-argos-btr-gen2-8-34x56-apmr-ffp-ir-mil-30mm\\\/#primaryimage\",\"url\":\"https:\\\/\\\/hunter-optics.com\\\/wp-content\\\/uploads\\\/2025\\\/08\\\/Athlon-Argos-BTR-GEN2-8-34x56-FFP-APMR-MIL-IR-Rifle-Scope-1.jpg\",\"contentUrl\":\"https:\\\/\\\/hunter-optics.com\\\/wp-content\\\/uploads\\\/2025\\\/08\\\/Athlon-Argos-BTR-GEN2-8-34x56-FFP-APMR-MIL-IR-Rifle-Scope-1.jpg\",\"width\":1200,\"height\":1200,\"caption\":\"Athlon Argos BTR GEN2 8-34x56 FFP APMR MIL IR Rifle Scope\"},{\"@type\":\"BreadcrumbList\",\"@id\":\"https:\\\/\\\/hunter-optics.com\\\/product\\\/athlon-argos-btr-gen2-8-34x56-apmr-ffp-ir-mil-30mm\\\/#breadcrumb\",\"itemListElement\":[{\"@type\":\"ListItem\",\"position\":1,\"name\":\"Home\",\"item\":\"https:\\\/\\\/hunter-optics.com\\\/\"},{\"@type\":\"ListItem\",\"position\":2,\"name\":\"Products\",\"item\":\"https:\\\/\\\/hunter-optics.com\\\/shop\\\/\"},{\"@type\":\"ListItem\",\"position\":3,\"name\":\"Athlon ARGOS BTR GEN2 8-34\u00d756 APMR FFP IR MIL 30mm\"}]},{\"@type\":\"WebSite\",\"@id\":\"https:\\\/\\\/hunter-optics.com\\\/#website\",\"url\":\"https:\\\/\\\/hunter-optics.com\\\/\",\"name\":\"Hunter Optics\",\"description\":\"Hunter Optics \u2014 Your Eye on the Target.\",\"publisher\":{\"@id\":\"https:\\\/\\\/hunter-optics.com\\\/#organization\"},\"potentialAction\":[{\"@type\":\"SearchAction\",\"target\":{\"@type\":\"EntryPoint\",\"urlTemplate\":\"https:\\\/\\\/hunter-optics.com\\\/?s={search_term_string}\"},\"query-input\":{\"@type\":\"PropertyValueSpecification\",\"valueRequired\":true,\"valueName\":\"search_term_string\"}}],\"inLanguage\":\"fr-FR\"},{\"@type\":\"Organization\",\"@id\":\"https:\\\/\\\/hunter-optics.com\\\/#organization\",\"name\":\"Hunter Optics\",\"url\":\"https:\\\/\\\/hunter-optics.com\\\/\",\"logo\":{\"@type\":\"ImageObject\",\"inLanguage\":\"fr-FR\",\"@id\":\"https:\\\/\\\/hunter-optics.com\\\/#\\\/schema\\\/logo\\\/image\\\/\",\"url\":\"https:\\\/\\\/hunter-optics.com\\\/wp-content\\\/uploads\\\/2025\\\/06\\\/hunter-optics-logo-1.png\",\"contentUrl\":\"https:\\\/\\\/hunter-optics.com\\\/wp-content\\\/uploads\\\/2025\\\/06\\\/hunter-optics-logo-1.png\",\"width\":937,\"height\":373,\"caption\":\"Hunter Optics\"},\"image\":{\"@id\":\"https:\\\/\\\/hunter-optics.com\\\/#\\\/schema\\\/logo\\\/image\\\/\"}}]}<\/script>\n<meta property=\"product:brand\" content=\"Athlon\" \/>\n<meta property=\"product:price:amount\" content=\"469.99\" \/>\n<meta property=\"product:price:currency\" content=\"USD\" \/>\n<meta property=\"og:availability\" content=\"instock\" \/>\n<meta property=\"product:availability\" content=\"instock\" \/>\n<meta property=\"product:condition\" content=\"new\" \/>\n<!-- \/ Yoast SEO Premium plugin. -->","yoast_head_json":{"title":"Athlon ARGOS BTR GEN2 8-34\u00d756 APMR FFP IR MIL 30mm - Hunter Optics","description":"La lunette Athlon Argos BTR GEN2 6-24x50 FFP est \u00e9quip\u00e9e d'un r\u00e9ticule lumineux APLR2 MOA, d'un corps en aluminium de qualit\u00e9 a\u00e9ronautique et d'un v\u00e9ritable zero-stop. Id\u00e9ale pour le tir de pr\u00e9cision. Achetez maintenant.","robots":{"index":"index","follow":"follow","max-snippet":"max-snippet:-1","max-image-preview":"max-image-preview:large","max-video-preview":"max-video-preview:-1"},"canonical":"https:\/\/hunter-optics.com\/fr\/produit\/athlon-argos-btr-gen2-8-34x56-apmr-ffp-ir-mil-30mm\/","og_locale":"fr_FR","og_type":"article","og_title":"Athlon ARGOS BTR GEN2 8-34\u00d756 APMR FFP IR MIL 30mm","og_description":"Athlon Argos BTR GEN2 6-24x50 FFP scope features illuminated APLR2 MOA reticle, aircraft-grade aluminum body & true zero-stop. Ideal for precision shooting. Shop now.","og_url":"https:\/\/hunter-optics.com\/fr\/produit\/athlon-argos-btr-gen2-8-34x56-apmr-ffp-ir-mil-30mm\/","og_site_name":"Hunter Optics","article_modified_time":"2025-08-11T07:40:38+00:00","og_image":[{"width":1200,"height":1200,"url":"https:\/\/hunter-optics.com\/wp-content\/uploads\/2025\/08\/Athlon-Argos-BTR-GEN2-8-34x56-FFP-APMR-MIL-IR-Rifle-Scope-1.jpg","type":"image\/jpeg"}],"twitter_card":"summary_large_image","twitter_misc":{"Prix":"&#36;469.99","Disponibilit\u00e9":"En stock"},"schema":{"@context":"https:\/\/schema.org","@graph":[{"@type":"WebPage","@id":"https:\/\/hunter-optics.com\/product\/athlon-argos-btr-gen2-8-34x56-apmr-ffp-ir-mil-30mm\/","url":"https:\/\/hunter-optics.com\/product\/athlon-argos-btr-gen2-8-34x56-apmr-ffp-ir-mil-30mm\/","name":"Athlon ARGOS BTR GEN2 8-34\u00d756 APMR FFP IR MIL 30mm - Hunter Optics","isPartOf":{"@id":"https:\/\/hunter-optics.com\/#website"},"primaryImageOfPage":{"@id":"https:\/\/hunter-optics.com\/product\/athlon-argos-btr-gen2-8-34x56-apmr-ffp-ir-mil-30mm\/#primaryimage"},"image":{"@id":"https:\/\/hunter-optics.com\/product\/athlon-argos-btr-gen2-8-34x56-apmr-ffp-ir-mil-30mm\/#primaryimage"},"thumbnailUrl":"https:\/\/hunter-optics.com\/wp-content\/uploads\/2025\/08\/Athlon-Argos-BTR-GEN2-8-34x56-FFP-APMR-MIL-IR-Rifle-Scope-1.jpg","datePublished":"2025-08-11T02:33:13+00:00","dateModified":"2025-08-11T07:40:38+00:00","description":"La lunette Athlon Argos BTR GEN2 6-24x50 FFP est \u00e9quip\u00e9e d'un r\u00e9ticule lumineux APLR2 MOA, d'un corps en aluminium de qualit\u00e9 a\u00e9ronautique et d'un v\u00e9ritable zero-stop. Id\u00e9ale pour le tir de pr\u00e9cision. Achetez maintenant.","breadcrumb":{"@id":"https:\/\/hunter-optics.com\/product\/athlon-argos-btr-gen2-8-34x56-apmr-ffp-ir-mil-30mm\/#breadcrumb"},"inLanguage":"fr-FR","potentialAction":[{"@type":"ReadAction","target":["https:\/\/hunter-optics.com\/product\/athlon-argos-btr-gen2-8-34x56-apmr-ffp-ir-mil-30mm\/"]}]},{"@type":"ImageObject","inLanguage":"fr-FR","@id":"https:\/\/hunter-optics.com\/product\/athlon-argos-btr-gen2-8-34x56-apmr-ffp-ir-mil-30mm\/#primaryimage","url":"https:\/\/hunter-optics.com\/wp-content\/uploads\/2025\/08\/Athlon-Argos-BTR-GEN2-8-34x56-FFP-APMR-MIL-IR-Rifle-Scope-1.jpg","contentUrl":"https:\/\/hunter-optics.com\/wp-content\/uploads\/2025\/08\/Athlon-Argos-BTR-GEN2-8-34x56-FFP-APMR-MIL-IR-Rifle-Scope-1.jpg","width":1200,"height":1200,"caption":"Athlon Argos BTR GEN2 8-34x56 FFP APMR MIL IR Rifle Scope"},{"@type":"BreadcrumbList","@id":"https:\/\/hunter-optics.com\/product\/athlon-argos-btr-gen2-8-34x56-apmr-ffp-ir-mil-30mm\/#breadcrumb","itemListElement":[{"@type":"ListItem","position":1,"name":"Home","item":"https:\/\/hunter-optics.com\/"},{"@type":"ListItem","position":2,"name":"Products","item":"https:\/\/hunter-optics.com\/shop\/"},{"@type":"ListItem","position":3,"name":"Athlon ARGOS BTR GEN2 8-34\u00d756 APMR FFP IR MIL 30mm"}]},{"@type":"WebSite","@id":"https:\/\/hunter-optics.com\/#website","url":"https:\/\/hunter-optics.com\/","name":"Optique Hunter","description":"Optique du chasseur - L'\u0153il sur la cible.","publisher":{"@id":"https:\/\/hunter-optics.com\/#organization"},"potentialAction":[{"@type":"SearchAction","target":{"@type":"EntryPoint","urlTemplate":"https:\/\/hunter-optics.com\/?s={search_term_string}"},"query-input":{"@type":"PropertyValueSpecification","valueRequired":true,"valueName":"search_term_string"}}],"inLanguage":"fr-FR"},{"@type":"Organization","@id":"https:\/\/hunter-optics.com\/#organization","name":"Optique Hunter","url":"https:\/\/hunter-optics.com\/","logo":{"@type":"ImageObject","inLanguage":"fr-FR","@id":"https:\/\/hunter-optics.com\/#\/schema\/logo\/image\/","url":"https:\/\/hunter-optics.com\/wp-content\/uploads\/2025\/06\/hunter-optics-logo-1.png","contentUrl":"https:\/\/hunter-optics.com\/wp-content\/uploads\/2025\/06\/hunter-optics-logo-1.png","width":937,"height":373,"caption":"Hunter Optics"},"image":{"@id":"https:\/\/hunter-optics.com\/#\/schema\/logo\/image\/"}}]},"product_brand":"Athlon","product_price_amount":"469.99","product_price_currency":"USD","og_availability":"instock","product_availability":"instock","product_condition":"new"},"_links":{"self":[{"href":"https:\/\/hunter-optics.com\/fr\/wp-json\/wp\/v2\/product\/1696","targetHints":{"allow":["GET"]}}],"collection":[{"href":"https:\/\/hunter-optics.com\/fr\/wp-json\/wp\/v2\/product"}],"about":[{"href":"https:\/\/hunter-optics.com\/fr\/wp-json\/wp\/v2\/types\/product"}],"replies":[{"embeddable":true,"href":"https:\/\/hunter-optics.com\/fr\/wp-json\/wp\/v2\/comments?post=1696"}],"version-history":[{"count":7,"href":"https:\/\/hunter-optics.com\/fr\/wp-json\/wp\/v2\/product\/1696\/revisions"}],"predecessor-version":[{"id":1743,"href":"https:\/\/hunter-optics.com\/fr\/wp-json\/wp\/v2\/product\/1696\/revisions\/1743"}],"wp:featuredmedia":[{"embeddable":true,"href":"https:\/\/hunter-optics.com\/fr\/wp-json\/wp\/v2\/media\/1697"}],"wp:attachment":[{"href":"https:\/\/hunter-optics.com\/fr\/wp-json\/wp\/v2\/media?parent=1696"}],"wp:term":[{"taxonomy":"brand","embeddable":true,"href":"https:\/\/hunter-optics.com\/fr\/wp-json\/wp\/v2\/etheme_brands?post=1696"},{"taxonomy":"product_brand","embeddable":true,"href":"https:\/\/hunter-optics.com\/fr\/wp-json\/wp\/v2\/product_brand?post=1696"},{"taxonomy":"product_cat","embeddable":true,"href":"https:\/\/hunter-optics.com\/fr\/wp-json\/wp\/v2\/product_cat?post=1696"},{"taxonomy":"product_tag","embeddable":true,"href":"https:\/\/hunter-optics.com\/fr\/wp-json\/wp\/v2\/product_tag?post=1696"}],"curies":[{"name":"wp","href":"https:\/\/api.w.org\/{rel}","templated":true}]}}