{"id":1664,"date":"2025-08-09T09:52:42","date_gmt":"2025-08-09T09:52:42","guid":{"rendered":"https:\/\/hunter-optics.com\/?post_type=product&#038;p=1664"},"modified":"2025-10-11T08:57:56","modified_gmt":"2025-10-11T08:57:56","slug":"vortex-crossfire-ii-2-7x32-sfp-bdc-moa","status":"publish","type":"product","link":"https:\/\/hunter-optics.com\/fr\/produit\/vortex-crossfire-ii-2-7x32-sfp-bdc-moa\/","title":{"rendered":"Vortex CROSSFIRE\u00ae II 2-7\u00d732 SFP BDC MOA"},"content":{"rendered":"<p><strong>Vue d'ensemble<\/strong><\/p>\n<div class=\"product sizechart\">\n<div class=\"sizechart-details\">\n<div class=\"product sizechart\">\n<div class=\"sizechart-details\">\n<div class=\"product sizechart\">\n<div class=\"sizechart-details\">\n<p>La haute performance au service de l'\u00e9conomie. Transparent, r\u00e9sistant et brillant, notre populaire Crossfire<sup>\u00ae<\/sup>\u00a0II est con\u00e7ue pour d\u00e9passer les normes de performance des t\u00e9lescopes de prix similaires. Un long d\u00e9gagement oculaire, un oculaire \u00e0 mise au point rapide, des lentilles enti\u00e8rement trait\u00e9es et des tourelles MOA r\u00e9initialisables sont les caract\u00e9ristiques de la s\u00e9rie.<\/p>\n<p><a href=\"https:\/\/www.kentonindustries.com\/products\/vortex-crossfire-ii-1\" target=\"_blank\" rel=\"external noopener\" data-uw-rm-brl=\"PR\" data-uw-original-href=\"https:\/\/www.kentonindustries.com\/products\/vortex-crossfire-ii-1\" aria-label=\"Construisez votre propre tourelle personnalis\u00e9e - Kenton Industries - Ouvrir dans un nouvel onglet\" data-uw-rm-ext-link=\"\"><img decoding=\"async\" src=\"https:\/\/vortexoptics.com\/media\/wysiwyg\/kentonlogo.jpg\" alt=\"Construisez votre propre tourelle personnalis\u00e9e - Kenton Industries\" data-uw-rm-alt-original=\"Build Your Own Custom Turret - Kenton Industries\" data-uw-rm-alt=\"ALT\" \/><\/a><\/p>\n<div class=\"product sizechart\">\n<div class=\"sizechart-title\">\n<div class=\"item-title\"><strong>Crossfire II 2-7\u00d732 Dimensions (en pouces)<\/strong><\/div>\n<\/div>\n<div class=\"sizechart-details\">\n<div class=\"sizechart-image\"><img decoding=\"async\" src=\"https:\/\/vortexoptics.com\/media\/wysiwyg\/dim_cf2_2-7X32.png\" alt=\"Dimensions du produit\" data-uw-rm-alt-original=\"Product Dimensions\" data-uw-rm-alt=\"ALT\" \/><\/div>\n<table class=\"lengths\">\n<tbody>\n<tr>\n<th colspan=\"6\" scope=\"colgroup\">Longueurs<\/th>\n<\/tr>\n<tr>\n<td>L1<\/td>\n<td>L2<\/td>\n<td>L3<\/td>\n<td>L4<\/td>\n<td>L5<\/td>\n<td>L6<\/td>\n<\/tr>\n<tr>\n<td>11.52<\/td>\n<td>1.86<\/td>\n<td>1.54<\/td>\n<td>5.05<\/td>\n<td>2.78<\/td>\n<td>3.69<\/td>\n<\/tr>\n<\/tbody>\n<\/table>\n<table class=\"heights\">\n<tbody>\n<tr>\n<th colspan=\"2\" scope=\"colgroup\">Hauteurs<\/th>\n<\/tr>\n<tr>\n<td>H1<\/td>\n<td>H2<\/td>\n<\/tr>\n<tr>\n<td>1.53<\/td>\n<td>1.61<\/td>\n<\/tr>\n<\/tbody>\n<\/table>\n<\/div>\n<\/div>\n<\/div>\n<\/div>\n<\/div>\n<\/div>\n<p><strong>Sp\u00e9cifications<\/strong><\/p>\n<table id=\"product-vortex-specs-table\" class=\"data table spec-attributes\">\n<tbody>\n<tr>\n<th class=\"col label Magnification\" scope=\"row\">Agrandissement<\/th>\n<td class=\"col data\" data-th=\"Magnification\">2-7x<\/td>\n<\/tr>\n<tr>\n<th class=\"col label Objective Lens Diameter\" scope=\"row\">Diam\u00e8tre de l'objectif<\/th>\n<td class=\"col data\" data-th=\"Objective Lens Diameter\">32 mm<\/td>\n<\/tr>\n<tr>\n<th class=\"col label Focal Plane\" scope=\"row\">Plan focal<\/th>\n<td class=\"col data\" data-th=\"Focal Plane\">Deuxi\u00e8me plan focal<\/td>\n<\/tr>\n<tr>\n<th class=\"col label Reticle\" scope=\"row\">R\u00e9ticule<\/th>\n<td class=\"col data\" data-th=\"Reticle\">Dead-Hold\u00ae BDC (MOA)<\/td>\n<\/tr>\n<tr>\n<th class=\"col label Eye Relief\" scope=\"row\">Soulagement des yeux<\/th>\n<td class=\"col data\" data-th=\"Eye Relief\">3.9&#8243;<\/td>\n<\/tr>\n<tr>\n<th class=\"col label Field of View\" scope=\"row\">Champ de vision<\/th>\n<td class=\"col data\" data-th=\"Field of View\">42.0\u2032 - 12.6\u2032 @ 100 yds<\/td>\n<\/tr>\n<tr>\n<th class=\"col label Turret Style\" scope=\"row\">Style tourelle<\/th>\n<td class=\"col data\" data-th=\"Turret Style\">Plafonn\u00e9<\/td>\n<\/tr>\n<tr>\n<th class=\"col label Tube Size\" scope=\"row\">Taille du tube<\/th>\n<td class=\"col data\" data-th=\"Tube Size\">1 pouce<\/td>\n<\/tr>\n<tr>\n<th class=\"col label Adjustment Graduation\" scope=\"row\">Ajustement Graduation<\/th>\n<td class=\"col data\" data-th=\"Adjustment Graduation\">1\/4 MOA<\/td>\n<\/tr>\n<tr>\n<th class=\"col label Travel Per Rotation\" scope=\"row\">Voyage par rotation<\/th>\n<td class=\"col data\" data-th=\"Travel Per Rotation\">15 MOA<\/td>\n<\/tr>\n<tr>\n<th class=\"col label Max Elevation Adjustment\" scope=\"row\">R\u00e9glage de l'\u00e9l\u00e9vation maximale<\/th>\n<td class=\"col data\" data-th=\"Max Elevation Adjustment\">60 MOA<\/td>\n<\/tr>\n<tr>\n<th class=\"col label Max Windage Adjustment\" scope=\"row\">Ajustement maximal du r\u00e9glage du vent<\/th>\n<td class=\"col data\" data-th=\"Max Windage Adjustment\">60 MOA<\/td>\n<\/tr>\n<tr>\n<th class=\"col label Parallax Setting\" scope=\"row\">R\u00e9glage de la parallaxe<\/th>\n<td class=\"col data\" data-th=\"Parallax Setting\">100 yds.<\/td>\n<\/tr>\n<tr>\n<th class=\"col label Length\" scope=\"row\">Longueur<\/th>\n<td class=\"col data\" data-th=\"Length\">11.5&#8243;<\/td>\n<\/tr>\n<tr>\n<th class=\"col label Weight\" scope=\"row\">Poids<\/th>\n<td class=\"col data\" data-th=\"Weight\">14,3 oz<\/td>\n<\/tr>\n<\/tbody>\n<\/table>\n<p><strong>Caract\u00e9ristiques<\/strong><\/p>\n<table>\n<tbody>\n<tr>\n<th class=\"col label\" scope=\"row\">Syst\u00e8me optique SD<\/th>\n<td class=\"col data\">Le syst\u00e8me optique de haute qualit\u00e9 r\u00e9duit l'aberration chromatique et fournit des images claires, lumineuses et nettes.<\/td>\n<\/tr>\n<tr>\n<th class=\"col label\" scope=\"row\">Lentilles enti\u00e8rement multicouches<\/th>\n<td class=\"col data\">Les rev\u00eatements antireflets sur toutes les surfaces air-verre augmentent la transmission de la lumi\u00e8re pour une plus grande clart\u00e9 et des performances en basse lumi\u00e8re.<\/td>\n<\/tr>\n<tr>\n<th class=\"col label\" scope=\"row\">Gaz d'azote purg\u00e9<\/th>\n<td class=\"col data\">Purg\u00e9 de gaz et scell\u00e9 par un joint torique pour une performance antibrouillard et \u00e9tanche dans toutes les conditions.<\/td>\n<\/tr>\n<tr>\n<th class=\"col label\" scope=\"row\">Oculaire \u00e0 mise au point rapide<\/th>\n<td class=\"col data\">Permet une mise au point rapide et facile du r\u00e9ticule.<\/td>\n<\/tr>\n<tr>\n<th class=\"col label\" scope=\"row\">Aluminium de qualit\u00e9 a\u00e9ronautique<\/th>\n<td class=\"col data\">Fabriqu\u00e9 \u00e0 partir d'un bloc solide d'aluminium de qualit\u00e9 a\u00e9ronautique pour plus de solidit\u00e9 et de rigidit\u00e9.<\/td>\n<\/tr>\n<tr>\n<th class=\"col label\" scope=\"row\">Anodisation noire mate \u00e0 faible reflet<\/th>\n<td class=\"col data\">L'anodisation r\u00e9sistante \u00e0 la corrosion et \u00e0 l'usure offre une surface mate \u00e0 faible reflet et aide \u00e0 camoufler la position du tireur.<\/td>\n<\/tr>\n<tr>\n<th class=\"col label\" scope=\"row\">Imperm\u00e9able \u00e0 l'eau<\/th>\n<td class=\"col data\">Con\u00e7ue pour r\u00e9sister aux conditions m\u00e9t\u00e9orologiques difficiles.<\/td>\n<\/tr>\n<tr>\n<th class=\"col label\" scope=\"row\">Anti-brouillard<\/th>\n<td class=\"col data\">Con\u00e7u pour r\u00e9sister \u00e0 une large gamme de temp\u00e9ratures.<\/td>\n<\/tr>\n<tr>\n<th class=\"col label\" scope=\"row\">R\u00e9sistant aux chocs<\/th>\n<td class=\"col data\">Con\u00e7u pour r\u00e9sister aux niveaux les plus \u00e9lev\u00e9s de recul et d'impact.<\/td>\n<\/tr>\n<\/tbody>\n<\/table>\n<p><strong>R\u00e9ticule<\/strong><\/p>\n<div class=\"reticle-details\">\n<div class=\"reticle-info\">\n<div class=\"reticle-description\">\n<div class=\"reticle-image\">\n<div class=\"reticle-image\">\n<div class=\"reticle-image\"><img decoding=\"async\" src=\"https:\/\/vortexoptics.com\/media\/attribute\/swatch\/v\/t\/vtx_cfr-3901_dead-hold_bdc_moa_3-9x40_rs_i_ri_cu.jpg\" alt=\"image du r\u00e9ticule\" data-uw-rm-alt-original=\"image of reticle\" data-uw-rm-alt=\"ALT\" \/><\/div>\n<div class=\"reticle-info\">\n<div class=\"reticle-description\">\n<p><strong>Attente mortelle<sup>\u00ae<\/sup>\u00a0BDC (MOA)<\/strong>La conception personnalis\u00e9e du rep\u00e8re de calage permet d'\u00e9viter les conjectures sur les corrections de retenue et d'orientation. Id\u00e9al pour la chasse\/le tir \u00e0 des distances variables o\u00f9 l'estimation du maintien est un probl\u00e8me.<\/p>\n<\/div>\n<\/div>\n<\/div>\n<\/div>\n<\/div>\n<\/div>\n<\/div>\n<\/div>\n<\/div>","protected":false},"excerpt":{"rendered":"<p>Vue d'ensemble Les hautes performances s'allient \u00e0 l'\u00e9conomie. Claire, r\u00e9sistante et lumineuse, notre gamme Crossfire\u00ae II est con\u00e7ue pour d\u00e9passer les normes de performance des t\u00e9lescopes de prix similaires. Longues<\/p>","protected":false},"featured_media":1667,"comment_status":"open","ping_status":"closed","template":"","meta":[],"etheme_brands":[{"term_id":47,"name":"Vortex","slug":"vortex","term_group":0,"term_taxonomy_id":47,"taxonomy":"brand","description":"","parent":0,"count":9,"filter":"raw"}],"product_brand":[],"product_cat":[49],"product_tag":[],"class_list":{"0":"post-1664","1":"product","2":"type-product","3":"status-publish","4":"has-post-thumbnail","6":"brand-vortex","7":"product_cat-rifle-scopes","9":"first","10":"instock","11":"taxable","12":"shipping-taxable","13":"purchasable","14":"product-type-simple"},"yoast_head":"<!-- This site is optimized with the Yoast SEO Premium plugin v25.7.1 (Yoast SEO v27.4) - https:\/\/yoast.com\/product\/yoast-seo-premium-wordpress\/ -->\n<title>Vortex CROSSFIRE\u00ae II 2-7x32 SFP BDC MOA - Hunter Optics<\/title>\n<meta name=\"description\" content=\"Diamondback Tactical 4-16x44 FFP rifle scope features EBR-2C MRAD reticle, precision turrets &amp; rugged construction. Ideal for long-range accuracy. Shop Vortex optics.\" \/>\n<meta name=\"robots\" content=\"index, follow, max-snippet:-1, max-image-preview:large, max-video-preview:-1\" \/>\n<link rel=\"canonical\" href=\"https:\/\/hunter-optics.com\/fr\/produit\/vortex-crossfire-ii-2-7x32-sfp-bdc-moa\/\" \/>\n<meta property=\"og:locale\" content=\"fr_FR\" \/>\n<meta property=\"og:type\" content=\"article\" \/>\n<meta property=\"og:title\" content=\"Vortex CROSSFIRE\u00ae II 2-7x32 SFP BDC MOA\" \/>\n<meta property=\"og:description\" content=\"Diamondback Tactical 4-16x44 FFP rifle scope features EBR-2C MRAD reticle, precision turrets &amp; rugged construction. Ideal for long-range accuracy. Shop Vortex optics.\" \/>\n<meta property=\"og:url\" content=\"https:\/\/hunter-optics.com\/fr\/produit\/vortex-crossfire-ii-2-7x32-sfp-bdc-moa\/\" \/>\n<meta property=\"og:site_name\" content=\"Hunter Optics\" \/>\n<meta property=\"article:modified_time\" content=\"2025-10-11T08:57:56+00:00\" \/>\n<meta property=\"og:image\" content=\"https:\/\/hunter-optics.com\/wp-content\/uploads\/2025\/08\/Vortex-Crossfire-II-2-7x32-SFP-BDC-MOA-Rifle-Scope-1.png\" \/>\n\t<meta property=\"og:image:width\" content=\"1920\" \/>\n\t<meta property=\"og:image:height\" content=\"1123\" \/>\n\t<meta property=\"og:image:type\" content=\"image\/png\" \/>\n<meta name=\"twitter:card\" content=\"summary_large_image\" \/>\n<meta name=\"twitter:label1\" content=\"Prix\" \/>\n\t<meta name=\"twitter:data1\" content=\"&#036;209.99\" \/>\n\t<meta name=\"twitter:label2\" content=\"Disponibilit\u00e9\" \/>\n\t<meta name=\"twitter:data2\" content=\"En stock\" \/>\n<script type=\"application\/ld+json\" class=\"yoast-schema-graph\">{\"@context\":\"https:\\\/\\\/schema.org\",\"@graph\":[{\"@type\":\"WebPage\",\"@id\":\"https:\\\/\\\/hunter-optics.com\\\/product\\\/vortex-crossfire-ii-2-7x32-sfp-bdc-moa\\\/\",\"url\":\"https:\\\/\\\/hunter-optics.com\\\/product\\\/vortex-crossfire-ii-2-7x32-sfp-bdc-moa\\\/\",\"name\":\"Vortex CROSSFIRE\u00ae II 2-7x32 SFP BDC MOA - Hunter Optics\",\"isPartOf\":{\"@id\":\"https:\\\/\\\/hunter-optics.com\\\/#website\"},\"primaryImageOfPage\":{\"@id\":\"https:\\\/\\\/hunter-optics.com\\\/product\\\/vortex-crossfire-ii-2-7x32-sfp-bdc-moa\\\/#primaryimage\"},\"image\":{\"@id\":\"https:\\\/\\\/hunter-optics.com\\\/product\\\/vortex-crossfire-ii-2-7x32-sfp-bdc-moa\\\/#primaryimage\"},\"thumbnailUrl\":\"https:\\\/\\\/hunter-optics.com\\\/wp-content\\\/uploads\\\/2025\\\/08\\\/Vortex-Crossfire-II-2-7x32-SFP-BDC-MOA-Rifle-Scope-1.png\",\"datePublished\":\"2025-08-09T09:52:42+00:00\",\"dateModified\":\"2025-10-11T08:57:56+00:00\",\"description\":\"Diamondback Tactical 4-16x44 FFP rifle scope features EBR-2C MRAD reticle, precision turrets & rugged construction. Ideal for long-range accuracy. Shop Vortex optics.\",\"breadcrumb\":{\"@id\":\"https:\\\/\\\/hunter-optics.com\\\/product\\\/vortex-crossfire-ii-2-7x32-sfp-bdc-moa\\\/#breadcrumb\"},\"inLanguage\":\"fr-FR\",\"potentialAction\":[{\"@type\":\"ReadAction\",\"target\":[\"https:\\\/\\\/hunter-optics.com\\\/product\\\/vortex-crossfire-ii-2-7x32-sfp-bdc-moa\\\/\"]}]},{\"@type\":\"ImageObject\",\"inLanguage\":\"fr-FR\",\"@id\":\"https:\\\/\\\/hunter-optics.com\\\/product\\\/vortex-crossfire-ii-2-7x32-sfp-bdc-moa\\\/#primaryimage\",\"url\":\"https:\\\/\\\/hunter-optics.com\\\/wp-content\\\/uploads\\\/2025\\\/08\\\/Vortex-Crossfire-II-2-7x32-SFP-BDC-MOA-Rifle-Scope-1.png\",\"contentUrl\":\"https:\\\/\\\/hunter-optics.com\\\/wp-content\\\/uploads\\\/2025\\\/08\\\/Vortex-Crossfire-II-2-7x32-SFP-BDC-MOA-Rifle-Scope-1.png\",\"width\":1920,\"height\":1123,\"caption\":\"Vortex Crossfire II 2-7x32 SFP BDC MOA Rifle Scope\"},{\"@type\":\"BreadcrumbList\",\"@id\":\"https:\\\/\\\/hunter-optics.com\\\/product\\\/vortex-crossfire-ii-2-7x32-sfp-bdc-moa\\\/#breadcrumb\",\"itemListElement\":[{\"@type\":\"ListItem\",\"position\":1,\"name\":\"Home\",\"item\":\"https:\\\/\\\/hunter-optics.com\\\/\"},{\"@type\":\"ListItem\",\"position\":2,\"name\":\"Products\",\"item\":\"https:\\\/\\\/hunter-optics.com\\\/shop\\\/\"},{\"@type\":\"ListItem\",\"position\":3,\"name\":\"Vortex CROSSFIRE\u00ae II 2-7&#215;32 SFP BDC MOA\"}]},{\"@type\":\"WebSite\",\"@id\":\"https:\\\/\\\/hunter-optics.com\\\/#website\",\"url\":\"https:\\\/\\\/hunter-optics.com\\\/\",\"name\":\"Hunter Optics\",\"description\":\"Hunter Optics \u2014 Your Eye on the Target.\",\"publisher\":{\"@id\":\"https:\\\/\\\/hunter-optics.com\\\/#organization\"},\"potentialAction\":[{\"@type\":\"SearchAction\",\"target\":{\"@type\":\"EntryPoint\",\"urlTemplate\":\"https:\\\/\\\/hunter-optics.com\\\/?s={search_term_string}\"},\"query-input\":{\"@type\":\"PropertyValueSpecification\",\"valueRequired\":true,\"valueName\":\"search_term_string\"}}],\"inLanguage\":\"fr-FR\"},{\"@type\":\"Organization\",\"@id\":\"https:\\\/\\\/hunter-optics.com\\\/#organization\",\"name\":\"Hunter Optics\",\"url\":\"https:\\\/\\\/hunter-optics.com\\\/\",\"logo\":{\"@type\":\"ImageObject\",\"inLanguage\":\"fr-FR\",\"@id\":\"https:\\\/\\\/hunter-optics.com\\\/#\\\/schema\\\/logo\\\/image\\\/\",\"url\":\"https:\\\/\\\/hunter-optics.com\\\/wp-content\\\/uploads\\\/2025\\\/06\\\/hunter-optics-logo-1.png\",\"contentUrl\":\"https:\\\/\\\/hunter-optics.com\\\/wp-content\\\/uploads\\\/2025\\\/06\\\/hunter-optics-logo-1.png\",\"width\":937,\"height\":373,\"caption\":\"Hunter Optics\"},\"image\":{\"@id\":\"https:\\\/\\\/hunter-optics.com\\\/#\\\/schema\\\/logo\\\/image\\\/\"}}]}<\/script>\n<meta property=\"product:brand\" content=\"Vortex\" \/>\n<meta property=\"product:price:amount\" content=\"209.99\" \/>\n<meta property=\"product:price:currency\" content=\"USD\" \/>\n<meta property=\"og:availability\" content=\"instock\" \/>\n<meta property=\"product:availability\" content=\"instock\" \/>\n<meta property=\"product:condition\" content=\"new\" \/>\n<!-- \/ Yoast SEO Premium plugin. -->","yoast_head_json":{"title":"Vortex CROSSFIRE\u00ae II 2-7x32 SFP BDC MOA - Hunter Optics","description":"La lunette de vis\u00e9e Diamondback Tactical 4-16x44 FFP est \u00e9quip\u00e9e d'un r\u00e9ticule EBR-2C MRAD, de tourelles de pr\u00e9cision et d'une construction robuste. Id\u00e9ale pour la pr\u00e9cision \u00e0 longue port\u00e9e. Magasinez les optiques Vortex.","robots":{"index":"index","follow":"follow","max-snippet":"max-snippet:-1","max-image-preview":"max-image-preview:large","max-video-preview":"max-video-preview:-1"},"canonical":"https:\/\/hunter-optics.com\/fr\/produit\/vortex-crossfire-ii-2-7x32-sfp-bdc-moa\/","og_locale":"fr_FR","og_type":"article","og_title":"Vortex CROSSFIRE\u00ae II 2-7x32 SFP BDC MOA","og_description":"Diamondback Tactical 4-16x44 FFP rifle scope features EBR-2C MRAD reticle, precision turrets & rugged construction. Ideal for long-range accuracy. Shop Vortex optics.","og_url":"https:\/\/hunter-optics.com\/fr\/produit\/vortex-crossfire-ii-2-7x32-sfp-bdc-moa\/","og_site_name":"Hunter Optics","article_modified_time":"2025-10-11T08:57:56+00:00","og_image":[{"width":1920,"height":1123,"url":"https:\/\/hunter-optics.com\/wp-content\/uploads\/2025\/08\/Vortex-Crossfire-II-2-7x32-SFP-BDC-MOA-Rifle-Scope-1.png","type":"image\/png"}],"twitter_card":"summary_large_image","twitter_misc":{"Prix":"&#36;209.99","Disponibilit\u00e9":"En stock"},"schema":{"@context":"https:\/\/schema.org","@graph":[{"@type":"WebPage","@id":"https:\/\/hunter-optics.com\/product\/vortex-crossfire-ii-2-7x32-sfp-bdc-moa\/","url":"https:\/\/hunter-optics.com\/product\/vortex-crossfire-ii-2-7x32-sfp-bdc-moa\/","name":"Vortex CROSSFIRE\u00ae II 2-7x32 SFP BDC MOA - Hunter Optics","isPartOf":{"@id":"https:\/\/hunter-optics.com\/#website"},"primaryImageOfPage":{"@id":"https:\/\/hunter-optics.com\/product\/vortex-crossfire-ii-2-7x32-sfp-bdc-moa\/#primaryimage"},"image":{"@id":"https:\/\/hunter-optics.com\/product\/vortex-crossfire-ii-2-7x32-sfp-bdc-moa\/#primaryimage"},"thumbnailUrl":"https:\/\/hunter-optics.com\/wp-content\/uploads\/2025\/08\/Vortex-Crossfire-II-2-7x32-SFP-BDC-MOA-Rifle-Scope-1.png","datePublished":"2025-08-09T09:52:42+00:00","dateModified":"2025-10-11T08:57:56+00:00","description":"La lunette de vis\u00e9e Diamondback Tactical 4-16x44 FFP est \u00e9quip\u00e9e d'un r\u00e9ticule EBR-2C MRAD, de tourelles de pr\u00e9cision et d'une construction robuste. Id\u00e9ale pour la pr\u00e9cision \u00e0 longue port\u00e9e. Magasinez les optiques Vortex.","breadcrumb":{"@id":"https:\/\/hunter-optics.com\/product\/vortex-crossfire-ii-2-7x32-sfp-bdc-moa\/#breadcrumb"},"inLanguage":"fr-FR","potentialAction":[{"@type":"ReadAction","target":["https:\/\/hunter-optics.com\/product\/vortex-crossfire-ii-2-7x32-sfp-bdc-moa\/"]}]},{"@type":"ImageObject","inLanguage":"fr-FR","@id":"https:\/\/hunter-optics.com\/product\/vortex-crossfire-ii-2-7x32-sfp-bdc-moa\/#primaryimage","url":"https:\/\/hunter-optics.com\/wp-content\/uploads\/2025\/08\/Vortex-Crossfire-II-2-7x32-SFP-BDC-MOA-Rifle-Scope-1.png","contentUrl":"https:\/\/hunter-optics.com\/wp-content\/uploads\/2025\/08\/Vortex-Crossfire-II-2-7x32-SFP-BDC-MOA-Rifle-Scope-1.png","width":1920,"height":1123,"caption":"Vortex Crossfire II 2-7x32 SFP BDC MOA Rifle Scope"},{"@type":"BreadcrumbList","@id":"https:\/\/hunter-optics.com\/product\/vortex-crossfire-ii-2-7x32-sfp-bdc-moa\/#breadcrumb","itemListElement":[{"@type":"ListItem","position":1,"name":"Home","item":"https:\/\/hunter-optics.com\/"},{"@type":"ListItem","position":2,"name":"Products","item":"https:\/\/hunter-optics.com\/shop\/"},{"@type":"ListItem","position":3,"name":"Vortex CROSSFIRE\u00ae II 2-7&#215;32 SFP BDC MOA"}]},{"@type":"WebSite","@id":"https:\/\/hunter-optics.com\/#website","url":"https:\/\/hunter-optics.com\/","name":"Optique Hunter","description":"Optique du chasseur - L'\u0153il sur la cible.","publisher":{"@id":"https:\/\/hunter-optics.com\/#organization"},"potentialAction":[{"@type":"SearchAction","target":{"@type":"EntryPoint","urlTemplate":"https:\/\/hunter-optics.com\/?s={search_term_string}"},"query-input":{"@type":"PropertyValueSpecification","valueRequired":true,"valueName":"search_term_string"}}],"inLanguage":"fr-FR"},{"@type":"Organization","@id":"https:\/\/hunter-optics.com\/#organization","name":"Optique Hunter","url":"https:\/\/hunter-optics.com\/","logo":{"@type":"ImageObject","inLanguage":"fr-FR","@id":"https:\/\/hunter-optics.com\/#\/schema\/logo\/image\/","url":"https:\/\/hunter-optics.com\/wp-content\/uploads\/2025\/06\/hunter-optics-logo-1.png","contentUrl":"https:\/\/hunter-optics.com\/wp-content\/uploads\/2025\/06\/hunter-optics-logo-1.png","width":937,"height":373,"caption":"Hunter Optics"},"image":{"@id":"https:\/\/hunter-optics.com\/#\/schema\/logo\/image\/"}}]},"product_brand":"Vortex","product_price_amount":"209.99","product_price_currency":"USD","og_availability":"instock","product_availability":"instock","product_condition":"new"},"_links":{"self":[{"href":"https:\/\/hunter-optics.com\/fr\/wp-json\/wp\/v2\/product\/1664","targetHints":{"allow":["GET"]}}],"collection":[{"href":"https:\/\/hunter-optics.com\/fr\/wp-json\/wp\/v2\/product"}],"about":[{"href":"https:\/\/hunter-optics.com\/fr\/wp-json\/wp\/v2\/types\/product"}],"replies":[{"embeddable":true,"href":"https:\/\/hunter-optics.com\/fr\/wp-json\/wp\/v2\/comments?post=1664"}],"version-history":[{"count":4,"href":"https:\/\/hunter-optics.com\/fr\/wp-json\/wp\/v2\/product\/1664\/revisions"}],"predecessor-version":[{"id":1671,"href":"https:\/\/hunter-optics.com\/fr\/wp-json\/wp\/v2\/product\/1664\/revisions\/1671"}],"wp:featuredmedia":[{"embeddable":true,"href":"https:\/\/hunter-optics.com\/fr\/wp-json\/wp\/v2\/media\/1667"}],"wp:attachment":[{"href":"https:\/\/hunter-optics.com\/fr\/wp-json\/wp\/v2\/media?parent=1664"}],"wp:term":[{"taxonomy":"brand","embeddable":true,"href":"https:\/\/hunter-optics.com\/fr\/wp-json\/wp\/v2\/etheme_brands?post=1664"},{"taxonomy":"product_brand","embeddable":true,"href":"https:\/\/hunter-optics.com\/fr\/wp-json\/wp\/v2\/product_brand?post=1664"},{"taxonomy":"product_cat","embeddable":true,"href":"https:\/\/hunter-optics.com\/fr\/wp-json\/wp\/v2\/product_cat?post=1664"},{"taxonomy":"product_tag","embeddable":true,"href":"https:\/\/hunter-optics.com\/fr\/wp-json\/wp\/v2\/product_tag?post=1664"}],"curies":[{"name":"wp","href":"https:\/\/api.w.org\/{rel}","templated":true}]}}