{"id":1646,"date":"2025-08-09T09:34:37","date_gmt":"2025-08-09T09:34:37","guid":{"rendered":"https:\/\/hunter-optics.com\/?post_type=product&#038;p=1646"},"modified":"2025-11-03T02:17:39","modified_gmt":"2025-11-03T02:17:39","slug":"vortex-venom-5-25x56-ffp-ebr-7c-mrad-non-ir","status":"publish","type":"product","link":"https:\/\/hunter-optics.com\/fr\/produit\/vortex-venom-5-25x56-ffp-ebr-7c-mrad-non-ir\/","title":{"rendered":"Vortex VENOM\u00ae 5-25\u00d756 FFP EBR-7C MRAD Non IR"},"content":{"rendered":"<p><strong>Vue d'ensemble<\/strong><\/p>\n<div class=\"product sizechart\">\n<div class=\"sizechart-details\">\n<div class=\"product sizechart\">\n<div class=\"sizechart-details\">\n<p>Venin<sup>\u00ae<\/sup>\u00a0est votre passerelle vers la pr\u00e9cision \u00e0 longue port\u00e9e et le succ\u00e8s tactique - une optique de travail qui transforme les efforts en r\u00e9sultats. Construction solide. Une qualit\u00e9 de verre exceptionnelle avec une clart\u00e9 et un contraste qui vous permettent de rester concentr\u00e9 dans n'importe quel environnement, que vous visiez des cibles rapproch\u00e9es ou que vous repoussiez vos limites \u00e0 distance. Con\u00e7ue pour les tireurs qui ont besoin de fiabilit\u00e9, de rapidit\u00e9 et de pr\u00e9cision sous pression, cette gamme offre un m\u00e9lange parfait d'utilit\u00e9 et de performance, vous permettant d'entrer dans le jeu et de vous pousser plus loin \u00e0 chaque tir.<\/p>\n<div class=\"product sizechart\">\n<div class=\"sizechart-title\">\n<div class=\"item-title\"><strong>Venin<sup>\u00ae<\/sup>\u00a05-25\u00d756 FFP Dimensions (en pouces)<\/strong><\/div>\n<\/div>\n<div class=\"sizechart-details\">\n<div class=\"sizechart-image\"><img decoding=\"async\" src=\"https:\/\/vortexoptics.com\/media\/wysiwyg\/dim_venom_5-25x56.png\" alt=\"Venom 5-25x56 FFP Dimensions\" data-uw-rm-alt-original=\"Venom 5-25x56 FFP Dimensions\" data-uw-rm-alt=\"ALT\" \/><\/div>\n<table class=\"lengths\">\n<tbody>\n<tr>\n<th colspan=\"6\" scope=\"colgroup\">Longueurs<\/th>\n<\/tr>\n<tr>\n<td>L1<\/td>\n<td>L2<\/td>\n<td>L3<\/td>\n<td>L4<\/td>\n<\/tr>\n<tr>\n<td>15.25<\/td>\n<td>2.60<\/td>\n<td>2.4<\/td>\n<td>6.9<\/td>\n<\/tr>\n<\/tbody>\n<\/table>\n<table class=\"heights\">\n<tbody>\n<tr>\n<th colspan=\"2\" scope=\"colgroup\">Hauteurs<\/th>\n<\/tr>\n<tr>\n<td>H1<\/td>\n<td>H2<\/td>\n<\/tr>\n<tr>\n<td>2.54<\/td>\n<td>1.81<\/td>\n<\/tr>\n<\/tbody>\n<\/table>\n<\/div>\n<\/div>\n<\/div>\n<\/div>\n<p><strong>Sp\u00e9cifications<\/strong><\/p>\n<table id=\"product-vortex-specs-table\" class=\"data table spec-attributes\">\n<tbody>\n<tr>\n<th class=\"col label Magnification\" scope=\"row\">Agrandissement<\/th>\n<td class=\"col data\" data-th=\"Magnification\">5-25x<\/td>\n<\/tr>\n<tr>\n<th class=\"col label Objective Lens Diameter\" scope=\"row\">Diam\u00e8tre de l'objectif<\/th>\n<td class=\"col data\" data-th=\"Objective Lens Diameter\">56 mm<\/td>\n<\/tr>\n<tr>\n<th class=\"col label Focal Plane\" scope=\"row\">Plan focal<\/th>\n<td class=\"col data\" data-th=\"Focal Plane\">Premier plan focal<\/td>\n<\/tr>\n<tr>\n<th class=\"col label Reticle\" scope=\"row\">R\u00e9ticule<\/th>\n<td class=\"col data\" data-th=\"Reticle\">EBR-7C (MRAD)<\/td>\n<\/tr>\n<tr>\n<th class=\"col label Eye Relief\" scope=\"row\">Soulagement des yeux<\/th>\n<td class=\"col data\" data-th=\"Eye Relief\">3.6\u2033<\/td>\n<\/tr>\n<tr>\n<th class=\"col label Field of View\" scope=\"row\">Champ de vision<\/th>\n<td class=\"col data\" data-th=\"Field of View\">21.2\u2032 - 4.7\u2032 @ 100 yds<\/td>\n<\/tr>\n<tr>\n<th class=\"col label Turret Style\" scope=\"row\">Style tourelle<\/th>\n<td class=\"col data\" data-th=\"Turret Style\">Expos\u00e9<\/td>\n<\/tr>\n<tr>\n<th class=\"col label Tube Size\" scope=\"row\">Taille du tube<\/th>\n<td class=\"col data\" data-th=\"Tube Size\">34 mm<\/td>\n<\/tr>\n<tr>\n<th class=\"col label Adjustment Graduation\" scope=\"row\">Ajustement Graduation<\/th>\n<td class=\"col data\" data-th=\"Adjustment Graduation\">.1 MRAD<\/td>\n<\/tr>\n<tr>\n<th class=\"col label Travel Per Rotation\" scope=\"row\">Voyage par rotation<\/th>\n<td class=\"col data\" data-th=\"Travel Per Rotation\">10 MRAD<\/td>\n<\/tr>\n<tr>\n<th class=\"col label Max Elevation Adjustment\" scope=\"row\">R\u00e9glage de l'\u00e9l\u00e9vation maximale<\/th>\n<td class=\"col data\" data-th=\"Max Elevation Adjustment\">25 MRAD<\/td>\n<\/tr>\n<tr>\n<th class=\"col label Max Windage Adjustment\" scope=\"row\">Ajustement maximal du r\u00e9glage du vent<\/th>\n<td class=\"col data\" data-th=\"Max Windage Adjustment\">25 MRAD<\/td>\n<\/tr>\n<tr>\n<th class=\"col label Parallax Setting\" scope=\"row\">R\u00e9glage de la parallaxe<\/th>\n<td class=\"col data\" data-th=\"Parallax Setting\">15 yds - \u221e<\/td>\n<\/tr>\n<tr>\n<th class=\"col label Length\" scope=\"row\">Longueur<\/th>\n<td class=\"col data\" data-th=\"Length\">15.3\u2033<\/td>\n<\/tr>\n<tr>\n<th class=\"col label Weight\" scope=\"row\">Poids<\/th>\n<td class=\"col data\" data-th=\"Weight\">35.0 oz.<\/td>\n<\/tr>\n<\/tbody>\n<\/table>\n<p><strong>Caract\u00e9ristiques<\/strong><\/p>\n<table>\n<tbody>\n<tr>\n<th class=\"col label\" scope=\"row\">Syst\u00e8me optique XD\u2122<\/th>\n<td class=\"col data\">Le syst\u00e8me optique haut de gamme offre une r\u00e9solution impressionnante, une nettet\u00e9 d'un bord \u00e0 l'autre, r\u00e9duit consid\u00e9rablement l'aberration chromatique et garantit des images lumineuses et contrast\u00e9es.<\/td>\n<\/tr>\n<tr>\n<th class=\"col label\" scope=\"row\">RevStop<sup>\u00ae<\/sup>\u00a0Syst\u00e8me z\u00e9ro<\/th>\n<td class=\"col data\">La conception rationalis\u00e9e brevet\u00e9e offre un retour au z\u00e9ro facile \u00e0 r\u00e9gler et fiable apr\u00e8s les ajustements de la tourelle.<\/td>\n<\/tr>\n<tr>\n<th class=\"col label\" scope=\"row\">Lentilles enti\u00e8rement multicouches<\/th>\n<td class=\"col data\">Les rev\u00eatements antireflets sur toutes les surfaces air-verre augmentent la transmission de la lumi\u00e8re pour une plus grande clart\u00e9 et des performances en basse lumi\u00e8re.<\/td>\n<\/tr>\n<tr>\n<th class=\"col label\" scope=\"row\">Tourelle d'\u00e9l\u00e9vation expos\u00e9e<\/th>\n<td class=\"col data\">La tourelle d'\u00e9l\u00e9vation permet des r\u00e9glages d'\u00e9l\u00e9vation rapides, pr\u00e9cis et faciles \u00e0 lire.<\/td>\n<\/tr>\n<tr>\n<th class=\"col label\" scope=\"row\">R\u00e9ticule du premier plan focal<\/th>\n<td class=\"col data\">Un premier r\u00e9ticule \u00e0 plan focal est situ\u00e9 \u00e0 l'int\u00e9rieur de la lunette de vis\u00e9e, pr\u00e8s des tourelles de r\u00e9glage de la hauteur et de l'inclinaison. L'\u00e9chelle du r\u00e9ticule reste proportionnelle \u00e0 l'image zoom\u00e9e. Les soustensions constantes permettent un maintien et un rep\u00e9rage pr\u00e9cis \u00e0 tous les grossissements. La taille du r\u00e9ticule appara\u00eet plus grande \u00e0 fort grossissement et plus petite \u00e0 faible grossissement.<\/td>\n<\/tr>\n<tr>\n<th class=\"col label\" scope=\"row\">Tube monobloc<\/th>\n<td class=\"col data\">Maximise l'alignement pour une meilleure pr\u00e9cision et des performances visuelles optimales, tout en garantissant la solidit\u00e9 et l'\u00e9tanch\u00e9it\u00e9.<\/td>\n<\/tr>\n<tr>\n<th class=\"col label\" scope=\"row\">Gaz d'azote purg\u00e9<\/th>\n<td class=\"col data\">Purg\u00e9 de gaz et scell\u00e9 par un joint torique pour une performance antibrouillard et \u00e9tanche dans toutes les conditions.<\/td>\n<\/tr>\n<tr>\n<th class=\"col label\" scope=\"row\">Oculaire \u00e0 mise au point rapide<\/th>\n<td class=\"col data\">Permet une mise au point rapide et facile du r\u00e9ticule.<\/td>\n<\/tr>\n<tr>\n<th class=\"col label\" scope=\"row\">Levier de lancement<\/th>\n<td class=\"col data\">Le levier de projection inclus peut \u00eatre install\u00e9 pour un r\u00e9glage rapide et facile du grossissement.<\/td>\n<\/tr>\n<tr>\n<th class=\"col label\" scope=\"row\">Aluminium de qualit\u00e9 a\u00e9ronautique<\/th>\n<td class=\"col data\">Fabriqu\u00e9 \u00e0 partir d'un bloc solide d'aluminium de qualit\u00e9 a\u00e9ronautique pour plus de solidit\u00e9 et de rigidit\u00e9.<\/td>\n<\/tr>\n<tr>\n<th class=\"col label\" scope=\"row\">ArmorTek<sup>\u00ae<\/sup><\/th>\n<td class=\"col data\">Le rev\u00eatement ultra-dur, r\u00e9sistant aux rayures, prot\u00e8ge les lentilles ext\u00e9rieures des rayures, de l'huile et de la salet\u00e9.<\/td>\n<\/tr>\n<tr>\n<th class=\"col label\" scope=\"row\">Anodisation noire mate \u00e0 faible reflet<\/th>\n<td class=\"col data\">L'anodisation r\u00e9sistante \u00e0 la corrosion et \u00e0 l'usure offre une surface mate \u00e0 faible reflet et aide \u00e0 camoufler la position du tireur.<\/td>\n<\/tr>\n<tr>\n<th class=\"col label\" scope=\"row\">Imperm\u00e9able \u00e0 l'eau<\/th>\n<td class=\"col data\">Con\u00e7ue pour r\u00e9sister aux conditions m\u00e9t\u00e9orologiques difficiles.<\/td>\n<\/tr>\n<tr>\n<th class=\"col label\" scope=\"row\">R\u00e9sistant aux chocs<\/th>\n<td class=\"col data\">Con\u00e7u pour r\u00e9sister aux niveaux les plus \u00e9lev\u00e9s de recul et d'impact.<\/td>\n<\/tr>\n<tr>\n<th class=\"col label\" scope=\"row\">Anti-brouillard<\/th>\n<td class=\"col data\">Con\u00e7u pour r\u00e9sister \u00e0 une large gamme de temp\u00e9ratures.<\/td>\n<\/tr>\n<\/tbody>\n<\/table>\n<p><strong>R\u00e9ticule<\/strong><\/p>\n<div class=\"reticle-details\">\n<div class=\"reticle-info\">\n<div class=\"reticle-description\">\n<div class=\"reticle-image\">\n<div class=\"reticle-image\"><img decoding=\"async\" src=\"https:\/\/vortexoptics.com\/media\/attribute\/swatch\/v\/t\/vtx_rzr-42708_ebr-7c_mrad_rs_i_ri_fv.jpg\" alt=\"image du r\u00e9ticule\" data-uw-rm-alt-original=\"image of reticle\" data-uw-rm-alt=\"ALT\" \/><\/div>\n<div class=\"reticle-info\">\n<div class=\"reticle-description\">\n<p><strong>EBR-7C (MRAD)<\/strong>R\u00e9ticule de t\u00e9l\u00e9m\u00e9trie \u00e0 pointill\u00e9s utilisant des lignes de sous-tension bas\u00e9es sur le MOA ou le MRAD pour les corrections de t\u00e9l\u00e9m\u00e9trie, de maintien et de ventage. Les lettres renvoient aux sous-tensions du r\u00e9ticule \u00e9num\u00e9r\u00e9es dans le tableau ci-dessous.<\/p>\n<\/div>\n<\/div>\n<\/div>\n<\/div>\n<\/div>\n<\/div>\n<\/div>\n<\/div>","protected":false},"excerpt":{"rendered":"<p>Vue d'ensemble Venom\u00ae est votre passerelle vers la pr\u00e9cision \u00e0 longue port\u00e9e et le succ\u00e8s tactique - une optique de travail qui transforme les efforts en r\u00e9sultats. Construction solide. Qualit\u00e9 de verre exceptionnelle avec clart\u00e9 et pr\u00e9cision.<\/p>","protected":false},"featured_media":1647,"comment_status":"open","ping_status":"closed","template":"","meta":[],"etheme_brands":[{"term_id":47,"name":"Vortex","slug":"vortex","term_group":0,"term_taxonomy_id":47,"taxonomy":"brand","description":"","parent":0,"count":9,"filter":"raw"}],"product_brand":[],"product_cat":[49],"product_tag":[],"class_list":{"0":"post-1646","1":"product","2":"type-product","3":"status-publish","4":"has-post-thumbnail","6":"brand-vortex","7":"product_cat-rifle-scopes","9":"first","10":"instock","11":"taxable","12":"shipping-taxable","13":"purchasable","14":"product-type-simple"},"yoast_head":"<!-- This site is optimized with the Yoast SEO Premium plugin v25.7.1 (Yoast SEO v27.4) - https:\/\/yoast.com\/product\/yoast-seo-premium-wordpress\/ -->\n<title>Vortex VENOM\u00ae 5-25x56 FFP EBR-7C MRAD Non IR - Hunter Optics<\/title>\n<meta name=\"description\" content=\"Diamondback Tactical 4-16x44 FFP rifle scope features EBR-2C MRAD reticle, precision turrets &amp; rugged construction. Ideal for long-range accuracy. Shop Vortex optics.\" \/>\n<meta name=\"robots\" content=\"index, follow, max-snippet:-1, max-image-preview:large, max-video-preview:-1\" \/>\n<link rel=\"canonical\" href=\"https:\/\/hunter-optics.com\/fr\/produit\/vortex-venom-5-25x56-ffp-ebr-7c-mrad-non-ir\/\" \/>\n<meta property=\"og:locale\" content=\"fr_FR\" \/>\n<meta property=\"og:type\" content=\"article\" \/>\n<meta property=\"og:title\" content=\"Vortex VENOM\u00ae 5-25x56 FFP EBR-7C MRAD Non IR\" \/>\n<meta property=\"og:description\" content=\"Diamondback Tactical 4-16x44 FFP rifle scope features EBR-2C MRAD reticle, precision turrets &amp; rugged construction. Ideal for long-range accuracy. Shop Vortex optics.\" \/>\n<meta property=\"og:url\" content=\"https:\/\/hunter-optics.com\/fr\/produit\/vortex-venom-5-25x56-ffp-ebr-7c-mrad-non-ir\/\" \/>\n<meta property=\"og:site_name\" content=\"Hunter Optics\" \/>\n<meta property=\"article:modified_time\" content=\"2025-11-03T02:17:39+00:00\" \/>\n<meta property=\"og:image\" content=\"https:\/\/hunter-optics.com\/wp-content\/uploads\/2025\/08\/Venom-5-25x56-FFP-EBR-7C-MRAD-Non-IR-1.png\" \/>\n\t<meta property=\"og:image:width\" content=\"1920\" \/>\n\t<meta property=\"og:image:height\" content=\"1123\" \/>\n\t<meta property=\"og:image:type\" content=\"image\/png\" \/>\n<meta name=\"twitter:card\" content=\"summary_large_image\" \/>\n<meta name=\"twitter:label1\" content=\"Prix\" \/>\n\t<meta name=\"twitter:data1\" content=\"&#036;699.99\" \/>\n\t<meta name=\"twitter:label2\" content=\"Disponibilit\u00e9\" \/>\n\t<meta name=\"twitter:data2\" content=\"En stock\" \/>\n<script type=\"application\/ld+json\" class=\"yoast-schema-graph\">{\"@context\":\"https:\\\/\\\/schema.org\",\"@graph\":[{\"@type\":\"WebPage\",\"@id\":\"https:\\\/\\\/hunter-optics.com\\\/product\\\/vortex-venom-5-25x56-ffp-ebr-7c-mrad-non-ir\\\/\",\"url\":\"https:\\\/\\\/hunter-optics.com\\\/product\\\/vortex-venom-5-25x56-ffp-ebr-7c-mrad-non-ir\\\/\",\"name\":\"Vortex VENOM\u00ae 5-25x56 FFP EBR-7C MRAD Non IR - Hunter Optics\",\"isPartOf\":{\"@id\":\"https:\\\/\\\/hunter-optics.com\\\/#website\"},\"primaryImageOfPage\":{\"@id\":\"https:\\\/\\\/hunter-optics.com\\\/product\\\/vortex-venom-5-25x56-ffp-ebr-7c-mrad-non-ir\\\/#primaryimage\"},\"image\":{\"@id\":\"https:\\\/\\\/hunter-optics.com\\\/product\\\/vortex-venom-5-25x56-ffp-ebr-7c-mrad-non-ir\\\/#primaryimage\"},\"thumbnailUrl\":\"https:\\\/\\\/hunter-optics.com\\\/wp-content\\\/uploads\\\/2025\\\/08\\\/Venom-5-25x56-FFP-EBR-7C-MRAD-Non-IR-1.png\",\"datePublished\":\"2025-08-09T09:34:37+00:00\",\"dateModified\":\"2025-11-03T02:17:39+00:00\",\"description\":\"Diamondback Tactical 4-16x44 FFP rifle scope features EBR-2C MRAD reticle, precision turrets & rugged construction. Ideal for long-range accuracy. Shop Vortex optics.\",\"breadcrumb\":{\"@id\":\"https:\\\/\\\/hunter-optics.com\\\/product\\\/vortex-venom-5-25x56-ffp-ebr-7c-mrad-non-ir\\\/#breadcrumb\"},\"inLanguage\":\"fr-FR\",\"potentialAction\":[{\"@type\":\"ReadAction\",\"target\":[\"https:\\\/\\\/hunter-optics.com\\\/product\\\/vortex-venom-5-25x56-ffp-ebr-7c-mrad-non-ir\\\/\"]}]},{\"@type\":\"ImageObject\",\"inLanguage\":\"fr-FR\",\"@id\":\"https:\\\/\\\/hunter-optics.com\\\/product\\\/vortex-venom-5-25x56-ffp-ebr-7c-mrad-non-ir\\\/#primaryimage\",\"url\":\"https:\\\/\\\/hunter-optics.com\\\/wp-content\\\/uploads\\\/2025\\\/08\\\/Venom-5-25x56-FFP-EBR-7C-MRAD-Non-IR-1.png\",\"contentUrl\":\"https:\\\/\\\/hunter-optics.com\\\/wp-content\\\/uploads\\\/2025\\\/08\\\/Venom-5-25x56-FFP-EBR-7C-MRAD-Non-IR-1.png\",\"width\":1920,\"height\":1123,\"caption\":\"Venom 5-25x56 FFP EBR-7C MRAD Non IR\"},{\"@type\":\"BreadcrumbList\",\"@id\":\"https:\\\/\\\/hunter-optics.com\\\/product\\\/vortex-venom-5-25x56-ffp-ebr-7c-mrad-non-ir\\\/#breadcrumb\",\"itemListElement\":[{\"@type\":\"ListItem\",\"position\":1,\"name\":\"Home\",\"item\":\"https:\\\/\\\/hunter-optics.com\\\/\"},{\"@type\":\"ListItem\",\"position\":2,\"name\":\"Products\",\"item\":\"https:\\\/\\\/hunter-optics.com\\\/shop\\\/\"},{\"@type\":\"ListItem\",\"position\":3,\"name\":\"Vortex VENOM\u00ae 5-25&#215;56 FFP EBR-7C MRAD Non IR\"}]},{\"@type\":\"WebSite\",\"@id\":\"https:\\\/\\\/hunter-optics.com\\\/#website\",\"url\":\"https:\\\/\\\/hunter-optics.com\\\/\",\"name\":\"Hunter Optics\",\"description\":\"Hunter Optics \u2014 Your Eye on the Target.\",\"publisher\":{\"@id\":\"https:\\\/\\\/hunter-optics.com\\\/#organization\"},\"potentialAction\":[{\"@type\":\"SearchAction\",\"target\":{\"@type\":\"EntryPoint\",\"urlTemplate\":\"https:\\\/\\\/hunter-optics.com\\\/?s={search_term_string}\"},\"query-input\":{\"@type\":\"PropertyValueSpecification\",\"valueRequired\":true,\"valueName\":\"search_term_string\"}}],\"inLanguage\":\"fr-FR\"},{\"@type\":\"Organization\",\"@id\":\"https:\\\/\\\/hunter-optics.com\\\/#organization\",\"name\":\"Hunter Optics\",\"url\":\"https:\\\/\\\/hunter-optics.com\\\/\",\"logo\":{\"@type\":\"ImageObject\",\"inLanguage\":\"fr-FR\",\"@id\":\"https:\\\/\\\/hunter-optics.com\\\/#\\\/schema\\\/logo\\\/image\\\/\",\"url\":\"https:\\\/\\\/hunter-optics.com\\\/wp-content\\\/uploads\\\/2025\\\/06\\\/hunter-optics-logo-1.png\",\"contentUrl\":\"https:\\\/\\\/hunter-optics.com\\\/wp-content\\\/uploads\\\/2025\\\/06\\\/hunter-optics-logo-1.png\",\"width\":937,\"height\":373,\"caption\":\"Hunter Optics\"},\"image\":{\"@id\":\"https:\\\/\\\/hunter-optics.com\\\/#\\\/schema\\\/logo\\\/image\\\/\"}}]}<\/script>\n<meta property=\"product:brand\" content=\"Vortex\" \/>\n<meta property=\"product:price:amount\" content=\"699.99\" \/>\n<meta property=\"product:price:currency\" content=\"USD\" \/>\n<meta property=\"og:availability\" content=\"instock\" \/>\n<meta property=\"product:availability\" content=\"instock\" \/>\n<meta property=\"product:condition\" content=\"new\" \/>\n<!-- \/ Yoast SEO Premium plugin. -->","yoast_head_json":{"title":"Vortex VENOM\u00ae 5-25x56 FFP EBR-7C MRAD Non IR - Hunter Optics","description":"La lunette de vis\u00e9e Diamondback Tactical 4-16x44 FFP est \u00e9quip\u00e9e d'un r\u00e9ticule EBR-2C MRAD, de tourelles de pr\u00e9cision et d'une construction robuste. Id\u00e9ale pour la pr\u00e9cision \u00e0 longue port\u00e9e. Magasinez les optiques Vortex.","robots":{"index":"index","follow":"follow","max-snippet":"max-snippet:-1","max-image-preview":"max-image-preview:large","max-video-preview":"max-video-preview:-1"},"canonical":"https:\/\/hunter-optics.com\/fr\/produit\/vortex-venom-5-25x56-ffp-ebr-7c-mrad-non-ir\/","og_locale":"fr_FR","og_type":"article","og_title":"Vortex VENOM\u00ae 5-25x56 FFP EBR-7C MRAD Non IR","og_description":"Diamondback Tactical 4-16x44 FFP rifle scope features EBR-2C MRAD reticle, precision turrets & rugged construction. Ideal for long-range accuracy. Shop Vortex optics.","og_url":"https:\/\/hunter-optics.com\/fr\/produit\/vortex-venom-5-25x56-ffp-ebr-7c-mrad-non-ir\/","og_site_name":"Hunter Optics","article_modified_time":"2025-11-03T02:17:39+00:00","og_image":[{"width":1920,"height":1123,"url":"https:\/\/hunter-optics.com\/wp-content\/uploads\/2025\/08\/Venom-5-25x56-FFP-EBR-7C-MRAD-Non-IR-1.png","type":"image\/png"}],"twitter_card":"summary_large_image","twitter_misc":{"Prix":"&#36;699.99","Disponibilit\u00e9":"En stock"},"schema":{"@context":"https:\/\/schema.org","@graph":[{"@type":"WebPage","@id":"https:\/\/hunter-optics.com\/product\/vortex-venom-5-25x56-ffp-ebr-7c-mrad-non-ir\/","url":"https:\/\/hunter-optics.com\/product\/vortex-venom-5-25x56-ffp-ebr-7c-mrad-non-ir\/","name":"Vortex VENOM\u00ae 5-25x56 FFP EBR-7C MRAD Non IR - Hunter Optics","isPartOf":{"@id":"https:\/\/hunter-optics.com\/#website"},"primaryImageOfPage":{"@id":"https:\/\/hunter-optics.com\/product\/vortex-venom-5-25x56-ffp-ebr-7c-mrad-non-ir\/#primaryimage"},"image":{"@id":"https:\/\/hunter-optics.com\/product\/vortex-venom-5-25x56-ffp-ebr-7c-mrad-non-ir\/#primaryimage"},"thumbnailUrl":"https:\/\/hunter-optics.com\/wp-content\/uploads\/2025\/08\/Venom-5-25x56-FFP-EBR-7C-MRAD-Non-IR-1.png","datePublished":"2025-08-09T09:34:37+00:00","dateModified":"2025-11-03T02:17:39+00:00","description":"La lunette de vis\u00e9e Diamondback Tactical 4-16x44 FFP est \u00e9quip\u00e9e d'un r\u00e9ticule EBR-2C MRAD, de tourelles de pr\u00e9cision et d'une construction robuste. Id\u00e9ale pour la pr\u00e9cision \u00e0 longue port\u00e9e. Magasinez les optiques Vortex.","breadcrumb":{"@id":"https:\/\/hunter-optics.com\/product\/vortex-venom-5-25x56-ffp-ebr-7c-mrad-non-ir\/#breadcrumb"},"inLanguage":"fr-FR","potentialAction":[{"@type":"ReadAction","target":["https:\/\/hunter-optics.com\/product\/vortex-venom-5-25x56-ffp-ebr-7c-mrad-non-ir\/"]}]},{"@type":"ImageObject","inLanguage":"fr-FR","@id":"https:\/\/hunter-optics.com\/product\/vortex-venom-5-25x56-ffp-ebr-7c-mrad-non-ir\/#primaryimage","url":"https:\/\/hunter-optics.com\/wp-content\/uploads\/2025\/08\/Venom-5-25x56-FFP-EBR-7C-MRAD-Non-IR-1.png","contentUrl":"https:\/\/hunter-optics.com\/wp-content\/uploads\/2025\/08\/Venom-5-25x56-FFP-EBR-7C-MRAD-Non-IR-1.png","width":1920,"height":1123,"caption":"Venom 5-25x56 FFP EBR-7C MRAD Non IR"},{"@type":"BreadcrumbList","@id":"https:\/\/hunter-optics.com\/product\/vortex-venom-5-25x56-ffp-ebr-7c-mrad-non-ir\/#breadcrumb","itemListElement":[{"@type":"ListItem","position":1,"name":"Home","item":"https:\/\/hunter-optics.com\/"},{"@type":"ListItem","position":2,"name":"Products","item":"https:\/\/hunter-optics.com\/shop\/"},{"@type":"ListItem","position":3,"name":"Vortex VENOM\u00ae 5-25&#215;56 FFP EBR-7C MRAD Non IR"}]},{"@type":"WebSite","@id":"https:\/\/hunter-optics.com\/#website","url":"https:\/\/hunter-optics.com\/","name":"Optique Hunter","description":"Optique du chasseur - L'\u0153il sur la cible.","publisher":{"@id":"https:\/\/hunter-optics.com\/#organization"},"potentialAction":[{"@type":"SearchAction","target":{"@type":"EntryPoint","urlTemplate":"https:\/\/hunter-optics.com\/?s={search_term_string}"},"query-input":{"@type":"PropertyValueSpecification","valueRequired":true,"valueName":"search_term_string"}}],"inLanguage":"fr-FR"},{"@type":"Organization","@id":"https:\/\/hunter-optics.com\/#organization","name":"Optique Hunter","url":"https:\/\/hunter-optics.com\/","logo":{"@type":"ImageObject","inLanguage":"fr-FR","@id":"https:\/\/hunter-optics.com\/#\/schema\/logo\/image\/","url":"https:\/\/hunter-optics.com\/wp-content\/uploads\/2025\/06\/hunter-optics-logo-1.png","contentUrl":"https:\/\/hunter-optics.com\/wp-content\/uploads\/2025\/06\/hunter-optics-logo-1.png","width":937,"height":373,"caption":"Hunter Optics"},"image":{"@id":"https:\/\/hunter-optics.com\/#\/schema\/logo\/image\/"}}]},"product_brand":"Vortex","product_price_amount":"699.99","product_price_currency":"USD","og_availability":"instock","product_availability":"instock","product_condition":"new"},"_links":{"self":[{"href":"https:\/\/hunter-optics.com\/fr\/wp-json\/wp\/v2\/product\/1646","targetHints":{"allow":["GET"]}}],"collection":[{"href":"https:\/\/hunter-optics.com\/fr\/wp-json\/wp\/v2\/product"}],"about":[{"href":"https:\/\/hunter-optics.com\/fr\/wp-json\/wp\/v2\/types\/product"}],"replies":[{"embeddable":true,"href":"https:\/\/hunter-optics.com\/fr\/wp-json\/wp\/v2\/comments?post=1646"}],"version-history":[{"count":4,"href":"https:\/\/hunter-optics.com\/fr\/wp-json\/wp\/v2\/product\/1646\/revisions"}],"predecessor-version":[{"id":1674,"href":"https:\/\/hunter-optics.com\/fr\/wp-json\/wp\/v2\/product\/1646\/revisions\/1674"}],"wp:featuredmedia":[{"embeddable":true,"href":"https:\/\/hunter-optics.com\/fr\/wp-json\/wp\/v2\/media\/1647"}],"wp:attachment":[{"href":"https:\/\/hunter-optics.com\/fr\/wp-json\/wp\/v2\/media?parent=1646"}],"wp:term":[{"taxonomy":"brand","embeddable":true,"href":"https:\/\/hunter-optics.com\/fr\/wp-json\/wp\/v2\/etheme_brands?post=1646"},{"taxonomy":"product_brand","embeddable":true,"href":"https:\/\/hunter-optics.com\/fr\/wp-json\/wp\/v2\/product_brand?post=1646"},{"taxonomy":"product_cat","embeddable":true,"href":"https:\/\/hunter-optics.com\/fr\/wp-json\/wp\/v2\/product_cat?post=1646"},{"taxonomy":"product_tag","embeddable":true,"href":"https:\/\/hunter-optics.com\/fr\/wp-json\/wp\/v2\/product_tag?post=1646"}],"curies":[{"name":"wp","href":"https:\/\/api.w.org\/{rel}","templated":true}]}}