{"id":1586,"date":"2025-08-05T06:51:44","date_gmt":"2025-08-05T06:51:44","guid":{"rendered":"https:\/\/hunter-optics.com\/?post_type=product&#038;p=1586"},"modified":"2025-08-09T10:02:40","modified_gmt":"2025-08-09T10:02:40","slug":"vortex-strike-eagle-2-0-1-8x24-illuminated-sfp-lvpo-ar-bdc3-moa-30mm","status":"publish","type":"product","link":"https:\/\/hunter-optics.com\/fr\/produit\/vortex-strike-eagle-2-0-1-8x24-illuminated-sfp-lvpo-ar-bdc3-moa-30mm\/","title":{"rendered":"Vortex STRIKE EAGLE\u00ae 2.0 1-8\u00d724 Illumin\u00e9 SFP LVPO AR-BDC3 MOA 30mm"},"content":{"rendered":"<div id=\"target_description\" class=\"w-full py-8 border-t mb-6 text-sm border-pbordergreydark pm-product-content open\">\n<h3>Vortex Strike Eagle 2.0 1-8\u00d724 SFP illumin\u00e9e AR-BDC3 MOA lunette de vis\u00e9e<\/h3>\n<p>Nouveaut\u00e9s pour 2020 - La gamme de lunettes de vis\u00e9e Strike Eagle de Vortex a \u00e9t\u00e9 mise \u00e0 jour pour la nouvelle d\u00e9cennie.<\/p>\n<p>Cette nouvelle gamme offre d\u00e9sormais un syst\u00e8me optique am\u00e9lior\u00e9 avec une meilleure tonalit\u00e9 des couleurs, une plus grande luminosit\u00e9 et un meilleur contraste.<\/p>\n<p>Le r\u00e9ticule AR-BDC3 vous permet de viser des cibles jusqu'\u00e0 650 m\u00e8tres.<\/p>\n<p>Une puissance unique \u00e0 l'extr\u00e9mit\u00e9 inf\u00e9rieure de la plage de zoom permet une acquisition rapide de la cible dans les situations de proximit\u00e9.<\/p>\n<p>Besoin d'engager des cibles \u00e0 distance ? Augmentez le zoom au maximum et laissez-le s'exprimer.<\/p>\n<p>Le Strike Eagle est une excellente lunette polyvalente, parfaite pour le tir tactique, la chasse, la d\u00e9pr\u00e9dation et bien plus encore.<\/p>\n<p>Cette lunette de vis\u00e9e est destin\u00e9e \u00e0 ceux qui veulent entrer dans le jeu.<\/p>\n<p>Une excellente lunette pour un excellent prix.<\/p>\n<h3>Vortex Strike Eagle 2.0 1-8\u00d724 SFP illumin\u00e9e AR-BDC3 MOA lunette de vis\u00e9e<\/h3>\n<table class=\"typedisplay\">\n<tbody>\n<tr>\n<td class=\"productpropertylabel\">\u00c9tat de l'article<\/td>\n<td class=\"productpropertyvalue\">Nouveau<\/td>\n<\/tr>\n<tr class=\"alt\">\n<td class=\"productpropertylabel\">Poids de la lunette :<\/td>\n<td class=\"productpropertyvalue\">17.6 oz<\/td>\n<\/tr>\n<tr>\n<td class=\"productpropertylabel\">Longueur de la lunette :<\/td>\n<td class=\"productpropertyvalue\">10&#8243;<\/td>\n<\/tr>\n<tr class=\"alt\">\n<td class=\"productpropertylabel\">Plage de grossissement :<\/td>\n<td class=\"productpropertyvalue\">1-8x<\/td>\n<\/tr>\n<tr>\n<td class=\"productpropertylabel\">Diam\u00e8tre de l'objectif de la lunette :<\/td>\n<td class=\"productpropertyvalue\">24 mm<\/td>\n<\/tr>\n<tr class=\"alt\">\n<td class=\"productpropertylabel\">Taille du tube de vis\u00e9e \/ montage :<\/td>\n<td class=\"productpropertyvalue\">30 mm<\/td>\n<\/tr>\n<tr>\n<td class=\"productpropertylabel\">R\u00e9glage de la tourelle (valeur par clic) :<\/td>\n<td class=\"productpropertyvalue\">.5 MOA<\/td>\n<\/tr>\n<tr class=\"alt\">\n<td class=\"productpropertylabel\">Tourelle d'\u00e9l\u00e9vation D\u00e9tails :<\/td>\n<td class=\"productpropertyvalue\">140 MOA<\/td>\n<\/tr>\n<tr>\n<td class=\"productpropertylabel\">Tourelle de vis\u00e9e D\u00e9tails de la tourelle :<\/td>\n<td class=\"productpropertyvalue\">140 MOA<\/td>\n<\/tr>\n<tr class=\"alt\">\n<td class=\"productpropertylabel\">Position du r\u00e9ticule :<\/td>\n<td class=\"productpropertyvalue\">Deuxi\u00e8me plan focal<\/td>\n<\/tr>\n<tr>\n<td class=\"productpropertylabel\">D\u00e9tails du r\u00e9ticule :<\/td>\n<td class=\"productpropertyvalue\">AR-BDC3 \u00e9clair\u00e9<\/td>\n<\/tr>\n<tr class=\"alt\">\n<td class=\"productpropertylabel\">Champ de vision :<\/td>\n<td class=\"productpropertyvalue\">109&#8242;-14.4&#8242;<\/td>\n<\/tr>\n<tr>\n<td class=\"productpropertylabel\">Soulagement des yeux :<\/td>\n<td class=\"productpropertyvalue\">3.5&#8243;<\/td>\n<\/tr>\n<tr class=\"alt\">\n<td class=\"productpropertylabel\">R\u00e9ticule lumineux :<\/td>\n<td class=\"productpropertyvalue\">Oui<\/td>\n<\/tr>\n<tr>\n<td class=\"productpropertylabel\">Finition de la lunette :<\/td>\n<td class=\"productpropertyvalue\">Noir<\/td>\n<\/tr>\n<tr class=\"alt\">\n<td class=\"productpropertylabel\">Rotation de la tourelle de la lunette :<\/td>\n<td class=\"productpropertyvalue\">Sens inverse des aiguilles d'une montre (CCW)<\/td>\n<\/tr>\n<tr>\n<td class=\"productpropertylabel\">Type de produit<\/td>\n<td class=\"productpropertyvalue\">T\u00e9lescopes<\/td>\n<\/tr>\n<tr>\n<td class=\"productpropertylabel\">CUP<\/td>\n<td class=\"productpropertyvalue\">843829110952<\/td>\n<\/tr>\n<tr class=\"alt\">\n<td class=\"productpropertylabel\">MPN<\/td>\n<td class=\"productpropertyvalue\">SE-1824-2<\/td>\n<\/tr>\n<\/tbody>\n<\/table>\n<p><strong><span id=\"link_features\" class=\"border-t border-pbordergreydark text-lg sm:text-xl cursor-pointer font-serif block relative py-4 font-semibold pm-product-tablink grey open\">CARACT\u00c9RISTIQUES<\/span><\/strong><\/p>\n<div id=\"target_features\" class=\"w-full py-8 border-t mb-6 text-sm border-pbordergreydark pm-product-content open\">\n<h3>Vortex Strike Eagle 2.0 1-8\u00d724 SFP illumin\u00e9e AR-BDC3 MOA lunette de vis\u00e9e<\/h3>\n<ul>\n<li>R\u00e9ticule lumineux<\/li>\n<li>Lentilles enti\u00e8rement multicouches<\/li>\n<li>R\u00e9ticule du second plan focal<\/li>\n<li>R\u00e9ticule en verre d\u00e9poli<\/li>\n<li>R\u00e9sistant aux chocs<\/li>\n<li>Imperm\u00e9able \u00e0 l'eau<\/li>\n<li>Anti-brouillard<\/li>\n<li>Bo\u00eetier en aluminium de qualit\u00e9 a\u00e9ronautique<\/li>\n<li>Tube monobloc<\/li>\n<li>Oculaire \u00e0 focalisation rapide<\/li>\n<li>Levier de lancement<\/li>\n<\/ul>\n<\/div>\n<\/div>","protected":false},"excerpt":{"rendered":"<ul>\n<li>R\u00e9ticule lumineux<\/li>\n<li>Lentilles enti\u00e8rement multicouches<\/li>\n<li>R\u00e9ticule du second plan focal<\/li>\n<li>R\u00e9ticule en verre d\u00e9poli<\/li>\n<li>R\u00e9sistant aux chocs<\/li>\n<li>Imperm\u00e9able \u00e0 l'eau<\/li>\n<\/ul>","protected":false},"featured_media":1588,"comment_status":"open","ping_status":"closed","template":"","meta":[],"etheme_brands":[{"term_id":47,"name":"Vortex","slug":"vortex","term_group":0,"term_taxonomy_id":47,"taxonomy":"brand","description":"","parent":0,"count":9,"filter":"raw"}],"product_brand":[],"product_cat":[49],"product_tag":[],"class_list":{"0":"post-1586","1":"product","2":"type-product","3":"status-publish","4":"has-post-thumbnail","6":"brand-vortex","7":"product_cat-rifle-scopes","9":"first","10":"instock","11":"sale","12":"taxable","13":"shipping-taxable","14":"purchasable","15":"product-type-simple"},"yoast_head":"<!-- This site is optimized with the Yoast SEO Premium plugin v25.7.1 (Yoast SEO v27.4) - https:\/\/yoast.com\/product\/yoast-seo-premium-wordpress\/ -->\n<title>Vortex STRIKE EAGLE\u00ae 2.0 1-8x24 Illuminated SFP LVPO AR-BDC3 MOA 30mm - Hunter Optics<\/title>\n<meta name=\"description\" content=\"Vortex Strike Eagle 2.0 1-8x24 SFP LVPO features an illuminated AR-BDC3 reticle, aircraft-grade ArmorTek\u00ae coating &amp; shockproof design. Ideal for tactical precision. Shop now.\" \/>\n<meta name=\"robots\" content=\"index, follow, max-snippet:-1, max-image-preview:large, max-video-preview:-1\" \/>\n<link rel=\"canonical\" href=\"https:\/\/hunter-optics.com\/fr\/produit\/vortex-strike-eagle-2-0-1-8x24-illuminated-sfp-lvpo-ar-bdc3-moa-30mm\/\" \/>\n<meta property=\"og:locale\" content=\"fr_FR\" \/>\n<meta property=\"og:type\" content=\"article\" \/>\n<meta property=\"og:title\" content=\"Vortex STRIKE EAGLE\u00ae 2.0 1-8x24 Illuminated SFP LVPO AR-BDC3 MOA 30mm\" \/>\n<meta property=\"og:description\" content=\"Vortex Strike Eagle 2.0 1-8x24 SFP LVPO features an illuminated AR-BDC3 reticle, aircraft-grade ArmorTek\u00ae coating &amp; shockproof design. Ideal for tactical precision. Shop now.\" \/>\n<meta property=\"og:url\" content=\"https:\/\/hunter-optics.com\/fr\/produit\/vortex-strike-eagle-2-0-1-8x24-illuminated-sfp-lvpo-ar-bdc3-moa-30mm\/\" \/>\n<meta property=\"og:site_name\" content=\"Hunter Optics\" \/>\n<meta property=\"article:modified_time\" content=\"2025-08-09T10:02:40+00:00\" \/>\n<meta property=\"og:image\" content=\"https:\/\/hunter-optics.com\/wp-content\/uploads\/2025\/08\/Vortex-Strike-Eagle-2.0-1-8x24-Illuminated-SFP-LVPO-AR-BDC3-MOA-30mm.jpg\" \/>\n\t<meta property=\"og:image:width\" content=\"876\" \/>\n\t<meta property=\"og:image:height\" content=\"876\" \/>\n\t<meta property=\"og:image:type\" content=\"image\/jpeg\" \/>\n<meta name=\"twitter:card\" content=\"summary_large_image\" \/>\n<meta name=\"twitter:label1\" content=\"Prix\" \/>\n\t<meta name=\"twitter:data1\" content=\"&#036;499.99\" \/>\n\t<meta name=\"twitter:label2\" content=\"Disponibilit\u00e9\" \/>\n\t<meta name=\"twitter:data2\" content=\"En stock\" \/>\n<script type=\"application\/ld+json\" class=\"yoast-schema-graph\">{\"@context\":\"https:\\\/\\\/schema.org\",\"@graph\":[{\"@type\":\"WebPage\",\"@id\":\"https:\\\/\\\/hunter-optics.com\\\/product\\\/vortex-strike-eagle-2-0-1-8x24-illuminated-sfp-lvpo-ar-bdc3-moa-30mm\\\/\",\"url\":\"https:\\\/\\\/hunter-optics.com\\\/product\\\/vortex-strike-eagle-2-0-1-8x24-illuminated-sfp-lvpo-ar-bdc3-moa-30mm\\\/\",\"name\":\"Vortex STRIKE EAGLE\u00ae 2.0 1-8x24 Illuminated SFP LVPO AR-BDC3 MOA 30mm - Hunter Optics\",\"isPartOf\":{\"@id\":\"https:\\\/\\\/hunter-optics.com\\\/#website\"},\"primaryImageOfPage\":{\"@id\":\"https:\\\/\\\/hunter-optics.com\\\/product\\\/vortex-strike-eagle-2-0-1-8x24-illuminated-sfp-lvpo-ar-bdc3-moa-30mm\\\/#primaryimage\"},\"image\":{\"@id\":\"https:\\\/\\\/hunter-optics.com\\\/product\\\/vortex-strike-eagle-2-0-1-8x24-illuminated-sfp-lvpo-ar-bdc3-moa-30mm\\\/#primaryimage\"},\"thumbnailUrl\":\"https:\\\/\\\/hunter-optics.com\\\/wp-content\\\/uploads\\\/2025\\\/08\\\/Vortex-Strike-Eagle-2.0-1-8x24-Illuminated-SFP-LVPO-AR-BDC3-MOA-30mm.jpg\",\"datePublished\":\"2025-08-05T06:51:44+00:00\",\"dateModified\":\"2025-08-09T10:02:40+00:00\",\"description\":\"Vortex Strike Eagle 2.0 1-8x24 SFP LVPO features an illuminated AR-BDC3 reticle, aircraft-grade ArmorTek\u00ae coating & shockproof design. Ideal for tactical precision. Shop now.\",\"breadcrumb\":{\"@id\":\"https:\\\/\\\/hunter-optics.com\\\/product\\\/vortex-strike-eagle-2-0-1-8x24-illuminated-sfp-lvpo-ar-bdc3-moa-30mm\\\/#breadcrumb\"},\"inLanguage\":\"fr-FR\",\"potentialAction\":[{\"@type\":\"ReadAction\",\"target\":[\"https:\\\/\\\/hunter-optics.com\\\/product\\\/vortex-strike-eagle-2-0-1-8x24-illuminated-sfp-lvpo-ar-bdc3-moa-30mm\\\/\"]}]},{\"@type\":\"ImageObject\",\"inLanguage\":\"fr-FR\",\"@id\":\"https:\\\/\\\/hunter-optics.com\\\/product\\\/vortex-strike-eagle-2-0-1-8x24-illuminated-sfp-lvpo-ar-bdc3-moa-30mm\\\/#primaryimage\",\"url\":\"https:\\\/\\\/hunter-optics.com\\\/wp-content\\\/uploads\\\/2025\\\/08\\\/Vortex-Strike-Eagle-2.0-1-8x24-Illuminated-SFP-LVPO-AR-BDC3-MOA-30mm.jpg\",\"contentUrl\":\"https:\\\/\\\/hunter-optics.com\\\/wp-content\\\/uploads\\\/2025\\\/08\\\/Vortex-Strike-Eagle-2.0-1-8x24-Illuminated-SFP-LVPO-AR-BDC3-MOA-30mm.jpg\",\"width\":876,\"height\":876},{\"@type\":\"BreadcrumbList\",\"@id\":\"https:\\\/\\\/hunter-optics.com\\\/product\\\/vortex-strike-eagle-2-0-1-8x24-illuminated-sfp-lvpo-ar-bdc3-moa-30mm\\\/#breadcrumb\",\"itemListElement\":[{\"@type\":\"ListItem\",\"position\":1,\"name\":\"Home\",\"item\":\"https:\\\/\\\/hunter-optics.com\\\/\"},{\"@type\":\"ListItem\",\"position\":2,\"name\":\"Products\",\"item\":\"https:\\\/\\\/hunter-optics.com\\\/shop\\\/\"},{\"@type\":\"ListItem\",\"position\":3,\"name\":\"Vortex STRIKE EAGLE\u00ae 2.0 1-8&#215;24 Illuminated SFP LVPO AR-BDC3 MOA 30mm\"}]},{\"@type\":\"WebSite\",\"@id\":\"https:\\\/\\\/hunter-optics.com\\\/#website\",\"url\":\"https:\\\/\\\/hunter-optics.com\\\/\",\"name\":\"Hunter Optics\",\"description\":\"Hunter Optics \u2014 Your Eye on the Target.\",\"publisher\":{\"@id\":\"https:\\\/\\\/hunter-optics.com\\\/#organization\"},\"potentialAction\":[{\"@type\":\"SearchAction\",\"target\":{\"@type\":\"EntryPoint\",\"urlTemplate\":\"https:\\\/\\\/hunter-optics.com\\\/?s={search_term_string}\"},\"query-input\":{\"@type\":\"PropertyValueSpecification\",\"valueRequired\":true,\"valueName\":\"search_term_string\"}}],\"inLanguage\":\"fr-FR\"},{\"@type\":\"Organization\",\"@id\":\"https:\\\/\\\/hunter-optics.com\\\/#organization\",\"name\":\"Hunter Optics\",\"url\":\"https:\\\/\\\/hunter-optics.com\\\/\",\"logo\":{\"@type\":\"ImageObject\",\"inLanguage\":\"fr-FR\",\"@id\":\"https:\\\/\\\/hunter-optics.com\\\/#\\\/schema\\\/logo\\\/image\\\/\",\"url\":\"https:\\\/\\\/hunter-optics.com\\\/wp-content\\\/uploads\\\/2025\\\/06\\\/hunter-optics-logo-1.png\",\"contentUrl\":\"https:\\\/\\\/hunter-optics.com\\\/wp-content\\\/uploads\\\/2025\\\/06\\\/hunter-optics-logo-1.png\",\"width\":937,\"height\":373,\"caption\":\"Hunter Optics\"},\"image\":{\"@id\":\"https:\\\/\\\/hunter-optics.com\\\/#\\\/schema\\\/logo\\\/image\\\/\"}}]}<\/script>\n<meta property=\"product:brand\" content=\"Vortex\" \/>\n<meta property=\"product:price:amount\" content=\"499.99\" \/>\n<meta property=\"product:price:currency\" content=\"USD\" \/>\n<meta property=\"og:availability\" content=\"instock\" \/>\n<meta property=\"product:availability\" content=\"instock\" \/>\n<meta property=\"product:condition\" content=\"new\" \/>\n<!-- \/ Yoast SEO Premium plugin. -->","yoast_head_json":{"title":"Vortex STRIKE EAGLE\u00ae 2.0 1-8x24 Illumin\u00e9 SFP LVPO AR-BDC3 MOA 30mm - Hunter Optics","description":"La Vortex Strike Eagle 2.0 1-8x24 SFP LVPO est dot\u00e9e d'un r\u00e9ticule AR-BDC3 \u00e9clair\u00e9, d'un rev\u00eatement ArmorTek\u00ae de qualit\u00e9 a\u00e9ronautique et d'une conception antichoc. Id\u00e9ale pour la pr\u00e9cision tactique. Achetez maintenant.","robots":{"index":"index","follow":"follow","max-snippet":"max-snippet:-1","max-image-preview":"max-image-preview:large","max-video-preview":"max-video-preview:-1"},"canonical":"https:\/\/hunter-optics.com\/fr\/produit\/vortex-strike-eagle-2-0-1-8x24-illuminated-sfp-lvpo-ar-bdc3-moa-30mm\/","og_locale":"fr_FR","og_type":"article","og_title":"Vortex STRIKE EAGLE\u00ae 2.0 1-8x24 Illuminated SFP LVPO AR-BDC3 MOA 30mm","og_description":"Vortex Strike Eagle 2.0 1-8x24 SFP LVPO features an illuminated AR-BDC3 reticle, aircraft-grade ArmorTek\u00ae coating & shockproof design. Ideal for tactical precision. Shop now.","og_url":"https:\/\/hunter-optics.com\/fr\/produit\/vortex-strike-eagle-2-0-1-8x24-illuminated-sfp-lvpo-ar-bdc3-moa-30mm\/","og_site_name":"Hunter Optics","article_modified_time":"2025-08-09T10:02:40+00:00","og_image":[{"width":876,"height":876,"url":"https:\/\/hunter-optics.com\/wp-content\/uploads\/2025\/08\/Vortex-Strike-Eagle-2.0-1-8x24-Illuminated-SFP-LVPO-AR-BDC3-MOA-30mm.jpg","type":"image\/jpeg"}],"twitter_card":"summary_large_image","twitter_misc":{"Prix":"&#36;499.99","Disponibilit\u00e9":"En stock"},"schema":{"@context":"https:\/\/schema.org","@graph":[{"@type":"WebPage","@id":"https:\/\/hunter-optics.com\/product\/vortex-strike-eagle-2-0-1-8x24-illuminated-sfp-lvpo-ar-bdc3-moa-30mm\/","url":"https:\/\/hunter-optics.com\/product\/vortex-strike-eagle-2-0-1-8x24-illuminated-sfp-lvpo-ar-bdc3-moa-30mm\/","name":"Vortex STRIKE EAGLE\u00ae 2.0 1-8x24 Illumin\u00e9 SFP LVPO AR-BDC3 MOA 30mm - Hunter Optics","isPartOf":{"@id":"https:\/\/hunter-optics.com\/#website"},"primaryImageOfPage":{"@id":"https:\/\/hunter-optics.com\/product\/vortex-strike-eagle-2-0-1-8x24-illuminated-sfp-lvpo-ar-bdc3-moa-30mm\/#primaryimage"},"image":{"@id":"https:\/\/hunter-optics.com\/product\/vortex-strike-eagle-2-0-1-8x24-illuminated-sfp-lvpo-ar-bdc3-moa-30mm\/#primaryimage"},"thumbnailUrl":"https:\/\/hunter-optics.com\/wp-content\/uploads\/2025\/08\/Vortex-Strike-Eagle-2.0-1-8x24-Illuminated-SFP-LVPO-AR-BDC3-MOA-30mm.jpg","datePublished":"2025-08-05T06:51:44+00:00","dateModified":"2025-08-09T10:02:40+00:00","description":"La Vortex Strike Eagle 2.0 1-8x24 SFP LVPO est dot\u00e9e d'un r\u00e9ticule AR-BDC3 \u00e9clair\u00e9, d'un rev\u00eatement ArmorTek\u00ae de qualit\u00e9 a\u00e9ronautique et d'une conception antichoc. Id\u00e9ale pour la pr\u00e9cision tactique. Achetez maintenant.","breadcrumb":{"@id":"https:\/\/hunter-optics.com\/product\/vortex-strike-eagle-2-0-1-8x24-illuminated-sfp-lvpo-ar-bdc3-moa-30mm\/#breadcrumb"},"inLanguage":"fr-FR","potentialAction":[{"@type":"ReadAction","target":["https:\/\/hunter-optics.com\/product\/vortex-strike-eagle-2-0-1-8x24-illuminated-sfp-lvpo-ar-bdc3-moa-30mm\/"]}]},{"@type":"ImageObject","inLanguage":"fr-FR","@id":"https:\/\/hunter-optics.com\/product\/vortex-strike-eagle-2-0-1-8x24-illuminated-sfp-lvpo-ar-bdc3-moa-30mm\/#primaryimage","url":"https:\/\/hunter-optics.com\/wp-content\/uploads\/2025\/08\/Vortex-Strike-Eagle-2.0-1-8x24-Illuminated-SFP-LVPO-AR-BDC3-MOA-30mm.jpg","contentUrl":"https:\/\/hunter-optics.com\/wp-content\/uploads\/2025\/08\/Vortex-Strike-Eagle-2.0-1-8x24-Illuminated-SFP-LVPO-AR-BDC3-MOA-30mm.jpg","width":876,"height":876},{"@type":"BreadcrumbList","@id":"https:\/\/hunter-optics.com\/product\/vortex-strike-eagle-2-0-1-8x24-illuminated-sfp-lvpo-ar-bdc3-moa-30mm\/#breadcrumb","itemListElement":[{"@type":"ListItem","position":1,"name":"Home","item":"https:\/\/hunter-optics.com\/"},{"@type":"ListItem","position":2,"name":"Products","item":"https:\/\/hunter-optics.com\/shop\/"},{"@type":"ListItem","position":3,"name":"Vortex STRIKE EAGLE\u00ae 2.0 1-8&#215;24 Illuminated SFP LVPO AR-BDC3 MOA 30mm"}]},{"@type":"WebSite","@id":"https:\/\/hunter-optics.com\/#website","url":"https:\/\/hunter-optics.com\/","name":"Optique Hunter","description":"Optique du chasseur - L'\u0153il sur la cible.","publisher":{"@id":"https:\/\/hunter-optics.com\/#organization"},"potentialAction":[{"@type":"SearchAction","target":{"@type":"EntryPoint","urlTemplate":"https:\/\/hunter-optics.com\/?s={search_term_string}"},"query-input":{"@type":"PropertyValueSpecification","valueRequired":true,"valueName":"search_term_string"}}],"inLanguage":"fr-FR"},{"@type":"Organization","@id":"https:\/\/hunter-optics.com\/#organization","name":"Optique Hunter","url":"https:\/\/hunter-optics.com\/","logo":{"@type":"ImageObject","inLanguage":"fr-FR","@id":"https:\/\/hunter-optics.com\/#\/schema\/logo\/image\/","url":"https:\/\/hunter-optics.com\/wp-content\/uploads\/2025\/06\/hunter-optics-logo-1.png","contentUrl":"https:\/\/hunter-optics.com\/wp-content\/uploads\/2025\/06\/hunter-optics-logo-1.png","width":937,"height":373,"caption":"Hunter Optics"},"image":{"@id":"https:\/\/hunter-optics.com\/#\/schema\/logo\/image\/"}}]},"product_brand":"Vortex","product_price_amount":"499.99","product_price_currency":"USD","og_availability":"instock","product_availability":"instock","product_condition":"new"},"_links":{"self":[{"href":"https:\/\/hunter-optics.com\/fr\/wp-json\/wp\/v2\/product\/1586","targetHints":{"allow":["GET"]}}],"collection":[{"href":"https:\/\/hunter-optics.com\/fr\/wp-json\/wp\/v2\/product"}],"about":[{"href":"https:\/\/hunter-optics.com\/fr\/wp-json\/wp\/v2\/types\/product"}],"replies":[{"embeddable":true,"href":"https:\/\/hunter-optics.com\/fr\/wp-json\/wp\/v2\/comments?post=1586"}],"version-history":[{"count":5,"href":"https:\/\/hunter-optics.com\/fr\/wp-json\/wp\/v2\/product\/1586\/revisions"}],"predecessor-version":[{"id":1679,"href":"https:\/\/hunter-optics.com\/fr\/wp-json\/wp\/v2\/product\/1586\/revisions\/1679"}],"wp:featuredmedia":[{"embeddable":true,"href":"https:\/\/hunter-optics.com\/fr\/wp-json\/wp\/v2\/media\/1588"}],"wp:attachment":[{"href":"https:\/\/hunter-optics.com\/fr\/wp-json\/wp\/v2\/media?parent=1586"}],"wp:term":[{"taxonomy":"brand","embeddable":true,"href":"https:\/\/hunter-optics.com\/fr\/wp-json\/wp\/v2\/etheme_brands?post=1586"},{"taxonomy":"product_brand","embeddable":true,"href":"https:\/\/hunter-optics.com\/fr\/wp-json\/wp\/v2\/product_brand?post=1586"},{"taxonomy":"product_cat","embeddable":true,"href":"https:\/\/hunter-optics.com\/fr\/wp-json\/wp\/v2\/product_cat?post=1586"},{"taxonomy":"product_tag","embeddable":true,"href":"https:\/\/hunter-optics.com\/fr\/wp-json\/wp\/v2\/product_tag?post=1586"}],"curies":[{"name":"wp","href":"https:\/\/api.w.org\/{rel}","templated":true}]}}