{"id":1578,"date":"2025-08-05T06:29:36","date_gmt":"2025-08-05T06:29:36","guid":{"rendered":"https:\/\/hunter-optics.com\/?post_type=product&#038;p=1578"},"modified":"2025-08-09T10:02:56","modified_gmt":"2025-08-09T10:02:56","slug":"vortex-venom-1-6x24ir-moa","status":"publish","type":"product","link":"https:\/\/hunter-optics.com\/fr\/produit\/vortex-venom-1-6x24ir-moa\/","title":{"rendered":"Vortex VENOM\u00ae 1-6x24IR (MOA)"},"content":{"rendered":"<p><strong>Vue d'ensemble<\/strong><\/p>\n<p>Venin<sup>\u00ae<\/sup> est votre passerelle vers la pr\u00e9cision \u00e0 longue port\u00e9e et le succ\u00e8s tactique - une optique de travail qui transforme les efforts en r\u00e9sultats. Construction solide. Une qualit\u00e9 de verre exceptionnelle avec une clart\u00e9 et un contraste qui vous permettent de rester concentr\u00e9 dans n'importe quel environnement, que vous visiez des cibles rapproch\u00e9es ou que vous repoussiez vos limites \u00e0 distance. Con\u00e7ue pour les tireurs qui ont besoin de fiabilit\u00e9, de rapidit\u00e9 et de pr\u00e9cision sous pression, cette gamme offre un m\u00e9lange parfait d'utilit\u00e9 et de performance, vous permettant d'entrer dans le jeu et de vous pousser plus loin \u00e0 chaque tir.<\/p>\n<div class=\"product sizechart\">\n<div class=\"sizechart-title\">\n<div class=\"item-title\"><strong>Venin<sup>\u00ae<\/sup> 1-6\u00d724 SFP Dimensions (en pouces)<\/strong><\/div>\n<\/div>\n<div class=\"sizechart-details\">\n<div class=\"sizechart-image\"><img decoding=\"async\" src=\"https:\/\/vortexoptics.com\/media\/wysiwyg\/dim_venom_3-15x44_moa.png\" alt=\"Venom 1-6x24 SFP Dimensions\" data-uw-rm-alt-original=\"Venom 1-6x24 SFP Dimensions\" data-uw-rm-alt=\"ALT\" \/><\/div>\n<table class=\"lengths\">\n<tbody>\n<tr>\n<th colspan=\"6\" scope=\"colgroup\">Longueurs<\/th>\n<\/tr>\n<tr>\n<td>L1<\/td>\n<td>L2<\/td>\n<td>L3<\/td>\n<td>L4<\/td>\n<\/tr>\n<tr>\n<td>10.3<\/td>\n<td>2.8<\/td>\n<td>2.3<\/td>\n<td>6.7<\/td>\n<\/tr>\n<\/tbody>\n<\/table>\n<table class=\"heights\">\n<tbody>\n<tr>\n<th colspan=\"2\" scope=\"colgroup\">Hauteurs<\/th>\n<\/tr>\n<tr>\n<td>H1<\/td>\n<td>H2<\/td>\n<\/tr>\n<tr>\n<td>1.2<\/td>\n<td>1.8<\/td>\n<\/tr>\n<\/tbody>\n<\/table>\n<p><strong>Sp\u00e9cifications<\/strong><\/p>\n<table id=\"product-vortex-specs-table\" class=\"data table spec-attributes\">\n<tbody>\n<tr>\n<th class=\"col label\" scope=\"row\">Agrandissement<\/th>\n<td class=\"col data\" data-th=\"Magnification\">1-6x<\/td>\n<\/tr>\n<tr>\n<th class=\"col label\" scope=\"row\">Diam\u00e8tre de l'objectif<\/th>\n<td class=\"col data\" data-th=\"Objective Lens Diameter\">24 mm<\/td>\n<\/tr>\n<tr>\n<th class=\"col label\" scope=\"row\">Plan focal<\/th>\n<td class=\"col data\" data-th=\"Focal Plane\">Deuxi\u00e8me plan focal<\/td>\n<\/tr>\n<tr>\n<th class=\"col label\" scope=\"row\">R\u00e9ticule<\/th>\n<td class=\"col data\" data-th=\"Reticle\">AR-BDC3<\/td>\n<\/tr>\n<tr>\n<th class=\"col label\" scope=\"row\">Soulagement des yeux<\/th>\n<td class=\"col data\" data-th=\"Eye Relief\">3.7&#8243;<\/td>\n<\/tr>\n<tr>\n<th class=\"col label\" scope=\"row\">Champ de vision<\/th>\n<td class=\"col data\" data-th=\"Field of View\">126.0\u2032 - 20.2\u2032 @ 100 yds<\/td>\n<\/tr>\n<tr>\n<th class=\"col label\" scope=\"row\">Style tourelle<\/th>\n<td class=\"col data\" data-th=\"Turret Style\">Plafonn\u00e9<\/td>\n<\/tr>\n<tr>\n<th class=\"col label\" scope=\"row\">Taille du tube<\/th>\n<td class=\"col data\" data-th=\"Tube Size\">30 mm<\/td>\n<\/tr>\n<tr>\n<th class=\"col label\" scope=\"row\">Ajustement Graduation<\/th>\n<td class=\"col data\" data-th=\"Adjustment Graduation\">1\/4 MOA<\/td>\n<\/tr>\n<tr>\n<th class=\"col label\" scope=\"row\">Voyage par rotation<\/th>\n<td class=\"col data\" data-th=\"Travel Per Rotation\">25 MOA<\/td>\n<\/tr>\n<tr>\n<th class=\"col label\" scope=\"row\">R\u00e9glage de l'\u00e9l\u00e9vation maximale<\/th>\n<td class=\"col data\" data-th=\"Max Elevation Adjustment\">140 MOA<\/td>\n<\/tr>\n<tr>\n<th class=\"col label\" scope=\"row\">Ajustement maximal du r\u00e9glage du vent<\/th>\n<td class=\"col data\" data-th=\"Max Windage Adjustment\">140 MOA<\/td>\n<\/tr>\n<tr>\n<th class=\"col label\" scope=\"row\">R\u00e9glage de la parallaxe<\/th>\n<td class=\"col data\" data-th=\"Parallax Setting\">100 yds.<\/td>\n<\/tr>\n<tr>\n<th class=\"col label\" scope=\"row\">Longueur<\/th>\n<td class=\"col data\" data-th=\"Length\">10.3&#8243;<\/td>\n<\/tr>\n<tr>\n<th class=\"col label\" scope=\"row\">Poids<\/th>\n<td class=\"col data\" data-th=\"Weight\">19.5 oz<\/td>\n<\/tr>\n<\/tbody>\n<\/table>\n<p><strong>Caract\u00e9ristiques<\/strong><\/p>\n<table>\n<tbody>\n<tr>\n<th class=\"col label\" scope=\"row\">Syst\u00e8me optique XD\u2122<\/th>\n<td class=\"col data\">Le syst\u00e8me optique haut de gamme offre une r\u00e9solution impressionnante, une nettet\u00e9 d'un bord \u00e0 l'autre, r\u00e9duit consid\u00e9rablement l'aberration chromatique et garantit des images lumineuses et contrast\u00e9es.<\/td>\n<\/tr>\n<tr>\n<th class=\"col label\" scope=\"row\">Lentilles enti\u00e8rement multicouches<\/th>\n<td class=\"col data\">Les rev\u00eatements antireflets sur toutes les surfaces air-verre augmentent la transmission de la lumi\u00e8re pour une plus grande clart\u00e9 et des performances en basse lumi\u00e8re.<\/td>\n<\/tr>\n<tr>\n<th class=\"col label\" scope=\"row\">R\u00e9ticule lumineux<\/th>\n<td class=\"col data\">Permet une vis\u00e9e pr\u00e9cise dans des conditions de faible luminosit\u00e9.<\/td>\n<\/tr>\n<tr>\n<th class=\"col label\" scope=\"row\">Tube monobloc<\/th>\n<td class=\"col data\">Maximise l'alignement pour une meilleure pr\u00e9cision et des performances visuelles optimales, tout en garantissant la solidit\u00e9 et l'\u00e9tanch\u00e9it\u00e9.<\/td>\n<\/tr>\n<tr>\n<th class=\"col label\" scope=\"row\">Gaz d'azote purg\u00e9<\/th>\n<td class=\"col data\">Purg\u00e9 de gaz et scell\u00e9 par un joint torique pour une performance antibrouillard et \u00e9tanche dans toutes les conditions.<\/td>\n<\/tr>\n<tr>\n<th class=\"col label\" scope=\"row\">Oculaire \u00e0 mise au point rapide<\/th>\n<td class=\"col data\">Permet une mise au point rapide et facile du r\u00e9ticule.<\/td>\n<\/tr>\n<tr>\n<th class=\"col label\" scope=\"row\">Levier de lancement<\/th>\n<td class=\"col data\">Le levier de projection inclus peut \u00eatre install\u00e9 pour un r\u00e9glage rapide et facile du grossissement.<\/td>\n<\/tr>\n<tr>\n<th class=\"col label\" scope=\"row\">Aluminium de qualit\u00e9 a\u00e9ronautique<\/th>\n<td class=\"col data\">Fabriqu\u00e9 \u00e0 partir d'un bloc solide d'aluminium de qualit\u00e9 a\u00e9ronautique pour plus de solidit\u00e9 et de rigidit\u00e9.<\/td>\n<\/tr>\n<tr>\n<th class=\"col label\" scope=\"row\">ArmorTek<sup>\u00ae<\/sup><\/th>\n<td class=\"col data\">Le rev\u00eatement ultra-dur, r\u00e9sistant aux rayures, prot\u00e8ge les lentilles ext\u00e9rieures des rayures, de l'huile et de la salet\u00e9.<\/td>\n<\/tr>\n<tr>\n<th class=\"col label\" scope=\"row\">Anodisation noire mate \u00e0 faible reflet<\/th>\n<td class=\"col data\">L'anodisation r\u00e9sistante \u00e0 la corrosion et \u00e0 l'usure offre une surface mate \u00e0 faible reflet et aide \u00e0 camoufler la position du tireur.<\/td>\n<\/tr>\n<tr>\n<th class=\"col label\" scope=\"row\">Imperm\u00e9able \u00e0 l'eau<\/th>\n<td class=\"col data\">Con\u00e7ue pour r\u00e9sister aux conditions m\u00e9t\u00e9orologiques difficiles.<\/td>\n<\/tr>\n<tr>\n<th class=\"col label\" scope=\"row\">R\u00e9sistant aux chocs<\/th>\n<td class=\"col data\">Con\u00e7u pour r\u00e9sister aux niveaux les plus \u00e9lev\u00e9s de recul et d'impact.<\/td>\n<\/tr>\n<tr>\n<th class=\"col label\" scope=\"row\">Anti-brouillard<\/th>\n<td class=\"col data\">Con\u00e7u pour r\u00e9sister \u00e0 une large gamme de temp\u00e9ratures.<\/td>\n<\/tr>\n<\/tbody>\n<\/table>\n<p><strong>R\u00e9ticule<\/strong><\/p>\n<div class=\"reticle-details\">\n<div class=\"reticle-image\"><img decoding=\"async\" src=\"https:\/\/vortexoptics.widen.net\/content\/4ruwhdj8w8\/jpeg\/VTX_SE-1624-2_AR-BDC3_MOA_RS_I_RI_FV.jpeg?w=320&amp;keep=c&amp;crop=yes&amp;color=cccccc&amp;quality=80&amp;u=9oqiqe\" alt=\"AR-BDC3\" data-uw-rm-alt-original=\"\" data-uw-rm-alt=\"CT\" \/><\/div>\n<div class=\"reticle-info\">\n<p><strong>AR-BDC3<\/strong><\/p>\n<div class=\"reticle-description\">\n<p>Le AR-BDC3 illumin\u00e9 et grav\u00e9 dans le verre est sp\u00e9cifiquement adapt\u00e9 aux performances balistiques des charges courantes de 5,56 d'un AR-15. Le point central de 1 MOA fournit un point de vis\u00e9e pr\u00e9cis tandis que le cercle bris\u00e9 de 16,625 MOA qui l'entoure am\u00e8ne votre \u0153il au centre plus rapidement pour une acquisition rapide de la cible, et le BDC vous permet de rester sur la cible jusqu'\u00e0 650 yards.<\/p>\n<p>D\u00e9tail de la sous-tension pour la lunette de vis\u00e9e Venom 1-6\u00d724 avec r\u00e9ticule AR-BDC3.<\/p>\n<\/div>\n<\/div>\n<\/div>\n<\/div>\n<\/div>","protected":false},"excerpt":{"rendered":"<p>Vue d'ensemble Venom\u00ae est votre passerelle vers la pr\u00e9cision \u00e0 longue port\u00e9e et le succ\u00e8s tactique - une optique de travail qui transforme les efforts en r\u00e9sultats. Construction solide. Qualit\u00e9 de verre exceptionnelle et clart\u00e9<\/p>","protected":false},"featured_media":1580,"comment_status":"open","ping_status":"closed","template":"","meta":[],"etheme_brands":[{"term_id":47,"name":"Vortex","slug":"vortex","term_group":0,"term_taxonomy_id":47,"taxonomy":"brand","description":"","parent":0,"count":9,"filter":"raw"}],"product_brand":[],"product_cat":[49],"product_tag":[],"class_list":{"0":"post-1578","1":"product","2":"type-product","3":"status-publish","4":"has-post-thumbnail","6":"brand-vortex","7":"product_cat-rifle-scopes","9":"first","10":"instock","11":"sale","12":"taxable","13":"shipping-taxable","14":"purchasable","15":"product-type-simple"},"yoast_head":"<!-- This site is optimized with the Yoast SEO Premium plugin v25.7.1 (Yoast SEO v27.4) - https:\/\/yoast.com\/product\/yoast-seo-premium-wordpress\/ -->\n<title>Vortex VENOM\u00ae 1-6x24IR (MOA) - Hunter Optics<\/title>\n<meta name=\"description\" content=\"Vortex Venom 1-6x24IR MOA rifle scope features illuminated reticle, precision adjustments &amp; rugged construction. Ideal for tactical shooting. Shop Vortex optics.\" \/>\n<meta name=\"robots\" content=\"index, follow, max-snippet:-1, max-image-preview:large, max-video-preview:-1\" \/>\n<link rel=\"canonical\" href=\"https:\/\/hunter-optics.com\/fr\/produit\/vortex-venom-1-6x24ir-moa\/\" \/>\n<meta property=\"og:locale\" content=\"fr_FR\" \/>\n<meta property=\"og:type\" content=\"article\" \/>\n<meta property=\"og:title\" content=\"Vortex VENOM\u00ae 1-6x24IR (MOA)\" \/>\n<meta property=\"og:description\" content=\"Vortex Venom 1-6x24IR MOA rifle scope features illuminated reticle, precision adjustments &amp; rugged construction. Ideal for tactical shooting. Shop Vortex optics.\" \/>\n<meta property=\"og:url\" content=\"https:\/\/hunter-optics.com\/fr\/produit\/vortex-venom-1-6x24ir-moa\/\" \/>\n<meta property=\"og:site_name\" content=\"Hunter Optics\" \/>\n<meta property=\"article:modified_time\" content=\"2025-08-09T10:02:56+00:00\" \/>\n<meta property=\"og:image\" content=\"https:\/\/hunter-optics.com\/wp-content\/uploads\/2025\/08\/Vortex-Venom-1-6x24IR-MOA.jpg\" \/>\n\t<meta property=\"og:image:width\" content=\"876\" \/>\n\t<meta property=\"og:image:height\" content=\"876\" \/>\n\t<meta property=\"og:image:type\" content=\"image\/jpeg\" \/>\n<meta name=\"twitter:card\" content=\"summary_large_image\" \/>\n<meta name=\"twitter:label1\" content=\"Prix\" \/>\n\t<meta name=\"twitter:data1\" content=\"&#036;439.99\" \/>\n\t<meta name=\"twitter:label2\" content=\"Disponibilit\u00e9\" \/>\n\t<meta name=\"twitter:data2\" content=\"En stock\" \/>\n<script type=\"application\/ld+json\" class=\"yoast-schema-graph\">{\"@context\":\"https:\\\/\\\/schema.org\",\"@graph\":[{\"@type\":\"WebPage\",\"@id\":\"https:\\\/\\\/hunter-optics.com\\\/product\\\/vortex-venom-1-6x24ir-moa\\\/\",\"url\":\"https:\\\/\\\/hunter-optics.com\\\/product\\\/vortex-venom-1-6x24ir-moa\\\/\",\"name\":\"Vortex VENOM\u00ae 1-6x24IR (MOA) - Hunter Optics\",\"isPartOf\":{\"@id\":\"https:\\\/\\\/hunter-optics.com\\\/#website\"},\"primaryImageOfPage\":{\"@id\":\"https:\\\/\\\/hunter-optics.com\\\/product\\\/vortex-venom-1-6x24ir-moa\\\/#primaryimage\"},\"image\":{\"@id\":\"https:\\\/\\\/hunter-optics.com\\\/product\\\/vortex-venom-1-6x24ir-moa\\\/#primaryimage\"},\"thumbnailUrl\":\"https:\\\/\\\/hunter-optics.com\\\/wp-content\\\/uploads\\\/2025\\\/08\\\/Vortex-Venom-1-6x24IR-MOA.jpg\",\"datePublished\":\"2025-08-05T06:29:36+00:00\",\"dateModified\":\"2025-08-09T10:02:56+00:00\",\"description\":\"Vortex Venom 1-6x24IR MOA rifle scope features illuminated reticle, precision adjustments & rugged construction. Ideal for tactical shooting. Shop Vortex optics.\",\"breadcrumb\":{\"@id\":\"https:\\\/\\\/hunter-optics.com\\\/product\\\/vortex-venom-1-6x24ir-moa\\\/#breadcrumb\"},\"inLanguage\":\"fr-FR\",\"potentialAction\":[{\"@type\":\"ReadAction\",\"target\":[\"https:\\\/\\\/hunter-optics.com\\\/product\\\/vortex-venom-1-6x24ir-moa\\\/\"]}]},{\"@type\":\"ImageObject\",\"inLanguage\":\"fr-FR\",\"@id\":\"https:\\\/\\\/hunter-optics.com\\\/product\\\/vortex-venom-1-6x24ir-moa\\\/#primaryimage\",\"url\":\"https:\\\/\\\/hunter-optics.com\\\/wp-content\\\/uploads\\\/2025\\\/08\\\/Vortex-Venom-1-6x24IR-MOA.jpg\",\"contentUrl\":\"https:\\\/\\\/hunter-optics.com\\\/wp-content\\\/uploads\\\/2025\\\/08\\\/Vortex-Venom-1-6x24IR-MOA.jpg\",\"width\":876,\"height\":876},{\"@type\":\"BreadcrumbList\",\"@id\":\"https:\\\/\\\/hunter-optics.com\\\/product\\\/vortex-venom-1-6x24ir-moa\\\/#breadcrumb\",\"itemListElement\":[{\"@type\":\"ListItem\",\"position\":1,\"name\":\"Home\",\"item\":\"https:\\\/\\\/hunter-optics.com\\\/\"},{\"@type\":\"ListItem\",\"position\":2,\"name\":\"Products\",\"item\":\"https:\\\/\\\/hunter-optics.com\\\/shop\\\/\"},{\"@type\":\"ListItem\",\"position\":3,\"name\":\"Vortex VENOM\u00ae 1-6x24IR (MOA)\"}]},{\"@type\":\"WebSite\",\"@id\":\"https:\\\/\\\/hunter-optics.com\\\/#website\",\"url\":\"https:\\\/\\\/hunter-optics.com\\\/\",\"name\":\"Hunter Optics\",\"description\":\"Hunter Optics \u2014 Your Eye on the Target.\",\"publisher\":{\"@id\":\"https:\\\/\\\/hunter-optics.com\\\/#organization\"},\"potentialAction\":[{\"@type\":\"SearchAction\",\"target\":{\"@type\":\"EntryPoint\",\"urlTemplate\":\"https:\\\/\\\/hunter-optics.com\\\/?s={search_term_string}\"},\"query-input\":{\"@type\":\"PropertyValueSpecification\",\"valueRequired\":true,\"valueName\":\"search_term_string\"}}],\"inLanguage\":\"fr-FR\"},{\"@type\":\"Organization\",\"@id\":\"https:\\\/\\\/hunter-optics.com\\\/#organization\",\"name\":\"Hunter Optics\",\"url\":\"https:\\\/\\\/hunter-optics.com\\\/\",\"logo\":{\"@type\":\"ImageObject\",\"inLanguage\":\"fr-FR\",\"@id\":\"https:\\\/\\\/hunter-optics.com\\\/#\\\/schema\\\/logo\\\/image\\\/\",\"url\":\"https:\\\/\\\/hunter-optics.com\\\/wp-content\\\/uploads\\\/2025\\\/06\\\/hunter-optics-logo-1.png\",\"contentUrl\":\"https:\\\/\\\/hunter-optics.com\\\/wp-content\\\/uploads\\\/2025\\\/06\\\/hunter-optics-logo-1.png\",\"width\":937,\"height\":373,\"caption\":\"Hunter Optics\"},\"image\":{\"@id\":\"https:\\\/\\\/hunter-optics.com\\\/#\\\/schema\\\/logo\\\/image\\\/\"}}]}<\/script>\n<meta property=\"product:brand\" content=\"Vortex\" \/>\n<meta property=\"product:price:amount\" content=\"439.99\" \/>\n<meta property=\"product:price:currency\" content=\"USD\" \/>\n<meta property=\"og:availability\" content=\"instock\" \/>\n<meta property=\"product:availability\" content=\"instock\" \/>\n<meta property=\"product:condition\" content=\"new\" \/>\n<!-- \/ Yoast SEO Premium plugin. -->","yoast_head_json":{"title":"Vortex VENOM\u00ae 1-6x24IR (MOA) - Hunter Optics","description":"La lunette de vis\u00e9e Vortex Venom 1-6x24IR MOA est dot\u00e9e d'un r\u00e9ticule \u00e9clair\u00e9, de r\u00e9glages de pr\u00e9cision et d'une construction robuste. Id\u00e9ale pour le tir tactique. Magasinez les optiques Vortex.","robots":{"index":"index","follow":"follow","max-snippet":"max-snippet:-1","max-image-preview":"max-image-preview:large","max-video-preview":"max-video-preview:-1"},"canonical":"https:\/\/hunter-optics.com\/fr\/produit\/vortex-venom-1-6x24ir-moa\/","og_locale":"fr_FR","og_type":"article","og_title":"Vortex VENOM\u00ae 1-6x24IR (MOA)","og_description":"Vortex Venom 1-6x24IR MOA rifle scope features illuminated reticle, precision adjustments & rugged construction. Ideal for tactical shooting. Shop Vortex optics.","og_url":"https:\/\/hunter-optics.com\/fr\/produit\/vortex-venom-1-6x24ir-moa\/","og_site_name":"Hunter Optics","article_modified_time":"2025-08-09T10:02:56+00:00","og_image":[{"width":876,"height":876,"url":"https:\/\/hunter-optics.com\/wp-content\/uploads\/2025\/08\/Vortex-Venom-1-6x24IR-MOA.jpg","type":"image\/jpeg"}],"twitter_card":"summary_large_image","twitter_misc":{"Prix":"&#36;439.99","Disponibilit\u00e9":"En stock"},"schema":{"@context":"https:\/\/schema.org","@graph":[{"@type":"WebPage","@id":"https:\/\/hunter-optics.com\/product\/vortex-venom-1-6x24ir-moa\/","url":"https:\/\/hunter-optics.com\/product\/vortex-venom-1-6x24ir-moa\/","name":"Vortex VENOM\u00ae 1-6x24IR (MOA) - Hunter Optics","isPartOf":{"@id":"https:\/\/hunter-optics.com\/#website"},"primaryImageOfPage":{"@id":"https:\/\/hunter-optics.com\/product\/vortex-venom-1-6x24ir-moa\/#primaryimage"},"image":{"@id":"https:\/\/hunter-optics.com\/product\/vortex-venom-1-6x24ir-moa\/#primaryimage"},"thumbnailUrl":"https:\/\/hunter-optics.com\/wp-content\/uploads\/2025\/08\/Vortex-Venom-1-6x24IR-MOA.jpg","datePublished":"2025-08-05T06:29:36+00:00","dateModified":"2025-08-09T10:02:56+00:00","description":"La lunette de vis\u00e9e Vortex Venom 1-6x24IR MOA est dot\u00e9e d'un r\u00e9ticule \u00e9clair\u00e9, de r\u00e9glages de pr\u00e9cision et d'une construction robuste. Id\u00e9ale pour le tir tactique. Magasinez les optiques Vortex.","breadcrumb":{"@id":"https:\/\/hunter-optics.com\/product\/vortex-venom-1-6x24ir-moa\/#breadcrumb"},"inLanguage":"fr-FR","potentialAction":[{"@type":"ReadAction","target":["https:\/\/hunter-optics.com\/product\/vortex-venom-1-6x24ir-moa\/"]}]},{"@type":"ImageObject","inLanguage":"fr-FR","@id":"https:\/\/hunter-optics.com\/product\/vortex-venom-1-6x24ir-moa\/#primaryimage","url":"https:\/\/hunter-optics.com\/wp-content\/uploads\/2025\/08\/Vortex-Venom-1-6x24IR-MOA.jpg","contentUrl":"https:\/\/hunter-optics.com\/wp-content\/uploads\/2025\/08\/Vortex-Venom-1-6x24IR-MOA.jpg","width":876,"height":876},{"@type":"BreadcrumbList","@id":"https:\/\/hunter-optics.com\/product\/vortex-venom-1-6x24ir-moa\/#breadcrumb","itemListElement":[{"@type":"ListItem","position":1,"name":"Home","item":"https:\/\/hunter-optics.com\/"},{"@type":"ListItem","position":2,"name":"Products","item":"https:\/\/hunter-optics.com\/shop\/"},{"@type":"ListItem","position":3,"name":"Vortex VENOM\u00ae 1-6x24IR (MOA)"}]},{"@type":"WebSite","@id":"https:\/\/hunter-optics.com\/#website","url":"https:\/\/hunter-optics.com\/","name":"Optique Hunter","description":"Optique du chasseur - L'\u0153il sur la cible.","publisher":{"@id":"https:\/\/hunter-optics.com\/#organization"},"potentialAction":[{"@type":"SearchAction","target":{"@type":"EntryPoint","urlTemplate":"https:\/\/hunter-optics.com\/?s={search_term_string}"},"query-input":{"@type":"PropertyValueSpecification","valueRequired":true,"valueName":"search_term_string"}}],"inLanguage":"fr-FR"},{"@type":"Organization","@id":"https:\/\/hunter-optics.com\/#organization","name":"Optique Hunter","url":"https:\/\/hunter-optics.com\/","logo":{"@type":"ImageObject","inLanguage":"fr-FR","@id":"https:\/\/hunter-optics.com\/#\/schema\/logo\/image\/","url":"https:\/\/hunter-optics.com\/wp-content\/uploads\/2025\/06\/hunter-optics-logo-1.png","contentUrl":"https:\/\/hunter-optics.com\/wp-content\/uploads\/2025\/06\/hunter-optics-logo-1.png","width":937,"height":373,"caption":"Hunter Optics"},"image":{"@id":"https:\/\/hunter-optics.com\/#\/schema\/logo\/image\/"}}]},"product_brand":"Vortex","product_price_amount":"439.99","product_price_currency":"USD","og_availability":"instock","product_availability":"instock","product_condition":"new"},"_links":{"self":[{"href":"https:\/\/hunter-optics.com\/fr\/wp-json\/wp\/v2\/product\/1578","targetHints":{"allow":["GET"]}}],"collection":[{"href":"https:\/\/hunter-optics.com\/fr\/wp-json\/wp\/v2\/product"}],"about":[{"href":"https:\/\/hunter-optics.com\/fr\/wp-json\/wp\/v2\/types\/product"}],"replies":[{"embeddable":true,"href":"https:\/\/hunter-optics.com\/fr\/wp-json\/wp\/v2\/comments?post=1578"}],"version-history":[{"count":5,"href":"https:\/\/hunter-optics.com\/fr\/wp-json\/wp\/v2\/product\/1578\/revisions"}],"predecessor-version":[{"id":1681,"href":"https:\/\/hunter-optics.com\/fr\/wp-json\/wp\/v2\/product\/1578\/revisions\/1681"}],"wp:featuredmedia":[{"embeddable":true,"href":"https:\/\/hunter-optics.com\/fr\/wp-json\/wp\/v2\/media\/1580"}],"wp:attachment":[{"href":"https:\/\/hunter-optics.com\/fr\/wp-json\/wp\/v2\/media?parent=1578"}],"wp:term":[{"taxonomy":"brand","embeddable":true,"href":"https:\/\/hunter-optics.com\/fr\/wp-json\/wp\/v2\/etheme_brands?post=1578"},{"taxonomy":"product_brand","embeddable":true,"href":"https:\/\/hunter-optics.com\/fr\/wp-json\/wp\/v2\/product_brand?post=1578"},{"taxonomy":"product_cat","embeddable":true,"href":"https:\/\/hunter-optics.com\/fr\/wp-json\/wp\/v2\/product_cat?post=1578"},{"taxonomy":"product_tag","embeddable":true,"href":"https:\/\/hunter-optics.com\/fr\/wp-json\/wp\/v2\/product_tag?post=1578"}],"curies":[{"name":"wp","href":"https:\/\/api.w.org\/{rel}","templated":true}]}}