{"id":1567,"date":"2025-07-31T09:31:36","date_gmt":"2025-07-31T09:31:36","guid":{"rendered":"https:\/\/hunter-optics.com\/?post_type=product&#038;p=1567"},"modified":"2025-10-11T09:22:10","modified_gmt":"2025-10-11T09:22:10","slug":"swampfox-sentinel-ultra-compact-micro-red-dot-sight","status":"publish","type":"product","link":"https:\/\/hunter-optics.com\/fr\/produit\/swampfox-sentinel-ultra-compact-micro-red-dot-sight\/","title":{"rendered":"Swampfox Sentinel Ultra-Compact Micro Red Dot Sight"},"content":{"rendered":"<div class=\"celwidget aplus-module basic-module-13-text aplus-standard\" data-csa-c-id=\"q2f2ji-tav081-x21ukz-rlru7n\" data-cel-widget=\"aplus-basic-module-13-text\">\n<div class=\"a-section a-spacing-none aplus-module aplus-module-13 aplus-module-wrapper apm-fixed-width\">\n<div class=\"a-section a-spacing-none aplus-13-heading\">\n<h3 class=\"a-size-extra-large aplus-13-heading-text a-text-bold\">TOUJOURS PR\u00caT<\/h3>\n<\/div>\n<div class=\"a-section a-spacing-none aplus-module-section aplus-text-section\">\n<p class=\"description\">Vous avez fait le travail. Vous avez suivi les cours et fait les exercices. Vous ne vous contentez pas de tirer r\u00e9guli\u00e8rement, vous vous entra\u00eenez dur quand vous le faites. C'est \u00e0 vous que l'on demande de l'aide pour comprendre le chronom\u00e8tre. Le tir \u00e0 sec est votre temps de m\u00e9ditation zen, et le port quotidien fait partie de votre style de vie.<\/p>\n<p class=\"description\">Vous \u00eates pr\u00eat \u00e0 faire \u00e9voluer le syst\u00e8me de vis\u00e9e de votre arme de poing vers la derni\u00e8re technologie disponible. Le Swampfox Sentinel est pr\u00eat pour vous.<\/p>\n<\/div>\n<\/div>\n<\/div>\n<div class=\"celwidget aplus-module module-2 aplus-standard\" data-csa-c-id=\"rbs0ir-u2z1il-h9xkf8-kkh1er\" data-cel-widget=\"aplus-module-2\">\n<div class=\"aplus-module-wrapper apm-floatnone apm-fixed-width\">\n<div class=\"apm-sidemodule apm-spacing\">\n<div class=\"apm-sidemodule-imageleft\"><img decoding=\"async\" class=\"\" src=\"https:\/\/m.media-amazon.com\/images\/S\/aplus-media\/sc\/54542c89-d99e-4679-8d80-9171c4237607.__CR234,0,1032,1032_PT0_SX300_V1___.jpg\" alt=\"Le monde r\u00e9el\" data-src=\"https:\/\/m.media-amazon.com\/images\/S\/aplus-media\/sc\/54542c89-d99e-4679-8d80-9171c4237607.__CR234,0,1032,1032_PT0_SX300_V1___.jpg\" \/><\/div>\n<div class=\"apm-sidemodule-textright\">\n<h3 class=\"a-spacing-mini\">MONDE R\u00c9EL, AVANTAGE R\u00c9EL<\/h3>\n<p>Les viseurs \u00e0 point rouge mont\u00e9s sur glissi\u00e8re prennent d'assaut les forces de l'ordre et le monde de la comp\u00e9tition, et ce pour de bonnes raisons. Les avantages d'une vis\u00e9e ax\u00e9e sur la cible, d'un suivi de la vis\u00e9e plus rapide pour des tirs de suivi plus rapides et d'une pr\u00e9cision accrue s'appliquent aussi bien au port dissimul\u00e9 qu'\u00e0 l'utilisation en service ou en comp\u00e9tition. Il s'agit d'une v\u00e9ritable am\u00e9lioration des performances, de jour comme de nuit.<\/p>\n<p>Deux mod\u00e8les de Sentinel sont pr\u00eats \u00e0 relever les d\u00e9fis du transport quotidien. Sentinel-M est la version \u00e0 bouton-poussoir manuel, et Sentinel-A est dot\u00e9e d'un r\u00e9glage automatique de la luminosit\u00e9.<\/p>\n<\/div>\n<\/div>\n<\/div>\n<div><\/div>\n<\/div>\n<div class=\"celwidget aplus-module module-3 aplus-standard\" data-csa-c-id=\"juuqzu-oium0l-b3uhn2-a41tru\" data-cel-widget=\"aplus-module-3\">\n<div class=\"aplus-module-wrapper apm-floatnone apm-fixed-width\">\n<div class=\"apm-sidemodule apm-spacing\">\n<div class=\"apm-sidemodule-imageright\"><img decoding=\"async\" class=\"a-spacing-mini\" src=\"https:\/\/m.media-amazon.com\/images\/S\/aplus-media\/sc\/438cbd30-e759-4f69-891f-3398f3839253.__CR250,0,1000,1000_PT0_SX300_V1___.jpg\" alt=\"Manuel Automatique\" data-src=\"https:\/\/m.media-amazon.com\/images\/S\/aplus-media\/sc\/438cbd30-e759-4f69-891f-3398f3839253.__CR250,0,1000,1000_PT0_SX300_V1___.jpg\" \/><\/div>\n<div class=\"apm-sidemodule-textleft\">\n<h3 class=\"a-spacing-mini\">MANUEL VS. AUTOMATIQUE, \u00c0 VOUS DE CHOISIR<\/h3>\n<p>Sentinel-M dispose de dix r\u00e9glages manuels de la luminosit\u00e9, accessibles par des boutons poussoirs num\u00e9riques. L'\u00e9clairage \u00e0 d\u00e9tection de mouvement Shake \u2018N Wake pr\u00e9serve l'autonomie de la batterie lorsque Sentinel-M est rest\u00e9 immobile pendant environ 4 minutes. D\u00e8s que le mouvement reprend, Sentinel-M reprend son niveau de luminosit\u00e9 pr\u00e9c\u00e9dent. \u00c9teignez manuellement Sentinel-M en appuyant sur le bouton de diminution de la luminosit\u00e9 pendant 3 secondes.<\/p>\n<p>Sentinel-A ne dort jamais. Un capteur photosensible situ\u00e9 sur le c\u00f4t\u00e9 gauche du corps de la lunette fournit un point lumineux par rapport \u00e0 la lumi\u00e8re ambiante dans toutes les conditions, de jour comme de nuit. Il n'y a pas de commandes manuelles, pas de Shake \u2018N Wake, pas de possibilit\u00e9 d'\u00e9teindre accidentellement Sentinel-A, jamais. Installez la pile CR2032 sous la Sentinel-A et vous pourrez l'utiliser pendant deux ans d'affil\u00e9e - il n'y a rien \u00e0 faire.<\/p>\n<\/div>\n<\/div>\n<\/div>\n<div><\/div>\n<\/div>\n<div class=\"celwidget aplus-module module-2 aplus-standard\" data-csa-c-id=\"8jjy7y-gvjmk6-bc20yy-ndkuda\" data-cel-widget=\"aplus-module-2\">\n<div class=\"aplus-module-wrapper apm-floatnone apm-fixed-width\">\n<div class=\"apm-sidemodule apm-spacing\">\n<div class=\"apm-sidemodule-imageleft\"><img decoding=\"async\" class=\"\" src=\"https:\/\/m.media-amazon.com\/images\/S\/aplus-media\/sc\/878d3c56-1005-4b10-9bf7-0ad2f063b772.__CR170,0,1174,1174_PT0_SX300_V1___.jpg\" alt=\"Dur\u00e9e de vie de la batterie du point lumineux\" data-src=\"https:\/\/m.media-amazon.com\/images\/S\/aplus-media\/sc\/878d3c56-1005-4b10-9bf7-0ad2f063b772.__CR170,0,1174,1174_PT0_SX300_V1___.jpg\" \/><\/div>\n<div class=\"apm-sidemodule-textright\">\n<h3 class=\"a-spacing-mini\">POINT PLUS LUMINEUX, DUR\u00c9E DE VIE DE LA BATTERIE PLUS LONGUE<\/h3>\n<p>Comme Liberty et Justice, Sentinel utilise un \u00e9metteur \u00e0 haute efficacit\u00e9 projetant un point rouge de 3 MOA. Le r\u00e9glage le plus \u00e9lev\u00e9 du Sentinel est plus lumineux que n'importe quel autre point rouge Swampfox actuel.<\/p>\n<p>Il n'y a pas de place pour un syst\u00e8me de plateau robuste et solide dans un encombrement aussi r\u00e9duit, de sorte que le remplacement de la batterie de Sentinel implique le retrait de l'optique et une remise \u00e0 z\u00e9ro \u00e9ventuelle.<\/p>\n<p>La bonne nouvelle, c'est que la suppression du syst\u00e8me de plateaux permet d'utiliser une pile CR2032 plus grande, doublant ainsi l'autonomie de la pile. Que vous choisissiez le Sentinel-M ou le Sentinel-A, vous pouvez compter sur deux ans d'autonomie dans le monde r\u00e9el, m\u00eame si vous portez votre pistolet toute la journ\u00e9e.<\/p>\n<\/div>\n<\/div>\n<\/div>\n<div><\/div>\n<\/div>\n<div class=\"celwidget aplus-module module-3 aplus-standard\" data-csa-c-id=\"v2vfqx-i05djb-tdj468-kg4alu\" data-cel-widget=\"aplus-module-3\">\n<div class=\"aplus-module-wrapper apm-floatnone apm-fixed-width\">\n<div class=\"apm-sidemodule apm-spacing\">\n<div class=\"apm-sidemodule-imageright\"><img decoding=\"async\" class=\"a-spacing-mini\" src=\"https:\/\/m.media-amazon.com\/images\/S\/aplus-media\/sc\/b1227ee4-3a1b-40cb-8099-1bd31acb5cc1.__CR200,0,800,800_PT0_SX300_V1___.jpg\" alt=\"Fusion du m\u00e9tal et du verre\" data-src=\"https:\/\/m.media-amazon.com\/images\/S\/aplus-media\/sc\/b1227ee4-3a1b-40cb-8099-1bd31acb5cc1.__CR200,0,800,800_PT0_SX300_V1___.jpg\" \/><\/div>\n<div class=\"apm-sidemodule-textleft\">\n<h3 class=\"a-spacing-mini\">UNE FUSION DE M\u00c9TAL ET DE VERRE<\/h3>\n<p>D'autres entreprises produisent des pistolets \u00e0 points minces avec des corps en plastique et des lentilles en polym\u00e8re transparent.<\/p>\n<p>Non, merci. Ce n'est pas notre style.<\/p>\n<p>Le Sentinel est fabriqu\u00e9 \u00e0 partir d'aluminium 7075-T6 usin\u00e9 CNC, rev\u00eatu d'une couche dure en noir mat et dot\u00e9 d'un verre multicouche de la m\u00eame excellente qualit\u00e9 que celui utilis\u00e9 dans nos lunettes de pr\u00e9cision pour fusils \u00e0 longue port\u00e9e.<\/p>\n<\/div>\n<\/div>\n<\/div>\n<div><\/div>\n<\/div>\n<div class=\"celwidget aplus-module module-9 aplus-standard\" data-csa-c-id=\"am66hf-mzscfy-6gs7ni-jjckkm\" data-cel-widget=\"aplus-module-9\">\n<div class=\"aplus-module-wrapper apm-fixed-width apm-spacing\">\n<div class=\"apm-flex\">\n<div class=\"apm-flex-item-third-width\">\n<p class=\"apm-text-center\"><img decoding=\"async\" class=\"a-spacing-mini\" src=\"https:\/\/m.media-amazon.com\/images\/S\/aplus-media\/sc\/abf4e33f-69ca-4326-a4ec-cd868f4e2187.__CR250,0,1000,1000_PT0_SX300_V1___.jpg\" alt=\"A quoi cela correspond-il ?\" data-src=\"https:\/\/m.media-amazon.com\/images\/S\/aplus-media\/sc\/abf4e33f-69ca-4326-a4ec-cd868f4e2187.__CR250,0,1000,1000_PT0_SX300_V1___.jpg\" \/><\/p>\n<h4 class=\"a-spacing-mini\">MAIS \u00c0 QUOI CELA CORRESPOND-IL ?<\/h4>\n<p>Sentinel est vraiment petit. Il mesure environ un pouce de haut, un pouce de large et 1,6 pouce de long. Dans cette minuscule lunette se trouve une fen\u00eatre de 16 mm x 16 mm, suffisamment grande pour une acquisition rapide et un suivi de la vis\u00e9e, et suffisamment petite pour ne pas affecter la dissimulation, m\u00eame de fa\u00e7on minime.<\/p>\n<p>Sentinel convient aux Sig P365XL, Springfield Hellcat OSP, Canik Elite SC, S&amp;W Shield 2.0 Optics Ready, Walther PPS M2 Optics Ready - toute glissi\u00e8re fine avec une empreinte RMSc incorpor\u00e9e, qu'elle ait \u00e9t\u00e9 coup\u00e9e en usine ou par un armurier.<\/p>\n<\/div>\n<div class=\"apm-flex-item-third-width\">\n<p class=\"apm-text-center\"><img decoding=\"async\" class=\"a-spacing-mini\" src=\"https:\/\/m.media-amazon.com\/images\/S\/aplus-media\/sc\/5d9c00ad-f104-478e-a883-e524d280610d.__CR250,0,1001,1001_PT0_SX300_V1___.jpg\" alt=\"Fiable\" data-src=\"https:\/\/m.media-amazon.com\/images\/S\/aplus-media\/sc\/5d9c00ad-f104-478e-a883-e524d280610d.__CR250,0,1001,1001_PT0_SX300_V1___.jpg\" \/><\/p>\n<h4 class=\"a-spacing-mini\">ULTRA FIABLE<\/h4>\n<p>Une optique pour port dissimul\u00e9 doit \u00eatre extr\u00eamement fiable, car vous pariez litt\u00e9ralement votre vie sur le fait qu'elle sera pr\u00eate lorsqu'on la sollicitera. Certains pistolets, comme le P365XL illustr\u00e9 ci-contre, n'ont aucun moyen de co-contr\u00f4ler les viseurs en fer une fois qu'un point est install\u00e9. Si le point dispara\u00eet, il n'y a pas d'autre viseur.<\/p>\n<p>Sentinel est \u00e9tanche \u00e0 l'eau lorsqu'il est install\u00e9 \u00e0 l'aide du joint flexible inclus qui s'ins\u00e8re entre l'optique et l'empreinte. Elle est r\u00e9sistante aux chocs jusqu'\u00e0 1500 G.<\/p>\n<\/div>\n<div class=\"apm-flex-item-third-width\">\n<p class=\"apm-text-center\"><img decoding=\"async\" class=\"a-spacing-mini\" src=\"https:\/\/m.media-amazon.com\/images\/S\/aplus-media\/sc\/dca4b11c-df34-47cf-9c1a-e8cd0ba7760b.__CR154,0,1193,1193_PT0_SX300_V1___.jpg\" alt=\"Tirer 50000 coups de feu\" data-src=\"https:\/\/m.media-amazon.com\/images\/S\/aplus-media\/sc\/dca4b11c-df34-47cf-9c1a-e8cd0ba7760b.__CR154,0,1193,1193_PT0_SX300_V1___.jpg\" \/><\/p>\n<h4 class=\"a-spacing-mini\">ALLEZ-Y ET TIREZ 50 000 CARTOUCHES<\/h4>\n<p>La chance sourit \u00e0 ceux qui sont pr\u00e9par\u00e9s, n'est-ce pas ? Alors, allez-y et entra\u00eenez-vous dur. Au fur et \u00e0 mesure que le nombre de cartouches augmente, que l'\u00e9tui de votre pistolet s'use, que vous remplacez les ressorts de recul et les ressorts de chargeur, et oui, les piles aussi, Sentinel n'abandonnera pas, et nous non plus.<\/p>\n<p>Si Sentinel cesse de fonctionner apr\u00e8s 50 000 coups de feu, Swampfox le r\u00e9parera ou le remplacera rapidement. C'est notre code. C'est notre parole.<\/p>\n<\/div>\n<\/div>\n<\/div>\n<div><\/div>\n<\/div>\n<div class=\"celwidget aplus-module module-16-tech-specs aplus-standard\" data-csa-c-id=\"lx1z06-7ouehe-wicqj9-b3948p\" data-cel-widget=\"aplus-module-16-tech-specs\">\n<div class=\"a-section a-spacing-large aplus-module-wrapper apm-fixed-width aplus-index-6\">\n<h3 class=\"a-size-extra-large a-spacing-base a-text-center\">Sp\u00e9cifications<\/h3>\n<div class=\"a-row\">\n<div class=\"a-column a-span12 aplus-tech-spec-hide-loading\">\n<table class=\"a-bordered a-horizontal-stripes aplus-tech-spec-table\">\n<tbody>\n<tr>\n<td class=\"a-text-bold\">R\u00e9glage MOA<\/td>\n<td>Cadran<\/td>\n<\/tr>\n<tr>\n<td class=\"a-text-bold\">Taille des points<\/td>\n<td>3 MOA<\/td>\n<\/tr>\n<tr>\n<td class=\"a-text-bold\">Grossissement\/diam\u00e8tre de la lentille<\/td>\n<td>1x ; 16mm<\/td>\n<\/tr>\n<tr>\n<td class=\"a-text-bold\">Positions d'\u00e9clairage<\/td>\n<td>Sentinel-M : 10 ; Sentinel-A : r\u00e9glage continu<\/td>\n<\/tr>\n<tr>\n<td class=\"a-text-bold\">R\u00e9glages de la luminosit\u00e9<\/td>\n<td>Sentinel-M : presse num\u00e9rique haut\/bas ; Sentinel-A : capteur photosensible<\/td>\n<\/tr>\n<tr>\n<td class=\"a-text-bold\">R\u00e9sistance aux chocs Forces G<\/td>\n<td>1500Gs<\/td>\n<\/tr>\n<tr>\n<td class=\"a-text-bold\">Imperm\u00e9able \u00e0 l'eau<\/td>\n<td>1 m\u00e8tre\/ IPX7<\/td>\n<\/tr>\n<tr>\n<td class=\"a-text-bold\">Batterie<\/td>\n<td>Type de pile : CR 2032 ; Dur\u00e9e de vie maximale de la pile : Environ 2 ans en conditions r\u00e9elles<\/td>\n<\/tr>\n<tr>\n<td class=\"a-text-bold\">Dimensions<\/td>\n<td>Longueur : 1.61\u2033 ; Largeur : 0.91\u2033 ; Hauteur : 0.94\u2033.<\/td>\n<\/tr>\n<tr>\n<td class=\"a-text-bold\">Poids<\/td>\n<td>0.62 oz<\/td>\n<\/tr>\n<tr>\n<td class=\"a-text-bold\">Lentille<\/td>\n<td>Rouge rubis multicouche ; rev\u00eatements sp\u00e9ciaux : Anti-bu\u00e9e, hydrophobe, anti-rayures.<\/td>\n<\/tr>\n<tr>\n<td class=\"a-text-bold\">Parallaxe<\/td>\n<td>Sans parallaxe \u00e0 100 m\u00e8tres<\/td>\n<\/tr>\n<tr>\n<td class=\"a-text-bold\">Soulagement des yeux<\/td>\n<td>Illimit\u00e9<\/td>\n<\/tr>\n<tr>\n<td class=\"a-text-bold\">Type de montage<\/td>\n<td>Empreinte RMSc<\/td>\n<\/tr>\n<tr>\n<td class=\"a-text-bold\">Ch\u00e2ssis<\/td>\n<td>Aluminium 7075 de qualit\u00e9 a\u00e9ronautique<\/td>\n<\/tr>\n<tr>\n<td class=\"a-text-bold\">Vent\/altitude<\/td>\n<td>Mouvement en fonction du vent et de l'\u00e9l\u00e9vation (MOA) : +\/- 35 MOA\/ Port\u00e9e totale de 70 MOA<\/td>\n<\/tr>\n<\/tbody>\n<\/table>\n<\/div>\n<\/div>\n<\/div>\n<\/div>","protected":false},"excerpt":{"rendered":"<p>TOUJOURS PR\u00caT Vous avez fait le travail. Vous avez suivi les cours et fait les exercices. Vous ne vous contentez pas de tirer r\u00e9guli\u00e8rement, vous vous entra\u00eenez dur quand vous avez besoin d'une arme.<\/p>","protected":false},"featured_media":1568,"comment_status":"open","ping_status":"closed","template":"","meta":[],"etheme_brands":[{"term_id":53,"name":"Swampfox","slug":"swampfox","term_group":0,"term_taxonomy_id":53,"taxonomy":"brand","description":"","parent":0,"count":1,"filter":"raw"}],"product_brand":[],"product_cat":[50],"product_tag":[],"class_list":{"0":"post-1567","1":"product","2":"type-product","3":"status-publish","4":"has-post-thumbnail","6":"brand-swampfox","7":"product_cat-red-dot-sights","9":"first","10":"instock","11":"sale","12":"taxable","13":"shipping-taxable","14":"purchasable","15":"product-type-simple"},"yoast_head":"<!-- This site is optimized with the Yoast SEO Premium plugin v25.7.1 (Yoast SEO v27.4) - https:\/\/yoast.com\/product\/yoast-seo-premium-wordpress\/ -->\n<title>Swampfox Sentinel Ultra-Compact Micro Red Dot Sight - Hunter Optics<\/title>\n<meta name=\"robots\" content=\"index, follow, max-snippet:-1, max-image-preview:large, max-video-preview:-1\" \/>\n<link rel=\"canonical\" href=\"https:\/\/hunter-optics.com\/fr\/produit\/swampfox-sentinel-ultra-compact-micro-red-dot-sight\/\" \/>\n<meta property=\"og:locale\" content=\"fr_FR\" \/>\n<meta property=\"og:type\" content=\"article\" \/>\n<meta property=\"og:title\" content=\"Swampfox Sentinel Ultra-Compact Micro Red Dot Sight\" \/>\n<meta property=\"og:description\" content=\"ALWAYS READY\u200b You\u2019ve done the work. You\u2019ve taken the classes and run the drills. You don\u2019t just shoot on the regular, you train hard when\" \/>\n<meta property=\"og:url\" content=\"https:\/\/hunter-optics.com\/fr\/produit\/swampfox-sentinel-ultra-compact-micro-red-dot-sight\/\" \/>\n<meta property=\"og:site_name\" content=\"Hunter Optics\" \/>\n<meta property=\"article:modified_time\" content=\"2025-10-11T09:22:10+00:00\" \/>\n<meta property=\"og:image\" content=\"https:\/\/hunter-optics.com\/wp-content\/uploads\/2025\/07\/Swampfox-Sentinel-Ultra-Compact-Micro-Red-Dot-Sight.jpg\" \/>\n\t<meta property=\"og:image:width\" content=\"876\" \/>\n\t<meta property=\"og:image:height\" content=\"876\" \/>\n\t<meta property=\"og:image:type\" content=\"image\/jpeg\" \/>\n<meta name=\"twitter:card\" content=\"summary_large_image\" \/>\n<meta name=\"twitter:label1\" content=\"Prix\" \/>\n\t<meta name=\"twitter:data1\" content=\"&#036;119.99\" \/>\n\t<meta name=\"twitter:label2\" content=\"Disponibilit\u00e9\" \/>\n\t<meta name=\"twitter:data2\" content=\"En stock\" \/>\n<script type=\"application\/ld+json\" class=\"yoast-schema-graph\">{\"@context\":\"https:\\\/\\\/schema.org\",\"@graph\":[{\"@type\":\"WebPage\",\"@id\":\"https:\\\/\\\/hunter-optics.com\\\/product\\\/swampfox-sentinel-ultra-compact-micro-red-dot-sight\\\/\",\"url\":\"https:\\\/\\\/hunter-optics.com\\\/product\\\/swampfox-sentinel-ultra-compact-micro-red-dot-sight\\\/\",\"name\":\"Swampfox Sentinel Ultra-Compact Micro Red Dot Sight - Hunter Optics\",\"isPartOf\":{\"@id\":\"https:\\\/\\\/hunter-optics.com\\\/#website\"},\"primaryImageOfPage\":{\"@id\":\"https:\\\/\\\/hunter-optics.com\\\/product\\\/swampfox-sentinel-ultra-compact-micro-red-dot-sight\\\/#primaryimage\"},\"image\":{\"@id\":\"https:\\\/\\\/hunter-optics.com\\\/product\\\/swampfox-sentinel-ultra-compact-micro-red-dot-sight\\\/#primaryimage\"},\"thumbnailUrl\":\"https:\\\/\\\/hunter-optics.com\\\/wp-content\\\/uploads\\\/2025\\\/07\\\/Swampfox-Sentinel-Ultra-Compact-Micro-Red-Dot-Sight.jpg\",\"datePublished\":\"2025-07-31T09:31:36+00:00\",\"dateModified\":\"2025-10-11T09:22:10+00:00\",\"breadcrumb\":{\"@id\":\"https:\\\/\\\/hunter-optics.com\\\/product\\\/swampfox-sentinel-ultra-compact-micro-red-dot-sight\\\/#breadcrumb\"},\"inLanguage\":\"fr-FR\",\"potentialAction\":[{\"@type\":\"ReadAction\",\"target\":[\"https:\\\/\\\/hunter-optics.com\\\/product\\\/swampfox-sentinel-ultra-compact-micro-red-dot-sight\\\/\"]}]},{\"@type\":\"ImageObject\",\"inLanguage\":\"fr-FR\",\"@id\":\"https:\\\/\\\/hunter-optics.com\\\/product\\\/swampfox-sentinel-ultra-compact-micro-red-dot-sight\\\/#primaryimage\",\"url\":\"https:\\\/\\\/hunter-optics.com\\\/wp-content\\\/uploads\\\/2025\\\/07\\\/Swampfox-Sentinel-Ultra-Compact-Micro-Red-Dot-Sight.jpg\",\"contentUrl\":\"https:\\\/\\\/hunter-optics.com\\\/wp-content\\\/uploads\\\/2025\\\/07\\\/Swampfox-Sentinel-Ultra-Compact-Micro-Red-Dot-Sight.jpg\",\"width\":876,\"height\":876},{\"@type\":\"BreadcrumbList\",\"@id\":\"https:\\\/\\\/hunter-optics.com\\\/product\\\/swampfox-sentinel-ultra-compact-micro-red-dot-sight\\\/#breadcrumb\",\"itemListElement\":[{\"@type\":\"ListItem\",\"position\":1,\"name\":\"Home\",\"item\":\"https:\\\/\\\/hunter-optics.com\\\/\"},{\"@type\":\"ListItem\",\"position\":2,\"name\":\"Products\",\"item\":\"https:\\\/\\\/hunter-optics.com\\\/shop\\\/\"},{\"@type\":\"ListItem\",\"position\":3,\"name\":\"Swampfox Sentinel Ultra-Compact Micro Red Dot Sight\"}]},{\"@type\":\"WebSite\",\"@id\":\"https:\\\/\\\/hunter-optics.com\\\/#website\",\"url\":\"https:\\\/\\\/hunter-optics.com\\\/\",\"name\":\"Hunter Optics\",\"description\":\"Hunter Optics \u2014 Your Eye on the Target.\",\"publisher\":{\"@id\":\"https:\\\/\\\/hunter-optics.com\\\/#organization\"},\"potentialAction\":[{\"@type\":\"SearchAction\",\"target\":{\"@type\":\"EntryPoint\",\"urlTemplate\":\"https:\\\/\\\/hunter-optics.com\\\/?s={search_term_string}\"},\"query-input\":{\"@type\":\"PropertyValueSpecification\",\"valueRequired\":true,\"valueName\":\"search_term_string\"}}],\"inLanguage\":\"fr-FR\"},{\"@type\":\"Organization\",\"@id\":\"https:\\\/\\\/hunter-optics.com\\\/#organization\",\"name\":\"Hunter Optics\",\"url\":\"https:\\\/\\\/hunter-optics.com\\\/\",\"logo\":{\"@type\":\"ImageObject\",\"inLanguage\":\"fr-FR\",\"@id\":\"https:\\\/\\\/hunter-optics.com\\\/#\\\/schema\\\/logo\\\/image\\\/\",\"url\":\"https:\\\/\\\/hunter-optics.com\\\/wp-content\\\/uploads\\\/2025\\\/06\\\/hunter-optics-logo-1.png\",\"contentUrl\":\"https:\\\/\\\/hunter-optics.com\\\/wp-content\\\/uploads\\\/2025\\\/06\\\/hunter-optics-logo-1.png\",\"width\":937,\"height\":373,\"caption\":\"Hunter Optics\"},\"image\":{\"@id\":\"https:\\\/\\\/hunter-optics.com\\\/#\\\/schema\\\/logo\\\/image\\\/\"}}]}<\/script>\n<meta property=\"product:brand\" content=\"Swampfox\" \/>\n<meta property=\"product:price:amount\" content=\"119.99\" \/>\n<meta property=\"product:price:currency\" content=\"USD\" \/>\n<meta property=\"og:availability\" content=\"instock\" \/>\n<meta property=\"product:availability\" content=\"instock\" \/>\n<meta property=\"product:condition\" content=\"new\" \/>\n<!-- \/ Yoast SEO Premium plugin. -->","yoast_head_json":{"title":"Swampfox Sentinel Ultra-Compact Micro Red Dot Sight - Hunter Optics","robots":{"index":"index","follow":"follow","max-snippet":"max-snippet:-1","max-image-preview":"max-image-preview:large","max-video-preview":"max-video-preview:-1"},"canonical":"https:\/\/hunter-optics.com\/fr\/produit\/swampfox-sentinel-ultra-compact-micro-red-dot-sight\/","og_locale":"fr_FR","og_type":"article","og_title":"Swampfox Sentinel Ultra-Compact Micro Red Dot Sight","og_description":"ALWAYS READY\u200b You\u2019ve done the work. You\u2019ve taken the classes and run the drills. You don\u2019t just shoot on the regular, you train hard when","og_url":"https:\/\/hunter-optics.com\/fr\/produit\/swampfox-sentinel-ultra-compact-micro-red-dot-sight\/","og_site_name":"Hunter Optics","article_modified_time":"2025-10-11T09:22:10+00:00","og_image":[{"width":876,"height":876,"url":"https:\/\/hunter-optics.com\/wp-content\/uploads\/2025\/07\/Swampfox-Sentinel-Ultra-Compact-Micro-Red-Dot-Sight.jpg","type":"image\/jpeg"}],"twitter_card":"summary_large_image","twitter_misc":{"Prix":"&#36;119.99","Disponibilit\u00e9":"En stock"},"schema":{"@context":"https:\/\/schema.org","@graph":[{"@type":"WebPage","@id":"https:\/\/hunter-optics.com\/product\/swampfox-sentinel-ultra-compact-micro-red-dot-sight\/","url":"https:\/\/hunter-optics.com\/product\/swampfox-sentinel-ultra-compact-micro-red-dot-sight\/","name":"Swampfox Sentinel Ultra-Compact Micro Red Dot Sight - Hunter Optics","isPartOf":{"@id":"https:\/\/hunter-optics.com\/#website"},"primaryImageOfPage":{"@id":"https:\/\/hunter-optics.com\/product\/swampfox-sentinel-ultra-compact-micro-red-dot-sight\/#primaryimage"},"image":{"@id":"https:\/\/hunter-optics.com\/product\/swampfox-sentinel-ultra-compact-micro-red-dot-sight\/#primaryimage"},"thumbnailUrl":"https:\/\/hunter-optics.com\/wp-content\/uploads\/2025\/07\/Swampfox-Sentinel-Ultra-Compact-Micro-Red-Dot-Sight.jpg","datePublished":"2025-07-31T09:31:36+00:00","dateModified":"2025-10-11T09:22:10+00:00","breadcrumb":{"@id":"https:\/\/hunter-optics.com\/product\/swampfox-sentinel-ultra-compact-micro-red-dot-sight\/#breadcrumb"},"inLanguage":"fr-FR","potentialAction":[{"@type":"ReadAction","target":["https:\/\/hunter-optics.com\/product\/swampfox-sentinel-ultra-compact-micro-red-dot-sight\/"]}]},{"@type":"ImageObject","inLanguage":"fr-FR","@id":"https:\/\/hunter-optics.com\/product\/swampfox-sentinel-ultra-compact-micro-red-dot-sight\/#primaryimage","url":"https:\/\/hunter-optics.com\/wp-content\/uploads\/2025\/07\/Swampfox-Sentinel-Ultra-Compact-Micro-Red-Dot-Sight.jpg","contentUrl":"https:\/\/hunter-optics.com\/wp-content\/uploads\/2025\/07\/Swampfox-Sentinel-Ultra-Compact-Micro-Red-Dot-Sight.jpg","width":876,"height":876},{"@type":"BreadcrumbList","@id":"https:\/\/hunter-optics.com\/product\/swampfox-sentinel-ultra-compact-micro-red-dot-sight\/#breadcrumb","itemListElement":[{"@type":"ListItem","position":1,"name":"Home","item":"https:\/\/hunter-optics.com\/"},{"@type":"ListItem","position":2,"name":"Products","item":"https:\/\/hunter-optics.com\/shop\/"},{"@type":"ListItem","position":3,"name":"Swampfox Sentinel Ultra-Compact Micro Red Dot Sight"}]},{"@type":"WebSite","@id":"https:\/\/hunter-optics.com\/#website","url":"https:\/\/hunter-optics.com\/","name":"Optique Hunter","description":"Optique du chasseur - L'\u0153il sur la cible.","publisher":{"@id":"https:\/\/hunter-optics.com\/#organization"},"potentialAction":[{"@type":"SearchAction","target":{"@type":"EntryPoint","urlTemplate":"https:\/\/hunter-optics.com\/?s={search_term_string}"},"query-input":{"@type":"PropertyValueSpecification","valueRequired":true,"valueName":"search_term_string"}}],"inLanguage":"fr-FR"},{"@type":"Organization","@id":"https:\/\/hunter-optics.com\/#organization","name":"Optique Hunter","url":"https:\/\/hunter-optics.com\/","logo":{"@type":"ImageObject","inLanguage":"fr-FR","@id":"https:\/\/hunter-optics.com\/#\/schema\/logo\/image\/","url":"https:\/\/hunter-optics.com\/wp-content\/uploads\/2025\/06\/hunter-optics-logo-1.png","contentUrl":"https:\/\/hunter-optics.com\/wp-content\/uploads\/2025\/06\/hunter-optics-logo-1.png","width":937,"height":373,"caption":"Hunter Optics"},"image":{"@id":"https:\/\/hunter-optics.com\/#\/schema\/logo\/image\/"}}]},"product_brand":"Swampfox","product_price_amount":"119.99","product_price_currency":"USD","og_availability":"instock","product_availability":"instock","product_condition":"new"},"_links":{"self":[{"href":"https:\/\/hunter-optics.com\/fr\/wp-json\/wp\/v2\/product\/1567","targetHints":{"allow":["GET"]}}],"collection":[{"href":"https:\/\/hunter-optics.com\/fr\/wp-json\/wp\/v2\/product"}],"about":[{"href":"https:\/\/hunter-optics.com\/fr\/wp-json\/wp\/v2\/types\/product"}],"replies":[{"embeddable":true,"href":"https:\/\/hunter-optics.com\/fr\/wp-json\/wp\/v2\/comments?post=1567"}],"version-history":[{"count":1,"href":"https:\/\/hunter-optics.com\/fr\/wp-json\/wp\/v2\/product\/1567\/revisions"}],"predecessor-version":[{"id":1569,"href":"https:\/\/hunter-optics.com\/fr\/wp-json\/wp\/v2\/product\/1567\/revisions\/1569"}],"wp:featuredmedia":[{"embeddable":true,"href":"https:\/\/hunter-optics.com\/fr\/wp-json\/wp\/v2\/media\/1568"}],"wp:attachment":[{"href":"https:\/\/hunter-optics.com\/fr\/wp-json\/wp\/v2\/media?parent=1567"}],"wp:term":[{"taxonomy":"brand","embeddable":true,"href":"https:\/\/hunter-optics.com\/fr\/wp-json\/wp\/v2\/etheme_brands?post=1567"},{"taxonomy":"product_brand","embeddable":true,"href":"https:\/\/hunter-optics.com\/fr\/wp-json\/wp\/v2\/product_brand?post=1567"},{"taxonomy":"product_cat","embeddable":true,"href":"https:\/\/hunter-optics.com\/fr\/wp-json\/wp\/v2\/product_cat?post=1567"},{"taxonomy":"product_tag","embeddable":true,"href":"https:\/\/hunter-optics.com\/fr\/wp-json\/wp\/v2\/product_tag?post=1567"}],"curies":[{"name":"wp","href":"https:\/\/api.w.org\/{rel}","templated":true}]}}