{"id":1542,"date":"2025-07-31T08:41:23","date_gmt":"2025-07-31T08:41:23","guid":{"rendered":"https:\/\/hunter-optics.com\/?post_type=product&#038;p=1542"},"modified":"2025-10-11T08:58:47","modified_gmt":"2025-10-11T08:58:47","slug":"riton-3-tactix-prd-red-dot-sight","status":"publish","type":"product","link":"https:\/\/hunter-optics.com\/fr\/produit\/riton-3-tactix-prd-red-dot-sight\/","title":{"rendered":"Riton 3 Tactix PRD Red Dot Sight"},"content":{"rendered":"<div id=\"brxe-uenhta\" class=\"brxe-text prod-video__txt\">\n<p><strong>R\u00c9TICULES POLYVALENTS<\/strong><\/p>\n<p>Le <strong>3 Tactix MPRD 3<\/strong> dispose de trois options de r\u00e9ticule, ce qui vous permet d'obtenir la pr\u00e9sentation de point qui correspond le mieux \u00e0 votre style de tir. Vous pouvez choisir entre un point unique classique, un cercle ou un point \u00e0 l'int\u00e9rieur d'un cercle. Les deux unit\u00e9s enregistrent vos pr\u00e9f\u00e9rences en mati\u00e8re de r\u00e9ticule et de luminosit\u00e9 afin que vous puissiez vous familiariser avec la cible. Si vous devez vous prot\u00e9ger, vous pouvez \u00eatre s\u00fbr que votre point sera fiable et pr\u00eat \u00e0 l'emploi en un instant.<\/p>\n<div id=\"brxe-pogdbu\" class=\"brxe-container prod-colmns\">\n<div id=\"brxe-ywglqp\" class=\"brxe-text prod-column__txt\">\n<p><strong>LA BONNE OPTIQUE POUR VOTRE PLATEFORME<\/strong><\/p>\n<p>Le <strong>3 Tactix MPRD 3<\/strong> a \u00e9t\u00e9 con\u00e7u pour s'adapter au plus grand nombre de plates-formes possibles. Avec autant de mod\u00e8les et d'empreintes d'optiques sur le march\u00e9, nous voulons que le choix soit clair. Pour les pistolets de taille normale dot\u00e9s de l'empreinte RMR, le 3 TACTIX PRD 3 se monte directement sur cette d\u00e9coupe de la glissi\u00e8re, tandis que le MPRD est con\u00e7u pour \u00eatre utilis\u00e9 avec l'empreinte RMSc que l'on trouve le plus souvent sur les plates-formes compactes et sous-compactes. Les deux sont livr\u00e9s avec un adaptateur pic rail pour permettre le montage sur un fusil de chasse ou une autre arme longue dot\u00e9e d'un pic rail.<\/p>\n<p><strong>TECHNOLOGIE DE D\u00c9TECTION DE MOUVEMENT<\/strong><\/p>\n<p>Le Riton <strong>3 Tactix MPRD 3<\/strong> est dot\u00e9 d'une technologie qui d\u00e9tecte les mouvements et r\u00e9veille l'optique simplement en visant votre cible. Cela vous permet d'atteindre votre cible plus rapidement sans avoir \u00e0 franchir d'autres \u00e9tapes lorsque vous d\u00e9gainez votre arme \u00e0 feu. Cette technologie permet \u00e9galement d'optimiser les performances et la long\u00e9vit\u00e9 de la batterie, qui s'\u00e9teint automatiquement lorsqu'elle n'est pas utilis\u00e9e.<\/p>\n<p><strong>LUMINOSIT\u00c9 R\u00c9GLABLE<\/strong><\/p>\n<p>La 3 Tactix MPRD 3 dispose de dix niveaux de luminosit\u00e9 pour s'adapter \u00e0 vos conditions de tir. En outre, les niveaux 1 et 2 sont compatibles avec la technologie de vision nocturne. Les r\u00e9glages s'effectuent \u00e0 l'aide des deux boutons situ\u00e9s sur le c\u00f4t\u00e9 gauche de l'appareil. Ces boutons ont la taille id\u00e9ale pour modifier rapidement le niveau de luminosit\u00e9, m\u00eame avec des gants. De la faible luminosit\u00e9 aux conditions extr\u00eames de la lumi\u00e8re du jour, l'adaptabilit\u00e9 est cruciale, avec une large gamme de r\u00e9glages, le 3 Tactix MPRD vous couvrira dans toutes les conditions.<\/p>\n<div id=\"brxe-pzrzqi\" class=\"brxe-block prod-ret-info\">\n<h3 id=\"brxe-ztlivr\" class=\"brxe-heading prod-tabs__title\">Information sur le r\u00e9ticule :<\/h3>\n<p id=\"brxe-grjall\" class=\"brxe-text-basic prod-reticle-name\">RETICLE : Point 3 MOA + cercle 30 MOA<\/p>\n<div id=\"brxe-rkyybx\" class=\"brxe-text-basic prod-ret__txt\">\n<p>Le <strong>Point 3 MOA<\/strong> assure une vis\u00e9e pr\u00e9cise pour des tirs pr\u00e9cis, tandis que le cercle de 30 MOA facilite l'acquisition rapide de la cible \u00e0 courte distance. En tant qu'utilisateur, vous pouvez choisir ce qui vous convient le mieux dans diff\u00e9rentes situations de tir.<\/p>\n<div id=\"brxe-abuzoo\" class=\"brxe-block x-tabs_panel x-tabs_panel-current\" tabindex=\"0\" role=\"tabpanel\" aria-labelledby=\"brxe-amrphz\">\n<div id=\"brxe-ohplhw\" class=\"brxe-block x-tabs_panel-content\">\n<h3 id=\"brxe-qcmket\" class=\"brxe-heading prod-tabs__title\">Caract\u00e9ristiques principales :<\/h3>\n<div id=\"brxe-pnyzeh\" class=\"brxe-block prod-tab-feature\">\n<div class=\"brxe-xfsvub brxe-block prod-tab-key-loop\"><img loading=\"lazy\" decoding=\"async\" class=\"brxe-rtihxw brxe-image prod-feature__icon css-filter size-full\" src=\"https:\/\/ritonoptics.com\/wp-content\/uploads\/precision-quality-1.png\" alt=\"\" width=\"72\" height=\"74\" \/><\/p>\n<div class=\"brxe-anynyj brxe-div\">\n<p class=\"brxe-abizyp brxe-text-basic prod-feature__title\">Assurance qualit\u00e9 de pr\u00e9cision<\/p>\n<p class=\"brxe-lprtvs brxe-text-basic prod-feature__txt\">Chaque produit Riton est soumis \u00e0 un processus rigoureux de contr\u00f4le de la qualit\u00e9 par des techniciens certifi\u00e9s \u00e0 Tucson, AZ. Chaque produit que vous recevez a subi...<\/p>\n<\/div>\n<\/div>\n<div class=\"brxe-xfsvub brxe-block prod-tab-key-loop\"><img loading=\"lazy\" decoding=\"async\" class=\"brxe-rtihxw brxe-image prod-feature__icon css-filter size-full\" src=\"https:\/\/ritonoptics.com\/wp-content\/uploads\/hd-glass-1.png\" alt=\"\" width=\"72\" height=\"74\" \/><\/p>\n<div class=\"brxe-anynyj brxe-div\">\n<p class=\"brxe-abizyp brxe-text-basic prod-feature__title\">Riton HD Glass<\/p>\n<p class=\"brxe-lprtvs brxe-text-basic prod-feature__txt\">Le verre haute densit\u00e9 (HD) de Riton offre une transmission de la lumi\u00e8re de 99,51 TTP3T pour une clart\u00e9 accrue et une image de vis\u00e9e optimale.<\/p>\n<\/div>\n<\/div>\n<div class=\"brxe-xfsvub brxe-block prod-tab-key-loop\"><img loading=\"lazy\" decoding=\"async\" class=\"brxe-rtihxw brxe-image prod-feature__icon css-filter size-full\" src=\"https:\/\/ritonoptics.com\/wp-content\/uploads\/performance-coating-1.png\" alt=\"\" width=\"72\" height=\"74\" \/><\/p>\n<div class=\"brxe-anynyj brxe-div\">\n<p class=\"brxe-abizyp brxe-text-basic prod-feature__title\">Riton Performance Coating<\/p>\n<p class=\"brxe-lprtvs brxe-text-basic prod-feature__txt\">Incorporant des lentilles exclusives \u00e0 traitement multiple, toutes les optiques Riton sont dot\u00e9es d'un traitement antireflet et anti-rayures, d'une bande large compl\u00e8te et d'une am\u00e9lioration de la luminosit\u00e9 pour...<\/p>\n<div id=\"brxe-gtdyre\" class=\"brxe-block x-tabs_panel x-tabs_panel-current\" tabindex=\"0\" role=\"tabpanel\" aria-labelledby=\"brxe-yxbhdb\">\n<div id=\"brxe-eknisj\" class=\"brxe-block x-tabs_panel-content\">\n<h3 id=\"brxe-qzyxzy\" class=\"brxe-heading prod-tabs__title\">Sp\u00e9cifications compl\u00e8tes :<\/h3>\n<div class=\"brxe-zlpnap brxe-block prod-tab-spec-loop\">\n<p class=\"brxe-ibnnrs brxe-text-basic tab-spec__value\">Grossissement : 1<\/p>\n<\/div>\n<div class=\"brxe-zlpnap brxe-block prod-tab-spec-loop\">\n<p class=\"brxe-ibnnrs brxe-text-basic tab-spec__value\">Diam\u00e8tre de l'objectif : 21 mm x 16,4 mm<\/p>\n<\/div>\n<div class=\"brxe-zlpnap brxe-block prod-tab-spec-loop\">\n<p class=\"brxe-ibnnrs brxe-text-basic tab-spec__value\">Relief oculaire:Illimit\u00e9<\/p>\n<\/div>\n<div class=\"brxe-zlpnap brxe-block prod-tab-spec-loop\">\n<p class=\"brxe-ibnnrs brxe-text-basic tab-spec__value\">Valeur de clic : 1 MOA<\/p>\n<\/div>\n<div class=\"brxe-zlpnap brxe-block prod-tab-spec-loop\">\n<p class=\"brxe-ibnnrs brxe-text-basic tab-spec__value\">Plage de r\u00e9glage : 45 MOA<\/p>\n<\/div>\n<div class=\"brxe-zlpnap brxe-block prod-tab-spec-loop\">\n<p class=\"brxe-ibnnrs brxe-text-basic tab-spec__value\">R\u00e9ticule : Point 3 MOA + Cercle 30 MOA<\/p>\n<\/div>\n<div class=\"brxe-zlpnap brxe-block prod-tab-spec-loop\">\n<p class=\"brxe-ibnnrs brxe-text-basic tab-spec__value\">Hauteur : 1.02in\/26mm<\/p>\n<\/div>\n<div class=\"brxe-zlpnap brxe-block prod-tab-spec-loop\">\n<p class=\"brxe-ibnnrs brxe-text-basic tab-spec__value\">Longueur:1.64in\/41.6mm<\/p>\n<\/div>\n<div class=\"brxe-zlpnap brxe-block prod-tab-spec-loop\">\n<p class=\"brxe-ibnnrs brxe-text-basic tab-spec__value\">Largeur : 1.02in\/25.8mm<\/p>\n<\/div>\n<div class=\"brxe-zlpnap brxe-block prod-tab-spec-loop\">\n<p class=\"brxe-ibnnrs brxe-text-basic tab-spec__value\">Poids : 0,96oz\/27,2g<\/p>\n<\/div>\n<div class=\"brxe-zlpnap brxe-block prod-tab-spec-loop\">\n<p class=\"brxe-ibnnrs brxe-text-basic tab-spec__value\">Mat\u00e9riau : Alliage d'aluminium 7075<\/p>\n<\/div>\n<div class=\"brxe-zlpnap brxe-block prod-tab-spec-loop\">\n<p class=\"brxe-ibnnrs brxe-text-basic tab-spec__value\">Empreinte:RMSc<\/p>\n<\/div>\n<div class=\"brxe-zlpnap brxe-block prod-tab-spec-loop\">\n<p class=\"brxe-ibnnrs brxe-text-basic tab-spec__value\">Pile : CR1632<\/p>\n<\/div>\n<div class=\"brxe-zlpnap brxe-block prod-tab-spec-loop\">\n<p class=\"brxe-ibnnrs brxe-text-basic tab-spec__value\">Dur\u00e9e de vie de la batterie : 50 000 heures<\/p>\n<\/div>\n<div class=\"brxe-zlpnap brxe-block prod-tab-spec-loop\">\n<p class=\"brxe-ibnnrs brxe-text-basic tab-spec__value\">Niveau d'\u00e9tanch\u00e9it\u00e9 : IPX67<\/p>\n<\/div>\n<div class=\"brxe-zlpnap brxe-block prod-tab-spec-loop\">\n<p class=\"brxe-ibnnrs brxe-text-basic tab-spec__value\">Accessoires inclus:Cl\u00e9 Allen, Batterie 1632, Outil point rouge, Chiffon pour objectif, Adaptateur rail Pic, Vis de montage<\/p>\n<\/div>\n<\/div>\n<\/div>\n<\/div>\n<\/div>\n<\/div>\n<\/div>\n<\/div>\n<\/div>\n<\/div>\n<\/div>\n<\/div>\n<\/div>","protected":false},"excerpt":{"rendered":"<p>Le <strong>3 Tactix MPRD 3 (micro pistol red dot)<\/strong>, L'objectif est d'assurer la performance et la fiabilit\u00e9 pour une utilisation quotidienne. Le capuchon int\u00e9gr\u00e9 prot\u00e8ge le verre du point de l'abrasion, des impacts et de la lumi\u00e8re du soleil, garantissant que votre point reste visible quels que soient les obstacles. Avec trois options de r\u00e9ticules illumin\u00e9s en rouge, vous pouvez ajuster le point \u00e0 vos pr\u00e9f\u00e9rences personnelles. Profitez d'une autonomie de 50 000 heures et de la simplicit\u00e9 d'un plateau de batterie \u00e0 chargement lat\u00e9ral qui ne n\u00e9cessite pas le d\u00e9montage de votre optique pour la maintenir aliment\u00e9e.<\/p>","protected":false},"featured_media":1557,"comment_status":"open","ping_status":"closed","template":"","meta":[],"etheme_brands":[{"term_id":44,"name":"Riton","slug":"riton","term_group":0,"term_taxonomy_id":44,"taxonomy":"brand","description":"","parent":0,"count":18,"filter":"raw"}],"product_brand":[],"product_cat":[50],"product_tag":[],"class_list":{"0":"post-1542","1":"product","2":"type-product","3":"status-publish","4":"has-post-thumbnail","6":"brand-riton","7":"product_cat-red-dot-sights","9":"first","10":"instock","11":"sale","12":"taxable","13":"shipping-taxable","14":"purchasable","15":"product-type-simple"},"yoast_head":"<!-- This site is optimized with the Yoast SEO Premium plugin v25.7.1 (Yoast SEO v27.4) - https:\/\/yoast.com\/product\/yoast-seo-premium-wordpress\/ -->\n<title>Riton 3 Tactix PRD Red Dot Sight - Hunter Optics<\/title>\n<meta name=\"description\" content=\"Riton 3 Tactix PRD red dot sight delivers rapid target acquisition with an illuminated dot. Features aircraft-grade aluminum construction &amp; HD glass clarity. Shop now.\" \/>\n<meta name=\"robots\" content=\"index, follow, max-snippet:-1, max-image-preview:large, max-video-preview:-1\" \/>\n<link rel=\"canonical\" href=\"https:\/\/hunter-optics.com\/fr\/produit\/riton-3-tactix-prd-red-dot-sight\/\" \/>\n<meta property=\"og:locale\" content=\"fr_FR\" \/>\n<meta property=\"og:type\" content=\"article\" \/>\n<meta property=\"og:title\" content=\"Riton 3 Tactix PRD Red Dot Sight\" \/>\n<meta property=\"og:description\" content=\"Riton 3 Tactix PRD red dot sight delivers rapid target acquisition with an illuminated dot. Features aircraft-grade aluminum construction &amp; HD glass clarity. Shop now.\" \/>\n<meta property=\"og:url\" content=\"https:\/\/hunter-optics.com\/fr\/produit\/riton-3-tactix-prd-red-dot-sight\/\" \/>\n<meta property=\"og:site_name\" content=\"Hunter Optics\" \/>\n<meta property=\"article:modified_time\" content=\"2025-10-11T08:58:47+00:00\" \/>\n<meta property=\"og:image\" content=\"https:\/\/hunter-optics.com\/wp-content\/uploads\/2025\/07\/3-Tactix-MPRD-3.webp\" \/>\n\t<meta property=\"og:image:width\" content=\"876\" \/>\n\t<meta property=\"og:image:height\" content=\"876\" \/>\n\t<meta property=\"og:image:type\" content=\"image\/webp\" \/>\n<meta name=\"twitter:card\" content=\"summary_large_image\" \/>\n<meta name=\"twitter:label1\" content=\"Prix\" \/>\n\t<meta name=\"twitter:data1\" content=\"&#036;199.99\" \/>\n\t<meta name=\"twitter:label2\" content=\"Disponibilit\u00e9\" \/>\n\t<meta name=\"twitter:data2\" content=\"En stock\" \/>\n<script type=\"application\/ld+json\" class=\"yoast-schema-graph\">{\"@context\":\"https:\\\/\\\/schema.org\",\"@graph\":[{\"@type\":\"WebPage\",\"@id\":\"https:\\\/\\\/hunter-optics.com\\\/product\\\/riton-3-tactix-prd-red-dot-sight\\\/\",\"url\":\"https:\\\/\\\/hunter-optics.com\\\/product\\\/riton-3-tactix-prd-red-dot-sight\\\/\",\"name\":\"Riton 3 Tactix PRD Red Dot Sight - Hunter Optics\",\"isPartOf\":{\"@id\":\"https:\\\/\\\/hunter-optics.com\\\/#website\"},\"primaryImageOfPage\":{\"@id\":\"https:\\\/\\\/hunter-optics.com\\\/product\\\/riton-3-tactix-prd-red-dot-sight\\\/#primaryimage\"},\"image\":{\"@id\":\"https:\\\/\\\/hunter-optics.com\\\/product\\\/riton-3-tactix-prd-red-dot-sight\\\/#primaryimage\"},\"thumbnailUrl\":\"https:\\\/\\\/hunter-optics.com\\\/wp-content\\\/uploads\\\/2025\\\/07\\\/3-Tactix-MPRD-3.webp\",\"datePublished\":\"2025-07-31T08:41:23+00:00\",\"dateModified\":\"2025-10-11T08:58:47+00:00\",\"description\":\"Riton 3 Tactix PRD red dot sight delivers rapid target acquisition with an illuminated dot. Features aircraft-grade aluminum construction & HD glass clarity. Shop now.\",\"breadcrumb\":{\"@id\":\"https:\\\/\\\/hunter-optics.com\\\/product\\\/riton-3-tactix-prd-red-dot-sight\\\/#breadcrumb\"},\"inLanguage\":\"fr-FR\",\"potentialAction\":[{\"@type\":\"ReadAction\",\"target\":[\"https:\\\/\\\/hunter-optics.com\\\/product\\\/riton-3-tactix-prd-red-dot-sight\\\/\"]}]},{\"@type\":\"ImageObject\",\"inLanguage\":\"fr-FR\",\"@id\":\"https:\\\/\\\/hunter-optics.com\\\/product\\\/riton-3-tactix-prd-red-dot-sight\\\/#primaryimage\",\"url\":\"https:\\\/\\\/hunter-optics.com\\\/wp-content\\\/uploads\\\/2025\\\/07\\\/3-Tactix-MPRD-3.webp\",\"contentUrl\":\"https:\\\/\\\/hunter-optics.com\\\/wp-content\\\/uploads\\\/2025\\\/07\\\/3-Tactix-MPRD-3.webp\",\"width\":876,\"height\":876},{\"@type\":\"BreadcrumbList\",\"@id\":\"https:\\\/\\\/hunter-optics.com\\\/product\\\/riton-3-tactix-prd-red-dot-sight\\\/#breadcrumb\",\"itemListElement\":[{\"@type\":\"ListItem\",\"position\":1,\"name\":\"Home\",\"item\":\"https:\\\/\\\/hunter-optics.com\\\/\"},{\"@type\":\"ListItem\",\"position\":2,\"name\":\"Products\",\"item\":\"https:\\\/\\\/hunter-optics.com\\\/shop\\\/\"},{\"@type\":\"ListItem\",\"position\":3,\"name\":\"Riton 3 Tactix PRD Red Dot Sight\"}]},{\"@type\":\"WebSite\",\"@id\":\"https:\\\/\\\/hunter-optics.com\\\/#website\",\"url\":\"https:\\\/\\\/hunter-optics.com\\\/\",\"name\":\"Hunter Optics\",\"description\":\"Hunter Optics \u2014 Your Eye on the Target.\",\"publisher\":{\"@id\":\"https:\\\/\\\/hunter-optics.com\\\/#organization\"},\"potentialAction\":[{\"@type\":\"SearchAction\",\"target\":{\"@type\":\"EntryPoint\",\"urlTemplate\":\"https:\\\/\\\/hunter-optics.com\\\/?s={search_term_string}\"},\"query-input\":{\"@type\":\"PropertyValueSpecification\",\"valueRequired\":true,\"valueName\":\"search_term_string\"}}],\"inLanguage\":\"fr-FR\"},{\"@type\":\"Organization\",\"@id\":\"https:\\\/\\\/hunter-optics.com\\\/#organization\",\"name\":\"Hunter Optics\",\"url\":\"https:\\\/\\\/hunter-optics.com\\\/\",\"logo\":{\"@type\":\"ImageObject\",\"inLanguage\":\"fr-FR\",\"@id\":\"https:\\\/\\\/hunter-optics.com\\\/#\\\/schema\\\/logo\\\/image\\\/\",\"url\":\"https:\\\/\\\/hunter-optics.com\\\/wp-content\\\/uploads\\\/2025\\\/06\\\/hunter-optics-logo-1.png\",\"contentUrl\":\"https:\\\/\\\/hunter-optics.com\\\/wp-content\\\/uploads\\\/2025\\\/06\\\/hunter-optics-logo-1.png\",\"width\":937,\"height\":373,\"caption\":\"Hunter Optics\"},\"image\":{\"@id\":\"https:\\\/\\\/hunter-optics.com\\\/#\\\/schema\\\/logo\\\/image\\\/\"}}]}<\/script>\n<meta property=\"product:brand\" content=\"Riton\" \/>\n<meta property=\"product:price:amount\" content=\"199.99\" \/>\n<meta property=\"product:price:currency\" content=\"USD\" \/>\n<meta property=\"og:availability\" content=\"instock\" \/>\n<meta property=\"product:availability\" content=\"instock\" \/>\n<meta property=\"product:condition\" content=\"new\" \/>\n<!-- \/ Yoast SEO Premium plugin. -->","yoast_head_json":{"title":"Riton 3 Tactix PRD Red Dot Sight - Hunter Optics","description":"Le viseur point rouge Riton 3 Tactix PRD permet une acquisition rapide de la cible gr\u00e2ce \u00e0 un point lumineux. Construction en aluminium de qualit\u00e9 a\u00e9ronautique et clart\u00e9 du verre HD. Achetez maintenant.","robots":{"index":"index","follow":"follow","max-snippet":"max-snippet:-1","max-image-preview":"max-image-preview:large","max-video-preview":"max-video-preview:-1"},"canonical":"https:\/\/hunter-optics.com\/fr\/produit\/riton-3-tactix-prd-red-dot-sight\/","og_locale":"fr_FR","og_type":"article","og_title":"Riton 3 Tactix PRD Red Dot Sight","og_description":"Riton 3 Tactix PRD red dot sight delivers rapid target acquisition with an illuminated dot. Features aircraft-grade aluminum construction & HD glass clarity. Shop now.","og_url":"https:\/\/hunter-optics.com\/fr\/produit\/riton-3-tactix-prd-red-dot-sight\/","og_site_name":"Hunter Optics","article_modified_time":"2025-10-11T08:58:47+00:00","og_image":[{"width":876,"height":876,"url":"https:\/\/hunter-optics.com\/wp-content\/uploads\/2025\/07\/3-Tactix-MPRD-3.webp","type":"image\/webp"}],"twitter_card":"summary_large_image","twitter_misc":{"Prix":"&#36;199.99","Disponibilit\u00e9":"En stock"},"schema":{"@context":"https:\/\/schema.org","@graph":[{"@type":"WebPage","@id":"https:\/\/hunter-optics.com\/product\/riton-3-tactix-prd-red-dot-sight\/","url":"https:\/\/hunter-optics.com\/product\/riton-3-tactix-prd-red-dot-sight\/","name":"Riton 3 Tactix PRD Red Dot Sight - Hunter Optics","isPartOf":{"@id":"https:\/\/hunter-optics.com\/#website"},"primaryImageOfPage":{"@id":"https:\/\/hunter-optics.com\/product\/riton-3-tactix-prd-red-dot-sight\/#primaryimage"},"image":{"@id":"https:\/\/hunter-optics.com\/product\/riton-3-tactix-prd-red-dot-sight\/#primaryimage"},"thumbnailUrl":"https:\/\/hunter-optics.com\/wp-content\/uploads\/2025\/07\/3-Tactix-MPRD-3.webp","datePublished":"2025-07-31T08:41:23+00:00","dateModified":"2025-10-11T08:58:47+00:00","description":"Le viseur point rouge Riton 3 Tactix PRD permet une acquisition rapide de la cible gr\u00e2ce \u00e0 un point lumineux. Construction en aluminium de qualit\u00e9 a\u00e9ronautique et clart\u00e9 du verre HD. Achetez maintenant.","breadcrumb":{"@id":"https:\/\/hunter-optics.com\/product\/riton-3-tactix-prd-red-dot-sight\/#breadcrumb"},"inLanguage":"fr-FR","potentialAction":[{"@type":"ReadAction","target":["https:\/\/hunter-optics.com\/product\/riton-3-tactix-prd-red-dot-sight\/"]}]},{"@type":"ImageObject","inLanguage":"fr-FR","@id":"https:\/\/hunter-optics.com\/product\/riton-3-tactix-prd-red-dot-sight\/#primaryimage","url":"https:\/\/hunter-optics.com\/wp-content\/uploads\/2025\/07\/3-Tactix-MPRD-3.webp","contentUrl":"https:\/\/hunter-optics.com\/wp-content\/uploads\/2025\/07\/3-Tactix-MPRD-3.webp","width":876,"height":876},{"@type":"BreadcrumbList","@id":"https:\/\/hunter-optics.com\/product\/riton-3-tactix-prd-red-dot-sight\/#breadcrumb","itemListElement":[{"@type":"ListItem","position":1,"name":"Home","item":"https:\/\/hunter-optics.com\/"},{"@type":"ListItem","position":2,"name":"Products","item":"https:\/\/hunter-optics.com\/shop\/"},{"@type":"ListItem","position":3,"name":"Riton 3 Tactix PRD Red Dot Sight"}]},{"@type":"WebSite","@id":"https:\/\/hunter-optics.com\/#website","url":"https:\/\/hunter-optics.com\/","name":"Optique Hunter","description":"Optique du chasseur - L'\u0153il sur la cible.","publisher":{"@id":"https:\/\/hunter-optics.com\/#organization"},"potentialAction":[{"@type":"SearchAction","target":{"@type":"EntryPoint","urlTemplate":"https:\/\/hunter-optics.com\/?s={search_term_string}"},"query-input":{"@type":"PropertyValueSpecification","valueRequired":true,"valueName":"search_term_string"}}],"inLanguage":"fr-FR"},{"@type":"Organization","@id":"https:\/\/hunter-optics.com\/#organization","name":"Optique Hunter","url":"https:\/\/hunter-optics.com\/","logo":{"@type":"ImageObject","inLanguage":"fr-FR","@id":"https:\/\/hunter-optics.com\/#\/schema\/logo\/image\/","url":"https:\/\/hunter-optics.com\/wp-content\/uploads\/2025\/06\/hunter-optics-logo-1.png","contentUrl":"https:\/\/hunter-optics.com\/wp-content\/uploads\/2025\/06\/hunter-optics-logo-1.png","width":937,"height":373,"caption":"Hunter Optics"},"image":{"@id":"https:\/\/hunter-optics.com\/#\/schema\/logo\/image\/"}}]},"product_brand":"Riton","product_price_amount":"199.99","product_price_currency":"USD","og_availability":"instock","product_availability":"instock","product_condition":"new"},"_links":{"self":[{"href":"https:\/\/hunter-optics.com\/fr\/wp-json\/wp\/v2\/product\/1542","targetHints":{"allow":["GET"]}}],"collection":[{"href":"https:\/\/hunter-optics.com\/fr\/wp-json\/wp\/v2\/product"}],"about":[{"href":"https:\/\/hunter-optics.com\/fr\/wp-json\/wp\/v2\/types\/product"}],"replies":[{"embeddable":true,"href":"https:\/\/hunter-optics.com\/fr\/wp-json\/wp\/v2\/comments?post=1542"}],"version-history":[{"count":3,"href":"https:\/\/hunter-optics.com\/fr\/wp-json\/wp\/v2\/product\/1542\/revisions"}],"predecessor-version":[{"id":1565,"href":"https:\/\/hunter-optics.com\/fr\/wp-json\/wp\/v2\/product\/1542\/revisions\/1565"}],"wp:featuredmedia":[{"embeddable":true,"href":"https:\/\/hunter-optics.com\/fr\/wp-json\/wp\/v2\/media\/1557"}],"wp:attachment":[{"href":"https:\/\/hunter-optics.com\/fr\/wp-json\/wp\/v2\/media?parent=1542"}],"wp:term":[{"taxonomy":"brand","embeddable":true,"href":"https:\/\/hunter-optics.com\/fr\/wp-json\/wp\/v2\/etheme_brands?post=1542"},{"taxonomy":"product_brand","embeddable":true,"href":"https:\/\/hunter-optics.com\/fr\/wp-json\/wp\/v2\/product_brand?post=1542"},{"taxonomy":"product_cat","embeddable":true,"href":"https:\/\/hunter-optics.com\/fr\/wp-json\/wp\/v2\/product_cat?post=1542"},{"taxonomy":"product_tag","embeddable":true,"href":"https:\/\/hunter-optics.com\/fr\/wp-json\/wp\/v2\/product_tag?post=1542"}],"curies":[{"name":"wp","href":"https:\/\/api.w.org\/{rel}","templated":true}]}}