{"id":1504,"date":"2025-07-31T06:22:35","date_gmt":"2025-07-31T06:22:35","guid":{"rendered":"https:\/\/hunter-optics.com\/?post_type=product&#038;p=1504"},"modified":"2025-07-31T06:24:20","modified_gmt":"2025-07-31T06:24:20","slug":"crimson-trace-4-20x50mm-mil-ffp-ctl-3420","status":"publish","type":"product","link":"https:\/\/hunter-optics.com\/fr\/produit\/crimson-trace-4-20x50mm-mil-ffp-ctl-3420\/","title":{"rendered":"Crimson Trace 4-20x50mm MIL\/FFP CTL-3420"},"content":{"rendered":"<p>La s\u00e9rie CTL-3420 3 est une lunette de vis\u00e9e de milieu de gamme 4-20x50mm riche en fonctionnalit\u00e9s, qui a \u00e9t\u00e9 d\u00e9lib\u00e9r\u00e9ment con\u00e7ue \u00e0 partir de la base. Le premier plan focal (FFP) de la lunette et l'impressionnante clart\u00e9 du verre ED japonais offrent une exp\u00e9rience de tir in\u00e9gal\u00e9e. Le r\u00e9ticule avanc\u00e9 LR1-MIL, con\u00e7u sur mesure, est enti\u00e8rement \u00e9clair\u00e9 et offre des points d'arr\u00eat rapides pour l'\u00e2ge du vent et l'\u00e9l\u00e9vation. Les tourelles tactiques expos\u00e9es . 1 MIL offrent une sensation de pr\u00e9cision et de robustesse lors du r\u00e9glage pour les tirs les plus pr\u00e9cis. L'ensemble de la gamme de lunettes Crimson Trace offre des indicateurs de mise \u00e0 niveau EZ mount pour un montage rapide et pr\u00e9cis et une technologie rare (anneau d'alignement rouge) pour un placement correct de l'\u0153il. Toutes les lunettes Crimson Trace sont couvertes par une garantie \u00e0 vie.<\/p>\n<div class=\"a-row\">\n<div class=\"a-column a-span6\">\n<h1 class=\"a-size-medium a-spacing-small\">D\u00e9tails techniques<\/h1>\n<\/div>\n<\/div>\n<div class=\"a-expander-content a-expander-extend-content\" data-expanded=\"true\">\n<div class=\"a-row a-expander-container a-expander-inline-container\">\n<div class=\"a-expander-content a-expander-section-content a-section-expander-inner\" data-expanded=\"true\">\n<table id=\"productDetails_techSpec_section_1\" class=\"a-keyvalue prodDetTable\">\n<tbody>\n<tr>\n<th class=\"a-color-secondary a-size-base prodDetSectionEntry\">Marque<\/th>\n<td class=\"a-size-base prodDetAttrValue\">Trace cramoisie<\/td>\n<\/tr>\n<tr>\n<th class=\"a-color-secondary a-size-base prodDetSectionEntry\">Couleur<\/th>\n<td class=\"a-size-base prodDetAttrValue\">Noir<\/td>\n<\/tr>\n<tr>\n<th class=\"a-color-secondary a-size-base prodDetSectionEntry\">Style<\/th>\n<td class=\"a-size-base prodDetAttrValue\">Tactique<\/td>\n<\/tr>\n<tr>\n<th class=\"a-color-secondary a-size-base prodDetSectionEntry\">Le sport<\/th>\n<td class=\"a-size-base prodDetAttrValue\">Chasse, tactique et militaire<\/td>\n<\/tr>\n<tr>\n<th class=\"a-color-secondary a-size-base prodDetSectionEntry\">Poids de l'article<\/th>\n<td class=\"a-size-base prodDetAttrValue\">3,76 livres<\/td>\n<\/tr>\n<tr>\n<th class=\"a-color-secondary a-size-base prodDetSectionEntry\">Mat\u00e9riau<\/th>\n<td class=\"a-size-base prodDetAttrValue\">Aluminium<\/td>\n<\/tr>\n<tr>\n<th class=\"a-color-secondary a-size-base prodDetSectionEntry\">Grossissement maximum<\/th>\n<td class=\"a-size-base prodDetAttrValue\">20.00<\/td>\n<\/tr>\n<tr>\n<th class=\"a-color-secondary a-size-base prodDetSectionEntry\">Diam\u00e8tre de l'objectif<\/th>\n<td class=\"a-size-base prodDetAttrValue\">50 millim\u00e8tres<\/td>\n<\/tr>\n<tr>\n<th class=\"a-color-secondary a-size-base prodDetSectionEntry\">Grossissement Minimum<\/th>\n<td class=\"a-size-base prodDetAttrValue\">4.00<\/td>\n<\/tr>\n<tr>\n<th class=\"a-color-secondary a-size-base prodDetSectionEntry\">Appareils compatibles<\/th>\n<td class=\"a-size-base prodDetAttrValue\">Fusil<\/td>\n<\/tr>\n<tr>\n<th class=\"a-color-secondary a-size-base prodDetSectionEntry\">Type de montage<\/th>\n<td class=\"a-size-base prodDetAttrValue\">Montage par extrusion<\/td>\n<\/tr>\n<tr>\n<th class=\"a-color-secondary a-size-base prodDetSectionEntry\">Vision nocturne<\/th>\n<td class=\"a-size-base prodDetAttrValue\">Non<\/td>\n<\/tr>\n<tr>\n<th class=\"a-color-secondary a-size-base prodDetSectionEntry\">Soulagement des yeux<\/th>\n<td class=\"a-size-base prodDetAttrValue\">3,7 pouces<\/td>\n<\/tr>\n<tr>\n<th class=\"a-color-secondary a-size-base prodDetSectionEntry\">Champ de vision<\/th>\n<td class=\"a-size-base prodDetAttrValue\">28,9 pieds<\/td>\n<\/tr>\n<tr>\n<th class=\"a-color-secondary a-size-base prodDetSectionEntry\">Nom du mod\u00e8le<\/th>\n<td class=\"a-size-base prodDetAttrValue\">Crimson Trace Optics T\u00e9lescope tactique 4-20x50mm MIL\/MIL FFP avec LR1-MIL avec r\u00e9ticule lumineux, 3 Series CTL-3420<\/td>\n<\/tr>\n<tr>\n<th class=\"a-color-secondary a-size-base prodDetSectionEntry\">Fabricant<\/th>\n<td class=\"a-size-base prodDetAttrValue\">Crimson Trace Corporation<\/td>\n<\/tr>\n<tr>\n<th class=\"a-color-secondary a-size-base prodDetSectionEntry\">Type de r\u00e9ticule<\/th>\n<td class=\"a-size-base prodDetAttrValue\">LR1-MIL<\/td>\n<\/tr>\n<tr>\n<th class=\"a-color-secondary a-size-base prodDetSectionEntry\">CUP<\/th>\n<td class=\"a-size-base prodDetAttrValue\">850002469134<\/td>\n<\/tr>\n<tr>\n<th class=\"a-color-secondary a-size-base prodDetSectionEntry\">Article Dimensions de l'emballage L x L x H<\/th>\n<td class=\"a-size-base prodDetAttrValue\">17.48 x 4.84 x 4.13 pouces<\/td>\n<\/tr>\n<tr>\n<th class=\"a-color-secondary a-size-base prodDetSectionEntry\">Poids de l'emballage<\/th>\n<td class=\"a-size-base prodDetAttrValue\">1,73 kilogramme<\/td>\n<\/tr>\n<tr>\n<th class=\"a-color-secondary a-size-base prodDetSectionEntry\">Dimensions de l'article LxLxH<\/th>\n<td class=\"a-size-base prodDetAttrValue\">14,5 x 3,4 x 2,5 pouces<\/td>\n<\/tr>\n<tr>\n<th class=\"a-color-secondary a-size-base prodDetSectionEntry\">Nom de la marque<\/th>\n<td class=\"a-size-base prodDetAttrValue\">Trace cramoisie<\/td>\n<\/tr>\n<tr>\n<th class=\"a-color-secondary a-size-base prodDetSectionEntry\">Description de la garantie<\/th>\n<td class=\"a-size-base prodDetAttrValue\">https:\/\/www.crimsontrace.com\/support\/warranty, GARANTIE \u00c0 VIE<\/td>\n<\/tr>\n<tr>\n<th class=\"a-color-secondary a-size-base prodDetSectionEntry\">Utilisateurs sugg\u00e9r\u00e9s<\/th>\n<td class=\"a-size-base prodDetAttrValue\">unisexe-adulte<\/td>\n<\/tr>\n<tr>\n<th class=\"a-color-secondary a-size-base prodDetSectionEntry\">Nombre d'articles<\/th>\n<td class=\"a-size-base prodDetAttrValue\">1<\/td>\n<\/tr>\n<tr>\n<th class=\"a-color-secondary a-size-base prodDetSectionEntry\">Num\u00e9ro de pi\u00e8ce<\/th>\n<td class=\"a-size-base prodDetAttrValue\">CTL-3420<\/td>\n<\/tr>\n<tr>\n<th class=\"a-color-secondary a-size-base prodDetSectionEntry\">Ann\u00e9e du mod\u00e8le<\/th>\n<td class=\"a-size-base prodDetAttrValue\">2020<\/td>\n<\/tr>\n<tr>\n<th class=\"a-color-secondary a-size-base prodDetSectionEntry\">Composants inclus<\/th>\n<td class=\"a-size-base prodDetAttrValue\">Lunette, batterie, manuel du syst\u00e8me, manuel du r\u00e9ticule, outils du syst\u00e8me, 2 capuchons, chiffon de nettoyage de l'objectif<\/td>\n<\/tr>\n<tr>\n<th class=\"a-color-secondary a-size-base prodDetSectionEntry\">Taille<\/th>\n<td class=\"a-size-base prodDetAttrValue\">Taille unique<\/td>\n<\/tr>\n<tr>\n<th class=\"a-color-secondary a-size-base prodDetSectionEntry\">Orientation des mains<\/th>\n<td class=\"a-size-base prodDetAttrValue\">Gauche\/Droite<\/td>\n<\/tr>\n<\/tbody>\n<\/table>\n<\/div>\n<\/div>\n<\/div>","protected":false},"excerpt":{"rendered":"<ul class=\"a-unordered-list a-vertical a-spacing-mini\">\n<li class=\"a-spacing-mini\"><span class=\"a-list-item\"> PUISSANCE : La lunette 4-20x50mm fait para\u00eetre les objets de quatre \u00e0 vingt fois plus proches qu'\u00e0 l'\u0153il nu, gr\u00e2ce \u00e0 un objectif de 50 mm. <\/span><\/li>\n<li class=\"a-spacing-mini\"><span class=\"a-list-item\"> PREMIER PLAN FOCAL (FFP) : Le r\u00e9ticule lumineux LR1-MIL, grav\u00e9 dans le verre, se trouve \u00e0 l'avant du m\u00e9canisme de grossissement et s'adapte pour fournir des points d'arr\u00eat balistiques corrects \u00e0 toutes les distances. <\/span><\/li>\n<li class=\"a-spacing-mini\"><span class=\"a-list-item\"> TOURELLES EXPOS\u00c9ES AVEC R\u00c9TICULE AVANC\u00c9 LR1-MIL : <\/span><\/li>\n<li class=\"a-spacing-mini\"><span class=\"a-list-item\"> FABRICATION DE QUALIT\u00c9 : Le tube principal en aluminium anodis\u00e9 d'une seule pi\u00e8ce de 30 mm est con\u00e7u pour r\u00e9sister aux environnements les plus exigeants. <\/span><\/li>\n<\/ul>","protected":false},"featured_media":1509,"comment_status":"open","ping_status":"closed","template":"","meta":[],"etheme_brands":[{"term_id":45,"name":"Crimson Trace","slug":"crimson-trace","term_group":0,"term_taxonomy_id":45,"taxonomy":"brand","description":"Crimson Trace is a manufacturer dedicated to producing the highest quality laser sights, tactical lights, electronic sights, and riflescopes for your pistols, rifles, and shotguns.","parent":0,"count":6,"filter":"raw"}],"product_brand":[],"product_cat":[49],"product_tag":[],"class_list":{"0":"post-1504","1":"product","2":"type-product","3":"status-publish","4":"has-post-thumbnail","6":"brand-crimson-trace","7":"product_cat-rifle-scopes","9":"first","10":"instock","11":"sale","12":"taxable","13":"shipping-taxable","14":"purchasable","15":"product-type-simple"},"yoast_head":"<!-- This site is optimized with the Yoast SEO Premium plugin v25.7.1 (Yoast SEO v27.4) - https:\/\/yoast.com\/product\/yoast-seo-premium-wordpress\/ -->\n<title>Crimson Trace 4-20x50mm MIL\/FFP CTL-3420 - Hunter Optics<\/title>\n<meta name=\"description\" content=\"The CTL-3420 3 Series is a feature rich 4-20x50mm mid-range rifle scope that has been purposefully built from the ground up.\" \/>\n<meta name=\"robots\" content=\"index, follow, max-snippet:-1, max-image-preview:large, max-video-preview:-1\" \/>\n<link rel=\"canonical\" href=\"https:\/\/hunter-optics.com\/fr\/produit\/crimson-trace-4-20x50mm-mil-ffp-ctl-3420\/\" \/>\n<meta property=\"og:locale\" content=\"fr_FR\" \/>\n<meta property=\"og:type\" content=\"article\" \/>\n<meta property=\"og:title\" content=\"Crimson Trace 4-20x50mm MIL\/FFP CTL-3420\" \/>\n<meta property=\"og:description\" content=\"The CTL-3420 3 Series is a feature rich 4-20x50mm mid-range rifle scope that has been purposefully built from the ground up.\" \/>\n<meta property=\"og:url\" content=\"https:\/\/hunter-optics.com\/fr\/produit\/crimson-trace-4-20x50mm-mil-ffp-ctl-3420\/\" \/>\n<meta property=\"og:site_name\" content=\"Hunter Optics\" \/>\n<meta property=\"article:modified_time\" content=\"2025-07-31T06:24:20+00:00\" \/>\n<meta property=\"og:image\" content=\"https:\/\/hunter-optics.com\/wp-content\/uploads\/2025\/07\/CTL-3420.jpg\" \/>\n\t<meta property=\"og:image:width\" content=\"876\" \/>\n\t<meta property=\"og:image:height\" content=\"876\" \/>\n\t<meta property=\"og:image:type\" content=\"image\/jpeg\" \/>\n<meta name=\"twitter:card\" content=\"summary_large_image\" \/>\n<meta name=\"twitter:label1\" content=\"Prix\" \/>\n\t<meta name=\"twitter:data1\" content=\"&#036;669.99\" \/>\n\t<meta name=\"twitter:label2\" content=\"Disponibilit\u00e9\" \/>\n\t<meta name=\"twitter:data2\" content=\"En stock\" \/>\n<script type=\"application\/ld+json\" class=\"yoast-schema-graph\">{\"@context\":\"https:\\\/\\\/schema.org\",\"@graph\":[{\"@type\":\"WebPage\",\"@id\":\"https:\\\/\\\/hunter-optics.com\\\/product\\\/crimson-trace-4-20x50mm-mil-ffp-ctl-3420\\\/\",\"url\":\"https:\\\/\\\/hunter-optics.com\\\/product\\\/crimson-trace-4-20x50mm-mil-ffp-ctl-3420\\\/\",\"name\":\"Crimson Trace 4-20x50mm MIL\\\/FFP CTL-3420 - Hunter Optics\",\"isPartOf\":{\"@id\":\"https:\\\/\\\/hunter-optics.com\\\/#website\"},\"primaryImageOfPage\":{\"@id\":\"https:\\\/\\\/hunter-optics.com\\\/product\\\/crimson-trace-4-20x50mm-mil-ffp-ctl-3420\\\/#primaryimage\"},\"image\":{\"@id\":\"https:\\\/\\\/hunter-optics.com\\\/product\\\/crimson-trace-4-20x50mm-mil-ffp-ctl-3420\\\/#primaryimage\"},\"thumbnailUrl\":\"https:\\\/\\\/hunter-optics.com\\\/wp-content\\\/uploads\\\/2025\\\/07\\\/CTL-3420.jpg\",\"datePublished\":\"2025-07-31T06:22:35+00:00\",\"dateModified\":\"2025-07-31T06:24:20+00:00\",\"description\":\"The CTL-3420 3 Series is a feature rich 4-20x50mm mid-range rifle scope that has been purposefully built from the ground up.\",\"breadcrumb\":{\"@id\":\"https:\\\/\\\/hunter-optics.com\\\/product\\\/crimson-trace-4-20x50mm-mil-ffp-ctl-3420\\\/#breadcrumb\"},\"inLanguage\":\"fr-FR\",\"potentialAction\":[{\"@type\":\"ReadAction\",\"target\":[\"https:\\\/\\\/hunter-optics.com\\\/product\\\/crimson-trace-4-20x50mm-mil-ffp-ctl-3420\\\/\"]}]},{\"@type\":\"ImageObject\",\"inLanguage\":\"fr-FR\",\"@id\":\"https:\\\/\\\/hunter-optics.com\\\/product\\\/crimson-trace-4-20x50mm-mil-ffp-ctl-3420\\\/#primaryimage\",\"url\":\"https:\\\/\\\/hunter-optics.com\\\/wp-content\\\/uploads\\\/2025\\\/07\\\/CTL-3420.jpg\",\"contentUrl\":\"https:\\\/\\\/hunter-optics.com\\\/wp-content\\\/uploads\\\/2025\\\/07\\\/CTL-3420.jpg\",\"width\":876,\"height\":876},{\"@type\":\"BreadcrumbList\",\"@id\":\"https:\\\/\\\/hunter-optics.com\\\/product\\\/crimson-trace-4-20x50mm-mil-ffp-ctl-3420\\\/#breadcrumb\",\"itemListElement\":[{\"@type\":\"ListItem\",\"position\":1,\"name\":\"Home\",\"item\":\"https:\\\/\\\/hunter-optics.com\\\/\"},{\"@type\":\"ListItem\",\"position\":2,\"name\":\"Products\",\"item\":\"https:\\\/\\\/hunter-optics.com\\\/shop\\\/\"},{\"@type\":\"ListItem\",\"position\":3,\"name\":\"Crimson Trace 4-20x50mm MIL\\\/FFP CTL-3420\"}]},{\"@type\":\"WebSite\",\"@id\":\"https:\\\/\\\/hunter-optics.com\\\/#website\",\"url\":\"https:\\\/\\\/hunter-optics.com\\\/\",\"name\":\"Hunter Optics\",\"description\":\"Hunter Optics \u2014 Your Eye on the Target.\",\"publisher\":{\"@id\":\"https:\\\/\\\/hunter-optics.com\\\/#organization\"},\"potentialAction\":[{\"@type\":\"SearchAction\",\"target\":{\"@type\":\"EntryPoint\",\"urlTemplate\":\"https:\\\/\\\/hunter-optics.com\\\/?s={search_term_string}\"},\"query-input\":{\"@type\":\"PropertyValueSpecification\",\"valueRequired\":true,\"valueName\":\"search_term_string\"}}],\"inLanguage\":\"fr-FR\"},{\"@type\":\"Organization\",\"@id\":\"https:\\\/\\\/hunter-optics.com\\\/#organization\",\"name\":\"Hunter Optics\",\"url\":\"https:\\\/\\\/hunter-optics.com\\\/\",\"logo\":{\"@type\":\"ImageObject\",\"inLanguage\":\"fr-FR\",\"@id\":\"https:\\\/\\\/hunter-optics.com\\\/#\\\/schema\\\/logo\\\/image\\\/\",\"url\":\"https:\\\/\\\/hunter-optics.com\\\/wp-content\\\/uploads\\\/2025\\\/06\\\/hunter-optics-logo-1.png\",\"contentUrl\":\"https:\\\/\\\/hunter-optics.com\\\/wp-content\\\/uploads\\\/2025\\\/06\\\/hunter-optics-logo-1.png\",\"width\":937,\"height\":373,\"caption\":\"Hunter Optics\"},\"image\":{\"@id\":\"https:\\\/\\\/hunter-optics.com\\\/#\\\/schema\\\/logo\\\/image\\\/\"}}]}<\/script>\n<meta property=\"product:brand\" content=\"Crimson Trace\" \/>\n<meta property=\"product:price:amount\" content=\"669.99\" \/>\n<meta property=\"product:price:currency\" content=\"USD\" \/>\n<meta property=\"og:availability\" content=\"instock\" \/>\n<meta property=\"product:availability\" content=\"instock\" \/>\n<meta property=\"product:condition\" content=\"new\" \/>\n<!-- \/ Yoast SEO Premium plugin. -->","yoast_head_json":{"title":"Crimson Trace 4-20x50mm MIL\/FFP CTL-3420 - Hunter Optics","description":"La s\u00e9rie CTL-3420 3 est une lunette de vis\u00e9e de milieu de gamme 4-20x50mm riche en fonctionnalit\u00e9s qui a \u00e9t\u00e9 con\u00e7ue \u00e0 partir de z\u00e9ro.","robots":{"index":"index","follow":"follow","max-snippet":"max-snippet:-1","max-image-preview":"max-image-preview:large","max-video-preview":"max-video-preview:-1"},"canonical":"https:\/\/hunter-optics.com\/fr\/produit\/crimson-trace-4-20x50mm-mil-ffp-ctl-3420\/","og_locale":"fr_FR","og_type":"article","og_title":"Crimson Trace 4-20x50mm MIL\/FFP CTL-3420","og_description":"The CTL-3420 3 Series is a feature rich 4-20x50mm mid-range rifle scope that has been purposefully built from the ground up.","og_url":"https:\/\/hunter-optics.com\/fr\/produit\/crimson-trace-4-20x50mm-mil-ffp-ctl-3420\/","og_site_name":"Hunter Optics","article_modified_time":"2025-07-31T06:24:20+00:00","og_image":[{"width":876,"height":876,"url":"https:\/\/hunter-optics.com\/wp-content\/uploads\/2025\/07\/CTL-3420.jpg","type":"image\/jpeg"}],"twitter_card":"summary_large_image","twitter_misc":{"Prix":"&#36;669.99","Disponibilit\u00e9":"En stock"},"schema":{"@context":"https:\/\/schema.org","@graph":[{"@type":"WebPage","@id":"https:\/\/hunter-optics.com\/product\/crimson-trace-4-20x50mm-mil-ffp-ctl-3420\/","url":"https:\/\/hunter-optics.com\/product\/crimson-trace-4-20x50mm-mil-ffp-ctl-3420\/","name":"Crimson Trace 4-20x50mm MIL\/FFP CTL-3420 - Hunter Optics","isPartOf":{"@id":"https:\/\/hunter-optics.com\/#website"},"primaryImageOfPage":{"@id":"https:\/\/hunter-optics.com\/product\/crimson-trace-4-20x50mm-mil-ffp-ctl-3420\/#primaryimage"},"image":{"@id":"https:\/\/hunter-optics.com\/product\/crimson-trace-4-20x50mm-mil-ffp-ctl-3420\/#primaryimage"},"thumbnailUrl":"https:\/\/hunter-optics.com\/wp-content\/uploads\/2025\/07\/CTL-3420.jpg","datePublished":"2025-07-31T06:22:35+00:00","dateModified":"2025-07-31T06:24:20+00:00","description":"La s\u00e9rie CTL-3420 3 est une lunette de vis\u00e9e de milieu de gamme 4-20x50mm riche en fonctionnalit\u00e9s qui a \u00e9t\u00e9 con\u00e7ue \u00e0 partir de z\u00e9ro.","breadcrumb":{"@id":"https:\/\/hunter-optics.com\/product\/crimson-trace-4-20x50mm-mil-ffp-ctl-3420\/#breadcrumb"},"inLanguage":"fr-FR","potentialAction":[{"@type":"ReadAction","target":["https:\/\/hunter-optics.com\/product\/crimson-trace-4-20x50mm-mil-ffp-ctl-3420\/"]}]},{"@type":"ImageObject","inLanguage":"fr-FR","@id":"https:\/\/hunter-optics.com\/product\/crimson-trace-4-20x50mm-mil-ffp-ctl-3420\/#primaryimage","url":"https:\/\/hunter-optics.com\/wp-content\/uploads\/2025\/07\/CTL-3420.jpg","contentUrl":"https:\/\/hunter-optics.com\/wp-content\/uploads\/2025\/07\/CTL-3420.jpg","width":876,"height":876},{"@type":"BreadcrumbList","@id":"https:\/\/hunter-optics.com\/product\/crimson-trace-4-20x50mm-mil-ffp-ctl-3420\/#breadcrumb","itemListElement":[{"@type":"ListItem","position":1,"name":"Home","item":"https:\/\/hunter-optics.com\/"},{"@type":"ListItem","position":2,"name":"Products","item":"https:\/\/hunter-optics.com\/shop\/"},{"@type":"ListItem","position":3,"name":"Crimson Trace 4-20x50mm MIL\/FFP CTL-3420"}]},{"@type":"WebSite","@id":"https:\/\/hunter-optics.com\/#website","url":"https:\/\/hunter-optics.com\/","name":"Optique Hunter","description":"Optique du chasseur - L'\u0153il sur la cible.","publisher":{"@id":"https:\/\/hunter-optics.com\/#organization"},"potentialAction":[{"@type":"SearchAction","target":{"@type":"EntryPoint","urlTemplate":"https:\/\/hunter-optics.com\/?s={search_term_string}"},"query-input":{"@type":"PropertyValueSpecification","valueRequired":true,"valueName":"search_term_string"}}],"inLanguage":"fr-FR"},{"@type":"Organization","@id":"https:\/\/hunter-optics.com\/#organization","name":"Optique Hunter","url":"https:\/\/hunter-optics.com\/","logo":{"@type":"ImageObject","inLanguage":"fr-FR","@id":"https:\/\/hunter-optics.com\/#\/schema\/logo\/image\/","url":"https:\/\/hunter-optics.com\/wp-content\/uploads\/2025\/06\/hunter-optics-logo-1.png","contentUrl":"https:\/\/hunter-optics.com\/wp-content\/uploads\/2025\/06\/hunter-optics-logo-1.png","width":937,"height":373,"caption":"Hunter Optics"},"image":{"@id":"https:\/\/hunter-optics.com\/#\/schema\/logo\/image\/"}}]},"product_brand":"Crimson Trace","product_price_amount":"669.99","product_price_currency":"USD","og_availability":"instock","product_availability":"instock","product_condition":"new"},"_links":{"self":[{"href":"https:\/\/hunter-optics.com\/fr\/wp-json\/wp\/v2\/product\/1504","targetHints":{"allow":["GET"]}}],"collection":[{"href":"https:\/\/hunter-optics.com\/fr\/wp-json\/wp\/v2\/product"}],"about":[{"href":"https:\/\/hunter-optics.com\/fr\/wp-json\/wp\/v2\/types\/product"}],"replies":[{"embeddable":true,"href":"https:\/\/hunter-optics.com\/fr\/wp-json\/wp\/v2\/comments?post=1504"}],"version-history":[{"count":1,"href":"https:\/\/hunter-optics.com\/fr\/wp-json\/wp\/v2\/product\/1504\/revisions"}],"predecessor-version":[{"id":1512,"href":"https:\/\/hunter-optics.com\/fr\/wp-json\/wp\/v2\/product\/1504\/revisions\/1512"}],"wp:featuredmedia":[{"embeddable":true,"href":"https:\/\/hunter-optics.com\/fr\/wp-json\/wp\/v2\/media\/1509"}],"wp:attachment":[{"href":"https:\/\/hunter-optics.com\/fr\/wp-json\/wp\/v2\/media?parent=1504"}],"wp:term":[{"taxonomy":"brand","embeddable":true,"href":"https:\/\/hunter-optics.com\/fr\/wp-json\/wp\/v2\/etheme_brands?post=1504"},{"taxonomy":"product_brand","embeddable":true,"href":"https:\/\/hunter-optics.com\/fr\/wp-json\/wp\/v2\/product_brand?post=1504"},{"taxonomy":"product_cat","embeddable":true,"href":"https:\/\/hunter-optics.com\/fr\/wp-json\/wp\/v2\/product_cat?post=1504"},{"taxonomy":"product_tag","embeddable":true,"href":"https:\/\/hunter-optics.com\/fr\/wp-json\/wp\/v2\/product_tag?post=1504"}],"curies":[{"name":"wp","href":"https:\/\/api.w.org\/{rel}","templated":true}]}}