{"id":1489,"date":"2025-07-29T09:38:29","date_gmt":"2025-07-29T09:38:29","guid":{"rendered":"https:\/\/hunter-optics.com\/?post_type=product&#038;p=1489"},"modified":"2025-07-31T06:10:29","modified_gmt":"2025-07-31T06:10:29","slug":"crimson-trace-5-series-3-18x50mm-ctl-5318","status":"publish","type":"product","link":"https:\/\/hunter-optics.com\/fr\/produit\/crimson-trace-5-series-3-18x50mm-ctl-5318\/","title":{"rendered":"Crimson Trace 5 Series 3-18x50mm CTL-5318"},"content":{"rendered":"<h2 id=\"caption-header\">Product Info for Crimson Trace 5 Series 3-18x50mm Tactical Rifle Scope<\/h2>\n<div>\n<div id=\"product-caption-block-description\" class=\"product-caption-block product-caption-block\">\n<p>Le Crimson Trace CTL-5318 5 Series est une lunette de vis\u00e9e de milieu de gamme 3-18x50mm riche en fonctionnalit\u00e9s qui a \u00e9t\u00e9 d\u00e9lib\u00e9r\u00e9ment con\u00e7ue \u00e0 partir de la base. Le premier plan focal (FFP) de la lunette et l'impressionnante clart\u00e9 du verre ED japonais offrent une exp\u00e9rience de tir in\u00e9gal\u00e9e. Le r\u00e9ticule avanc\u00e9 MR1-MIL, con\u00e7u sur mesure, est enti\u00e8rement \u00e9clair\u00e9 et offre des points d'appui rapides pour la direction du vent et l'\u00e9l\u00e9vation. Les tourelles tactiques expos\u00e9es de 0,1 MIL offrent une sensation de pr\u00e9cision et de robustesse lors du r\u00e9glage pour les tirs les plus pr\u00e9cis. L'ensemble de la gamme de lunettes Crimson Trace offre des indicateurs de mise \u00e0 niveau EZ Mount pour un montage rapide et pr\u00e9cis, ainsi qu'un anneau d'alignement rouge pour un placement correct de l'\u0153il. Toutes les lunettes Crimson Trace font partie du programme de piles gratuites \u00e0 vie et sont couvertes par la garantie de protection \u00e0 vie.Premier plan focal (FFP) : Le r\u00e9ticule MR1-MIL Advanced Illuminated, grav\u00e9 dans le verre, se trouve devant le m\u00e9canisme de grossissement pour fournir des points d'appui balistiques corrects \u00e0 n'importe quelle distance. Cette caract\u00e9ristique permet de voir le r\u00e9ticule \u00e0 n'importe quel endroit de l'\u00e9chelle de grossissement et d'obtenir des mesures pr\u00e9cises de la distance. De nombreux points de maintien de la vis\u00e9e permettent des ajustements \u00e0 la vol\u00e9e dans des conditions environnementales en constante \u00e9volution. Le verre ED enti\u00e8rement multicouche de premi\u00e8re qualit\u00e9 permet d'am\u00e9liorer la qualit\u00e9 de l'image sur l'ensemble du spectre visuel. La lunette de vis\u00e9e 3-18x50mm fait para\u00eetre les objets trois \u00e0 dix-huit fois plus proches qu'\u00e0 l'\u0153il nu, avec un objectif de 50mmTourelles expos\u00e9es avec le r\u00e9ticule MR1-MIL Advanced : La s\u00e9rie 5 est optimale pour les applications de chasse de pr\u00e9cision \u00e0 longue distance, tout en \u00e9tant l\u00e9g\u00e8re. Z\u00e9ro-Stop pour un retour \u00e0 z\u00e9ro simplifi\u00e9 et un indicateur de 2\u00e8me rotation. Bo\u00eetier oculaire incroyablement tol\u00e9rant avec r\u00e9glage dioptrique pour maintenir un r\u00e9ticule focalis\u00e9. Le tube principal monobloc de 30 mm en aluminium anodis\u00e9 est construit pour faire face aux environnements les plus exigeants. \u00c9tanch\u00e9it\u00e9 \u00e0 l'eau et \u00e0 la bu\u00e9e avec des lentilles trait\u00e9es pour prot\u00e9ger des rayures, de l'huile et des d\u00e9bris.<img loading=\"lazy\" decoding=\"async\" src=\"https:\/\/opl.0ps.us\/assets-1d43849faec\/base\/opweb\/base\/desktop\/img\/pixels\/description-product-pixel.gif\" alt=\"image\" width=\"1\" height=\"1\" \/>.<\/p>\n<div id=\"product-caption-block-manufacture-specification\" class=\"product-caption-block product-caption-block\">\n<h3>Sp\u00e9cifications pour Crimson Trace 5 Series 3-18x50mm Tactical Rifle Scope :<\/h3>\n<table class=\"spec-table\" border=\"0\" cellspacing=\"0\" cellpadding=\"0\">\n<tbody>\n<tr>\n<td class=\"spec-left-column\">Fabricant :<\/td>\n<td width=\"50%\">Trace cramoisie<\/td>\n<\/tr>\n<tr>\n<td class=\"spec-left-column\">Diam\u00e8tre de l'objectif :<\/td>\n<td width=\"50%\">50 mm<\/td>\n<\/tr>\n<tr>\n<td class=\"spec-left-column\">Grossissement :<\/td>\n<td width=\"50%\">3 - 18 x<\/td>\n<\/tr>\n<tr>\n<td class=\"spec-left-column\">R\u00e9ticule :<\/td>\n<td width=\"50%\">R\u00e9ticule lumineux MR1-MIL<\/td>\n<\/tr>\n<tr>\n<td class=\"spec-left-column\">Diam\u00e8tre du tube :<\/td>\n<td width=\"50%\">34 mm<\/td>\n<\/tr>\n<tr>\n<td class=\"spec-left-column\">Plan focal du r\u00e9ticule :<\/td>\n<td width=\"50%\">Premier plan focal (FFP)<\/td>\n<\/tr>\n<tr>\n<td class=\"spec-left-column\">Exit Pupil :<\/td>\n<td width=\"50%\">2,8 - 9 mm<\/td>\n<\/tr>\n<tr>\n<td class=\"spec-left-column\">Couleur d'\u00e9clairage :<\/td>\n<td width=\"50%\">Rouge<\/td>\n<\/tr>\n<tr>\n<td class=\"spec-left-column\">Finition :<\/td>\n<td width=\"50%\">Mat<\/td>\n<\/tr>\n<tr>\n<td class=\"spec-left-column\">Champ de vision, lin\u00e9aire :<\/td>\n<td width=\"50%\">33.2 ft \u00e0 100 yds<\/td>\n<\/tr>\n<tr>\n<td class=\"spec-left-column\">Soulagement des yeux :<\/td>\n<td width=\"50%\">3.5 in<\/td>\n<\/tr>\n<tr>\n<td class=\"spec-left-column\">Plage de r\u00e9glage de la dioptrie :<\/td>\n<td width=\"50%\">-3 - 2 dpt<\/td>\n<\/tr>\n<tr>\n<td class=\"spec-left-column\">Couleur :<\/td>\n<td width=\"50%\">Noir<\/td>\n<\/tr>\n<tr>\n<td class=\"spec-left-column\">Ajustement Cliquez sur Valeur :<\/td>\n<td width=\"50%\">0,1 Mil Rad<\/td>\n<\/tr>\n<tr>\n<td class=\"spec-left-column\">Longueur :<\/td>\n<td width=\"50%\">17 en<\/td>\n<\/tr>\n<tr>\n<td class=\"spec-left-column\">Type d'ajustement :<\/td>\n<td width=\"50%\">Mil Rad<\/td>\n<\/tr>\n<tr>\n<td class=\"spec-left-column\">Parallaxe :<\/td>\n<td width=\"50%\">10 yds \u00e0 l'infini<\/td>\n<\/tr>\n<tr>\n<td class=\"spec-left-column\">Type d'\u00e9clairage :<\/td>\n<td width=\"50%\">LED<\/td>\n<\/tr>\n<tr>\n<td class=\"spec-left-column\">Type de batterie :<\/td>\n<td width=\"50%\">CR2032<\/td>\n<\/tr>\n<tr>\n<td class=\"spec-left-column\">Largeur :<\/td>\n<td width=\"50%\">4.75 in<\/td>\n<\/tr>\n<tr>\n<td class=\"spec-left-column\">Tissu\/mati\u00e8re :<\/td>\n<td width=\"50%\">Tube monobloc en aluminium a\u00e9ronautique 6061-T6<\/td>\n<\/tr>\n<tr>\n<td class=\"spec-left-column\">Hauteur :<\/td>\n<td width=\"50%\">50 mm<\/td>\n<\/tr>\n<tr>\n<td class=\"spec-left-column\">Plage de mise au point :<\/td>\n<td width=\"50%\">10 yds \u00e0 l'infini<\/td>\n<\/tr>\n<tr>\n<td class=\"spec-left-column\">Mat\u00e9riau de la lentille :<\/td>\n<td width=\"50%\">Verre ED<\/td>\n<\/tr>\n<tr>\n<td class=\"spec-left-column\">Rev\u00eatement optique :<\/td>\n<td width=\"50%\">Enti\u00e8rement multicouches<\/td>\n<\/tr>\n<tr>\n<td class=\"spec-left-column\">Temp\u00e9rature de fonctionnement :<\/td>\n<td width=\"50%\">-10 - 50 Celsius<\/td>\n<\/tr>\n<tr>\n<td class=\"spec-left-column\">Niveau de r\u00e9sistance \u00e0 l'eau :<\/td>\n<td width=\"50%\">Imperm\u00e9able \u00e0 l'eau<\/td>\n<\/tr>\n<tr>\n<td class=\"spec-left-column\">Anti-brouillard :<\/td>\n<td width=\"50%\">Oui<\/td>\n<\/tr>\n<tr>\n<td class=\"spec-left-column\">Quantit\u00e9 de piles :<\/td>\n<td width=\"50%\">1<\/td>\n<\/tr>\n<tr>\n<td class=\"spec-left-column\">Accessoires inclus :<\/td>\n<td width=\"50%\">Chiffon de nettoyage de l'objectif, batterie, capuchons<\/td>\n<\/tr>\n<tr>\n<td class=\"spec-left-column\">Type de grossissement :<\/td>\n<td width=\"50%\">Variable<\/td>\n<\/tr>\n<tr>\n<td class=\"spec-left-column\">Caract\u00e9ristiques suppl\u00e9mentaires :<\/td>\n<td width=\"50%\">Remise \u00e0 z\u00e9ro<\/td>\n<\/tr>\n<tr>\n<td class=\"spec-left-column\">Hauteur de l'anneau :<\/td>\n<td width=\"50%\">34 mm<\/td>\n<\/tr>\n<tr>\n<td class=\"spec-left-column\">Type d'attachement :<\/td>\n<td width=\"50%\">Anneau pour lunette de vis\u00e9e<\/td>\n<\/tr>\n<\/tbody>\n<\/table>\n<\/div>\n<\/div>\n<\/div>","protected":false},"excerpt":{"rendered":"<p><span class=\"IpNPnb\" data-spec-name=\"Reticle\"><strong>R\u00e9ticule : <\/strong>R\u00e9ticule lumineux MR1-MIL <\/span><span class=\"IpNPnb\" data-spec-name=\"Tube Diameter\"><strong>Diam\u00e8tre du tube : <\/strong>34 mm<\/span><span class=\"IpNPnb\" data-spec-name=\"Reticle Focal Plane\"><strong>Plan focal du r\u00e9ticule : <\/strong>Premier plan focal (FFP) <\/span><span class=\"IpNPnb\" data-spec-name=\"Illumination Color\"><strong>Couleur d'\u00e9clairage : <\/strong>Rouge <\/span><span class=\"IpNPnb\" data-spec-name=\"Finish\"><strong>Finition : <\/strong>Mat <\/span><span class=\"IpNPnb\" data-spec-name=\"Color\"><strong>Couleur : <\/strong>Noir <\/span><span class=\"IpNPnb\" data-spec-name=\"Adjustment Click Value\"><strong>Ajustement Cliquez sur Valeur : <\/strong>0,1 Mil Rad<\/span><span class=\"IpNPnb\" data-spec-name=\"Adjustment Type\"><strong>Type d'ajustement : <\/strong>Mil Rad <\/span><span class=\"IpNPnb\" data-spec-name=\"Illumination Type\"><strong>Type d'\u00e9clairage : <\/strong>LED <\/span><\/p>","protected":false},"featured_media":1490,"comment_status":"open","ping_status":"closed","template":"","meta":[],"etheme_brands":[{"term_id":45,"name":"Crimson Trace","slug":"crimson-trace","term_group":0,"term_taxonomy_id":45,"taxonomy":"brand","description":"Crimson Trace is a manufacturer dedicated to producing the highest quality laser sights, tactical lights, electronic sights, and riflescopes for your pistols, rifles, and shotguns.","parent":0,"count":6,"filter":"raw"}],"product_brand":[],"product_cat":[49],"product_tag":[],"class_list":{"0":"post-1489","1":"product","2":"type-product","3":"status-publish","4":"has-post-thumbnail","6":"brand-crimson-trace","7":"product_cat-rifle-scopes","9":"first","10":"instock","11":"sale","12":"taxable","13":"shipping-taxable","14":"purchasable","15":"product-type-simple"},"yoast_head":"<!-- This site is optimized with the Yoast SEO Premium plugin v25.7.1 (Yoast SEO v27.4) - https:\/\/yoast.com\/product\/yoast-seo-premium-wordpress\/ -->\n<title>Crimson Trace 5 Series 3-18x50mm CTL-5318 - Hunter Optics<\/title>\n<meta name=\"description\" content=\"The Crimson Trace 5 Series 3-18x50mm CTL-5318 is a feature rich 3-18x50mm mid-range rifle scope that has been purposefully built from the ground up.\" \/>\n<meta name=\"robots\" content=\"index, follow, max-snippet:-1, max-image-preview:large, max-video-preview:-1\" \/>\n<link rel=\"canonical\" href=\"https:\/\/hunter-optics.com\/fr\/produit\/crimson-trace-5-series-3-18x50mm-ctl-5318\/\" \/>\n<meta property=\"og:locale\" content=\"fr_FR\" \/>\n<meta property=\"og:type\" content=\"article\" \/>\n<meta property=\"og:title\" content=\"Crimson Trace 5 Series 3-18x50mm CTL-5318\" \/>\n<meta property=\"og:description\" content=\"The Crimson Trace 5 Series 3-18x50mm CTL-5318 is a feature rich 3-18x50mm mid-range rifle scope that has been purposefully built from the ground up.\" \/>\n<meta property=\"og:url\" content=\"https:\/\/hunter-optics.com\/fr\/produit\/crimson-trace-5-series-3-18x50mm-ctl-5318\/\" \/>\n<meta property=\"og:site_name\" content=\"Hunter Optics\" \/>\n<meta property=\"article:modified_time\" content=\"2025-07-31T06:10:29+00:00\" \/>\n<meta property=\"og:image\" content=\"https:\/\/hunter-optics.com\/wp-content\/uploads\/2025\/07\/Crimson-Trace-5-Series-3-18x50mm-CTL-5318.jpg\" \/>\n\t<meta property=\"og:image:width\" content=\"876\" \/>\n\t<meta property=\"og:image:height\" content=\"876\" \/>\n\t<meta property=\"og:image:type\" content=\"image\/jpeg\" \/>\n<meta name=\"twitter:card\" content=\"summary_large_image\" \/>\n<meta name=\"twitter:label1\" content=\"Prix\" \/>\n\t<meta name=\"twitter:data1\" content=\"&#036;769.99\" \/>\n\t<meta name=\"twitter:label2\" content=\"Disponibilit\u00e9\" \/>\n\t<meta name=\"twitter:data2\" content=\"En stock\" \/>\n<script type=\"application\/ld+json\" class=\"yoast-schema-graph\">{\"@context\":\"https:\\\/\\\/schema.org\",\"@graph\":[{\"@type\":\"WebPage\",\"@id\":\"https:\\\/\\\/hunter-optics.com\\\/product\\\/crimson-trace-5-series-3-18x50mm-ctl-5318\\\/\",\"url\":\"https:\\\/\\\/hunter-optics.com\\\/product\\\/crimson-trace-5-series-3-18x50mm-ctl-5318\\\/\",\"name\":\"Crimson Trace 5 Series 3-18x50mm CTL-5318 - Hunter Optics\",\"isPartOf\":{\"@id\":\"https:\\\/\\\/hunter-optics.com\\\/#website\"},\"primaryImageOfPage\":{\"@id\":\"https:\\\/\\\/hunter-optics.com\\\/product\\\/crimson-trace-5-series-3-18x50mm-ctl-5318\\\/#primaryimage\"},\"image\":{\"@id\":\"https:\\\/\\\/hunter-optics.com\\\/product\\\/crimson-trace-5-series-3-18x50mm-ctl-5318\\\/#primaryimage\"},\"thumbnailUrl\":\"https:\\\/\\\/hunter-optics.com\\\/wp-content\\\/uploads\\\/2025\\\/07\\\/Crimson-Trace-5-Series-3-18x50mm-CTL-5318.jpg\",\"datePublished\":\"2025-07-29T09:38:29+00:00\",\"dateModified\":\"2025-07-31T06:10:29+00:00\",\"description\":\"The Crimson Trace 5 Series 3-18x50mm CTL-5318 is a feature rich 3-18x50mm mid-range rifle scope that has been purposefully built from the ground up.\",\"breadcrumb\":{\"@id\":\"https:\\\/\\\/hunter-optics.com\\\/product\\\/crimson-trace-5-series-3-18x50mm-ctl-5318\\\/#breadcrumb\"},\"inLanguage\":\"fr-FR\",\"potentialAction\":[{\"@type\":\"ReadAction\",\"target\":[\"https:\\\/\\\/hunter-optics.com\\\/product\\\/crimson-trace-5-series-3-18x50mm-ctl-5318\\\/\"]}]},{\"@type\":\"ImageObject\",\"inLanguage\":\"fr-FR\",\"@id\":\"https:\\\/\\\/hunter-optics.com\\\/product\\\/crimson-trace-5-series-3-18x50mm-ctl-5318\\\/#primaryimage\",\"url\":\"https:\\\/\\\/hunter-optics.com\\\/wp-content\\\/uploads\\\/2025\\\/07\\\/Crimson-Trace-5-Series-3-18x50mm-CTL-5318.jpg\",\"contentUrl\":\"https:\\\/\\\/hunter-optics.com\\\/wp-content\\\/uploads\\\/2025\\\/07\\\/Crimson-Trace-5-Series-3-18x50mm-CTL-5318.jpg\",\"width\":876,\"height\":876},{\"@type\":\"BreadcrumbList\",\"@id\":\"https:\\\/\\\/hunter-optics.com\\\/product\\\/crimson-trace-5-series-3-18x50mm-ctl-5318\\\/#breadcrumb\",\"itemListElement\":[{\"@type\":\"ListItem\",\"position\":1,\"name\":\"Home\",\"item\":\"https:\\\/\\\/hunter-optics.com\\\/\"},{\"@type\":\"ListItem\",\"position\":2,\"name\":\"Products\",\"item\":\"https:\\\/\\\/hunter-optics.com\\\/shop\\\/\"},{\"@type\":\"ListItem\",\"position\":3,\"name\":\"Crimson Trace 5 Series 3-18x50mm CTL-5318\"}]},{\"@type\":\"WebSite\",\"@id\":\"https:\\\/\\\/hunter-optics.com\\\/#website\",\"url\":\"https:\\\/\\\/hunter-optics.com\\\/\",\"name\":\"Hunter Optics\",\"description\":\"Hunter Optics \u2014 Your Eye on the Target.\",\"publisher\":{\"@id\":\"https:\\\/\\\/hunter-optics.com\\\/#organization\"},\"potentialAction\":[{\"@type\":\"SearchAction\",\"target\":{\"@type\":\"EntryPoint\",\"urlTemplate\":\"https:\\\/\\\/hunter-optics.com\\\/?s={search_term_string}\"},\"query-input\":{\"@type\":\"PropertyValueSpecification\",\"valueRequired\":true,\"valueName\":\"search_term_string\"}}],\"inLanguage\":\"fr-FR\"},{\"@type\":\"Organization\",\"@id\":\"https:\\\/\\\/hunter-optics.com\\\/#organization\",\"name\":\"Hunter Optics\",\"url\":\"https:\\\/\\\/hunter-optics.com\\\/\",\"logo\":{\"@type\":\"ImageObject\",\"inLanguage\":\"fr-FR\",\"@id\":\"https:\\\/\\\/hunter-optics.com\\\/#\\\/schema\\\/logo\\\/image\\\/\",\"url\":\"https:\\\/\\\/hunter-optics.com\\\/wp-content\\\/uploads\\\/2025\\\/06\\\/hunter-optics-logo-1.png\",\"contentUrl\":\"https:\\\/\\\/hunter-optics.com\\\/wp-content\\\/uploads\\\/2025\\\/06\\\/hunter-optics-logo-1.png\",\"width\":937,\"height\":373,\"caption\":\"Hunter Optics\"},\"image\":{\"@id\":\"https:\\\/\\\/hunter-optics.com\\\/#\\\/schema\\\/logo\\\/image\\\/\"}}]}<\/script>\n<meta property=\"product:brand\" content=\"Crimson Trace\" \/>\n<meta property=\"product:price:amount\" content=\"769.99\" \/>\n<meta property=\"product:price:currency\" content=\"USD\" \/>\n<meta property=\"og:availability\" content=\"instock\" \/>\n<meta property=\"product:availability\" content=\"instock\" \/>\n<meta property=\"product:condition\" content=\"new\" \/>\n<!-- \/ Yoast SEO Premium plugin. -->","yoast_head_json":{"title":"Crimson Trace 5 Series 3-18x50mm CTL-5318 - Hunter Optics","description":"La Crimson Trace 5 Series 3-18x50mm CTL-5318 est une lunette de vis\u00e9e de milieu de gamme 3-18x50mm riche en fonctionnalit\u00e9s qui a \u00e9t\u00e9 d\u00e9lib\u00e9r\u00e9ment construite \u00e0 partir de la base.","robots":{"index":"index","follow":"follow","max-snippet":"max-snippet:-1","max-image-preview":"max-image-preview:large","max-video-preview":"max-video-preview:-1"},"canonical":"https:\/\/hunter-optics.com\/fr\/produit\/crimson-trace-5-series-3-18x50mm-ctl-5318\/","og_locale":"fr_FR","og_type":"article","og_title":"Crimson Trace 5 Series 3-18x50mm CTL-5318","og_description":"The Crimson Trace 5 Series 3-18x50mm CTL-5318 is a feature rich 3-18x50mm mid-range rifle scope that has been purposefully built from the ground up.","og_url":"https:\/\/hunter-optics.com\/fr\/produit\/crimson-trace-5-series-3-18x50mm-ctl-5318\/","og_site_name":"Hunter Optics","article_modified_time":"2025-07-31T06:10:29+00:00","og_image":[{"width":876,"height":876,"url":"https:\/\/hunter-optics.com\/wp-content\/uploads\/2025\/07\/Crimson-Trace-5-Series-3-18x50mm-CTL-5318.jpg","type":"image\/jpeg"}],"twitter_card":"summary_large_image","twitter_misc":{"Prix":"&#36;769.99","Disponibilit\u00e9":"En stock"},"schema":{"@context":"https:\/\/schema.org","@graph":[{"@type":"WebPage","@id":"https:\/\/hunter-optics.com\/product\/crimson-trace-5-series-3-18x50mm-ctl-5318\/","url":"https:\/\/hunter-optics.com\/product\/crimson-trace-5-series-3-18x50mm-ctl-5318\/","name":"Crimson Trace 5 Series 3-18x50mm CTL-5318 - Hunter Optics","isPartOf":{"@id":"https:\/\/hunter-optics.com\/#website"},"primaryImageOfPage":{"@id":"https:\/\/hunter-optics.com\/product\/crimson-trace-5-series-3-18x50mm-ctl-5318\/#primaryimage"},"image":{"@id":"https:\/\/hunter-optics.com\/product\/crimson-trace-5-series-3-18x50mm-ctl-5318\/#primaryimage"},"thumbnailUrl":"https:\/\/hunter-optics.com\/wp-content\/uploads\/2025\/07\/Crimson-Trace-5-Series-3-18x50mm-CTL-5318.jpg","datePublished":"2025-07-29T09:38:29+00:00","dateModified":"2025-07-31T06:10:29+00:00","description":"La Crimson Trace 5 Series 3-18x50mm CTL-5318 est une lunette de vis\u00e9e de milieu de gamme 3-18x50mm riche en fonctionnalit\u00e9s qui a \u00e9t\u00e9 d\u00e9lib\u00e9r\u00e9ment construite \u00e0 partir de la base.","breadcrumb":{"@id":"https:\/\/hunter-optics.com\/product\/crimson-trace-5-series-3-18x50mm-ctl-5318\/#breadcrumb"},"inLanguage":"fr-FR","potentialAction":[{"@type":"ReadAction","target":["https:\/\/hunter-optics.com\/product\/crimson-trace-5-series-3-18x50mm-ctl-5318\/"]}]},{"@type":"ImageObject","inLanguage":"fr-FR","@id":"https:\/\/hunter-optics.com\/product\/crimson-trace-5-series-3-18x50mm-ctl-5318\/#primaryimage","url":"https:\/\/hunter-optics.com\/wp-content\/uploads\/2025\/07\/Crimson-Trace-5-Series-3-18x50mm-CTL-5318.jpg","contentUrl":"https:\/\/hunter-optics.com\/wp-content\/uploads\/2025\/07\/Crimson-Trace-5-Series-3-18x50mm-CTL-5318.jpg","width":876,"height":876},{"@type":"BreadcrumbList","@id":"https:\/\/hunter-optics.com\/product\/crimson-trace-5-series-3-18x50mm-ctl-5318\/#breadcrumb","itemListElement":[{"@type":"ListItem","position":1,"name":"Home","item":"https:\/\/hunter-optics.com\/"},{"@type":"ListItem","position":2,"name":"Products","item":"https:\/\/hunter-optics.com\/shop\/"},{"@type":"ListItem","position":3,"name":"Crimson Trace 5 Series 3-18x50mm CTL-5318"}]},{"@type":"WebSite","@id":"https:\/\/hunter-optics.com\/#website","url":"https:\/\/hunter-optics.com\/","name":"Optique Hunter","description":"Optique du chasseur - L'\u0153il sur la cible.","publisher":{"@id":"https:\/\/hunter-optics.com\/#organization"},"potentialAction":[{"@type":"SearchAction","target":{"@type":"EntryPoint","urlTemplate":"https:\/\/hunter-optics.com\/?s={search_term_string}"},"query-input":{"@type":"PropertyValueSpecification","valueRequired":true,"valueName":"search_term_string"}}],"inLanguage":"fr-FR"},{"@type":"Organization","@id":"https:\/\/hunter-optics.com\/#organization","name":"Optique Hunter","url":"https:\/\/hunter-optics.com\/","logo":{"@type":"ImageObject","inLanguage":"fr-FR","@id":"https:\/\/hunter-optics.com\/#\/schema\/logo\/image\/","url":"https:\/\/hunter-optics.com\/wp-content\/uploads\/2025\/06\/hunter-optics-logo-1.png","contentUrl":"https:\/\/hunter-optics.com\/wp-content\/uploads\/2025\/06\/hunter-optics-logo-1.png","width":937,"height":373,"caption":"Hunter Optics"},"image":{"@id":"https:\/\/hunter-optics.com\/#\/schema\/logo\/image\/"}}]},"product_brand":"Crimson Trace","product_price_amount":"769.99","product_price_currency":"USD","og_availability":"instock","product_availability":"instock","product_condition":"new"},"_links":{"self":[{"href":"https:\/\/hunter-optics.com\/fr\/wp-json\/wp\/v2\/product\/1489","targetHints":{"allow":["GET"]}}],"collection":[{"href":"https:\/\/hunter-optics.com\/fr\/wp-json\/wp\/v2\/product"}],"about":[{"href":"https:\/\/hunter-optics.com\/fr\/wp-json\/wp\/v2\/types\/product"}],"replies":[{"embeddable":true,"href":"https:\/\/hunter-optics.com\/fr\/wp-json\/wp\/v2\/comments?post=1489"}],"version-history":[{"count":1,"href":"https:\/\/hunter-optics.com\/fr\/wp-json\/wp\/v2\/product\/1489\/revisions"}],"predecessor-version":[{"id":1497,"href":"https:\/\/hunter-optics.com\/fr\/wp-json\/wp\/v2\/product\/1489\/revisions\/1497"}],"wp:featuredmedia":[{"embeddable":true,"href":"https:\/\/hunter-optics.com\/fr\/wp-json\/wp\/v2\/media\/1490"}],"wp:attachment":[{"href":"https:\/\/hunter-optics.com\/fr\/wp-json\/wp\/v2\/media?parent=1489"}],"wp:term":[{"taxonomy":"brand","embeddable":true,"href":"https:\/\/hunter-optics.com\/fr\/wp-json\/wp\/v2\/etheme_brands?post=1489"},{"taxonomy":"product_brand","embeddable":true,"href":"https:\/\/hunter-optics.com\/fr\/wp-json\/wp\/v2\/product_brand?post=1489"},{"taxonomy":"product_cat","embeddable":true,"href":"https:\/\/hunter-optics.com\/fr\/wp-json\/wp\/v2\/product_cat?post=1489"},{"taxonomy":"product_tag","embeddable":true,"href":"https:\/\/hunter-optics.com\/fr\/wp-json\/wp\/v2\/product_tag?post=1489"}],"curies":[{"name":"wp","href":"https:\/\/api.w.org\/{rel}","templated":true}]}}