{"id":1480,"date":"2025-07-29T06:03:36","date_gmt":"2025-07-29T06:03:36","guid":{"rendered":"https:\/\/hunter-optics.com\/?post_type=product&#038;p=1480"},"modified":"2025-07-29T06:15:45","modified_gmt":"2025-07-29T06:15:45","slug":"crimson-trace-hardline-pro-6-24x50-ffp-moa-ill","status":"publish","type":"product","link":"https:\/\/hunter-optics.com\/fr\/produit\/crimson-trace-hardline-pro-6-24x50-ffp-moa-ill\/","title":{"rendered":"Crimson Trace Hardline Pro 6-24\u00d750 FFP MOA ILL"},"content":{"rendered":"<div class=\"c-product__section-body c-toggler__content\">\n<div class=\"product-main-attributes attribute-table\">\n<p>Sp\u00e9cifications<\/p>\n<ul class=\"attribute-info\">\n<li class=\"attribute tg-b2\"><span class=\"label tg-b2\">Agrandissement <\/span> <span class=\"value tg-b2\"> 6-24x <\/span><\/li>\n<li class=\"attribute tg-b2\"><span class=\"label tg-b2\">R\u00e9ticule <\/span> <span class=\"value tg-b2\"> MR1-MOA \u00e9clair\u00e9 <\/span><\/li>\n<li class=\"attribute tg-b2\"><span class=\"label tg-b2\">Plan focal <\/span> <span class=\"value tg-b2\"> 1er <\/span><\/li>\n<li class=\"attribute tg-b2\"><span class=\"label tg-b2\">Mat\u00e9riau <\/span> <span class=\"value tg-b2\"> aluminium a\u00e9rospatial <\/span><\/li>\n<li class=\"attribute tg-b2\"><span class=\"label tg-b2\">Soulagement de l'\u0153il (in) <\/span> <span class=\"value tg-b2\"> 3.6~4 in <\/span><\/li>\n<li class=\"attribute tg-b2\"><span class=\"label tg-b2\">Diam\u00e8tre de l'objectif <\/span> <span class=\"value tg-b2\"> 50 <\/span><\/li>\n<li class=\"attribute tg-b2\"><span class=\"label tg-b2\">Diam\u00e8tre du tube <\/span> <span class=\"value tg-b2\"> 30 mm <\/span><\/li>\n<li class=\"attribute tg-b2\"><span class=\"label tg-b2\">Valeur du clic <\/span> <span class=\"value tg-b2\"> 1\/4 MOA <\/span><\/li>\n<li class=\"attribute tg-b2\"><span class=\"label tg-b2\">Tourelles <\/span> <span class=\"value tg-b2\"> Expos\u00e9 <\/span><\/li>\n<li class=\"attribute tg-b2\"><span class=\"label tg-b2\">\u00c9clairage <\/span> <span class=\"value tg-b2\"> Oui <\/span><\/li>\n<li class=\"attribute tg-b2\"><span class=\"label tg-b2\">Transmission de la lumi\u00e8re (%) <\/span> <span class=\"value tg-b2\"> 90 <\/span><\/li>\n<li class=\"attribute tg-b2\"><span class=\"label tg-b2\">Longueur de la lunette <\/span> <span class=\"value tg-b2\"> 3,7 in x 3,1 in x 15,6 in <\/span><\/li>\n<li class=\"attribute tg-b2\"><span class=\"label tg-b2\">Poids du produit <\/span> <span class=\"value tg-b2\"> 26.46 oz oz <\/span><\/li>\n<li class=\"attribute tg-b2\"><span class=\"label tg-b2\">Traitement des lentilles <\/span> <span class=\"value tg-b2\"> vert multicouche <\/span><\/li>\n<li class=\"attribute tg-b2\"><span class=\"label tg-b2\">Longueur de montage arri\u00e8re (in) <\/span> <span class=\"value tg-b2\"> 2.1 <\/span><\/li>\n<li class=\"attribute tg-b2\"><span class=\"label tg-b2\">Longueur de montage avant (in) <\/span> <span class=\"value tg-b2\"> 2.7 <\/span><\/li>\n<li class=\"attribute tg-b2\"><span class=\"label tg-b2\">Plage de r\u00e9glage du vent <\/span> <span class=\"value tg-b2\"> 60 MOA <\/span><\/li>\n<li class=\"attribute tg-b2\"><span class=\"label tg-b2\">Plage d'\u00e9l\u00e9vation <\/span> <span class=\"value tg-b2\"> 60 MOA <\/span><\/li>\n<li class=\"attribute tg-b2\"><span class=\"label tg-b2\">Parallaxe lat\u00e9rale <\/span> <span class=\"value tg-b2\"> R\u00e9glable <\/span><\/li>\n<li class=\"attribute tg-b2\"><span class=\"label tg-b2\">Arr\u00eat z\u00e9ro <\/span> <span class=\"value tg-b2\"> Oui <\/span><\/li>\n<li class=\"attribute tg-b2\"><span class=\"label tg-b2\">FOV Maximum <\/span> <span class=\"value tg-b2\"> 17,9 pieds <\/span><\/li>\n<li class=\"attribute tg-b2\"><span class=\"label tg-b2\">FOV Minimum <\/span> <span class=\"value tg-b2\"> 4,7 pieds <\/span><\/li>\n<\/ul>\n<div class=\"c-toggler c-product__section c-product__module c-toggler--expanded\">\n<div class=\"c-product__section-title c-toggler__element tg-h4\" tabindex=\"0\" data-gtm=\"{&quot;event&quot;:&quot;FeaturesPDP&quot;,&quot;eventTypes&quot;:&quot;link, click, hover&quot;,&quot;action&quot;:&quot;&quot;,&quot;label&quot;:&quot;https:\/\/www.crimsontrace.com\/on\/demandware.servlet\/Sites-CrimsonTrace_US-Site\/default\/Product-Detail?pid=01-01040&amp;source=&amp;uuid=&amp;Quantity=&amp;productlistid=&amp;cantAdd=false&amp;cantAddMessage=&quot;}\">Caract\u00e9ristiques<\/div>\n<div class=\"c-product__section-body c-toggler__content\">\n<ul>\n<li class=\"c-product__section-item\">RETICLE : MR1-MOA \u00e9clair\u00e9<\/li>\n<li class=\"c-product__section-item\">GARANTIE : Toutes les lunettes Crimson Trace sont couvertes par une garantie \u00e0 vie compl\u00e8te. Pour toute question ou garantie, contactez-nous \u00e0 support@crimsontrace.com<\/li>\n<li class=\"c-product__section-item\">INCLUT : Chiffon pour l'objectif, capuchons de lunettes et batterie<\/li>\n<li class=\"c-product__section-item\">DIMENSIONS DE LA SCOPE : 15.6\u2033 x 3.7\u2033 x 3.1\u2033<\/li>\n<li class=\"c-product__section-item\">MAT\u00c9RIAU : Fabriqu\u00e9 en aluminium a\u00e9rospatial durable et l\u00e9ger et en verre de haute qualit\u00e9 \u00e0 rev\u00eatement multiple vert.<\/li>\n<\/ul>\n<\/div>\n<\/div>\n<\/div>\n<\/div>","protected":false},"excerpt":{"rendered":"<div class=\"c-product__description tg-b2\" tabindex=\"0\">Les optiques Crimson Trace Hardline Pro sont con\u00e7ues pour les tireurs tactiques et les tireurs sur cible exp\u00e9riment\u00e9s et ont \u00e9t\u00e9 d\u00e9lib\u00e9r\u00e9ment \u00e9labor\u00e9es \u00e0 partir de la base. La gamme comprend des tubes de 30 mm de qualit\u00e9 a\u00e9rospatiale avec des options de premier plan focal (FFP). La gamme offre des optiques \u00e0 courte, moyenne et longue port\u00e9e avec une vari\u00e9t\u00e9 de r\u00e9ticules personnalis\u00e9s. Elles sont enti\u00e8rement trait\u00e9es multicouches, purg\u00e9es \u00e0 l'azote, r\u00e9sistantes aux chocs et pr\u00eates \u00e0 affronter tous les \u00e9l\u00e9ments qu'elles rencontrent. Toutes les lunettes Crimson Trace\u00ae sont couvertes par la garantie de protection \u00e0 vie et b\u00e9n\u00e9ficient du soutien de notre \u00e9quipe de service client\u00e8le prim\u00e9e.<\/div>","protected":false},"featured_media":1481,"comment_status":"open","ping_status":"closed","template":"","meta":[],"etheme_brands":[{"term_id":45,"name":"Crimson Trace","slug":"crimson-trace","term_group":0,"term_taxonomy_id":45,"taxonomy":"brand","description":"Crimson Trace is a manufacturer dedicated to producing the highest quality laser sights, tactical lights, electronic sights, and riflescopes for your pistols, rifles, and shotguns.","parent":0,"count":6,"filter":"raw"}],"product_brand":[],"product_cat":[49],"product_tag":[],"class_list":{"0":"post-1480","1":"product","2":"type-product","3":"status-publish","4":"has-post-thumbnail","6":"brand-crimson-trace","7":"product_cat-rifle-scopes","9":"first","10":"instock","11":"sale","12":"taxable","13":"shipping-taxable","14":"purchasable","15":"product-type-simple"},"yoast_head":"<!-- This site is optimized with the Yoast SEO Premium plugin v25.7.1 (Yoast SEO v27.4) - https:\/\/yoast.com\/product\/yoast-seo-premium-wordpress\/ -->\n<title>Crimson Trace Hardline Pro 6-24x50 FFP MOA ILL - Hunter Optics<\/title>\n<meta name=\"description\" content=\"The Crimson Trace Hardline Pro optics are designed with the experienced tactical and target shooter in mind and have been purposefully built from the ground up.\" \/>\n<meta name=\"robots\" content=\"index, follow, max-snippet:-1, max-image-preview:large, max-video-preview:-1\" \/>\n<link rel=\"canonical\" href=\"https:\/\/hunter-optics.com\/fr\/produit\/crimson-trace-hardline-pro-6-24x50-ffp-moa-ill\/\" \/>\n<meta property=\"og:locale\" content=\"fr_FR\" \/>\n<meta property=\"og:type\" content=\"article\" \/>\n<meta property=\"og:title\" content=\"Crimson Trace Hardline Pro 6-24x50 FFP MOA ILL\" \/>\n<meta property=\"og:description\" content=\"The Crimson Trace Hardline Pro optics are designed with the experienced tactical and target shooter in mind and have been purposefully built from the ground up.\" \/>\n<meta property=\"og:url\" content=\"https:\/\/hunter-optics.com\/fr\/produit\/crimson-trace-hardline-pro-6-24x50-ffp-moa-ill\/\" \/>\n<meta property=\"og:site_name\" content=\"Hunter Optics\" \/>\n<meta property=\"article:modified_time\" content=\"2025-07-29T06:15:45+00:00\" \/>\n<meta property=\"og:image\" content=\"https:\/\/hunter-optics.com\/wp-content\/uploads\/2025\/07\/Crimson-Trace-Hardline-Pro-6-24x50-FFP-MOA-ILL.jpg\" \/>\n\t<meta property=\"og:image:width\" content=\"876\" \/>\n\t<meta property=\"og:image:height\" content=\"876\" \/>\n\t<meta property=\"og:image:type\" content=\"image\/jpeg\" \/>\n<meta name=\"twitter:card\" content=\"summary_large_image\" \/>\n<meta name=\"twitter:label1\" content=\"Prix\" \/>\n\t<meta name=\"twitter:data1\" content=\"&#036;829.99\" \/>\n\t<meta name=\"twitter:label2\" content=\"Disponibilit\u00e9\" \/>\n\t<meta name=\"twitter:data2\" content=\"En stock\" \/>\n<script type=\"application\/ld+json\" class=\"yoast-schema-graph\">{\"@context\":\"https:\\\/\\\/schema.org\",\"@graph\":[{\"@type\":\"WebPage\",\"@id\":\"https:\\\/\\\/hunter-optics.com\\\/product\\\/crimson-trace-hardline-pro-6-24x50-ffp-moa-ill\\\/\",\"url\":\"https:\\\/\\\/hunter-optics.com\\\/product\\\/crimson-trace-hardline-pro-6-24x50-ffp-moa-ill\\\/\",\"name\":\"Crimson Trace Hardline Pro 6-24x50 FFP MOA ILL - Hunter Optics\",\"isPartOf\":{\"@id\":\"https:\\\/\\\/hunter-optics.com\\\/#website\"},\"primaryImageOfPage\":{\"@id\":\"https:\\\/\\\/hunter-optics.com\\\/product\\\/crimson-trace-hardline-pro-6-24x50-ffp-moa-ill\\\/#primaryimage\"},\"image\":{\"@id\":\"https:\\\/\\\/hunter-optics.com\\\/product\\\/crimson-trace-hardline-pro-6-24x50-ffp-moa-ill\\\/#primaryimage\"},\"thumbnailUrl\":\"https:\\\/\\\/hunter-optics.com\\\/wp-content\\\/uploads\\\/2025\\\/07\\\/Crimson-Trace-Hardline-Pro-6-24x50-FFP-MOA-ILL.jpg\",\"datePublished\":\"2025-07-29T06:03:36+00:00\",\"dateModified\":\"2025-07-29T06:15:45+00:00\",\"description\":\"The Crimson Trace Hardline Pro optics are designed with the experienced tactical and target shooter in mind and have been purposefully built from the ground up.\",\"breadcrumb\":{\"@id\":\"https:\\\/\\\/hunter-optics.com\\\/product\\\/crimson-trace-hardline-pro-6-24x50-ffp-moa-ill\\\/#breadcrumb\"},\"inLanguage\":\"fr-FR\",\"potentialAction\":[{\"@type\":\"ReadAction\",\"target\":[\"https:\\\/\\\/hunter-optics.com\\\/product\\\/crimson-trace-hardline-pro-6-24x50-ffp-moa-ill\\\/\"]}]},{\"@type\":\"ImageObject\",\"inLanguage\":\"fr-FR\",\"@id\":\"https:\\\/\\\/hunter-optics.com\\\/product\\\/crimson-trace-hardline-pro-6-24x50-ffp-moa-ill\\\/#primaryimage\",\"url\":\"https:\\\/\\\/hunter-optics.com\\\/wp-content\\\/uploads\\\/2025\\\/07\\\/Crimson-Trace-Hardline-Pro-6-24x50-FFP-MOA-ILL.jpg\",\"contentUrl\":\"https:\\\/\\\/hunter-optics.com\\\/wp-content\\\/uploads\\\/2025\\\/07\\\/Crimson-Trace-Hardline-Pro-6-24x50-FFP-MOA-ILL.jpg\",\"width\":876,\"height\":876},{\"@type\":\"BreadcrumbList\",\"@id\":\"https:\\\/\\\/hunter-optics.com\\\/product\\\/crimson-trace-hardline-pro-6-24x50-ffp-moa-ill\\\/#breadcrumb\",\"itemListElement\":[{\"@type\":\"ListItem\",\"position\":1,\"name\":\"Home\",\"item\":\"https:\\\/\\\/hunter-optics.com\\\/\"},{\"@type\":\"ListItem\",\"position\":2,\"name\":\"Products\",\"item\":\"https:\\\/\\\/hunter-optics.com\\\/shop\\\/\"},{\"@type\":\"ListItem\",\"position\":3,\"name\":\"Crimson Trace Hardline Pro 6-24&#215;50 FFP MOA ILL\"}]},{\"@type\":\"WebSite\",\"@id\":\"https:\\\/\\\/hunter-optics.com\\\/#website\",\"url\":\"https:\\\/\\\/hunter-optics.com\\\/\",\"name\":\"Hunter Optics\",\"description\":\"Hunter Optics \u2014 Your Eye on the Target.\",\"publisher\":{\"@id\":\"https:\\\/\\\/hunter-optics.com\\\/#organization\"},\"potentialAction\":[{\"@type\":\"SearchAction\",\"target\":{\"@type\":\"EntryPoint\",\"urlTemplate\":\"https:\\\/\\\/hunter-optics.com\\\/?s={search_term_string}\"},\"query-input\":{\"@type\":\"PropertyValueSpecification\",\"valueRequired\":true,\"valueName\":\"search_term_string\"}}],\"inLanguage\":\"fr-FR\"},{\"@type\":\"Organization\",\"@id\":\"https:\\\/\\\/hunter-optics.com\\\/#organization\",\"name\":\"Hunter Optics\",\"url\":\"https:\\\/\\\/hunter-optics.com\\\/\",\"logo\":{\"@type\":\"ImageObject\",\"inLanguage\":\"fr-FR\",\"@id\":\"https:\\\/\\\/hunter-optics.com\\\/#\\\/schema\\\/logo\\\/image\\\/\",\"url\":\"https:\\\/\\\/hunter-optics.com\\\/wp-content\\\/uploads\\\/2025\\\/06\\\/hunter-optics-logo-1.png\",\"contentUrl\":\"https:\\\/\\\/hunter-optics.com\\\/wp-content\\\/uploads\\\/2025\\\/06\\\/hunter-optics-logo-1.png\",\"width\":937,\"height\":373,\"caption\":\"Hunter Optics\"},\"image\":{\"@id\":\"https:\\\/\\\/hunter-optics.com\\\/#\\\/schema\\\/logo\\\/image\\\/\"}}]}<\/script>\n<meta property=\"product:brand\" content=\"Crimson Trace\" \/>\n<meta property=\"product:price:amount\" content=\"829.99\" \/>\n<meta property=\"product:price:currency\" content=\"USD\" \/>\n<meta property=\"og:availability\" content=\"instock\" \/>\n<meta property=\"product:availability\" content=\"instock\" \/>\n<meta property=\"product:condition\" content=\"new\" \/>\n<!-- \/ Yoast SEO Premium plugin. -->","yoast_head_json":{"title":"Crimson Trace Hardline Pro 6-24x50 FFP MOA ILL - Hunter Optics","description":"Les optiques Crimson Trace Hardline Pro sont con\u00e7ues pour les tireurs tactiques et les tireurs sur cible exp\u00e9riment\u00e9s et ont \u00e9t\u00e9 d\u00e9lib\u00e9r\u00e9ment \u00e9labor\u00e9es \u00e0 partir de la base.","robots":{"index":"index","follow":"follow","max-snippet":"max-snippet:-1","max-image-preview":"max-image-preview:large","max-video-preview":"max-video-preview:-1"},"canonical":"https:\/\/hunter-optics.com\/fr\/produit\/crimson-trace-hardline-pro-6-24x50-ffp-moa-ill\/","og_locale":"fr_FR","og_type":"article","og_title":"Crimson Trace Hardline Pro 6-24x50 FFP MOA ILL","og_description":"The Crimson Trace Hardline Pro optics are designed with the experienced tactical and target shooter in mind and have been purposefully built from the ground up.","og_url":"https:\/\/hunter-optics.com\/fr\/produit\/crimson-trace-hardline-pro-6-24x50-ffp-moa-ill\/","og_site_name":"Hunter Optics","article_modified_time":"2025-07-29T06:15:45+00:00","og_image":[{"width":876,"height":876,"url":"https:\/\/hunter-optics.com\/wp-content\/uploads\/2025\/07\/Crimson-Trace-Hardline-Pro-6-24x50-FFP-MOA-ILL.jpg","type":"image\/jpeg"}],"twitter_card":"summary_large_image","twitter_misc":{"Prix":"&#36;829.99","Disponibilit\u00e9":"En stock"},"schema":{"@context":"https:\/\/schema.org","@graph":[{"@type":"WebPage","@id":"https:\/\/hunter-optics.com\/product\/crimson-trace-hardline-pro-6-24x50-ffp-moa-ill\/","url":"https:\/\/hunter-optics.com\/product\/crimson-trace-hardline-pro-6-24x50-ffp-moa-ill\/","name":"Crimson Trace Hardline Pro 6-24x50 FFP MOA ILL - Hunter Optics","isPartOf":{"@id":"https:\/\/hunter-optics.com\/#website"},"primaryImageOfPage":{"@id":"https:\/\/hunter-optics.com\/product\/crimson-trace-hardline-pro-6-24x50-ffp-moa-ill\/#primaryimage"},"image":{"@id":"https:\/\/hunter-optics.com\/product\/crimson-trace-hardline-pro-6-24x50-ffp-moa-ill\/#primaryimage"},"thumbnailUrl":"https:\/\/hunter-optics.com\/wp-content\/uploads\/2025\/07\/Crimson-Trace-Hardline-Pro-6-24x50-FFP-MOA-ILL.jpg","datePublished":"2025-07-29T06:03:36+00:00","dateModified":"2025-07-29T06:15:45+00:00","description":"Les optiques Crimson Trace Hardline Pro sont con\u00e7ues pour les tireurs tactiques et les tireurs sur cible exp\u00e9riment\u00e9s et ont \u00e9t\u00e9 d\u00e9lib\u00e9r\u00e9ment \u00e9labor\u00e9es \u00e0 partir de la base.","breadcrumb":{"@id":"https:\/\/hunter-optics.com\/product\/crimson-trace-hardline-pro-6-24x50-ffp-moa-ill\/#breadcrumb"},"inLanguage":"fr-FR","potentialAction":[{"@type":"ReadAction","target":["https:\/\/hunter-optics.com\/product\/crimson-trace-hardline-pro-6-24x50-ffp-moa-ill\/"]}]},{"@type":"ImageObject","inLanguage":"fr-FR","@id":"https:\/\/hunter-optics.com\/product\/crimson-trace-hardline-pro-6-24x50-ffp-moa-ill\/#primaryimage","url":"https:\/\/hunter-optics.com\/wp-content\/uploads\/2025\/07\/Crimson-Trace-Hardline-Pro-6-24x50-FFP-MOA-ILL.jpg","contentUrl":"https:\/\/hunter-optics.com\/wp-content\/uploads\/2025\/07\/Crimson-Trace-Hardline-Pro-6-24x50-FFP-MOA-ILL.jpg","width":876,"height":876},{"@type":"BreadcrumbList","@id":"https:\/\/hunter-optics.com\/product\/crimson-trace-hardline-pro-6-24x50-ffp-moa-ill\/#breadcrumb","itemListElement":[{"@type":"ListItem","position":1,"name":"Home","item":"https:\/\/hunter-optics.com\/"},{"@type":"ListItem","position":2,"name":"Products","item":"https:\/\/hunter-optics.com\/shop\/"},{"@type":"ListItem","position":3,"name":"Crimson Trace Hardline Pro 6-24&#215;50 FFP MOA ILL"}]},{"@type":"WebSite","@id":"https:\/\/hunter-optics.com\/#website","url":"https:\/\/hunter-optics.com\/","name":"Optique Hunter","description":"Optique du chasseur - L'\u0153il sur la cible.","publisher":{"@id":"https:\/\/hunter-optics.com\/#organization"},"potentialAction":[{"@type":"SearchAction","target":{"@type":"EntryPoint","urlTemplate":"https:\/\/hunter-optics.com\/?s={search_term_string}"},"query-input":{"@type":"PropertyValueSpecification","valueRequired":true,"valueName":"search_term_string"}}],"inLanguage":"fr-FR"},{"@type":"Organization","@id":"https:\/\/hunter-optics.com\/#organization","name":"Optique Hunter","url":"https:\/\/hunter-optics.com\/","logo":{"@type":"ImageObject","inLanguage":"fr-FR","@id":"https:\/\/hunter-optics.com\/#\/schema\/logo\/image\/","url":"https:\/\/hunter-optics.com\/wp-content\/uploads\/2025\/06\/hunter-optics-logo-1.png","contentUrl":"https:\/\/hunter-optics.com\/wp-content\/uploads\/2025\/06\/hunter-optics-logo-1.png","width":937,"height":373,"caption":"Hunter Optics"},"image":{"@id":"https:\/\/hunter-optics.com\/#\/schema\/logo\/image\/"}}]},"product_brand":"Crimson Trace","product_price_amount":"829.99","product_price_currency":"USD","og_availability":"instock","product_availability":"instock","product_condition":"new"},"_links":{"self":[{"href":"https:\/\/hunter-optics.com\/fr\/wp-json\/wp\/v2\/product\/1480","targetHints":{"allow":["GET"]}}],"collection":[{"href":"https:\/\/hunter-optics.com\/fr\/wp-json\/wp\/v2\/product"}],"about":[{"href":"https:\/\/hunter-optics.com\/fr\/wp-json\/wp\/v2\/types\/product"}],"replies":[{"embeddable":true,"href":"https:\/\/hunter-optics.com\/fr\/wp-json\/wp\/v2\/comments?post=1480"}],"version-history":[{"count":1,"href":"https:\/\/hunter-optics.com\/fr\/wp-json\/wp\/v2\/product\/1480\/revisions"}],"predecessor-version":[{"id":1488,"href":"https:\/\/hunter-optics.com\/fr\/wp-json\/wp\/v2\/product\/1480\/revisions\/1488"}],"wp:featuredmedia":[{"embeddable":true,"href":"https:\/\/hunter-optics.com\/fr\/wp-json\/wp\/v2\/media\/1481"}],"wp:attachment":[{"href":"https:\/\/hunter-optics.com\/fr\/wp-json\/wp\/v2\/media?parent=1480"}],"wp:term":[{"taxonomy":"brand","embeddable":true,"href":"https:\/\/hunter-optics.com\/fr\/wp-json\/wp\/v2\/etheme_brands?post=1480"},{"taxonomy":"product_brand","embeddable":true,"href":"https:\/\/hunter-optics.com\/fr\/wp-json\/wp\/v2\/product_brand?post=1480"},{"taxonomy":"product_cat","embeddable":true,"href":"https:\/\/hunter-optics.com\/fr\/wp-json\/wp\/v2\/product_cat?post=1480"},{"taxonomy":"product_tag","embeddable":true,"href":"https:\/\/hunter-optics.com\/fr\/wp-json\/wp\/v2\/product_tag?post=1480"}],"curies":[{"name":"wp","href":"https:\/\/api.w.org\/{rel}","templated":true}]}}