{"id":1442,"date":"2025-07-24T10:04:54","date_gmt":"2025-07-24T10:04:54","guid":{"rendered":"https:\/\/hunter-optics.com\/?post_type=product&#038;p=1442"},"modified":"2025-07-29T05:48:11","modified_gmt":"2025-07-29T05:48:11","slug":"crimson-trace-hardline-pro-4-16x50-ffp-moa-ill","status":"publish","type":"product","link":"https:\/\/hunter-optics.com\/fr\/produit\/crimson-trace-hardline-pro-4-16x50-ffp-moa-ill\/","title":{"rendered":"Crimson Trace Hardline Pro 4-16\u00d750 FFP MOA ILL"},"content":{"rendered":"<div class=\"c-product__section-body c-toggler__content\">\n<div class=\"product-main-attributes attribute-table\">\n<p>Sp\u00e9cifications<\/p>\n<ul class=\"attribute-info\">\n<li class=\"attribute tg-b2\"><span class=\"label tg-b2\">Grossissement :<\/span><span class=\"value tg-b2\">4-16x <\/span><\/li>\n<li class=\"attribute tg-b2\"><span class=\"label tg-b2\">R\u00e9ticule :<\/span> <span class=\"value tg-b2\">MR1-MOA \u00e9clair\u00e9 <\/span><\/li>\n<li class=\"attribute tg-b2\"><span class=\"label tg-b2\">Plan focal :<\/span><span class=\"value tg-b2\">1er <\/span><\/li>\n<li class=\"attribute tg-b2\"><span class=\"label tg-b2\">Mat\u00e9riau :<\/span><span class=\"value tg-b2\">aluminium a\u00e9rospatial <\/span><\/li>\n<li class=\"attribute tg-b2\"><span class=\"label tg-b2\">Soulagement de l'\u0153il (in) :<\/span><span class=\"value tg-b2\">3.6~4 in <\/span><\/li>\n<li class=\"attribute tg-b2\"><span class=\"label tg-b2\">Diam\u00e8tre de l'objectif :<\/span> <span class=\"value tg-b2\">50 <\/span><\/li>\n<li class=\"attribute tg-b2\"><span class=\"label tg-b2\">Diam\u00e8tre du tube :<\/span><span class=\"value tg-b2\">30 mm <\/span><\/li>\n<li class=\"attribute tg-b2\"><span class=\"label tg-b2\">Cliquez sur Valeur :<\/span><span class=\"value tg-b2\">1\/4 MOA <\/span><\/li>\n<li class=\"attribute tg-b2\"><span class=\"label tg-b2\">Tourelles :<\/span><span class=\"value tg-b2\">Expos\u00e9 <\/span><\/li>\n<li class=\"attribute tg-b2\"><span class=\"label tg-b2\">\u00c9clairage :<\/span><span class=\"value tg-b2\">Oui <\/span><\/li>\n<li class=\"attribute tg-b2\"><span class=\"label tg-b2\">Transmission de la lumi\u00e8re (%) :<\/span><span class=\"value tg-b2\">90 <\/span><\/li>\n<li class=\"attribute tg-b2\"><span class=\"label tg-b2\">Longueur de la lunette :<\/span><span class=\"value tg-b2\">3,7 in x 3,1 in x 14,8 in <\/span><\/li>\n<li class=\"attribute tg-b2\"><span class=\"label tg-b2\">Poids du produit :<\/span><span class=\"value tg-b2\">25,4 oz oz <\/span><\/li>\n<li class=\"attribute tg-b2\"><span class=\"label tg-b2\">Traitement de l'objectif :<\/span><span class=\"value tg-b2\">vert multicouche <\/span><\/li>\n<li class=\"attribute tg-b2\"><span class=\"label tg-b2\">Longueur de montage arri\u00e8re (po) :<\/span><span class=\"value tg-b2\">2.1 <\/span><\/li>\n<li class=\"attribute tg-b2\"><span class=\"label tg-b2\">Longueur de montage avant (po) :<\/span><span class=\"value tg-b2\">3.1 <\/span><\/li>\n<li class=\"attribute tg-b2\"><span class=\"label tg-b2\">Plage de r\u00e9glage du vent :<\/span><span class=\"value tg-b2\">90 MOA <\/span><\/li>\n<li class=\"attribute tg-b2\"><span class=\"label tg-b2\">\u00c9chelle d'\u00e9l\u00e9vation :<\/span><span class=\"value tg-b2\">90 MOA <\/span><\/li>\n<li class=\"attribute tg-b2\"><span class=\"label tg-b2\">Parallaxe lat\u00e9rale :<\/span><span class=\"value tg-b2\">R\u00e9glable <\/span><\/li>\n<li class=\"attribute tg-b2\"><span class=\"label tg-b2\">Arr\u00eat z\u00e9ro :<\/span><span class=\"value tg-b2\">Oui <\/span><\/li>\n<li class=\"attribute tg-b2\"><span class=\"label tg-b2\">FOV Maximum :<\/span><span class=\"value tg-b2\">28,5 pieds <\/span><\/li>\n<li class=\"attribute tg-b2\"><span class=\"label tg-b2\">FOV Minimum :<\/span><span class=\"value tg-b2\">7,2 pieds <\/span><\/li>\n<\/ul>\n<div class=\"c-toggler c-product__section c-product__module c-toggler--expanded\">\n<div class=\"c-product__section-title c-toggler__element tg-h4\" tabindex=\"0\" data-gtm=\"{&quot;event&quot;:&quot;FeaturesPDP&quot;,&quot;eventTypes&quot;:&quot;link, click, hover&quot;,&quot;action&quot;:&quot;&quot;,&quot;label&quot;:&quot;https:\/\/www.crimsontrace.com\/on\/demandware.servlet\/Sites-CrimsonTrace_US-Site\/default\/Product-Detail?pid=01-01020&amp;source=&amp;uuid=&amp;Quantity=&amp;productlistid=&amp;cantAdd=false&amp;cantAddMessage=&quot;}\">Caract\u00e9ristiques<\/div>\n<div class=\"c-product__section-body c-toggler__content\">\n<ul>\n<li class=\"c-product__section-item\">RETICLE : MR1-MOA \u00e9clair\u00e9<\/li>\n<li class=\"c-product__section-item\">GARANTIE : Toutes les lunettes Crimson Trace sont couvertes par une garantie \u00e0 vie compl\u00e8te. Pour toute question ou garantie, contactez-nous \u00e0 support@crimsontrace.com<\/li>\n<li class=\"c-product__section-item\">INCLUT : Chiffon pour l'objectif, capuchons de lunettes et batterie<\/li>\n<li class=\"c-product__section-item\">DIMENSIONS DE LA SCOPE : 14.8\u2033 x 3.7\u2033 x 3.1\u2033<\/li>\n<li class=\"c-product__section-item\">MAT\u00c9RIAU : Fabriqu\u00e9 en aluminium a\u00e9rospatial durable et l\u00e9ger et en verre de haute qualit\u00e9 \u00e0 rev\u00eatement multiple vert.<\/li>\n<\/ul>\n<div class=\"quality-heading\">L'\u00e9talon cramoisi<\/div>\n<div class=\"quality-copy\">Chacun de nos t\u00e9lescopes fait l'objet d'un processus de test rigoureux pour les raisons suivantes <span class=\"callout\">l'\u00e9chec n'est pas une option<\/span>.<\/div>\n<div class=\"quality-subheading\">Des performances optimales dans tous les environnements<\/div>\n<div class=\"quality-copy\">Nos lunettes sont suffisamment robustes pour r\u00e9sister aux conditions m\u00e9t\u00e9orologiques les plus extr\u00eames et sont test\u00e9es avec diligence :<\/div>\n<table class=\"quality-section-table four-columns\">\n<tbody>\n<tr class=\"icons\">\n<td><img decoding=\"async\" title=\"\" src=\"https:\/\/www.crimsontrace.com\/on\/demandware.static\/-\/Sites-CrimsonTrace_US-Library\/default\/dw2f9ab254\/images\/modules_system\/products\/brushline-hardline\/quality\/env-temp-high.png\" alt=\"\" \/><\/td>\n<td><img decoding=\"async\" title=\"\" src=\"https:\/\/www.crimsontrace.com\/on\/demandware.static\/-\/Sites-CrimsonTrace_US-Library\/default\/dw27212cbc\/images\/modules_system\/products\/brushline-hardline\/quality\/env-temp-low.png\" alt=\"\" \/><\/td>\n<td><img decoding=\"async\" title=\"\" src=\"https:\/\/www.crimsontrace.com\/on\/demandware.static\/-\/Sites-CrimsonTrace_US-Library\/default\/dwe4168fa3\/images\/modules_system\/products\/brushline-hardline\/quality\/env-temp-cycling.png\" alt=\"\" \/><\/td>\n<td><img decoding=\"async\" title=\"\" src=\"https:\/\/www.crimsontrace.com\/on\/demandware.static\/-\/Sites-CrimsonTrace_US-Library\/default\/dwd13f9095\/images\/modules_system\/products\/brushline-hardline\/quality\/env-vibration.png\" alt=\"\" \/><\/td>\n<\/tr>\n<tr class=\"copy\">\n<td>Temp\u00e9ratures extr\u00eamement \u00e9lev\u00e9es<\/td>\n<td>Temp\u00e9ratures extr\u00eamement basses<\/td>\n<td>Cyclage thermique<\/td>\n<td>Vibrations<\/td>\n<\/tr>\n<\/tbody>\n<\/table>\n<div class=\"quality-subheading\">Fiabilit\u00e9 constante tout au long de la vie<\/div>\n<div class=\"quality-copy\">Que vous soyez un chasseur occasionnel ou LE, nos lunettes de vis\u00e9e sont test\u00e9es pour une utilisation \u00e0 vie, y compris :<\/div>\n<table class=\"quality-section-table five-columns\">\n<tbody>\n<tr class=\"icons\">\n<td><img decoding=\"async\" title=\"\" src=\"https:\/\/www.crimsontrace.com\/on\/demandware.static\/-\/Sites-CrimsonTrace_US-Library\/default\/dw47a5c857\/images\/modules_system\/products\/brushline-hardline\/quality\/use-drop.png\" alt=\"\" \/><\/td>\n<td><img decoding=\"async\" title=\"\" src=\"https:\/\/www.crimsontrace.com\/on\/demandware.static\/-\/Sites-CrimsonTrace_US-Library\/default\/dw27271fcf\/images\/modules_system\/products\/brushline-hardline\/quality\/use-transportation.png\" alt=\"\" \/><\/td>\n<td><img decoding=\"async\" title=\"\" src=\"https:\/\/www.crimsontrace.com\/on\/demandware.static\/-\/Sites-CrimsonTrace_US-Library\/default\/dwd13f9095\/images\/modules_system\/products\/brushline-hardline\/quality\/env-vibration.png\" alt=\"\" \/><\/td>\n<td><img decoding=\"async\" title=\"\" src=\"https:\/\/www.crimsontrace.com\/on\/demandware.static\/-\/Sites-CrimsonTrace_US-Library\/default\/dw7e94c9c8\/images\/modules_system\/products\/brushline-hardline\/quality\/use-fluids.png\" alt=\"\" \/><\/td>\n<td><img decoding=\"async\" title=\"\" src=\"https:\/\/www.crimsontrace.com\/on\/demandware.static\/-\/Sites-CrimsonTrace_US-Library\/default\/dwa43429ec\/images\/modules_system\/products\/brushline-hardline\/quality\/use-corrosion.png\" alt=\"\" \/><\/td>\n<\/tr>\n<tr class=\"copy\">\n<td>Test de chute<\/td>\n<td>Transport<\/td>\n<td>Vibrations<\/td>\n<td>Fluides<\/td>\n<td>Corrosion<\/td>\n<\/tr>\n<\/tbody>\n<\/table>\n<div class=\"quality-subheading\">Batterie de r\u00e9tention de la vis\u00e9e<\/div>\n<div class=\"quality-copy\">Test\u00e9 pour n'importe quel calibre et pour toute une vie de balles, notre test rigoureux de r\u00e9tention z\u00e9ro inclut :<\/div>\n<table class=\"quality-section-table three-columns\">\n<tbody>\n<tr class=\"icons\">\n<td><img decoding=\"async\" title=\"\" src=\"https:\/\/www.crimsontrace.com\/on\/demandware.static\/-\/Sites-CrimsonTrace_US-Library\/default\/dwc2e5450a\/images\/modules_system\/products\/brushline-hardline\/quality\/bore-zero-retention.png\" alt=\"\" \/><\/td>\n<td><img decoding=\"async\" title=\"\" src=\"https:\/\/www.crimsontrace.com\/on\/demandware.static\/-\/Sites-CrimsonTrace_US-Library\/default\/dw17ba5505\/images\/modules_system\/products\/brushline-hardline\/quality\/bore-recoil-extreme.png\" alt=\"\" \/><\/td>\n<td><img decoding=\"async\" title=\"\" src=\"https:\/\/www.crimsontrace.com\/on\/demandware.static\/-\/Sites-CrimsonTrace_US-Library\/default\/dw3c6e2689\/images\/modules_system\/products\/brushline-hardline\/quality\/bore-recoil-lifetime.png\" alt=\"\" \/><\/td>\n<\/tr>\n<tr class=\"copy\">\n<td>R\u00e9tention z\u00e9ro<\/td>\n<td>Le recul des gros calibres<\/td>\n<td>Recul \u00e0 vie<\/td>\n<\/tr>\n<\/tbody>\n<\/table>\n<div class=\"quality-subheading\">Test d'immersion<\/div>\n<div class=\"quality-copy\">Qu'il pleuve ou qu'il vente, l'int\u00e9grit\u00e9 de nos joints d'\u00e9tanch\u00e9it\u00e9 n'est jamais compromise lorsqu'ils sont mis \u00e0 l'\u00e9preuve :<\/div>\n<table class=\"quality-section-table two-columns\">\n<tbody>\n<tr class=\"icons\">\n<td><img decoding=\"async\" title=\"\" src=\"https:\/\/www.crimsontrace.com\/on\/demandware.static\/-\/Sites-CrimsonTrace_US-Library\/default\/dw2308824c\/images\/modules_system\/products\/brushline-hardline\/quality\/immersion-submersion.png\" alt=\"\" \/><\/td>\n<td><img decoding=\"async\" title=\"\" src=\"https:\/\/www.crimsontrace.com\/on\/demandware.static\/-\/Sites-CrimsonTrace_US-Library\/default\/dw96cb7566\/images\/modules_system\/products\/brushline-hardline\/quality\/immersion-verification.png\" alt=\"\" \/><\/td>\n<\/tr>\n<tr class=\"copy\">\n<td>Submersion compl\u00e8te<\/td>\n<td>V\u00e9rification de l'immersion<\/td>\n<\/tr>\n<\/tbody>\n<\/table>\n<\/div>\n<\/div>\n<\/div>\n<\/div>","protected":false},"excerpt":{"rendered":"<div class=\"c-product__description tg-b2\" tabindex=\"0\">Les optiques Crimson Trace Hardline Pro sont con\u00e7ues pour les tireurs tactiques et les tireurs sur cible exp\u00e9riment\u00e9s et ont \u00e9t\u00e9 d\u00e9lib\u00e9r\u00e9ment \u00e9labor\u00e9es \u00e0 partir de la base. La gamme comprend des tubes de 30 mm de qualit\u00e9 a\u00e9rospatiale avec des options de premier plan focal (FFP). La gamme offre des optiques \u00e0 courte, moyenne et longue port\u00e9e avec une vari\u00e9t\u00e9 de r\u00e9ticules personnalis\u00e9s. Elles sont enti\u00e8rement trait\u00e9es multicouches, purg\u00e9es \u00e0 l'azote, r\u00e9sistantes aux chocs et pr\u00eates \u00e0 affronter tous les \u00e9l\u00e9ments qu'elles rencontrent. Toutes les lunettes Crimson Trace\u00ae sont couvertes par la garantie de protection \u00e0 vie et b\u00e9n\u00e9ficient du soutien de notre \u00e9quipe de service client\u00e8le prim\u00e9e.<\/div>","protected":false},"featured_media":1471,"comment_status":"open","ping_status":"closed","template":"","meta":[],"etheme_brands":[{"term_id":45,"name":"Crimson Trace","slug":"crimson-trace","term_group":0,"term_taxonomy_id":45,"taxonomy":"brand","description":"Crimson Trace is a manufacturer dedicated to producing the highest quality laser sights, tactical lights, electronic sights, and riflescopes for your pistols, rifles, and shotguns.","parent":0,"count":6,"filter":"raw"}],"product_brand":[],"product_cat":[49],"product_tag":[],"class_list":{"0":"post-1442","1":"product","2":"type-product","3":"status-publish","4":"has-post-thumbnail","6":"brand-crimson-trace","7":"product_cat-rifle-scopes","9":"first","10":"instock","11":"sale","12":"taxable","13":"shipping-taxable","14":"purchasable","15":"product-type-simple"},"yoast_head":"<!-- This site is optimized with the Yoast SEO Premium plugin v25.7.1 (Yoast SEO v27.4) - https:\/\/yoast.com\/product\/yoast-seo-premium-wordpress\/ -->\n<title>Crimson Trace Hardline Pro 4-16x50 FFP MOA ILL - Hunter Optics<\/title>\n<meta name=\"description\" content=\"The Crimson Trace Hardline Pro optics are designed with the experienced tactical and target shooter in mind and have been purposefully built from the ground up.\" \/>\n<meta name=\"robots\" content=\"index, follow, max-snippet:-1, max-image-preview:large, max-video-preview:-1\" \/>\n<link rel=\"canonical\" href=\"https:\/\/hunter-optics.com\/fr\/produit\/crimson-trace-hardline-pro-4-16x50-ffp-moa-ill\/\" \/>\n<meta property=\"og:locale\" content=\"fr_FR\" \/>\n<meta property=\"og:type\" content=\"article\" \/>\n<meta property=\"og:title\" content=\"Crimson Trace Hardline Pro 4-16x50 FFP MOA ILL\" \/>\n<meta property=\"og:description\" content=\"The Crimson Trace Hardline Pro optics are designed with the experienced tactical and target shooter in mind and have been purposefully built from the ground up.\" \/>\n<meta property=\"og:url\" content=\"https:\/\/hunter-optics.com\/fr\/produit\/crimson-trace-hardline-pro-4-16x50-ffp-moa-ill\/\" \/>\n<meta property=\"og:site_name\" content=\"Hunter Optics\" \/>\n<meta property=\"article:modified_time\" content=\"2025-07-29T05:48:11+00:00\" \/>\n<meta property=\"og:image\" content=\"https:\/\/hunter-optics.com\/wp-content\/uploads\/2025\/07\/Hardline-Pro-4-16x50-FFP-MOA-ILL.jpg\" \/>\n\t<meta property=\"og:image:width\" content=\"876\" \/>\n\t<meta property=\"og:image:height\" content=\"876\" \/>\n\t<meta property=\"og:image:type\" content=\"image\/jpeg\" \/>\n<meta name=\"twitter:card\" content=\"summary_large_image\" \/>\n<meta name=\"twitter:label1\" content=\"Prix\" \/>\n\t<meta name=\"twitter:data1\" content=\"&#036;1,000.99\" \/>\n\t<meta name=\"twitter:label2\" content=\"Disponibilit\u00e9\" \/>\n\t<meta name=\"twitter:data2\" content=\"En stock\" \/>\n<script type=\"application\/ld+json\" class=\"yoast-schema-graph\">{\"@context\":\"https:\\\/\\\/schema.org\",\"@graph\":[{\"@type\":\"WebPage\",\"@id\":\"https:\\\/\\\/hunter-optics.com\\\/product\\\/crimson-trace-hardline-pro-4-16x50-ffp-moa-ill\\\/\",\"url\":\"https:\\\/\\\/hunter-optics.com\\\/product\\\/crimson-trace-hardline-pro-4-16x50-ffp-moa-ill\\\/\",\"name\":\"Crimson Trace Hardline Pro 4-16x50 FFP MOA ILL - Hunter Optics\",\"isPartOf\":{\"@id\":\"https:\\\/\\\/hunter-optics.com\\\/#website\"},\"primaryImageOfPage\":{\"@id\":\"https:\\\/\\\/hunter-optics.com\\\/product\\\/crimson-trace-hardline-pro-4-16x50-ffp-moa-ill\\\/#primaryimage\"},\"image\":{\"@id\":\"https:\\\/\\\/hunter-optics.com\\\/product\\\/crimson-trace-hardline-pro-4-16x50-ffp-moa-ill\\\/#primaryimage\"},\"thumbnailUrl\":\"https:\\\/\\\/hunter-optics.com\\\/wp-content\\\/uploads\\\/2025\\\/07\\\/Hardline-Pro-4-16x50-FFP-MOA-ILL.jpg\",\"datePublished\":\"2025-07-24T10:04:54+00:00\",\"dateModified\":\"2025-07-29T05:48:11+00:00\",\"description\":\"The Crimson Trace Hardline Pro optics are designed with the experienced tactical and target shooter in mind and have been purposefully built from the ground up.\",\"breadcrumb\":{\"@id\":\"https:\\\/\\\/hunter-optics.com\\\/product\\\/crimson-trace-hardline-pro-4-16x50-ffp-moa-ill\\\/#breadcrumb\"},\"inLanguage\":\"fr-FR\",\"potentialAction\":[{\"@type\":\"ReadAction\",\"target\":[\"https:\\\/\\\/hunter-optics.com\\\/product\\\/crimson-trace-hardline-pro-4-16x50-ffp-moa-ill\\\/\"]}]},{\"@type\":\"ImageObject\",\"inLanguage\":\"fr-FR\",\"@id\":\"https:\\\/\\\/hunter-optics.com\\\/product\\\/crimson-trace-hardline-pro-4-16x50-ffp-moa-ill\\\/#primaryimage\",\"url\":\"https:\\\/\\\/hunter-optics.com\\\/wp-content\\\/uploads\\\/2025\\\/07\\\/Hardline-Pro-4-16x50-FFP-MOA-ILL.jpg\",\"contentUrl\":\"https:\\\/\\\/hunter-optics.com\\\/wp-content\\\/uploads\\\/2025\\\/07\\\/Hardline-Pro-4-16x50-FFP-MOA-ILL.jpg\",\"width\":876,\"height\":876},{\"@type\":\"BreadcrumbList\",\"@id\":\"https:\\\/\\\/hunter-optics.com\\\/product\\\/crimson-trace-hardline-pro-4-16x50-ffp-moa-ill\\\/#breadcrumb\",\"itemListElement\":[{\"@type\":\"ListItem\",\"position\":1,\"name\":\"Home\",\"item\":\"https:\\\/\\\/hunter-optics.com\\\/\"},{\"@type\":\"ListItem\",\"position\":2,\"name\":\"Products\",\"item\":\"https:\\\/\\\/hunter-optics.com\\\/shop\\\/\"},{\"@type\":\"ListItem\",\"position\":3,\"name\":\"Crimson Trace Hardline Pro 4-16&#215;50 FFP MOA ILL\"}]},{\"@type\":\"WebSite\",\"@id\":\"https:\\\/\\\/hunter-optics.com\\\/#website\",\"url\":\"https:\\\/\\\/hunter-optics.com\\\/\",\"name\":\"Hunter Optics\",\"description\":\"Hunter Optics \u2014 Your Eye on the Target.\",\"publisher\":{\"@id\":\"https:\\\/\\\/hunter-optics.com\\\/#organization\"},\"potentialAction\":[{\"@type\":\"SearchAction\",\"target\":{\"@type\":\"EntryPoint\",\"urlTemplate\":\"https:\\\/\\\/hunter-optics.com\\\/?s={search_term_string}\"},\"query-input\":{\"@type\":\"PropertyValueSpecification\",\"valueRequired\":true,\"valueName\":\"search_term_string\"}}],\"inLanguage\":\"fr-FR\"},{\"@type\":\"Organization\",\"@id\":\"https:\\\/\\\/hunter-optics.com\\\/#organization\",\"name\":\"Hunter Optics\",\"url\":\"https:\\\/\\\/hunter-optics.com\\\/\",\"logo\":{\"@type\":\"ImageObject\",\"inLanguage\":\"fr-FR\",\"@id\":\"https:\\\/\\\/hunter-optics.com\\\/#\\\/schema\\\/logo\\\/image\\\/\",\"url\":\"https:\\\/\\\/hunter-optics.com\\\/wp-content\\\/uploads\\\/2025\\\/06\\\/hunter-optics-logo-1.png\",\"contentUrl\":\"https:\\\/\\\/hunter-optics.com\\\/wp-content\\\/uploads\\\/2025\\\/06\\\/hunter-optics-logo-1.png\",\"width\":937,\"height\":373,\"caption\":\"Hunter Optics\"},\"image\":{\"@id\":\"https:\\\/\\\/hunter-optics.com\\\/#\\\/schema\\\/logo\\\/image\\\/\"}}]}<\/script>\n<meta property=\"product:brand\" content=\"Crimson Trace\" \/>\n<meta property=\"product:price:amount\" content=\"1000.99\" \/>\n<meta property=\"product:price:currency\" content=\"USD\" \/>\n<meta property=\"og:availability\" content=\"instock\" \/>\n<meta property=\"product:availability\" content=\"instock\" \/>\n<meta property=\"product:condition\" content=\"new\" \/>\n<!-- \/ Yoast SEO Premium plugin. -->","yoast_head_json":{"title":"Crimson Trace Hardline Pro 4-16x50 FFP MOA ILL - Hunter Optics","description":"Les optiques Crimson Trace Hardline Pro sont con\u00e7ues pour les tireurs tactiques et les tireurs sur cible exp\u00e9riment\u00e9s et ont \u00e9t\u00e9 d\u00e9lib\u00e9r\u00e9ment \u00e9labor\u00e9es \u00e0 partir de la base.","robots":{"index":"index","follow":"follow","max-snippet":"max-snippet:-1","max-image-preview":"max-image-preview:large","max-video-preview":"max-video-preview:-1"},"canonical":"https:\/\/hunter-optics.com\/fr\/produit\/crimson-trace-hardline-pro-4-16x50-ffp-moa-ill\/","og_locale":"fr_FR","og_type":"article","og_title":"Crimson Trace Hardline Pro 4-16x50 FFP MOA ILL","og_description":"The Crimson Trace Hardline Pro optics are designed with the experienced tactical and target shooter in mind and have been purposefully built from the ground up.","og_url":"https:\/\/hunter-optics.com\/fr\/produit\/crimson-trace-hardline-pro-4-16x50-ffp-moa-ill\/","og_site_name":"Hunter Optics","article_modified_time":"2025-07-29T05:48:11+00:00","og_image":[{"width":876,"height":876,"url":"https:\/\/hunter-optics.com\/wp-content\/uploads\/2025\/07\/Hardline-Pro-4-16x50-FFP-MOA-ILL.jpg","type":"image\/jpeg"}],"twitter_card":"summary_large_image","twitter_misc":{"Prix":"&#36;1,000.99","Disponibilit\u00e9":"En stock"},"schema":{"@context":"https:\/\/schema.org","@graph":[{"@type":"WebPage","@id":"https:\/\/hunter-optics.com\/product\/crimson-trace-hardline-pro-4-16x50-ffp-moa-ill\/","url":"https:\/\/hunter-optics.com\/product\/crimson-trace-hardline-pro-4-16x50-ffp-moa-ill\/","name":"Crimson Trace Hardline Pro 4-16x50 FFP MOA ILL - Hunter Optics","isPartOf":{"@id":"https:\/\/hunter-optics.com\/#website"},"primaryImageOfPage":{"@id":"https:\/\/hunter-optics.com\/product\/crimson-trace-hardline-pro-4-16x50-ffp-moa-ill\/#primaryimage"},"image":{"@id":"https:\/\/hunter-optics.com\/product\/crimson-trace-hardline-pro-4-16x50-ffp-moa-ill\/#primaryimage"},"thumbnailUrl":"https:\/\/hunter-optics.com\/wp-content\/uploads\/2025\/07\/Hardline-Pro-4-16x50-FFP-MOA-ILL.jpg","datePublished":"2025-07-24T10:04:54+00:00","dateModified":"2025-07-29T05:48:11+00:00","description":"Les optiques Crimson Trace Hardline Pro sont con\u00e7ues pour les tireurs tactiques et les tireurs sur cible exp\u00e9riment\u00e9s et ont \u00e9t\u00e9 d\u00e9lib\u00e9r\u00e9ment \u00e9labor\u00e9es \u00e0 partir de la base.","breadcrumb":{"@id":"https:\/\/hunter-optics.com\/product\/crimson-trace-hardline-pro-4-16x50-ffp-moa-ill\/#breadcrumb"},"inLanguage":"fr-FR","potentialAction":[{"@type":"ReadAction","target":["https:\/\/hunter-optics.com\/product\/crimson-trace-hardline-pro-4-16x50-ffp-moa-ill\/"]}]},{"@type":"ImageObject","inLanguage":"fr-FR","@id":"https:\/\/hunter-optics.com\/product\/crimson-trace-hardline-pro-4-16x50-ffp-moa-ill\/#primaryimage","url":"https:\/\/hunter-optics.com\/wp-content\/uploads\/2025\/07\/Hardline-Pro-4-16x50-FFP-MOA-ILL.jpg","contentUrl":"https:\/\/hunter-optics.com\/wp-content\/uploads\/2025\/07\/Hardline-Pro-4-16x50-FFP-MOA-ILL.jpg","width":876,"height":876},{"@type":"BreadcrumbList","@id":"https:\/\/hunter-optics.com\/product\/crimson-trace-hardline-pro-4-16x50-ffp-moa-ill\/#breadcrumb","itemListElement":[{"@type":"ListItem","position":1,"name":"Home","item":"https:\/\/hunter-optics.com\/"},{"@type":"ListItem","position":2,"name":"Products","item":"https:\/\/hunter-optics.com\/shop\/"},{"@type":"ListItem","position":3,"name":"Crimson Trace Hardline Pro 4-16&#215;50 FFP MOA ILL"}]},{"@type":"WebSite","@id":"https:\/\/hunter-optics.com\/#website","url":"https:\/\/hunter-optics.com\/","name":"Optique Hunter","description":"Optique du chasseur - L'\u0153il sur la cible.","publisher":{"@id":"https:\/\/hunter-optics.com\/#organization"},"potentialAction":[{"@type":"SearchAction","target":{"@type":"EntryPoint","urlTemplate":"https:\/\/hunter-optics.com\/?s={search_term_string}"},"query-input":{"@type":"PropertyValueSpecification","valueRequired":true,"valueName":"search_term_string"}}],"inLanguage":"fr-FR"},{"@type":"Organization","@id":"https:\/\/hunter-optics.com\/#organization","name":"Optique Hunter","url":"https:\/\/hunter-optics.com\/","logo":{"@type":"ImageObject","inLanguage":"fr-FR","@id":"https:\/\/hunter-optics.com\/#\/schema\/logo\/image\/","url":"https:\/\/hunter-optics.com\/wp-content\/uploads\/2025\/06\/hunter-optics-logo-1.png","contentUrl":"https:\/\/hunter-optics.com\/wp-content\/uploads\/2025\/06\/hunter-optics-logo-1.png","width":937,"height":373,"caption":"Hunter Optics"},"image":{"@id":"https:\/\/hunter-optics.com\/#\/schema\/logo\/image\/"}}]},"product_brand":"Crimson Trace","product_price_amount":"1000.99","product_price_currency":"USD","og_availability":"instock","product_availability":"instock","product_condition":"new"},"_links":{"self":[{"href":"https:\/\/hunter-optics.com\/fr\/wp-json\/wp\/v2\/product\/1442","targetHints":{"allow":["GET"]}}],"collection":[{"href":"https:\/\/hunter-optics.com\/fr\/wp-json\/wp\/v2\/product"}],"about":[{"href":"https:\/\/hunter-optics.com\/fr\/wp-json\/wp\/v2\/types\/product"}],"replies":[{"embeddable":true,"href":"https:\/\/hunter-optics.com\/fr\/wp-json\/wp\/v2\/comments?post=1442"}],"version-history":[{"count":5,"href":"https:\/\/hunter-optics.com\/fr\/wp-json\/wp\/v2\/product\/1442\/revisions"}],"predecessor-version":[{"id":1477,"href":"https:\/\/hunter-optics.com\/fr\/wp-json\/wp\/v2\/product\/1442\/revisions\/1477"}],"wp:featuredmedia":[{"embeddable":true,"href":"https:\/\/hunter-optics.com\/fr\/wp-json\/wp\/v2\/media\/1471"}],"wp:attachment":[{"href":"https:\/\/hunter-optics.com\/fr\/wp-json\/wp\/v2\/media?parent=1442"}],"wp:term":[{"taxonomy":"brand","embeddable":true,"href":"https:\/\/hunter-optics.com\/fr\/wp-json\/wp\/v2\/etheme_brands?post=1442"},{"taxonomy":"product_brand","embeddable":true,"href":"https:\/\/hunter-optics.com\/fr\/wp-json\/wp\/v2\/product_brand?post=1442"},{"taxonomy":"product_cat","embeddable":true,"href":"https:\/\/hunter-optics.com\/fr\/wp-json\/wp\/v2\/product_cat?post=1442"},{"taxonomy":"product_tag","embeddable":true,"href":"https:\/\/hunter-optics.com\/fr\/wp-json\/wp\/v2\/product_tag?post=1442"}],"curies":[{"name":"wp","href":"https:\/\/api.w.org\/{rel}","templated":true}]}}