{"id":1434,"date":"2025-07-24T10:02:21","date_gmt":"2025-07-24T10:02:21","guid":{"rendered":"https:\/\/hunter-optics.com\/?post_type=product&#038;p=1434"},"modified":"2025-07-29T05:54:03","modified_gmt":"2025-07-29T05:54:03","slug":"crimson-trace-hardline-1-8x28-34mm-mil","status":"publish","type":"product","link":"https:\/\/hunter-optics.com\/fr\/produit\/crimson-trace-hardline-1-8x28-34mm-mil\/","title":{"rendered":"Crimson Trace Hardline 1-8\u00d728 34mm MIL"},"content":{"rendered":"<div class=\"c-product__section-body c-toggler__content\">\n<div class=\"product-main-attributes attribute-table\">\n<ul class=\"attribute-info\">\n<li class=\"attribute tg-b2\"><span class=\"label tg-b2\">Grossissement :<\/span><span class=\"value tg-b2\">1-8x <\/span><\/li>\n<li class=\"attribute tg-b2\"><span class=\"label tg-b2\">Plan focal :<\/span><span class=\"value tg-b2\">2\u00e8me <\/span><\/li>\n<li class=\"attribute tg-b2\"><span class=\"label tg-b2\">Diam\u00e8tre du tube :<\/span><span class=\"value tg-b2\">34 mm <\/span><\/li>\n<li class=\"attribute tg-b2\"><span class=\"label tg-b2\">Soulagement de l'\u0153il (in) :<\/span><span class=\"value tg-b2\">3.5&#8243; <\/span><\/li>\n<li class=\"attribute tg-b2\"><span class=\"label tg-b2\">Construction :<\/span><span class=\"value tg-b2\">Aluminium a\u00e9rospatial <\/span><\/li>\n<li class=\"attribute tg-b2\"><span class=\"label tg-b2\">R\u00e9sistance \u00e0 l'eau :<\/span><span class=\"value tg-b2\">IPX7 <\/span><\/li>\n<li class=\"attribute tg-b2\"><span class=\"label tg-b2\">Poids du produit :<\/span><span class=\"value tg-b2\">18oz oz <\/span><\/li>\n<li class=\"attribute tg-b2\"><span class=\"label tg-b2\">R\u00e9ticule :<\/span> <span class=\"value tg-b2\">R\u00e9ticule lumineux CT TR1-MOA <\/span><\/li>\n<li class=\"attribute tg-b2\"><span class=\"label tg-b2\">Diam\u00e8tre de l'objectif :<\/span><span class=\"value tg-b2\">28 <\/span><\/li>\n<li class=\"attribute tg-b2\"><span class=\"label tg-b2\">Pupille de sortie (mm) :<\/span><span class=\"value tg-b2\">8.5~2.95 <\/span><\/li>\n<li class=\"attribute tg-b2\"><span class=\"label tg-b2\">FOV pieds @100yd :<\/span><span class=\"value tg-b2\">15.53~118.5 <\/span><\/li>\n<li class=\"attribute tg-b2\"><span class=\"label tg-b2\">Cliquez sur Valeur :<\/span><span class=\"value tg-b2\">1\/10 Mil <\/span><\/li>\n<li class=\"attribute tg-b2\"><span class=\"label tg-b2\">E\/W Plage de r\u00e9glage :<\/span><span class=\"value tg-b2\">32 MIL <\/span><\/li>\n<li class=\"attribute tg-b2\"><span class=\"label tg-b2\">Paralax Setting Yards :<\/span><span class=\"value tg-b2\">100.00 <\/span><\/li>\n<li class=\"attribute tg-b2\"><span class=\"label tg-b2\">Traitement de l'objectif :<\/span><span class=\"value tg-b2\">Enti\u00e8rement multicouches avec CT MOC <\/span><\/li>\n<li class=\"attribute tg-b2\"><span class=\"label tg-b2\">Illumin\u00e9 R\u00e9ticule :<\/span><span class=\"value tg-b2\">Oui <\/span><\/li>\n<li class=\"attribute tg-b2\"><span class=\"label tg-b2\">Transmission de la lumi\u00e8re (%) :<\/span><span class=\"value tg-b2\">88 <\/span><\/li>\n<li class=\"attribute tg-b2\"><span class=\"label tg-b2\">Longueur totale :<\/span><span class=\"value tg-b2\">10.67 <\/span><\/li>\n<\/ul>\n<\/div>\n<\/div>","protected":false},"excerpt":{"rendered":"<p>Les optiques variables Crimson Trace Hardline Low Power sont d\u00e9lib\u00e9r\u00e9ment con\u00e7ues pour tout le monde, des professionnels de la tactique aux amateurs de tir \u00e0 la carabine. La ligne de lunettes Crimson Trace Low Power Variable Optic est faite pour vous. La gamme comprend plusieurs optiques avec plusieurs options de grossissement et de mesure. Tous les r\u00e9ticules sont calibr\u00e9s pour \u00eatre pr\u00e9cis tout en \u00e9tant suffisamment robustes pour l'utilisation de plusieurs calibres sur plusieurs plateformes diff\u00e9rentes. Toutes les lunettes LPVO sont dot\u00e9es d'un tube de 34 mm en aluminium anodis\u00e9 de qualit\u00e9 a\u00e9rospatiale, extr\u00eamement l\u00e9ger et durable. Les lunettes sont r\u00e9sistantes aux chocs conform\u00e9ment au protocole de test MIL-STD-810G et sont \u00e9tanches conform\u00e9ment au protocole IPX7, ce qui permet d'immerger les optiques dans 1 m\u00e8tre d'eau pendant 30 minutes. Toutes les lunettes sont enti\u00e8rement multicouches et pr\u00e9sentent une transmission de la lumi\u00e8re et une qualit\u00e9 de verre exceptionnelles. La purge \u00e0 l'azote emp\u00eache la formation de bu\u00e9e dans tous les environnements. Les r\u00e9ticules grav\u00e9s sur verre et le verre de qualit\u00e9 permettent un excellent champ de vision.<\/p>","protected":false},"featured_media":1435,"comment_status":"open","ping_status":"closed","template":"","meta":[],"etheme_brands":[{"term_id":45,"name":"Crimson Trace","slug":"crimson-trace","term_group":0,"term_taxonomy_id":45,"taxonomy":"brand","description":"Crimson Trace is a manufacturer dedicated to producing the highest quality laser sights, tactical lights, electronic sights, and riflescopes for your pistols, rifles, and shotguns.","parent":0,"count":6,"filter":"raw"}],"product_brand":[],"product_cat":[49],"product_tag":[],"class_list":{"0":"post-1434","1":"product","2":"type-product","3":"status-publish","4":"has-post-thumbnail","6":"brand-crimson-trace","7":"product_cat-rifle-scopes","9":"first","10":"instock","11":"sale","12":"taxable","13":"shipping-taxable","14":"purchasable","15":"product-type-simple"},"yoast_head":"<!-- This site is optimized with the Yoast SEO Premium plugin v25.7.1 (Yoast SEO v27.4) - https:\/\/yoast.com\/product\/yoast-seo-premium-wordpress\/ -->\n<title>Crimson Trace Hardline 1-8x28 34mm MIL - Hunter Optics<\/title>\n<meta name=\"description\" content=\"The Crimson Trace Hardline 1-8x28 34mm MIL Hardline Low Power Variable Optics are deliberately built for everyone from tactical professionals to backyard plinkers.\" \/>\n<meta name=\"robots\" content=\"index, follow, max-snippet:-1, max-image-preview:large, max-video-preview:-1\" \/>\n<link rel=\"canonical\" href=\"https:\/\/hunter-optics.com\/fr\/produit\/crimson-trace-hardline-1-8x28-34mm-mil\/\" \/>\n<meta property=\"og:locale\" content=\"fr_FR\" \/>\n<meta property=\"og:type\" content=\"article\" \/>\n<meta property=\"og:title\" content=\"Crimson Trace Hardline 1-8x28 34mm MIL\" \/>\n<meta property=\"og:description\" content=\"The Crimson Trace Hardline 1-8x28 34mm MIL Hardline Low Power Variable Optics are deliberately built for everyone from tactical professionals to backyard plinkers.\" \/>\n<meta property=\"og:url\" content=\"https:\/\/hunter-optics.com\/fr\/produit\/crimson-trace-hardline-1-8x28-34mm-mil\/\" \/>\n<meta property=\"og:site_name\" content=\"Hunter Optics\" \/>\n<meta property=\"article:modified_time\" content=\"2025-07-29T05:54:03+00:00\" \/>\n<meta property=\"og:image\" content=\"https:\/\/hunter-optics.com\/wp-content\/uploads\/2025\/07\/Hardline-1-8x28-1.jpg\" \/>\n\t<meta property=\"og:image:width\" content=\"876\" \/>\n\t<meta property=\"og:image:height\" content=\"876\" \/>\n\t<meta property=\"og:image:type\" content=\"image\/jpeg\" \/>\n<meta name=\"twitter:card\" content=\"summary_large_image\" \/>\n<meta name=\"twitter:label1\" content=\"Prix\" \/>\n\t<meta name=\"twitter:data1\" content=\"&#036;369.99\" \/>\n\t<meta name=\"twitter:label2\" content=\"Disponibilit\u00e9\" \/>\n\t<meta name=\"twitter:data2\" content=\"En stock\" \/>\n<script type=\"application\/ld+json\" class=\"yoast-schema-graph\">{\"@context\":\"https:\\\/\\\/schema.org\",\"@graph\":[{\"@type\":\"WebPage\",\"@id\":\"https:\\\/\\\/hunter-optics.com\\\/product\\\/crimson-trace-hardline-1-8x28-34mm-mil\\\/\",\"url\":\"https:\\\/\\\/hunter-optics.com\\\/product\\\/crimson-trace-hardline-1-8x28-34mm-mil\\\/\",\"name\":\"Crimson Trace Hardline 1-8x28 34mm MIL - Hunter Optics\",\"isPartOf\":{\"@id\":\"https:\\\/\\\/hunter-optics.com\\\/#website\"},\"primaryImageOfPage\":{\"@id\":\"https:\\\/\\\/hunter-optics.com\\\/product\\\/crimson-trace-hardline-1-8x28-34mm-mil\\\/#primaryimage\"},\"image\":{\"@id\":\"https:\\\/\\\/hunter-optics.com\\\/product\\\/crimson-trace-hardline-1-8x28-34mm-mil\\\/#primaryimage\"},\"thumbnailUrl\":\"https:\\\/\\\/hunter-optics.com\\\/wp-content\\\/uploads\\\/2025\\\/07\\\/Hardline-1-8x28-1.jpg\",\"datePublished\":\"2025-07-24T10:02:21+00:00\",\"dateModified\":\"2025-07-29T05:54:03+00:00\",\"description\":\"The Crimson Trace Hardline 1-8x28 34mm MIL Hardline Low Power Variable Optics are deliberately built for everyone from tactical professionals to backyard plinkers.\",\"breadcrumb\":{\"@id\":\"https:\\\/\\\/hunter-optics.com\\\/product\\\/crimson-trace-hardline-1-8x28-34mm-mil\\\/#breadcrumb\"},\"inLanguage\":\"fr-FR\",\"potentialAction\":[{\"@type\":\"ReadAction\",\"target\":[\"https:\\\/\\\/hunter-optics.com\\\/product\\\/crimson-trace-hardline-1-8x28-34mm-mil\\\/\"]}]},{\"@type\":\"ImageObject\",\"inLanguage\":\"fr-FR\",\"@id\":\"https:\\\/\\\/hunter-optics.com\\\/product\\\/crimson-trace-hardline-1-8x28-34mm-mil\\\/#primaryimage\",\"url\":\"https:\\\/\\\/hunter-optics.com\\\/wp-content\\\/uploads\\\/2025\\\/07\\\/Hardline-1-8x28-1.jpg\",\"contentUrl\":\"https:\\\/\\\/hunter-optics.com\\\/wp-content\\\/uploads\\\/2025\\\/07\\\/Hardline-1-8x28-1.jpg\",\"width\":876,\"height\":876},{\"@type\":\"BreadcrumbList\",\"@id\":\"https:\\\/\\\/hunter-optics.com\\\/product\\\/crimson-trace-hardline-1-8x28-34mm-mil\\\/#breadcrumb\",\"itemListElement\":[{\"@type\":\"ListItem\",\"position\":1,\"name\":\"Home\",\"item\":\"https:\\\/\\\/hunter-optics.com\\\/\"},{\"@type\":\"ListItem\",\"position\":2,\"name\":\"Products\",\"item\":\"https:\\\/\\\/hunter-optics.com\\\/shop\\\/\"},{\"@type\":\"ListItem\",\"position\":3,\"name\":\"Crimson Trace Hardline 1-8&#215;28 34mm MIL\"}]},{\"@type\":\"WebSite\",\"@id\":\"https:\\\/\\\/hunter-optics.com\\\/#website\",\"url\":\"https:\\\/\\\/hunter-optics.com\\\/\",\"name\":\"Hunter Optics\",\"description\":\"Hunter Optics \u2014 Your Eye on the Target.\",\"publisher\":{\"@id\":\"https:\\\/\\\/hunter-optics.com\\\/#organization\"},\"potentialAction\":[{\"@type\":\"SearchAction\",\"target\":{\"@type\":\"EntryPoint\",\"urlTemplate\":\"https:\\\/\\\/hunter-optics.com\\\/?s={search_term_string}\"},\"query-input\":{\"@type\":\"PropertyValueSpecification\",\"valueRequired\":true,\"valueName\":\"search_term_string\"}}],\"inLanguage\":\"fr-FR\"},{\"@type\":\"Organization\",\"@id\":\"https:\\\/\\\/hunter-optics.com\\\/#organization\",\"name\":\"Hunter Optics\",\"url\":\"https:\\\/\\\/hunter-optics.com\\\/\",\"logo\":{\"@type\":\"ImageObject\",\"inLanguage\":\"fr-FR\",\"@id\":\"https:\\\/\\\/hunter-optics.com\\\/#\\\/schema\\\/logo\\\/image\\\/\",\"url\":\"https:\\\/\\\/hunter-optics.com\\\/wp-content\\\/uploads\\\/2025\\\/06\\\/hunter-optics-logo-1.png\",\"contentUrl\":\"https:\\\/\\\/hunter-optics.com\\\/wp-content\\\/uploads\\\/2025\\\/06\\\/hunter-optics-logo-1.png\",\"width\":937,\"height\":373,\"caption\":\"Hunter Optics\"},\"image\":{\"@id\":\"https:\\\/\\\/hunter-optics.com\\\/#\\\/schema\\\/logo\\\/image\\\/\"}}]}<\/script>\n<meta property=\"product:brand\" content=\"Crimson Trace\" \/>\n<meta property=\"product:price:amount\" content=\"369.99\" \/>\n<meta property=\"product:price:currency\" content=\"USD\" \/>\n<meta property=\"og:availability\" content=\"instock\" \/>\n<meta property=\"product:availability\" content=\"instock\" \/>\n<meta property=\"product:condition\" content=\"new\" \/>\n<!-- \/ Yoast SEO Premium plugin. -->","yoast_head_json":{"title":"Crimson Trace Hardline 1-8x28 34mm MIL - Hunter Optics","description":"L'optique Crimson Trace Hardline 1-8x28 34mm MIL Hardline Low Power Variable est d\u00e9lib\u00e9r\u00e9ment con\u00e7ue pour tout le monde, des professionnels de la tactique aux amateurs de plinkers.","robots":{"index":"index","follow":"follow","max-snippet":"max-snippet:-1","max-image-preview":"max-image-preview:large","max-video-preview":"max-video-preview:-1"},"canonical":"https:\/\/hunter-optics.com\/fr\/produit\/crimson-trace-hardline-1-8x28-34mm-mil\/","og_locale":"fr_FR","og_type":"article","og_title":"Crimson Trace Hardline 1-8x28 34mm MIL","og_description":"The Crimson Trace Hardline 1-8x28 34mm MIL Hardline Low Power Variable Optics are deliberately built for everyone from tactical professionals to backyard plinkers.","og_url":"https:\/\/hunter-optics.com\/fr\/produit\/crimson-trace-hardline-1-8x28-34mm-mil\/","og_site_name":"Hunter Optics","article_modified_time":"2025-07-29T05:54:03+00:00","og_image":[{"width":876,"height":876,"url":"https:\/\/hunter-optics.com\/wp-content\/uploads\/2025\/07\/Hardline-1-8x28-1.jpg","type":"image\/jpeg"}],"twitter_card":"summary_large_image","twitter_misc":{"Prix":"&#36;369.99","Disponibilit\u00e9":"En stock"},"schema":{"@context":"https:\/\/schema.org","@graph":[{"@type":"WebPage","@id":"https:\/\/hunter-optics.com\/product\/crimson-trace-hardline-1-8x28-34mm-mil\/","url":"https:\/\/hunter-optics.com\/product\/crimson-trace-hardline-1-8x28-34mm-mil\/","name":"Crimson Trace Hardline 1-8x28 34mm MIL - Hunter Optics","isPartOf":{"@id":"https:\/\/hunter-optics.com\/#website"},"primaryImageOfPage":{"@id":"https:\/\/hunter-optics.com\/product\/crimson-trace-hardline-1-8x28-34mm-mil\/#primaryimage"},"image":{"@id":"https:\/\/hunter-optics.com\/product\/crimson-trace-hardline-1-8x28-34mm-mil\/#primaryimage"},"thumbnailUrl":"https:\/\/hunter-optics.com\/wp-content\/uploads\/2025\/07\/Hardline-1-8x28-1.jpg","datePublished":"2025-07-24T10:02:21+00:00","dateModified":"2025-07-29T05:54:03+00:00","description":"L'optique Crimson Trace Hardline 1-8x28 34mm MIL Hardline Low Power Variable est d\u00e9lib\u00e9r\u00e9ment con\u00e7ue pour tout le monde, des professionnels de la tactique aux amateurs de plinkers.","breadcrumb":{"@id":"https:\/\/hunter-optics.com\/product\/crimson-trace-hardline-1-8x28-34mm-mil\/#breadcrumb"},"inLanguage":"fr-FR","potentialAction":[{"@type":"ReadAction","target":["https:\/\/hunter-optics.com\/product\/crimson-trace-hardline-1-8x28-34mm-mil\/"]}]},{"@type":"ImageObject","inLanguage":"fr-FR","@id":"https:\/\/hunter-optics.com\/product\/crimson-trace-hardline-1-8x28-34mm-mil\/#primaryimage","url":"https:\/\/hunter-optics.com\/wp-content\/uploads\/2025\/07\/Hardline-1-8x28-1.jpg","contentUrl":"https:\/\/hunter-optics.com\/wp-content\/uploads\/2025\/07\/Hardline-1-8x28-1.jpg","width":876,"height":876},{"@type":"BreadcrumbList","@id":"https:\/\/hunter-optics.com\/product\/crimson-trace-hardline-1-8x28-34mm-mil\/#breadcrumb","itemListElement":[{"@type":"ListItem","position":1,"name":"Home","item":"https:\/\/hunter-optics.com\/"},{"@type":"ListItem","position":2,"name":"Products","item":"https:\/\/hunter-optics.com\/shop\/"},{"@type":"ListItem","position":3,"name":"Crimson Trace Hardline 1-8&#215;28 34mm MIL"}]},{"@type":"WebSite","@id":"https:\/\/hunter-optics.com\/#website","url":"https:\/\/hunter-optics.com\/","name":"Optique Hunter","description":"Optique du chasseur - L'\u0153il sur la cible.","publisher":{"@id":"https:\/\/hunter-optics.com\/#organization"},"potentialAction":[{"@type":"SearchAction","target":{"@type":"EntryPoint","urlTemplate":"https:\/\/hunter-optics.com\/?s={search_term_string}"},"query-input":{"@type":"PropertyValueSpecification","valueRequired":true,"valueName":"search_term_string"}}],"inLanguage":"fr-FR"},{"@type":"Organization","@id":"https:\/\/hunter-optics.com\/#organization","name":"Optique Hunter","url":"https:\/\/hunter-optics.com\/","logo":{"@type":"ImageObject","inLanguage":"fr-FR","@id":"https:\/\/hunter-optics.com\/#\/schema\/logo\/image\/","url":"https:\/\/hunter-optics.com\/wp-content\/uploads\/2025\/06\/hunter-optics-logo-1.png","contentUrl":"https:\/\/hunter-optics.com\/wp-content\/uploads\/2025\/06\/hunter-optics-logo-1.png","width":937,"height":373,"caption":"Hunter Optics"},"image":{"@id":"https:\/\/hunter-optics.com\/#\/schema\/logo\/image\/"}}]},"product_brand":"Crimson Trace","product_price_amount":"369.99","product_price_currency":"USD","og_availability":"instock","product_availability":"instock","product_condition":"new"},"_links":{"self":[{"href":"https:\/\/hunter-optics.com\/fr\/wp-json\/wp\/v2\/product\/1434","targetHints":{"allow":["GET"]}}],"collection":[{"href":"https:\/\/hunter-optics.com\/fr\/wp-json\/wp\/v2\/product"}],"about":[{"href":"https:\/\/hunter-optics.com\/fr\/wp-json\/wp\/v2\/types\/product"}],"replies":[{"embeddable":true,"href":"https:\/\/hunter-optics.com\/fr\/wp-json\/wp\/v2\/comments?post=1434"}],"version-history":[{"count":3,"href":"https:\/\/hunter-optics.com\/fr\/wp-json\/wp\/v2\/product\/1434\/revisions"}],"predecessor-version":[{"id":1479,"href":"https:\/\/hunter-optics.com\/fr\/wp-json\/wp\/v2\/product\/1434\/revisions\/1479"}],"wp:featuredmedia":[{"embeddable":true,"href":"https:\/\/hunter-optics.com\/fr\/wp-json\/wp\/v2\/media\/1435"}],"wp:attachment":[{"href":"https:\/\/hunter-optics.com\/fr\/wp-json\/wp\/v2\/media?parent=1434"}],"wp:term":[{"taxonomy":"brand","embeddable":true,"href":"https:\/\/hunter-optics.com\/fr\/wp-json\/wp\/v2\/etheme_brands?post=1434"},{"taxonomy":"product_brand","embeddable":true,"href":"https:\/\/hunter-optics.com\/fr\/wp-json\/wp\/v2\/product_brand?post=1434"},{"taxonomy":"product_cat","embeddable":true,"href":"https:\/\/hunter-optics.com\/fr\/wp-json\/wp\/v2\/product_cat?post=1434"},{"taxonomy":"product_tag","embeddable":true,"href":"https:\/\/hunter-optics.com\/fr\/wp-json\/wp\/v2\/product_tag?post=1434"}],"curies":[{"name":"wp","href":"https:\/\/api.w.org\/{rel}","templated":true}]}}