{"id":1422,"date":"2025-07-24T09:34:26","date_gmt":"2025-07-24T09:34:26","guid":{"rendered":"https:\/\/hunter-optics.com\/?post_type=product&#038;p=1422"},"modified":"2025-07-24T09:34:27","modified_gmt":"2025-07-24T09:34:27","slug":"riton-5-conquer-5-25x56","status":"publish","type":"product","link":"https:\/\/hunter-optics.com\/fr\/produit\/riton-5-conquer-5-25x56\/","title":{"rendered":"Riton 5 Conquer 5-25\u00d756"},"content":{"rendered":"<div id=\"brxe-hqsamv\" class=\"brxe-text-basic tir-video__subtitle\">Riton 5 Conquer 5-25\u00d756<\/div>\n<div id=\"brxe-uenhta\" class=\"brxe-text prod-video__txt\">\n<p><strong>LA CLART\u00c9 EST IMPORTANTE<\/strong><\/p>\n<p>Voir sa cible et bien la voir sont deux choses diff\u00e9rentes. Avec la s\u00e9rie 5, vous ferez les deux sans faute. Le verre HD est con\u00e7u pour vous permettre de voir clairement votre cible afin que vous puissiez avoir des impacts \u00e0 distance, encore et encore.<\/p>\n<div id=\"brxe-pogdbu\" class=\"brxe-container prod-colmns\">\n<div id=\"brxe-ywglqp\" class=\"brxe-text prod-column__txt\">\n<p><strong>MAXIMISER LA PR\u00c9CISION<\/strong><\/p>\n<p>Dans le domaine du tir de pr\u00e9cision, il est essentiel de disposer d'un grand nombre de r\u00e9glages, et c'est ce que la ligne 5 Conquer de Riton offre. Construite sur un tube de 34 millim\u00e8tres, elle ne laisse pas seulement entrer une quantit\u00e9 massive de lumi\u00e8re pour une image claire, mais elle vous donne aussi le r\u00e9glage dont vous avez besoin pour pousser vos tirs \u00e0 des distances extr\u00eames.<\/p>\n<p><strong>R\u00c9TICULES DE SECONDE NATURE<\/strong><\/p>\n<p>Les deux options de grossissement de la ligne 5 Conquer offrent des mod\u00e8les MIL ou MOA, avec des r\u00e9ticules con\u00e7us \u00e0 cet effet. Gr\u00e2ce \u00e0 l'apport de tireurs \u00e0 longue distance comp\u00e9titifs et accomplis, les r\u00e9ticules MOR (MOA) et PSR (MRAD) offrent la fonctionnalit\u00e9 que les tireurs s\u00e9rieux exigent, sans un tas de bruits dont ils ne veulent pas. De plus, les r\u00e9ticules 5 Conquer sont grav\u00e9s sur verre et \u00e9clair\u00e9s pour maximiser la visibilit\u00e9.<\/p>\n<p><strong>ZEROED IN<\/strong><\/p>\n<p><strong>5 Conquer 5-25\u00d756<\/strong> sont \u00e9quip\u00e9es de tourelles Riton R5 Zero Stop. Fabriqu\u00e9es en acier inoxydable, ces tourelles garantissent la coh\u00e9rence de chaque r\u00e9glage et la tranquillit\u00e9 d'esprit qu'elles dureront toute une vie, m\u00eame apr\u00e8s des milliers d'ajustements. Les tourelles R5 Zero Stop sont dot\u00e9es d'une but\u00e9e en fer \u00e0 cheval qui peut \u00eatre engag\u00e9e ou d\u00e9sengag\u00e9e rapidement et facilement, ce qui rend le r\u00e9glage de la distance plus facile que jamais.<\/p>\n<div id=\"brxe-pzrzqi\" class=\"brxe-block prod-ret-info\">\n<h3 id=\"brxe-ztlivr\" class=\"brxe-heading prod-tabs__title\">Information sur le r\u00e9ticule :<\/h3>\n<p id=\"brxe-grjall\" class=\"brxe-text-basic prod-reticle-name\">RETICLE : BAS \/ PSR<\/p>\n<div id=\"brxe-rkyybx\" class=\"brxe-text-basic prod-ret__txt\">\n<p>Le <strong>R\u00e9ticule PSR<\/strong> est con\u00e7u pour les tireurs s\u00e9rieux \u00e0 longue distance, avec des marquages nets de la direction du vent et de l'\u00e9l\u00e9vation. Ses rep\u00e8res pr\u00e9cis et ses points d'appui permettent des ajustements rapides, pour une pr\u00e9cision et une confiance exceptionnelles \u00e0 toutes les distances.<\/p>\n<p>Le <strong>R\u00e9ticule BAS<\/strong> est destin\u00e9 aux tireurs \u00e0 longue distance, avec un arbre de No\u00ebl condens\u00e9 pour la direction du vent qui simplifie les r\u00e9glages de la crosse. Cette conception permet aux tireurs de compenser rapidement et pr\u00e9cis\u00e9ment le vent, am\u00e9liorant ainsi la pr\u00e9cision et la confiance \u00e0 de longues distances.<\/p>\n<div id=\"brxe-abuzoo\" class=\"brxe-block x-tabs_panel x-tabs_panel-current\" tabindex=\"0\" role=\"tabpanel\" aria-labelledby=\"brxe-amrphz\">\n<div id=\"brxe-ohplhw\" class=\"brxe-block x-tabs_panel-content\">\n<h3 id=\"brxe-qcmket\" class=\"brxe-heading prod-tabs__title\">Caract\u00e9ristiques principales :<\/h3>\n<div id=\"brxe-pnyzeh\" class=\"brxe-block prod-tab-feature\">\n<div class=\"brxe-xfsvub brxe-block prod-tab-key-loop\"><img loading=\"lazy\" decoding=\"async\" class=\"brxe-rtihxw brxe-image prod-feature__icon css-filter size-full\" src=\"https:\/\/ritonoptics.com\/wp-content\/uploads\/dry-argon-purged-and-sealed-1.png\" alt=\"\" width=\"72\" height=\"74\" \/><\/p>\n<div class=\"brxe-anynyj brxe-div\">\n<p class=\"brxe-abizyp brxe-text-basic prod-feature__title\">Argon sec purg\u00e9 et scell\u00e9<\/p>\n<p class=\"brxe-lprtvs brxe-text-basic prod-feature__txt\">Utilisant du gaz Argon, l'optique est purg\u00e9e et scell\u00e9e pour garantir des performances sup\u00e9rieures dans toutes les conditions m\u00e9t\u00e9orologiques pendant toute la dur\u00e9e de vie du...<\/p>\n<\/div>\n<\/div>\n<div class=\"brxe-xfsvub brxe-block prod-tab-key-loop\"><img loading=\"lazy\" decoding=\"async\" class=\"brxe-rtihxw brxe-image prod-feature__icon css-filter size-full\" src=\"https:\/\/ritonoptics.com\/wp-content\/uploads\/precision-quality-1.png\" alt=\"\" width=\"72\" height=\"74\" \/><\/p>\n<div class=\"brxe-anynyj brxe-div\">\n<p class=\"brxe-abizyp brxe-text-basic prod-feature__title\">Assurance qualit\u00e9 de pr\u00e9cision<\/p>\n<p class=\"brxe-lprtvs brxe-text-basic prod-feature__txt\">Chaque produit Riton est soumis \u00e0 un processus rigoureux de contr\u00f4le de la qualit\u00e9 par des techniciens certifi\u00e9s \u00e0 Tucson, AZ. Chaque produit que vous recevez a subi...<\/p>\n<\/div>\n<\/div>\n<div class=\"brxe-xfsvub brxe-block prod-tab-key-loop\"><img loading=\"lazy\" decoding=\"async\" class=\"brxe-rtihxw brxe-image prod-feature__icon css-filter size-full\" src=\"https:\/\/ritonoptics.com\/wp-content\/uploads\/advanced-turret-1.png\" alt=\"\" width=\"72\" height=\"74\" \/><\/p>\n<div class=\"brxe-anynyj brxe-div\">\n<p class=\"brxe-abizyp brxe-text-basic prod-feature__title\">Syst\u00e8me de tourelle avanc\u00e9 Riton<\/p>\n<p class=\"brxe-lprtvs brxe-text-basic prod-feature__txt\">Le syst\u00e8me de tourelle avanc\u00e9 de Riton incorpore les tourelles d'arr\u00eat z\u00e9ro de Riton sous l'une de ses formes multiples, garantissant un suivi et une pr\u00e9cision r\u00e9p\u00e9tables.<\/p>\n<\/div>\n<\/div>\n<div class=\"brxe-xfsvub brxe-block prod-tab-key-loop\"><img loading=\"lazy\" decoding=\"async\" class=\"brxe-rtihxw brxe-image prod-feature__icon css-filter size-full\" src=\"https:\/\/ritonoptics.com\/wp-content\/uploads\/ed-glass-1.png\" alt=\"\" width=\"72\" height=\"74\" \/><\/p>\n<div class=\"brxe-anynyj brxe-div\">\n<p class=\"brxe-abizyp brxe-text-basic prod-feature__title\">Verre Riton HD\/ED<\/p>\n<p class=\"brxe-lprtvs brxe-text-basic prod-feature__txt\">Le verre haute densit\u00e9 (HD)\/extra dispersion (ED) de Riton offre une transmission de la lumi\u00e8re de 99,5% avec une dispersion tr\u00e8s faible pour un spectre de couleurs am\u00e9lior\u00e9...<\/p>\n<\/div>\n<\/div>\n<div class=\"brxe-xfsvub brxe-block prod-tab-key-loop\"><img loading=\"lazy\" decoding=\"async\" class=\"brxe-rtihxw brxe-image prod-feature__icon css-filter size-full\" src=\"https:\/\/ritonoptics.com\/wp-content\/uploads\/performance-coating-1.png\" alt=\"\" width=\"72\" height=\"74\" \/><\/p>\n<div class=\"brxe-anynyj brxe-div\">\n<p class=\"brxe-abizyp brxe-text-basic prod-feature__title\">Riton Performance Coating<\/p>\n<p class=\"brxe-lprtvs brxe-text-basic prod-feature__txt\">Incorporant des lentilles exclusives \u00e0 traitement multiple, toutes les optiques Riton sont dot\u00e9es d'un traitement antireflet et anti-rayures, d'une bande large compl\u00e8te et d'une am\u00e9lioration de la luminosit\u00e9 pour...<\/p>\n<\/div>\n<\/div>\n<div class=\"brxe-xfsvub brxe-block prod-tab-key-loop\"><img loading=\"lazy\" decoding=\"async\" class=\"brxe-rtihxw brxe-image prod-feature__icon css-filter size-full\" src=\"https:\/\/ritonoptics.com\/wp-content\/uploads\/rugged-construction-1.png\" alt=\"\" width=\"72\" height=\"74\" \/><\/p>\n<div class=\"brxe-anynyj brxe-div\">\n<p class=\"brxe-abizyp brxe-text-basic prod-feature__title\">Construction robuste Riton<\/p>\n<p class=\"brxe-lprtvs brxe-text-basic prod-feature__txt\">La construction robuste de Riton incorpore l'utilisation d'aluminium de qualit\u00e9 a\u00e9ronautique 6061-T6, de tubes monoblocs usin\u00e9s CNC et d'une anodisation \u00e0 couche dure de type III....<\/p>\n<\/div>\n<\/div>\n<div class=\"brxe-xfsvub brxe-block prod-tab-key-loop\"><img loading=\"lazy\" decoding=\"async\" class=\"brxe-rtihxw brxe-image prod-feature__icon css-filter size-full\" src=\"https:\/\/ritonoptics.com\/wp-content\/uploads\/airgun-approved-1.png\" alt=\"\" width=\"72\" height=\"74\" \/><\/p>\n<div class=\"brxe-anynyj brxe-div\">\n<p class=\"brxe-abizyp brxe-text-basic prod-feature__title\">Approuv\u00e9 pour les armes \u00e0 air comprim\u00e9<\/p>\n<p class=\"brxe-lprtvs brxe-text-basic prod-feature__txt\">Les lunettes de vis\u00e9e Riton sont tr\u00e8s appr\u00e9ci\u00e9es et adapt\u00e9es \u00e0 l'utilisation d'armes \u00e0 air comprim\u00e9, offrant une grande durabilit\u00e9 et une excellente clart\u00e9 optique. Con\u00e7ues pour r\u00e9sister au recul unique...<\/p>\n<div id=\"brxe-gtdyre\" class=\"brxe-block x-tabs_panel x-tabs_panel-current\" tabindex=\"0\" role=\"tabpanel\" aria-labelledby=\"brxe-yxbhdb\">\n<div id=\"brxe-eknisj\" class=\"brxe-block x-tabs_panel-content\">\n<h3 id=\"brxe-qzyxzy\" class=\"brxe-heading prod-tabs__title\">Sp\u00e9cifications compl\u00e8tes :<\/h3>\n<div class=\"brxe-zlpnap brxe-block prod-tab-spec-loop\">\n<p class=\"brxe-ibnnrs brxe-text-basic tab-spec__value\">Grossissement : 5-25<\/p>\n<\/div>\n<div class=\"brxe-zlpnap brxe-block prod-tab-spec-loop\">\n<p class=\"brxe-ibnnrs brxe-text-basic tab-spec__value\">Ajustement de la parallaxe:20 - Infini<\/p>\n<\/div>\n<div class=\"brxe-zlpnap brxe-block prod-tab-spec-loop\">\n<p class=\"brxe-ibnnrs brxe-text-basic tab-spec__value\">Diam\u00e8tre du tube : 34 mm<\/p>\n<\/div>\n<div class=\"brxe-zlpnap brxe-block prod-tab-spec-loop\">\n<p class=\"brxe-ibnnrs brxe-text-basic tab-spec__value\">Diam\u00e8tre de l'objectif : 56 mm<\/p>\n<\/div>\n<div class=\"brxe-zlpnap brxe-block prod-tab-spec-loop\">\n<p class=\"brxe-ibnnrs brxe-text-basic tab-spec__value\">Plan focal : Premier plan focal<\/p>\n<\/div>\n<div class=\"brxe-zlpnap brxe-block prod-tab-spec-loop\">\n<p class=\"brxe-ibnnrs brxe-text-basic tab-spec__value\">Traitement de l'objectif : enti\u00e8rement multicouche, bande large, traitement \u00e9tanche, am\u00e9lioration de la luminosit\u00e9.<\/p>\n<\/div>\n<div class=\"brxe-zlpnap brxe-block prod-tab-spec-loop\">\n<p class=\"brxe-ibnnrs brxe-text-basic tab-spec__value\">R\u00e9ticule:BAS (MOA) \/ PSR (MRAD), illumin\u00e9<\/p>\n<\/div>\n<div class=\"brxe-zlpnap brxe-block prod-tab-spec-loop\">\n<p class=\"brxe-ibnnrs brxe-text-basic tab-spec__value\">Champ de vision \u00e0 100 m\u00e8tres:22.5ft - 4.5ft<\/p>\n<\/div>\n<div class=\"brxe-zlpnap brxe-block prod-tab-spec-loop\">\n<p class=\"brxe-ibnnrs brxe-text-basic tab-spec__value\">Mat\u00e9riau : 6061-T6<\/p>\n<\/div>\n<div class=\"brxe-zlpnap brxe-block prod-tab-spec-loop\">\n<p class=\"brxe-ibnnrs brxe-text-basic tab-spec__value\">Relief oculaire : 3.5in\/90mm<\/p>\n<\/div>\n<div class=\"brxe-zlpnap brxe-block prod-tab-spec-loop\">\n<p class=\"brxe-ibnnrs brxe-text-basic tab-spec__value\">Pupille de sortie : basse 10,2 mm - haute 2,2 mm<\/p>\n<\/div>\n<div class=\"brxe-zlpnap brxe-block prod-tab-spec-loop\">\n<p class=\"brxe-ibnnrs brxe-text-basic tab-spec__value\">Valeur de clic \u00e0 100 m\u00e8tres : 1\/4 MOA ou 1\/10\u00e8me MRAD<\/p>\n<\/div>\n<div class=\"brxe-zlpnap brxe-block prod-tab-spec-loop\">\n<p class=\"brxe-ibnnrs brxe-text-basic tab-spec__value\">Plage de r\u00e9glage : 90 MOA ou 26 MRAD<\/p>\n<\/div>\n<div class=\"brxe-zlpnap brxe-block prod-tab-spec-loop\">\n<p class=\"brxe-ibnnrs brxe-text-basic tab-spec__value\">Longueur de montage : 7,37 pouces\/187 mm<\/p>\n<\/div>\n<div class=\"brxe-zlpnap brxe-block prod-tab-spec-loop\">\n<p class=\"brxe-ibnnrs brxe-text-basic tab-spec__value\">Longueur : 15,35 pouces\/390 mm<\/p>\n<\/div>\n<div class=\"brxe-zlpnap brxe-block prod-tab-spec-loop\">\n<p class=\"brxe-ibnnrs brxe-text-basic tab-spec__value\">Poids : 2.3lbs\/36.8oz<\/p>\n<\/div>\n<div class=\"brxe-zlpnap brxe-block prod-tab-spec-loop\">\n<p class=\"brxe-ibnnrs brxe-text-basic tab-spec__value\">Pile : CR2032<\/p>\n<\/div>\n<div class=\"brxe-zlpnap brxe-block prod-tab-spec-loop\">\n<p class=\"brxe-ibnnrs brxe-text-basic tab-spec__value\">Accessoires inclus : Cache-objectif rabattable, chiffon pour objectif, cl\u00e9 Allen<\/p>\n<\/div>\n<\/div>\n<\/div>\n<\/div>\n<\/div>\n<\/div>\n<\/div>\n<\/div>\n<\/div>\n<\/div>\n<\/div>\n<\/div>\n<\/div>","protected":false},"excerpt":{"rendered":"<p>Le <strong>5 Conquer 5-25\u00d756<\/strong> de Riton Optics vous offre les outils optiques n\u00e9cessaires pour tirer \u00e0 longue distance comme si c'\u00e9tait une partie de plaisir dans le jardin. Avec des r\u00e9ticules intuitifs, un verre HD\/ED, une large plage de r\u00e9glage et le syst\u00e8me de levier \u00e0 double jet en instance de brevet, le tout dans un ch\u00e2ssis de 34 millim\u00e8tres, ces optiques vous feront penser que les d\u00e9fis du tir \u00e0 longue distance n'ont jamais exist\u00e9.<\/p>","protected":false},"featured_media":1423,"comment_status":"open","ping_status":"closed","template":"","meta":[],"etheme_brands":[{"term_id":44,"name":"Riton","slug":"riton","term_group":0,"term_taxonomy_id":44,"taxonomy":"brand","description":"","parent":0,"count":18,"filter":"raw"}],"product_brand":[],"product_cat":[49],"product_tag":[],"class_list":{"0":"post-1422","1":"product","2":"type-product","3":"status-publish","4":"has-post-thumbnail","6":"brand-riton","7":"product_cat-rifle-scopes","9":"first","10":"outofstock","11":"sale","12":"taxable","13":"shipping-taxable","14":"purchasable","15":"product-type-variable"},"yoast_head":"<!-- This site is optimized with the Yoast SEO Premium plugin v25.7.1 (Yoast SEO v27.4) - https:\/\/yoast.com\/product\/yoast-seo-premium-wordpress\/ -->\n<title>Riton 5 Conquer 5-25\u00d756 - Hunter Optics<\/title>\n<meta name=\"description\" content=\"The 5 Conquer 5-25\u00d756 from Riton Optics provides you with the optical tools to shoot long distances as if it were like plinking in the backyard.\" \/>\n<meta name=\"robots\" content=\"index, follow, max-snippet:-1, max-image-preview:large, max-video-preview:-1\" \/>\n<link rel=\"canonical\" href=\"https:\/\/hunter-optics.com\/fr\/produit\/riton-5-conquer-5-25x56\/\" \/>\n<meta property=\"og:locale\" content=\"fr_FR\" \/>\n<meta property=\"og:type\" content=\"article\" \/>\n<meta property=\"og:title\" content=\"Riton 5 Conquer 5-25\u00d756\" \/>\n<meta property=\"og:description\" content=\"The 5 Conquer 5-25\u00d756 from Riton Optics provides you with the optical tools to shoot long distances as if it were like plinking in the backyard.\" \/>\n<meta property=\"og:url\" content=\"https:\/\/hunter-optics.com\/fr\/produit\/riton-5-conquer-5-25x56\/\" \/>\n<meta property=\"og:site_name\" content=\"Hunter Optics\" \/>\n<meta property=\"article:modified_time\" content=\"2025-07-24T09:34:27+00:00\" \/>\n<meta property=\"og:image\" content=\"https:\/\/hunter-optics.com\/wp-content\/uploads\/2025\/07\/5-Conquer-5-25x56-MOA-Angled.webp\" \/>\n\t<meta property=\"og:image:width\" content=\"876\" \/>\n\t<meta property=\"og:image:height\" content=\"876\" \/>\n\t<meta property=\"og:image:type\" content=\"image\/webp\" \/>\n<meta name=\"twitter:card\" content=\"summary_large_image\" \/>\n<meta name=\"twitter:label1\" content=\"Disponibilit\u00e9\" \/>\n\t<meta name=\"twitter:data1\" content=\"Rupture de stock\" \/>\n<script type=\"application\/ld+json\" class=\"yoast-schema-graph\">{\"@context\":\"https:\\\/\\\/schema.org\",\"@graph\":[{\"@type\":\"WebPage\",\"@id\":\"https:\\\/\\\/hunter-optics.com\\\/product\\\/riton-5-conquer-5-25x56\\\/\",\"url\":\"https:\\\/\\\/hunter-optics.com\\\/product\\\/riton-5-conquer-5-25x56\\\/\",\"name\":\"Riton 5 Conquer 5-25\u00d756 - Hunter Optics\",\"isPartOf\":{\"@id\":\"https:\\\/\\\/hunter-optics.com\\\/#website\"},\"primaryImageOfPage\":{\"@id\":\"https:\\\/\\\/hunter-optics.com\\\/product\\\/riton-5-conquer-5-25x56\\\/#primaryimage\"},\"image\":{\"@id\":\"https:\\\/\\\/hunter-optics.com\\\/product\\\/riton-5-conquer-5-25x56\\\/#primaryimage\"},\"thumbnailUrl\":\"https:\\\/\\\/hunter-optics.com\\\/wp-content\\\/uploads\\\/2025\\\/07\\\/5-Conquer-5-25x56-MOA-Angled.webp\",\"datePublished\":\"2025-07-24T09:34:26+00:00\",\"dateModified\":\"2025-07-24T09:34:27+00:00\",\"description\":\"The 5 Conquer 5-25\u00d756 from Riton Optics provides you with the optical tools to shoot long distances as if it were like plinking in the backyard.\",\"breadcrumb\":{\"@id\":\"https:\\\/\\\/hunter-optics.com\\\/product\\\/riton-5-conquer-5-25x56\\\/#breadcrumb\"},\"inLanguage\":\"fr-FR\",\"potentialAction\":[{\"@type\":\"ReadAction\",\"target\":[\"https:\\\/\\\/hunter-optics.com\\\/product\\\/riton-5-conquer-5-25x56\\\/\"]}]},{\"@type\":\"ImageObject\",\"inLanguage\":\"fr-FR\",\"@id\":\"https:\\\/\\\/hunter-optics.com\\\/product\\\/riton-5-conquer-5-25x56\\\/#primaryimage\",\"url\":\"https:\\\/\\\/hunter-optics.com\\\/wp-content\\\/uploads\\\/2025\\\/07\\\/5-Conquer-5-25x56-MOA-Angled.webp\",\"contentUrl\":\"https:\\\/\\\/hunter-optics.com\\\/wp-content\\\/uploads\\\/2025\\\/07\\\/5-Conquer-5-25x56-MOA-Angled.webp\",\"width\":876,\"height\":876},{\"@type\":\"BreadcrumbList\",\"@id\":\"https:\\\/\\\/hunter-optics.com\\\/product\\\/riton-5-conquer-5-25x56\\\/#breadcrumb\",\"itemListElement\":[{\"@type\":\"ListItem\",\"position\":1,\"name\":\"Home\",\"item\":\"https:\\\/\\\/hunter-optics.com\\\/\"},{\"@type\":\"ListItem\",\"position\":2,\"name\":\"Products\",\"item\":\"https:\\\/\\\/hunter-optics.com\\\/shop\\\/\"},{\"@type\":\"ListItem\",\"position\":3,\"name\":\"Riton 5 Conquer 5-25\u00d756\"}]},{\"@type\":\"WebSite\",\"@id\":\"https:\\\/\\\/hunter-optics.com\\\/#website\",\"url\":\"https:\\\/\\\/hunter-optics.com\\\/\",\"name\":\"Hunter Optics\",\"description\":\"Hunter Optics \u2014 Your Eye on the Target.\",\"publisher\":{\"@id\":\"https:\\\/\\\/hunter-optics.com\\\/#organization\"},\"potentialAction\":[{\"@type\":\"SearchAction\",\"target\":{\"@type\":\"EntryPoint\",\"urlTemplate\":\"https:\\\/\\\/hunter-optics.com\\\/?s={search_term_string}\"},\"query-input\":{\"@type\":\"PropertyValueSpecification\",\"valueRequired\":true,\"valueName\":\"search_term_string\"}}],\"inLanguage\":\"fr-FR\"},{\"@type\":\"Organization\",\"@id\":\"https:\\\/\\\/hunter-optics.com\\\/#organization\",\"name\":\"Hunter Optics\",\"url\":\"https:\\\/\\\/hunter-optics.com\\\/\",\"logo\":{\"@type\":\"ImageObject\",\"inLanguage\":\"fr-FR\",\"@id\":\"https:\\\/\\\/hunter-optics.com\\\/#\\\/schema\\\/logo\\\/image\\\/\",\"url\":\"https:\\\/\\\/hunter-optics.com\\\/wp-content\\\/uploads\\\/2025\\\/06\\\/hunter-optics-logo-1.png\",\"contentUrl\":\"https:\\\/\\\/hunter-optics.com\\\/wp-content\\\/uploads\\\/2025\\\/06\\\/hunter-optics-logo-1.png\",\"width\":937,\"height\":373,\"caption\":\"Hunter Optics\"},\"image\":{\"@id\":\"https:\\\/\\\/hunter-optics.com\\\/#\\\/schema\\\/logo\\\/image\\\/\"}}]}<\/script>\n<meta property=\"product:brand\" content=\"Riton\" \/>\n<meta property=\"og:availability\" content=\"out of stock\" \/>\n<meta property=\"product:availability\" content=\"out of stock\" \/>\n<meta property=\"product:condition\" content=\"new\" \/>\n<!-- \/ Yoast SEO Premium plugin. -->","yoast_head_json":{"title":"Riton 5 Conquer 5-25\u00d756 - Hunter Optics","description":"La 5 Conquer 5-25\u00d756 de Riton Optics vous fournit les outils optiques pour tirer \u00e0 longue distance comme s'il s'agissait d'un tir dans le jardin.","robots":{"index":"index","follow":"follow","max-snippet":"max-snippet:-1","max-image-preview":"max-image-preview:large","max-video-preview":"max-video-preview:-1"},"canonical":"https:\/\/hunter-optics.com\/fr\/produit\/riton-5-conquer-5-25x56\/","og_locale":"fr_FR","og_type":"article","og_title":"Riton 5 Conquer 5-25\u00d756","og_description":"The 5 Conquer 5-25\u00d756 from Riton Optics provides you with the optical tools to shoot long distances as if it were like plinking in the backyard.","og_url":"https:\/\/hunter-optics.com\/fr\/produit\/riton-5-conquer-5-25x56\/","og_site_name":"Hunter Optics","article_modified_time":"2025-07-24T09:34:27+00:00","og_image":[{"width":876,"height":876,"url":"https:\/\/hunter-optics.com\/wp-content\/uploads\/2025\/07\/5-Conquer-5-25x56-MOA-Angled.webp","type":"image\/webp"}],"twitter_card":"summary_large_image","twitter_misc":{"Disponibilit\u00e9":"Rupture de stock"},"schema":{"@context":"https:\/\/schema.org","@graph":[{"@type":"WebPage","@id":"https:\/\/hunter-optics.com\/product\/riton-5-conquer-5-25x56\/","url":"https:\/\/hunter-optics.com\/product\/riton-5-conquer-5-25x56\/","name":"Riton 5 Conquer 5-25\u00d756 - Hunter Optics","isPartOf":{"@id":"https:\/\/hunter-optics.com\/#website"},"primaryImageOfPage":{"@id":"https:\/\/hunter-optics.com\/product\/riton-5-conquer-5-25x56\/#primaryimage"},"image":{"@id":"https:\/\/hunter-optics.com\/product\/riton-5-conquer-5-25x56\/#primaryimage"},"thumbnailUrl":"https:\/\/hunter-optics.com\/wp-content\/uploads\/2025\/07\/5-Conquer-5-25x56-MOA-Angled.webp","datePublished":"2025-07-24T09:34:26+00:00","dateModified":"2025-07-24T09:34:27+00:00","description":"La 5 Conquer 5-25\u00d756 de Riton Optics vous fournit les outils optiques pour tirer \u00e0 longue distance comme s'il s'agissait d'un tir dans le jardin.","breadcrumb":{"@id":"https:\/\/hunter-optics.com\/product\/riton-5-conquer-5-25x56\/#breadcrumb"},"inLanguage":"fr-FR","potentialAction":[{"@type":"ReadAction","target":["https:\/\/hunter-optics.com\/product\/riton-5-conquer-5-25x56\/"]}]},{"@type":"ImageObject","inLanguage":"fr-FR","@id":"https:\/\/hunter-optics.com\/product\/riton-5-conquer-5-25x56\/#primaryimage","url":"https:\/\/hunter-optics.com\/wp-content\/uploads\/2025\/07\/5-Conquer-5-25x56-MOA-Angled.webp","contentUrl":"https:\/\/hunter-optics.com\/wp-content\/uploads\/2025\/07\/5-Conquer-5-25x56-MOA-Angled.webp","width":876,"height":876},{"@type":"BreadcrumbList","@id":"https:\/\/hunter-optics.com\/product\/riton-5-conquer-5-25x56\/#breadcrumb","itemListElement":[{"@type":"ListItem","position":1,"name":"Home","item":"https:\/\/hunter-optics.com\/"},{"@type":"ListItem","position":2,"name":"Products","item":"https:\/\/hunter-optics.com\/shop\/"},{"@type":"ListItem","position":3,"name":"Riton 5 Conquer 5-25\u00d756"}]},{"@type":"WebSite","@id":"https:\/\/hunter-optics.com\/#website","url":"https:\/\/hunter-optics.com\/","name":"Optique Hunter","description":"Optique du chasseur - L'\u0153il sur la cible.","publisher":{"@id":"https:\/\/hunter-optics.com\/#organization"},"potentialAction":[{"@type":"SearchAction","target":{"@type":"EntryPoint","urlTemplate":"https:\/\/hunter-optics.com\/?s={search_term_string}"},"query-input":{"@type":"PropertyValueSpecification","valueRequired":true,"valueName":"search_term_string"}}],"inLanguage":"fr-FR"},{"@type":"Organization","@id":"https:\/\/hunter-optics.com\/#organization","name":"Optique Hunter","url":"https:\/\/hunter-optics.com\/","logo":{"@type":"ImageObject","inLanguage":"fr-FR","@id":"https:\/\/hunter-optics.com\/#\/schema\/logo\/image\/","url":"https:\/\/hunter-optics.com\/wp-content\/uploads\/2025\/06\/hunter-optics-logo-1.png","contentUrl":"https:\/\/hunter-optics.com\/wp-content\/uploads\/2025\/06\/hunter-optics-logo-1.png","width":937,"height":373,"caption":"Hunter Optics"},"image":{"@id":"https:\/\/hunter-optics.com\/#\/schema\/logo\/image\/"}}]},"product_brand":"Riton","og_availability":"out of stock","product_availability":"out of stock","product_condition":"new"},"_links":{"self":[{"href":"https:\/\/hunter-optics.com\/fr\/wp-json\/wp\/v2\/product\/1422","targetHints":{"allow":["GET"]}}],"collection":[{"href":"https:\/\/hunter-optics.com\/fr\/wp-json\/wp\/v2\/product"}],"about":[{"href":"https:\/\/hunter-optics.com\/fr\/wp-json\/wp\/v2\/types\/product"}],"replies":[{"embeddable":true,"href":"https:\/\/hunter-optics.com\/fr\/wp-json\/wp\/v2\/comments?post=1422"}],"version-history":[{"count":1,"href":"https:\/\/hunter-optics.com\/fr\/wp-json\/wp\/v2\/product\/1422\/revisions"}],"predecessor-version":[{"id":1433,"href":"https:\/\/hunter-optics.com\/fr\/wp-json\/wp\/v2\/product\/1422\/revisions\/1433"}],"wp:featuredmedia":[{"embeddable":true,"href":"https:\/\/hunter-optics.com\/fr\/wp-json\/wp\/v2\/media\/1423"}],"wp:attachment":[{"href":"https:\/\/hunter-optics.com\/fr\/wp-json\/wp\/v2\/media?parent=1422"}],"wp:term":[{"taxonomy":"brand","embeddable":true,"href":"https:\/\/hunter-optics.com\/fr\/wp-json\/wp\/v2\/etheme_brands?post=1422"},{"taxonomy":"product_brand","embeddable":true,"href":"https:\/\/hunter-optics.com\/fr\/wp-json\/wp\/v2\/product_brand?post=1422"},{"taxonomy":"product_cat","embeddable":true,"href":"https:\/\/hunter-optics.com\/fr\/wp-json\/wp\/v2\/product_cat?post=1422"},{"taxonomy":"product_tag","embeddable":true,"href":"https:\/\/hunter-optics.com\/fr\/wp-json\/wp\/v2\/product_tag?post=1422"}],"curies":[{"name":"wp","href":"https:\/\/api.w.org\/{rel}","templated":true}]}}