{"id":1412,"date":"2025-07-24T09:24:17","date_gmt":"2025-07-24T09:24:17","guid":{"rendered":"https:\/\/hunter-optics.com\/?post_type=product&#038;p=1412"},"modified":"2025-07-24T10:02:44","modified_gmt":"2025-07-24T10:02:44","slug":"riton-7-conquer-4-32x56","status":"publish","type":"product","link":"https:\/\/hunter-optics.com\/fr\/produit\/riton-7-conquer-4-32x56\/","title":{"rendered":"Riton 7 CONQUER 4-32\u00d756"},"content":{"rendered":"<div id=\"brxe-hqsamv\" class=\"brxe-text-basic tir-video__subtitle\">Riton 7 CONQUER 4-32\u00d756<\/div>\n<div id=\"brxe-uenhta\" class=\"brxe-text prod-video__txt\">\n<p><strong>VOIR CLAIREMENT<\/strong><\/p>\n<p>La s\u00e9rie 7 utilise du verre et des syst\u00e8mes optiques japonais, offrant des performances, une clart\u00e9 et une vision haut de gamme \u00e0 nos tireurs. Les composants optiques japonais sont depuis longtemps v\u00e9n\u00e9r\u00e9s pour leur qualit\u00e9 et recherch\u00e9s par ceux qui tirent \u00e0 des distances g\u00e9n\u00e9ralement r\u00e9serv\u00e9es aux \u00e9preuves d'athl\u00e9tisme. Les syst\u00e8mes optiques de la s\u00e9rie 7 offrent exactement ce dont ces tirs ont besoin.<\/p>\n<div id=\"brxe-pogdbu\" class=\"brxe-container prod-colmns\">\n<div id=\"brxe-ywglqp\" class=\"brxe-text prod-column__txt\">\n<p><strong>CONSTRUIT POUR DURER<\/strong><\/p>\n<p>La s\u00e9rie 7 de Riton est con\u00e7ue pour r\u00e9sister aux \u00e9l\u00e9ments, aux chocs et \u00e0 tout ce qui se passe entre les deux, tout en conservant sa pr\u00e9cision. Construit en aluminium 6061-T6 de qualit\u00e9 a\u00e9ronautique, le <strong>7 Conquer 4-32\u00d756<\/strong> La s\u00e9rie 7 a \u00e9t\u00e9 con\u00e7ue dans un souci de durabilit\u00e9 et pour r\u00e9sister \u00e0 toutes les conditions que vous pourriez rencontrer. Comme toutes les lunettes de vis\u00e9e Riton, la s\u00e9rie 7 est soumise \u00e0 des tests d'impact jusqu'\u00e0 1 200 G, elle est homologu\u00e9e pour les armes \u00e0 air comprim\u00e9 et elle b\u00e9n\u00e9ficie de la garantie limit\u00e9e \u00e0 vie de Riton. Quelle que soit votre application, la s\u00e9rie 7 de Riton est con\u00e7ue pour durer sans compromettre les performances.<\/p>\n<p><strong>RETOUR \u00c0 Z\u00c9RO<\/strong><\/p>\n<p>Le <strong>7 Conquer 4-32\u00d756<\/strong> a des tourelles d'arr\u00eat \u00e0 z\u00e9ro Riton R7, construites en acier inoxydable, qui assurent la coh\u00e9rence de vos r\u00e9glages et vous donnent la tranquillit\u00e9 d'esprit qu'elles dureront toute une vie, m\u00eame apr\u00e8s des milliers d'ajustements. Les tourelles d'arr\u00eat \u00e0 z\u00e9ro R7 sont faciles \u00e0 r\u00e9gler, de sorte qu'une fois la vis\u00e9e effectu\u00e9e, l'engagement de l'arr\u00eat \u00e0 z\u00e9ro ne demande que peu d'effort. Cela signifie qu'il est \u00e9galement facile de se d\u00e9placer dans la plage de r\u00e9glage pour effectuer des tirs plus longs.<\/p>\n<p><strong>S'ADAPTER \u00c0 L'ENVIRONNEMENT<\/strong><\/p>\n<p>L'\u00e9clairage peut \u00eatre une caract\u00e9ristique cruciale qui peut vous aider \u00e0 vous adapter \u00e0 votre environnement. La s\u00e9rie 7 de Riton est pr\u00e9par\u00e9e pour les situations environnementales que vous pouvez rencontrer. Avec 6 niveaux d'\u00e9clairage et un interrupteur entre chaque niveau, vous pouvez r\u00e9gler la position parfaite en fonction de vos besoins et changer de niveau \u00e0 la vol\u00e9e.<\/p>\n<p><strong>CHANGEMENTS RAPIDES DE GROSSISSEMENT DANS TOUTES LES CONDITIONS<\/strong><\/p>\n<p>La s\u00e9rie 7 est \u00e9quip\u00e9e du syst\u00e8me de double levier en instance de brevet de Riton, parfait pour les applications o\u00f9 vous devez changer rapidement de niveau de grossissement pour atteindre votre cible. Avec plusieurs emplacements pour positionner le levier de lancement et plusieurs hauteurs au choix, vous pouvez personnaliser votre configuration pour qu'elle corresponde \u00e0 votre fa\u00e7on de tirer. Peu importe que vous souhaitiez gagner du poids et garder un profil bas, ou que vous ayez besoin de pouvoir utiliser votre grossissement avec des mains gant\u00e9es ou dans des conditions glissantes ou humides, le Dual Throw Lever System offre le type de modularit\u00e9 et de personnalisation dont vous avez besoin.<\/p>\n<div id=\"brxe-pzrzqi\" class=\"brxe-block prod-ret-info\">\n<h3 id=\"brxe-ztlivr\" class=\"brxe-heading prod-tabs__title\">Information sur le r\u00e9ticule :<\/h3>\n<p id=\"brxe-grjall\" class=\"brxe-text-basic prod-reticle-name\">RETICLE : PSR(MRAD) \/ MOR(MOA)<\/p>\n<div id=\"brxe-rkyybx\" class=\"brxe-text-basic prod-ret__txt\">\n<p>Le <strong>R\u00e9ticule PSR<\/strong> est con\u00e7u pour les tireurs s\u00e9rieux \u00e0 longue distance, avec des marquages nets de la direction du vent et de l'\u00e9l\u00e9vation. Ses rep\u00e8res pr\u00e9cis et ses points d'appui permettent des ajustements rapides, pour une pr\u00e9cision et une confiance exceptionnelles \u00e0 toutes les distances.<\/p>\n<p>Le <strong>R\u00e9ticule MOR<\/strong> excelle dans les capacit\u00e9s de tir \u00e0 longue distance. Sa conception \u00e0 points et \u00e0 r\u00e9ticule assure une vis\u00e9e pr\u00e9cise, tandis que les cales de r\u00e9glage de la direction du vent permettent d'effectuer des ajustements pr\u00e9cis en fonction du vent, ce qui vous donne confiance \u00e0 chaque tir.<\/p>\n<div id=\"brxe-abuzoo\" class=\"brxe-block x-tabs_panel x-tabs_panel-current\" tabindex=\"0\" role=\"tabpanel\" aria-labelledby=\"brxe-amrphz\">\n<div id=\"brxe-ohplhw\" class=\"brxe-block x-tabs_panel-content\">\n<h3 id=\"brxe-qcmket\" class=\"brxe-heading prod-tabs__title\">Caract\u00e9ristiques principales :<\/h3>\n<div id=\"brxe-pnyzeh\" class=\"brxe-block prod-tab-feature\">\n<div class=\"brxe-xfsvub brxe-block prod-tab-key-loop\"><img loading=\"lazy\" decoding=\"async\" class=\"brxe-rtihxw brxe-image prod-feature__icon css-filter size-full\" src=\"https:\/\/ritonoptics.com\/wp-content\/uploads\/dry-argon-purged-and-sealed-1.png\" alt=\"\" width=\"72\" height=\"74\" \/><\/p>\n<div class=\"brxe-anynyj brxe-div\">\n<p class=\"brxe-abizyp brxe-text-basic prod-feature__title\">Argon sec purg\u00e9 et scell\u00e9<\/p>\n<p class=\"brxe-lprtvs brxe-text-basic prod-feature__txt\">Utilisant du gaz Argon, l'optique est purg\u00e9e et scell\u00e9e pour garantir des performances sup\u00e9rieures dans toutes les conditions m\u00e9t\u00e9orologiques pendant toute la dur\u00e9e de vie du...<\/p>\n<\/div>\n<\/div>\n<div class=\"brxe-xfsvub brxe-block prod-tab-key-loop\"><img loading=\"lazy\" decoding=\"async\" class=\"brxe-rtihxw brxe-image prod-feature__icon css-filter size-full\" src=\"https:\/\/ritonoptics.com\/wp-content\/uploads\/precision-quality-1.png\" alt=\"\" width=\"72\" height=\"74\" \/><\/p>\n<div class=\"brxe-anynyj brxe-div\">\n<p class=\"brxe-abizyp brxe-text-basic prod-feature__title\">Assurance qualit\u00e9 de pr\u00e9cision<\/p>\n<p class=\"brxe-lprtvs brxe-text-basic prod-feature__txt\">Chaque produit Riton est soumis \u00e0 un processus rigoureux de contr\u00f4le de la qualit\u00e9 par des techniciens certifi\u00e9s \u00e0 Tucson, AZ. Chaque produit que vous recevez a subi...<\/p>\n<\/div>\n<\/div>\n<div class=\"brxe-xfsvub brxe-block prod-tab-key-loop\"><img loading=\"lazy\" decoding=\"async\" class=\"brxe-rtihxw brxe-image prod-feature__icon css-filter size-full\" src=\"https:\/\/ritonoptics.com\/wp-content\/uploads\/advanced-turret-1.png\" alt=\"\" width=\"72\" height=\"74\" \/><\/p>\n<div class=\"brxe-anynyj brxe-div\">\n<p class=\"brxe-abizyp brxe-text-basic prod-feature__title\">Syst\u00e8me de tourelle avanc\u00e9 Riton<\/p>\n<p class=\"brxe-lprtvs brxe-text-basic prod-feature__txt\">Le syst\u00e8me de tourelle avanc\u00e9 de Riton incorpore les tourelles d'arr\u00eat z\u00e9ro de Riton sous l'une de ses formes multiples, garantissant un suivi et une pr\u00e9cision r\u00e9p\u00e9tables.<\/p>\n<\/div>\n<\/div>\n<div class=\"brxe-xfsvub brxe-block prod-tab-key-loop\"><img loading=\"lazy\" decoding=\"async\" class=\"brxe-rtihxw brxe-image prod-feature__icon css-filter size-full\" src=\"https:\/\/ritonoptics.com\/wp-content\/uploads\/ed-glass-1.png\" alt=\"\" width=\"72\" height=\"74\" \/><\/p>\n<div class=\"brxe-anynyj brxe-div\">\n<p class=\"brxe-abizyp brxe-text-basic prod-feature__title\">Verre Riton HD\/ED<\/p>\n<p class=\"brxe-lprtvs brxe-text-basic prod-feature__txt\">Le verre haute densit\u00e9 (HD)\/extra dispersion (ED) de Riton offre une transmission de la lumi\u00e8re de 99,5% avec une dispersion tr\u00e8s faible pour un spectre de couleurs am\u00e9lior\u00e9...<\/p>\n<\/div>\n<\/div>\n<div class=\"brxe-xfsvub brxe-block prod-tab-key-loop\"><img loading=\"lazy\" decoding=\"async\" class=\"brxe-rtihxw brxe-image prod-feature__icon css-filter size-full\" src=\"https:\/\/ritonoptics.com\/wp-content\/uploads\/performance-coating-1.png\" alt=\"\" width=\"72\" height=\"74\" \/><\/p>\n<div class=\"brxe-anynyj brxe-div\">\n<p class=\"brxe-abizyp brxe-text-basic prod-feature__title\">Riton Performance Coating<\/p>\n<p class=\"brxe-lprtvs brxe-text-basic prod-feature__txt\">Incorporant des lentilles exclusives \u00e0 traitement multiple, toutes les optiques Riton sont dot\u00e9es d'un traitement antireflet et anti-rayures, d'une bande large compl\u00e8te et d'une am\u00e9lioration de la luminosit\u00e9 pour...<\/p>\n<\/div>\n<\/div>\n<div class=\"brxe-xfsvub brxe-block prod-tab-key-loop\"><img loading=\"lazy\" decoding=\"async\" class=\"brxe-rtihxw brxe-image prod-feature__icon css-filter size-full\" src=\"https:\/\/ritonoptics.com\/wp-content\/uploads\/rugged-construction-1.png\" alt=\"\" width=\"72\" height=\"74\" \/><\/p>\n<div class=\"brxe-anynyj brxe-div\">\n<p class=\"brxe-abizyp brxe-text-basic prod-feature__title\">Construction robuste Riton<\/p>\n<p class=\"brxe-lprtvs brxe-text-basic prod-feature__txt\">La construction robuste de Riton incorpore l'utilisation d'aluminium de qualit\u00e9 a\u00e9ronautique 6061-T6, de tubes monoblocs usin\u00e9s CNC et d'une anodisation \u00e0 couche dure de type III....<\/p>\n<\/div>\n<\/div>\n<div class=\"brxe-xfsvub brxe-block prod-tab-key-loop\"><img loading=\"lazy\" decoding=\"async\" class=\"brxe-rtihxw brxe-image prod-feature__icon css-filter size-full\" src=\"https:\/\/ritonoptics.com\/wp-content\/uploads\/airgun-approved-1.png\" alt=\"\" width=\"72\" height=\"74\" \/><\/p>\n<div class=\"brxe-anynyj brxe-div\">\n<p class=\"brxe-abizyp brxe-text-basic prod-feature__title\">Approuv\u00e9 pour les armes \u00e0 air comprim\u00e9<\/p>\n<p class=\"brxe-lprtvs brxe-text-basic prod-feature__txt\">Les lunettes de vis\u00e9e Riton sont tr\u00e8s appr\u00e9ci\u00e9es et adapt\u00e9es \u00e0 l'utilisation d'armes \u00e0 air comprim\u00e9, offrant une grande durabilit\u00e9 et une excellente clart\u00e9 optique. Con\u00e7ues pour r\u00e9sister au recul unique...<\/p>\n<div id=\"brxe-gtdyre\" class=\"brxe-block x-tabs_panel x-tabs_panel-current\" tabindex=\"0\" role=\"tabpanel\" aria-labelledby=\"brxe-yxbhdb\">\n<div id=\"brxe-eknisj\" class=\"brxe-block x-tabs_panel-content\">\n<h3 id=\"brxe-qzyxzy\" class=\"brxe-heading prod-tabs__title\">Sp\u00e9cifications compl\u00e8tes :<\/h3>\n<div class=\"brxe-zlpnap brxe-block prod-tab-spec-loop\">\n<p class=\"brxe-ibnnrs brxe-text-basic tab-spec__value\">Grossissement : 4-32<\/p>\n<\/div>\n<div class=\"brxe-zlpnap brxe-block prod-tab-spec-loop\">\n<p class=\"brxe-ibnnrs brxe-text-basic tab-spec__value\">R\u00e9glage de la parallaxe : 20 - infini<\/p>\n<\/div>\n<div class=\"brxe-zlpnap brxe-block prod-tab-spec-loop\">\n<p class=\"brxe-ibnnrs brxe-text-basic tab-spec__value\">Diam\u00e8tre du tube : 34 mm<\/p>\n<\/div>\n<div class=\"brxe-zlpnap brxe-block prod-tab-spec-loop\">\n<p class=\"brxe-ibnnrs brxe-text-basic tab-spec__value\">Diam\u00e8tre de l'objectif : 56 mm<\/p>\n<\/div>\n<div class=\"brxe-zlpnap brxe-block prod-tab-spec-loop\">\n<p class=\"brxe-ibnnrs brxe-text-basic tab-spec__value\">Plan focal : Premier plan focal<\/p>\n<\/div>\n<div class=\"brxe-zlpnap brxe-block prod-tab-spec-loop\">\n<p class=\"brxe-ibnnrs brxe-text-basic tab-spec__value\">Traitement de l'objectif : enti\u00e8rement multicouche, bande large, traitement \u00e9tanche, am\u00e9lioration de la luminosit\u00e9.<\/p>\n<\/div>\n<div class=\"brxe-zlpnap brxe-block prod-tab-spec-loop\">\n<p class=\"brxe-ibnnrs brxe-text-basic tab-spec__value\">R\u00e9ticule:PSR(MRAD), illumin\u00e9 \/ MOR(MOA), illumin\u00e9<\/p>\n<\/div>\n<div class=\"brxe-zlpnap brxe-block prod-tab-spec-loop\">\n<p class=\"brxe-ibnnrs brxe-text-basic tab-spec__value\">Champ de vision \u00e0 100 m\u00e8tres:27ft - 3.4ft<\/p>\n<\/div>\n<div class=\"brxe-zlpnap brxe-block prod-tab-spec-loop\">\n<p class=\"brxe-ibnnrs brxe-text-basic tab-spec__value\">Mat\u00e9riau : 6061-T6<\/p>\n<\/div>\n<div class=\"brxe-zlpnap brxe-block prod-tab-spec-loop\">\n<p class=\"brxe-ibnnrs brxe-text-basic tab-spec__value\">Relief oculaire : 3.5in\/90mm<\/p>\n<\/div>\n<div class=\"brxe-zlpnap brxe-block prod-tab-spec-loop\">\n<p class=\"brxe-ibnnrs brxe-text-basic tab-spec__value\">Pupille de sortie : basse 7 mm - haute 1,6 mm<\/p>\n<\/div>\n<div class=\"brxe-zlpnap brxe-block prod-tab-spec-loop\">\n<p class=\"brxe-ibnnrs brxe-text-basic tab-spec__value\">Valeur de clic \u00e0 100 m\u00e8tres : 1\/10e MRAD, 1\/4 MOA<\/p>\n<\/div>\n<div class=\"brxe-zlpnap brxe-block prod-tab-spec-loop\">\n<p class=\"brxe-ibnnrs brxe-text-basic tab-spec__value\">Plage de r\u00e9glage : 32 MRAD, 110 MOA<\/p>\n<\/div>\n<div class=\"brxe-zlpnap brxe-block prod-tab-spec-loop\">\n<p class=\"brxe-ibnnrs brxe-text-basic tab-spec__value\">Longueur de montage : 7,37 pouces\/187 mm<\/p>\n<\/div>\n<div class=\"brxe-zlpnap brxe-block prod-tab-spec-loop\">\n<p class=\"brxe-ibnnrs brxe-text-basic tab-spec__value\">Longueur : 14,96 pouces\/380 mm<\/p>\n<\/div>\n<div class=\"brxe-zlpnap brxe-block prod-tab-spec-loop\">\n<p class=\"brxe-ibnnrs brxe-text-basic tab-spec__value\">Poids : 2.4lbs\/38.4oz<\/p>\n<\/div>\n<div class=\"brxe-zlpnap brxe-block prod-tab-spec-loop\">\n<p class=\"brxe-ibnnrs brxe-text-basic tab-spec__value\">Accessoires inclus : Cache-objectif rabattable, chiffon pour objectif, cl\u00e9 Allen<\/p>\n<\/div>\n<\/div>\n<\/div>\n<\/div>\n<\/div>\n<\/div>\n<\/div>\n<\/div>\n<\/div>\n<\/div>\n<\/div>\n<\/div>\n<\/div>","protected":false},"excerpt":{"rendered":"<p>L'optique Riton <strong>7 Conquer 4-32\u00d756<\/strong> Riton propose une lunette de vis\u00e9e longue port\u00e9e incroyablement performante, offrant plusieurs gammes de grossissement et des r\u00e9ticules intuitifs con\u00e7us par des tireurs pour des tireurs. La famille de lunettes de vis\u00e9e 7 Conquer de Riton met le verre et les syst\u00e8mes optiques japonais \u00e0 la disposition des tireurs \u00e0 un prix que peu d'entre eux croient possible. Associant des r\u00e9ticules cr\u00e9atifs et des conceptions de tourelles \u00e0 remise \u00e0 z\u00e9ro avec des syst\u00e8mes optiques japonais de renomm\u00e9e mondiale, la gamme de lunettes de vis\u00e9e 7 Conquer de Riton est votre solution pour votre fusil \u00e0 longue port\u00e9e.<\/p>","protected":false},"featured_media":1413,"comment_status":"open","ping_status":"closed","template":"","meta":[],"etheme_brands":[{"term_id":44,"name":"Riton","slug":"riton","term_group":0,"term_taxonomy_id":44,"taxonomy":"brand","description":"","parent":0,"count":18,"filter":"raw"}],"product_brand":[],"product_cat":[49],"product_tag":[],"class_list":{"0":"post-1412","1":"product","2":"type-product","3":"status-publish","4":"has-post-thumbnail","6":"brand-riton","7":"product_cat-rifle-scopes","9":"first","10":"instock","11":"sale","12":"taxable","13":"shipping-taxable","14":"purchasable","15":"product-type-variable"},"yoast_head":"<!-- This site is optimized with the Yoast SEO Premium plugin v25.7.1 (Yoast SEO v27.4) - https:\/\/yoast.com\/product\/yoast-seo-premium-wordpress\/ -->\n<title>Riton 7 CONQUER 4-32\u00d756 - Hunter Optics<\/title>\n<meta name=\"description\" content=\"The Riton Optics 7 Conquer 4-32\u00d756 delivers an incredibly capable long-range scope, offering multiple magnification ranges and intuitive reticles made by shooters for shooters.\" \/>\n<meta name=\"robots\" content=\"index, follow, max-snippet:-1, max-image-preview:large, max-video-preview:-1\" \/>\n<link rel=\"canonical\" href=\"https:\/\/hunter-optics.com\/fr\/produit\/riton-7-conquer-4-32x56\/\" \/>\n<meta property=\"og:locale\" content=\"fr_FR\" \/>\n<meta property=\"og:type\" content=\"article\" \/>\n<meta property=\"og:title\" content=\"Riton 7 CONQUER 4-32\u00d756\" \/>\n<meta property=\"og:description\" content=\"The Riton Optics 7 Conquer 4-32\u00d756 delivers an incredibly capable long-range scope, offering multiple magnification ranges and intuitive reticles made by shooters for shooters.\" \/>\n<meta property=\"og:url\" content=\"https:\/\/hunter-optics.com\/fr\/produit\/riton-7-conquer-4-32x56\/\" \/>\n<meta property=\"og:site_name\" content=\"Hunter Optics\" \/>\n<meta property=\"article:modified_time\" content=\"2025-07-24T10:02:44+00:00\" \/>\n<meta property=\"og:image\" content=\"https:\/\/hunter-optics.com\/wp-content\/uploads\/2025\/07\/7-Conquer-4-32x56-MRAD-Angled.webp\" \/>\n\t<meta property=\"og:image:width\" content=\"876\" \/>\n\t<meta property=\"og:image:height\" content=\"876\" \/>\n\t<meta property=\"og:image:type\" content=\"image\/webp\" \/>\n<meta name=\"twitter:card\" content=\"summary_large_image\" \/>\n<meta name=\"twitter:label1\" content=\"Disponibilit\u00e9\" \/>\n\t<meta name=\"twitter:data1\" content=\"En stock\" \/>\n<script type=\"application\/ld+json\" class=\"yoast-schema-graph\">{\"@context\":\"https:\\\/\\\/schema.org\",\"@graph\":[{\"@type\":\"WebPage\",\"@id\":\"https:\\\/\\\/hunter-optics.com\\\/product\\\/riton-7-conquer-4-32x56\\\/\",\"url\":\"https:\\\/\\\/hunter-optics.com\\\/product\\\/riton-7-conquer-4-32x56\\\/\",\"name\":\"Riton 7 CONQUER 4-32\u00d756 - Hunter Optics\",\"isPartOf\":{\"@id\":\"https:\\\/\\\/hunter-optics.com\\\/#website\"},\"primaryImageOfPage\":{\"@id\":\"https:\\\/\\\/hunter-optics.com\\\/product\\\/riton-7-conquer-4-32x56\\\/#primaryimage\"},\"image\":{\"@id\":\"https:\\\/\\\/hunter-optics.com\\\/product\\\/riton-7-conquer-4-32x56\\\/#primaryimage\"},\"thumbnailUrl\":\"https:\\\/\\\/hunter-optics.com\\\/wp-content\\\/uploads\\\/2025\\\/07\\\/7-Conquer-4-32x56-MRAD-Angled.webp\",\"datePublished\":\"2025-07-24T09:24:17+00:00\",\"dateModified\":\"2025-07-24T10:02:44+00:00\",\"description\":\"The Riton Optics 7 Conquer 4-32\u00d756 delivers an incredibly capable long-range scope, offering multiple magnification ranges and intuitive reticles made by shooters for shooters.\",\"breadcrumb\":{\"@id\":\"https:\\\/\\\/hunter-optics.com\\\/product\\\/riton-7-conquer-4-32x56\\\/#breadcrumb\"},\"inLanguage\":\"fr-FR\",\"potentialAction\":[{\"@type\":\"ReadAction\",\"target\":[\"https:\\\/\\\/hunter-optics.com\\\/product\\\/riton-7-conquer-4-32x56\\\/\"]}]},{\"@type\":\"ImageObject\",\"inLanguage\":\"fr-FR\",\"@id\":\"https:\\\/\\\/hunter-optics.com\\\/product\\\/riton-7-conquer-4-32x56\\\/#primaryimage\",\"url\":\"https:\\\/\\\/hunter-optics.com\\\/wp-content\\\/uploads\\\/2025\\\/07\\\/7-Conquer-4-32x56-MRAD-Angled.webp\",\"contentUrl\":\"https:\\\/\\\/hunter-optics.com\\\/wp-content\\\/uploads\\\/2025\\\/07\\\/7-Conquer-4-32x56-MRAD-Angled.webp\",\"width\":876,\"height\":876},{\"@type\":\"BreadcrumbList\",\"@id\":\"https:\\\/\\\/hunter-optics.com\\\/product\\\/riton-7-conquer-4-32x56\\\/#breadcrumb\",\"itemListElement\":[{\"@type\":\"ListItem\",\"position\":1,\"name\":\"Home\",\"item\":\"https:\\\/\\\/hunter-optics.com\\\/\"},{\"@type\":\"ListItem\",\"position\":2,\"name\":\"Products\",\"item\":\"https:\\\/\\\/hunter-optics.com\\\/shop\\\/\"},{\"@type\":\"ListItem\",\"position\":3,\"name\":\"Riton 7 CONQUER 4-32\u00d756\"}]},{\"@type\":\"WebSite\",\"@id\":\"https:\\\/\\\/hunter-optics.com\\\/#website\",\"url\":\"https:\\\/\\\/hunter-optics.com\\\/\",\"name\":\"Hunter Optics\",\"description\":\"Hunter Optics \u2014 Your Eye on the Target.\",\"publisher\":{\"@id\":\"https:\\\/\\\/hunter-optics.com\\\/#organization\"},\"potentialAction\":[{\"@type\":\"SearchAction\",\"target\":{\"@type\":\"EntryPoint\",\"urlTemplate\":\"https:\\\/\\\/hunter-optics.com\\\/?s={search_term_string}\"},\"query-input\":{\"@type\":\"PropertyValueSpecification\",\"valueRequired\":true,\"valueName\":\"search_term_string\"}}],\"inLanguage\":\"fr-FR\"},{\"@type\":\"Organization\",\"@id\":\"https:\\\/\\\/hunter-optics.com\\\/#organization\",\"name\":\"Hunter Optics\",\"url\":\"https:\\\/\\\/hunter-optics.com\\\/\",\"logo\":{\"@type\":\"ImageObject\",\"inLanguage\":\"fr-FR\",\"@id\":\"https:\\\/\\\/hunter-optics.com\\\/#\\\/schema\\\/logo\\\/image\\\/\",\"url\":\"https:\\\/\\\/hunter-optics.com\\\/wp-content\\\/uploads\\\/2025\\\/06\\\/hunter-optics-logo-1.png\",\"contentUrl\":\"https:\\\/\\\/hunter-optics.com\\\/wp-content\\\/uploads\\\/2025\\\/06\\\/hunter-optics-logo-1.png\",\"width\":937,\"height\":373,\"caption\":\"Hunter Optics\"},\"image\":{\"@id\":\"https:\\\/\\\/hunter-optics.com\\\/#\\\/schema\\\/logo\\\/image\\\/\"}}]}<\/script>\n<meta property=\"product:brand\" content=\"Riton\" \/>\n<meta property=\"og:availability\" content=\"instock\" \/>\n<meta property=\"product:availability\" content=\"instock\" \/>\n<meta property=\"product:condition\" content=\"new\" \/>\n<!-- \/ Yoast SEO Premium plugin. -->","yoast_head_json":{"title":"Riton 7 CONQUER 4-32\u00d756 - Hunter Optics","description":"Le Riton Optics 7 Conquer 4-32\u00d756 est une lunette de vis\u00e9e \u00e0 longue port\u00e9e incroyablement performante, offrant plusieurs plages de grossissement et des r\u00e9ticules intuitifs con\u00e7us par des tireurs pour des tireurs.","robots":{"index":"index","follow":"follow","max-snippet":"max-snippet:-1","max-image-preview":"max-image-preview:large","max-video-preview":"max-video-preview:-1"},"canonical":"https:\/\/hunter-optics.com\/fr\/produit\/riton-7-conquer-4-32x56\/","og_locale":"fr_FR","og_type":"article","og_title":"Riton 7 CONQUER 4-32\u00d756","og_description":"The Riton Optics 7 Conquer 4-32\u00d756 delivers an incredibly capable long-range scope, offering multiple magnification ranges and intuitive reticles made by shooters for shooters.","og_url":"https:\/\/hunter-optics.com\/fr\/produit\/riton-7-conquer-4-32x56\/","og_site_name":"Hunter Optics","article_modified_time":"2025-07-24T10:02:44+00:00","og_image":[{"width":876,"height":876,"url":"https:\/\/hunter-optics.com\/wp-content\/uploads\/2025\/07\/7-Conquer-4-32x56-MRAD-Angled.webp","type":"image\/webp"}],"twitter_card":"summary_large_image","twitter_misc":{"Disponibilit\u00e9":"En stock"},"schema":{"@context":"https:\/\/schema.org","@graph":[{"@type":"WebPage","@id":"https:\/\/hunter-optics.com\/product\/riton-7-conquer-4-32x56\/","url":"https:\/\/hunter-optics.com\/product\/riton-7-conquer-4-32x56\/","name":"Riton 7 CONQUER 4-32\u00d756 - Hunter Optics","isPartOf":{"@id":"https:\/\/hunter-optics.com\/#website"},"primaryImageOfPage":{"@id":"https:\/\/hunter-optics.com\/product\/riton-7-conquer-4-32x56\/#primaryimage"},"image":{"@id":"https:\/\/hunter-optics.com\/product\/riton-7-conquer-4-32x56\/#primaryimage"},"thumbnailUrl":"https:\/\/hunter-optics.com\/wp-content\/uploads\/2025\/07\/7-Conquer-4-32x56-MRAD-Angled.webp","datePublished":"2025-07-24T09:24:17+00:00","dateModified":"2025-07-24T10:02:44+00:00","description":"Le Riton Optics 7 Conquer 4-32\u00d756 est une lunette de vis\u00e9e \u00e0 longue port\u00e9e incroyablement performante, offrant plusieurs plages de grossissement et des r\u00e9ticules intuitifs con\u00e7us par des tireurs pour des tireurs.","breadcrumb":{"@id":"https:\/\/hunter-optics.com\/product\/riton-7-conquer-4-32x56\/#breadcrumb"},"inLanguage":"fr-FR","potentialAction":[{"@type":"ReadAction","target":["https:\/\/hunter-optics.com\/product\/riton-7-conquer-4-32x56\/"]}]},{"@type":"ImageObject","inLanguage":"fr-FR","@id":"https:\/\/hunter-optics.com\/product\/riton-7-conquer-4-32x56\/#primaryimage","url":"https:\/\/hunter-optics.com\/wp-content\/uploads\/2025\/07\/7-Conquer-4-32x56-MRAD-Angled.webp","contentUrl":"https:\/\/hunter-optics.com\/wp-content\/uploads\/2025\/07\/7-Conquer-4-32x56-MRAD-Angled.webp","width":876,"height":876},{"@type":"BreadcrumbList","@id":"https:\/\/hunter-optics.com\/product\/riton-7-conquer-4-32x56\/#breadcrumb","itemListElement":[{"@type":"ListItem","position":1,"name":"Home","item":"https:\/\/hunter-optics.com\/"},{"@type":"ListItem","position":2,"name":"Products","item":"https:\/\/hunter-optics.com\/shop\/"},{"@type":"ListItem","position":3,"name":"Riton 7 CONQUER 4-32\u00d756"}]},{"@type":"WebSite","@id":"https:\/\/hunter-optics.com\/#website","url":"https:\/\/hunter-optics.com\/","name":"Optique Hunter","description":"Optique du chasseur - L'\u0153il sur la cible.","publisher":{"@id":"https:\/\/hunter-optics.com\/#organization"},"potentialAction":[{"@type":"SearchAction","target":{"@type":"EntryPoint","urlTemplate":"https:\/\/hunter-optics.com\/?s={search_term_string}"},"query-input":{"@type":"PropertyValueSpecification","valueRequired":true,"valueName":"search_term_string"}}],"inLanguage":"fr-FR"},{"@type":"Organization","@id":"https:\/\/hunter-optics.com\/#organization","name":"Optique Hunter","url":"https:\/\/hunter-optics.com\/","logo":{"@type":"ImageObject","inLanguage":"fr-FR","@id":"https:\/\/hunter-optics.com\/#\/schema\/logo\/image\/","url":"https:\/\/hunter-optics.com\/wp-content\/uploads\/2025\/06\/hunter-optics-logo-1.png","contentUrl":"https:\/\/hunter-optics.com\/wp-content\/uploads\/2025\/06\/hunter-optics-logo-1.png","width":937,"height":373,"caption":"Hunter Optics"},"image":{"@id":"https:\/\/hunter-optics.com\/#\/schema\/logo\/image\/"}}]},"product_brand":"Riton","og_availability":"instock","product_availability":"instock","product_condition":"new"},"_links":{"self":[{"href":"https:\/\/hunter-optics.com\/fr\/wp-json\/wp\/v2\/product\/1412","targetHints":{"allow":["GET"]}}],"collection":[{"href":"https:\/\/hunter-optics.com\/fr\/wp-json\/wp\/v2\/product"}],"about":[{"href":"https:\/\/hunter-optics.com\/fr\/wp-json\/wp\/v2\/types\/product"}],"replies":[{"embeddable":true,"href":"https:\/\/hunter-optics.com\/fr\/wp-json\/wp\/v2\/comments?post=1412"}],"version-history":[{"count":1,"href":"https:\/\/hunter-optics.com\/fr\/wp-json\/wp\/v2\/product\/1412\/revisions"}],"predecessor-version":[{"id":1421,"href":"https:\/\/hunter-optics.com\/fr\/wp-json\/wp\/v2\/product\/1412\/revisions\/1421"}],"wp:featuredmedia":[{"embeddable":true,"href":"https:\/\/hunter-optics.com\/fr\/wp-json\/wp\/v2\/media\/1413"}],"wp:attachment":[{"href":"https:\/\/hunter-optics.com\/fr\/wp-json\/wp\/v2\/media?parent=1412"}],"wp:term":[{"taxonomy":"brand","embeddable":true,"href":"https:\/\/hunter-optics.com\/fr\/wp-json\/wp\/v2\/etheme_brands?post=1412"},{"taxonomy":"product_brand","embeddable":true,"href":"https:\/\/hunter-optics.com\/fr\/wp-json\/wp\/v2\/product_brand?post=1412"},{"taxonomy":"product_cat","embeddable":true,"href":"https:\/\/hunter-optics.com\/fr\/wp-json\/wp\/v2\/product_cat?post=1412"},{"taxonomy":"product_tag","embeddable":true,"href":"https:\/\/hunter-optics.com\/fr\/wp-json\/wp\/v2\/product_tag?post=1412"}],"curies":[{"name":"wp","href":"https:\/\/api.w.org\/{rel}","templated":true}]}}