{"id":1405,"date":"2025-07-24T09:05:43","date_gmt":"2025-07-24T09:05:43","guid":{"rendered":"https:\/\/hunter-optics.com\/?post_type=product&#038;p=1405"},"modified":"2025-07-24T09:06:35","modified_gmt":"2025-07-24T09:06:35","slug":"riton-5-tactix-1-10x24","status":"publish","type":"product","link":"https:\/\/hunter-optics.com\/fr\/produit\/riton-5-tactix-1-10x24\/","title":{"rendered":"Riton 5 TACTIX 1-10\u00d724"},"content":{"rendered":"<div id=\"brxe-hqsamv\" class=\"brxe-text-basic tir-video__subtitle\">Riton 5 TACTIX 1-10\u00d724<\/div>\n<div id=\"brxe-uenhta\" class=\"brxe-text prod-video__txt\">\n<p><strong>SE PRODUIRE DE PR\u00c8S OU DE LOIN<\/strong><\/p>\n<p>Cette optique variable de faible puissance n'est pas limit\u00e9e aux cibles rapproch\u00e9es, mais couvre toutes les distances de quelques m\u00e8tres \u00e0 1000. La 5 Tactix agit comme un point rouge \u00e0 faible grossissement pour les applications de proximit\u00e9, tout en se comportant comme une b\u00eate \u00e0 longue port\u00e9e \u00e0 plus fort grossissement.<\/p>\n<div id=\"brxe-pogdbu\" class=\"brxe-container prod-colmns\">\n<div id=\"brxe-ywglqp\" class=\"brxe-text prod-column__txt\">\n<p><strong>UN LPVO AVEC PUISSANCE PRS<\/strong><\/p>\n<p>Le 5 Tactix 1-10 de Riton est \u00e9quip\u00e9 d'un premier plan focal, d'un r\u00e9ticule de type arbre de No\u00ebl qui appara\u00eet plus d\u00e9taill\u00e9 \u00e0 des grossissements plus \u00e9lev\u00e9s, vous permettant de faire les ajustements n\u00e9cessaires en fonction de la distance de votre cible. Avec cette optique, vous pouvez avoir confiance dans vos tirs quelle que soit la distance.<\/p>\n<p><strong>CHANGEMENT RAPIDE DU GROSSISSEMENT DANS TOUTES LES CONDITIONS<\/strong><\/p>\n<p>La 5 Tactix 1-10\u00d724 est \u00e9quip\u00e9e du syst\u00e8me de double levier en instance de brevet de Riton, parfait pour les applications o\u00f9 vous devez changer rapidement de niveau de grossissement pour atteindre votre cible. Avec plusieurs emplacements pour positionner le levier de lancement, et plusieurs hauteurs \u00e0 choisir, vous pouvez personnaliser votre configuration pour correspondre \u00e0 la fa\u00e7on dont vous aimez tirer. Peu importe que vous souhaitiez gagner du poids et garder un profil bas, ou que vous ayez besoin de pouvoir utiliser votre grossissement avec des mains gant\u00e9es ou dans des conditions glissantes ou humides, le Dual Throw Lever System offre le type de modularit\u00e9 et de personnalisation dont vous avez besoin.<\/p>\n<p><strong>ADAPTATION DE L'ENVIRONNEMENT LUMINEUX<\/strong><\/p>\n<p>L'\u00e9clairage peut \u00eatre une caract\u00e9ristique cruciale qui peut vous aider \u00e0 vous adapter \u00e0 votre environnement. Le 5 Tactix 1-10 est pr\u00e9par\u00e9 pour les situations environnementales que vous pouvez rencontrer, avec 6 niveaux d'\u00e9clairage et un interrupteur entre chaque niveau, vous pouvez r\u00e9gler la position parfaite en fonction de vos besoins et changer de niveau \u00e0 la vol\u00e9e.<\/p>\n<p><strong>CONSTRUIT POUR DURER<\/strong><\/p>\n<p>La Riton 5 Tactix 1-10 est con\u00e7ue pour r\u00e9sister aux \u00e9l\u00e9ments, aux chocs et \u00e0 tout ce qui se passe entre les deux, tout en conservant la pr\u00e9cision. Construite en aluminium a\u00e9ronautique 6061-T6, la 1-10 a \u00e9t\u00e9 con\u00e7ue pour durer et r\u00e9sister \u00e0 toutes les conditions que vous pourriez rencontrer. Comme toutes les lunettes de vis\u00e9e Riton, la 1-10 est soumise \u00e0 des tests d'impact jusqu'\u00e0 1 200 G, est homologu\u00e9e pour les armes \u00e0 air comprim\u00e9 et b\u00e9n\u00e9ficie de la garantie limit\u00e9e \u00e0 vie de Riton. Quelle que soit votre application, la Riton 5 Tactix 1-10 est con\u00e7ue pour durer sans compromettre les performances.<\/p>\n<div id=\"brxe-pzrzqi\" class=\"brxe-block prod-ret-info\">\n<h3 id=\"brxe-ztlivr\" class=\"brxe-heading prod-tabs__title\">Information sur le r\u00e9ticule :<\/h3>\n<p id=\"brxe-grjall\" class=\"brxe-text-basic prod-reticle-name\">RETICLE : 3OT<\/p>\n<div id=\"brxe-rkyybx\" class=\"brxe-text-basic prod-ret__txt\">\n<p>Le <strong>3OT<\/strong> est le r\u00e9ticule polyvalent par excellence. \u00c0 faible puissance, il fonctionne comme un point rouge, permettant une acquisition rapide de la cible dans les zones rapproch\u00e9es. \u00c0 haute puissance, il se transforme en une b\u00eate de pr\u00e9cision, vous offrant des prises de vue d\u00e9taill\u00e9es de l'\u00e9l\u00e9vation et de la direction du vent pour tout tir \u00e0 distance.<\/p>\n<div id=\"brxe-abuzoo\" class=\"brxe-block x-tabs_panel x-tabs_panel-current\" tabindex=\"0\" role=\"tabpanel\" aria-labelledby=\"brxe-amrphz\">\n<div id=\"brxe-ohplhw\" class=\"brxe-block x-tabs_panel-content\">\n<h3 id=\"brxe-qcmket\" class=\"brxe-heading prod-tabs__title\">Caract\u00e9ristiques principales :<\/h3>\n<div id=\"brxe-pnyzeh\" class=\"brxe-block prod-tab-feature\">\n<div class=\"brxe-xfsvub brxe-block prod-tab-key-loop\">\n<p><img loading=\"lazy\" decoding=\"async\" class=\"brxe-rtihxw brxe-image prod-feature__icon css-filter size-full\" src=\"https:\/\/ritonoptics.com\/wp-content\/uploads\/dry-nitrogen-purged-and-sealed-1.png\" alt=\"\" width=\"72\" height=\"74\" \/><\/p>\n<div class=\"brxe-anynyj brxe-div\">\n<p class=\"brxe-abizyp brxe-text-basic prod-feature__title\">Purge et scellement \u00e0 l'azote sec<\/p>\n<p class=\"brxe-lprtvs brxe-text-basic prod-feature__txt\">Gr\u00e2ce \u00e0 l'azote, l'optique est purg\u00e9e et scell\u00e9e pour garantir des performances optimales dans toutes les conditions m\u00e9t\u00e9orologiques pendant toute la dur\u00e9e de vie du...<\/p>\n<\/div>\n<\/div>\n<div class=\"brxe-xfsvub brxe-block prod-tab-key-loop\">\n<p><img loading=\"lazy\" decoding=\"async\" class=\"brxe-rtihxw brxe-image prod-feature__icon css-filter size-full\" src=\"https:\/\/ritonoptics.com\/wp-content\/uploads\/precision-quality-1.png\" alt=\"\" width=\"72\" height=\"74\" \/><\/p>\n<div class=\"brxe-anynyj brxe-div\">\n<p class=\"brxe-abizyp brxe-text-basic prod-feature__title\">Assurance qualit\u00e9 de pr\u00e9cision<\/p>\n<p class=\"brxe-lprtvs brxe-text-basic prod-feature__txt\">Chaque produit Riton est soumis \u00e0 un processus rigoureux de contr\u00f4le de la qualit\u00e9 par des techniciens certifi\u00e9s \u00e0 Tucson, AZ. Chaque produit que vous recevez a subi...<\/p>\n<\/div>\n<\/div>\n<div class=\"brxe-xfsvub brxe-block prod-tab-key-loop\">\n<p><img loading=\"lazy\" decoding=\"async\" class=\"brxe-rtihxw brxe-image prod-feature__icon css-filter size-full\" src=\"https:\/\/ritonoptics.com\/wp-content\/uploads\/hd-glass-1.png\" alt=\"\" width=\"72\" height=\"74\" \/><\/p>\n<div class=\"brxe-anynyj brxe-div\">\n<p class=\"brxe-abizyp brxe-text-basic prod-feature__title\">Riton HD Glass<\/p>\n<p class=\"brxe-lprtvs brxe-text-basic prod-feature__txt\">Le verre haute densit\u00e9 (HD) de Riton offre une transmission de la lumi\u00e8re de 99,51 TTP3T pour une clart\u00e9 accrue et une image de vis\u00e9e optimale.<\/p>\n<\/div>\n<\/div>\n<div class=\"brxe-xfsvub brxe-block prod-tab-key-loop\">\n<p><img loading=\"lazy\" decoding=\"async\" class=\"brxe-rtihxw brxe-image prod-feature__icon css-filter size-full\" src=\"https:\/\/ritonoptics.com\/wp-content\/uploads\/performance-coating-1.png\" alt=\"\" width=\"72\" height=\"74\" \/><\/p>\n<div class=\"brxe-anynyj brxe-div\">\n<p class=\"brxe-abizyp brxe-text-basic prod-feature__title\">Riton Performance Coating<\/p>\n<p class=\"brxe-lprtvs brxe-text-basic prod-feature__txt\">Incorporant des lentilles exclusives \u00e0 traitement multiple, toutes les optiques Riton sont dot\u00e9es d'un traitement antireflet et anti-rayures, d'une bande large compl\u00e8te et d'une am\u00e9lioration de la luminosit\u00e9 pour...<\/p>\n<\/div>\n<\/div>\n<div class=\"brxe-xfsvub brxe-block prod-tab-key-loop\">\n<p><img loading=\"lazy\" decoding=\"async\" class=\"brxe-rtihxw brxe-image prod-feature__icon css-filter size-full\" src=\"https:\/\/ritonoptics.com\/wp-content\/uploads\/rugged-construction-1.png\" alt=\"\" width=\"72\" height=\"74\" \/><\/p>\n<div class=\"brxe-anynyj brxe-div\">\n<p class=\"brxe-abizyp brxe-text-basic prod-feature__title\">Construction robuste Riton<\/p>\n<p class=\"brxe-lprtvs brxe-text-basic prod-feature__txt\">La construction robuste de Riton incorpore l'utilisation d'aluminium de qualit\u00e9 a\u00e9ronautique 6061-T6, de tubes monoblocs usin\u00e9s CNC et d'une anodisation \u00e0 couche dure de type III....<\/p>\n<\/div>\n<\/div>\n<div class=\"brxe-xfsvub brxe-block prod-tab-key-loop\">\n<p><img loading=\"lazy\" decoding=\"async\" class=\"brxe-rtihxw brxe-image prod-feature__icon css-filter size-full\" src=\"https:\/\/ritonoptics.com\/wp-content\/uploads\/airgun-approved-1.png\" alt=\"\" width=\"72\" height=\"74\" \/><\/p>\n<div class=\"brxe-anynyj brxe-div\">\n<p class=\"brxe-abizyp brxe-text-basic prod-feature__title\">Approuv\u00e9 pour les armes \u00e0 air comprim\u00e9<\/p>\n<p class=\"brxe-lprtvs brxe-text-basic prod-feature__txt\">Les lunettes de vis\u00e9e Riton sont tr\u00e8s appr\u00e9ci\u00e9es et adapt\u00e9es \u00e0 l'utilisation d'armes \u00e0 air comprim\u00e9, offrant une grande durabilit\u00e9 et une excellente clart\u00e9 optique. Con\u00e7ues pour r\u00e9sister au recul unique...<\/p>\n<div id=\"brxe-gtdyre\" class=\"brxe-block x-tabs_panel x-tabs_panel-current\" tabindex=\"0\" role=\"tabpanel\" aria-labelledby=\"brxe-yxbhdb\">\n<div id=\"brxe-eknisj\" class=\"brxe-block x-tabs_panel-content\">\n<h3 id=\"brxe-qzyxzy\" class=\"brxe-heading prod-tabs__title\">Sp\u00e9cifications compl\u00e8tes :<\/h3>\n<div class=\"brxe-zlpnap brxe-block prod-tab-spec-loop\">\n<p class=\"brxe-ibnnrs brxe-text-basic tab-spec__value\">Grossissement : 1-10<\/p>\n<\/div>\n<div class=\"brxe-zlpnap brxe-block prod-tab-spec-loop\">\n<p class=\"brxe-ibnnrs brxe-text-basic tab-spec__value\">R\u00e9glage de la parallaxe : fixe \u00e0 100 m\u00e8tres<\/p>\n<\/div>\n<div class=\"brxe-zlpnap brxe-block prod-tab-spec-loop\">\n<p class=\"brxe-ibnnrs brxe-text-basic tab-spec__value\">Diam\u00e8tre du tube : 30 mm<\/p>\n<\/div>\n<div class=\"brxe-zlpnap brxe-block prod-tab-spec-loop\">\n<p class=\"brxe-ibnnrs brxe-text-basic tab-spec__value\">Diam\u00e8tre de l'objectif : 24 mm<\/p>\n<\/div>\n<div class=\"brxe-zlpnap brxe-block prod-tab-spec-loop\">\n<p class=\"brxe-ibnnrs brxe-text-basic tab-spec__value\">Plan focal : Premier plan focal<\/p>\n<\/div>\n<div class=\"brxe-zlpnap brxe-block prod-tab-spec-loop\">\n<p class=\"brxe-ibnnrs brxe-text-basic tab-spec__value\">Traitement de l'objectif : enti\u00e8rement multicouche, bande large, traitement \u00e9tanche, am\u00e9lioration de la luminosit\u00e9.<\/p>\n<\/div>\n<div class=\"brxe-zlpnap brxe-block prod-tab-spec-loop\">\n<p class=\"brxe-ibnnrs brxe-text-basic tab-spec__value\">R\u00e9ticule:3OT, illumin\u00e9<\/p>\n<\/div>\n<div class=\"brxe-zlpnap brxe-block prod-tab-spec-loop\">\n<p class=\"brxe-ibnnrs brxe-text-basic tab-spec__value\">Champ de vision \u00e0 100 m\u00e8tres:105.8ft - 10.5ft<\/p>\n<\/div>\n<div class=\"brxe-zlpnap brxe-block prod-tab-spec-loop\">\n<p class=\"brxe-ibnnrs brxe-text-basic tab-spec__value\">Mat\u00e9riau : 6061-T6<\/p>\n<\/div>\n<div class=\"brxe-zlpnap brxe-block prod-tab-spec-loop\">\n<p class=\"brxe-ibnnrs brxe-text-basic tab-spec__value\">Relief oculaire : 3.5in\/90mm<\/p>\n<\/div>\n<div class=\"brxe-zlpnap brxe-block prod-tab-spec-loop\">\n<p class=\"brxe-ibnnrs brxe-text-basic tab-spec__value\">Pupille de sortie : basse 7,2 mm - haute 2,4 mm<\/p>\n<\/div>\n<div class=\"brxe-zlpnap brxe-block prod-tab-spec-loop\">\n<p class=\"brxe-ibnnrs brxe-text-basic tab-spec__value\">Valeur de clic \u00e0 100 m\u00e8tres : 1\/10\u00e8me de MRAD<\/p>\n<\/div>\n<div class=\"brxe-zlpnap brxe-block prod-tab-spec-loop\">\n<p class=\"brxe-ibnnrs brxe-text-basic tab-spec__value\">Plage de r\u00e9glage : 40 MRAD<\/p>\n<\/div>\n<div class=\"brxe-zlpnap brxe-block prod-tab-spec-loop\">\n<p class=\"brxe-ibnnrs brxe-text-basic tab-spec__value\">Longueur de montage : 4,8 pouces\/121 mm<\/p>\n<\/div>\n<div class=\"brxe-zlpnap brxe-block prod-tab-spec-loop\">\n<p class=\"brxe-ibnnrs brxe-text-basic tab-spec__value\">Longueur : 11,81 pouces\/300 mm<\/p>\n<\/div>\n<div class=\"brxe-zlpnap brxe-block prod-tab-spec-loop\">\n<p class=\"brxe-ibnnrs brxe-text-basic tab-spec__value\">Poids : 1.8lbs\/28.8oz<\/p>\n<\/div>\n<div class=\"brxe-zlpnap brxe-block prod-tab-spec-loop\">\n<p class=\"brxe-ibnnrs brxe-text-basic tab-spec__value\">Pile : CR2032<\/p>\n<\/div>\n<div class=\"brxe-zlpnap brxe-block prod-tab-spec-loop\">\n<p class=\"brxe-ibnnrs brxe-text-basic tab-spec__value\">Accessoires inclus : Cache-objectif rabattable, chiffon pour objectif, cl\u00e9 Allen<\/p>\n<\/div>\n<\/div>\n<\/div>\n<\/div>\n<\/div>\n<\/div>\n<\/div>\n<\/div>\n<\/div>\n<\/div>\n<\/div>\n<\/div>\n<\/div>","protected":false},"excerpt":{"rendered":"<p>La Riton 5 Tactix 1-10\u00d724 excelle dans tous les aspects, depuis les capacit\u00e9s de point rouge sur le grossissement le plus faible, v\u00e9ritable puissance 1, jusqu'\u00e0 un cheval de travail de pr\u00e9cision sur le grossissement le plus \u00e9lev\u00e9. C'est votre solution pour un fusil de combat d\u00e9di\u00e9, une carabine de chasse moderne, et tout ce qui se trouve entre les deux.<\/p>","protected":false},"featured_media":1406,"comment_status":"open","ping_status":"closed","template":"","meta":[],"etheme_brands":[{"term_id":44,"name":"Riton","slug":"riton","term_group":0,"term_taxonomy_id":44,"taxonomy":"brand","description":"","parent":0,"count":18,"filter":"raw"}],"product_brand":[],"product_cat":[49],"product_tag":[],"class_list":{"0":"post-1405","1":"product","2":"type-product","3":"status-publish","4":"has-post-thumbnail","6":"brand-riton","7":"product_cat-rifle-scopes","9":"first","10":"instock","11":"sale","12":"taxable","13":"shipping-taxable","14":"purchasable","15":"product-type-simple"},"yoast_head":"<!-- This site is optimized with the Yoast SEO Premium plugin v25.7.1 (Yoast SEO v27.4) - https:\/\/yoast.com\/product\/yoast-seo-premium-wordpress\/ -->\n<title>Riton 5 TACTIX 1-10\u00d724 - Hunter Optics<\/title>\n<meta name=\"description\" content=\"The Riton 5 Tactix 1-10\u00d724 excels in every aspect, from red dot capabilities on the lowest, true 1-power, magnification, to a precision work horse on the highest magnification.\" \/>\n<meta name=\"robots\" content=\"index, follow, max-snippet:-1, max-image-preview:large, max-video-preview:-1\" \/>\n<link rel=\"canonical\" href=\"https:\/\/hunter-optics.com\/fr\/produit\/riton-5-tactix-1-10x24\/\" \/>\n<meta property=\"og:locale\" content=\"fr_FR\" \/>\n<meta property=\"og:type\" content=\"article\" \/>\n<meta property=\"og:title\" content=\"Riton 5 TACTIX 1-10\u00d724\" \/>\n<meta property=\"og:description\" content=\"The Riton 5 Tactix 1-10\u00d724 excels in every aspect, from red dot capabilities on the lowest, true 1-power, magnification, to a precision work horse on the highest magnification.\" \/>\n<meta property=\"og:url\" content=\"https:\/\/hunter-optics.com\/fr\/produit\/riton-5-tactix-1-10x24\/\" \/>\n<meta property=\"og:site_name\" content=\"Hunter Optics\" \/>\n<meta property=\"article:modified_time\" content=\"2025-07-24T09:06:35+00:00\" \/>\n<meta property=\"og:image\" content=\"https:\/\/hunter-optics.com\/wp-content\/uploads\/2025\/07\/01-5-Tactix-1-10x24-MRAD-Angled.webp\" \/>\n\t<meta property=\"og:image:width\" content=\"876\" \/>\n\t<meta property=\"og:image:height\" content=\"876\" \/>\n\t<meta property=\"og:image:type\" content=\"image\/webp\" \/>\n<meta name=\"twitter:card\" content=\"summary_large_image\" \/>\n<meta name=\"twitter:label1\" content=\"Prix\" \/>\n\t<meta name=\"twitter:data1\" content=\"&#036;859.99\" \/>\n\t<meta name=\"twitter:label2\" content=\"Disponibilit\u00e9\" \/>\n\t<meta name=\"twitter:data2\" content=\"En stock\" \/>\n<script type=\"application\/ld+json\" class=\"yoast-schema-graph\">{\"@context\":\"https:\\\/\\\/schema.org\",\"@graph\":[{\"@type\":\"WebPage\",\"@id\":\"https:\\\/\\\/hunter-optics.com\\\/product\\\/riton-5-tactix-1-10x24\\\/\",\"url\":\"https:\\\/\\\/hunter-optics.com\\\/product\\\/riton-5-tactix-1-10x24\\\/\",\"name\":\"Riton 5 TACTIX 1-10\u00d724 - Hunter Optics\",\"isPartOf\":{\"@id\":\"https:\\\/\\\/hunter-optics.com\\\/#website\"},\"primaryImageOfPage\":{\"@id\":\"https:\\\/\\\/hunter-optics.com\\\/product\\\/riton-5-tactix-1-10x24\\\/#primaryimage\"},\"image\":{\"@id\":\"https:\\\/\\\/hunter-optics.com\\\/product\\\/riton-5-tactix-1-10x24\\\/#primaryimage\"},\"thumbnailUrl\":\"https:\\\/\\\/hunter-optics.com\\\/wp-content\\\/uploads\\\/2025\\\/07\\\/01-5-Tactix-1-10x24-MRAD-Angled.webp\",\"datePublished\":\"2025-07-24T09:05:43+00:00\",\"dateModified\":\"2025-07-24T09:06:35+00:00\",\"description\":\"The Riton 5 Tactix 1-10\u00d724 excels in every aspect, from red dot capabilities on the lowest, true 1-power, magnification, to a precision work horse on the highest magnification.\",\"breadcrumb\":{\"@id\":\"https:\\\/\\\/hunter-optics.com\\\/product\\\/riton-5-tactix-1-10x24\\\/#breadcrumb\"},\"inLanguage\":\"fr-FR\",\"potentialAction\":[{\"@type\":\"ReadAction\",\"target\":[\"https:\\\/\\\/hunter-optics.com\\\/product\\\/riton-5-tactix-1-10x24\\\/\"]}]},{\"@type\":\"ImageObject\",\"inLanguage\":\"fr-FR\",\"@id\":\"https:\\\/\\\/hunter-optics.com\\\/product\\\/riton-5-tactix-1-10x24\\\/#primaryimage\",\"url\":\"https:\\\/\\\/hunter-optics.com\\\/wp-content\\\/uploads\\\/2025\\\/07\\\/01-5-Tactix-1-10x24-MRAD-Angled.webp\",\"contentUrl\":\"https:\\\/\\\/hunter-optics.com\\\/wp-content\\\/uploads\\\/2025\\\/07\\\/01-5-Tactix-1-10x24-MRAD-Angled.webp\",\"width\":876,\"height\":876},{\"@type\":\"BreadcrumbList\",\"@id\":\"https:\\\/\\\/hunter-optics.com\\\/product\\\/riton-5-tactix-1-10x24\\\/#breadcrumb\",\"itemListElement\":[{\"@type\":\"ListItem\",\"position\":1,\"name\":\"Home\",\"item\":\"https:\\\/\\\/hunter-optics.com\\\/\"},{\"@type\":\"ListItem\",\"position\":2,\"name\":\"Products\",\"item\":\"https:\\\/\\\/hunter-optics.com\\\/shop\\\/\"},{\"@type\":\"ListItem\",\"position\":3,\"name\":\"Riton 5 TACTIX 1-10\u00d724\"}]},{\"@type\":\"WebSite\",\"@id\":\"https:\\\/\\\/hunter-optics.com\\\/#website\",\"url\":\"https:\\\/\\\/hunter-optics.com\\\/\",\"name\":\"Hunter Optics\",\"description\":\"Hunter Optics \u2014 Your Eye on the Target.\",\"publisher\":{\"@id\":\"https:\\\/\\\/hunter-optics.com\\\/#organization\"},\"potentialAction\":[{\"@type\":\"SearchAction\",\"target\":{\"@type\":\"EntryPoint\",\"urlTemplate\":\"https:\\\/\\\/hunter-optics.com\\\/?s={search_term_string}\"},\"query-input\":{\"@type\":\"PropertyValueSpecification\",\"valueRequired\":true,\"valueName\":\"search_term_string\"}}],\"inLanguage\":\"fr-FR\"},{\"@type\":\"Organization\",\"@id\":\"https:\\\/\\\/hunter-optics.com\\\/#organization\",\"name\":\"Hunter Optics\",\"url\":\"https:\\\/\\\/hunter-optics.com\\\/\",\"logo\":{\"@type\":\"ImageObject\",\"inLanguage\":\"fr-FR\",\"@id\":\"https:\\\/\\\/hunter-optics.com\\\/#\\\/schema\\\/logo\\\/image\\\/\",\"url\":\"https:\\\/\\\/hunter-optics.com\\\/wp-content\\\/uploads\\\/2025\\\/06\\\/hunter-optics-logo-1.png\",\"contentUrl\":\"https:\\\/\\\/hunter-optics.com\\\/wp-content\\\/uploads\\\/2025\\\/06\\\/hunter-optics-logo-1.png\",\"width\":937,\"height\":373,\"caption\":\"Hunter Optics\"},\"image\":{\"@id\":\"https:\\\/\\\/hunter-optics.com\\\/#\\\/schema\\\/logo\\\/image\\\/\"}}]}<\/script>\n<meta property=\"product:brand\" content=\"Riton\" \/>\n<meta property=\"product:price:amount\" content=\"859.99\" \/>\n<meta property=\"product:price:currency\" content=\"USD\" \/>\n<meta property=\"og:availability\" content=\"instock\" \/>\n<meta property=\"product:availability\" content=\"instock\" \/>\n<meta property=\"product:condition\" content=\"new\" \/>\n<!-- \/ Yoast SEO Premium plugin. -->","yoast_head_json":{"title":"Riton 5 TACTIX 1-10\u00d724 - Hunter Optics","description":"La Riton 5 Tactix 1-10\u00d724 excelle dans tous les aspects, depuis les capacit\u00e9s de point rouge sur le grossissement le plus faible, v\u00e9ritable puissance 1, jusqu'\u00e0 un cheval de travail de pr\u00e9cision sur le grossissement le plus \u00e9lev\u00e9.","robots":{"index":"index","follow":"follow","max-snippet":"max-snippet:-1","max-image-preview":"max-image-preview:large","max-video-preview":"max-video-preview:-1"},"canonical":"https:\/\/hunter-optics.com\/fr\/produit\/riton-5-tactix-1-10x24\/","og_locale":"fr_FR","og_type":"article","og_title":"Riton 5 TACTIX 1-10\u00d724","og_description":"The Riton 5 Tactix 1-10\u00d724 excels in every aspect, from red dot capabilities on the lowest, true 1-power, magnification, to a precision work horse on the highest magnification.","og_url":"https:\/\/hunter-optics.com\/fr\/produit\/riton-5-tactix-1-10x24\/","og_site_name":"Hunter Optics","article_modified_time":"2025-07-24T09:06:35+00:00","og_image":[{"width":876,"height":876,"url":"https:\/\/hunter-optics.com\/wp-content\/uploads\/2025\/07\/01-5-Tactix-1-10x24-MRAD-Angled.webp","type":"image\/webp"}],"twitter_card":"summary_large_image","twitter_misc":{"Prix":"&#36;859.99","Disponibilit\u00e9":"En stock"},"schema":{"@context":"https:\/\/schema.org","@graph":[{"@type":"WebPage","@id":"https:\/\/hunter-optics.com\/product\/riton-5-tactix-1-10x24\/","url":"https:\/\/hunter-optics.com\/product\/riton-5-tactix-1-10x24\/","name":"Riton 5 TACTIX 1-10\u00d724 - Hunter Optics","isPartOf":{"@id":"https:\/\/hunter-optics.com\/#website"},"primaryImageOfPage":{"@id":"https:\/\/hunter-optics.com\/product\/riton-5-tactix-1-10x24\/#primaryimage"},"image":{"@id":"https:\/\/hunter-optics.com\/product\/riton-5-tactix-1-10x24\/#primaryimage"},"thumbnailUrl":"https:\/\/hunter-optics.com\/wp-content\/uploads\/2025\/07\/01-5-Tactix-1-10x24-MRAD-Angled.webp","datePublished":"2025-07-24T09:05:43+00:00","dateModified":"2025-07-24T09:06:35+00:00","description":"La Riton 5 Tactix 1-10\u00d724 excelle dans tous les aspects, depuis les capacit\u00e9s de point rouge sur le grossissement le plus faible, v\u00e9ritable puissance 1, jusqu'\u00e0 un cheval de travail de pr\u00e9cision sur le grossissement le plus \u00e9lev\u00e9.","breadcrumb":{"@id":"https:\/\/hunter-optics.com\/product\/riton-5-tactix-1-10x24\/#breadcrumb"},"inLanguage":"fr-FR","potentialAction":[{"@type":"ReadAction","target":["https:\/\/hunter-optics.com\/product\/riton-5-tactix-1-10x24\/"]}]},{"@type":"ImageObject","inLanguage":"fr-FR","@id":"https:\/\/hunter-optics.com\/product\/riton-5-tactix-1-10x24\/#primaryimage","url":"https:\/\/hunter-optics.com\/wp-content\/uploads\/2025\/07\/01-5-Tactix-1-10x24-MRAD-Angled.webp","contentUrl":"https:\/\/hunter-optics.com\/wp-content\/uploads\/2025\/07\/01-5-Tactix-1-10x24-MRAD-Angled.webp","width":876,"height":876},{"@type":"BreadcrumbList","@id":"https:\/\/hunter-optics.com\/product\/riton-5-tactix-1-10x24\/#breadcrumb","itemListElement":[{"@type":"ListItem","position":1,"name":"Home","item":"https:\/\/hunter-optics.com\/"},{"@type":"ListItem","position":2,"name":"Products","item":"https:\/\/hunter-optics.com\/shop\/"},{"@type":"ListItem","position":3,"name":"Riton 5 TACTIX 1-10\u00d724"}]},{"@type":"WebSite","@id":"https:\/\/hunter-optics.com\/#website","url":"https:\/\/hunter-optics.com\/","name":"Optique Hunter","description":"Optique du chasseur - L'\u0153il sur la cible.","publisher":{"@id":"https:\/\/hunter-optics.com\/#organization"},"potentialAction":[{"@type":"SearchAction","target":{"@type":"EntryPoint","urlTemplate":"https:\/\/hunter-optics.com\/?s={search_term_string}"},"query-input":{"@type":"PropertyValueSpecification","valueRequired":true,"valueName":"search_term_string"}}],"inLanguage":"fr-FR"},{"@type":"Organization","@id":"https:\/\/hunter-optics.com\/#organization","name":"Optique Hunter","url":"https:\/\/hunter-optics.com\/","logo":{"@type":"ImageObject","inLanguage":"fr-FR","@id":"https:\/\/hunter-optics.com\/#\/schema\/logo\/image\/","url":"https:\/\/hunter-optics.com\/wp-content\/uploads\/2025\/06\/hunter-optics-logo-1.png","contentUrl":"https:\/\/hunter-optics.com\/wp-content\/uploads\/2025\/06\/hunter-optics-logo-1.png","width":937,"height":373,"caption":"Hunter Optics"},"image":{"@id":"https:\/\/hunter-optics.com\/#\/schema\/logo\/image\/"}}]},"product_brand":"Riton","product_price_amount":"859.99","product_price_currency":"USD","og_availability":"instock","product_availability":"instock","product_condition":"new"},"_links":{"self":[{"href":"https:\/\/hunter-optics.com\/fr\/wp-json\/wp\/v2\/product\/1405","targetHints":{"allow":["GET"]}}],"collection":[{"href":"https:\/\/hunter-optics.com\/fr\/wp-json\/wp\/v2\/product"}],"about":[{"href":"https:\/\/hunter-optics.com\/fr\/wp-json\/wp\/v2\/types\/product"}],"replies":[{"embeddable":true,"href":"https:\/\/hunter-optics.com\/fr\/wp-json\/wp\/v2\/comments?post=1405"}],"version-history":[{"count":2,"href":"https:\/\/hunter-optics.com\/fr\/wp-json\/wp\/v2\/product\/1405\/revisions"}],"predecessor-version":[{"id":1411,"href":"https:\/\/hunter-optics.com\/fr\/wp-json\/wp\/v2\/product\/1405\/revisions\/1411"}],"wp:featuredmedia":[{"embeddable":true,"href":"https:\/\/hunter-optics.com\/fr\/wp-json\/wp\/v2\/media\/1406"}],"wp:attachment":[{"href":"https:\/\/hunter-optics.com\/fr\/wp-json\/wp\/v2\/media?parent=1405"}],"wp:term":[{"taxonomy":"brand","embeddable":true,"href":"https:\/\/hunter-optics.com\/fr\/wp-json\/wp\/v2\/etheme_brands?post=1405"},{"taxonomy":"product_brand","embeddable":true,"href":"https:\/\/hunter-optics.com\/fr\/wp-json\/wp\/v2\/product_brand?post=1405"},{"taxonomy":"product_cat","embeddable":true,"href":"https:\/\/hunter-optics.com\/fr\/wp-json\/wp\/v2\/product_cat?post=1405"},{"taxonomy":"product_tag","embeddable":true,"href":"https:\/\/hunter-optics.com\/fr\/wp-json\/wp\/v2\/product_tag?post=1405"}],"curies":[{"name":"wp","href":"https:\/\/api.w.org\/{rel}","templated":true}]}}