{"id":1326,"date":"2025-07-03T08:30:09","date_gmt":"2025-07-03T08:30:09","guid":{"rendered":"https:\/\/hunter-optics.com\/?post_type=product&#038;p=1326"},"modified":"2025-08-09T09:46:23","modified_gmt":"2025-08-09T09:46:23","slug":"lunette-de-tir-vortex-strike-eagle-2-0-1-6x24-sfp-lvpo-ir-ar-bdc3-moa","status":"publish","type":"product","link":"https:\/\/hunter-optics.com\/fr\/produit\/lunette-de-tir-vortex-strike-eagle-2-0-1-6x24-sfp-lvpo-ir-ar-bdc3-moa\/","title":{"rendered":"Vortex STRIKE EAGLE\u00ae 2.0 1-6\u00d724 SFP LVPO IR AR-BDC3 MOA lunette de vis\u00e9e"},"content":{"rendered":"<h2><strong>Vue d'ensemble<\/strong><\/h2>\n<p>Optimisez la polyvalence et la rapidit\u00e9 d'utilisation de votre AR avec le Strike Eagle redessin\u00e9. V\u00e9ritable 1x sur le bas de gamme, le Strike Eagle zoome pour permettre aux tireurs d'engager rapidement des cibles proches et lointaines, et un r\u00e9ticule AR-BDC3 facilite le tir rapide tout en fournissant des r\u00e9f\u00e9rences de maintien et de distance de 0 \u00e0 600 m\u00e8tres. De plus, avec un levier de lancement enfil\u00e9, vous serez sur la cible encore plus rapidement, tir apr\u00e8s tir.<\/p>\n<div class=\"product sizechart\">\n<div class=\"sizechart-title\">\n<div class=\"item-title\"><b>Strike Eagle 1-6\u00d724 Dimensions (en pouces)<\/b><\/div>\n<\/div>\n<div class=\"sizechart-details\">\n<div class=\"sizechart-image\"><img decoding=\"async\" src=\"https:\/\/vortexoptics.com\/media\/wysiwyg\/dim_se_1-6x24_1.png\" alt=\"Strike Eagle 1-6x24 Dimensions\" data-uw-rm-alt-original=\"Strike Eagle 1-6x24 Dimensions\" data-uw-rm-alt=\"ALT\" \/><\/div>\n<table class=\"lengths\">\n<tbody>\n<tr>\n<th colspan=\"6\" scope=\"colgroup\">Longueurs<\/th>\n<\/tr>\n<tr>\n<td>L1<\/td>\n<td>L2<\/td>\n<td>L3<\/td>\n<td>L4<\/td>\n<td>L6<\/td>\n<\/tr>\n<tr>\n<td>10.5<\/td>\n<td>2.9<\/td>\n<td>2.1<\/td>\n<td>6.6<\/td>\n<td>3.9<\/td>\n<\/tr>\n<\/tbody>\n<\/table>\n<table class=\"heights\">\n<tbody>\n<tr>\n<th colspan=\"2\" scope=\"colgroup\">Hauteurs<\/th>\n<\/tr>\n<tr>\n<td>H1<\/td>\n<td>H2<\/td>\n<\/tr>\n<tr>\n<td>1.2<\/td>\n<td>1.7<\/td>\n<\/tr>\n<\/tbody>\n<\/table>\n<h2><strong>Sp\u00e9cifications<\/strong><\/h2>\n<table id=\"product-vortex-specs-table\" class=\"data table spec-attributes\">\n<tbody>\n<tr>\n<th class=\"col label\" scope=\"row\">Agrandissement<\/th>\n<td class=\"col data\" data-th=\"Magnification\">1-6x<\/td>\n<\/tr>\n<tr>\n<th class=\"col label\" scope=\"row\">Diam\u00e8tre de l'objectif<\/th>\n<td class=\"col data\" data-th=\"Objective Lens Diameter\">24 mm<\/td>\n<\/tr>\n<tr>\n<th class=\"col label\" scope=\"row\">Plan focal<\/th>\n<td class=\"col data\" data-th=\"Focal Plane\">Deuxi\u00e8me plan focal<\/td>\n<\/tr>\n<tr>\n<th class=\"col label\" scope=\"row\">R\u00e9ticule<\/th>\n<td class=\"col data\" data-th=\"Reticle\">AR-BDC3<\/td>\n<\/tr>\n<tr>\n<th class=\"col label\" scope=\"row\">Soulagement des yeux<\/th>\n<td class=\"col data\" data-th=\"Eye Relief\">3,5 pouces<\/td>\n<\/tr>\n<tr>\n<th class=\"col label\" scope=\"row\">Champ de vision<\/th>\n<td class=\"col data\" data-th=\"Field of View\">116.5-19.2 ft @100 yds<\/td>\n<\/tr>\n<tr>\n<th class=\"col label\" scope=\"row\">Style tourelle<\/th>\n<td class=\"col data\" data-th=\"Turret Style\">Faible plafonnement<\/td>\n<\/tr>\n<tr>\n<th class=\"col label\" scope=\"row\">Taille du tube<\/th>\n<td class=\"col data\" data-th=\"Tube Size\">30 mm<\/td>\n<\/tr>\n<tr>\n<th class=\"col label\" scope=\"row\">Ajustement Graduation<\/th>\n<td class=\"col data\" data-th=\"Adjustment Graduation\">1\/2 MOA<\/td>\n<\/tr>\n<tr>\n<th class=\"col label\" scope=\"row\">Voyage par rotation<\/th>\n<td class=\"col data\" data-th=\"Travel Per Rotation\">44 MOA<\/td>\n<\/tr>\n<tr>\n<th class=\"col label\" scope=\"row\">R\u00e9glage de l'\u00e9l\u00e9vation maximale<\/th>\n<td class=\"col data\" data-th=\"Max Elevation Adjustment\">140 MOA<\/td>\n<\/tr>\n<tr>\n<th class=\"col label\" scope=\"row\">Ajustement maximal du r\u00e9glage du vent<\/th>\n<td class=\"col data\" data-th=\"Max Windage Adjustment\">140 MOA<\/td>\n<\/tr>\n<tr>\n<th class=\"col label\" scope=\"row\">R\u00e9glage de la parallaxe<\/th>\n<td class=\"col data\" data-th=\"Parallax Setting\">Fixe \u00e0 100 m\u00e8tres<\/td>\n<\/tr>\n<tr>\n<th class=\"col label\" scope=\"row\">Longueur<\/th>\n<td class=\"col data\" data-th=\"Length\">10,5 pouces<\/td>\n<\/tr>\n<tr>\n<th class=\"col label\" scope=\"row\">Poids<\/th>\n<td class=\"col data\" data-th=\"Weight\">18.5 oz<\/td>\n<\/tr>\n<\/tbody>\n<\/table>\n<h2>R\u00e9ticule<\/h2>\n<div class=\"reticle-image\"><img decoding=\"async\" src=\"https:\/\/vortexoptics.widen.net\/content\/dliisonvl7\/jpeg\/VTX_SE-1624-2_AR-BDC3_MOA_RS_I_RI_CU.jpeg?w=320&amp;keep=c&amp;crop=yes&amp;color=cccccc&amp;quality=80&amp;u=9oqiqe\" alt=\"r\u00e9ticule\" data-uw-rm-alt-original=\"reticle\" data-uw-rm-alt=\"ALT\" \/><\/div>\n<p>&nbsp;<\/p>\n<div class=\"reticle-info\">\n<p><strong>R\u00c9TICULE AR-BDC3<\/strong><\/p>\n<div class=\"reticle-description\">\n<p>Le AR-BDC3 illumin\u00e9 et grav\u00e9 dans le verre est sp\u00e9cifiquement adapt\u00e9 aux performances balistiques des charges courantes de 5,56 d'un AR-15. Le point central de 1 MOA fournit un point de vis\u00e9e pr\u00e9cis tandis que le cercle bris\u00e9 de 16,625 MOA qui l'entoure am\u00e8ne votre \u0153il au centre plus rapidement pour une acquisition rapide de la cible, et le BDC vous permet de rester sur la cible jusqu'\u00e0 650 yards.<\/p>\n<h2 role=\"heading\" aria-level=\"3\" data-uw-rm-heading=\"level\">Inclus dans la bo\u00eete<\/h2>\n<ul>\n<li>Levier de lancement filet\u00e9<\/li>\n<li>Capuchons \u00e0 rabattre<\/li>\n<li>Tissu pour objectif<\/li>\n<li>Pile CR2032<\/li>\n<\/ul>\n<\/div>\n<\/div>\n<\/div>\n<\/div>","protected":false},"excerpt":{"rendered":"<table id=\"product-vortex-features-table\" class=\"data table features-attributes\">\n<tbody>\n<tr>\n<th class=\"col label Aluminum Grade\" scope=\"row\">Qualit\u00e9 de l'aluminium<\/th>\n<td class=\"col data\" data-th=\"Aluminum Grade\">A\u00e9ronefs<\/td>\n<\/tr>\n<tr>\n<th class=\"col label ArmorTek\u00ae\" scope=\"row\">ArmorTek<\/th>\n<td class=\"col data\" data-th=\"ArmorTek\u00ae\">Le rev\u00eatement ultra-dur, r\u00e9sistant aux rayures, prot\u00e8ge les lentilles ext\u00e9rieures des rayures, de l'huile et de la salet\u00e9.<\/td>\n<\/tr>\n<tr>\n<th class=\"col label Multi-Coated\" scope=\"row\">Multi-enduits<\/th>\n<td class=\"col data\" data-th=\"Multi-Coated\">Enti\u00e8rement multicouches<\/td>\n<\/tr>\n<tr>\n<th class=\"col label Shockproof\" scope=\"row\">R\u00e9sistant aux chocs<\/th>\n<td class=\"col data\" data-th=\"Shockproof\">Construction robuste r\u00e9sistant au recul et aux chocs.<\/td>\n<\/tr>\n<tr>\n<th class=\"col label Throw Lever\" scope=\"row\">Levier de lancement<\/th>\n<td class=\"col data\" data-th=\"Throw Lever\">Le levier de projection inclus peut \u00eatre install\u00e9 pour un r\u00e9glage rapide et facile du grossissement.<\/td>\n<\/tr>\n<\/tbody>\n<\/table>","protected":false},"featured_media":1388,"comment_status":"open","ping_status":"closed","template":"","meta":[],"etheme_brands":[{"term_id":47,"name":"Vortex","slug":"vortex","term_group":0,"term_taxonomy_id":47,"taxonomy":"brand","description":"","parent":0,"count":9,"filter":"raw"}],"product_brand":[],"product_cat":[49],"product_tag":[],"class_list":{"0":"post-1326","1":"product","2":"type-product","3":"status-publish","4":"has-post-thumbnail","6":"brand-vortex","7":"product_cat-rifle-scopes","9":"first","10":"instock","11":"sale","12":"taxable","13":"shipping-taxable","14":"purchasable","15":"product-type-simple"},"yoast_head":"<!-- This site is optimized with the Yoast SEO Premium plugin v25.7.1 (Yoast SEO v27.4) - https:\/\/yoast.com\/product\/yoast-seo-premium-wordpress\/ -->\n<title>Vortex STRIKE EAGLE\u00ae 2.0 1-6x24 SFP LVPO IR AR-BDC3 MOA Rifle Scope - Hunter Optics<\/title>\n<meta name=\"description\" content=\"A true 1x on the low end, Strike Eagle zooms to let shooters rapidly engage targets near and far, and an AR-BDC3 reticle aids in rapid shooting while providing holdover and ranging references from 0-600 yards.\" \/>\n<meta name=\"robots\" content=\"index, follow, max-snippet:-1, max-image-preview:large, max-video-preview:-1\" \/>\n<link rel=\"canonical\" href=\"https:\/\/hunter-optics.com\/fr\/produit\/lunette-de-tir-vortex-strike-eagle-2-0-1-6x24-sfp-lvpo-ir-ar-bdc3-moa\/\" \/>\n<meta property=\"og:locale\" content=\"fr_FR\" \/>\n<meta property=\"og:type\" content=\"article\" \/>\n<meta property=\"og:title\" content=\"Vortex STRIKE EAGLE\u00ae 2.0 1-6x24 SFP LVPO IR AR-BDC3 MOA Rifle Scope\" \/>\n<meta property=\"og:description\" content=\"A true 1x on the low end, Strike Eagle zooms to let shooters rapidly engage targets near and far, and an AR-BDC3 reticle aids in rapid shooting while providing holdover and ranging references from 0-600 yards.\" \/>\n<meta property=\"og:url\" content=\"https:\/\/hunter-optics.com\/fr\/produit\/lunette-de-tir-vortex-strike-eagle-2-0-1-6x24-sfp-lvpo-ir-ar-bdc3-moa\/\" \/>\n<meta property=\"og:site_name\" content=\"Hunter Optics\" \/>\n<meta property=\"article:modified_time\" content=\"2025-08-09T09:46:23+00:00\" \/>\n<meta property=\"og:image\" content=\"https:\/\/hunter-optics.com\/wp-content\/uploads\/2025\/07\/Vortex-Strike-Eagle-2.0.jpg\" \/>\n\t<meta property=\"og:image:width\" content=\"876\" \/>\n\t<meta property=\"og:image:height\" content=\"876\" \/>\n\t<meta property=\"og:image:type\" content=\"image\/jpeg\" \/>\n<meta name=\"twitter:card\" content=\"summary_large_image\" \/>\n<meta name=\"twitter:label1\" content=\"Prix\" \/>\n\t<meta name=\"twitter:data1\" content=\"&#036;389.99\" \/>\n\t<meta name=\"twitter:label2\" content=\"Disponibilit\u00e9\" \/>\n\t<meta name=\"twitter:data2\" content=\"En stock\" \/>\n<script type=\"application\/ld+json\" class=\"yoast-schema-graph\">{\"@context\":\"https:\\\/\\\/schema.org\",\"@graph\":[{\"@type\":\"WebPage\",\"@id\":\"https:\\\/\\\/hunter-optics.com\\\/product\\\/vortex-strike-eagle-2-0-1-6x24-sfp-lvpo-ir-ar-bdc3-moa-rifle-scope\\\/\",\"url\":\"https:\\\/\\\/hunter-optics.com\\\/product\\\/vortex-strike-eagle-2-0-1-6x24-sfp-lvpo-ir-ar-bdc3-moa-rifle-scope\\\/\",\"name\":\"Vortex STRIKE EAGLE\u00ae 2.0 1-6x24 SFP LVPO IR AR-BDC3 MOA Rifle Scope - Hunter Optics\",\"isPartOf\":{\"@id\":\"https:\\\/\\\/hunter-optics.com\\\/#website\"},\"primaryImageOfPage\":{\"@id\":\"https:\\\/\\\/hunter-optics.com\\\/product\\\/vortex-strike-eagle-2-0-1-6x24-sfp-lvpo-ir-ar-bdc3-moa-rifle-scope\\\/#primaryimage\"},\"image\":{\"@id\":\"https:\\\/\\\/hunter-optics.com\\\/product\\\/vortex-strike-eagle-2-0-1-6x24-sfp-lvpo-ir-ar-bdc3-moa-rifle-scope\\\/#primaryimage\"},\"thumbnailUrl\":\"https:\\\/\\\/hunter-optics.com\\\/wp-content\\\/uploads\\\/2025\\\/07\\\/Vortex-Strike-Eagle-2.0.jpg\",\"datePublished\":\"2025-07-03T08:30:09+00:00\",\"dateModified\":\"2025-08-09T09:46:23+00:00\",\"description\":\"A true 1x on the low end, Strike Eagle zooms to let shooters rapidly engage targets near and far, and an AR-BDC3 reticle aids in rapid shooting while providing holdover and ranging references from 0-600 yards.\",\"breadcrumb\":{\"@id\":\"https:\\\/\\\/hunter-optics.com\\\/product\\\/vortex-strike-eagle-2-0-1-6x24-sfp-lvpo-ir-ar-bdc3-moa-rifle-scope\\\/#breadcrumb\"},\"inLanguage\":\"fr-FR\",\"potentialAction\":[{\"@type\":\"ReadAction\",\"target\":[\"https:\\\/\\\/hunter-optics.com\\\/product\\\/vortex-strike-eagle-2-0-1-6x24-sfp-lvpo-ir-ar-bdc3-moa-rifle-scope\\\/\"]}]},{\"@type\":\"ImageObject\",\"inLanguage\":\"fr-FR\",\"@id\":\"https:\\\/\\\/hunter-optics.com\\\/product\\\/vortex-strike-eagle-2-0-1-6x24-sfp-lvpo-ir-ar-bdc3-moa-rifle-scope\\\/#primaryimage\",\"url\":\"https:\\\/\\\/hunter-optics.com\\\/wp-content\\\/uploads\\\/2025\\\/07\\\/Vortex-Strike-Eagle-2.0.jpg\",\"contentUrl\":\"https:\\\/\\\/hunter-optics.com\\\/wp-content\\\/uploads\\\/2025\\\/07\\\/Vortex-Strike-Eagle-2.0.jpg\",\"width\":876,\"height\":876},{\"@type\":\"BreadcrumbList\",\"@id\":\"https:\\\/\\\/hunter-optics.com\\\/product\\\/vortex-strike-eagle-2-0-1-6x24-sfp-lvpo-ir-ar-bdc3-moa-rifle-scope\\\/#breadcrumb\",\"itemListElement\":[{\"@type\":\"ListItem\",\"position\":1,\"name\":\"Home\",\"item\":\"https:\\\/\\\/hunter-optics.com\\\/\"},{\"@type\":\"ListItem\",\"position\":2,\"name\":\"Products\",\"item\":\"https:\\\/\\\/hunter-optics.com\\\/shop\\\/\"},{\"@type\":\"ListItem\",\"position\":3,\"name\":\"Vortex STRIKE EAGLE\u00ae 2.0 1-6&#215;24 SFP LVPO IR AR-BDC3 MOA Rifle Scope\"}]},{\"@type\":\"WebSite\",\"@id\":\"https:\\\/\\\/hunter-optics.com\\\/#website\",\"url\":\"https:\\\/\\\/hunter-optics.com\\\/\",\"name\":\"Hunter Optics\",\"description\":\"Hunter Optics \u2014 Your Eye on the Target.\",\"publisher\":{\"@id\":\"https:\\\/\\\/hunter-optics.com\\\/#organization\"},\"potentialAction\":[{\"@type\":\"SearchAction\",\"target\":{\"@type\":\"EntryPoint\",\"urlTemplate\":\"https:\\\/\\\/hunter-optics.com\\\/?s={search_term_string}\"},\"query-input\":{\"@type\":\"PropertyValueSpecification\",\"valueRequired\":true,\"valueName\":\"search_term_string\"}}],\"inLanguage\":\"fr-FR\"},{\"@type\":\"Organization\",\"@id\":\"https:\\\/\\\/hunter-optics.com\\\/#organization\",\"name\":\"Hunter Optics\",\"url\":\"https:\\\/\\\/hunter-optics.com\\\/\",\"logo\":{\"@type\":\"ImageObject\",\"inLanguage\":\"fr-FR\",\"@id\":\"https:\\\/\\\/hunter-optics.com\\\/#\\\/schema\\\/logo\\\/image\\\/\",\"url\":\"https:\\\/\\\/hunter-optics.com\\\/wp-content\\\/uploads\\\/2025\\\/06\\\/hunter-optics-logo-1.png\",\"contentUrl\":\"https:\\\/\\\/hunter-optics.com\\\/wp-content\\\/uploads\\\/2025\\\/06\\\/hunter-optics-logo-1.png\",\"width\":937,\"height\":373,\"caption\":\"Hunter Optics\"},\"image\":{\"@id\":\"https:\\\/\\\/hunter-optics.com\\\/#\\\/schema\\\/logo\\\/image\\\/\"}}]}<\/script>\n<meta property=\"product:brand\" content=\"Vortex\" \/>\n<meta property=\"product:price:amount\" content=\"389.99\" \/>\n<meta property=\"product:price:currency\" content=\"USD\" \/>\n<meta property=\"og:availability\" content=\"instock\" \/>\n<meta property=\"product:availability\" content=\"instock\" \/>\n<meta property=\"product:condition\" content=\"new\" \/>\n<!-- \/ Yoast SEO Premium plugin. -->","yoast_head_json":{"title":"Vortex STRIKE EAGLE\u00ae 2.0 1-6x24 SFP LVPO IR AR-BDC3 MOA Lunette de vis\u00e9e - Hunter Optics","description":"V\u00e9ritable 1x sur le bas de gamme, Strike Eagle zoome pour permettre aux tireurs d'engager rapidement des cibles proches et lointaines, et un r\u00e9ticule AR-BDC3 facilite le tir rapide tout en fournissant des r\u00e9f\u00e9rences de maintien et de distance de 0 \u00e0 600 m\u00e8tres.","robots":{"index":"index","follow":"follow","max-snippet":"max-snippet:-1","max-image-preview":"max-image-preview:large","max-video-preview":"max-video-preview:-1"},"canonical":"https:\/\/hunter-optics.com\/fr\/produit\/lunette-de-tir-vortex-strike-eagle-2-0-1-6x24-sfp-lvpo-ir-ar-bdc3-moa\/","og_locale":"fr_FR","og_type":"article","og_title":"Vortex STRIKE EAGLE\u00ae 2.0 1-6x24 SFP LVPO IR AR-BDC3 MOA Rifle Scope","og_description":"A true 1x on the low end, Strike Eagle zooms to let shooters rapidly engage targets near and far, and an AR-BDC3 reticle aids in rapid shooting while providing holdover and ranging references from 0-600 yards.","og_url":"https:\/\/hunter-optics.com\/fr\/produit\/lunette-de-tir-vortex-strike-eagle-2-0-1-6x24-sfp-lvpo-ir-ar-bdc3-moa\/","og_site_name":"Hunter Optics","article_modified_time":"2025-08-09T09:46:23+00:00","og_image":[{"width":876,"height":876,"url":"https:\/\/hunter-optics.com\/wp-content\/uploads\/2025\/07\/Vortex-Strike-Eagle-2.0.jpg","type":"image\/jpeg"}],"twitter_card":"summary_large_image","twitter_misc":{"Prix":"&#36;389.99","Disponibilit\u00e9":"En stock"},"schema":{"@context":"https:\/\/schema.org","@graph":[{"@type":"WebPage","@id":"https:\/\/hunter-optics.com\/product\/vortex-strike-eagle-2-0-1-6x24-sfp-lvpo-ir-ar-bdc3-moa-rifle-scope\/","url":"https:\/\/hunter-optics.com\/product\/vortex-strike-eagle-2-0-1-6x24-sfp-lvpo-ir-ar-bdc3-moa-rifle-scope\/","name":"Vortex STRIKE EAGLE\u00ae 2.0 1-6x24 SFP LVPO IR AR-BDC3 MOA Lunette de vis\u00e9e - Hunter Optics","isPartOf":{"@id":"https:\/\/hunter-optics.com\/#website"},"primaryImageOfPage":{"@id":"https:\/\/hunter-optics.com\/product\/vortex-strike-eagle-2-0-1-6x24-sfp-lvpo-ir-ar-bdc3-moa-rifle-scope\/#primaryimage"},"image":{"@id":"https:\/\/hunter-optics.com\/product\/vortex-strike-eagle-2-0-1-6x24-sfp-lvpo-ir-ar-bdc3-moa-rifle-scope\/#primaryimage"},"thumbnailUrl":"https:\/\/hunter-optics.com\/wp-content\/uploads\/2025\/07\/Vortex-Strike-Eagle-2.0.jpg","datePublished":"2025-07-03T08:30:09+00:00","dateModified":"2025-08-09T09:46:23+00:00","description":"V\u00e9ritable 1x sur le bas de gamme, Strike Eagle zoome pour permettre aux tireurs d'engager rapidement des cibles proches et lointaines, et un r\u00e9ticule AR-BDC3 facilite le tir rapide tout en fournissant des r\u00e9f\u00e9rences de maintien et de distance de 0 \u00e0 600 m\u00e8tres.","breadcrumb":{"@id":"https:\/\/hunter-optics.com\/product\/vortex-strike-eagle-2-0-1-6x24-sfp-lvpo-ir-ar-bdc3-moa-rifle-scope\/#breadcrumb"},"inLanguage":"fr-FR","potentialAction":[{"@type":"ReadAction","target":["https:\/\/hunter-optics.com\/product\/vortex-strike-eagle-2-0-1-6x24-sfp-lvpo-ir-ar-bdc3-moa-rifle-scope\/"]}]},{"@type":"ImageObject","inLanguage":"fr-FR","@id":"https:\/\/hunter-optics.com\/product\/vortex-strike-eagle-2-0-1-6x24-sfp-lvpo-ir-ar-bdc3-moa-rifle-scope\/#primaryimage","url":"https:\/\/hunter-optics.com\/wp-content\/uploads\/2025\/07\/Vortex-Strike-Eagle-2.0.jpg","contentUrl":"https:\/\/hunter-optics.com\/wp-content\/uploads\/2025\/07\/Vortex-Strike-Eagle-2.0.jpg","width":876,"height":876},{"@type":"BreadcrumbList","@id":"https:\/\/hunter-optics.com\/product\/vortex-strike-eagle-2-0-1-6x24-sfp-lvpo-ir-ar-bdc3-moa-rifle-scope\/#breadcrumb","itemListElement":[{"@type":"ListItem","position":1,"name":"Home","item":"https:\/\/hunter-optics.com\/"},{"@type":"ListItem","position":2,"name":"Products","item":"https:\/\/hunter-optics.com\/shop\/"},{"@type":"ListItem","position":3,"name":"Vortex STRIKE EAGLE\u00ae 2.0 1-6&#215;24 SFP LVPO IR AR-BDC3 MOA Rifle Scope"}]},{"@type":"WebSite","@id":"https:\/\/hunter-optics.com\/#website","url":"https:\/\/hunter-optics.com\/","name":"Optique Hunter","description":"Optique du chasseur - L'\u0153il sur la cible.","publisher":{"@id":"https:\/\/hunter-optics.com\/#organization"},"potentialAction":[{"@type":"SearchAction","target":{"@type":"EntryPoint","urlTemplate":"https:\/\/hunter-optics.com\/?s={search_term_string}"},"query-input":{"@type":"PropertyValueSpecification","valueRequired":true,"valueName":"search_term_string"}}],"inLanguage":"fr-FR"},{"@type":"Organization","@id":"https:\/\/hunter-optics.com\/#organization","name":"Optique Hunter","url":"https:\/\/hunter-optics.com\/","logo":{"@type":"ImageObject","inLanguage":"fr-FR","@id":"https:\/\/hunter-optics.com\/#\/schema\/logo\/image\/","url":"https:\/\/hunter-optics.com\/wp-content\/uploads\/2025\/06\/hunter-optics-logo-1.png","contentUrl":"https:\/\/hunter-optics.com\/wp-content\/uploads\/2025\/06\/hunter-optics-logo-1.png","width":937,"height":373,"caption":"Hunter Optics"},"image":{"@id":"https:\/\/hunter-optics.com\/#\/schema\/logo\/image\/"}}]},"product_brand":"Vortex","product_price_amount":"389.99","product_price_currency":"USD","og_availability":"instock","product_availability":"instock","product_condition":"new"},"_links":{"self":[{"href":"https:\/\/hunter-optics.com\/fr\/wp-json\/wp\/v2\/product\/1326","targetHints":{"allow":["GET"]}}],"collection":[{"href":"https:\/\/hunter-optics.com\/fr\/wp-json\/wp\/v2\/product"}],"about":[{"href":"https:\/\/hunter-optics.com\/fr\/wp-json\/wp\/v2\/types\/product"}],"replies":[{"embeddable":true,"href":"https:\/\/hunter-optics.com\/fr\/wp-json\/wp\/v2\/comments?post=1326"}],"version-history":[{"count":3,"href":"https:\/\/hunter-optics.com\/fr\/wp-json\/wp\/v2\/product\/1326\/revisions"}],"predecessor-version":[{"id":1661,"href":"https:\/\/hunter-optics.com\/fr\/wp-json\/wp\/v2\/product\/1326\/revisions\/1661"}],"wp:featuredmedia":[{"embeddable":true,"href":"https:\/\/hunter-optics.com\/fr\/wp-json\/wp\/v2\/media\/1388"}],"wp:attachment":[{"href":"https:\/\/hunter-optics.com\/fr\/wp-json\/wp\/v2\/media?parent=1326"}],"wp:term":[{"taxonomy":"brand","embeddable":true,"href":"https:\/\/hunter-optics.com\/fr\/wp-json\/wp\/v2\/etheme_brands?post=1326"},{"taxonomy":"product_brand","embeddable":true,"href":"https:\/\/hunter-optics.com\/fr\/wp-json\/wp\/v2\/product_brand?post=1326"},{"taxonomy":"product_cat","embeddable":true,"href":"https:\/\/hunter-optics.com\/fr\/wp-json\/wp\/v2\/product_cat?post=1326"},{"taxonomy":"product_tag","embeddable":true,"href":"https:\/\/hunter-optics.com\/fr\/wp-json\/wp\/v2\/product_tag?post=1326"}],"curies":[{"name":"wp","href":"https:\/\/api.w.org\/{rel}","templated":true}]}}