{"id":1306,"date":"2025-07-03T07:14:18","date_gmt":"2025-07-03T07:14:18","guid":{"rendered":"https:\/\/hunter-optics.com\/?post_type=product&#038;p=1306"},"modified":"2025-10-27T08:49:49","modified_gmt":"2025-10-27T08:49:49","slug":"riton-5-conquer-5-25x50ir-moa","status":"publish","type":"product","link":"https:\/\/hunter-optics.com\/fr\/produit\/riton-5-conquer-5-25x50ir-moa\/","title":{"rendered":"Riton 5 Conquer 5-25x50IR MOA"},"content":{"rendered":"<h4 class=\"a-spacing-mini\">Riton 5 Conquer 5-25\u00d750 MOA<\/h4>\n<h5 class=\"a-spacing-mini\">Description<\/h5>\n<p class=\"a-spacing-base\">Avec un tube de 34 mm et un rapport de grossissement de 5x, la 5 Conquer 5-25\u00d750 de Riton pr\u00e9sente la combinaison parfaite de clart\u00e9 et de durabilit\u00e9 pour assurer la r\u00e9ussite de chaque tir. Avec un r\u00e9ticule \u00e0 premier plan focal (FFP), un levier de lancement int\u00e9gr\u00e9, des tourelles avanc\u00e9es Riton R5 Zero Stop, cette optique permettra des tirs rapides sur la cible \u00e0 n'importe quelle distance.<\/p>\n<h5>Promesse de Riton<\/h5>\n<p class=\"a-spacing-base\">Le service \u00e9tant au c\u0153ur de tout ce que nous faisons chez Riton, nous fournissons le meilleur service de l'industrie sur tous les produits non \u00e9lectro-optiques, y compris les lunettes de vis\u00e9e variables et les accessoires. Si vous avez un probl\u00e8me avec votre optique, renvoyez-la nous avec un formulaire de r\u00e9clamation et nous la remplacerons par un produit neuf. Vous recevrez une communication concernant la r\u00e9paration ou le remplacement de votre produit dans les deux jours ouvrables suivant la r\u00e9ception et l'approbation du retour.<\/p>\n<h3 class=\"a-spacing-mini\">En savoir plus sur le r\u00e9ticule BAF de Riton<\/h3>\n<p class=\"a-spacing-base\">La 5 Conquer 5-25\u00d750 MOA in First Focal Plane est \u00e9quip\u00e9e du r\u00e9ticule BAF (Ballistic Accusation FFP). Il s'agit d'un r\u00e9ticule arborescent tr\u00e8s pr\u00e9cis de \u00bd MOA. Con\u00e7u pour ceux qui veulent faire de tr\u00e8s petits changements et atteindre des cibles de toute taille \u00e0 n'importe quelle distance.<\/p>\n<ul class=\"a-unordered-list a-vertical\">\n<li><span class=\"a-list-item\">.Point central de 0,25 MOA<\/span><\/li>\n<li><span class=\"a-list-item\">Indicateurs MOA gauche\/droite<\/span><\/li>\n<\/ul>\n<div class=\"apm-flex-item-fourth-width\">\n<p class=\"apm-text-center\"><img decoding=\"async\" class=\"\" src=\"https:\/\/m.media-amazon.com\/images\/S\/aplus-media-library-service-media\/2a3691ca-1ba6-425a-81d6-eea9b48041b0.__CR18,0,464,464_PT0_SX220_V1___.jpg\" alt=\"RitonOptics.EPCleanRoom.Icon\" data-src=\"https:\/\/m.media-amazon.com\/images\/S\/aplus-media-library-service-media\/2a3691ca-1ba6-425a-81d6-eea9b48041b0.__CR18,0,464,464_PT0_SX220_V1___.jpg\" \/><\/p>\n<h4 class=\"a-spacing-mini\">Assemblage en salle blanche EP<\/h4>\n<p class=\"a-size-small\">Toutes nos optiques sont assembl\u00e9es dans une salle blanche prot\u00e9g\u00e9e de l'environnement. Cela permet de s'assurer que chaque optique est exempte de d\u00e9bris.<\/p>\n<\/div>\n<div class=\"apm-flex-item-fourth-width\">\n<p class=\"apm-text-center\"><img decoding=\"async\" class=\"\" src=\"https:\/\/m.media-amazon.com\/images\/S\/aplus-media-library-service-media\/be7a0589-7a1f-4e33-991d-031fdeda1e6b.__CR18,0,464,464_PT0_SX220_V1___.jpg\" alt=\"RitonOptics.Waterproof.Icon\" data-src=\"https:\/\/m.media-amazon.com\/images\/S\/aplus-media-library-service-media\/be7a0589-7a1f-4e33-991d-031fdeda1e6b.__CR18,0,464,464_PT0_SX220_V1___.jpg\" \/><\/p>\n<h4 class=\"a-spacing-mini\">\u00c9tanch\u00e9it\u00e9 et r\u00e9sistance aux chocs<\/h4>\n<p class=\"a-size-small\">Chaque optique est garantie \u00e9tanche et r\u00e9sistante aux chocs. Chaque optique est test\u00e9e jusqu'\u00e0 1200 g.<\/p>\n<\/div>\n<div class=\"apm-flex-item-fourth-width\">\n<p class=\"apm-text-center\"><img decoding=\"async\" class=\"\" src=\"https:\/\/m.media-amazon.com\/images\/S\/aplus-media-library-service-media\/f15dac1c-1de6-4ffc-8bc8-75b718848e9a.__CR18,0,464,464_PT0_SX220_V1___.jpg\" alt=\"RitonOptics.FastFocus.Icon\" data-src=\"https:\/\/m.media-amazon.com\/images\/S\/aplus-media-library-service-media\/f15dac1c-1de6-4ffc-8bc8-75b718848e9a.__CR18,0,464,464_PT0_SX220_V1___.jpg\" \/><\/p>\n<h4 class=\"a-spacing-mini\">\u00c9quip\u00e9 de notre oculaire \u00e0 mise au point rapide<\/h4>\n<p class=\"a-size-small\">Pour que tous les yeux puissent utiliser nos optiques, chacune d'entre elles est \u00e9quip\u00e9e d'un oculaire \u00e0 mise au point rapide.<\/p>\n<\/div>\n<div class=\"apm-flex-item-fourth-width\">\n<p class=\"apm-text-center\"><img decoding=\"async\" class=\"\" src=\"https:\/\/m.media-amazon.com\/images\/S\/aplus-media-library-service-media\/dd84b561-06be-4aba-94a6-94cb4782c51f.__CR18,0,464,464_PT0_SX220_V1___.jpg\" alt=\"RitonOptics.RuggedConstruction.Icon\" data-src=\"https:\/\/m.media-amazon.com\/images\/S\/aplus-media-library-service-media\/dd84b561-06be-4aba-94a6-94cb4782c51f.__CR18,0,464,464_PT0_SX220_V1___.jpg\" \/><\/p>\n<h4 class=\"a-spacing-mini\">Construction durable et robuste en aluminium<\/h4>\n<p class=\"a-size-small\">Toutes nos optiques sont fabriqu\u00e9es \u00e0 partir d'aluminium de qualit\u00e9 a\u00e9ronautique et d'un verre r\u00e9sistant, pr\u00eat \u00e0 affronter les \u00e9l\u00e9ments.<\/p>\n<h3 class=\"a-size-extra-large a-spacing-base a-text-center\">Sp\u00e9cifications compl\u00e8tes<\/h3>\n<div class=\"a-row\">\n<div class=\"a-column a-span12 aplus-tech-spec-hide-loading\">\n<table class=\"a-bordered a-horizontal-stripes aplus-tech-spec-table\">\n<tbody>\n<tr>\n<td class=\"a-text-bold\">Agrandissement<\/td>\n<td>5-25<\/td>\n<\/tr>\n<tr>\n<td class=\"a-text-bold\">R\u00e9glage de la parallaxe<\/td>\n<td>10-infini<\/td>\n<\/tr>\n<tr>\n<td class=\"a-text-bold\">Diam\u00e8tre du tube<\/td>\n<td>34 mm<\/td>\n<\/tr>\n<tr>\n<td class=\"a-text-bold\">Diam\u00e8tre de l'objectif<\/td>\n<td>50 mm<\/td>\n<\/tr>\n<tr>\n<td class=\"a-text-bold\">Position de l'objectif focal<\/td>\n<td>Premier plan focal<\/td>\n<\/tr>\n<tr>\n<td class=\"a-text-bold\">Traitement des lentilles<\/td>\n<td>Enti\u00e8rement multicouches, bande large, rev\u00eatement \u00e9tanche, am\u00e9lioration de la luminosit\u00e9 en cas de faible luminosit\u00e9<\/td>\n<\/tr>\n<tr>\n<td class=\"a-text-bold\">R\u00e9ticule<\/td>\n<td>BAF, illumin\u00e9<\/td>\n<\/tr>\n<tr>\n<td class=\"a-text-bold\">Champ de vision \u00e0 100 m\u00e8tres<\/td>\n<td>22.5ft-4.5ft<\/td>\n<\/tr>\n<tr>\n<td class=\"a-text-bold\">Soulagement des yeux<\/td>\n<td>1\/4\u201d<\/td>\n<\/tr>\n<tr>\n<td class=\"a-text-bold\">Sortie de l'\u00e9l\u00e8ve<\/td>\n<td>Bas 10,2 mm - Haut 2,2 mm<\/td>\n<\/tr>\n<tr>\n<td class=\"a-text-bold\">Valeur de clic \u00e0 100 yds\/m<\/td>\n<td>1\/4\u201d<\/td>\n<\/tr>\n<tr>\n<td class=\"a-text-bold\">Plage de r\u00e9glage<\/td>\n<td>70 MOA<\/td>\n<\/tr>\n<tr>\n<td class=\"a-text-bold\">Longueur de montage<\/td>\n<td>7.75in\/196mm<\/td>\n<\/tr>\n<tr>\n<td class=\"a-text-bold\">Longueur<\/td>\n<td>15,37 pouces\/390 mm<\/td>\n<\/tr>\n<tr>\n<td class=\"a-text-bold\">Poids<\/td>\n<td>34oz\/963g<\/td>\n<\/tr>\n<tr>\n<td class=\"a-text-bold\">\u00c9l\u00e9ments inclus<\/td>\n<td>Couvre-objectifs relevables, chiffon \u00e0 lentilles, cl\u00e9 Allen<\/td>\n<\/tr>\n<\/tbody>\n<\/table>\n<\/div>\n<\/div>\n<\/div>","protected":false},"excerpt":{"rendered":"<h4>CARACT\u00c9RISTIQUES DU PRODUIT :<\/h4>\n<div class=\"a-section\">\n<ul class=\"a-unordered-list a-vertical\">\n<li><span class=\"a-list-item\"><span class=\"a-size-base\">\u00c9quip\u00e9 des tourelles d'arr\u00eat du z\u00e9ro R5 de Riton pour un retour au z\u00e9ro instantan\u00e9 et fiable<\/span><\/span><\/li>\n<li><span class=\"a-list-item\"><span class=\"a-size-base\">Levier de lancement amovible int\u00e9gr\u00e9<\/span><\/span><\/li>\n<li><span class=\"a-list-item\"><span class=\"a-size-base\">R\u00e9glage de l'orientation et de l'\u00e9l\u00e9vation \u00e0 1\/4 MOA<\/span><\/span><\/li>\n<li><span class=\"a-list-item\"><span class=\"a-size-base\">6 niveaux d'\u00e9clairage rouge avec activation\/d\u00e9sactivation entre chaque niveau<\/span><\/span><\/li>\n<\/ul>\n<\/div>","protected":false},"featured_media":1381,"comment_status":"open","ping_status":"closed","template":"","meta":[],"etheme_brands":[{"term_id":44,"name":"Riton","slug":"riton","term_group":0,"term_taxonomy_id":44,"taxonomy":"brand","description":"","parent":0,"count":18,"filter":"raw"}],"product_brand":[],"product_cat":[49],"product_tag":[],"class_list":{"0":"post-1306","1":"product","2":"type-product","3":"status-publish","4":"has-post-thumbnail","6":"brand-riton","7":"product_cat-rifle-scopes","9":"first","10":"instock","11":"sale","12":"taxable","13":"shipping-taxable","14":"purchasable","15":"product-type-simple"},"yoast_head":"<!-- This site is optimized with the Yoast SEO Premium plugin v25.7.1 (Yoast SEO v27.4) - https:\/\/yoast.com\/product\/yoast-seo-premium-wordpress\/ -->\n<title>Riton 5 Conquer 5-25x50IR MOA - Hunter Optics<\/title>\n<meta name=\"robots\" content=\"index, follow, max-snippet:-1, max-image-preview:large, max-video-preview:-1\" \/>\n<link rel=\"canonical\" href=\"https:\/\/hunter-optics.com\/fr\/produit\/riton-5-conquer-5-25x50ir-moa\/\" \/>\n<meta property=\"og:locale\" content=\"fr_FR\" \/>\n<meta property=\"og:type\" content=\"article\" \/>\n<meta property=\"og:title\" content=\"Riton 5 Conquer 5-25x50IR MOA\" \/>\n<meta property=\"og:description\" content=\"PRODUCT FEATURES:    Equipped with Riton\u2019s R5 Zero Stop Turrets for Instant and Reliable Return to Zero  Integrated Removable Throw Lever  1\/4 MOA Windage and Elevation Adjustment  6 levels of red illumination featuring on\/off between each level\" \/>\n<meta property=\"og:url\" content=\"https:\/\/hunter-optics.com\/fr\/produit\/riton-5-conquer-5-25x50ir-moa\/\" \/>\n<meta property=\"og:site_name\" content=\"Hunter Optics\" \/>\n<meta property=\"article:modified_time\" content=\"2025-10-27T08:49:49+00:00\" \/>\n<meta property=\"og:image\" content=\"https:\/\/hunter-optics.com\/wp-content\/uploads\/2025\/07\/Riton-5-Conquer-5-25x50IR-FFP-MOA.jpg\" \/>\n\t<meta property=\"og:image:width\" content=\"876\" \/>\n\t<meta property=\"og:image:height\" content=\"876\" \/>\n\t<meta property=\"og:image:type\" content=\"image\/jpeg\" \/>\n<meta name=\"twitter:card\" content=\"summary_large_image\" \/>\n<meta name=\"twitter:label1\" content=\"Prix\" \/>\n\t<meta name=\"twitter:data1\" content=\"&#036;629.99\" \/>\n\t<meta name=\"twitter:label2\" content=\"Disponibilit\u00e9\" \/>\n\t<meta name=\"twitter:data2\" content=\"En stock\" \/>\n<script type=\"application\/ld+json\" class=\"yoast-schema-graph\">{\"@context\":\"https:\\\/\\\/schema.org\",\"@graph\":[{\"@type\":\"WebPage\",\"@id\":\"https:\\\/\\\/hunter-optics.com\\\/product\\\/riton-5-conquer-5-25x50ir-moa\\\/\",\"url\":\"https:\\\/\\\/hunter-optics.com\\\/product\\\/riton-5-conquer-5-25x50ir-moa\\\/\",\"name\":\"Riton 5 Conquer 5-25x50IR MOA - Hunter Optics\",\"isPartOf\":{\"@id\":\"https:\\\/\\\/hunter-optics.com\\\/#website\"},\"primaryImageOfPage\":{\"@id\":\"https:\\\/\\\/hunter-optics.com\\\/product\\\/riton-5-conquer-5-25x50ir-moa\\\/#primaryimage\"},\"image\":{\"@id\":\"https:\\\/\\\/hunter-optics.com\\\/product\\\/riton-5-conquer-5-25x50ir-moa\\\/#primaryimage\"},\"thumbnailUrl\":\"https:\\\/\\\/hunter-optics.com\\\/wp-content\\\/uploads\\\/2025\\\/07\\\/Riton-5-Conquer-5-25x50IR-FFP-MOA.jpg\",\"datePublished\":\"2025-07-03T07:14:18+00:00\",\"dateModified\":\"2025-10-27T08:49:49+00:00\",\"breadcrumb\":{\"@id\":\"https:\\\/\\\/hunter-optics.com\\\/product\\\/riton-5-conquer-5-25x50ir-moa\\\/#breadcrumb\"},\"inLanguage\":\"fr-FR\",\"potentialAction\":[{\"@type\":\"ReadAction\",\"target\":[\"https:\\\/\\\/hunter-optics.com\\\/product\\\/riton-5-conquer-5-25x50ir-moa\\\/\"]}]},{\"@type\":\"ImageObject\",\"inLanguage\":\"fr-FR\",\"@id\":\"https:\\\/\\\/hunter-optics.com\\\/product\\\/riton-5-conquer-5-25x50ir-moa\\\/#primaryimage\",\"url\":\"https:\\\/\\\/hunter-optics.com\\\/wp-content\\\/uploads\\\/2025\\\/07\\\/Riton-5-Conquer-5-25x50IR-FFP-MOA.jpg\",\"contentUrl\":\"https:\\\/\\\/hunter-optics.com\\\/wp-content\\\/uploads\\\/2025\\\/07\\\/Riton-5-Conquer-5-25x50IR-FFP-MOA.jpg\",\"width\":876,\"height\":876},{\"@type\":\"BreadcrumbList\",\"@id\":\"https:\\\/\\\/hunter-optics.com\\\/product\\\/riton-5-conquer-5-25x50ir-moa\\\/#breadcrumb\",\"itemListElement\":[{\"@type\":\"ListItem\",\"position\":1,\"name\":\"Home\",\"item\":\"https:\\\/\\\/hunter-optics.com\\\/\"},{\"@type\":\"ListItem\",\"position\":2,\"name\":\"Products\",\"item\":\"https:\\\/\\\/hunter-optics.com\\\/shop\\\/\"},{\"@type\":\"ListItem\",\"position\":3,\"name\":\"Riton 5 Conquer 5-25x50IR MOA\"}]},{\"@type\":\"WebSite\",\"@id\":\"https:\\\/\\\/hunter-optics.com\\\/#website\",\"url\":\"https:\\\/\\\/hunter-optics.com\\\/\",\"name\":\"Hunter Optics\",\"description\":\"Hunter Optics \u2014 Your Eye on the Target.\",\"publisher\":{\"@id\":\"https:\\\/\\\/hunter-optics.com\\\/#organization\"},\"potentialAction\":[{\"@type\":\"SearchAction\",\"target\":{\"@type\":\"EntryPoint\",\"urlTemplate\":\"https:\\\/\\\/hunter-optics.com\\\/?s={search_term_string}\"},\"query-input\":{\"@type\":\"PropertyValueSpecification\",\"valueRequired\":true,\"valueName\":\"search_term_string\"}}],\"inLanguage\":\"fr-FR\"},{\"@type\":\"Organization\",\"@id\":\"https:\\\/\\\/hunter-optics.com\\\/#organization\",\"name\":\"Hunter Optics\",\"url\":\"https:\\\/\\\/hunter-optics.com\\\/\",\"logo\":{\"@type\":\"ImageObject\",\"inLanguage\":\"fr-FR\",\"@id\":\"https:\\\/\\\/hunter-optics.com\\\/#\\\/schema\\\/logo\\\/image\\\/\",\"url\":\"https:\\\/\\\/hunter-optics.com\\\/wp-content\\\/uploads\\\/2025\\\/06\\\/hunter-optics-logo-1.png\",\"contentUrl\":\"https:\\\/\\\/hunter-optics.com\\\/wp-content\\\/uploads\\\/2025\\\/06\\\/hunter-optics-logo-1.png\",\"width\":937,\"height\":373,\"caption\":\"Hunter Optics\"},\"image\":{\"@id\":\"https:\\\/\\\/hunter-optics.com\\\/#\\\/schema\\\/logo\\\/image\\\/\"}}]}<\/script>\n<meta property=\"product:brand\" content=\"Riton\" \/>\n<meta property=\"product:price:amount\" content=\"629.99\" \/>\n<meta property=\"product:price:currency\" content=\"USD\" \/>\n<meta property=\"og:availability\" content=\"instock\" \/>\n<meta property=\"product:availability\" content=\"instock\" \/>\n<meta property=\"product:condition\" content=\"new\" \/>\n<!-- \/ Yoast SEO Premium plugin. -->","yoast_head_json":{"title":"Riton 5 Conquer 5-25x50IR MOA - Hunter Optics","robots":{"index":"index","follow":"follow","max-snippet":"max-snippet:-1","max-image-preview":"max-image-preview:large","max-video-preview":"max-video-preview:-1"},"canonical":"https:\/\/hunter-optics.com\/fr\/produit\/riton-5-conquer-5-25x50ir-moa\/","og_locale":"fr_FR","og_type":"article","og_title":"Riton 5 Conquer 5-25x50IR MOA","og_description":"PRODUCT FEATURES:    Equipped with Riton\u2019s R5 Zero Stop Turrets for Instant and Reliable Return to Zero  Integrated Removable Throw Lever  1\/4 MOA Windage and Elevation Adjustment  6 levels of red illumination featuring on\/off between each level","og_url":"https:\/\/hunter-optics.com\/fr\/produit\/riton-5-conquer-5-25x50ir-moa\/","og_site_name":"Hunter Optics","article_modified_time":"2025-10-27T08:49:49+00:00","og_image":[{"width":876,"height":876,"url":"https:\/\/hunter-optics.com\/wp-content\/uploads\/2025\/07\/Riton-5-Conquer-5-25x50IR-FFP-MOA.jpg","type":"image\/jpeg"}],"twitter_card":"summary_large_image","twitter_misc":{"Prix":"&#36;629.99","Disponibilit\u00e9":"En stock"},"schema":{"@context":"https:\/\/schema.org","@graph":[{"@type":"WebPage","@id":"https:\/\/hunter-optics.com\/product\/riton-5-conquer-5-25x50ir-moa\/","url":"https:\/\/hunter-optics.com\/product\/riton-5-conquer-5-25x50ir-moa\/","name":"Riton 5 Conquer 5-25x50IR MOA - Hunter Optics","isPartOf":{"@id":"https:\/\/hunter-optics.com\/#website"},"primaryImageOfPage":{"@id":"https:\/\/hunter-optics.com\/product\/riton-5-conquer-5-25x50ir-moa\/#primaryimage"},"image":{"@id":"https:\/\/hunter-optics.com\/product\/riton-5-conquer-5-25x50ir-moa\/#primaryimage"},"thumbnailUrl":"https:\/\/hunter-optics.com\/wp-content\/uploads\/2025\/07\/Riton-5-Conquer-5-25x50IR-FFP-MOA.jpg","datePublished":"2025-07-03T07:14:18+00:00","dateModified":"2025-10-27T08:49:49+00:00","breadcrumb":{"@id":"https:\/\/hunter-optics.com\/product\/riton-5-conquer-5-25x50ir-moa\/#breadcrumb"},"inLanguage":"fr-FR","potentialAction":[{"@type":"ReadAction","target":["https:\/\/hunter-optics.com\/product\/riton-5-conquer-5-25x50ir-moa\/"]}]},{"@type":"ImageObject","inLanguage":"fr-FR","@id":"https:\/\/hunter-optics.com\/product\/riton-5-conquer-5-25x50ir-moa\/#primaryimage","url":"https:\/\/hunter-optics.com\/wp-content\/uploads\/2025\/07\/Riton-5-Conquer-5-25x50IR-FFP-MOA.jpg","contentUrl":"https:\/\/hunter-optics.com\/wp-content\/uploads\/2025\/07\/Riton-5-Conquer-5-25x50IR-FFP-MOA.jpg","width":876,"height":876},{"@type":"BreadcrumbList","@id":"https:\/\/hunter-optics.com\/product\/riton-5-conquer-5-25x50ir-moa\/#breadcrumb","itemListElement":[{"@type":"ListItem","position":1,"name":"Home","item":"https:\/\/hunter-optics.com\/"},{"@type":"ListItem","position":2,"name":"Products","item":"https:\/\/hunter-optics.com\/shop\/"},{"@type":"ListItem","position":3,"name":"Riton 5 Conquer 5-25x50IR MOA"}]},{"@type":"WebSite","@id":"https:\/\/hunter-optics.com\/#website","url":"https:\/\/hunter-optics.com\/","name":"Optique Hunter","description":"Optique du chasseur - L'\u0153il sur la cible.","publisher":{"@id":"https:\/\/hunter-optics.com\/#organization"},"potentialAction":[{"@type":"SearchAction","target":{"@type":"EntryPoint","urlTemplate":"https:\/\/hunter-optics.com\/?s={search_term_string}"},"query-input":{"@type":"PropertyValueSpecification","valueRequired":true,"valueName":"search_term_string"}}],"inLanguage":"fr-FR"},{"@type":"Organization","@id":"https:\/\/hunter-optics.com\/#organization","name":"Optique Hunter","url":"https:\/\/hunter-optics.com\/","logo":{"@type":"ImageObject","inLanguage":"fr-FR","@id":"https:\/\/hunter-optics.com\/#\/schema\/logo\/image\/","url":"https:\/\/hunter-optics.com\/wp-content\/uploads\/2025\/06\/hunter-optics-logo-1.png","contentUrl":"https:\/\/hunter-optics.com\/wp-content\/uploads\/2025\/06\/hunter-optics-logo-1.png","width":937,"height":373,"caption":"Hunter Optics"},"image":{"@id":"https:\/\/hunter-optics.com\/#\/schema\/logo\/image\/"}}]},"product_brand":"Riton","product_price_amount":"629.99","product_price_currency":"USD","og_availability":"instock","product_availability":"instock","product_condition":"new"},"_links":{"self":[{"href":"https:\/\/hunter-optics.com\/fr\/wp-json\/wp\/v2\/product\/1306","targetHints":{"allow":["GET"]}}],"collection":[{"href":"https:\/\/hunter-optics.com\/fr\/wp-json\/wp\/v2\/product"}],"about":[{"href":"https:\/\/hunter-optics.com\/fr\/wp-json\/wp\/v2\/types\/product"}],"replies":[{"embeddable":true,"href":"https:\/\/hunter-optics.com\/fr\/wp-json\/wp\/v2\/comments?post=1306"}],"version-history":[{"count":4,"href":"https:\/\/hunter-optics.com\/fr\/wp-json\/wp\/v2\/product\/1306\/revisions"}],"predecessor-version":[{"id":1384,"href":"https:\/\/hunter-optics.com\/fr\/wp-json\/wp\/v2\/product\/1306\/revisions\/1384"}],"wp:featuredmedia":[{"embeddable":true,"href":"https:\/\/hunter-optics.com\/fr\/wp-json\/wp\/v2\/media\/1381"}],"wp:attachment":[{"href":"https:\/\/hunter-optics.com\/fr\/wp-json\/wp\/v2\/media?parent=1306"}],"wp:term":[{"taxonomy":"brand","embeddable":true,"href":"https:\/\/hunter-optics.com\/fr\/wp-json\/wp\/v2\/etheme_brands?post=1306"},{"taxonomy":"product_brand","embeddable":true,"href":"https:\/\/hunter-optics.com\/fr\/wp-json\/wp\/v2\/product_brand?post=1306"},{"taxonomy":"product_cat","embeddable":true,"href":"https:\/\/hunter-optics.com\/fr\/wp-json\/wp\/v2\/product_cat?post=1306"},{"taxonomy":"product_tag","embeddable":true,"href":"https:\/\/hunter-optics.com\/fr\/wp-json\/wp\/v2\/product_tag?post=1306"}],"curies":[{"name":"wp","href":"https:\/\/api.w.org\/{rel}","templated":true}]}}