{"id":1278,"date":"2025-07-03T06:01:36","date_gmt":"2025-07-03T06:01:36","guid":{"rendered":"https:\/\/hunter-optics.com\/?post_type=product&#038;p=1278"},"modified":"2025-10-27T08:43:01","modified_gmt":"2025-10-27T08:43:01","slug":"riton-3-tactix-1-8x24-2022fde","status":"publish","type":"product","link":"https:\/\/hunter-optics.com\/fr\/produit\/riton-3-tactix-1-8x24-2022fde\/","title":{"rendered":"Riton 3 TACTIX 1-8\u00d724 (2022)FDE"},"content":{"rendered":"<p><strong>CARACT\u00c9RISTIQUES DU PRODUIT :<\/strong><\/p>\n<ul>\n<li>Tourelles plafonn\u00e9es et r\u00e9initialisables \u00e0 z\u00e9ro<\/li>\n<li>Levier de lancement amovible int\u00e9gr\u00e9<\/li>\n<li>R\u00e9glage de la hauteur et du vent \u00e0 1\/2 MOA<\/li>\n<li>11 niveaux d'\u00e9clairage rouge<\/li>\n<li>Produit abandonn\u00e9<\/li>\n<\/ul>\n<h3 id=\"brxe-qcmket\" class=\"brxe-heading prod-tabs__title\">Caract\u00e9ristiques principales :<\/h3>\n<div id=\"brxe-pnyzeh\" class=\"brxe-block prod-tab-feature\">\n<div class=\"brxe-xfsvub brxe-block prod-tab-key-loop\">\n<p><img loading=\"lazy\" decoding=\"async\" class=\"brxe-rtihxw brxe-image prod-feature__icon css-filter size-full\" src=\"https:\/\/ritonoptics.com\/wp-content\/uploads\/dry-nitrogen-purged-and-sealed-1.png\" alt=\"\" width=\"72\" height=\"74\" \/><\/p>\n<div class=\"brxe-anynyj brxe-div\">\n<p class=\"brxe-abizyp brxe-text-basic prod-feature__title\">Purge et scellement \u00e0 l'azote sec<\/p>\n<p class=\"brxe-lprtvs brxe-text-basic prod-feature__txt\">Gr\u00e2ce \u00e0 l'azote, l'optique est purg\u00e9e et scell\u00e9e pour garantir des performances optimales dans toutes les conditions m\u00e9t\u00e9orologiques pendant toute la dur\u00e9e de vie du...<\/p>\n<\/div>\n<\/div>\n<div class=\"brxe-xfsvub brxe-block prod-tab-key-loop\">\n<p><img loading=\"lazy\" decoding=\"async\" class=\"brxe-rtihxw brxe-image prod-feature__icon css-filter size-full\" src=\"https:\/\/ritonoptics.com\/wp-content\/uploads\/precision-quality-1.png\" alt=\"\" width=\"72\" height=\"74\" \/><\/p>\n<div class=\"brxe-anynyj brxe-div\">\n<p class=\"brxe-abizyp brxe-text-basic prod-feature__title\">Assurance qualit\u00e9 de pr\u00e9cision<\/p>\n<p class=\"brxe-lprtvs brxe-text-basic prod-feature__txt\">Chaque produit Riton est soumis \u00e0 un processus rigoureux de contr\u00f4le de la qualit\u00e9 par des techniciens certifi\u00e9s \u00e0 Tucson, AZ. Chaque produit que vous recevez a subi...<\/p>\n<\/div>\n<\/div>\n<div class=\"brxe-xfsvub brxe-block prod-tab-key-loop\">\n<p><img loading=\"lazy\" decoding=\"async\" class=\"brxe-rtihxw brxe-image prod-feature__icon css-filter size-full\" src=\"https:\/\/ritonoptics.com\/wp-content\/uploads\/hd-glass-1.png\" alt=\"\" width=\"72\" height=\"74\" \/><\/p>\n<div class=\"brxe-anynyj brxe-div\">\n<p class=\"brxe-abizyp brxe-text-basic prod-feature__title\">Riton HD Glass<\/p>\n<p class=\"brxe-lprtvs brxe-text-basic prod-feature__txt\">Le verre haute densit\u00e9 (HD) de Riton offre une transmission de la lumi\u00e8re de 99,51 TTP3T pour une clart\u00e9 accrue et une image de vis\u00e9e optimale.<\/p>\n<\/div>\n<\/div>\n<div class=\"brxe-xfsvub brxe-block prod-tab-key-loop\">\n<p><img loading=\"lazy\" decoding=\"async\" class=\"brxe-rtihxw brxe-image prod-feature__icon css-filter size-full\" src=\"https:\/\/ritonoptics.com\/wp-content\/uploads\/performance-coating-1.png\" alt=\"\" width=\"72\" height=\"74\" \/><\/p>\n<div class=\"brxe-anynyj brxe-div\">\n<p class=\"brxe-abizyp brxe-text-basic prod-feature__title\">Riton Performance Coating<\/p>\n<p class=\"brxe-lprtvs brxe-text-basic prod-feature__txt\">Incorporant des lentilles exclusives \u00e0 traitement multiple, toutes les optiques Riton sont dot\u00e9es d'un traitement antireflet et anti-rayures, d'une bande large compl\u00e8te et d'une am\u00e9lioration de la luminosit\u00e9 pour...<\/p>\n<\/div>\n<\/div>\n<div class=\"brxe-xfsvub brxe-block prod-tab-key-loop\">\n<p><img loading=\"lazy\" decoding=\"async\" class=\"brxe-rtihxw brxe-image prod-feature__icon css-filter size-full\" src=\"https:\/\/ritonoptics.com\/wp-content\/uploads\/rugged-construction-1.png\" alt=\"\" width=\"72\" height=\"74\" \/><\/p>\n<div class=\"brxe-anynyj brxe-div\">\n<p class=\"brxe-abizyp brxe-text-basic prod-feature__title\">Construction robuste Riton<\/p>\n<p class=\"brxe-lprtvs brxe-text-basic prod-feature__txt\">La construction robuste de Riton incorpore l'utilisation d'aluminium de qualit\u00e9 a\u00e9ronautique 6061-T6, de tubes monoblocs usin\u00e9s CNC et d'une anodisation \u00e0 couche dure de type III....<\/p>\n<\/div>\n<\/div>\n<div class=\"brxe-xfsvub brxe-block prod-tab-key-loop\">\n<p><img loading=\"lazy\" decoding=\"async\" class=\"brxe-rtihxw brxe-image prod-feature__icon css-filter size-full\" src=\"https:\/\/ritonoptics.com\/wp-content\/uploads\/airgun-approved-1.png\" alt=\"\" width=\"72\" height=\"74\" \/><\/p>\n<div class=\"brxe-anynyj brxe-div\">\n<p class=\"brxe-abizyp brxe-text-basic prod-feature__title\">Approuv\u00e9 pour les armes \u00e0 air comprim\u00e9<\/p>\n<p class=\"brxe-lprtvs brxe-text-basic prod-feature__txt\">Les lunettes de vis\u00e9e Riton sont tr\u00e8s appr\u00e9ci\u00e9es et adapt\u00e9es \u00e0 l'utilisation d'armes \u00e0 air comprim\u00e9, offrant une grande durabilit\u00e9 et une excellente clart\u00e9 optique. Con\u00e7ues pour r\u00e9sister au recul unique...<\/p>\n<h3 id=\"brxe-qzyxzy\" class=\"brxe-heading prod-tabs__title\">Sp\u00e9cifications compl\u00e8tes :<\/h3>\n<div class=\"brxe-zlpnap brxe-block prod-tab-spec-loop\">\n<p class=\"brxe-ibnnrs brxe-text-basic tab-spec__value\">Grossissement : 1-8<\/p>\n<\/div>\n<div class=\"brxe-zlpnap brxe-block prod-tab-spec-loop\">\n<p class=\"brxe-ibnnrs brxe-text-basic tab-spec__value\">R\u00e9glage de la parallaxe : fixe \u00e0 100 m\u00e8tres<\/p>\n<\/div>\n<div class=\"brxe-zlpnap brxe-block prod-tab-spec-loop\">\n<p class=\"brxe-ibnnrs brxe-text-basic tab-spec__value\">Diam\u00e8tre du tube : 30 mm<\/p>\n<\/div>\n<div class=\"brxe-zlpnap brxe-block prod-tab-spec-loop\">\n<p class=\"brxe-ibnnrs brxe-text-basic tab-spec__value\">Diam\u00e8tre de l'objectif : 24 mm<\/p>\n<\/div>\n<div class=\"brxe-zlpnap brxe-block prod-tab-spec-loop\">\n<p class=\"brxe-ibnnrs brxe-text-basic tab-spec__value\">Position de l'objectif focal : Deuxi\u00e8me plan focal<\/p>\n<\/div>\n<div class=\"brxe-zlpnap brxe-block prod-tab-spec-loop\">\n<p class=\"brxe-ibnnrs brxe-text-basic tab-spec__value\">Traitement de l'objectif : enti\u00e8rement multicouche, bande large, traitement \u00e9tanche, am\u00e9lioration de la luminosit\u00e9.<\/p>\n<\/div>\n<div class=\"brxe-zlpnap brxe-block prod-tab-spec-loop\">\n<p class=\"brxe-ibnnrs brxe-text-basic tab-spec__value\">R\u00e9ticule:OT, illumin\u00e9<\/p>\n<\/div>\n<div class=\"brxe-zlpnap brxe-block prod-tab-spec-loop\">\n<p class=\"brxe-ibnnrs brxe-text-basic tab-spec__value\">Champ de vision \u00e0 100 yards:105.8ft-13.1ft<\/p>\n<\/div>\n<div class=\"brxe-zlpnap brxe-block prod-tab-spec-loop\">\n<p class=\"brxe-ibnnrs brxe-text-basic tab-spec__value\">Mat\u00e9riau : 6061-T6<\/p>\n<\/div>\n<div class=\"brxe-zlpnap brxe-block prod-tab-spec-loop\">\n<p class=\"brxe-ibnnrs brxe-text-basic tab-spec__value\">Relief oculaire : 3.5in\/90mm<\/p>\n<\/div>\n<div class=\"brxe-zlpnap brxe-block prod-tab-spec-loop\">\n<p class=\"brxe-ibnnrs brxe-text-basic tab-spec__value\">Pupille de sortie : basse 7,5 mm - haute 3 mm<\/p>\n<\/div>\n<div class=\"brxe-zlpnap brxe-block prod-tab-spec-loop\">\n<p class=\"brxe-ibnnrs brxe-text-basic tab-spec__value\">Valeur de clic \u00e0 100 yds\/m:1\/2\u201d<\/p>\n<\/div>\n<div class=\"brxe-zlpnap brxe-block prod-tab-spec-loop\">\n<p class=\"brxe-ibnnrs brxe-text-basic tab-spec__value\">Plage de r\u00e9glage : 182 MOA<\/p>\n<\/div>\n<div class=\"brxe-zlpnap brxe-block prod-tab-spec-loop\">\n<p class=\"brxe-ibnnrs brxe-text-basic tab-spec__value\">Longueur de montage : 6.75in\/171mm<\/p>\n<\/div>\n<div class=\"brxe-zlpnap brxe-block prod-tab-spec-loop\">\n<p class=\"brxe-ibnnrs brxe-text-basic tab-spec__value\">Longueur : 10,87 pouces\/276 mm<\/p>\n<\/div>\n<div class=\"brxe-zlpnap brxe-block prod-tab-spec-loop\">\n<p class=\"brxe-ibnnrs brxe-text-basic tab-spec__value\">Poids : 19.3oz\/547g<\/p>\n<\/div>\n<div class=\"brxe-zlpnap brxe-block prod-tab-spec-loop\">\n<p class=\"brxe-ibnnrs brxe-text-basic tab-spec__value\">Inclus dans la livraison : Cache-objectif relevable, chiffon pour objectif, cl\u00e9 Allen<\/p>\n<\/div>\n<\/div>\n<\/div>\n<\/div>","protected":false},"excerpt":{"rendered":"<p>Le Riton 3 Tactix 1-8\u00d724 est une lunette tactique avec tous les r\u00e9glages et les caract\u00e9ristiques que vous \u00eates en droit d'attendre d'une lunette de grande valeur, mais pour une fraction du prix. Dot\u00e9e de nombreux r\u00e9glages internes et d'un r\u00e9ticule \u00e9clair\u00e9 \u00e0 la lumi\u00e8re du jour, la 3 Tactix 1-8\u00d724 permet une acquisition rapide de la cible \u00e0 faible grossissement et des points de vis\u00e9e fins et pr\u00e9cis \u00e0 fort grossissement. La 3 Tactix 1-8\u00d724 est disponible en noir ou en finition anodis\u00e9e FDE.<\/p>","protected":false},"featured_media":1280,"comment_status":"open","ping_status":"closed","template":"","meta":[],"etheme_brands":[{"term_id":44,"name":"Riton","slug":"riton","term_group":0,"term_taxonomy_id":44,"taxonomy":"brand","description":"","parent":0,"count":18,"filter":"raw"}],"product_brand":[],"product_cat":[49],"product_tag":[],"class_list":{"0":"post-1278","1":"product","2":"type-product","3":"status-publish","4":"has-post-thumbnail","6":"brand-riton","7":"product_cat-rifle-scopes","9":"first","10":"instock","11":"sale","12":"taxable","13":"shipping-taxable","14":"purchasable","15":"product-type-simple"},"yoast_head":"<!-- This site is optimized with the Yoast SEO Premium plugin v25.7.1 (Yoast SEO v27.4) - https:\/\/yoast.com\/product\/yoast-seo-premium-wordpress\/ -->\n<title>Riton 3 TACTIX 1-8\u00d724 (2022)FDE - Hunter Optics<\/title>\n<meta name=\"description\" content=\"The Riton 3 Tactix 1-8\u00d724 is a tactical scope with all the adjustments and features you\u2019ve come to expect in a high dollar scope but for a fraction of the price.\" \/>\n<meta name=\"robots\" content=\"index, follow, max-snippet:-1, max-image-preview:large, max-video-preview:-1\" \/>\n<link rel=\"canonical\" href=\"https:\/\/hunter-optics.com\/fr\/produit\/riton-3-tactix-1-8x24-2022fde\/\" \/>\n<meta property=\"og:locale\" content=\"fr_FR\" \/>\n<meta property=\"og:type\" content=\"article\" \/>\n<meta property=\"og:title\" content=\"Riton 3 TACTIX 1-8\u00d724 (2022)FDE\" \/>\n<meta property=\"og:description\" content=\"The Riton 3 Tactix 1-8\u00d724 is a tactical scope with all the adjustments and features you\u2019ve come to expect in a high dollar scope but for a fraction of the price.\" \/>\n<meta property=\"og:url\" content=\"https:\/\/hunter-optics.com\/fr\/produit\/riton-3-tactix-1-8x24-2022fde\/\" \/>\n<meta property=\"og:site_name\" content=\"Hunter Optics\" \/>\n<meta property=\"article:modified_time\" content=\"2025-10-27T08:43:01+00:00\" \/>\n<meta property=\"og:image\" content=\"https:\/\/hunter-optics.com\/wp-content\/uploads\/2025\/07\/3Tactix1-8x24-2022-FDE.webp\" \/>\n\t<meta property=\"og:image:width\" content=\"876\" \/>\n\t<meta property=\"og:image:height\" content=\"876\" \/>\n\t<meta property=\"og:image:type\" content=\"image\/webp\" \/>\n<meta name=\"twitter:card\" content=\"summary_large_image\" \/>\n<meta name=\"twitter:label1\" content=\"Prix\" \/>\n\t<meta name=\"twitter:data1\" content=\"&#036;229.99\" \/>\n\t<meta name=\"twitter:label2\" content=\"Disponibilit\u00e9\" \/>\n\t<meta name=\"twitter:data2\" content=\"En stock\" \/>\n<script type=\"application\/ld+json\" class=\"yoast-schema-graph\">{\"@context\":\"https:\\\/\\\/schema.org\",\"@graph\":[{\"@type\":\"WebPage\",\"@id\":\"https:\\\/\\\/hunter-optics.com\\\/product\\\/riton-3-tactix-1-8x24-2022fde\\\/\",\"url\":\"https:\\\/\\\/hunter-optics.com\\\/product\\\/riton-3-tactix-1-8x24-2022fde\\\/\",\"name\":\"Riton 3 TACTIX 1-8\u00d724 (2022)FDE - Hunter Optics\",\"isPartOf\":{\"@id\":\"https:\\\/\\\/hunter-optics.com\\\/#website\"},\"primaryImageOfPage\":{\"@id\":\"https:\\\/\\\/hunter-optics.com\\\/product\\\/riton-3-tactix-1-8x24-2022fde\\\/#primaryimage\"},\"image\":{\"@id\":\"https:\\\/\\\/hunter-optics.com\\\/product\\\/riton-3-tactix-1-8x24-2022fde\\\/#primaryimage\"},\"thumbnailUrl\":\"https:\\\/\\\/hunter-optics.com\\\/wp-content\\\/uploads\\\/2025\\\/07\\\/3Tactix1-8x24-2022-FDE.webp\",\"datePublished\":\"2025-07-03T06:01:36+00:00\",\"dateModified\":\"2025-10-27T08:43:01+00:00\",\"description\":\"The Riton 3 Tactix 1-8\u00d724 is a tactical scope with all the adjustments and features you\u2019ve come to expect in a high dollar scope but for a fraction of the price.\",\"breadcrumb\":{\"@id\":\"https:\\\/\\\/hunter-optics.com\\\/product\\\/riton-3-tactix-1-8x24-2022fde\\\/#breadcrumb\"},\"inLanguage\":\"fr-FR\",\"potentialAction\":[{\"@type\":\"ReadAction\",\"target\":[\"https:\\\/\\\/hunter-optics.com\\\/product\\\/riton-3-tactix-1-8x24-2022fde\\\/\"]}]},{\"@type\":\"ImageObject\",\"inLanguage\":\"fr-FR\",\"@id\":\"https:\\\/\\\/hunter-optics.com\\\/product\\\/riton-3-tactix-1-8x24-2022fde\\\/#primaryimage\",\"url\":\"https:\\\/\\\/hunter-optics.com\\\/wp-content\\\/uploads\\\/2025\\\/07\\\/3Tactix1-8x24-2022-FDE.webp\",\"contentUrl\":\"https:\\\/\\\/hunter-optics.com\\\/wp-content\\\/uploads\\\/2025\\\/07\\\/3Tactix1-8x24-2022-FDE.webp\",\"width\":876,\"height\":876},{\"@type\":\"BreadcrumbList\",\"@id\":\"https:\\\/\\\/hunter-optics.com\\\/product\\\/riton-3-tactix-1-8x24-2022fde\\\/#breadcrumb\",\"itemListElement\":[{\"@type\":\"ListItem\",\"position\":1,\"name\":\"Home\",\"item\":\"https:\\\/\\\/hunter-optics.com\\\/\"},{\"@type\":\"ListItem\",\"position\":2,\"name\":\"Products\",\"item\":\"https:\\\/\\\/hunter-optics.com\\\/shop\\\/\"},{\"@type\":\"ListItem\",\"position\":3,\"name\":\"Riton 3 TACTIX 1-8\u00d724 (2022)FDE\"}]},{\"@type\":\"WebSite\",\"@id\":\"https:\\\/\\\/hunter-optics.com\\\/#website\",\"url\":\"https:\\\/\\\/hunter-optics.com\\\/\",\"name\":\"Hunter Optics\",\"description\":\"Hunter Optics \u2014 Your Eye on the Target.\",\"publisher\":{\"@id\":\"https:\\\/\\\/hunter-optics.com\\\/#organization\"},\"potentialAction\":[{\"@type\":\"SearchAction\",\"target\":{\"@type\":\"EntryPoint\",\"urlTemplate\":\"https:\\\/\\\/hunter-optics.com\\\/?s={search_term_string}\"},\"query-input\":{\"@type\":\"PropertyValueSpecification\",\"valueRequired\":true,\"valueName\":\"search_term_string\"}}],\"inLanguage\":\"fr-FR\"},{\"@type\":\"Organization\",\"@id\":\"https:\\\/\\\/hunter-optics.com\\\/#organization\",\"name\":\"Hunter Optics\",\"url\":\"https:\\\/\\\/hunter-optics.com\\\/\",\"logo\":{\"@type\":\"ImageObject\",\"inLanguage\":\"fr-FR\",\"@id\":\"https:\\\/\\\/hunter-optics.com\\\/#\\\/schema\\\/logo\\\/image\\\/\",\"url\":\"https:\\\/\\\/hunter-optics.com\\\/wp-content\\\/uploads\\\/2025\\\/06\\\/hunter-optics-logo-1.png\",\"contentUrl\":\"https:\\\/\\\/hunter-optics.com\\\/wp-content\\\/uploads\\\/2025\\\/06\\\/hunter-optics-logo-1.png\",\"width\":937,\"height\":373,\"caption\":\"Hunter Optics\"},\"image\":{\"@id\":\"https:\\\/\\\/hunter-optics.com\\\/#\\\/schema\\\/logo\\\/image\\\/\"}}]}<\/script>\n<meta property=\"product:brand\" content=\"Riton\" \/>\n<meta property=\"product:price:amount\" content=\"229.99\" \/>\n<meta property=\"product:price:currency\" content=\"USD\" \/>\n<meta property=\"og:availability\" content=\"instock\" \/>\n<meta property=\"product:availability\" content=\"instock\" \/>\n<meta property=\"product:condition\" content=\"new\" \/>\n<!-- \/ Yoast SEO Premium plugin. -->","yoast_head_json":{"title":"Riton 3 TACTIX 1-8\u00d724 (2022)FDE - Hunter Optics","description":"Le Riton 3 Tactix 1-8\u00d724 est une lunette tactique avec tous les r\u00e9glages et les caract\u00e9ristiques que vous attendez d'une lunette de grande valeur, mais pour une fraction du prix.","robots":{"index":"index","follow":"follow","max-snippet":"max-snippet:-1","max-image-preview":"max-image-preview:large","max-video-preview":"max-video-preview:-1"},"canonical":"https:\/\/hunter-optics.com\/fr\/produit\/riton-3-tactix-1-8x24-2022fde\/","og_locale":"fr_FR","og_type":"article","og_title":"Riton 3 TACTIX 1-8\u00d724 (2022)FDE","og_description":"The Riton 3 Tactix 1-8\u00d724 is a tactical scope with all the adjustments and features you\u2019ve come to expect in a high dollar scope but for a fraction of the price.","og_url":"https:\/\/hunter-optics.com\/fr\/produit\/riton-3-tactix-1-8x24-2022fde\/","og_site_name":"Hunter Optics","article_modified_time":"2025-10-27T08:43:01+00:00","og_image":[{"width":876,"height":876,"url":"https:\/\/hunter-optics.com\/wp-content\/uploads\/2025\/07\/3Tactix1-8x24-2022-FDE.webp","type":"image\/webp"}],"twitter_card":"summary_large_image","twitter_misc":{"Prix":"&#36;229.99","Disponibilit\u00e9":"En stock"},"schema":{"@context":"https:\/\/schema.org","@graph":[{"@type":"WebPage","@id":"https:\/\/hunter-optics.com\/product\/riton-3-tactix-1-8x24-2022fde\/","url":"https:\/\/hunter-optics.com\/product\/riton-3-tactix-1-8x24-2022fde\/","name":"Riton 3 TACTIX 1-8\u00d724 (2022)FDE - Hunter Optics","isPartOf":{"@id":"https:\/\/hunter-optics.com\/#website"},"primaryImageOfPage":{"@id":"https:\/\/hunter-optics.com\/product\/riton-3-tactix-1-8x24-2022fde\/#primaryimage"},"image":{"@id":"https:\/\/hunter-optics.com\/product\/riton-3-tactix-1-8x24-2022fde\/#primaryimage"},"thumbnailUrl":"https:\/\/hunter-optics.com\/wp-content\/uploads\/2025\/07\/3Tactix1-8x24-2022-FDE.webp","datePublished":"2025-07-03T06:01:36+00:00","dateModified":"2025-10-27T08:43:01+00:00","description":"Le Riton 3 Tactix 1-8\u00d724 est une lunette tactique avec tous les r\u00e9glages et les caract\u00e9ristiques que vous attendez d'une lunette de grande valeur, mais pour une fraction du prix.","breadcrumb":{"@id":"https:\/\/hunter-optics.com\/product\/riton-3-tactix-1-8x24-2022fde\/#breadcrumb"},"inLanguage":"fr-FR","potentialAction":[{"@type":"ReadAction","target":["https:\/\/hunter-optics.com\/product\/riton-3-tactix-1-8x24-2022fde\/"]}]},{"@type":"ImageObject","inLanguage":"fr-FR","@id":"https:\/\/hunter-optics.com\/product\/riton-3-tactix-1-8x24-2022fde\/#primaryimage","url":"https:\/\/hunter-optics.com\/wp-content\/uploads\/2025\/07\/3Tactix1-8x24-2022-FDE.webp","contentUrl":"https:\/\/hunter-optics.com\/wp-content\/uploads\/2025\/07\/3Tactix1-8x24-2022-FDE.webp","width":876,"height":876},{"@type":"BreadcrumbList","@id":"https:\/\/hunter-optics.com\/product\/riton-3-tactix-1-8x24-2022fde\/#breadcrumb","itemListElement":[{"@type":"ListItem","position":1,"name":"Home","item":"https:\/\/hunter-optics.com\/"},{"@type":"ListItem","position":2,"name":"Products","item":"https:\/\/hunter-optics.com\/shop\/"},{"@type":"ListItem","position":3,"name":"Riton 3 TACTIX 1-8\u00d724 (2022)FDE"}]},{"@type":"WebSite","@id":"https:\/\/hunter-optics.com\/#website","url":"https:\/\/hunter-optics.com\/","name":"Optique Hunter","description":"Optique du chasseur - L'\u0153il sur la cible.","publisher":{"@id":"https:\/\/hunter-optics.com\/#organization"},"potentialAction":[{"@type":"SearchAction","target":{"@type":"EntryPoint","urlTemplate":"https:\/\/hunter-optics.com\/?s={search_term_string}"},"query-input":{"@type":"PropertyValueSpecification","valueRequired":true,"valueName":"search_term_string"}}],"inLanguage":"fr-FR"},{"@type":"Organization","@id":"https:\/\/hunter-optics.com\/#organization","name":"Optique Hunter","url":"https:\/\/hunter-optics.com\/","logo":{"@type":"ImageObject","inLanguage":"fr-FR","@id":"https:\/\/hunter-optics.com\/#\/schema\/logo\/image\/","url":"https:\/\/hunter-optics.com\/wp-content\/uploads\/2025\/06\/hunter-optics-logo-1.png","contentUrl":"https:\/\/hunter-optics.com\/wp-content\/uploads\/2025\/06\/hunter-optics-logo-1.png","width":937,"height":373,"caption":"Hunter Optics"},"image":{"@id":"https:\/\/hunter-optics.com\/#\/schema\/logo\/image\/"}}]},"product_brand":"Riton","product_price_amount":"229.99","product_price_currency":"USD","og_availability":"instock","product_availability":"instock","product_condition":"new"},"_links":{"self":[{"href":"https:\/\/hunter-optics.com\/fr\/wp-json\/wp\/v2\/product\/1278","targetHints":{"allow":["GET"]}}],"collection":[{"href":"https:\/\/hunter-optics.com\/fr\/wp-json\/wp\/v2\/product"}],"about":[{"href":"https:\/\/hunter-optics.com\/fr\/wp-json\/wp\/v2\/types\/product"}],"replies":[{"embeddable":true,"href":"https:\/\/hunter-optics.com\/fr\/wp-json\/wp\/v2\/comments?post=1278"}],"version-history":[{"count":2,"href":"https:\/\/hunter-optics.com\/fr\/wp-json\/wp\/v2\/product\/1278\/revisions"}],"predecessor-version":[{"id":1284,"href":"https:\/\/hunter-optics.com\/fr\/wp-json\/wp\/v2\/product\/1278\/revisions\/1284"}],"wp:featuredmedia":[{"embeddable":true,"href":"https:\/\/hunter-optics.com\/fr\/wp-json\/wp\/v2\/media\/1280"}],"wp:attachment":[{"href":"https:\/\/hunter-optics.com\/fr\/wp-json\/wp\/v2\/media?parent=1278"}],"wp:term":[{"taxonomy":"brand","embeddable":true,"href":"https:\/\/hunter-optics.com\/fr\/wp-json\/wp\/v2\/etheme_brands?post=1278"},{"taxonomy":"product_brand","embeddable":true,"href":"https:\/\/hunter-optics.com\/fr\/wp-json\/wp\/v2\/product_brand?post=1278"},{"taxonomy":"product_cat","embeddable":true,"href":"https:\/\/hunter-optics.com\/fr\/wp-json\/wp\/v2\/product_cat?post=1278"},{"taxonomy":"product_tag","embeddable":true,"href":"https:\/\/hunter-optics.com\/fr\/wp-json\/wp\/v2\/product_tag?post=1278"}],"curies":[{"name":"wp","href":"https:\/\/api.w.org\/{rel}","templated":true}]}}