{"id":1237,"date":"2025-07-02T10:43:39","date_gmt":"2025-07-02T10:43:39","guid":{"rendered":"https:\/\/hunter-optics.com\/?post_type=product&#038;p=1237"},"modified":"2025-07-24T08:53:19","modified_gmt":"2025-07-24T08:53:19","slug":"riton-1-conquer-6-24x50-2022ffp","status":"publish","type":"product","link":"https:\/\/hunter-optics.com\/fr\/produit\/riton-1-conquer-6-24x50-2022ffp\/","title":{"rendered":"Riton 1 CONQUER 6-24\u00d750 (2022)FFP"},"content":{"rendered":"<p><strong>CARACT\u00c9RISTIQUES DU PRODUIT :<\/strong><\/p>\n<ul>\n<li>\u00c9quip\u00e9 des tourelles d'arr\u00eat du z\u00e9ro R3 de Riton pour un retour au z\u00e9ro instantan\u00e9 et fiable<\/li>\n<li>Levier de lancement amovible int\u00e9gr\u00e9<\/li>\n<li>R\u00e9glage de l'orientation et de l'\u00e9l\u00e9vation \u00e0 1\/4 MOA<\/li>\n<li>Oculaire \u00e0 mise au point rapide<\/li>\n<li>100% \u00c9tanche, anti-brouillard et anti-chocs<\/li>\n<li>Produit abandonn\u00e9<\/li>\n<\/ul>\n<h3 id=\"brxe-qcmket\" class=\"brxe-heading prod-tabs__title\">Caract\u00e9ristiques principales :<\/h3>\n<div id=\"brxe-pnyzeh\" class=\"brxe-block prod-tab-feature\">\n<div class=\"brxe-xfsvub brxe-block prod-tab-key-loop\"><img loading=\"lazy\" decoding=\"async\" class=\"brxe-rtihxw brxe-image prod-feature__icon css-filter size-full\" src=\"https:\/\/ritonoptics.com\/wp-content\/uploads\/dry-nitrogen-purged-and-sealed-1.png\" alt=\"\" width=\"72\" height=\"74\" \/><\/p>\n<div class=\"brxe-anynyj brxe-div\">\n<p class=\"brxe-abizyp brxe-text-basic prod-feature__title\">Purge et scellement \u00e0 l'azote sec<\/p>\n<p class=\"brxe-lprtvs brxe-text-basic prod-feature__txt\">Gr\u00e2ce \u00e0 l'azote, l'optique est purg\u00e9e et scell\u00e9e pour garantir des performances optimales dans toutes les conditions m\u00e9t\u00e9orologiques pendant toute la dur\u00e9e de vie du...<\/p>\n<\/div>\n<\/div>\n<div class=\"brxe-xfsvub brxe-block prod-tab-key-loop\"><img loading=\"lazy\" decoding=\"async\" class=\"brxe-rtihxw brxe-image prod-feature__icon css-filter size-full\" src=\"https:\/\/ritonoptics.com\/wp-content\/uploads\/precision-quality-1.png\" alt=\"\" width=\"72\" height=\"74\" \/><\/p>\n<div class=\"brxe-anynyj brxe-div\">\n<p class=\"brxe-abizyp brxe-text-basic prod-feature__title\">Assurance qualit\u00e9 de pr\u00e9cision<\/p>\n<p class=\"brxe-lprtvs brxe-text-basic prod-feature__txt\">Chaque produit Riton est soumis \u00e0 un processus rigoureux de contr\u00f4le de la qualit\u00e9 par des techniciens certifi\u00e9s \u00e0 Tucson, AZ. Chaque produit que vous recevez a subi...<\/p>\n<\/div>\n<\/div>\n<div class=\"brxe-xfsvub brxe-block prod-tab-key-loop\"><img loading=\"lazy\" decoding=\"async\" class=\"brxe-rtihxw brxe-image prod-feature__icon css-filter size-full\" src=\"https:\/\/ritonoptics.com\/wp-content\/uploads\/advanced-turret-1.png\" alt=\"\" width=\"72\" height=\"74\" \/><\/p>\n<div class=\"brxe-anynyj brxe-div\">\n<p class=\"brxe-abizyp brxe-text-basic prod-feature__title\">Syst\u00e8me de tourelle avanc\u00e9 Riton<\/p>\n<p class=\"brxe-lprtvs brxe-text-basic prod-feature__txt\">Le syst\u00e8me de tourelle avanc\u00e9 de Riton incorpore les tourelles d'arr\u00eat z\u00e9ro de Riton sous l'une de ses formes multiples, garantissant un suivi et une pr\u00e9cision r\u00e9p\u00e9tables.<\/p>\n<\/div>\n<\/div>\n<div class=\"brxe-xfsvub brxe-block prod-tab-key-loop\"><img loading=\"lazy\" decoding=\"async\" class=\"brxe-rtihxw brxe-image prod-feature__icon css-filter size-full\" src=\"https:\/\/ritonoptics.com\/wp-content\/uploads\/hd-glass-1.png\" alt=\"\" width=\"72\" height=\"74\" \/><\/p>\n<div class=\"brxe-anynyj brxe-div\">\n<p class=\"brxe-abizyp brxe-text-basic prod-feature__title\">Riton HD Glass<\/p>\n<p class=\"brxe-lprtvs brxe-text-basic prod-feature__txt\">Le verre haute densit\u00e9 (HD) de Riton offre une transmission de la lumi\u00e8re de 99,51 TTP3T pour une clart\u00e9 accrue et une image de vis\u00e9e optimale.<\/p>\n<\/div>\n<\/div>\n<div class=\"brxe-xfsvub brxe-block prod-tab-key-loop\"><img loading=\"lazy\" decoding=\"async\" class=\"brxe-rtihxw brxe-image prod-feature__icon css-filter size-full\" src=\"https:\/\/ritonoptics.com\/wp-content\/uploads\/rugged-construction-1.png\" alt=\"\" width=\"72\" height=\"74\" \/><\/p>\n<div class=\"brxe-anynyj brxe-div\">\n<p class=\"brxe-abizyp brxe-text-basic prod-feature__title\">Construction robuste Riton<\/p>\n<p class=\"brxe-lprtvs brxe-text-basic prod-feature__txt\">La construction robuste de Riton incorpore l'utilisation d'aluminium de qualit\u00e9 a\u00e9ronautique 6061-T6, de tubes monoblocs usin\u00e9s CNC et d'une anodisation \u00e0 couche dure de type III....<\/p>\n<\/div>\n<\/div>\n<div class=\"brxe-xfsvub brxe-block prod-tab-key-loop\"><img loading=\"lazy\" decoding=\"async\" class=\"brxe-rtihxw brxe-image prod-feature__icon css-filter size-full\" src=\"https:\/\/ritonoptics.com\/wp-content\/uploads\/performance-coating-1.png\" alt=\"\" width=\"72\" height=\"74\" \/><\/p>\n<div class=\"brxe-anynyj brxe-div\">\n<p class=\"brxe-abizyp brxe-text-basic prod-feature__title\">Riton Performance Coating<\/p>\n<p class=\"brxe-lprtvs brxe-text-basic prod-feature__txt\">Incorporant des lentilles exclusives \u00e0 traitement multiple, toutes les optiques Riton sont dot\u00e9es d'un traitement antireflet et anti-rayures, d'une bande large compl\u00e8te et d'une am\u00e9lioration de la luminosit\u00e9 pour...<\/p>\n<\/div>\n<\/div>\n<div class=\"brxe-xfsvub brxe-block prod-tab-key-loop\"><img loading=\"lazy\" decoding=\"async\" class=\"brxe-rtihxw brxe-image prod-feature__icon css-filter size-full\" src=\"https:\/\/ritonoptics.com\/wp-content\/uploads\/airgun-approved-1.png\" alt=\"\" width=\"72\" height=\"74\" \/><\/p>\n<div class=\"brxe-anynyj brxe-div\">\n<p class=\"brxe-abizyp brxe-text-basic prod-feature__title\">Approuv\u00e9 pour les armes \u00e0 air comprim\u00e9<\/p>\n<p class=\"brxe-lprtvs brxe-text-basic prod-feature__txt\">Les lunettes de vis\u00e9e Riton sont tr\u00e8s appr\u00e9ci\u00e9es et adapt\u00e9es \u00e0 l'utilisation d'armes \u00e0 air comprim\u00e9, offrant une grande durabilit\u00e9 et une excellente clart\u00e9 optique. Con\u00e7ues pour r\u00e9sister au recul unique...<\/p>\n<h3 id=\"brxe-qzyxzy\" class=\"brxe-heading prod-tabs__title\">Sp\u00e9cifications compl\u00e8tes :<\/h3>\n<div class=\"brxe-zlpnap brxe-block prod-tab-spec-loop\">\n<p class=\"brxe-ibnnrs brxe-text-basic tab-spec__value\">Grossissement : 6-24<\/p>\n<\/div>\n<div class=\"brxe-zlpnap brxe-block prod-tab-spec-loop\">\n<p class=\"brxe-ibnnrs brxe-text-basic tab-spec__value\">R\u00e9glage de la parallaxe : 10-infini<\/p>\n<\/div>\n<div class=\"brxe-zlpnap brxe-block prod-tab-spec-loop\">\n<p class=\"brxe-ibnnrs brxe-text-basic tab-spec__value\">Diam\u00e8tre du tube : 1 pouce<\/p>\n<\/div>\n<div class=\"brxe-zlpnap brxe-block prod-tab-spec-loop\">\n<p class=\"brxe-ibnnrs brxe-text-basic tab-spec__value\">Diam\u00e8tre de l'objectif : 50 mm<\/p>\n<\/div>\n<div class=\"brxe-zlpnap brxe-block prod-tab-spec-loop\">\n<p class=\"brxe-ibnnrs brxe-text-basic tab-spec__value\">Position de l'objectif focal : deuxi\u00e8me plan focal ou premier plan focal<\/p>\n<\/div>\n<div class=\"brxe-zlpnap brxe-block prod-tab-spec-loop\">\n<p class=\"brxe-ibnnrs brxe-text-basic tab-spec__value\">Traitement de l'objectif : enti\u00e8rement multicouche, bande large, traitement \u00e9tanche, am\u00e9lioration de la luminosit\u00e9.<\/p>\n<\/div>\n<div class=\"brxe-zlpnap brxe-block prod-tab-spec-loop\">\n<p class=\"brxe-ibnnrs brxe-text-basic tab-spec__value\">R\u00e9ticule:R3 (SFP) \/ MPSR MOA (FFP)<\/p>\n<\/div>\n<div class=\"brxe-zlpnap brxe-block prod-tab-spec-loop\">\n<p class=\"brxe-ibnnrs brxe-text-basic tab-spec__value\">Champ de vision \u00e0 100 yards:16.8ft-4.4ft<\/p>\n<\/div>\n<div class=\"brxe-zlpnap brxe-block prod-tab-spec-loop\">\n<p class=\"brxe-ibnnrs brxe-text-basic tab-spec__value\">Mat\u00e9riau : 6061-T6<\/p>\n<\/div>\n<div class=\"brxe-zlpnap brxe-block prod-tab-spec-loop\">\n<p class=\"brxe-ibnnrs brxe-text-basic tab-spec__value\">Relief oculaire : 3.9in\/99mm<\/p>\n<\/div>\n<div class=\"brxe-zlpnap brxe-block prod-tab-spec-loop\">\n<p class=\"brxe-ibnnrs brxe-text-basic tab-spec__value\">Pupille de sortie : basse 8,2 mm - haute 2,1 mm<\/p>\n<\/div>\n<div class=\"brxe-zlpnap brxe-block prod-tab-spec-loop\">\n<p class=\"brxe-ibnnrs brxe-text-basic tab-spec__value\">Valeur de clic \u00e0 100 yds\/m : 1\/4\u2033.<\/p>\n<\/div>\n<div class=\"brxe-zlpnap brxe-block prod-tab-spec-loop\">\n<p class=\"brxe-ibnnrs brxe-text-basic tab-spec__value\">Plage de r\u00e9glage : 67 MOA (SFP) \/ 50 MOA (FFP)<\/p>\n<\/div>\n<div class=\"brxe-zlpnap brxe-block prod-tab-spec-loop\">\n<p class=\"brxe-ibnnrs brxe-text-basic tab-spec__value\">Longueur de montage : 6.37in\/161mm<\/p>\n<\/div>\n<div class=\"brxe-zlpnap brxe-block prod-tab-spec-loop\">\n<p class=\"brxe-ibnnrs brxe-text-basic tab-spec__value\">Longueur : 14 pouces\/355 mm<\/p>\n<\/div>\n<div class=\"brxe-zlpnap brxe-block prod-tab-spec-loop\">\n<p class=\"brxe-ibnnrs brxe-text-basic tab-spec__value\">Poids:24oz\/680g<\/p>\n<\/div>\n<div class=\"brxe-zlpnap brxe-block prod-tab-spec-loop\">\n<p class=\"brxe-ibnnrs brxe-text-basic tab-spec__value\">Inclus dans la livraison : Cache-objectif relevable, chiffon pour objectif, cl\u00e9 Allen<\/p>\n<\/div>\n<\/div>\n<\/div>\n<\/div>","protected":false},"excerpt":{"rendered":"<div id=\"brxe-hxkylx\" class=\"brxe-product-short-description prod-single__txt\">\n<div class=\"woocommerce-product-details__short-description\">\n<p>La 1 Conquer 6-24\u00d750 est une optique puissante qui offre des caract\u00e9ristiques et des am\u00e9liorations pour une fraction du prix. La lunette dispose d'un r\u00e9glage interne de l'\u00e9l\u00e9vation d'environ 67 minutes d'angle (MOA), ainsi que d'un levier de lancement int\u00e9gr\u00e9, de tourelles Riton R3 Zero Stop et d'un r\u00e9ticule de t\u00e9l\u00e9m\u00e9trie Riton.<\/p>\n<\/div>\n<\/div>","protected":false},"featured_media":1238,"comment_status":"open","ping_status":"closed","template":"","meta":[],"etheme_brands":[{"term_id":44,"name":"Riton","slug":"riton","term_group":0,"term_taxonomy_id":44,"taxonomy":"brand","description":"","parent":0,"count":18,"filter":"raw"}],"product_brand":[],"product_cat":[49],"product_tag":[],"class_list":{"0":"post-1237","1":"product","2":"type-product","3":"status-publish","4":"has-post-thumbnail","6":"brand-riton","7":"product_cat-rifle-scopes","9":"first","10":"instock","11":"sale","12":"taxable","13":"shipping-taxable","14":"purchasable","15":"product-type-simple"},"yoast_head":"<!-- This site is optimized with the Yoast SEO Premium plugin v25.7.1 (Yoast SEO v27.4) - https:\/\/yoast.com\/product\/yoast-seo-premium-wordpress\/ -->\n<title>Riton 1 CONQUER 6-24\u00d750 (2022)FFP - Hunter Optics<\/title>\n<meta name=\"robots\" content=\"index, follow, max-snippet:-1, max-image-preview:large, max-video-preview:-1\" \/>\n<link rel=\"canonical\" href=\"https:\/\/hunter-optics.com\/fr\/produit\/riton-1-conquer-6-24x50-2022ffp\/\" \/>\n<meta property=\"og:locale\" content=\"fr_FR\" \/>\n<meta property=\"og:type\" content=\"article\" \/>\n<meta property=\"og:title\" content=\"Riton 1 CONQUER 6-24\u00d750 (2022)FFP\" \/>\n<meta property=\"og:description\" content=\"The 1 Conquer 6-24\u00d750 is a powerful optic providing features and enhancements at a fraction of the cost. The scope features approximately\u00a067 Minutes of Angle (MOA)\u00a0of internal elevation adjustment, as well as an integrated throw lever,\u00a0Riton R3 Zero Stop turrets\u00a0and a\u00a0Riton ranging reticle.\" \/>\n<meta property=\"og:url\" content=\"https:\/\/hunter-optics.com\/fr\/produit\/riton-1-conquer-6-24x50-2022ffp\/\" \/>\n<meta property=\"og:site_name\" content=\"Hunter Optics\" \/>\n<meta property=\"article:modified_time\" content=\"2025-07-24T08:53:19+00:00\" \/>\n<meta property=\"og:image\" content=\"https:\/\/hunter-optics.com\/wp-content\/uploads\/2025\/07\/1Conquer6-24x50-2022-Angled-1.webp\" \/>\n\t<meta property=\"og:image:width\" content=\"876\" \/>\n\t<meta property=\"og:image:height\" content=\"876\" \/>\n\t<meta property=\"og:image:type\" content=\"image\/webp\" \/>\n<meta name=\"twitter:card\" content=\"summary_large_image\" \/>\n<meta name=\"twitter:label1\" content=\"Prix\" \/>\n\t<meta name=\"twitter:data1\" content=\"&#036;349.99\" \/>\n\t<meta name=\"twitter:label2\" content=\"Disponibilit\u00e9\" \/>\n\t<meta name=\"twitter:data2\" content=\"En stock\" \/>\n<script type=\"application\/ld+json\" class=\"yoast-schema-graph\">{\"@context\":\"https:\\\/\\\/schema.org\",\"@graph\":[{\"@type\":\"WebPage\",\"@id\":\"https:\\\/\\\/hunter-optics.com\\\/product\\\/riton-1-conquer-6-24x50-2022ffp\\\/\",\"url\":\"https:\\\/\\\/hunter-optics.com\\\/product\\\/riton-1-conquer-6-24x50-2022ffp\\\/\",\"name\":\"Riton 1 CONQUER 6-24\u00d750 (2022)FFP - Hunter Optics\",\"isPartOf\":{\"@id\":\"https:\\\/\\\/hunter-optics.com\\\/#website\"},\"primaryImageOfPage\":{\"@id\":\"https:\\\/\\\/hunter-optics.com\\\/product\\\/riton-1-conquer-6-24x50-2022ffp\\\/#primaryimage\"},\"image\":{\"@id\":\"https:\\\/\\\/hunter-optics.com\\\/product\\\/riton-1-conquer-6-24x50-2022ffp\\\/#primaryimage\"},\"thumbnailUrl\":\"https:\\\/\\\/hunter-optics.com\\\/wp-content\\\/uploads\\\/2025\\\/07\\\/1Conquer6-24x50-2022-Angled-1.webp\",\"datePublished\":\"2025-07-02T10:43:39+00:00\",\"dateModified\":\"2025-07-24T08:53:19+00:00\",\"breadcrumb\":{\"@id\":\"https:\\\/\\\/hunter-optics.com\\\/product\\\/riton-1-conquer-6-24x50-2022ffp\\\/#breadcrumb\"},\"inLanguage\":\"fr-FR\",\"potentialAction\":[{\"@type\":\"ReadAction\",\"target\":[\"https:\\\/\\\/hunter-optics.com\\\/product\\\/riton-1-conquer-6-24x50-2022ffp\\\/\"]}]},{\"@type\":\"ImageObject\",\"inLanguage\":\"fr-FR\",\"@id\":\"https:\\\/\\\/hunter-optics.com\\\/product\\\/riton-1-conquer-6-24x50-2022ffp\\\/#primaryimage\",\"url\":\"https:\\\/\\\/hunter-optics.com\\\/wp-content\\\/uploads\\\/2025\\\/07\\\/1Conquer6-24x50-2022-Angled-1.webp\",\"contentUrl\":\"https:\\\/\\\/hunter-optics.com\\\/wp-content\\\/uploads\\\/2025\\\/07\\\/1Conquer6-24x50-2022-Angled-1.webp\",\"width\":876,\"height\":876},{\"@type\":\"BreadcrumbList\",\"@id\":\"https:\\\/\\\/hunter-optics.com\\\/product\\\/riton-1-conquer-6-24x50-2022ffp\\\/#breadcrumb\",\"itemListElement\":[{\"@type\":\"ListItem\",\"position\":1,\"name\":\"Home\",\"item\":\"https:\\\/\\\/hunter-optics.com\\\/\"},{\"@type\":\"ListItem\",\"position\":2,\"name\":\"Products\",\"item\":\"https:\\\/\\\/hunter-optics.com\\\/shop\\\/\"},{\"@type\":\"ListItem\",\"position\":3,\"name\":\"Riton 1 CONQUER 6-24\u00d750 (2022)FFP\"}]},{\"@type\":\"WebSite\",\"@id\":\"https:\\\/\\\/hunter-optics.com\\\/#website\",\"url\":\"https:\\\/\\\/hunter-optics.com\\\/\",\"name\":\"Hunter Optics\",\"description\":\"Hunter Optics \u2014 Your Eye on the Target.\",\"publisher\":{\"@id\":\"https:\\\/\\\/hunter-optics.com\\\/#organization\"},\"potentialAction\":[{\"@type\":\"SearchAction\",\"target\":{\"@type\":\"EntryPoint\",\"urlTemplate\":\"https:\\\/\\\/hunter-optics.com\\\/?s={search_term_string}\"},\"query-input\":{\"@type\":\"PropertyValueSpecification\",\"valueRequired\":true,\"valueName\":\"search_term_string\"}}],\"inLanguage\":\"fr-FR\"},{\"@type\":\"Organization\",\"@id\":\"https:\\\/\\\/hunter-optics.com\\\/#organization\",\"name\":\"Hunter Optics\",\"url\":\"https:\\\/\\\/hunter-optics.com\\\/\",\"logo\":{\"@type\":\"ImageObject\",\"inLanguage\":\"fr-FR\",\"@id\":\"https:\\\/\\\/hunter-optics.com\\\/#\\\/schema\\\/logo\\\/image\\\/\",\"url\":\"https:\\\/\\\/hunter-optics.com\\\/wp-content\\\/uploads\\\/2025\\\/06\\\/hunter-optics-logo-1.png\",\"contentUrl\":\"https:\\\/\\\/hunter-optics.com\\\/wp-content\\\/uploads\\\/2025\\\/06\\\/hunter-optics-logo-1.png\",\"width\":937,\"height\":373,\"caption\":\"Hunter Optics\"},\"image\":{\"@id\":\"https:\\\/\\\/hunter-optics.com\\\/#\\\/schema\\\/logo\\\/image\\\/\"}}]}<\/script>\n<meta property=\"product:brand\" content=\"Riton\" \/>\n<meta property=\"product:price:amount\" content=\"349.99\" \/>\n<meta property=\"product:price:currency\" content=\"USD\" \/>\n<meta property=\"og:availability\" content=\"instock\" \/>\n<meta property=\"product:availability\" content=\"instock\" \/>\n<meta property=\"product:condition\" content=\"new\" \/>\n<!-- \/ Yoast SEO Premium plugin. -->","yoast_head_json":{"title":"Riton 1 CONQUER 6-24\u00d750 (2022)FFP - Hunter Optics","robots":{"index":"index","follow":"follow","max-snippet":"max-snippet:-1","max-image-preview":"max-image-preview:large","max-video-preview":"max-video-preview:-1"},"canonical":"https:\/\/hunter-optics.com\/fr\/produit\/riton-1-conquer-6-24x50-2022ffp\/","og_locale":"fr_FR","og_type":"article","og_title":"Riton 1 CONQUER 6-24\u00d750 (2022)FFP","og_description":"The 1 Conquer 6-24\u00d750 is a powerful optic providing features and enhancements at a fraction of the cost. The scope features approximately\u00a067 Minutes of Angle (MOA)\u00a0of internal elevation adjustment, as well as an integrated throw lever,\u00a0Riton R3 Zero Stop turrets\u00a0and a\u00a0Riton ranging reticle.","og_url":"https:\/\/hunter-optics.com\/fr\/produit\/riton-1-conquer-6-24x50-2022ffp\/","og_site_name":"Hunter Optics","article_modified_time":"2025-07-24T08:53:19+00:00","og_image":[{"width":876,"height":876,"url":"https:\/\/hunter-optics.com\/wp-content\/uploads\/2025\/07\/1Conquer6-24x50-2022-Angled-1.webp","type":"image\/webp"}],"twitter_card":"summary_large_image","twitter_misc":{"Prix":"&#36;349.99","Disponibilit\u00e9":"En stock"},"schema":{"@context":"https:\/\/schema.org","@graph":[{"@type":"WebPage","@id":"https:\/\/hunter-optics.com\/product\/riton-1-conquer-6-24x50-2022ffp\/","url":"https:\/\/hunter-optics.com\/product\/riton-1-conquer-6-24x50-2022ffp\/","name":"Riton 1 CONQUER 6-24\u00d750 (2022)FFP - Hunter Optics","isPartOf":{"@id":"https:\/\/hunter-optics.com\/#website"},"primaryImageOfPage":{"@id":"https:\/\/hunter-optics.com\/product\/riton-1-conquer-6-24x50-2022ffp\/#primaryimage"},"image":{"@id":"https:\/\/hunter-optics.com\/product\/riton-1-conquer-6-24x50-2022ffp\/#primaryimage"},"thumbnailUrl":"https:\/\/hunter-optics.com\/wp-content\/uploads\/2025\/07\/1Conquer6-24x50-2022-Angled-1.webp","datePublished":"2025-07-02T10:43:39+00:00","dateModified":"2025-07-24T08:53:19+00:00","breadcrumb":{"@id":"https:\/\/hunter-optics.com\/product\/riton-1-conquer-6-24x50-2022ffp\/#breadcrumb"},"inLanguage":"fr-FR","potentialAction":[{"@type":"ReadAction","target":["https:\/\/hunter-optics.com\/product\/riton-1-conquer-6-24x50-2022ffp\/"]}]},{"@type":"ImageObject","inLanguage":"fr-FR","@id":"https:\/\/hunter-optics.com\/product\/riton-1-conquer-6-24x50-2022ffp\/#primaryimage","url":"https:\/\/hunter-optics.com\/wp-content\/uploads\/2025\/07\/1Conquer6-24x50-2022-Angled-1.webp","contentUrl":"https:\/\/hunter-optics.com\/wp-content\/uploads\/2025\/07\/1Conquer6-24x50-2022-Angled-1.webp","width":876,"height":876},{"@type":"BreadcrumbList","@id":"https:\/\/hunter-optics.com\/product\/riton-1-conquer-6-24x50-2022ffp\/#breadcrumb","itemListElement":[{"@type":"ListItem","position":1,"name":"Home","item":"https:\/\/hunter-optics.com\/"},{"@type":"ListItem","position":2,"name":"Products","item":"https:\/\/hunter-optics.com\/shop\/"},{"@type":"ListItem","position":3,"name":"Riton 1 CONQUER 6-24\u00d750 (2022)FFP"}]},{"@type":"WebSite","@id":"https:\/\/hunter-optics.com\/#website","url":"https:\/\/hunter-optics.com\/","name":"Optique Hunter","description":"Optique du chasseur - L'\u0153il sur la cible.","publisher":{"@id":"https:\/\/hunter-optics.com\/#organization"},"potentialAction":[{"@type":"SearchAction","target":{"@type":"EntryPoint","urlTemplate":"https:\/\/hunter-optics.com\/?s={search_term_string}"},"query-input":{"@type":"PropertyValueSpecification","valueRequired":true,"valueName":"search_term_string"}}],"inLanguage":"fr-FR"},{"@type":"Organization","@id":"https:\/\/hunter-optics.com\/#organization","name":"Optique Hunter","url":"https:\/\/hunter-optics.com\/","logo":{"@type":"ImageObject","inLanguage":"fr-FR","@id":"https:\/\/hunter-optics.com\/#\/schema\/logo\/image\/","url":"https:\/\/hunter-optics.com\/wp-content\/uploads\/2025\/06\/hunter-optics-logo-1.png","contentUrl":"https:\/\/hunter-optics.com\/wp-content\/uploads\/2025\/06\/hunter-optics-logo-1.png","width":937,"height":373,"caption":"Hunter Optics"},"image":{"@id":"https:\/\/hunter-optics.com\/#\/schema\/logo\/image\/"}}]},"product_brand":"Riton","product_price_amount":"349.99","product_price_currency":"USD","og_availability":"instock","product_availability":"instock","product_condition":"new"},"_links":{"self":[{"href":"https:\/\/hunter-optics.com\/fr\/wp-json\/wp\/v2\/product\/1237","targetHints":{"allow":["GET"]}}],"collection":[{"href":"https:\/\/hunter-optics.com\/fr\/wp-json\/wp\/v2\/product"}],"about":[{"href":"https:\/\/hunter-optics.com\/fr\/wp-json\/wp\/v2\/types\/product"}],"replies":[{"embeddable":true,"href":"https:\/\/hunter-optics.com\/fr\/wp-json\/wp\/v2\/comments?post=1237"}],"version-history":[{"count":2,"href":"https:\/\/hunter-optics.com\/fr\/wp-json\/wp\/v2\/product\/1237\/revisions"}],"predecessor-version":[{"id":1275,"href":"https:\/\/hunter-optics.com\/fr\/wp-json\/wp\/v2\/product\/1237\/revisions\/1275"}],"wp:featuredmedia":[{"embeddable":true,"href":"https:\/\/hunter-optics.com\/fr\/wp-json\/wp\/v2\/media\/1238"}],"wp:attachment":[{"href":"https:\/\/hunter-optics.com\/fr\/wp-json\/wp\/v2\/media?parent=1237"}],"wp:term":[{"taxonomy":"brand","embeddable":true,"href":"https:\/\/hunter-optics.com\/fr\/wp-json\/wp\/v2\/etheme_brands?post=1237"},{"taxonomy":"product_brand","embeddable":true,"href":"https:\/\/hunter-optics.com\/fr\/wp-json\/wp\/v2\/product_brand?post=1237"},{"taxonomy":"product_cat","embeddable":true,"href":"https:\/\/hunter-optics.com\/fr\/wp-json\/wp\/v2\/product_cat?post=1237"},{"taxonomy":"product_tag","embeddable":true,"href":"https:\/\/hunter-optics.com\/fr\/wp-json\/wp\/v2\/product_tag?post=1237"}],"curies":[{"name":"wp","href":"https:\/\/api.w.org\/{rel}","templated":true}]}}