{"id":1183,"date":"2025-07-01T05:47:56","date_gmt":"2025-07-01T05:47:56","guid":{"rendered":"https:\/\/hunter-optics.com\/?post_type=product&#038;p=1183"},"modified":"2025-10-11T09:37:00","modified_gmt":"2025-10-11T09:37:00","slug":"riton-1-primal-3-9x40","status":"publish","type":"product","link":"https:\/\/hunter-optics.com\/fr\/produit\/riton-1-primal-3-9x40\/","title":{"rendered":"Riton 1 PRIMAL 3-9\u00d740"},"content":{"rendered":"<h3 id=\"brxe-wmwgnk\" class=\"brxe-heading h4\">METTRE L'ACCENT SUR LA FONCTION<\/h3>\n<div id=\"brxe-hqsamv\" class=\"brxe-text-basic tir-video__subtitle\">1 PRIMAL 3-9\u00d740<\/div>\n<div id=\"brxe-uenhta\" class=\"brxe-text prod-video__txt\">\n<p><strong>UNE VUE CLAIRE \u00c0 DISTANCE<\/strong><\/p>\n<p>La s\u00e9rie 1 Primal utilise un syst\u00e8me optique enti\u00e8rement multicouche sur l'ensemble de la lunette. Le r\u00e9sultat est une vue plus claire et plus lumineuse de votre cible, une protection contre les \u00e9l\u00e9ments, et la capacit\u00e9 d'\u00eatre performant sur le terrain dans les situations de faible luminosit\u00e9 o\u00f9 le succ\u00e8s de votre saison est en jeu.<\/p>\n<p><strong>L'AJUSTEMENT QUE VOUS POUVEZ VOIR ET SENTIR<\/strong><\/p>\n<p>Avec\u00a0<strong>1 Primal 3-9\u00d740<\/strong>\u00a0le r\u00e9glage est simplifi\u00e9. Avec un r\u00e9glage \u00bc MOA et des tourelles tactiles, le r\u00e9glage de votre optique est un jeu d'enfant. Effectuez vos r\u00e9glages une seule fois et vous serez pr\u00eat \u00e0 abattre des troph\u00e9es pour la vie.<\/p>\n<p><strong>DES R\u00c9TICULES CLAIRS, NETS ET UTILISABLES<\/strong><\/p>\n<p>Dans la gamme 1 Primal, vous trouverez des r\u00e9ticules clairs, nets et pr\u00eats pour tout type de chasse. Que vous soyez \u00e0 la recherche d'un r\u00e9ticule avec des MOA hold overs pour des ajustements rapides lors de tirs \u00e0 longue distance, ou d'un duplex traditionnel pour des tirs intenses \u00e0 l'int\u00e9rieur de la zone, la gamme d'optiques 1 Primal est faite pour vous.<\/p>\n<p><strong>GARDEZ LE RYTHME<\/strong><\/p>\n<p>Lorsque vous devez ajuster votre grossissement, vous voulez pouvoir le faire rapidement et facilement, sans avoir \u00e0 t\u00e2tonner avec le bon grossissement. La s\u00e9rie 1 Primal rend cela facile gr\u00e2ce \u00e0 un levier int\u00e9gr\u00e9 que vous pouvez manipuler facilement, m\u00eame avec des mains gant\u00e9es ou dans des conditions humides.<\/p>\n<h3 id=\"brxe-ztlivr\" class=\"brxe-heading prod-tabs__title\">Information sur le r\u00e9ticule :<\/h3>\n<p id=\"brxe-grjall\" class=\"brxe-text-basic prod-reticle-name\">RETICLE : RHR<\/p>\n<div id=\"brxe-rkyybx\" class=\"brxe-text-basic prod-ret__txt\">\n<p>Le\u00a0<strong>R\u00e9ticule RHR<\/strong>\u00a0est dot\u00e9 d'un design duplex raffin\u00e9 pour une acquisition rapide de la cible, offrant une vue nette id\u00e9ale pour les couverts denses et les conditions de faible luminosit\u00e9. Ses lignes ext\u00e9rieures audacieuses attirent le regard vers les lignes centrales nettes, ce qui permet aux chasseurs d'atteindre les cibles rapidement et en toute confiance.<\/p>\n<h3 id=\"brxe-qcmket\" class=\"brxe-heading prod-tabs__title\">Caract\u00e9ristiques principales :<\/h3>\n<div id=\"brxe-pnyzeh\" class=\"brxe-block prod-tab-feature\">\n<div class=\"brxe-xfsvub brxe-block prod-tab-key-loop\">\n<p><img loading=\"lazy\" decoding=\"async\" class=\"brxe-rtihxw brxe-image prod-feature__icon css-filter size-full\" src=\"https:\/\/ritonoptics.com\/wp-content\/uploads\/dry-nitrogen-purged-and-sealed-1.png\" alt=\"\" width=\"72\" height=\"74\" \/><\/p>\n<div class=\"brxe-anynyj brxe-div\">\n<p class=\"brxe-abizyp brxe-text-basic prod-feature__title\">Purge et scellement \u00e0 l'azote sec<\/p>\n<p class=\"brxe-lprtvs brxe-text-basic prod-feature__txt\">Gr\u00e2ce \u00e0 l'azote, l'optique est purg\u00e9e et scell\u00e9e pour garantir des performances optimales dans toutes les conditions m\u00e9t\u00e9orologiques pendant toute la dur\u00e9e de vie du...<\/p>\n<\/div>\n<\/div>\n<div class=\"brxe-xfsvub brxe-block prod-tab-key-loop\">\n<p><img loading=\"lazy\" decoding=\"async\" class=\"brxe-rtihxw brxe-image prod-feature__icon css-filter size-full\" src=\"https:\/\/ritonoptics.com\/wp-content\/uploads\/precision-quality-1.png\" alt=\"\" width=\"72\" height=\"74\" \/><\/p>\n<div class=\"brxe-anynyj brxe-div\">\n<p class=\"brxe-abizyp brxe-text-basic prod-feature__title\">Assurance qualit\u00e9 de pr\u00e9cision<\/p>\n<p class=\"brxe-lprtvs brxe-text-basic prod-feature__txt\">Chaque produit Riton est soumis \u00e0 un processus rigoureux de contr\u00f4le de la qualit\u00e9 par des techniciens certifi\u00e9s \u00e0 Tucson, AZ. Chaque produit que vous recevez a subi...<\/p>\n<\/div>\n<\/div>\n<div class=\"brxe-xfsvub brxe-block prod-tab-key-loop\">\n<p><img loading=\"lazy\" decoding=\"async\" class=\"brxe-rtihxw brxe-image prod-feature__icon css-filter size-full\" src=\"https:\/\/ritonoptics.com\/wp-content\/uploads\/hd-glass-1.png\" alt=\"\" width=\"72\" height=\"74\" \/><\/p>\n<div class=\"brxe-anynyj brxe-div\">\n<p class=\"brxe-abizyp brxe-text-basic prod-feature__title\">Riton HD Glass<\/p>\n<p class=\"brxe-lprtvs brxe-text-basic prod-feature__txt\">Le verre haute densit\u00e9 (HD) de Riton offre une transmission de la lumi\u00e8re de 99,51 TTP3T pour une clart\u00e9 accrue et une image de vis\u00e9e optimale.<\/p>\n<\/div>\n<\/div>\n<div class=\"brxe-xfsvub brxe-block prod-tab-key-loop\">\n<p><img loading=\"lazy\" decoding=\"async\" class=\"brxe-rtihxw brxe-image prod-feature__icon css-filter size-full\" src=\"https:\/\/ritonoptics.com\/wp-content\/uploads\/performance-coating-1.png\" alt=\"\" width=\"72\" height=\"74\" \/><\/p>\n<div class=\"brxe-anynyj brxe-div\">\n<p class=\"brxe-abizyp brxe-text-basic prod-feature__title\">Riton Performance Coating<\/p>\n<p class=\"brxe-lprtvs brxe-text-basic prod-feature__txt\">Incorporant des lentilles exclusives \u00e0 traitement multiple, toutes les optiques Riton sont dot\u00e9es d'un traitement antireflet et anti-rayures, d'une bande large compl\u00e8te et d'une am\u00e9lioration de la luminosit\u00e9 pour...<\/p>\n<\/div>\n<\/div>\n<div class=\"brxe-xfsvub brxe-block prod-tab-key-loop\">\n<p><img loading=\"lazy\" decoding=\"async\" class=\"brxe-rtihxw brxe-image prod-feature__icon css-filter size-full\" src=\"https:\/\/ritonoptics.com\/wp-content\/uploads\/rugged-construction-1.png\" alt=\"\" width=\"72\" height=\"74\" \/><\/p>\n<div class=\"brxe-anynyj brxe-div\">\n<p class=\"brxe-abizyp brxe-text-basic prod-feature__title\">Construction robuste Riton<\/p>\n<p class=\"brxe-lprtvs brxe-text-basic prod-feature__txt\">La construction robuste de Riton incorpore l'utilisation d'aluminium de qualit\u00e9 a\u00e9ronautique 6061-T6, de tubes monoblocs usin\u00e9s CNC et d'une anodisation \u00e0 couche dure de type III....<\/p>\n<\/div>\n<\/div>\n<div class=\"brxe-xfsvub brxe-block prod-tab-key-loop\">\n<p><img loading=\"lazy\" decoding=\"async\" class=\"brxe-rtihxw brxe-image prod-feature__icon css-filter size-full\" src=\"https:\/\/ritonoptics.com\/wp-content\/uploads\/airgun-approved-1.png\" alt=\"\" width=\"72\" height=\"74\" \/><\/p>\n<div class=\"brxe-anynyj brxe-div\">\n<p class=\"brxe-abizyp brxe-text-basic prod-feature__title\">Approuv\u00e9 pour les armes \u00e0 air comprim\u00e9<\/p>\n<p class=\"brxe-lprtvs brxe-text-basic prod-feature__txt\">Les lunettes de vis\u00e9e Riton sont tr\u00e8s appr\u00e9ci\u00e9es et adapt\u00e9es \u00e0 l'utilisation d'armes \u00e0 air comprim\u00e9, offrant une grande durabilit\u00e9 et une excellente clart\u00e9 optique. Con\u00e7ues pour r\u00e9sister au recul unique...<\/p>\n<h3 id=\"brxe-qzyxzy\" class=\"brxe-heading prod-tabs__title\">Sp\u00e9cifications compl\u00e8tes :<\/h3>\n<div class=\"brxe-zlpnap brxe-block prod-tab-spec-loop\">\n<p class=\"brxe-ibnnrs brxe-text-basic tab-spec__value\">Grossissement : 3-9<\/p>\n<\/div>\n<div class=\"brxe-zlpnap brxe-block prod-tab-spec-loop\">\n<p class=\"brxe-ibnnrs brxe-text-basic tab-spec__value\">R\u00e9glage de la parallaxe : 15 - infini<\/p>\n<\/div>\n<div class=\"brxe-zlpnap brxe-block prod-tab-spec-loop\">\n<p class=\"brxe-ibnnrs brxe-text-basic tab-spec__value\">Diam\u00e8tre du tube : 1 pouce<\/p>\n<\/div>\n<div class=\"brxe-zlpnap brxe-block prod-tab-spec-loop\">\n<p class=\"brxe-ibnnrs brxe-text-basic tab-spec__value\">Diam\u00e8tre de l'objectif : 40 mm<\/p>\n<\/div>\n<div class=\"brxe-zlpnap brxe-block prod-tab-spec-loop\">\n<p class=\"brxe-ibnnrs brxe-text-basic tab-spec__value\">Plan focal:Deuxi\u00e8me plan focal<\/p>\n<\/div>\n<div class=\"brxe-zlpnap brxe-block prod-tab-spec-loop\">\n<p class=\"brxe-ibnnrs brxe-text-basic tab-spec__value\">Traitement de l'objectif : enti\u00e8rement multicouche, bande large, traitement \u00e9tanche, am\u00e9lioration de la luminosit\u00e9.<\/p>\n<\/div>\n<div class=\"brxe-zlpnap brxe-block prod-tab-spec-loop\">\n<p class=\"brxe-ibnnrs brxe-text-basic tab-spec__value\">R\u00e9ticule:RHR<\/p>\n<\/div>\n<div class=\"brxe-zlpnap brxe-block prod-tab-spec-loop\">\n<p class=\"brxe-ibnnrs brxe-text-basic tab-spec__value\">Champ de vision \u00e0 100 m\u00e8tres:33ft - 11ft<\/p>\n<\/div>\n<div class=\"brxe-zlpnap brxe-block prod-tab-spec-loop\">\n<p class=\"brxe-ibnnrs brxe-text-basic tab-spec__value\">Mat\u00e9riau : 6061-T6<\/p>\n<\/div>\n<div class=\"brxe-zlpnap brxe-block prod-tab-spec-loop\">\n<p class=\"brxe-ibnnrs brxe-text-basic tab-spec__value\">Relief oculaire : 4.33in\/110mm<\/p>\n<\/div>\n<div class=\"brxe-zlpnap brxe-block prod-tab-spec-loop\">\n<p class=\"brxe-ibnnrs brxe-text-basic tab-spec__value\">Pupille de sortie : basse 14,4 mm - 4,9 mm<\/p>\n<\/div>\n<div class=\"brxe-zlpnap brxe-block prod-tab-spec-loop\">\n<p class=\"brxe-ibnnrs brxe-text-basic tab-spec__value\">Valeur de clic \u00e0 100 m\u00e8tres:1\/4 MOA<\/p>\n<\/div>\n<div class=\"brxe-zlpnap brxe-block prod-tab-spec-loop\">\n<p class=\"brxe-ibnnrs brxe-text-basic tab-spec__value\">Plage de r\u00e9glage : 80 MOA<\/p>\n<\/div>\n<div class=\"brxe-zlpnap brxe-block prod-tab-spec-loop\">\n<p class=\"brxe-ibnnrs brxe-text-basic tab-spec__value\">Longueur de montage : 5.5in\/140mm<\/p>\n<\/div>\n<div class=\"brxe-zlpnap brxe-block prod-tab-spec-loop\">\n<p class=\"brxe-ibnnrs brxe-text-basic tab-spec__value\">Length:12.03in\/305.56mm<\/p>\n<\/div>\n<div class=\"brxe-zlpnap brxe-block prod-tab-spec-loop\">\n<p class=\"brxe-ibnnrs brxe-text-basic tab-spec__value\">Weight:1.22lbs\/19.52oz<\/p>\n<\/div>\n<div class=\"brxe-zlpnap brxe-block prod-tab-spec-loop\">\n<p class=\"brxe-ibnnrs brxe-text-basic tab-spec__value\">Accessoires inclus : Cache-objectif rabattable, chiffon pour objectif, cl\u00e9 Allen<\/p>\n<\/div>\n<\/div>\n<\/div>\n<\/div>\n<\/div>\n<\/div>","protected":false},"excerpt":{"rendered":"<p>Le <strong>Riton<\/strong> <strong>1 Primal 3-9\u00d740<\/strong>\u00a0La lunette de vis\u00e9e 1 Primal de Riton met l'accent sur la performance fonctionnelle avec une plate-forme simple qui est parfaite pour votre temps dans les bois. Lorsque vous recherchez des performances fiables et des optiques de qualit\u00e9 qui vous donnent l'image de vis\u00e9e dont vous avez besoin lorsqu'il est temps de remplir votre cible, la gamme de lunettes de vis\u00e9e 1 Primal vous offre exactement cela, et pour moins que vous ne l'auriez imagin\u00e9.<\/p>","protected":false},"featured_media":1184,"comment_status":"open","ping_status":"closed","template":"","meta":[],"etheme_brands":[{"term_id":44,"name":"Riton","slug":"riton","term_group":0,"term_taxonomy_id":44,"taxonomy":"brand","description":"","parent":0,"count":18,"filter":"raw"}],"product_brand":[],"product_cat":[49],"product_tag":[],"class_list":{"0":"post-1183","1":"product","2":"type-product","3":"status-publish","4":"has-post-thumbnail","6":"brand-riton","7":"product_cat-rifle-scopes","9":"first","10":"instock","11":"sale","12":"taxable","13":"shipping-taxable","14":"purchasable","15":"product-type-simple"},"yoast_head":"<!-- This site is optimized with the Yoast SEO Premium plugin v25.7.1 (Yoast SEO v27.4) - https:\/\/yoast.com\/product\/yoast-seo-premium-wordpress\/ -->\n<title>Riton 1 PRIMAL 3-9\u00d740 - Hunter Optics<\/title>\n<meta name=\"description\" content=\"The Riton 1 Primal 3-9\u00d740\u00a0from Riton keeps the focus on functional performance with a straightforward platform that\u2019s perfect for your time in the woods.\" \/>\n<meta name=\"robots\" content=\"index, follow, max-snippet:-1, max-image-preview:large, max-video-preview:-1\" \/>\n<link rel=\"canonical\" href=\"https:\/\/hunter-optics.com\/fr\/produit\/riton-1-primal-3-9x40\/\" \/>\n<meta property=\"og:locale\" content=\"fr_FR\" \/>\n<meta property=\"og:type\" content=\"article\" \/>\n<meta property=\"og:title\" content=\"Riton 1 PRIMAL 3-9\u00d740\" \/>\n<meta property=\"og:description\" content=\"The Riton 1 Primal 3-9\u00d740\u00a0from Riton keeps the focus on functional performance with a straightforward platform that\u2019s perfect for your time in the woods.\" \/>\n<meta property=\"og:url\" content=\"https:\/\/hunter-optics.com\/fr\/produit\/riton-1-primal-3-9x40\/\" \/>\n<meta property=\"og:site_name\" content=\"Hunter Optics\" \/>\n<meta property=\"article:modified_time\" content=\"2025-10-11T09:37:00+00:00\" \/>\n<meta property=\"og:image\" content=\"https:\/\/hunter-optics.com\/wp-content\/uploads\/2025\/07\/1-Primal-3-9x40-lb-v2-angle-02.webp\" \/>\n\t<meta property=\"og:image:width\" content=\"876\" \/>\n\t<meta property=\"og:image:height\" content=\"876\" \/>\n\t<meta property=\"og:image:type\" content=\"image\/webp\" \/>\n<meta name=\"twitter:card\" content=\"summary_large_image\" \/>\n<meta name=\"twitter:label1\" content=\"Prix\" \/>\n\t<meta name=\"twitter:data1\" content=\"&#036;219.99\" \/>\n\t<meta name=\"twitter:label2\" content=\"Disponibilit\u00e9\" \/>\n\t<meta name=\"twitter:data2\" content=\"En stock\" \/>\n<script type=\"application\/ld+json\" class=\"yoast-schema-graph\">{\"@context\":\"https:\\\/\\\/schema.org\",\"@graph\":[{\"@type\":\"WebPage\",\"@id\":\"https:\\\/\\\/hunter-optics.com\\\/product\\\/riton-1-primal-3-9x40\\\/\",\"url\":\"https:\\\/\\\/hunter-optics.com\\\/product\\\/riton-1-primal-3-9x40\\\/\",\"name\":\"Riton 1 PRIMAL 3-9\u00d740 - Hunter Optics\",\"isPartOf\":{\"@id\":\"https:\\\/\\\/hunter-optics.com\\\/#website\"},\"primaryImageOfPage\":{\"@id\":\"https:\\\/\\\/hunter-optics.com\\\/product\\\/riton-1-primal-3-9x40\\\/#primaryimage\"},\"image\":{\"@id\":\"https:\\\/\\\/hunter-optics.com\\\/product\\\/riton-1-primal-3-9x40\\\/#primaryimage\"},\"thumbnailUrl\":\"https:\\\/\\\/hunter-optics.com\\\/wp-content\\\/uploads\\\/2025\\\/07\\\/1-Primal-3-9x40-lb-v2-angle-02.webp\",\"datePublished\":\"2025-07-01T05:47:56+00:00\",\"dateModified\":\"2025-10-11T09:37:00+00:00\",\"description\":\"The Riton 1 Primal 3-9\u00d740\u00a0from Riton keeps the focus on functional performance with a straightforward platform that\u2019s perfect for your time in the woods.\",\"breadcrumb\":{\"@id\":\"https:\\\/\\\/hunter-optics.com\\\/product\\\/riton-1-primal-3-9x40\\\/#breadcrumb\"},\"inLanguage\":\"fr-FR\",\"potentialAction\":[{\"@type\":\"ReadAction\",\"target\":[\"https:\\\/\\\/hunter-optics.com\\\/product\\\/riton-1-primal-3-9x40\\\/\"]}]},{\"@type\":\"ImageObject\",\"inLanguage\":\"fr-FR\",\"@id\":\"https:\\\/\\\/hunter-optics.com\\\/product\\\/riton-1-primal-3-9x40\\\/#primaryimage\",\"url\":\"https:\\\/\\\/hunter-optics.com\\\/wp-content\\\/uploads\\\/2025\\\/07\\\/1-Primal-3-9x40-lb-v2-angle-02.webp\",\"contentUrl\":\"https:\\\/\\\/hunter-optics.com\\\/wp-content\\\/uploads\\\/2025\\\/07\\\/1-Primal-3-9x40-lb-v2-angle-02.webp\",\"width\":876,\"height\":876},{\"@type\":\"BreadcrumbList\",\"@id\":\"https:\\\/\\\/hunter-optics.com\\\/product\\\/riton-1-primal-3-9x40\\\/#breadcrumb\",\"itemListElement\":[{\"@type\":\"ListItem\",\"position\":1,\"name\":\"Home\",\"item\":\"https:\\\/\\\/hunter-optics.com\\\/\"},{\"@type\":\"ListItem\",\"position\":2,\"name\":\"Products\",\"item\":\"https:\\\/\\\/hunter-optics.com\\\/shop\\\/\"},{\"@type\":\"ListItem\",\"position\":3,\"name\":\"Riton 1 PRIMAL 3-9\u00d740\"}]},{\"@type\":\"WebSite\",\"@id\":\"https:\\\/\\\/hunter-optics.com\\\/#website\",\"url\":\"https:\\\/\\\/hunter-optics.com\\\/\",\"name\":\"Hunter Optics\",\"description\":\"Hunter Optics \u2014 Your Eye on the Target.\",\"publisher\":{\"@id\":\"https:\\\/\\\/hunter-optics.com\\\/#organization\"},\"potentialAction\":[{\"@type\":\"SearchAction\",\"target\":{\"@type\":\"EntryPoint\",\"urlTemplate\":\"https:\\\/\\\/hunter-optics.com\\\/?s={search_term_string}\"},\"query-input\":{\"@type\":\"PropertyValueSpecification\",\"valueRequired\":true,\"valueName\":\"search_term_string\"}}],\"inLanguage\":\"fr-FR\"},{\"@type\":\"Organization\",\"@id\":\"https:\\\/\\\/hunter-optics.com\\\/#organization\",\"name\":\"Hunter Optics\",\"url\":\"https:\\\/\\\/hunter-optics.com\\\/\",\"logo\":{\"@type\":\"ImageObject\",\"inLanguage\":\"fr-FR\",\"@id\":\"https:\\\/\\\/hunter-optics.com\\\/#\\\/schema\\\/logo\\\/image\\\/\",\"url\":\"https:\\\/\\\/hunter-optics.com\\\/wp-content\\\/uploads\\\/2025\\\/06\\\/hunter-optics-logo-1.png\",\"contentUrl\":\"https:\\\/\\\/hunter-optics.com\\\/wp-content\\\/uploads\\\/2025\\\/06\\\/hunter-optics-logo-1.png\",\"width\":937,\"height\":373,\"caption\":\"Hunter Optics\"},\"image\":{\"@id\":\"https:\\\/\\\/hunter-optics.com\\\/#\\\/schema\\\/logo\\\/image\\\/\"}}]}<\/script>\n<meta property=\"product:brand\" content=\"Riton\" \/>\n<meta property=\"product:price:amount\" content=\"219.99\" \/>\n<meta property=\"product:price:currency\" content=\"USD\" \/>\n<meta property=\"og:availability\" content=\"instock\" \/>\n<meta property=\"product:availability\" content=\"instock\" \/>\n<meta property=\"product:condition\" content=\"new\" \/>\n<!-- \/ Yoast SEO Premium plugin. -->","yoast_head_json":{"title":"Riton 1 PRIMAL 3-9\u00d740 - Hunter Optics","description":"La Riton 1 Primal 3-9\u00d740 de Riton se concentre sur la performance fonctionnelle avec une plateforme simple qui est parfaite pour votre temps dans les bois.","robots":{"index":"index","follow":"follow","max-snippet":"max-snippet:-1","max-image-preview":"max-image-preview:large","max-video-preview":"max-video-preview:-1"},"canonical":"https:\/\/hunter-optics.com\/fr\/produit\/riton-1-primal-3-9x40\/","og_locale":"fr_FR","og_type":"article","og_title":"Riton 1 PRIMAL 3-9\u00d740","og_description":"The Riton 1 Primal 3-9\u00d740\u00a0from Riton keeps the focus on functional performance with a straightforward platform that\u2019s perfect for your time in the woods.","og_url":"https:\/\/hunter-optics.com\/fr\/produit\/riton-1-primal-3-9x40\/","og_site_name":"Hunter Optics","article_modified_time":"2025-10-11T09:37:00+00:00","og_image":[{"width":876,"height":876,"url":"https:\/\/hunter-optics.com\/wp-content\/uploads\/2025\/07\/1-Primal-3-9x40-lb-v2-angle-02.webp","type":"image\/webp"}],"twitter_card":"summary_large_image","twitter_misc":{"Prix":"&#36;219.99","Disponibilit\u00e9":"En stock"},"schema":{"@context":"https:\/\/schema.org","@graph":[{"@type":"WebPage","@id":"https:\/\/hunter-optics.com\/product\/riton-1-primal-3-9x40\/","url":"https:\/\/hunter-optics.com\/product\/riton-1-primal-3-9x40\/","name":"Riton 1 PRIMAL 3-9\u00d740 - Hunter Optics","isPartOf":{"@id":"https:\/\/hunter-optics.com\/#website"},"primaryImageOfPage":{"@id":"https:\/\/hunter-optics.com\/product\/riton-1-primal-3-9x40\/#primaryimage"},"image":{"@id":"https:\/\/hunter-optics.com\/product\/riton-1-primal-3-9x40\/#primaryimage"},"thumbnailUrl":"https:\/\/hunter-optics.com\/wp-content\/uploads\/2025\/07\/1-Primal-3-9x40-lb-v2-angle-02.webp","datePublished":"2025-07-01T05:47:56+00:00","dateModified":"2025-10-11T09:37:00+00:00","description":"La Riton 1 Primal 3-9\u00d740 de Riton se concentre sur la performance fonctionnelle avec une plateforme simple qui est parfaite pour votre temps dans les bois.","breadcrumb":{"@id":"https:\/\/hunter-optics.com\/product\/riton-1-primal-3-9x40\/#breadcrumb"},"inLanguage":"fr-FR","potentialAction":[{"@type":"ReadAction","target":["https:\/\/hunter-optics.com\/product\/riton-1-primal-3-9x40\/"]}]},{"@type":"ImageObject","inLanguage":"fr-FR","@id":"https:\/\/hunter-optics.com\/product\/riton-1-primal-3-9x40\/#primaryimage","url":"https:\/\/hunter-optics.com\/wp-content\/uploads\/2025\/07\/1-Primal-3-9x40-lb-v2-angle-02.webp","contentUrl":"https:\/\/hunter-optics.com\/wp-content\/uploads\/2025\/07\/1-Primal-3-9x40-lb-v2-angle-02.webp","width":876,"height":876},{"@type":"BreadcrumbList","@id":"https:\/\/hunter-optics.com\/product\/riton-1-primal-3-9x40\/#breadcrumb","itemListElement":[{"@type":"ListItem","position":1,"name":"Home","item":"https:\/\/hunter-optics.com\/"},{"@type":"ListItem","position":2,"name":"Products","item":"https:\/\/hunter-optics.com\/shop\/"},{"@type":"ListItem","position":3,"name":"Riton 1 PRIMAL 3-9\u00d740"}]},{"@type":"WebSite","@id":"https:\/\/hunter-optics.com\/#website","url":"https:\/\/hunter-optics.com\/","name":"Optique Hunter","description":"Optique du chasseur - L'\u0153il sur la cible.","publisher":{"@id":"https:\/\/hunter-optics.com\/#organization"},"potentialAction":[{"@type":"SearchAction","target":{"@type":"EntryPoint","urlTemplate":"https:\/\/hunter-optics.com\/?s={search_term_string}"},"query-input":{"@type":"PropertyValueSpecification","valueRequired":true,"valueName":"search_term_string"}}],"inLanguage":"fr-FR"},{"@type":"Organization","@id":"https:\/\/hunter-optics.com\/#organization","name":"Optique Hunter","url":"https:\/\/hunter-optics.com\/","logo":{"@type":"ImageObject","inLanguage":"fr-FR","@id":"https:\/\/hunter-optics.com\/#\/schema\/logo\/image\/","url":"https:\/\/hunter-optics.com\/wp-content\/uploads\/2025\/06\/hunter-optics-logo-1.png","contentUrl":"https:\/\/hunter-optics.com\/wp-content\/uploads\/2025\/06\/hunter-optics-logo-1.png","width":937,"height":373,"caption":"Hunter Optics"},"image":{"@id":"https:\/\/hunter-optics.com\/#\/schema\/logo\/image\/"}}]},"product_brand":"Riton","product_price_amount":"219.99","product_price_currency":"USD","og_availability":"instock","product_availability":"instock","product_condition":"new"},"_links":{"self":[{"href":"https:\/\/hunter-optics.com\/fr\/wp-json\/wp\/v2\/product\/1183","targetHints":{"allow":["GET"]}}],"collection":[{"href":"https:\/\/hunter-optics.com\/fr\/wp-json\/wp\/v2\/product"}],"about":[{"href":"https:\/\/hunter-optics.com\/fr\/wp-json\/wp\/v2\/types\/product"}],"replies":[{"embeddable":true,"href":"https:\/\/hunter-optics.com\/fr\/wp-json\/wp\/v2\/comments?post=1183"}],"version-history":[{"count":6,"href":"https:\/\/hunter-optics.com\/fr\/wp-json\/wp\/v2\/product\/1183\/revisions"}],"predecessor-version":[{"id":1297,"href":"https:\/\/hunter-optics.com\/fr\/wp-json\/wp\/v2\/product\/1183\/revisions\/1297"}],"wp:featuredmedia":[{"embeddable":true,"href":"https:\/\/hunter-optics.com\/fr\/wp-json\/wp\/v2\/media\/1184"}],"wp:attachment":[{"href":"https:\/\/hunter-optics.com\/fr\/wp-json\/wp\/v2\/media?parent=1183"}],"wp:term":[{"taxonomy":"brand","embeddable":true,"href":"https:\/\/hunter-optics.com\/fr\/wp-json\/wp\/v2\/etheme_brands?post=1183"},{"taxonomy":"product_brand","embeddable":true,"href":"https:\/\/hunter-optics.com\/fr\/wp-json\/wp\/v2\/product_brand?post=1183"},{"taxonomy":"product_cat","embeddable":true,"href":"https:\/\/hunter-optics.com\/fr\/wp-json\/wp\/v2\/product_cat?post=1183"},{"taxonomy":"product_tag","embeddable":true,"href":"https:\/\/hunter-optics.com\/fr\/wp-json\/wp\/v2\/product_tag?post=1183"}],"curies":[{"name":"wp","href":"https:\/\/api.w.org\/{rel}","templated":true}]}}