{"id":1747,"date":"2025-08-11T07:45:54","date_gmt":"2025-08-11T07:45:54","guid":{"rendered":"https:\/\/hunter-optics.com\/?post_type=product&#038;p=1747"},"modified":"2025-08-11T07:49:11","modified_gmt":"2025-08-11T07:49:11","slug":"athlon-neos-6-18x44-bdc-500-ir-1mm","status":"publish","type":"product","link":"https:\/\/hunter-optics.com\/es\/producto\/athlon-neos-6-18x44-bdc-500-ir-1mm\/","title":{"rendered":"Athlon NEOS 6-18\u00d744 BDC 500 IR 1mm"},"content":{"rendered":"<div id=\"target_description\" class=\"w-full py-8 border-t mb-6 text-sm border-pbordergreydark pm-product-content open\">\n<p><strong>ESPECIFICACIONES<\/strong><\/p>\n<\/div>\n<ul>\n<li>Aumento: 6-18x<\/li>\n<li>Di\u00e1metro del objetivo: 44 mm<\/li>\n<li>Di\u00e1metro del tubo: 1 mm<\/li>\n<li>Alivio ocular: 3,39-3,19 pulgadas<\/li>\n<li>Campo de visi\u00f3n a 100 yardas 17,5-5,9 pies<\/li>\n<li>Valor de clic: 0,25MOA<\/li>\n<li>Rango de ajuste por rotaci\u00f3n: 15 MOA<\/li>\n<li>Ajuste de elevaci\u00f3n total: 50 MIL<\/li>\n<li>Ajuste total de Windage: 50 MIL<\/li>\n<li>Ajuste de paralaje: Enfoque lateral - 10 yardas al infinito<\/li>\n<li>Material de purga: Nitr\u00f3geno<\/li>\n<li>Longitud: 13,5 pulgadas<\/li>\n<li>Peso: 21.7 oz<\/li>\n<li>Garant\u00eda de por vida<\/li>\n<\/ul>\n<p><strong>CARACTER\u00cdSTICAS<\/strong><\/p>\n<h4>Primer plano focal Ret\u00edculo:<\/h4>\n<ul>\n<li>El dise\u00f1o del primer plano focal le permite utilizar plenamente las ret\u00edculas especialmente dise\u00f1adas que se encogen o crecen junto con su objetivo a medida que se acerca o se aleja.  Estas ret\u00edculas permiten apuntar con rapidez a baja potencia y ofrecen posiciones de holgura precisas con detalles m\u00e1s finos.<\/li>\n<\/ul>\n<h4>Ret\u00edcula iluminada:<\/h4>\n<ul>\n<li>La ret\u00edcula iluminada proporciona una mayor visibilidad durante el crep\u00fasculo y el amanecer y en otros entornos con poca luz ambiental.<\/li>\n<\/ul>\n<h4>Ret\u00edcula de cristal grabado:<\/h4>\n<ul>\n<li>Ret\u00edcula grabada en el cristal que proporciona un excelente soporte para el dise\u00f1o de ret\u00edculas complejas y ofrece una gran durabilidad y una resistencia mucho mayor al retroceso.<\/li>\n<\/ul>\n<h4>Multicoated completamente avanzado:<\/h4>\n<ul>\n<li>El sistema \u00f3ptico totalmente revestido reduce eficazmente la luz reflejada y aumenta la transmisi\u00f3n de la luz, lo que proporciona una imagen m\u00e1s brillante que las lentes normales con un solo revestimiento.<\/li>\n<\/ul>\n<h4>Sistema de parada a cero de precisi\u00f3n:<\/h4>\n<ul>\n<li>El sistema le permite fijar su posici\u00f3n cero y volver a ella con una parada n\u00edtida y precisa justo en su marca cero, incluso si est\u00e1 girando en plena oscuridad o plegado a ciegas.<\/li>\n<\/ul>\n<h4>Aluminio 6061 T6:<\/h4>\n<ul>\n<li>El tubo de aluminio de calidad aeron\u00e1utica 6061T6, que tiene una resistencia excepcional y una integridad mec\u00e1nica superior, proteger\u00e1 estas \u00f3pticas de primera clase sin importar el castigo al que las someta.<\/li>\n<\/ul>\n<h4>Construcci\u00f3n de tubo de una pieza con tratamiento t\u00e9rmico:<\/h4>\n<ul>\n<li>El tubo de una sola pieza con tratamiento t\u00e9rmico proporciona al visor una mayor resistencia que los tubos de varias piezas.  Un tubo de una sola pieza tambi\u00e9n es mejor para mantener la humedad fuera, manteniendo as\u00ed su visor a prueba de niebla durante toda la vida \u00fatil del producto.<\/li>\n<\/ul>\n<h4>Impermeable:<\/h4>\n<ul>\n<li>Resistente al agua para proteger el visor en las condiciones meteorol\u00f3gicas m\u00e1s adversas o si se sumerge accidentalmente bajo el agua.<\/li>\n<\/ul>\n<p><strong>A prueba de niebla:<\/strong><\/p>\n<ul>\n<li>A prueba de niebla para que pueda apuntar inmediatamente a su objetivo cuando lleve su rifle a una temperatura ambiente fr\u00eda desde un interior c\u00e1lido.<\/li>\n<\/ul>\n<p><strong>A prueba de golpes:<\/strong><\/p>\n<ul>\n<li>Sistema mec\u00e1nico robusto con dise\u00f1os especiales tanto en el control como en el sistema erector que le proporcionan la m\u00e1xima resistencia al retroceso para soportar 1000G de retroceso durante 1000 veces.<\/li>\n<\/ul>\n<p><strong>Purgado con arg\u00f3n:<\/strong><\/p>\n<ul>\n<li>La purga de arg\u00f3n utiliza gas de inercia con mol\u00e9culas de mayor tama\u00f1o para purgar la humedad del tubo, lo que mejora la impermeabilidad y la estabilidad t\u00e9rmica.<\/li>\n<\/ul>","protected":false},"excerpt":{"rendered":"<p>\u00bfEs usted un cazador con un presupuesto ajustado que busca un visor de caza para esta pr\u00f3xima temporada? Los visores Neos son los visores de caza perfectos para los cazadores que buscan calidad y prestaciones sin salirse del presupuesto. La l\u00ednea Neos de visores de caza cuenta con torretas de elevaci\u00f3n y correcci\u00f3n del viento, ret\u00edcula iluminada, lentes con revestimiento m\u00faltiple, impermeable y antivaho.<\/p>","protected":false},"featured_media":1748,"comment_status":"open","ping_status":"closed","template":"","meta":[],"etheme_brands":[{"term_id":46,"name":"Athlon","slug":"athlon","term_group":0,"term_taxonomy_id":46,"taxonomy":"brand","description":"Athlon is a proud US sports optics product company. Devoted to designing and delivering superior quality optics products and outdoor accessories at a competitive price to our consumers via our distribution and retail channels. Athlon has strong engineering capabilities, strategic alliances with quality manufacturers, and a streamlined fully integrated supply chain. These advantages enable us to bring the latest cutting edge technologies and cut out the extra layers of traditional supply chains. With these advantages we are able to deliver products to consumers with great cost savings. Our goal from day one is to pass those savings to you, the outdoor enthusiast.","parent":0,"count":8,"filter":"raw"}],"product_brand":[],"product_cat":[49],"product_tag":[],"class_list":{"0":"post-1747","1":"product","2":"type-product","3":"status-publish","4":"has-post-thumbnail","6":"brand-athlon","7":"product_cat-rifle-scopes","9":"first","10":"instock","11":"taxable","12":"shipping-taxable","13":"purchasable","14":"product-type-simple"},"yoast_head":"<!-- This site is optimized with the Yoast SEO Premium plugin v25.7.1 (Yoast SEO v27.4) - https:\/\/yoast.com\/product\/yoast-seo-premium-wordpress\/ -->\n<title>Athlon NEOS 6-18\u00d744 BDC 500 IR 1mm - Hunter Optics<\/title>\n<meta name=\"description\" content=\"Athlon Argos BTR GEN2 6-24x50 FFP scope features illuminated APLR2 MOA reticle, aircraft-grade aluminum body &amp; true zero-stop. Ideal for precision shooting. Shop now.\" \/>\n<meta name=\"robots\" content=\"index, follow, max-snippet:-1, max-image-preview:large, max-video-preview:-1\" \/>\n<link rel=\"canonical\" href=\"https:\/\/hunter-optics.com\/es\/producto\/athlon-neos-6-18x44-bdc-500-ir-1mm\/\" \/>\n<meta property=\"og:locale\" content=\"es_ES\" \/>\n<meta property=\"og:type\" content=\"article\" \/>\n<meta property=\"og:title\" content=\"Athlon NEOS 6-18\u00d744 BDC 500 IR 1mm\" \/>\n<meta property=\"og:description\" content=\"Athlon Argos BTR GEN2 6-24x50 FFP scope features illuminated APLR2 MOA reticle, aircraft-grade aluminum body &amp; true zero-stop. Ideal for precision shooting. Shop now.\" \/>\n<meta property=\"og:url\" content=\"https:\/\/hunter-optics.com\/es\/producto\/athlon-neos-6-18x44-bdc-500-ir-1mm\/\" \/>\n<meta property=\"og:site_name\" content=\"Hunter Optics\" \/>\n<meta property=\"article:modified_time\" content=\"2025-08-11T07:49:11+00:00\" \/>\n<meta property=\"og:image\" content=\"https:\/\/hunter-optics.com\/wp-content\/uploads\/2025\/08\/Athlon-NEOS-6-18\u00d744-BDC-500-IR-1.webp\" \/>\n\t<meta property=\"og:image:width\" content=\"1500\" \/>\n\t<meta property=\"og:image:height\" content=\"1500\" \/>\n\t<meta property=\"og:image:type\" content=\"image\/webp\" \/>\n<meta name=\"twitter:card\" content=\"summary_large_image\" \/>\n<meta name=\"twitter:label1\" content=\"Precio\" \/>\n\t<meta name=\"twitter:data1\" content=\"&#036;237.49\" \/>\n\t<meta name=\"twitter:label2\" content=\"Disponibilidad\" \/>\n\t<meta name=\"twitter:data2\" content=\"Disponible\" \/>\n<script type=\"application\/ld+json\" class=\"yoast-schema-graph\">{\"@context\":\"https:\\\/\\\/schema.org\",\"@graph\":[{\"@type\":\"WebPage\",\"@id\":\"https:\\\/\\\/hunter-optics.com\\\/product\\\/athlon-neos-6-18x44-bdc-500-ir-1mm\\\/\",\"url\":\"https:\\\/\\\/hunter-optics.com\\\/product\\\/athlon-neos-6-18x44-bdc-500-ir-1mm\\\/\",\"name\":\"Athlon NEOS 6-18\u00d744 BDC 500 IR 1mm - Hunter Optics\",\"isPartOf\":{\"@id\":\"https:\\\/\\\/hunter-optics.com\\\/#website\"},\"primaryImageOfPage\":{\"@id\":\"https:\\\/\\\/hunter-optics.com\\\/product\\\/athlon-neos-6-18x44-bdc-500-ir-1mm\\\/#primaryimage\"},\"image\":{\"@id\":\"https:\\\/\\\/hunter-optics.com\\\/product\\\/athlon-neos-6-18x44-bdc-500-ir-1mm\\\/#primaryimage\"},\"thumbnailUrl\":\"https:\\\/\\\/hunter-optics.com\\\/wp-content\\\/uploads\\\/2025\\\/08\\\/Athlon-NEOS-6-18\u00d744-BDC-500-IR-1.webp\",\"datePublished\":\"2025-08-11T07:45:54+00:00\",\"dateModified\":\"2025-08-11T07:49:11+00:00\",\"description\":\"Athlon Argos BTR GEN2 6-24x50 FFP scope features illuminated APLR2 MOA reticle, aircraft-grade aluminum body & true zero-stop. Ideal for precision shooting. Shop now.\",\"breadcrumb\":{\"@id\":\"https:\\\/\\\/hunter-optics.com\\\/product\\\/athlon-neos-6-18x44-bdc-500-ir-1mm\\\/#breadcrumb\"},\"inLanguage\":\"es\",\"potentialAction\":[{\"@type\":\"ReadAction\",\"target\":[\"https:\\\/\\\/hunter-optics.com\\\/product\\\/athlon-neos-6-18x44-bdc-500-ir-1mm\\\/\"]}]},{\"@type\":\"ImageObject\",\"inLanguage\":\"es\",\"@id\":\"https:\\\/\\\/hunter-optics.com\\\/product\\\/athlon-neos-6-18x44-bdc-500-ir-1mm\\\/#primaryimage\",\"url\":\"https:\\\/\\\/hunter-optics.com\\\/wp-content\\\/uploads\\\/2025\\\/08\\\/Athlon-NEOS-6-18\u00d744-BDC-500-IR-1.webp\",\"contentUrl\":\"https:\\\/\\\/hunter-optics.com\\\/wp-content\\\/uploads\\\/2025\\\/08\\\/Athlon-NEOS-6-18\u00d744-BDC-500-IR-1.webp\",\"width\":1500,\"height\":1500,\"caption\":\"Athlon NEOS 6-18\u00d744 BDC 500 IR\"},{\"@type\":\"BreadcrumbList\",\"@id\":\"https:\\\/\\\/hunter-optics.com\\\/product\\\/athlon-neos-6-18x44-bdc-500-ir-1mm\\\/#breadcrumb\",\"itemListElement\":[{\"@type\":\"ListItem\",\"position\":1,\"name\":\"Home\",\"item\":\"https:\\\/\\\/hunter-optics.com\\\/\"},{\"@type\":\"ListItem\",\"position\":2,\"name\":\"Products\",\"item\":\"https:\\\/\\\/hunter-optics.com\\\/shop\\\/\"},{\"@type\":\"ListItem\",\"position\":3,\"name\":\"Athlon NEOS 6-18\u00d744 BDC 500 IR 1mm\"}]},{\"@type\":\"WebSite\",\"@id\":\"https:\\\/\\\/hunter-optics.com\\\/#website\",\"url\":\"https:\\\/\\\/hunter-optics.com\\\/\",\"name\":\"Hunter Optics\",\"description\":\"Hunter Optics \u2014 Your Eye on the Target.\",\"publisher\":{\"@id\":\"https:\\\/\\\/hunter-optics.com\\\/#organization\"},\"potentialAction\":[{\"@type\":\"SearchAction\",\"target\":{\"@type\":\"EntryPoint\",\"urlTemplate\":\"https:\\\/\\\/hunter-optics.com\\\/?s={search_term_string}\"},\"query-input\":{\"@type\":\"PropertyValueSpecification\",\"valueRequired\":true,\"valueName\":\"search_term_string\"}}],\"inLanguage\":\"es\"},{\"@type\":\"Organization\",\"@id\":\"https:\\\/\\\/hunter-optics.com\\\/#organization\",\"name\":\"Hunter Optics\",\"url\":\"https:\\\/\\\/hunter-optics.com\\\/\",\"logo\":{\"@type\":\"ImageObject\",\"inLanguage\":\"es\",\"@id\":\"https:\\\/\\\/hunter-optics.com\\\/#\\\/schema\\\/logo\\\/image\\\/\",\"url\":\"https:\\\/\\\/hunter-optics.com\\\/wp-content\\\/uploads\\\/2025\\\/06\\\/hunter-optics-logo-1.png\",\"contentUrl\":\"https:\\\/\\\/hunter-optics.com\\\/wp-content\\\/uploads\\\/2025\\\/06\\\/hunter-optics-logo-1.png\",\"width\":937,\"height\":373,\"caption\":\"Hunter Optics\"},\"image\":{\"@id\":\"https:\\\/\\\/hunter-optics.com\\\/#\\\/schema\\\/logo\\\/image\\\/\"}}]}<\/script>\n<meta property=\"product:brand\" content=\"Athlon\" \/>\n<meta property=\"product:price:amount\" content=\"237.49\" \/>\n<meta property=\"product:price:currency\" content=\"USD\" \/>\n<meta property=\"og:availability\" content=\"instock\" \/>\n<meta property=\"product:availability\" content=\"instock\" \/>\n<meta property=\"product:condition\" content=\"new\" \/>\n<!-- \/ Yoast SEO Premium plugin. -->","yoast_head_json":{"title":"Athlon NEOS 6-18\u00d744 BDC 500 IR 1mm - Hunter Optics","description":"Visor Athlon Argos BTR GEN2 6-24x50 FFP con ret\u00edcula iluminada APLR2 MOA, cuerpo de aluminio de calidad aeron\u00e1utica y verdadero zero-stop. Ideal para tiro de precisi\u00f3n. Compre ahora.","robots":{"index":"index","follow":"follow","max-snippet":"max-snippet:-1","max-image-preview":"max-image-preview:large","max-video-preview":"max-video-preview:-1"},"canonical":"https:\/\/hunter-optics.com\/es\/producto\/athlon-neos-6-18x44-bdc-500-ir-1mm\/","og_locale":"es_ES","og_type":"article","og_title":"Athlon NEOS 6-18\u00d744 BDC 500 IR 1mm","og_description":"Athlon Argos BTR GEN2 6-24x50 FFP scope features illuminated APLR2 MOA reticle, aircraft-grade aluminum body & true zero-stop. Ideal for precision shooting. Shop now.","og_url":"https:\/\/hunter-optics.com\/es\/producto\/athlon-neos-6-18x44-bdc-500-ir-1mm\/","og_site_name":"Hunter Optics","article_modified_time":"2025-08-11T07:49:11+00:00","og_image":[{"width":1500,"height":1500,"url":"https:\/\/hunter-optics.com\/wp-content\/uploads\/2025\/08\/Athlon-NEOS-6-18\u00d744-BDC-500-IR-1.webp","type":"image\/webp"}],"twitter_card":"summary_large_image","twitter_misc":{"Precio":"&#36;237.49","Disponibilidad":"Disponible"},"schema":{"@context":"https:\/\/schema.org","@graph":[{"@type":"WebPage","@id":"https:\/\/hunter-optics.com\/product\/athlon-neos-6-18x44-bdc-500-ir-1mm\/","url":"https:\/\/hunter-optics.com\/product\/athlon-neos-6-18x44-bdc-500-ir-1mm\/","name":"Athlon NEOS 6-18\u00d744 BDC 500 IR 1mm - Hunter Optics","isPartOf":{"@id":"https:\/\/hunter-optics.com\/#website"},"primaryImageOfPage":{"@id":"https:\/\/hunter-optics.com\/product\/athlon-neos-6-18x44-bdc-500-ir-1mm\/#primaryimage"},"image":{"@id":"https:\/\/hunter-optics.com\/product\/athlon-neos-6-18x44-bdc-500-ir-1mm\/#primaryimage"},"thumbnailUrl":"https:\/\/hunter-optics.com\/wp-content\/uploads\/2025\/08\/Athlon-NEOS-6-18\u00d744-BDC-500-IR-1.webp","datePublished":"2025-08-11T07:45:54+00:00","dateModified":"2025-08-11T07:49:11+00:00","description":"Visor Athlon Argos BTR GEN2 6-24x50 FFP con ret\u00edcula iluminada APLR2 MOA, cuerpo de aluminio de calidad aeron\u00e1utica y verdadero zero-stop. Ideal para tiro de precisi\u00f3n. Compre ahora.","breadcrumb":{"@id":"https:\/\/hunter-optics.com\/product\/athlon-neos-6-18x44-bdc-500-ir-1mm\/#breadcrumb"},"inLanguage":"es","potentialAction":[{"@type":"ReadAction","target":["https:\/\/hunter-optics.com\/product\/athlon-neos-6-18x44-bdc-500-ir-1mm\/"]}]},{"@type":"ImageObject","inLanguage":"es","@id":"https:\/\/hunter-optics.com\/product\/athlon-neos-6-18x44-bdc-500-ir-1mm\/#primaryimage","url":"https:\/\/hunter-optics.com\/wp-content\/uploads\/2025\/08\/Athlon-NEOS-6-18\u00d744-BDC-500-IR-1.webp","contentUrl":"https:\/\/hunter-optics.com\/wp-content\/uploads\/2025\/08\/Athlon-NEOS-6-18\u00d744-BDC-500-IR-1.webp","width":1500,"height":1500,"caption":"Athlon NEOS 6-18\u00d744 BDC 500 IR"},{"@type":"BreadcrumbList","@id":"https:\/\/hunter-optics.com\/product\/athlon-neos-6-18x44-bdc-500-ir-1mm\/#breadcrumb","itemListElement":[{"@type":"ListItem","position":1,"name":"Home","item":"https:\/\/hunter-optics.com\/"},{"@type":"ListItem","position":2,"name":"Products","item":"https:\/\/hunter-optics.com\/shop\/"},{"@type":"ListItem","position":3,"name":"Athlon NEOS 6-18\u00d744 BDC 500 IR 1mm"}]},{"@type":"WebSite","@id":"https:\/\/hunter-optics.com\/#website","url":"https:\/\/hunter-optics.com\/","name":"\u00d3ptica Hunter","description":"Hunter Optics - Su ojo en el objetivo.","publisher":{"@id":"https:\/\/hunter-optics.com\/#organization"},"potentialAction":[{"@type":"SearchAction","target":{"@type":"EntryPoint","urlTemplate":"https:\/\/hunter-optics.com\/?s={search_term_string}"},"query-input":{"@type":"PropertyValueSpecification","valueRequired":true,"valueName":"search_term_string"}}],"inLanguage":"es"},{"@type":"Organization","@id":"https:\/\/hunter-optics.com\/#organization","name":"\u00d3ptica Hunter","url":"https:\/\/hunter-optics.com\/","logo":{"@type":"ImageObject","inLanguage":"es","@id":"https:\/\/hunter-optics.com\/#\/schema\/logo\/image\/","url":"https:\/\/hunter-optics.com\/wp-content\/uploads\/2025\/06\/hunter-optics-logo-1.png","contentUrl":"https:\/\/hunter-optics.com\/wp-content\/uploads\/2025\/06\/hunter-optics-logo-1.png","width":937,"height":373,"caption":"Hunter Optics"},"image":{"@id":"https:\/\/hunter-optics.com\/#\/schema\/logo\/image\/"}}]},"product_brand":"Athlon","product_price_amount":"237.49","product_price_currency":"USD","og_availability":"instock","product_availability":"instock","product_condition":"new"},"_links":{"self":[{"href":"https:\/\/hunter-optics.com\/es\/wp-json\/wp\/v2\/product\/1747","targetHints":{"allow":["GET"]}}],"collection":[{"href":"https:\/\/hunter-optics.com\/es\/wp-json\/wp\/v2\/product"}],"about":[{"href":"https:\/\/hunter-optics.com\/es\/wp-json\/wp\/v2\/types\/product"}],"replies":[{"embeddable":true,"href":"https:\/\/hunter-optics.com\/es\/wp-json\/wp\/v2\/comments?post=1747"}],"version-history":[{"count":2,"href":"https:\/\/hunter-optics.com\/es\/wp-json\/wp\/v2\/product\/1747\/revisions"}],"predecessor-version":[{"id":1753,"href":"https:\/\/hunter-optics.com\/es\/wp-json\/wp\/v2\/product\/1747\/revisions\/1753"}],"wp:featuredmedia":[{"embeddable":true,"href":"https:\/\/hunter-optics.com\/es\/wp-json\/wp\/v2\/media\/1748"}],"wp:attachment":[{"href":"https:\/\/hunter-optics.com\/es\/wp-json\/wp\/v2\/media?parent=1747"}],"wp:term":[{"taxonomy":"brand","embeddable":true,"href":"https:\/\/hunter-optics.com\/es\/wp-json\/wp\/v2\/etheme_brands?post=1747"},{"taxonomy":"product_brand","embeddable":true,"href":"https:\/\/hunter-optics.com\/es\/wp-json\/wp\/v2\/product_brand?post=1747"},{"taxonomy":"product_cat","embeddable":true,"href":"https:\/\/hunter-optics.com\/es\/wp-json\/wp\/v2\/product_cat?post=1747"},{"taxonomy":"product_tag","embeddable":true,"href":"https:\/\/hunter-optics.com\/es\/wp-json\/wp\/v2\/product_tag?post=1747"}],"curies":[{"name":"wp","href":"https:\/\/api.w.org\/{rel}","templated":true}]}}