{"id":1696,"date":"2025-08-11T02:33:13","date_gmt":"2025-08-11T02:33:13","guid":{"rendered":"https:\/\/hunter-optics.com\/?post_type=product&#038;p=1696"},"modified":"2025-08-11T07:40:38","modified_gmt":"2025-08-11T07:40:38","slug":"athlon-argos-btr-gen2-8-34x56-apmr-ffp-ir-mil-30mm","status":"publish","type":"product","link":"https:\/\/hunter-optics.com\/es\/producto\/athlon-argos-btr-gen2-8-34x56-apmr-ffp-ir-mil-30mm\/","title":{"rendered":"Athlon ARGOS BTR GEN2 8-34\u00d756 APMR FFP IR MIL 30mm"},"content":{"rendered":"<p><strong><span id=\"link_description\" class=\"border-t border-pbordergreydark text-lg sm:text-xl cursor-pointer font-serif block relative py-4 font-semibold pm-product-tablink grey open\">DESCRIPCI\u00d3N<\/span><\/strong><\/p>\n<div id=\"target_description\" class=\"w-full py-8 border-t mb-6 text-sm border-pbordergreydark pm-product-content open\">\n<ul>\n<li>Para aquellos de ustedes que se est\u00e1n iniciando en el PRS o est\u00e1n buscando empezar, echen un vistazo de cerca a la familia de visores Argos BTR GEN2.<\/li>\n<li>Estos visores tienen caracter\u00edsticas que normalmente s\u00f3lo se encuentran en visores de gama alta.<\/li>\n<li>Tienen un aumento de 4x que los hace vers\u00e1tiles en m\u00faltiples disciplinas de tiro.<\/li>\n<li>Tambi\u00e9n cuentan con un tope cero de precisi\u00f3n y una \u00f3ptica avanzada con revestimiento m\u00faltiple que proporciona una imagen clara y brillante en entornos con poca luz.<\/li>\n<li>Las Argos BTR GEN2 tambi\u00e9n cuentan con nuestro exclusivo revestimiento XPL que protege las lentes de la suciedad, la grasa y las inclemencias meteorol\u00f3gicas.<\/li>\n<li>El tubo de aluminio de calidad aeron\u00e1utica proteger\u00e1 estas \u00f3pticas de primera clase sin importar el castigo que le imponga.<\/li>\n<\/ul>\n<p><strong>ESPECIFICACIONES<\/strong><\/p>\n<\/div>\n<ul>\n<li>Aumento: 8-34x<\/li>\n<li>Di\u00e1metro del objetivo: 56 mm<\/li>\n<li>Ret\u00edcula: APMR FFP IR MIL, Cristal Grabado<\/li>\n<li>Acabado superficial: Mate<\/li>\n<li>Recubrimiento de lente: Multicobertura total de banda ancha<\/li>\n<li>Recubrimiento extra: Recubrimiento protector extra<\/li>\n<li>Material del tubo: Aluminio de calidad aeron\u00e1utica<\/li>\n<li>Di\u00e1metro del tubo: 30 mm<\/li>\n<li>Pupila de salida: 7-1,7 mm<\/li>\n<li>Alivio ocular: 3,3 pulgadas<\/li>\n<li>Campo de visi\u00f3n a 100 yardas 12,5-3 pies<\/li>\n<li>Valor del clic: 0,1MIL<\/li>\n<li>Rango de ajuste por rotaci\u00f3n: 6MIL<\/li>\n<li>Ajuste de elevaci\u00f3n total: 13 MIL<\/li>\n<li>Ajuste total de Windage: 13 MIL<\/li>\n<li>Estilo torreta: Expuesta<\/li>\n<li>Ajuste de paralaje: Enfoque lateral - 15 yardas al infinito<\/li>\n<li>Material de purga: Arg\u00f3n<\/li>\n<li>Longitud: 15,5 pulgadas<\/li>\n<li>Peso: 32 oz<\/li>\n<li>Garant\u00eda de por vida<\/li>\n<\/ul>\n<p><strong>CARACTER\u00cdSTICAS<\/strong><\/p>\n<h4>Primer plano focal Ret\u00edculo:<\/h4>\n<ul>\n<li>El dise\u00f1o del primer plano focal le permite utilizar plenamente las ret\u00edculas especialmente dise\u00f1adas que se encogen o crecen junto con su objetivo a medida que se acerca o se aleja.  Estas ret\u00edculas permiten apuntar con rapidez a baja potencia y ofrecen posiciones de holgura precisas con detalles m\u00e1s finos.<\/li>\n<\/ul>\n<h4>Ret\u00edcula iluminada:<\/h4>\n<ul>\n<li>La ret\u00edcula iluminada proporciona una mayor visibilidad durante el crep\u00fasculo y el amanecer y en otros entornos con poca luz ambiental.<\/li>\n<\/ul>\n<h4>Ret\u00edcula de cristal grabado:<\/h4>\n<ul>\n<li>Ret\u00edcula grabada en el cristal que proporciona un excelente soporte para el dise\u00f1o de ret\u00edculas complejas y ofrece una gran durabilidad y una resistencia mucho mayor al retroceso.<\/li>\n<\/ul>\n<h4>Multicoated completamente avanzado:<\/h4>\n<ul>\n<li>El sistema \u00f3ptico totalmente revestido reduce eficazmente la luz reflejada y aumenta la transmisi\u00f3n de la luz, lo que proporciona una imagen m\u00e1s brillante que las lentes normales con un solo revestimiento.<\/li>\n<\/ul>\n<h4>Sistema de parada a cero de precisi\u00f3n:<\/h4>\n<ul>\n<li>El sistema le permite fijar su posici\u00f3n cero y volver a ella con una parada n\u00edtida y precisa justo en su marca cero, incluso si est\u00e1 girando en plena oscuridad o plegado a ciegas.<\/li>\n<\/ul>\n<h4>Aluminio 6061 T6:<\/h4>\n<ul>\n<li>El tubo de aluminio de calidad aeron\u00e1utica 6061T6, que tiene una resistencia excepcional y una integridad mec\u00e1nica superior, proteger\u00e1 estas \u00f3pticas de primera clase sin importar el castigo al que las someta.<\/li>\n<\/ul>\n<h4>Construcci\u00f3n de tubo de una pieza con tratamiento t\u00e9rmico:<\/h4>\n<ul>\n<li>El tubo de una sola pieza con tratamiento t\u00e9rmico proporciona al visor una mayor resistencia que los tubos de varias piezas.  Un tubo de una sola pieza tambi\u00e9n es mejor para mantener la humedad fuera, manteniendo as\u00ed su visor a prueba de niebla durante toda la vida \u00fatil del producto.<\/li>\n<\/ul>\n<h4>Impermeable:<\/h4>\n<ul>\n<li>Resistente al agua para proteger el visor en las condiciones meteorol\u00f3gicas m\u00e1s adversas o si se sumerge accidentalmente bajo el agua.<\/li>\n<\/ul>\n<p><strong>A prueba de niebla:<\/strong><\/p>\n<ul>\n<li>A prueba de niebla para que pueda apuntar inmediatamente a su objetivo cuando lleve su rifle a una temperatura ambiente fr\u00eda desde un interior c\u00e1lido.<\/li>\n<\/ul>\n<p><strong>A prueba de golpes:<\/strong><\/p>\n<ul>\n<li>Sistema mec\u00e1nico robusto con dise\u00f1os especiales tanto en el control como en el sistema erector que le proporcionan la m\u00e1xima resistencia al retroceso para soportar 1000G de retroceso durante 1000 veces.<\/li>\n<\/ul>\n<p><strong>Purgado con arg\u00f3n:<\/strong><\/p>\n<ul>\n<li>La purga de arg\u00f3n utiliza gas de inercia con mol\u00e9culas de mayor tama\u00f1o para purgar la humedad del tubo, lo que mejora la impermeabilidad y la estabilidad t\u00e9rmica.<\/li>\n<\/ul>","protected":false},"excerpt":{"rendered":"<p>Si est\u00e1 buscando un visor de alta gama, eche un vistazo a la familia de visores Argos BTR GEN2. La familia Argos BTR GEN2 es ideal para aquellos que buscan iniciarse en PRS u otras disciplinas de tiro a distancia. Esta familia de visores cuenta con modelos FFP y SFP, tope cero de precisi\u00f3n real, lentes con revestimiento m\u00faltiple completo, torretas de elevaci\u00f3n y alineaci\u00f3n de dial directo (limitadas a 1-8\u00d724), ret\u00edcula iluminada y tubo de 30 mm.<\/p>","protected":false},"featured_media":1697,"comment_status":"open","ping_status":"closed","template":"","meta":[],"etheme_brands":[{"term_id":46,"name":"Athlon","slug":"athlon","term_group":0,"term_taxonomy_id":46,"taxonomy":"brand","description":"Athlon is a proud US sports optics product company. Devoted to designing and delivering superior quality optics products and outdoor accessories at a competitive price to our consumers via our distribution and retail channels. Athlon has strong engineering capabilities, strategic alliances with quality manufacturers, and a streamlined fully integrated supply chain. These advantages enable us to bring the latest cutting edge technologies and cut out the extra layers of traditional supply chains. With these advantages we are able to deliver products to consumers with great cost savings. Our goal from day one is to pass those savings to you, the outdoor enthusiast.","parent":0,"count":8,"filter":"raw"}],"product_brand":[],"product_cat":[49],"product_tag":[],"class_list":{"0":"post-1696","1":"product","2":"type-product","3":"status-publish","4":"has-post-thumbnail","6":"brand-athlon","7":"product_cat-rifle-scopes","9":"first","10":"instock","11":"sale","12":"taxable","13":"shipping-taxable","14":"purchasable","15":"product-type-simple"},"yoast_head":"<!-- This site is optimized with the Yoast SEO Premium plugin v25.7.1 (Yoast SEO v27.4) - https:\/\/yoast.com\/product\/yoast-seo-premium-wordpress\/ -->\n<title>Athlon ARGOS BTR GEN2 8-34\u00d756 APMR FFP IR MIL 30mm - Hunter Optics<\/title>\n<meta name=\"description\" content=\"Athlon Argos BTR GEN2 6-24x50 FFP scope features illuminated APLR2 MOA reticle, aircraft-grade aluminum body &amp; true zero-stop. Ideal for precision shooting. Shop now.\" \/>\n<meta name=\"robots\" content=\"index, follow, max-snippet:-1, max-image-preview:large, max-video-preview:-1\" \/>\n<link rel=\"canonical\" href=\"https:\/\/hunter-optics.com\/es\/producto\/athlon-argos-btr-gen2-8-34x56-apmr-ffp-ir-mil-30mm\/\" \/>\n<meta property=\"og:locale\" content=\"es_ES\" \/>\n<meta property=\"og:type\" content=\"article\" \/>\n<meta property=\"og:title\" content=\"Athlon ARGOS BTR GEN2 8-34\u00d756 APMR FFP IR MIL 30mm\" \/>\n<meta property=\"og:description\" content=\"Athlon Argos BTR GEN2 6-24x50 FFP scope features illuminated APLR2 MOA reticle, aircraft-grade aluminum body &amp; true zero-stop. Ideal for precision shooting. Shop now.\" \/>\n<meta property=\"og:url\" content=\"https:\/\/hunter-optics.com\/es\/producto\/athlon-argos-btr-gen2-8-34x56-apmr-ffp-ir-mil-30mm\/\" \/>\n<meta property=\"og:site_name\" content=\"Hunter Optics\" \/>\n<meta property=\"article:modified_time\" content=\"2025-08-11T07:40:38+00:00\" \/>\n<meta property=\"og:image\" content=\"https:\/\/hunter-optics.com\/wp-content\/uploads\/2025\/08\/Athlon-Argos-BTR-GEN2-8-34x56-FFP-APMR-MIL-IR-Rifle-Scope-1.jpg\" \/>\n\t<meta property=\"og:image:width\" content=\"1200\" \/>\n\t<meta property=\"og:image:height\" content=\"1200\" \/>\n\t<meta property=\"og:image:type\" content=\"image\/jpeg\" \/>\n<meta name=\"twitter:card\" content=\"summary_large_image\" \/>\n<meta name=\"twitter:label1\" content=\"Precio\" \/>\n\t<meta name=\"twitter:data1\" content=\"&#036;469.99\" \/>\n\t<meta name=\"twitter:label2\" content=\"Disponibilidad\" \/>\n\t<meta name=\"twitter:data2\" content=\"Disponible\" \/>\n<script type=\"application\/ld+json\" class=\"yoast-schema-graph\">{\"@context\":\"https:\\\/\\\/schema.org\",\"@graph\":[{\"@type\":\"WebPage\",\"@id\":\"https:\\\/\\\/hunter-optics.com\\\/product\\\/athlon-argos-btr-gen2-8-34x56-apmr-ffp-ir-mil-30mm\\\/\",\"url\":\"https:\\\/\\\/hunter-optics.com\\\/product\\\/athlon-argos-btr-gen2-8-34x56-apmr-ffp-ir-mil-30mm\\\/\",\"name\":\"Athlon ARGOS BTR GEN2 8-34\u00d756 APMR FFP IR MIL 30mm - Hunter Optics\",\"isPartOf\":{\"@id\":\"https:\\\/\\\/hunter-optics.com\\\/#website\"},\"primaryImageOfPage\":{\"@id\":\"https:\\\/\\\/hunter-optics.com\\\/product\\\/athlon-argos-btr-gen2-8-34x56-apmr-ffp-ir-mil-30mm\\\/#primaryimage\"},\"image\":{\"@id\":\"https:\\\/\\\/hunter-optics.com\\\/product\\\/athlon-argos-btr-gen2-8-34x56-apmr-ffp-ir-mil-30mm\\\/#primaryimage\"},\"thumbnailUrl\":\"https:\\\/\\\/hunter-optics.com\\\/wp-content\\\/uploads\\\/2025\\\/08\\\/Athlon-Argos-BTR-GEN2-8-34x56-FFP-APMR-MIL-IR-Rifle-Scope-1.jpg\",\"datePublished\":\"2025-08-11T02:33:13+00:00\",\"dateModified\":\"2025-08-11T07:40:38+00:00\",\"description\":\"Athlon Argos BTR GEN2 6-24x50 FFP scope features illuminated APLR2 MOA reticle, aircraft-grade aluminum body & true zero-stop. Ideal for precision shooting. Shop now.\",\"breadcrumb\":{\"@id\":\"https:\\\/\\\/hunter-optics.com\\\/product\\\/athlon-argos-btr-gen2-8-34x56-apmr-ffp-ir-mil-30mm\\\/#breadcrumb\"},\"inLanguage\":\"es\",\"potentialAction\":[{\"@type\":\"ReadAction\",\"target\":[\"https:\\\/\\\/hunter-optics.com\\\/product\\\/athlon-argos-btr-gen2-8-34x56-apmr-ffp-ir-mil-30mm\\\/\"]}]},{\"@type\":\"ImageObject\",\"inLanguage\":\"es\",\"@id\":\"https:\\\/\\\/hunter-optics.com\\\/product\\\/athlon-argos-btr-gen2-8-34x56-apmr-ffp-ir-mil-30mm\\\/#primaryimage\",\"url\":\"https:\\\/\\\/hunter-optics.com\\\/wp-content\\\/uploads\\\/2025\\\/08\\\/Athlon-Argos-BTR-GEN2-8-34x56-FFP-APMR-MIL-IR-Rifle-Scope-1.jpg\",\"contentUrl\":\"https:\\\/\\\/hunter-optics.com\\\/wp-content\\\/uploads\\\/2025\\\/08\\\/Athlon-Argos-BTR-GEN2-8-34x56-FFP-APMR-MIL-IR-Rifle-Scope-1.jpg\",\"width\":1200,\"height\":1200,\"caption\":\"Athlon Argos BTR GEN2 8-34x56 FFP APMR MIL IR Rifle Scope\"},{\"@type\":\"BreadcrumbList\",\"@id\":\"https:\\\/\\\/hunter-optics.com\\\/product\\\/athlon-argos-btr-gen2-8-34x56-apmr-ffp-ir-mil-30mm\\\/#breadcrumb\",\"itemListElement\":[{\"@type\":\"ListItem\",\"position\":1,\"name\":\"Home\",\"item\":\"https:\\\/\\\/hunter-optics.com\\\/\"},{\"@type\":\"ListItem\",\"position\":2,\"name\":\"Products\",\"item\":\"https:\\\/\\\/hunter-optics.com\\\/shop\\\/\"},{\"@type\":\"ListItem\",\"position\":3,\"name\":\"Athlon ARGOS BTR GEN2 8-34\u00d756 APMR FFP IR MIL 30mm\"}]},{\"@type\":\"WebSite\",\"@id\":\"https:\\\/\\\/hunter-optics.com\\\/#website\",\"url\":\"https:\\\/\\\/hunter-optics.com\\\/\",\"name\":\"Hunter Optics\",\"description\":\"Hunter Optics \u2014 Your Eye on the Target.\",\"publisher\":{\"@id\":\"https:\\\/\\\/hunter-optics.com\\\/#organization\"},\"potentialAction\":[{\"@type\":\"SearchAction\",\"target\":{\"@type\":\"EntryPoint\",\"urlTemplate\":\"https:\\\/\\\/hunter-optics.com\\\/?s={search_term_string}\"},\"query-input\":{\"@type\":\"PropertyValueSpecification\",\"valueRequired\":true,\"valueName\":\"search_term_string\"}}],\"inLanguage\":\"es\"},{\"@type\":\"Organization\",\"@id\":\"https:\\\/\\\/hunter-optics.com\\\/#organization\",\"name\":\"Hunter Optics\",\"url\":\"https:\\\/\\\/hunter-optics.com\\\/\",\"logo\":{\"@type\":\"ImageObject\",\"inLanguage\":\"es\",\"@id\":\"https:\\\/\\\/hunter-optics.com\\\/#\\\/schema\\\/logo\\\/image\\\/\",\"url\":\"https:\\\/\\\/hunter-optics.com\\\/wp-content\\\/uploads\\\/2025\\\/06\\\/hunter-optics-logo-1.png\",\"contentUrl\":\"https:\\\/\\\/hunter-optics.com\\\/wp-content\\\/uploads\\\/2025\\\/06\\\/hunter-optics-logo-1.png\",\"width\":937,\"height\":373,\"caption\":\"Hunter Optics\"},\"image\":{\"@id\":\"https:\\\/\\\/hunter-optics.com\\\/#\\\/schema\\\/logo\\\/image\\\/\"}}]}<\/script>\n<meta property=\"product:brand\" content=\"Athlon\" \/>\n<meta property=\"product:price:amount\" content=\"469.99\" \/>\n<meta property=\"product:price:currency\" content=\"USD\" \/>\n<meta property=\"og:availability\" content=\"instock\" \/>\n<meta property=\"product:availability\" content=\"instock\" \/>\n<meta property=\"product:condition\" content=\"new\" \/>\n<!-- \/ Yoast SEO Premium plugin. -->","yoast_head_json":{"title":"Athlon ARGOS BTR GEN2 8-34\u00d756 APMR FFP IR MIL 30mm - Hunter Optics","description":"Visor Athlon Argos BTR GEN2 6-24x50 FFP con ret\u00edcula iluminada APLR2 MOA, cuerpo de aluminio de calidad aeron\u00e1utica y verdadero zero-stop. Ideal para tiro de precisi\u00f3n. Compre ahora.","robots":{"index":"index","follow":"follow","max-snippet":"max-snippet:-1","max-image-preview":"max-image-preview:large","max-video-preview":"max-video-preview:-1"},"canonical":"https:\/\/hunter-optics.com\/es\/producto\/athlon-argos-btr-gen2-8-34x56-apmr-ffp-ir-mil-30mm\/","og_locale":"es_ES","og_type":"article","og_title":"Athlon ARGOS BTR GEN2 8-34\u00d756 APMR FFP IR MIL 30mm","og_description":"Athlon Argos BTR GEN2 6-24x50 FFP scope features illuminated APLR2 MOA reticle, aircraft-grade aluminum body & true zero-stop. Ideal for precision shooting. Shop now.","og_url":"https:\/\/hunter-optics.com\/es\/producto\/athlon-argos-btr-gen2-8-34x56-apmr-ffp-ir-mil-30mm\/","og_site_name":"Hunter Optics","article_modified_time":"2025-08-11T07:40:38+00:00","og_image":[{"width":1200,"height":1200,"url":"https:\/\/hunter-optics.com\/wp-content\/uploads\/2025\/08\/Athlon-Argos-BTR-GEN2-8-34x56-FFP-APMR-MIL-IR-Rifle-Scope-1.jpg","type":"image\/jpeg"}],"twitter_card":"summary_large_image","twitter_misc":{"Precio":"&#36;469.99","Disponibilidad":"Disponible"},"schema":{"@context":"https:\/\/schema.org","@graph":[{"@type":"WebPage","@id":"https:\/\/hunter-optics.com\/product\/athlon-argos-btr-gen2-8-34x56-apmr-ffp-ir-mil-30mm\/","url":"https:\/\/hunter-optics.com\/product\/athlon-argos-btr-gen2-8-34x56-apmr-ffp-ir-mil-30mm\/","name":"Athlon ARGOS BTR GEN2 8-34\u00d756 APMR FFP IR MIL 30mm - Hunter Optics","isPartOf":{"@id":"https:\/\/hunter-optics.com\/#website"},"primaryImageOfPage":{"@id":"https:\/\/hunter-optics.com\/product\/athlon-argos-btr-gen2-8-34x56-apmr-ffp-ir-mil-30mm\/#primaryimage"},"image":{"@id":"https:\/\/hunter-optics.com\/product\/athlon-argos-btr-gen2-8-34x56-apmr-ffp-ir-mil-30mm\/#primaryimage"},"thumbnailUrl":"https:\/\/hunter-optics.com\/wp-content\/uploads\/2025\/08\/Athlon-Argos-BTR-GEN2-8-34x56-FFP-APMR-MIL-IR-Rifle-Scope-1.jpg","datePublished":"2025-08-11T02:33:13+00:00","dateModified":"2025-08-11T07:40:38+00:00","description":"Visor Athlon Argos BTR GEN2 6-24x50 FFP con ret\u00edcula iluminada APLR2 MOA, cuerpo de aluminio de calidad aeron\u00e1utica y verdadero zero-stop. Ideal para tiro de precisi\u00f3n. Compre ahora.","breadcrumb":{"@id":"https:\/\/hunter-optics.com\/product\/athlon-argos-btr-gen2-8-34x56-apmr-ffp-ir-mil-30mm\/#breadcrumb"},"inLanguage":"es","potentialAction":[{"@type":"ReadAction","target":["https:\/\/hunter-optics.com\/product\/athlon-argos-btr-gen2-8-34x56-apmr-ffp-ir-mil-30mm\/"]}]},{"@type":"ImageObject","inLanguage":"es","@id":"https:\/\/hunter-optics.com\/product\/athlon-argos-btr-gen2-8-34x56-apmr-ffp-ir-mil-30mm\/#primaryimage","url":"https:\/\/hunter-optics.com\/wp-content\/uploads\/2025\/08\/Athlon-Argos-BTR-GEN2-8-34x56-FFP-APMR-MIL-IR-Rifle-Scope-1.jpg","contentUrl":"https:\/\/hunter-optics.com\/wp-content\/uploads\/2025\/08\/Athlon-Argos-BTR-GEN2-8-34x56-FFP-APMR-MIL-IR-Rifle-Scope-1.jpg","width":1200,"height":1200,"caption":"Athlon Argos BTR GEN2 8-34x56 FFP APMR MIL IR Rifle Scope"},{"@type":"BreadcrumbList","@id":"https:\/\/hunter-optics.com\/product\/athlon-argos-btr-gen2-8-34x56-apmr-ffp-ir-mil-30mm\/#breadcrumb","itemListElement":[{"@type":"ListItem","position":1,"name":"Home","item":"https:\/\/hunter-optics.com\/"},{"@type":"ListItem","position":2,"name":"Products","item":"https:\/\/hunter-optics.com\/shop\/"},{"@type":"ListItem","position":3,"name":"Athlon ARGOS BTR GEN2 8-34\u00d756 APMR FFP IR MIL 30mm"}]},{"@type":"WebSite","@id":"https:\/\/hunter-optics.com\/#website","url":"https:\/\/hunter-optics.com\/","name":"\u00d3ptica Hunter","description":"Hunter Optics - Su ojo en el objetivo.","publisher":{"@id":"https:\/\/hunter-optics.com\/#organization"},"potentialAction":[{"@type":"SearchAction","target":{"@type":"EntryPoint","urlTemplate":"https:\/\/hunter-optics.com\/?s={search_term_string}"},"query-input":{"@type":"PropertyValueSpecification","valueRequired":true,"valueName":"search_term_string"}}],"inLanguage":"es"},{"@type":"Organization","@id":"https:\/\/hunter-optics.com\/#organization","name":"\u00d3ptica Hunter","url":"https:\/\/hunter-optics.com\/","logo":{"@type":"ImageObject","inLanguage":"es","@id":"https:\/\/hunter-optics.com\/#\/schema\/logo\/image\/","url":"https:\/\/hunter-optics.com\/wp-content\/uploads\/2025\/06\/hunter-optics-logo-1.png","contentUrl":"https:\/\/hunter-optics.com\/wp-content\/uploads\/2025\/06\/hunter-optics-logo-1.png","width":937,"height":373,"caption":"Hunter Optics"},"image":{"@id":"https:\/\/hunter-optics.com\/#\/schema\/logo\/image\/"}}]},"product_brand":"Athlon","product_price_amount":"469.99","product_price_currency":"USD","og_availability":"instock","product_availability":"instock","product_condition":"new"},"_links":{"self":[{"href":"https:\/\/hunter-optics.com\/es\/wp-json\/wp\/v2\/product\/1696","targetHints":{"allow":["GET"]}}],"collection":[{"href":"https:\/\/hunter-optics.com\/es\/wp-json\/wp\/v2\/product"}],"about":[{"href":"https:\/\/hunter-optics.com\/es\/wp-json\/wp\/v2\/types\/product"}],"replies":[{"embeddable":true,"href":"https:\/\/hunter-optics.com\/es\/wp-json\/wp\/v2\/comments?post=1696"}],"version-history":[{"count":7,"href":"https:\/\/hunter-optics.com\/es\/wp-json\/wp\/v2\/product\/1696\/revisions"}],"predecessor-version":[{"id":1743,"href":"https:\/\/hunter-optics.com\/es\/wp-json\/wp\/v2\/product\/1696\/revisions\/1743"}],"wp:featuredmedia":[{"embeddable":true,"href":"https:\/\/hunter-optics.com\/es\/wp-json\/wp\/v2\/media\/1697"}],"wp:attachment":[{"href":"https:\/\/hunter-optics.com\/es\/wp-json\/wp\/v2\/media?parent=1696"}],"wp:term":[{"taxonomy":"brand","embeddable":true,"href":"https:\/\/hunter-optics.com\/es\/wp-json\/wp\/v2\/etheme_brands?post=1696"},{"taxonomy":"product_brand","embeddable":true,"href":"https:\/\/hunter-optics.com\/es\/wp-json\/wp\/v2\/product_brand?post=1696"},{"taxonomy":"product_cat","embeddable":true,"href":"https:\/\/hunter-optics.com\/es\/wp-json\/wp\/v2\/product_cat?post=1696"},{"taxonomy":"product_tag","embeddable":true,"href":"https:\/\/hunter-optics.com\/es\/wp-json\/wp\/v2\/product_tag?post=1696"}],"curies":[{"name":"wp","href":"https:\/\/api.w.org\/{rel}","templated":true}]}}