{"id":1688,"date":"2025-08-11T02:25:39","date_gmt":"2025-08-11T02:25:39","guid":{"rendered":"https:\/\/hunter-optics.com\/?post_type=product&#038;p=1688"},"modified":"2025-08-11T02:30:10","modified_gmt":"2025-08-11T02:30:10","slug":"vortex-crossfire-ii-4-12x44-bdc-moa","status":"publish","type":"product","link":"https:\/\/hunter-optics.com\/es\/producto\/vortex-crossfire-ii-4-12x44-bdc-moa\/","title":{"rendered":"Vortex CROSSFIRE\u00ae II 4-12\u00d744 BDC MOA"},"content":{"rendered":"<p><strong>Visi\u00f3n general<\/strong><\/p>\n<div class=\"product sizechart\">\n<div class=\"sizechart-details\">\n<div class=\"product sizechart\">\n<div class=\"sizechart-details\">\n<div class=\"product sizechart\">\n<div class=\"sizechart-details\">\n<div class=\"product sizechart\">\n<div class=\"sizechart-details\">\n<div class=\"product sizechart\">\n<div class=\"sizechart-details\">\n<p>El alto rendimiento se une a lo econ\u00f3mico. Transparente, resistente y brillante, nuestra popular Crossfire<sup>\u00ae<\/sup>\u00a0II est\u00e1 dise\u00f1ada para superar los est\u00e1ndares de rendimiento de los visores de precio similar. La serie se caracteriza por una gran distancia ocular, un ocular de enfoque r\u00e1pido, lentes con revestimiento m\u00faltiple y torretas MOA reajustables.<\/p>\n<p><a href=\"https:\/\/www.kentonindustries.com\/products\/vortex-crossfire-ii-1\" target=\"_blank\" rel=\"external noopener\" data-uw-rm-brl=\"PR\" data-uw-original-href=\"https:\/\/www.kentonindustries.com\/products\/vortex-crossfire-ii-1\" aria-label=\"Construya su propia torreta personalizada - Kenton Industries - abrir en una pesta\u00f1a nueva\" data-uw-rm-ext-link=\"\"><img decoding=\"async\" src=\"https:\/\/vortexoptics.com\/media\/wysiwyg\/kentonlogo.jpg\" alt=\"Construya su propia torreta personalizada - Kenton Industries\" data-uw-rm-alt-original=\"Build Your Own Custom Turret - Kenton Industries\" data-uw-rm-alt=\"ALT\" \/><\/a><\/p>\n<div class=\"product sizechart\">\n<div class=\"sizechart-title\">\n<div class=\"item-title\"><b>Crossfire II 4-12\u00d744 Dimensiones (en pulgadas)<\/b><\/div>\n<\/div>\n<div class=\"sizechart-details\">\n<div class=\"sizechart-image\"><img decoding=\"async\" src=\"https:\/\/vortexoptics.com\/media\/wysiwyg\/dim_cf2_4-12X44.png\" alt=\"Dimensiones del producto Imagen\" data-uw-rm-alt-original=\"Product Dimensions Image\" data-uw-rm-alt=\"ALT\" \/><\/div>\n<table class=\"lengths\">\n<tbody>\n<tr>\n<th colspan=\"6\">Longitudes<\/th>\n<\/tr>\n<tr>\n<td>L1<\/td>\n<td>L2<\/td>\n<td>L3<\/td>\n<td>L4<\/td>\n<td>L5<\/td>\n<td>L6<\/td>\n<\/tr>\n<tr>\n<td>13.15<\/td>\n<td>2.3<\/td>\n<td>1.9<\/td>\n<td>5.5<\/td>\n<td>4.0<\/td>\n<td>3.6<\/td>\n<\/tr>\n<\/tbody>\n<\/table>\n<table class=\"heights\">\n<tbody>\n<tr>\n<th colspan=\"2\">Alturas<\/th>\n<\/tr>\n<tr>\n<td>H1<\/td>\n<td>H2<\/td>\n<\/tr>\n<tr>\n<td>2.01<\/td>\n<td>1.71<\/td>\n<\/tr>\n<\/tbody>\n<\/table>\n<\/div>\n<\/div>\n<\/div>\n<\/div>\n<\/div>\n<\/div>\n<\/div>\n<\/div>\n<\/div>\n<\/div>\n<p><strong>Especificaciones<\/strong><\/p>\n<table id=\"product-vortex-specs-table\" class=\"data table spec-attributes\">\n<tbody>\n<tr>\n<th class=\"col label Magnification\" scope=\"row\">Aumento<\/th>\n<td class=\"col data\" data-th=\"Magnification\">4-12x<\/td>\n<\/tr>\n<tr>\n<th class=\"col label Objective Lens Diameter\" scope=\"row\">Di\u00e1metro del objetivo<\/th>\n<td class=\"col data\" data-th=\"Objective Lens Diameter\">44 mm<\/td>\n<\/tr>\n<tr>\n<th class=\"col label Focal Plane\" scope=\"row\">Plano focal<\/th>\n<td class=\"col data\" data-th=\"Focal Plane\">Segundo plano focal<\/td>\n<\/tr>\n<tr>\n<th class=\"col label Reticle\" scope=\"row\">Ret\u00edculo<\/th>\n<td class=\"col data\" data-th=\"Reticle\">Dead-Hold\u00ae BDC (MOA)<\/td>\n<\/tr>\n<tr>\n<th class=\"col label Eye Relief\" scope=\"row\">Alivio ocular<\/th>\n<td class=\"col data\" data-th=\"Eye Relief\">3.9&#8243;<\/td>\n<\/tr>\n<tr>\n<th class=\"col label Field of View\" scope=\"row\">Campo de visi\u00f3n<\/th>\n<td class=\"col data\" data-th=\"Field of View\">24.7\u2032 - 8.4\u2032 @ 100 yds<\/td>\n<\/tr>\n<tr>\n<th class=\"col label Turret Style\" scope=\"row\">Estilo torreta<\/th>\n<td class=\"col data\" data-th=\"Turret Style\">Tapado<\/td>\n<\/tr>\n<tr>\n<th class=\"col label Tube Size\" scope=\"row\">Tama\u00f1o del tubo<\/th>\n<td class=\"col data\" data-th=\"Tube Size\">1 pulgada<\/td>\n<\/tr>\n<tr>\n<th class=\"col label Adjustment Graduation\" scope=\"row\">Ajuste Graduaci\u00f3n<\/th>\n<td class=\"col data\" data-th=\"Adjustment Graduation\">1\/4 MOA<\/td>\n<\/tr>\n<tr>\n<th class=\"col label Travel Per Rotation\" scope=\"row\">Viajes por rotaci\u00f3n<\/th>\n<td class=\"col data\" data-th=\"Travel Per Rotation\">15 MOA<\/td>\n<\/tr>\n<tr>\n<th class=\"col label Max Elevation Adjustment\" scope=\"row\">Ajuste de elevaci\u00f3n m\u00e1xima<\/th>\n<td class=\"col data\" data-th=\"Max Elevation Adjustment\">50 MOA<\/td>\n<\/tr>\n<tr>\n<th class=\"col label Max Windage Adjustment\" scope=\"row\">Ajuste m\u00e1ximo de la alineaci\u00f3n<\/th>\n<td class=\"col data\" data-th=\"Max Windage Adjustment\">50 MOA<\/td>\n<\/tr>\n<tr>\n<th class=\"col label Parallax Setting\" scope=\"row\">Ajuste de paralaje<\/th>\n<td class=\"col data\" data-th=\"Parallax Setting\">100 yardas.<\/td>\n<\/tr>\n<tr>\n<th class=\"col label Length\" scope=\"row\">Longitud<\/th>\n<td class=\"col data\" data-th=\"Length\">13.4&#8243;<\/td>\n<\/tr>\n<tr>\n<th class=\"col label Weight\" scope=\"row\">Peso<\/th>\n<td class=\"col data\" data-th=\"Weight\">15,6 oz<\/td>\n<\/tr>\n<\/tbody>\n<\/table>\n<p><strong>Caracter\u00edsticas<\/strong><\/p>\n<table>\n<tbody>\n<tr>\n<th class=\"col label\" scope=\"row\">Sistema \u00f3ptico SD<\/th>\n<td class=\"col data\">El sistema \u00f3ptico de alta calidad reduce la aberraci\u00f3n crom\u00e1tica y proporciona im\u00e1genes limpias, brillantes y n\u00edtidas.<\/td>\n<\/tr>\n<tr>\n<th class=\"col label\" scope=\"row\">Lentes multicapa<\/th>\n<td class=\"col data\">Los revestimientos antirreflectantes en todas las superficies aire-vidrio proporcionan una mayor transmisi\u00f3n de la luz para una mayor claridad y rendimiento con poca luz.<\/td>\n<\/tr>\n<tr>\n<th class=\"col label\" scope=\"row\">Gas nitr\u00f3geno purgado<\/th>\n<td class=\"col data\">Purgado con gas y sellado con junta t\u00f3rica para un rendimiento resistente a la niebla y al agua en todas las condiciones.<\/td>\n<\/tr>\n<tr>\n<th class=\"col label\" scope=\"row\">Ocular de enfoque r\u00e1pido<\/th>\n<td class=\"col data\">Permite enfocar la ret\u00edcula de forma r\u00e1pida y sencilla.<\/td>\n<\/tr>\n<tr>\n<th class=\"col label\" scope=\"row\">Aluminio de calidad aeron\u00e1utica<\/th>\n<td class=\"col data\">Construido a partir de un bloque s\u00f3lido de aluminio de calidad aeron\u00e1utica para mayor resistencia y rigidez.<\/td>\n<\/tr>\n<tr>\n<th class=\"col label\" scope=\"row\">Anodizado negro mate de bajo brillo<\/th>\n<td class=\"col data\">El anodizado resistente a la corrosi\u00f3n y al desgaste proporciona una superficie mate de bajo brillo y ayuda a camuflar la posici\u00f3n del tirador.<\/td>\n<\/tr>\n<tr>\n<th class=\"col label\" scope=\"row\">Impermeable<\/th>\n<td class=\"col data\">Dise\u00f1ado para soportar condiciones meteorol\u00f3gicas adversas.<\/td>\n<\/tr>\n<tr>\n<th class=\"col label\" scope=\"row\">A prueba de niebla<\/th>\n<td class=\"col data\">Dise\u00f1ado para soportar una amplia gama de temperaturas.<\/td>\n<\/tr>\n<tr>\n<th class=\"col label\" scope=\"row\">A prueba de golpes<\/th>\n<td class=\"col data\">Dise\u00f1ado para soportar los m\u00e1s altos niveles de retroceso e impacto.<\/td>\n<\/tr>\n<\/tbody>\n<\/table>\n<p><strong>Ret\u00edculo<\/strong><\/p>\n<div class=\"reticle-details\">\n<div class=\"reticle-info\">\n<div class=\"reticle-description\">\n<div class=\"reticle-image\">\n<div class=\"reticle-image\">\n<div class=\"reticle-info\">\n<div class=\"reticle-description\">\n<div class=\"reticle-image\">\n<div class=\"reticle-image\"><img decoding=\"async\" src=\"https:\/\/vortexoptics.com\/media\/attribute\/swatch\/v\/t\/vtx_cfr-3901_dead-hold_bdc_moa_3-9x40_rs_i_ri_cu.jpg\" alt=\"imagen de la ret\u00edcula\" data-uw-rm-alt-original=\"image of reticle\" data-uw-rm-alt=\"ALT\" \/><\/div>\n<div class=\"reticle-info\">\n<div class=\"reticle-description\">\n<p>El dise\u00f1o personalizado de la marca ayuda a eliminar las conjeturas sobre la holgura y las correcciones de la orientaci\u00f3n. Adecuado para cazar\/disparar a diferentes distancias en las que la holgura es un problema.<\/p>\n<\/div>\n<\/div>\n<\/div>\n<\/div>\n<\/div>\n<\/div>\n<\/div>\n<\/div>\n<\/div>\n<\/div>\n<\/div>\n<\/div>","protected":false},"excerpt":{"rendered":"<p>Overview El alto rendimiento se une a lo econ\u00f3mico. Claros, resistentes y brillantes, nuestra popular l\u00ednea Crossfire\u00ae II est\u00e1 construida para superar los est\u00e1ndares de rendimiento de los visores de precio similar. Largo<\/p>","protected":false},"featured_media":1689,"comment_status":"open","ping_status":"closed","template":"","meta":[],"etheme_brands":[{"term_id":47,"name":"Vortex","slug":"vortex","term_group":0,"term_taxonomy_id":47,"taxonomy":"brand","description":"","parent":0,"count":9,"filter":"raw"}],"product_brand":[],"product_cat":[49],"product_tag":[],"class_list":{"0":"post-1688","1":"product","2":"type-product","3":"status-publish","4":"has-post-thumbnail","6":"brand-vortex","7":"product_cat-rifle-scopes","9":"first","10":"instock","11":"taxable","12":"shipping-taxable","13":"purchasable","14":"product-type-simple"},"yoast_head":"<!-- This site is optimized with the Yoast SEO Premium plugin v25.7.1 (Yoast SEO v27.4) - https:\/\/yoast.com\/product\/yoast-seo-premium-wordpress\/ -->\n<title>Vortex CROSSFIRE\u00ae II 4-12x44 BDC MOA - Hunter Optics<\/title>\n<meta name=\"description\" content=\"Diamondback Tactical 4-16x44 FFP rifle scope features EBR-2C MRAD reticle, precision turrets &amp; rugged construction. Ideal for long-range accuracy. Shop Vortex optics.\" \/>\n<meta name=\"robots\" content=\"index, follow, max-snippet:-1, max-image-preview:large, max-video-preview:-1\" \/>\n<link rel=\"canonical\" href=\"https:\/\/hunter-optics.com\/es\/producto\/vortex-crossfire-ii-4-12x44-bdc-moa\/\" \/>\n<meta property=\"og:locale\" content=\"es_ES\" \/>\n<meta property=\"og:type\" content=\"article\" \/>\n<meta property=\"og:title\" content=\"Vortex CROSSFIRE\u00ae II 4-12x44 BDC MOA\" \/>\n<meta property=\"og:description\" content=\"Diamondback Tactical 4-16x44 FFP rifle scope features EBR-2C MRAD reticle, precision turrets &amp; rugged construction. Ideal for long-range accuracy. Shop Vortex optics.\" \/>\n<meta property=\"og:url\" content=\"https:\/\/hunter-optics.com\/es\/producto\/vortex-crossfire-ii-4-12x44-bdc-moa\/\" \/>\n<meta property=\"og:site_name\" content=\"Hunter Optics\" \/>\n<meta property=\"article:modified_time\" content=\"2025-08-11T02:30:10+00:00\" \/>\n<meta property=\"og:image\" content=\"https:\/\/hunter-optics.com\/wp-content\/uploads\/2025\/08\/Vortex-Crossfire-II-4-12x44-BDC-MOA-1.png\" \/>\n\t<meta property=\"og:image:width\" content=\"1920\" \/>\n\t<meta property=\"og:image:height\" content=\"1123\" \/>\n\t<meta property=\"og:image:type\" content=\"image\/png\" \/>\n<meta name=\"twitter:card\" content=\"summary_large_image\" \/>\n<meta name=\"twitter:label1\" content=\"Precio\" \/>\n\t<meta name=\"twitter:data1\" content=\"&#036;239.99\" \/>\n\t<meta name=\"twitter:label2\" content=\"Disponibilidad\" \/>\n\t<meta name=\"twitter:data2\" content=\"Disponible\" \/>\n<script type=\"application\/ld+json\" class=\"yoast-schema-graph\">{\"@context\":\"https:\\\/\\\/schema.org\",\"@graph\":[{\"@type\":\"WebPage\",\"@id\":\"https:\\\/\\\/hunter-optics.com\\\/product\\\/vortex-crossfire-ii-4-12x44-bdc-moa\\\/\",\"url\":\"https:\\\/\\\/hunter-optics.com\\\/product\\\/vortex-crossfire-ii-4-12x44-bdc-moa\\\/\",\"name\":\"Vortex CROSSFIRE\u00ae II 4-12x44 BDC MOA - Hunter Optics\",\"isPartOf\":{\"@id\":\"https:\\\/\\\/hunter-optics.com\\\/#website\"},\"primaryImageOfPage\":{\"@id\":\"https:\\\/\\\/hunter-optics.com\\\/product\\\/vortex-crossfire-ii-4-12x44-bdc-moa\\\/#primaryimage\"},\"image\":{\"@id\":\"https:\\\/\\\/hunter-optics.com\\\/product\\\/vortex-crossfire-ii-4-12x44-bdc-moa\\\/#primaryimage\"},\"thumbnailUrl\":\"https:\\\/\\\/hunter-optics.com\\\/wp-content\\\/uploads\\\/2025\\\/08\\\/Vortex-Crossfire-II-4-12x44-BDC-MOA-1.png\",\"datePublished\":\"2025-08-11T02:25:39+00:00\",\"dateModified\":\"2025-08-11T02:30:10+00:00\",\"description\":\"Diamondback Tactical 4-16x44 FFP rifle scope features EBR-2C MRAD reticle, precision turrets & rugged construction. Ideal for long-range accuracy. Shop Vortex optics.\",\"breadcrumb\":{\"@id\":\"https:\\\/\\\/hunter-optics.com\\\/product\\\/vortex-crossfire-ii-4-12x44-bdc-moa\\\/#breadcrumb\"},\"inLanguage\":\"es\",\"potentialAction\":[{\"@type\":\"ReadAction\",\"target\":[\"https:\\\/\\\/hunter-optics.com\\\/product\\\/vortex-crossfire-ii-4-12x44-bdc-moa\\\/\"]}]},{\"@type\":\"ImageObject\",\"inLanguage\":\"es\",\"@id\":\"https:\\\/\\\/hunter-optics.com\\\/product\\\/vortex-crossfire-ii-4-12x44-bdc-moa\\\/#primaryimage\",\"url\":\"https:\\\/\\\/hunter-optics.com\\\/wp-content\\\/uploads\\\/2025\\\/08\\\/Vortex-Crossfire-II-4-12x44-BDC-MOA-1.png\",\"contentUrl\":\"https:\\\/\\\/hunter-optics.com\\\/wp-content\\\/uploads\\\/2025\\\/08\\\/Vortex-Crossfire-II-4-12x44-BDC-MOA-1.png\",\"width\":1920,\"height\":1123,\"caption\":\"Vortex Crossfire II 4-12x44 BDC MOA\"},{\"@type\":\"BreadcrumbList\",\"@id\":\"https:\\\/\\\/hunter-optics.com\\\/product\\\/vortex-crossfire-ii-4-12x44-bdc-moa\\\/#breadcrumb\",\"itemListElement\":[{\"@type\":\"ListItem\",\"position\":1,\"name\":\"Home\",\"item\":\"https:\\\/\\\/hunter-optics.com\\\/\"},{\"@type\":\"ListItem\",\"position\":2,\"name\":\"Products\",\"item\":\"https:\\\/\\\/hunter-optics.com\\\/shop\\\/\"},{\"@type\":\"ListItem\",\"position\":3,\"name\":\"Vortex CROSSFIRE\u00ae II 4-12&#215;44 BDC MOA\"}]},{\"@type\":\"WebSite\",\"@id\":\"https:\\\/\\\/hunter-optics.com\\\/#website\",\"url\":\"https:\\\/\\\/hunter-optics.com\\\/\",\"name\":\"Hunter Optics\",\"description\":\"Hunter Optics \u2014 Your Eye on the Target.\",\"publisher\":{\"@id\":\"https:\\\/\\\/hunter-optics.com\\\/#organization\"},\"potentialAction\":[{\"@type\":\"SearchAction\",\"target\":{\"@type\":\"EntryPoint\",\"urlTemplate\":\"https:\\\/\\\/hunter-optics.com\\\/?s={search_term_string}\"},\"query-input\":{\"@type\":\"PropertyValueSpecification\",\"valueRequired\":true,\"valueName\":\"search_term_string\"}}],\"inLanguage\":\"es\"},{\"@type\":\"Organization\",\"@id\":\"https:\\\/\\\/hunter-optics.com\\\/#organization\",\"name\":\"Hunter Optics\",\"url\":\"https:\\\/\\\/hunter-optics.com\\\/\",\"logo\":{\"@type\":\"ImageObject\",\"inLanguage\":\"es\",\"@id\":\"https:\\\/\\\/hunter-optics.com\\\/#\\\/schema\\\/logo\\\/image\\\/\",\"url\":\"https:\\\/\\\/hunter-optics.com\\\/wp-content\\\/uploads\\\/2025\\\/06\\\/hunter-optics-logo-1.png\",\"contentUrl\":\"https:\\\/\\\/hunter-optics.com\\\/wp-content\\\/uploads\\\/2025\\\/06\\\/hunter-optics-logo-1.png\",\"width\":937,\"height\":373,\"caption\":\"Hunter Optics\"},\"image\":{\"@id\":\"https:\\\/\\\/hunter-optics.com\\\/#\\\/schema\\\/logo\\\/image\\\/\"}}]}<\/script>\n<meta property=\"product:brand\" content=\"Vortex\" \/>\n<meta property=\"product:price:amount\" content=\"239.99\" \/>\n<meta property=\"product:price:currency\" content=\"USD\" \/>\n<meta property=\"og:availability\" content=\"instock\" \/>\n<meta property=\"product:availability\" content=\"instock\" \/>\n<meta property=\"product:condition\" content=\"new\" \/>\n<!-- \/ Yoast SEO Premium plugin. -->","yoast_head_json":{"title":"Vortex CROSSFIRE\u00ae II 4-12x44 BDC MOA - Hunter Optics","description":"Visor Diamondback Tactical 4-16x44 FFP con ret\u00edcula EBR-2C MRAD, torretas de precisi\u00f3n y construcci\u00f3n robusta. Ideal para precisi\u00f3n a larga distancia. Comprar \u00f3ptica Vortex.","robots":{"index":"index","follow":"follow","max-snippet":"max-snippet:-1","max-image-preview":"max-image-preview:large","max-video-preview":"max-video-preview:-1"},"canonical":"https:\/\/hunter-optics.com\/es\/producto\/vortex-crossfire-ii-4-12x44-bdc-moa\/","og_locale":"es_ES","og_type":"article","og_title":"Vortex CROSSFIRE\u00ae II 4-12x44 BDC MOA","og_description":"Diamondback Tactical 4-16x44 FFP rifle scope features EBR-2C MRAD reticle, precision turrets & rugged construction. Ideal for long-range accuracy. Shop Vortex optics.","og_url":"https:\/\/hunter-optics.com\/es\/producto\/vortex-crossfire-ii-4-12x44-bdc-moa\/","og_site_name":"Hunter Optics","article_modified_time":"2025-08-11T02:30:10+00:00","og_image":[{"width":1920,"height":1123,"url":"https:\/\/hunter-optics.com\/wp-content\/uploads\/2025\/08\/Vortex-Crossfire-II-4-12x44-BDC-MOA-1.png","type":"image\/png"}],"twitter_card":"summary_large_image","twitter_misc":{"Precio":"&#36;239.99","Disponibilidad":"Disponible"},"schema":{"@context":"https:\/\/schema.org","@graph":[{"@type":"WebPage","@id":"https:\/\/hunter-optics.com\/product\/vortex-crossfire-ii-4-12x44-bdc-moa\/","url":"https:\/\/hunter-optics.com\/product\/vortex-crossfire-ii-4-12x44-bdc-moa\/","name":"Vortex CROSSFIRE\u00ae II 4-12x44 BDC MOA - Hunter Optics","isPartOf":{"@id":"https:\/\/hunter-optics.com\/#website"},"primaryImageOfPage":{"@id":"https:\/\/hunter-optics.com\/product\/vortex-crossfire-ii-4-12x44-bdc-moa\/#primaryimage"},"image":{"@id":"https:\/\/hunter-optics.com\/product\/vortex-crossfire-ii-4-12x44-bdc-moa\/#primaryimage"},"thumbnailUrl":"https:\/\/hunter-optics.com\/wp-content\/uploads\/2025\/08\/Vortex-Crossfire-II-4-12x44-BDC-MOA-1.png","datePublished":"2025-08-11T02:25:39+00:00","dateModified":"2025-08-11T02:30:10+00:00","description":"Visor Diamondback Tactical 4-16x44 FFP con ret\u00edcula EBR-2C MRAD, torretas de precisi\u00f3n y construcci\u00f3n robusta. Ideal para precisi\u00f3n a larga distancia. Comprar \u00f3ptica Vortex.","breadcrumb":{"@id":"https:\/\/hunter-optics.com\/product\/vortex-crossfire-ii-4-12x44-bdc-moa\/#breadcrumb"},"inLanguage":"es","potentialAction":[{"@type":"ReadAction","target":["https:\/\/hunter-optics.com\/product\/vortex-crossfire-ii-4-12x44-bdc-moa\/"]}]},{"@type":"ImageObject","inLanguage":"es","@id":"https:\/\/hunter-optics.com\/product\/vortex-crossfire-ii-4-12x44-bdc-moa\/#primaryimage","url":"https:\/\/hunter-optics.com\/wp-content\/uploads\/2025\/08\/Vortex-Crossfire-II-4-12x44-BDC-MOA-1.png","contentUrl":"https:\/\/hunter-optics.com\/wp-content\/uploads\/2025\/08\/Vortex-Crossfire-II-4-12x44-BDC-MOA-1.png","width":1920,"height":1123,"caption":"Vortex Crossfire II 4-12x44 BDC MOA"},{"@type":"BreadcrumbList","@id":"https:\/\/hunter-optics.com\/product\/vortex-crossfire-ii-4-12x44-bdc-moa\/#breadcrumb","itemListElement":[{"@type":"ListItem","position":1,"name":"Home","item":"https:\/\/hunter-optics.com\/"},{"@type":"ListItem","position":2,"name":"Products","item":"https:\/\/hunter-optics.com\/shop\/"},{"@type":"ListItem","position":3,"name":"Vortex CROSSFIRE\u00ae II 4-12&#215;44 BDC MOA"}]},{"@type":"WebSite","@id":"https:\/\/hunter-optics.com\/#website","url":"https:\/\/hunter-optics.com\/","name":"\u00d3ptica Hunter","description":"Hunter Optics - Su ojo en el objetivo.","publisher":{"@id":"https:\/\/hunter-optics.com\/#organization"},"potentialAction":[{"@type":"SearchAction","target":{"@type":"EntryPoint","urlTemplate":"https:\/\/hunter-optics.com\/?s={search_term_string}"},"query-input":{"@type":"PropertyValueSpecification","valueRequired":true,"valueName":"search_term_string"}}],"inLanguage":"es"},{"@type":"Organization","@id":"https:\/\/hunter-optics.com\/#organization","name":"\u00d3ptica Hunter","url":"https:\/\/hunter-optics.com\/","logo":{"@type":"ImageObject","inLanguage":"es","@id":"https:\/\/hunter-optics.com\/#\/schema\/logo\/image\/","url":"https:\/\/hunter-optics.com\/wp-content\/uploads\/2025\/06\/hunter-optics-logo-1.png","contentUrl":"https:\/\/hunter-optics.com\/wp-content\/uploads\/2025\/06\/hunter-optics-logo-1.png","width":937,"height":373,"caption":"Hunter Optics"},"image":{"@id":"https:\/\/hunter-optics.com\/#\/schema\/logo\/image\/"}}]},"product_brand":"Vortex","product_price_amount":"239.99","product_price_currency":"USD","og_availability":"instock","product_availability":"instock","product_condition":"new"},"_links":{"self":[{"href":"https:\/\/hunter-optics.com\/es\/wp-json\/wp\/v2\/product\/1688","targetHints":{"allow":["GET"]}}],"collection":[{"href":"https:\/\/hunter-optics.com\/es\/wp-json\/wp\/v2\/product"}],"about":[{"href":"https:\/\/hunter-optics.com\/es\/wp-json\/wp\/v2\/types\/product"}],"replies":[{"embeddable":true,"href":"https:\/\/hunter-optics.com\/es\/wp-json\/wp\/v2\/comments?post=1688"}],"version-history":[{"count":1,"href":"https:\/\/hunter-optics.com\/es\/wp-json\/wp\/v2\/product\/1688\/revisions"}],"predecessor-version":[{"id":1693,"href":"https:\/\/hunter-optics.com\/es\/wp-json\/wp\/v2\/product\/1688\/revisions\/1693"}],"wp:featuredmedia":[{"embeddable":true,"href":"https:\/\/hunter-optics.com\/es\/wp-json\/wp\/v2\/media\/1689"}],"wp:attachment":[{"href":"https:\/\/hunter-optics.com\/es\/wp-json\/wp\/v2\/media?parent=1688"}],"wp:term":[{"taxonomy":"brand","embeddable":true,"href":"https:\/\/hunter-optics.com\/es\/wp-json\/wp\/v2\/etheme_brands?post=1688"},{"taxonomy":"product_brand","embeddable":true,"href":"https:\/\/hunter-optics.com\/es\/wp-json\/wp\/v2\/product_brand?post=1688"},{"taxonomy":"product_cat","embeddable":true,"href":"https:\/\/hunter-optics.com\/es\/wp-json\/wp\/v2\/product_cat?post=1688"},{"taxonomy":"product_tag","embeddable":true,"href":"https:\/\/hunter-optics.com\/es\/wp-json\/wp\/v2\/product_tag?post=1688"}],"curies":[{"name":"wp","href":"https:\/\/api.w.org\/{rel}","templated":true}]}}