{"id":1595,"date":"2025-08-05T07:21:39","date_gmt":"2025-08-05T07:21:39","guid":{"rendered":"https:\/\/hunter-optics.com\/?post_type=product&#038;p=1595"},"modified":"2025-10-11T09:22:12","modified_gmt":"2025-10-11T09:22:12","slug":"vortex-diamondback-tactical-4-16x44-ffp-ebr-2c-mrad-non-ir","status":"publish","type":"product","link":"https:\/\/hunter-optics.com\/es\/producto\/vortex-diamondback-tactical-4-16x44-ffp-ebr-2c-mrad-non-ir\/","title":{"rendered":"Vortex DIAMONDBACK\u00ae Tactical 4-16\u00d744 FFP EBR-2C MRAD No IR"},"content":{"rendered":"<p><strong>Visi\u00f3n general<\/strong><\/p>\n<p>Diamondback<sup>\u00ae<\/sup> Tactical trae el duro legado del Diamondback<sup>\u00ae<\/sup> en el mundo t\u00e1ctico, ofreciendo un rendimiento fiable a los tiradores que buscan ampliar su alcance efectivo. Con una construcci\u00f3n s\u00f3lida y un cristal n\u00edtido y claro, le mantendr\u00e1 centrado tanto si realiza disparos a media distancia como si se extiende hasta las 1.000 yardas. Pensado para tiradores noveles que buscan confianza en sus ajustes de orientaci\u00f3n y elevaci\u00f3n. Es lo suficientemente resistente como para soportar un uso intensivo a la vez que proporciona una precisi\u00f3n de tachuela, disparo tras disparo.<\/p>\n<p><a href=\"https:\/\/www.kentonindustries.com\/products\/vortex-diamondback-tactical-ffp\" target=\"_blank\" rel=\"external noopener\" data-uw-rm-brl=\"PR\" data-uw-original-href=\"https:\/\/www.kentonindustries.com\/products\/vortex-diamondback-tactical-ffp\" aria-label=\"Construya su propia torreta personalizada - Kenton Industries - abrir en una pesta\u00f1a nueva\" data-uw-rm-ext-link=\"\"><img decoding=\"async\" src=\"https:\/\/vortexoptics.com\/media\/wysiwyg\/kentonlogo.jpg\" alt=\"Construya su propia torreta personalizada - Kenton Industries\" data-uw-rm-alt-original=\"Build Your Own Custom Turret - Kenton Industries\" data-uw-rm-alt=\"ALT\" \/><\/a><\/p>\n<div class=\"product sizechart\">\n<div class=\"sizechart-title\">\n<div class=\"item-title\"><b>Diamondback Tactical 4-16\u00d744 FFP Dimensiones (en pulgadas)<\/b><\/div>\n<\/div>\n<div class=\"sizechart-details\">\n<div class=\"sizechart-image\"><img decoding=\"async\" src=\"https:\/\/vortexoptics.com\/media\/wysiwyg\/dim_dbk-tactical.png\" alt=\"Dimensiones del producto\" data-uw-rm-alt-original=\"Product Dimensions\" data-uw-rm-alt=\"ALT\" \/><\/div>\n<table class=\"lengths\">\n<tbody>\n<tr>\n<th colspan=\"6\" scope=\"colgroup\">Longitudes<\/th>\n<\/tr>\n<tr>\n<td>L1<\/td>\n<td>L2<\/td>\n<td>L3<\/td>\n<td>L4<\/td>\n<td>L5<\/td>\n<td>L6<\/td>\n<\/tr>\n<tr>\n<td>14.06<\/td>\n<td>2.24<\/td>\n<td>2.7<\/td>\n<td>6.43<\/td>\n<td>3.83<\/td>\n<td>3.77<\/td>\n<\/tr>\n<\/tbody>\n<\/table>\n<table class=\"heights\">\n<tbody>\n<tr>\n<th colspan=\"2\" scope=\"colgroup\">Alturas<\/th>\n<\/tr>\n<tr>\n<td>H1<\/td>\n<td>H2<\/td>\n<\/tr>\n<tr>\n<td>2.01<\/td>\n<td>1.73<\/td>\n<\/tr>\n<\/tbody>\n<\/table>\n<p><strong>Especificaciones<\/strong><\/p>\n<table id=\"product-vortex-specs-table\" class=\"data table spec-attributes\">\n<tbody>\n<tr>\n<th class=\"col label Magnification\" scope=\"row\">Aumento<\/th>\n<td class=\"col data\" data-th=\"Magnification\">4-16x<\/td>\n<\/tr>\n<tr>\n<th class=\"col label Objective Lens Diameter\" scope=\"row\">Di\u00e1metro del objetivo<\/th>\n<td class=\"col data\" data-th=\"Objective Lens Diameter\">44 mm<\/td>\n<\/tr>\n<tr>\n<th class=\"col label Focal Plane\" scope=\"row\">Plano focal<\/th>\n<td class=\"col data\" data-th=\"Focal Plane\">Primer plano focal<\/td>\n<\/tr>\n<tr>\n<th class=\"col label Reticle\" scope=\"row\">Ret\u00edculo<\/th>\n<td class=\"col data\" data-th=\"Reticle\">EBR-2C (MRAD)<\/td>\n<\/tr>\n<tr>\n<th class=\"col label Eye Relief\" scope=\"row\">Alivio ocular<\/th>\n<td class=\"col data\" data-th=\"Eye Relief\">3.8\u2033<\/td>\n<\/tr>\n<tr>\n<th class=\"col label Field of View\" scope=\"row\">Campo de visi\u00f3n<\/th>\n<td class=\"col data\" data-th=\"Field of View\">26.9\u2032 - 6.7 \u2018 @ 100 yds<\/td>\n<\/tr>\n<tr>\n<th class=\"col label Turret Style\" scope=\"row\">Estilo torreta<\/th>\n<td class=\"col data\" data-th=\"Turret Style\">Expuesto<\/td>\n<\/tr>\n<tr>\n<th class=\"col label Tube Size\" scope=\"row\">Tama\u00f1o del tubo<\/th>\n<td class=\"col data\" data-th=\"Tube Size\">30 mm<\/td>\n<\/tr>\n<tr>\n<th class=\"col label Adjustment Graduation\" scope=\"row\">Ajuste Graduaci\u00f3n<\/th>\n<td class=\"col data\" data-th=\"Adjustment Graduation\">.1 MRAD<\/td>\n<\/tr>\n<tr>\n<th class=\"col label Travel Per Rotation\" scope=\"row\">Viajes por rotaci\u00f3n<\/th>\n<td class=\"col data\" data-th=\"Travel Per Rotation\">6 MRAD<\/td>\n<\/tr>\n<tr>\n<th class=\"col label Max Elevation Adjustment\" scope=\"row\">Ajuste de elevaci\u00f3n m\u00e1xima<\/th>\n<td class=\"col data\" data-th=\"Max Elevation Adjustment\">25 MRAD<\/td>\n<\/tr>\n<tr>\n<th class=\"col label Max Windage Adjustment\" scope=\"row\">Ajuste m\u00e1ximo de la alineaci\u00f3n<\/th>\n<td class=\"col data\" data-th=\"Max Windage Adjustment\">25 MRAD<\/td>\n<\/tr>\n<tr>\n<th class=\"col label Parallax Setting\" scope=\"row\">Ajuste de paralaje<\/th>\n<td class=\"col data\" data-th=\"Parallax Setting\">20 yardas - \u221e<\/td>\n<\/tr>\n<tr>\n<th class=\"col label Length\" scope=\"row\">Longitud<\/th>\n<td class=\"col data\" data-th=\"Length\">14.1\u2033<\/td>\n<\/tr>\n<tr>\n<th class=\"col label Weight\" scope=\"row\">Peso<\/th>\n<td class=\"col data\" data-th=\"Weight\">23.1 oz<\/td>\n<\/tr>\n<\/tbody>\n<\/table>\n<p><strong>Caracter\u00edsticas<\/strong><\/p>\n<table>\n<tbody>\n<tr>\n<th class=\"col label\" scope=\"row\">Sistema \u00f3ptico XD<\/th>\n<td class=\"col data\">El sistema \u00f3ptico de primera calidad ofrece una resoluci\u00f3n impresionante, una nitidez de borde a borde, reduce en gran medida la aberraci\u00f3n crom\u00e1tica y garantiza im\u00e1genes brillantes y de alto contraste.<\/td>\n<\/tr>\n<tr>\n<th class=\"col label\" scope=\"row\">Lentes multicapa<\/th>\n<td class=\"col data\">Los revestimientos antirreflectantes en todas las superficies aire-vidrio proporcionan una mayor transmisi\u00f3n de la luz para una mayor claridad y rendimiento con poca luz.<\/td>\n<\/tr>\n<tr>\n<th class=\"col label\" scope=\"row\">Ret\u00edculo del primer plano focal<\/th>\n<td class=\"col data\">Una primera ret\u00edcula de plano focal est\u00e1 situada dentro del visor, cerca de las torretas de orientaci\u00f3n y elevaci\u00f3n. La escala de la ret\u00edcula se mantiene en proporci\u00f3n a la imagen ampliada. Las subtensiones constantes permiten una holgura y un alcance precisos con todos los aumentos. El tama\u00f1o de la ret\u00edcula parecer\u00e1 mayor con aumentos altos y menor con aumentos bajos.<\/td>\n<\/tr>\n<tr>\n<th class=\"col label\" scope=\"row\">Gas nitr\u00f3geno purgado<\/th>\n<td class=\"col data\">Purgado con gas y sellado con junta t\u00f3rica para un rendimiento resistente a la niebla y al agua en todas las condiciones.<\/td>\n<\/tr>\n<tr>\n<th class=\"col label\" scope=\"row\">Ocular de enfoque r\u00e1pido<\/th>\n<td class=\"col data\">Permite enfocar la ret\u00edcula de forma r\u00e1pida y sencilla.<\/td>\n<\/tr>\n<tr>\n<th class=\"col label\" scope=\"row\">Aluminio de calidad aeron\u00e1utica<\/th>\n<td class=\"col data\">Construido a partir de un bloque s\u00f3lido de aluminio de calidad aeron\u00e1utica para mayor resistencia y rigidez.<\/td>\n<\/tr>\n<tr>\n<th class=\"col label\" scope=\"row\">Anodizado negro mate de bajo brillo<\/th>\n<td class=\"col data\">El anodizado resistente a la corrosi\u00f3n y al desgaste proporciona una superficie mate de bajo brillo y ayuda a camuflar la posici\u00f3n del tirador.<\/td>\n<\/tr>\n<tr>\n<th class=\"col label\" scope=\"row\">Impermeable<\/th>\n<td class=\"col data\">Dise\u00f1ado para soportar condiciones meteorol\u00f3gicas adversas.<\/td>\n<\/tr>\n<tr>\n<th class=\"col label\" scope=\"row\">A prueba de niebla<\/th>\n<td class=\"col data\">Dise\u00f1ado para soportar una amplia gama de temperaturas.<\/td>\n<\/tr>\n<tr>\n<th class=\"col label\" scope=\"row\">A prueba de golpes<\/th>\n<td class=\"col data\">Dise\u00f1ado para soportar los m\u00e1s altos niveles de retroceso e impacto.<\/td>\n<\/tr>\n<\/tbody>\n<\/table>\n<p><strong>Ret\u00edculo<\/strong><\/p>\n<div class=\"reticle-details\">\n<div class=\"reticle-image\"><img decoding=\"async\" src=\"https:\/\/vortexoptics.com\/media\/attribute\/swatch\/v\/t\/vtx_pst-5258_ebr-2c_mrad_rs_i_ri_fv.jpg\" alt=\"imagen de la ret\u00edcula\" data-uw-rm-alt-original=\"image of reticle\" data-uw-rm-alt=\"ALT\" \/><\/div>\n<div class=\"reticle-info\">\n<div class=\"reticle-description\">\n<p><strong>EBR-2C (MRAD)<\/strong>Ret\u00edcula de alcance marcada con hash que utiliza l\u00edneas de subtensi\u00f3n basadas en MRAD para correcciones de alcance, holdover y deriva. Las letras se refieren a las subtensiones de la ret\u00edcula enumeradas en el cuadro siguiente.<\/p>\n<\/div>\n<\/div>\n<\/div>\n<\/div>\n<\/div>","protected":false},"excerpt":{"rendered":"<p>Overview Diamondback\u00ae Tactical brings the hardworking legacy of the Diamondback\u00ae name into the tactical world, delivering trusted performance for shooters looking to extend their effective<\/p>","protected":false},"featured_media":1596,"comment_status":"open","ping_status":"closed","template":"","meta":[],"etheme_brands":[{"term_id":47,"name":"Vortex","slug":"vortex","term_group":0,"term_taxonomy_id":47,"taxonomy":"brand","description":"","parent":0,"count":9,"filter":"raw"}],"product_brand":[],"product_cat":[49],"product_tag":[],"class_list":{"0":"post-1595","1":"product","2":"type-product","3":"status-publish","4":"has-post-thumbnail","6":"brand-vortex","7":"product_cat-rifle-scopes","9":"first","10":"instock","11":"sale","12":"taxable","13":"shipping-taxable","14":"purchasable","15":"product-type-simple"},"yoast_head":"<!-- This site is optimized with the Yoast SEO Premium plugin v25.7.1 (Yoast SEO v27.4) - https:\/\/yoast.com\/product\/yoast-seo-premium-wordpress\/ -->\n<title>Vortex DIAMONDBACK\u00ae Tactical 4-16x44 FFP EBR-2C MRAD Non IR - Hunter Optics<\/title>\n<meta name=\"description\" content=\"Boost your shooting confidence. The Diamondback Tactical 4-16x44 scope provides precise MRAD adjustments and clear glass for accuracy.\" \/>\n<meta name=\"robots\" content=\"index, follow, max-snippet:-1, max-image-preview:large, max-video-preview:-1\" \/>\n<link rel=\"canonical\" href=\"https:\/\/hunter-optics.com\/es\/producto\/vortex-diamondback-tactical-4-16x44-ffp-ebr-2c-mrad-non-ir\/\" \/>\n<meta property=\"og:locale\" content=\"es_ES\" \/>\n<meta property=\"og:type\" content=\"article\" \/>\n<meta property=\"og:title\" content=\"Vortex DIAMONDBACK\u00ae Tactical 4-16x44 FFP EBR-2C MRAD Non IR\" \/>\n<meta property=\"og:description\" content=\"Boost your shooting confidence. The Diamondback Tactical 4-16x44 scope provides precise MRAD adjustments and clear glass for accuracy.\" \/>\n<meta property=\"og:url\" content=\"https:\/\/hunter-optics.com\/es\/producto\/vortex-diamondback-tactical-4-16x44-ffp-ebr-2c-mrad-non-ir\/\" \/>\n<meta property=\"og:site_name\" content=\"Hunter Optics\" \/>\n<meta property=\"article:modified_time\" content=\"2025-10-11T09:22:12+00:00\" \/>\n<meta property=\"og:image\" content=\"https:\/\/hunter-optics.com\/wp-content\/uploads\/2025\/08\/Diamondback\u00ae-Tactical-4-16x44-FFP-EBR-2C-MRAD.jpg\" \/>\n\t<meta property=\"og:image:width\" content=\"876\" \/>\n\t<meta property=\"og:image:height\" content=\"876\" \/>\n\t<meta property=\"og:image:type\" content=\"image\/jpeg\" \/>\n<meta name=\"twitter:card\" content=\"summary_large_image\" \/>\n<meta name=\"twitter:label1\" content=\"Precio\" \/>\n\t<meta name=\"twitter:data1\" content=\"&#036;559.99\" \/>\n\t<meta name=\"twitter:label2\" content=\"Disponibilidad\" \/>\n\t<meta name=\"twitter:data2\" content=\"Disponible\" \/>\n<script type=\"application\/ld+json\" class=\"yoast-schema-graph\">{\"@context\":\"https:\\\/\\\/schema.org\",\"@graph\":[{\"@type\":\"WebPage\",\"@id\":\"https:\\\/\\\/hunter-optics.com\\\/product\\\/vortex-diamondback-tactical-4-16x44-ffp-ebr-2c-mrad-non-ir\\\/\",\"url\":\"https:\\\/\\\/hunter-optics.com\\\/product\\\/vortex-diamondback-tactical-4-16x44-ffp-ebr-2c-mrad-non-ir\\\/\",\"name\":\"Vortex DIAMONDBACK\u00ae Tactical 4-16x44 FFP EBR-2C MRAD Non IR - Hunter Optics\",\"isPartOf\":{\"@id\":\"https:\\\/\\\/hunter-optics.com\\\/#website\"},\"primaryImageOfPage\":{\"@id\":\"https:\\\/\\\/hunter-optics.com\\\/product\\\/vortex-diamondback-tactical-4-16x44-ffp-ebr-2c-mrad-non-ir\\\/#primaryimage\"},\"image\":{\"@id\":\"https:\\\/\\\/hunter-optics.com\\\/product\\\/vortex-diamondback-tactical-4-16x44-ffp-ebr-2c-mrad-non-ir\\\/#primaryimage\"},\"thumbnailUrl\":\"https:\\\/\\\/hunter-optics.com\\\/wp-content\\\/uploads\\\/2025\\\/08\\\/Diamondback\u00ae-Tactical-4-16x44-FFP-EBR-2C-MRAD.jpg\",\"datePublished\":\"2025-08-05T07:21:39+00:00\",\"dateModified\":\"2025-10-11T09:22:12+00:00\",\"description\":\"Boost your shooting confidence. The Diamondback Tactical 4-16x44 scope provides precise MRAD adjustments and clear glass for accuracy.\",\"breadcrumb\":{\"@id\":\"https:\\\/\\\/hunter-optics.com\\\/product\\\/vortex-diamondback-tactical-4-16x44-ffp-ebr-2c-mrad-non-ir\\\/#breadcrumb\"},\"inLanguage\":\"es\",\"potentialAction\":[{\"@type\":\"ReadAction\",\"target\":[\"https:\\\/\\\/hunter-optics.com\\\/product\\\/vortex-diamondback-tactical-4-16x44-ffp-ebr-2c-mrad-non-ir\\\/\"]}]},{\"@type\":\"ImageObject\",\"inLanguage\":\"es\",\"@id\":\"https:\\\/\\\/hunter-optics.com\\\/product\\\/vortex-diamondback-tactical-4-16x44-ffp-ebr-2c-mrad-non-ir\\\/#primaryimage\",\"url\":\"https:\\\/\\\/hunter-optics.com\\\/wp-content\\\/uploads\\\/2025\\\/08\\\/Diamondback\u00ae-Tactical-4-16x44-FFP-EBR-2C-MRAD.jpg\",\"contentUrl\":\"https:\\\/\\\/hunter-optics.com\\\/wp-content\\\/uploads\\\/2025\\\/08\\\/Diamondback\u00ae-Tactical-4-16x44-FFP-EBR-2C-MRAD.jpg\",\"width\":876,\"height\":876},{\"@type\":\"BreadcrumbList\",\"@id\":\"https:\\\/\\\/hunter-optics.com\\\/product\\\/vortex-diamondback-tactical-4-16x44-ffp-ebr-2c-mrad-non-ir\\\/#breadcrumb\",\"itemListElement\":[{\"@type\":\"ListItem\",\"position\":1,\"name\":\"Home\",\"item\":\"https:\\\/\\\/hunter-optics.com\\\/\"},{\"@type\":\"ListItem\",\"position\":2,\"name\":\"Products\",\"item\":\"https:\\\/\\\/hunter-optics.com\\\/shop\\\/\"},{\"@type\":\"ListItem\",\"position\":3,\"name\":\"Vortex DIAMONDBACK\u00ae Tactical 4-16&#215;44 FFP EBR-2C MRAD Non IR\"}]},{\"@type\":\"WebSite\",\"@id\":\"https:\\\/\\\/hunter-optics.com\\\/#website\",\"url\":\"https:\\\/\\\/hunter-optics.com\\\/\",\"name\":\"Hunter Optics\",\"description\":\"Hunter Optics \u2014 Your Eye on the Target.\",\"publisher\":{\"@id\":\"https:\\\/\\\/hunter-optics.com\\\/#organization\"},\"potentialAction\":[{\"@type\":\"SearchAction\",\"target\":{\"@type\":\"EntryPoint\",\"urlTemplate\":\"https:\\\/\\\/hunter-optics.com\\\/?s={search_term_string}\"},\"query-input\":{\"@type\":\"PropertyValueSpecification\",\"valueRequired\":true,\"valueName\":\"search_term_string\"}}],\"inLanguage\":\"es\"},{\"@type\":\"Organization\",\"@id\":\"https:\\\/\\\/hunter-optics.com\\\/#organization\",\"name\":\"Hunter Optics\",\"url\":\"https:\\\/\\\/hunter-optics.com\\\/\",\"logo\":{\"@type\":\"ImageObject\",\"inLanguage\":\"es\",\"@id\":\"https:\\\/\\\/hunter-optics.com\\\/#\\\/schema\\\/logo\\\/image\\\/\",\"url\":\"https:\\\/\\\/hunter-optics.com\\\/wp-content\\\/uploads\\\/2025\\\/06\\\/hunter-optics-logo-1.png\",\"contentUrl\":\"https:\\\/\\\/hunter-optics.com\\\/wp-content\\\/uploads\\\/2025\\\/06\\\/hunter-optics-logo-1.png\",\"width\":937,\"height\":373,\"caption\":\"Hunter Optics\"},\"image\":{\"@id\":\"https:\\\/\\\/hunter-optics.com\\\/#\\\/schema\\\/logo\\\/image\\\/\"}}]}<\/script>\n<meta property=\"product:brand\" content=\"Vortex\" \/>\n<meta property=\"product:price:amount\" content=\"559.99\" \/>\n<meta property=\"product:price:currency\" content=\"USD\" \/>\n<meta property=\"og:availability\" content=\"instock\" \/>\n<meta property=\"product:availability\" content=\"instock\" \/>\n<meta property=\"product:condition\" content=\"new\" \/>\n<!-- \/ Yoast SEO Premium plugin. -->","yoast_head_json":{"title":"Vortex DIAMONDBACK\u00ae Tactical 4-16x44 FFP EBR-2C MRAD No IR - Hunter Optics","description":"Aumente su confianza en el tiro. El visor Diamondback Tactical 4-16x44 ofrece ajustes MRAD precisos y un cristal transparente para una mayor precisi\u00f3n.","robots":{"index":"index","follow":"follow","max-snippet":"max-snippet:-1","max-image-preview":"max-image-preview:large","max-video-preview":"max-video-preview:-1"},"canonical":"https:\/\/hunter-optics.com\/es\/producto\/vortex-diamondback-tactical-4-16x44-ffp-ebr-2c-mrad-non-ir\/","og_locale":"es_ES","og_type":"article","og_title":"Vortex DIAMONDBACK\u00ae Tactical 4-16x44 FFP EBR-2C MRAD Non IR","og_description":"Boost your shooting confidence. The Diamondback Tactical 4-16x44 scope provides precise MRAD adjustments and clear glass for accuracy.","og_url":"https:\/\/hunter-optics.com\/es\/producto\/vortex-diamondback-tactical-4-16x44-ffp-ebr-2c-mrad-non-ir\/","og_site_name":"Hunter Optics","article_modified_time":"2025-10-11T09:22:12+00:00","og_image":[{"width":876,"height":876,"url":"https:\/\/hunter-optics.com\/wp-content\/uploads\/2025\/08\/Diamondback\u00ae-Tactical-4-16x44-FFP-EBR-2C-MRAD.jpg","type":"image\/jpeg"}],"twitter_card":"summary_large_image","twitter_misc":{"Precio":"&#36;559.99","Disponibilidad":"Disponible"},"schema":{"@context":"https:\/\/schema.org","@graph":[{"@type":"WebPage","@id":"https:\/\/hunter-optics.com\/product\/vortex-diamondback-tactical-4-16x44-ffp-ebr-2c-mrad-non-ir\/","url":"https:\/\/hunter-optics.com\/product\/vortex-diamondback-tactical-4-16x44-ffp-ebr-2c-mrad-non-ir\/","name":"Vortex DIAMONDBACK\u00ae Tactical 4-16x44 FFP EBR-2C MRAD No IR - Hunter Optics","isPartOf":{"@id":"https:\/\/hunter-optics.com\/#website"},"primaryImageOfPage":{"@id":"https:\/\/hunter-optics.com\/product\/vortex-diamondback-tactical-4-16x44-ffp-ebr-2c-mrad-non-ir\/#primaryimage"},"image":{"@id":"https:\/\/hunter-optics.com\/product\/vortex-diamondback-tactical-4-16x44-ffp-ebr-2c-mrad-non-ir\/#primaryimage"},"thumbnailUrl":"https:\/\/hunter-optics.com\/wp-content\/uploads\/2025\/08\/Diamondback\u00ae-Tactical-4-16x44-FFP-EBR-2C-MRAD.jpg","datePublished":"2025-08-05T07:21:39+00:00","dateModified":"2025-10-11T09:22:12+00:00","description":"Aumente su confianza en el tiro. El visor Diamondback Tactical 4-16x44 ofrece ajustes MRAD precisos y un cristal transparente para una mayor precisi\u00f3n.","breadcrumb":{"@id":"https:\/\/hunter-optics.com\/product\/vortex-diamondback-tactical-4-16x44-ffp-ebr-2c-mrad-non-ir\/#breadcrumb"},"inLanguage":"es","potentialAction":[{"@type":"ReadAction","target":["https:\/\/hunter-optics.com\/product\/vortex-diamondback-tactical-4-16x44-ffp-ebr-2c-mrad-non-ir\/"]}]},{"@type":"ImageObject","inLanguage":"es","@id":"https:\/\/hunter-optics.com\/product\/vortex-diamondback-tactical-4-16x44-ffp-ebr-2c-mrad-non-ir\/#primaryimage","url":"https:\/\/hunter-optics.com\/wp-content\/uploads\/2025\/08\/Diamondback\u00ae-Tactical-4-16x44-FFP-EBR-2C-MRAD.jpg","contentUrl":"https:\/\/hunter-optics.com\/wp-content\/uploads\/2025\/08\/Diamondback\u00ae-Tactical-4-16x44-FFP-EBR-2C-MRAD.jpg","width":876,"height":876},{"@type":"BreadcrumbList","@id":"https:\/\/hunter-optics.com\/product\/vortex-diamondback-tactical-4-16x44-ffp-ebr-2c-mrad-non-ir\/#breadcrumb","itemListElement":[{"@type":"ListItem","position":1,"name":"Home","item":"https:\/\/hunter-optics.com\/"},{"@type":"ListItem","position":2,"name":"Products","item":"https:\/\/hunter-optics.com\/shop\/"},{"@type":"ListItem","position":3,"name":"Vortex DIAMONDBACK\u00ae Tactical 4-16&#215;44 FFP EBR-2C MRAD Non IR"}]},{"@type":"WebSite","@id":"https:\/\/hunter-optics.com\/#website","url":"https:\/\/hunter-optics.com\/","name":"\u00d3ptica Hunter","description":"Hunter Optics - Su ojo en el objetivo.","publisher":{"@id":"https:\/\/hunter-optics.com\/#organization"},"potentialAction":[{"@type":"SearchAction","target":{"@type":"EntryPoint","urlTemplate":"https:\/\/hunter-optics.com\/?s={search_term_string}"},"query-input":{"@type":"PropertyValueSpecification","valueRequired":true,"valueName":"search_term_string"}}],"inLanguage":"es"},{"@type":"Organization","@id":"https:\/\/hunter-optics.com\/#organization","name":"\u00d3ptica Hunter","url":"https:\/\/hunter-optics.com\/","logo":{"@type":"ImageObject","inLanguage":"es","@id":"https:\/\/hunter-optics.com\/#\/schema\/logo\/image\/","url":"https:\/\/hunter-optics.com\/wp-content\/uploads\/2025\/06\/hunter-optics-logo-1.png","contentUrl":"https:\/\/hunter-optics.com\/wp-content\/uploads\/2025\/06\/hunter-optics-logo-1.png","width":937,"height":373,"caption":"Hunter Optics"},"image":{"@id":"https:\/\/hunter-optics.com\/#\/schema\/logo\/image\/"}}]},"product_brand":"Vortex","product_price_amount":"559.99","product_price_currency":"USD","og_availability":"instock","product_availability":"instock","product_condition":"new"},"_links":{"self":[{"href":"https:\/\/hunter-optics.com\/es\/wp-json\/wp\/v2\/product\/1595","targetHints":{"allow":["GET"]}}],"collection":[{"href":"https:\/\/hunter-optics.com\/es\/wp-json\/wp\/v2\/product"}],"about":[{"href":"https:\/\/hunter-optics.com\/es\/wp-json\/wp\/v2\/types\/product"}],"replies":[{"embeddable":true,"href":"https:\/\/hunter-optics.com\/es\/wp-json\/wp\/v2\/comments?post=1595"}],"version-history":[{"count":7,"href":"https:\/\/hunter-optics.com\/es\/wp-json\/wp\/v2\/product\/1595\/revisions"}],"predecessor-version":[{"id":1677,"href":"https:\/\/hunter-optics.com\/es\/wp-json\/wp\/v2\/product\/1595\/revisions\/1677"}],"wp:featuredmedia":[{"embeddable":true,"href":"https:\/\/hunter-optics.com\/es\/wp-json\/wp\/v2\/media\/1596"}],"wp:attachment":[{"href":"https:\/\/hunter-optics.com\/es\/wp-json\/wp\/v2\/media?parent=1595"}],"wp:term":[{"taxonomy":"brand","embeddable":true,"href":"https:\/\/hunter-optics.com\/es\/wp-json\/wp\/v2\/etheme_brands?post=1595"},{"taxonomy":"product_brand","embeddable":true,"href":"https:\/\/hunter-optics.com\/es\/wp-json\/wp\/v2\/product_brand?post=1595"},{"taxonomy":"product_cat","embeddable":true,"href":"https:\/\/hunter-optics.com\/es\/wp-json\/wp\/v2\/product_cat?post=1595"},{"taxonomy":"product_tag","embeddable":true,"href":"https:\/\/hunter-optics.com\/es\/wp-json\/wp\/v2\/product_tag?post=1595"}],"curies":[{"name":"wp","href":"https:\/\/api.w.org\/{rel}","templated":true}]}}