{"id":1578,"date":"2025-08-05T06:29:36","date_gmt":"2025-08-05T06:29:36","guid":{"rendered":"https:\/\/hunter-optics.com\/?post_type=product&#038;p=1578"},"modified":"2025-08-09T10:02:56","modified_gmt":"2025-08-09T10:02:56","slug":"vortex-venom-1-6x24ir-moa","status":"publish","type":"product","link":"https:\/\/hunter-optics.com\/es\/producto\/vortex-venom-1-6x24ir-moa\/","title":{"rendered":"Vortex VENOM\u00ae 1-6x24IR (MOA)"},"content":{"rendered":"<p><strong>Visi\u00f3n general<\/strong><\/p>\n<p>Veneno<sup>\u00ae<\/sup> es su puente hacia la precisi\u00f3n a larga distancia y el \u00e9xito t\u00e1ctico: una \u00f3ptica de trabajo que convierte el esfuerzo en resultados. Construcci\u00f3n s\u00f3lida. Gran calidad de cristal con claridad y contraste que le mantiene centrado en cualquier entorno, tanto si est\u00e1 fijando objetivos a corta distancia como si est\u00e1 ampliando sus l\u00edmites en el campo de tiro. Dise\u00f1ada para los tiradores que necesitan fiabilidad, velocidad y precisi\u00f3n bajo presi\u00f3n, su gama ofrece una combinaci\u00f3n perfecta de utilidad y rendimiento, que le permitir\u00e1 participar en el juego y llegar m\u00e1s lejos con cada disparo.<\/p>\n<div class=\"product sizechart\">\n<div class=\"sizechart-title\">\n<div class=\"item-title\"><strong>Veneno<sup>\u00ae<\/sup> 1-6\u00d724 SFP Dimensiones (en pulgadas)<\/strong><\/div>\n<\/div>\n<div class=\"sizechart-details\">\n<div class=\"sizechart-image\"><img decoding=\"async\" src=\"https:\/\/vortexoptics.com\/media\/wysiwyg\/dim_venom_3-15x44_moa.png\" alt=\"Dimensiones de Venom 1-6x24 SFP\" data-uw-rm-alt-original=\"Venom 1-6x24 SFP Dimensions\" data-uw-rm-alt=\"ALT\" \/><\/div>\n<table class=\"lengths\">\n<tbody>\n<tr>\n<th colspan=\"6\" scope=\"colgroup\">Longitudes<\/th>\n<\/tr>\n<tr>\n<td>L1<\/td>\n<td>L2<\/td>\n<td>L3<\/td>\n<td>L4<\/td>\n<\/tr>\n<tr>\n<td>10.3<\/td>\n<td>2.8<\/td>\n<td>2.3<\/td>\n<td>6.7<\/td>\n<\/tr>\n<\/tbody>\n<\/table>\n<table class=\"heights\">\n<tbody>\n<tr>\n<th colspan=\"2\" scope=\"colgroup\">Alturas<\/th>\n<\/tr>\n<tr>\n<td>H1<\/td>\n<td>H2<\/td>\n<\/tr>\n<tr>\n<td>1.2<\/td>\n<td>1.8<\/td>\n<\/tr>\n<\/tbody>\n<\/table>\n<p><strong>Especificaciones<\/strong><\/p>\n<table id=\"product-vortex-specs-table\" class=\"data table spec-attributes\">\n<tbody>\n<tr>\n<th class=\"col label\" scope=\"row\">Aumento<\/th>\n<td class=\"col data\" data-th=\"Magnification\">1-6x<\/td>\n<\/tr>\n<tr>\n<th class=\"col label\" scope=\"row\">Di\u00e1metro del objetivo<\/th>\n<td class=\"col data\" data-th=\"Objective Lens Diameter\">24 mm<\/td>\n<\/tr>\n<tr>\n<th class=\"col label\" scope=\"row\">Plano focal<\/th>\n<td class=\"col data\" data-th=\"Focal Plane\">Segundo plano focal<\/td>\n<\/tr>\n<tr>\n<th class=\"col label\" scope=\"row\">Ret\u00edculo<\/th>\n<td class=\"col data\" data-th=\"Reticle\">AR-BDC3<\/td>\n<\/tr>\n<tr>\n<th class=\"col label\" scope=\"row\">Alivio ocular<\/th>\n<td class=\"col data\" data-th=\"Eye Relief\">3.7\u2033<\/td>\n<\/tr>\n<tr>\n<th class=\"col label\" scope=\"row\">Campo de visi\u00f3n<\/th>\n<td class=\"col data\" data-th=\"Field of View\">126.0\u2032 - 20.2\u2032 @ 100 yds<\/td>\n<\/tr>\n<tr>\n<th class=\"col label\" scope=\"row\">Estilo torreta<\/th>\n<td class=\"col data\" data-th=\"Turret Style\">Tapado<\/td>\n<\/tr>\n<tr>\n<th class=\"col label\" scope=\"row\">Tama\u00f1o del tubo<\/th>\n<td class=\"col data\" data-th=\"Tube Size\">30 mm<\/td>\n<\/tr>\n<tr>\n<th class=\"col label\" scope=\"row\">Ajuste Graduaci\u00f3n<\/th>\n<td class=\"col data\" data-th=\"Adjustment Graduation\">1\/4 MOA<\/td>\n<\/tr>\n<tr>\n<th class=\"col label\" scope=\"row\">Viajes por rotaci\u00f3n<\/th>\n<td class=\"col data\" data-th=\"Travel Per Rotation\">25 MOA<\/td>\n<\/tr>\n<tr>\n<th class=\"col label\" scope=\"row\">Ajuste de elevaci\u00f3n m\u00e1xima<\/th>\n<td class=\"col data\" data-th=\"Max Elevation Adjustment\">140 MOA<\/td>\n<\/tr>\n<tr>\n<th class=\"col label\" scope=\"row\">Ajuste m\u00e1ximo de la alineaci\u00f3n<\/th>\n<td class=\"col data\" data-th=\"Max Windage Adjustment\">140 MOA<\/td>\n<\/tr>\n<tr>\n<th class=\"col label\" scope=\"row\">Ajuste de paralaje<\/th>\n<td class=\"col data\" data-th=\"Parallax Setting\">100 yardas.<\/td>\n<\/tr>\n<tr>\n<th class=\"col label\" scope=\"row\">Longitud<\/th>\n<td class=\"col data\" data-th=\"Length\">10.3\u2033<\/td>\n<\/tr>\n<tr>\n<th class=\"col label\" scope=\"row\">Peso<\/th>\n<td class=\"col data\" data-th=\"Weight\">19,5 oz<\/td>\n<\/tr>\n<\/tbody>\n<\/table>\n<p><strong>Caracter\u00edsticas<\/strong><\/p>\n<table>\n<tbody>\n<tr>\n<th class=\"col label\" scope=\"row\">Sistema \u00f3ptico XD<\/th>\n<td class=\"col data\">El sistema \u00f3ptico de primera calidad ofrece una resoluci\u00f3n impresionante, una nitidez de borde a borde, reduce en gran medida la aberraci\u00f3n crom\u00e1tica y garantiza im\u00e1genes brillantes y de alto contraste.<\/td>\n<\/tr>\n<tr>\n<th class=\"col label\" scope=\"row\">Lentes multicapa<\/th>\n<td class=\"col data\">Los revestimientos antirreflectantes en todas las superficies aire-vidrio proporcionan una mayor transmisi\u00f3n de la luz para una mayor claridad y rendimiento con poca luz.<\/td>\n<\/tr>\n<tr>\n<th class=\"col label\" scope=\"row\">Ret\u00edcula iluminada<\/th>\n<td class=\"col data\">Permite apuntar con precisi\u00f3n en condiciones de poca luz.<\/td>\n<\/tr>\n<tr>\n<th class=\"col label\" scope=\"row\">Tubo de una sola pieza<\/th>\n<td class=\"col data\">Maximiza la alineaci\u00f3n para mejorar la precisi\u00f3n y el rendimiento visual \u00f3ptimo, adem\u00e1s de garantizar la resistencia y la impermeabilidad.<\/td>\n<\/tr>\n<tr>\n<th class=\"col label\" scope=\"row\">Gas nitr\u00f3geno purgado<\/th>\n<td class=\"col data\">Purgado con gas y sellado con junta t\u00f3rica para un rendimiento resistente a la niebla y al agua en todas las condiciones.<\/td>\n<\/tr>\n<tr>\n<th class=\"col label\" scope=\"row\">Ocular de enfoque r\u00e1pido<\/th>\n<td class=\"col data\">Permite enfocar la ret\u00edcula de forma r\u00e1pida y sencilla.<\/td>\n<\/tr>\n<tr>\n<th class=\"col label\" scope=\"row\">Palanca de lanzamiento<\/th>\n<td class=\"col data\">La palanca de lanzamiento incluida puede instalarse para realizar ajustes de aumento r\u00e1pidos y sencillos.<\/td>\n<\/tr>\n<tr>\n<th class=\"col label\" scope=\"row\">Aluminio de calidad aeron\u00e1utica<\/th>\n<td class=\"col data\">Construido a partir de un bloque s\u00f3lido de aluminio de calidad aeron\u00e1utica para mayor resistencia y rigidez.<\/td>\n<\/tr>\n<tr>\n<th class=\"col label\" scope=\"row\">ArmorTek<sup>\u00ae<\/sup><\/th>\n<td class=\"col data\">El revestimiento ultraduro y resistente a los ara\u00f1azos protege las lentes exteriores de ara\u00f1azos, aceite y suciedad.<\/td>\n<\/tr>\n<tr>\n<th class=\"col label\" scope=\"row\">Anodizado negro mate de bajo deslumbramiento<\/th>\n<td class=\"col data\">El anodizado resistente a la corrosi\u00f3n y al desgaste proporciona una superficie mate de bajo brillo y ayuda a camuflar la posici\u00f3n del tirador.<\/td>\n<\/tr>\n<tr>\n<th class=\"col label\" scope=\"row\">Impermeable<\/th>\n<td class=\"col data\">Dise\u00f1ado para soportar condiciones meteorol\u00f3gicas adversas.<\/td>\n<\/tr>\n<tr>\n<th class=\"col label\" scope=\"row\">A prueba de golpes<\/th>\n<td class=\"col data\">Dise\u00f1ado para soportar los m\u00e1s altos niveles de retroceso e impacto.<\/td>\n<\/tr>\n<tr>\n<th class=\"col label\" scope=\"row\">A prueba de niebla<\/th>\n<td class=\"col data\">Dise\u00f1ado para soportar una amplia gama de temperaturas.<\/td>\n<\/tr>\n<\/tbody>\n<\/table>\n<p><strong>Ret\u00edculo<\/strong><\/p>\n<div class=\"reticle-details\">\n<div class=\"reticle-image\"><img decoding=\"async\" src=\"https:\/\/vortexoptics.widen.net\/content\/4ruwhdj8w8\/jpeg\/VTX_SE-1624-2_AR-BDC3_MOA_RS_I_RI_FV.jpeg?w=320&amp;keep=c&amp;crop=yes&amp;color=cccccc&amp;quality=80&amp;u=9oqiqe\" alt=\"AR-BDC3\" data-uw-rm-alt-original=\"\" data-uw-rm-alt=\"CT\" \/><\/div>\n<div class=\"reticle-info\">\n<p><strong>AR-BDC3<\/strong><\/p>\n<div class=\"reticle-description\">\n<p>El AR-BDC3 iluminado y grabado en vidrio est\u00e1 espec\u00edficamente ajustado al rendimiento bal\u00edstico de las cargas comunes de 5,56 de un AR-15. El punto central de 1 MOA proporciona un punto de mira preciso, mientras que el c\u00edrculo roto de 16,625 MOA que lo rodea hace que su ojo se centre m\u00e1s r\u00e1pidamente para una r\u00e1pida adquisici\u00f3n del blanco, y el BDC le mantiene en el blanco hasta 650 yardas.<\/p>\n<p>Detalle de la subtensi\u00f3n para visor Venom 1-6\u00d724 con ret\u00edcula AR-BDC3.<\/p>\n<\/div>\n<\/div>\n<\/div>\n<\/div>\n<\/div>","protected":false},"excerpt":{"rendered":"<p>Overview Venom\u00ae is your bridge to long-range accuracy and tactical success\u2014a workhorse optic that turns effort into results. Solid construction. Great glass quality with clarity<\/p>","protected":false},"featured_media":1580,"comment_status":"open","ping_status":"closed","template":"","meta":[],"etheme_brands":[{"term_id":47,"name":"Vortex","slug":"vortex","term_group":0,"term_taxonomy_id":47,"taxonomy":"brand","description":"","parent":0,"count":9,"filter":"raw"}],"product_brand":[],"product_cat":[49],"product_tag":[],"class_list":{"0":"post-1578","1":"product","2":"type-product","3":"status-publish","4":"has-post-thumbnail","6":"brand-vortex","7":"product_cat-rifle-scopes","9":"first","10":"instock","11":"sale","12":"taxable","13":"shipping-taxable","14":"purchasable","15":"product-type-simple"},"yoast_head":"<!-- This site is optimized with the Yoast SEO Premium plugin v25.7.1 (Yoast SEO v27.4) - https:\/\/yoast.com\/product\/yoast-seo-premium-wordpress\/ -->\n<title>Vortex VENOM\u00ae 1-6x24IR (MOA) - Hunter Optics<\/title>\n<meta name=\"description\" content=\"Vortex Venom 1-6x24IR MOA rifle scope features illuminated reticle, precision adjustments &amp; rugged construction. Ideal for tactical shooting. Shop Vortex optics.\" \/>\n<meta name=\"robots\" content=\"index, follow, max-snippet:-1, max-image-preview:large, max-video-preview:-1\" \/>\n<link rel=\"canonical\" href=\"https:\/\/hunter-optics.com\/es\/producto\/vortex-venom-1-6x24ir-moa\/\" \/>\n<meta property=\"og:locale\" content=\"es_ES\" \/>\n<meta property=\"og:type\" content=\"article\" \/>\n<meta property=\"og:title\" content=\"Vortex VENOM\u00ae 1-6x24IR (MOA)\" \/>\n<meta property=\"og:description\" content=\"Vortex Venom 1-6x24IR MOA rifle scope features illuminated reticle, precision adjustments &amp; rugged construction. Ideal for tactical shooting. Shop Vortex optics.\" \/>\n<meta property=\"og:url\" content=\"https:\/\/hunter-optics.com\/es\/producto\/vortex-venom-1-6x24ir-moa\/\" \/>\n<meta property=\"og:site_name\" content=\"Hunter Optics\" \/>\n<meta property=\"article:modified_time\" content=\"2025-08-09T10:02:56+00:00\" \/>\n<meta property=\"og:image\" content=\"https:\/\/hunter-optics.com\/wp-content\/uploads\/2025\/08\/Vortex-Venom-1-6x24IR-MOA.jpg\" \/>\n\t<meta property=\"og:image:width\" content=\"876\" \/>\n\t<meta property=\"og:image:height\" content=\"876\" \/>\n\t<meta property=\"og:image:type\" content=\"image\/jpeg\" \/>\n<meta name=\"twitter:card\" content=\"summary_large_image\" \/>\n<meta name=\"twitter:label1\" content=\"Precio\" \/>\n\t<meta name=\"twitter:data1\" content=\"&#036;439.99\" \/>\n\t<meta name=\"twitter:label2\" content=\"Disponibilidad\" \/>\n\t<meta name=\"twitter:data2\" content=\"Disponible\" \/>\n<script type=\"application\/ld+json\" class=\"yoast-schema-graph\">{\"@context\":\"https:\\\/\\\/schema.org\",\"@graph\":[{\"@type\":\"WebPage\",\"@id\":\"https:\\\/\\\/hunter-optics.com\\\/product\\\/vortex-venom-1-6x24ir-moa\\\/\",\"url\":\"https:\\\/\\\/hunter-optics.com\\\/product\\\/vortex-venom-1-6x24ir-moa\\\/\",\"name\":\"Vortex VENOM\u00ae 1-6x24IR (MOA) - Hunter Optics\",\"isPartOf\":{\"@id\":\"https:\\\/\\\/hunter-optics.com\\\/#website\"},\"primaryImageOfPage\":{\"@id\":\"https:\\\/\\\/hunter-optics.com\\\/product\\\/vortex-venom-1-6x24ir-moa\\\/#primaryimage\"},\"image\":{\"@id\":\"https:\\\/\\\/hunter-optics.com\\\/product\\\/vortex-venom-1-6x24ir-moa\\\/#primaryimage\"},\"thumbnailUrl\":\"https:\\\/\\\/hunter-optics.com\\\/wp-content\\\/uploads\\\/2025\\\/08\\\/Vortex-Venom-1-6x24IR-MOA.jpg\",\"datePublished\":\"2025-08-05T06:29:36+00:00\",\"dateModified\":\"2025-08-09T10:02:56+00:00\",\"description\":\"Vortex Venom 1-6x24IR MOA rifle scope features illuminated reticle, precision adjustments & rugged construction. Ideal for tactical shooting. Shop Vortex optics.\",\"breadcrumb\":{\"@id\":\"https:\\\/\\\/hunter-optics.com\\\/product\\\/vortex-venom-1-6x24ir-moa\\\/#breadcrumb\"},\"inLanguage\":\"es\",\"potentialAction\":[{\"@type\":\"ReadAction\",\"target\":[\"https:\\\/\\\/hunter-optics.com\\\/product\\\/vortex-venom-1-6x24ir-moa\\\/\"]}]},{\"@type\":\"ImageObject\",\"inLanguage\":\"es\",\"@id\":\"https:\\\/\\\/hunter-optics.com\\\/product\\\/vortex-venom-1-6x24ir-moa\\\/#primaryimage\",\"url\":\"https:\\\/\\\/hunter-optics.com\\\/wp-content\\\/uploads\\\/2025\\\/08\\\/Vortex-Venom-1-6x24IR-MOA.jpg\",\"contentUrl\":\"https:\\\/\\\/hunter-optics.com\\\/wp-content\\\/uploads\\\/2025\\\/08\\\/Vortex-Venom-1-6x24IR-MOA.jpg\",\"width\":876,\"height\":876},{\"@type\":\"BreadcrumbList\",\"@id\":\"https:\\\/\\\/hunter-optics.com\\\/product\\\/vortex-venom-1-6x24ir-moa\\\/#breadcrumb\",\"itemListElement\":[{\"@type\":\"ListItem\",\"position\":1,\"name\":\"Home\",\"item\":\"https:\\\/\\\/hunter-optics.com\\\/\"},{\"@type\":\"ListItem\",\"position\":2,\"name\":\"Products\",\"item\":\"https:\\\/\\\/hunter-optics.com\\\/shop\\\/\"},{\"@type\":\"ListItem\",\"position\":3,\"name\":\"Vortex VENOM\u00ae 1-6x24IR (MOA)\"}]},{\"@type\":\"WebSite\",\"@id\":\"https:\\\/\\\/hunter-optics.com\\\/#website\",\"url\":\"https:\\\/\\\/hunter-optics.com\\\/\",\"name\":\"Hunter Optics\",\"description\":\"Hunter Optics \u2014 Your Eye on the Target.\",\"publisher\":{\"@id\":\"https:\\\/\\\/hunter-optics.com\\\/#organization\"},\"potentialAction\":[{\"@type\":\"SearchAction\",\"target\":{\"@type\":\"EntryPoint\",\"urlTemplate\":\"https:\\\/\\\/hunter-optics.com\\\/?s={search_term_string}\"},\"query-input\":{\"@type\":\"PropertyValueSpecification\",\"valueRequired\":true,\"valueName\":\"search_term_string\"}}],\"inLanguage\":\"es\"},{\"@type\":\"Organization\",\"@id\":\"https:\\\/\\\/hunter-optics.com\\\/#organization\",\"name\":\"Hunter Optics\",\"url\":\"https:\\\/\\\/hunter-optics.com\\\/\",\"logo\":{\"@type\":\"ImageObject\",\"inLanguage\":\"es\",\"@id\":\"https:\\\/\\\/hunter-optics.com\\\/#\\\/schema\\\/logo\\\/image\\\/\",\"url\":\"https:\\\/\\\/hunter-optics.com\\\/wp-content\\\/uploads\\\/2025\\\/06\\\/hunter-optics-logo-1.png\",\"contentUrl\":\"https:\\\/\\\/hunter-optics.com\\\/wp-content\\\/uploads\\\/2025\\\/06\\\/hunter-optics-logo-1.png\",\"width\":937,\"height\":373,\"caption\":\"Hunter Optics\"},\"image\":{\"@id\":\"https:\\\/\\\/hunter-optics.com\\\/#\\\/schema\\\/logo\\\/image\\\/\"}}]}<\/script>\n<meta property=\"product:brand\" content=\"Vortex\" \/>\n<meta property=\"product:price:amount\" content=\"439.99\" \/>\n<meta property=\"product:price:currency\" content=\"USD\" \/>\n<meta property=\"og:availability\" content=\"instock\" \/>\n<meta property=\"product:availability\" content=\"instock\" \/>\n<meta property=\"product:condition\" content=\"new\" \/>\n<!-- \/ Yoast SEO Premium plugin. -->","yoast_head_json":{"title":"Vortex VENOM\u00ae 1-6x24IR (MOA) - Hunter Optics","description":"Visor Vortex Venom 1-6x24IR MOA con ret\u00edcula iluminada, ajustes de precisi\u00f3n y construcci\u00f3n robusta. Ideal para tiro t\u00e1ctico. Comprar \u00f3ptica Vortex.","robots":{"index":"index","follow":"follow","max-snippet":"max-snippet:-1","max-image-preview":"max-image-preview:large","max-video-preview":"max-video-preview:-1"},"canonical":"https:\/\/hunter-optics.com\/es\/producto\/vortex-venom-1-6x24ir-moa\/","og_locale":"es_ES","og_type":"article","og_title":"Vortex VENOM\u00ae 1-6x24IR (MOA)","og_description":"Vortex Venom 1-6x24IR MOA rifle scope features illuminated reticle, precision adjustments & rugged construction. Ideal for tactical shooting. Shop Vortex optics.","og_url":"https:\/\/hunter-optics.com\/es\/producto\/vortex-venom-1-6x24ir-moa\/","og_site_name":"Hunter Optics","article_modified_time":"2025-08-09T10:02:56+00:00","og_image":[{"width":876,"height":876,"url":"https:\/\/hunter-optics.com\/wp-content\/uploads\/2025\/08\/Vortex-Venom-1-6x24IR-MOA.jpg","type":"image\/jpeg"}],"twitter_card":"summary_large_image","twitter_misc":{"Precio":"&#36;439.99","Disponibilidad":"Disponible"},"schema":{"@context":"https:\/\/schema.org","@graph":[{"@type":"WebPage","@id":"https:\/\/hunter-optics.com\/product\/vortex-venom-1-6x24ir-moa\/","url":"https:\/\/hunter-optics.com\/product\/vortex-venom-1-6x24ir-moa\/","name":"Vortex VENOM\u00ae 1-6x24IR (MOA) - Hunter Optics","isPartOf":{"@id":"https:\/\/hunter-optics.com\/#website"},"primaryImageOfPage":{"@id":"https:\/\/hunter-optics.com\/product\/vortex-venom-1-6x24ir-moa\/#primaryimage"},"image":{"@id":"https:\/\/hunter-optics.com\/product\/vortex-venom-1-6x24ir-moa\/#primaryimage"},"thumbnailUrl":"https:\/\/hunter-optics.com\/wp-content\/uploads\/2025\/08\/Vortex-Venom-1-6x24IR-MOA.jpg","datePublished":"2025-08-05T06:29:36+00:00","dateModified":"2025-08-09T10:02:56+00:00","description":"Visor Vortex Venom 1-6x24IR MOA con ret\u00edcula iluminada, ajustes de precisi\u00f3n y construcci\u00f3n robusta. Ideal para tiro t\u00e1ctico. Comprar \u00f3ptica Vortex.","breadcrumb":{"@id":"https:\/\/hunter-optics.com\/product\/vortex-venom-1-6x24ir-moa\/#breadcrumb"},"inLanguage":"es","potentialAction":[{"@type":"ReadAction","target":["https:\/\/hunter-optics.com\/product\/vortex-venom-1-6x24ir-moa\/"]}]},{"@type":"ImageObject","inLanguage":"es","@id":"https:\/\/hunter-optics.com\/product\/vortex-venom-1-6x24ir-moa\/#primaryimage","url":"https:\/\/hunter-optics.com\/wp-content\/uploads\/2025\/08\/Vortex-Venom-1-6x24IR-MOA.jpg","contentUrl":"https:\/\/hunter-optics.com\/wp-content\/uploads\/2025\/08\/Vortex-Venom-1-6x24IR-MOA.jpg","width":876,"height":876},{"@type":"BreadcrumbList","@id":"https:\/\/hunter-optics.com\/product\/vortex-venom-1-6x24ir-moa\/#breadcrumb","itemListElement":[{"@type":"ListItem","position":1,"name":"Home","item":"https:\/\/hunter-optics.com\/"},{"@type":"ListItem","position":2,"name":"Products","item":"https:\/\/hunter-optics.com\/shop\/"},{"@type":"ListItem","position":3,"name":"Vortex VENOM\u00ae 1-6x24IR (MOA)"}]},{"@type":"WebSite","@id":"https:\/\/hunter-optics.com\/#website","url":"https:\/\/hunter-optics.com\/","name":"\u00d3ptica Hunter","description":"Hunter Optics - Su ojo en el objetivo.","publisher":{"@id":"https:\/\/hunter-optics.com\/#organization"},"potentialAction":[{"@type":"SearchAction","target":{"@type":"EntryPoint","urlTemplate":"https:\/\/hunter-optics.com\/?s={search_term_string}"},"query-input":{"@type":"PropertyValueSpecification","valueRequired":true,"valueName":"search_term_string"}}],"inLanguage":"es"},{"@type":"Organization","@id":"https:\/\/hunter-optics.com\/#organization","name":"\u00d3ptica Hunter","url":"https:\/\/hunter-optics.com\/","logo":{"@type":"ImageObject","inLanguage":"es","@id":"https:\/\/hunter-optics.com\/#\/schema\/logo\/image\/","url":"https:\/\/hunter-optics.com\/wp-content\/uploads\/2025\/06\/hunter-optics-logo-1.png","contentUrl":"https:\/\/hunter-optics.com\/wp-content\/uploads\/2025\/06\/hunter-optics-logo-1.png","width":937,"height":373,"caption":"Hunter Optics"},"image":{"@id":"https:\/\/hunter-optics.com\/#\/schema\/logo\/image\/"}}]},"product_brand":"Vortex","product_price_amount":"439.99","product_price_currency":"USD","og_availability":"instock","product_availability":"instock","product_condition":"new"},"_links":{"self":[{"href":"https:\/\/hunter-optics.com\/es\/wp-json\/wp\/v2\/product\/1578","targetHints":{"allow":["GET"]}}],"collection":[{"href":"https:\/\/hunter-optics.com\/es\/wp-json\/wp\/v2\/product"}],"about":[{"href":"https:\/\/hunter-optics.com\/es\/wp-json\/wp\/v2\/types\/product"}],"replies":[{"embeddable":true,"href":"https:\/\/hunter-optics.com\/es\/wp-json\/wp\/v2\/comments?post=1578"}],"version-history":[{"count":5,"href":"https:\/\/hunter-optics.com\/es\/wp-json\/wp\/v2\/product\/1578\/revisions"}],"predecessor-version":[{"id":1681,"href":"https:\/\/hunter-optics.com\/es\/wp-json\/wp\/v2\/product\/1578\/revisions\/1681"}],"wp:featuredmedia":[{"embeddable":true,"href":"https:\/\/hunter-optics.com\/es\/wp-json\/wp\/v2\/media\/1580"}],"wp:attachment":[{"href":"https:\/\/hunter-optics.com\/es\/wp-json\/wp\/v2\/media?parent=1578"}],"wp:term":[{"taxonomy":"brand","embeddable":true,"href":"https:\/\/hunter-optics.com\/es\/wp-json\/wp\/v2\/etheme_brands?post=1578"},{"taxonomy":"product_brand","embeddable":true,"href":"https:\/\/hunter-optics.com\/es\/wp-json\/wp\/v2\/product_brand?post=1578"},{"taxonomy":"product_cat","embeddable":true,"href":"https:\/\/hunter-optics.com\/es\/wp-json\/wp\/v2\/product_cat?post=1578"},{"taxonomy":"product_tag","embeddable":true,"href":"https:\/\/hunter-optics.com\/es\/wp-json\/wp\/v2\/product_tag?post=1578"}],"curies":[{"name":"wp","href":"https:\/\/api.w.org\/{rel}","templated":true}]}}