{"id":1567,"date":"2025-07-31T09:31:36","date_gmt":"2025-07-31T09:31:36","guid":{"rendered":"https:\/\/hunter-optics.com\/?post_type=product&#038;p=1567"},"modified":"2025-10-11T09:22:10","modified_gmt":"2025-10-11T09:22:10","slug":"visor-de-punto-rojo-swampfox-sentinel-ultra-compact-micro","status":"publish","type":"product","link":"https:\/\/hunter-optics.com\/es\/producto\/visor-de-punto-rojo-swampfox-sentinel-ultra-compact-micro\/","title":{"rendered":"Mira de Punto Rojo Swampfox Sentinel Micro Ultra-Compacta"},"content":{"rendered":"<div class=\"celwidget aplus-module basic-module-13-text aplus-standard\" data-csa-c-id=\"q2f2ji-tav081-x21ukz-rlru7n\" data-cel-widget=\"aplus-basic-module-13-text\">\n<div class=\"a-section a-spacing-none aplus-module aplus-module-13 aplus-module-wrapper apm-fixed-width\">\n<div class=\"a-section a-spacing-none aplus-13-heading\">\n<h3 class=\"a-size-extra-large aplus-13-heading-text a-text-bold\">SIEMPRE LISTO<\/h3>\n<\/div>\n<div class=\"a-section a-spacing-none aplus-module-section aplus-text-section\">\n<p class=\"description\">Has hecho el trabajo. Has tomado las clases y has hecho los ejercicios. No s\u00f3lo disparas regularmente, sino que entrenas duro cuando lo haces. Eres a quien piden ayuda para averiguar c\u00f3mo funciona el temporizador de disparo. El tiro en seco es tu momento de meditaci\u00f3n zen, y el porte diario forma parte de tu estilo de vida.<\/p>\n<p class=\"description\">Usted est\u00e1 listo para actualizar el sistema de punter\u00eda de su arma a la \u00faltima tecnolog\u00eda disponible. Swampfox Sentinel est\u00e1 listo para usted.<\/p>\n<\/div>\n<\/div>\n<\/div>\n<div class=\"celwidget aplus-module module-2 aplus-standard\" data-csa-c-id=\"rbs0ir-u2z1il-h9xkf8-kkh1er\" data-cel-widget=\"aplus-module-2\">\n<div class=\"aplus-module-wrapper apm-floatnone apm-fixed-width\">\n<div class=\"apm-sidemodule apm-spacing\">\n<div class=\"apm-sidemodule-imageleft\"><img decoding=\"async\" class=\"\" src=\"https:\/\/m.media-amazon.com\/images\/S\/aplus-media\/sc\/54542c89-d99e-4679-8d80-9171c4237607.__CR234,0,1032,1032_PT0_SX300_V1___.jpg\" alt=\"Mundo real\" data-src=\"https:\/\/m.media-amazon.com\/images\/S\/aplus-media\/sc\/54542c89-d99e-4679-8d80-9171c4237607.__CR234,0,1032,1032_PT0_SX300_V1___.jpg\" \/><\/div>\n<div class=\"apm-sidemodule-textright\">\n<h3 class=\"a-spacing-mini\">MUNDO REAL, VENTAJA REAL<\/h3>\n<p>Las miras de punto rojo montadas en correderas est\u00e1n arrasando en el mundo de las fuerzas del orden y de la competici\u00f3n, y por una buena raz\u00f3n. Las ventajas de centrar la mira en el objetivo, un seguimiento m\u00e1s r\u00e1pido de la mira para un seguimiento m\u00e1s r\u00e1pido de los disparos y una mayor precisi\u00f3n se aplican tanto a la portaci\u00f3n oculta como al uso en servicio o competici\u00f3n. Es un verdadero aumento del rendimiento, de d\u00eda o de noche.<\/p>\n<p>Hay dos modelos de Sentinel preparados para afrontar los retos del d\u00eda a d\u00eda. Sentinel-M es la versi\u00f3n de bot\u00f3n de presi\u00f3n manual, y Sentinel-A cuenta con ajuste de brillo totalmente autom\u00e1tico.<\/p>\n<\/div>\n<\/div>\n<\/div>\n<div><\/div>\n<\/div>\n<div class=\"celwidget aplus-module module-3 aplus-standard\" data-csa-c-id=\"juuqzu-oium0l-b3uhn2-a41tru\" data-cel-widget=\"aplus-module-3\">\n<div class=\"aplus-module-wrapper apm-floatnone apm-fixed-width\">\n<div class=\"apm-sidemodule apm-spacing\">\n<div class=\"apm-sidemodule-imageright\"><img decoding=\"async\" class=\"a-spacing-mini\" src=\"https:\/\/m.media-amazon.com\/images\/S\/aplus-media\/sc\/438cbd30-e759-4f69-891f-3398f3839253.__CR250,0,1000,1000_PT0_SX300_V1___.jpg\" alt=\"Manual Autom\u00e1tico\" data-src=\"https:\/\/m.media-amazon.com\/images\/S\/aplus-media\/sc\/438cbd30-e759-4f69-891f-3398f3839253.__CR250,0,1000,1000_PT0_SX300_V1___.jpg\" \/><\/div>\n<div class=\"apm-sidemodule-textleft\">\n<h3 class=\"a-spacing-mini\">MANUAL VS. AUTOM\u00c1TICO, LA ELECCI\u00d3N ES SUYA<\/h3>\n<p>Sentinel-M cuenta con diez configuraciones de brillo de ajuste manual a las que se accede mediante pulsadores digitales. La iluminaci\u00f3n por detecci\u00f3n de movimiento Shake \u2018N Wake preserva la vida de la bater\u00eda cuando Sentinel-M ha estado inm\u00f3vil durante unos 4 minutos. En cuanto se reanuda el movimiento, Sentinel-M recupera su nivel de brillo anterior. Apague manualmente Sentinel-M pulsando durante 3 segundos el bot\u00f3n BAJAR brillo.<\/p>\n<p>Sentinel-A nunca duerme. Un sensor fotosensible en el lado izquierdo del cuerpo del visor proporciona un punto brillante en relaci\u00f3n con la luz ambiente en todas las condiciones, de d\u00eda o de noche. No hay controles manuales en absoluto, ni Shake \u2018N Wake - no hay forma de que Sentinel-A se apague accidentalmente, nunca. Instale la pila CR2032 debajo de Sentinel-A y podr\u00e1 utilizarlo durante dos a\u00f1os seguidos: no hay nada que manipular.<\/p>\n<\/div>\n<\/div>\n<\/div>\n<div><\/div>\n<\/div>\n<div class=\"celwidget aplus-module module-2 aplus-standard\" data-csa-c-id=\"8jjy7y-gvjmk6-bc20yy-ndkuda\" data-cel-widget=\"aplus-module-2\">\n<div class=\"aplus-module-wrapper apm-floatnone apm-fixed-width\">\n<div class=\"apm-sidemodule apm-spacing\">\n<div class=\"apm-sidemodule-imageleft\"><img decoding=\"async\" class=\"\" src=\"https:\/\/m.media-amazon.com\/images\/S\/aplus-media\/sc\/878d3c56-1005-4b10-9bf7-0ad2f063b772.__CR170,0,1174,1174_PT0_SX300_V1___.jpg\" alt=\"Bater\u00eda de puntos m\u00e1s brillante\" data-src=\"https:\/\/m.media-amazon.com\/images\/S\/aplus-media\/sc\/878d3c56-1005-4b10-9bf7-0ad2f063b772.__CR170,0,1174,1174_PT0_SX300_V1___.jpg\" \/><\/div>\n<div class=\"apm-sidemodule-textright\">\n<h3 class=\"a-spacing-mini\">PUNTO M\u00c1S BRILLANTE, MAYOR DURACI\u00d3N DE LA BATER\u00cdA<\/h3>\n<p>Al igual que Liberty y Justice, Sentinel utiliza un emisor de alta eficiencia que proyecta un punto rojo de 3 MOA. El ajuste m\u00e1s alto de Sentinel es m\u00e1s brillante que cualquier otro punto rojo Swampfox actual.<\/p>\n<p>No hay espacio para un sistema de bandejas robusto y resistente con un tama\u00f1o tan reducido, por lo que sustituir la bater\u00eda de Sentinel implica retirar la \u00f3ptica y, potencialmente, volver a cero.<\/p>\n<p>La buena noticia es que al eliminar el sistema de bandejas se crea espacio para utilizar una pila CR2032 m\u00e1s grande, lo que duplica efectivamente la duraci\u00f3n de la pila. Tanto si elige Sentinel-M como Sentinel-A, espere dos a\u00f1os de duraci\u00f3n de la bater\u00eda en el mundo real, incluso llevando su pistola todo el d\u00eda a diario.<\/p>\n<\/div>\n<\/div>\n<\/div>\n<div><\/div>\n<\/div>\n<div class=\"celwidget aplus-module module-3 aplus-standard\" data-csa-c-id=\"v2vfqx-i05djb-tdj468-kg4alu\" data-cel-widget=\"aplus-module-3\">\n<div class=\"aplus-module-wrapper apm-floatnone apm-fixed-width\">\n<div class=\"apm-sidemodule apm-spacing\">\n<div class=\"apm-sidemodule-imageright\"><img decoding=\"async\" class=\"a-spacing-mini\" src=\"https:\/\/m.media-amazon.com\/images\/S\/aplus-media\/sc\/b1227ee4-3a1b-40cb-8099-1bd31acb5cc1.__CR200,0,800,800_PT0_SX300_V1___.jpg\" alt=\"Fusi\u00f3n de metal y vidrio\" data-src=\"https:\/\/m.media-amazon.com\/images\/S\/aplus-media\/sc\/b1227ee4-3a1b-40cb-8099-1bd31acb5cc1.__CR200,0,800,800_PT0_SX300_V1___.jpg\" \/><\/div>\n<div class=\"apm-sidemodule-textleft\">\n<h3 class=\"a-spacing-mini\">UNA FUSI\u00d3N DE METAL Y CRISTAL<\/h3>\n<p>Otras empresas fabrican pistolas de punter\u00eda con cuerpos de pl\u00e1stico y lentes de pol\u00edmero transparente.<\/p>\n<p>No, gracias. Ese no es nuestro estilo.<\/p>\n<p>Sentinel est\u00e1 fabricado en aluminio 7075-T6 mecanizado por CNC, con revestimiento duro en negro mate, y cuenta con cristal multicoated de la misma excelente calidad que se utiliza en nuestros visores de rifle de precisi\u00f3n de largo alcance.<\/p>\n<\/div>\n<\/div>\n<\/div>\n<div><\/div>\n<\/div>\n<div class=\"celwidget aplus-module module-9 aplus-standard\" data-csa-c-id=\"am66hf-mzscfy-6gs7ni-jjckkm\" data-cel-widget=\"aplus-module-9\">\n<div class=\"aplus-module-wrapper apm-fixed-width apm-spacing\">\n<div class=\"apm-flex\">\n<div class=\"apm-flex-item-third-width\">\n<p class=\"apm-text-center\"><img decoding=\"async\" class=\"a-spacing-mini\" src=\"https:\/\/m.media-amazon.com\/images\/S\/aplus-media\/sc\/abf4e33f-69ca-4326-a4ec-cd868f4e2187.__CR250,0,1000,1000_PT0_SX300_V1___.jpg\" alt=\"\u00bfA qu\u00e9 se ajusta?\" data-src=\"https:\/\/m.media-amazon.com\/images\/S\/aplus-media\/sc\/abf4e33f-69ca-4326-a4ec-cd868f4e2187.__CR250,0,1000,1000_PT0_SX300_V1___.jpg\" \/><\/p>\n<h4 class=\"a-spacing-mini\">\u00bfPERO EN QU\u00c9 ENCAJA?<\/h4>\n<p>Sentinel es realmente peque\u00f1o. Aproximadamente una pulgada de alto, una pulgada de ancho y 1,6 pulgadas de largo. Dentro de este peque\u00f1o visor hay una ventana de 16 mm x 16 mm, lo suficientemente grande para una r\u00e1pida adquisici\u00f3n y seguimiento de la mira, y lo suficientemente peque\u00f1a para que no afecte ni un poco a la ocultabilidad.<\/p>\n<p>Sentinel se ajusta a la Sig P365XL, Springfield Hellcat OSP, Canik Elite SC, S&amp;W Shield 2.0 Optics Ready, Walther PPS M2 Optics Ready- cualquier corredera delgada con una huella RMSc incorporada, ya sea de f\u00e1brica o cortada por un armero.<\/p>\n<\/div>\n<div class=\"apm-flex-item-third-width\">\n<p class=\"apm-text-center\"><img decoding=\"async\" class=\"a-spacing-mini\" src=\"https:\/\/m.media-amazon.com\/images\/S\/aplus-media\/sc\/5d9c00ad-f104-478e-a883-e524d280610d.__CR250,0,1001,1001_PT0_SX300_V1___.jpg\" alt=\"Fiable\" data-src=\"https:\/\/m.media-amazon.com\/images\/S\/aplus-media\/sc\/5d9c00ad-f104-478e-a883-e524d280610d.__CR250,0,1001,1001_PT0_SX300_V1___.jpg\" \/><\/p>\n<h4 class=\"a-spacing-mini\">ULTRA FIABLE<\/h4>\n<p>Una \u00f3ptica de portaci\u00f3n oculta debe ser ultra fiable, porque usted est\u00e1 apostando literalmente su vida a que estar\u00e1 lista cuando se le solicite. Algunas pistolas, como la P365XL que se muestra al lado, no tienen forma de co-testear las miras de hierro una vez que se instala un punto. Si se pierde el punto, no hay otra mira.<\/p>\n<p>Sentinel es \u201csumergible\u201d cuando se instala utilizando la junta flexible incluida que encaja entre la \u00f3ptica y la huella. Tiene una resistencia a los golpes de hasta 1500 G.<\/p>\n<\/div>\n<div class=\"apm-flex-item-third-width\">\n<p class=\"apm-text-center\"><img decoding=\"async\" class=\"a-spacing-mini\" src=\"https:\/\/m.media-amazon.com\/images\/S\/aplus-media\/sc\/dca4b11c-df34-47cf-9c1a-e8cd0ba7760b.__CR154,0,1193,1193_PT0_SX300_V1___.jpg\" alt=\"Disparar 50000 rondas\" data-src=\"https:\/\/m.media-amazon.com\/images\/S\/aplus-media\/sc\/dca4b11c-df34-47cf-9c1a-e8cd0ba7760b.__CR154,0,1193,1193_PT0_SX300_V1___.jpg\" \/><\/p>\n<h4 class=\"a-spacing-mini\">VE Y DISPARA 50.000 RONDAS<\/h4>\n<p>La fortuna favorece a los preparados, \u00bfverdad? As\u00ed que sal ah\u00ed fuera y entrena duro. A medida que aumente el n\u00famero de disparos, a medida que aumente el desgaste de la funda de la pistola, a medida que cambie los muelles de retroceso y los muelles del cargador, y s\u00ed, tambi\u00e9n las bater\u00edas, Sentinel no se rendir\u00e1, y nosotros tampoco.<\/p>\n<p>Si Sentinel deja de funcionar dentro de los 50.000 disparos de fuego real, Swampfox lo reparar\u00e1 o reemplazar\u00e1 r\u00e1pidamente. Ese es nuestro c\u00f3digo. Esa es nuestra palabra.<\/p>\n<\/div>\n<\/div>\n<\/div>\n<div><\/div>\n<\/div>\n<div class=\"celwidget aplus-module module-16-tech-specs aplus-standard\" data-csa-c-id=\"lx1z06-7ouehe-wicqj9-b3948p\" data-cel-widget=\"aplus-module-16-tech-specs\">\n<div class=\"a-section a-spacing-large aplus-module-wrapper apm-fixed-width aplus-index-6\">\n<h3 class=\"a-size-extra-large a-spacing-base a-text-center\">Especificaciones<\/h3>\n<div class=\"a-row\">\n<div class=\"a-column a-span12 aplus-tech-spec-hide-loading\">\n<table class=\"a-bordered a-horizontal-stripes aplus-tech-spec-table\">\n<tbody>\n<tr>\n<td class=\"a-text-bold\">Ajuste MOA<\/td>\n<td>Marque<\/td>\n<\/tr>\n<tr>\n<td class=\"a-text-bold\">Tama\u00f1o del punto<\/td>\n<td>3 MOA<\/td>\n<\/tr>\n<tr>\n<td class=\"a-text-bold\">Aumento\/Di\u00e1metro del objetivo<\/td>\n<td>1x; 16mm<\/td>\n<\/tr>\n<tr>\n<td class=\"a-text-bold\">Posiciones de iluminaci\u00f3n<\/td>\n<td>Centinela-M: 10; Centinela-A: Ajuste continuo<\/td>\n<\/tr>\n<tr>\n<td class=\"a-text-bold\">Ajustes de brillo<\/td>\n<td>Centinela-M: Prensa digital arriba\/abajo; Centinela-A: Sensor fotosensible<\/td>\n<\/tr>\n<tr>\n<td class=\"a-text-bold\">Fuerzas G a prueba de golpes<\/td>\n<td>1500Gs<\/td>\n<\/tr>\n<tr>\n<td class=\"a-text-bold\">Impermeable<\/td>\n<td>1 metro\/ IPX7<\/td>\n<\/tr>\n<tr>\n<td class=\"a-text-bold\">Bater\u00eda<\/td>\n<td>Tipo de pila: CR 2032; Duraci\u00f3n m\u00e1xima de la bater\u00eda: Aproximadamente 2 a\u00f1os en condiciones reales<\/td>\n<\/tr>\n<tr>\n<td class=\"a-text-bold\">Dimensiones<\/td>\n<td>Longitud: 1,61\u2033; Anchura: 0,91\u2033; Altura: 0,94\u2033.<\/td>\n<\/tr>\n<tr>\n<td class=\"a-text-bold\">Peso<\/td>\n<td>0,62 oz<\/td>\n<\/tr>\n<tr>\n<td class=\"a-text-bold\">Lente<\/td>\n<td>Rojo rub\u00ed multicapa; Recubrimientos especiales: Antivaho, hidr\u00f3fobo, antirrayado<\/td>\n<\/tr>\n<tr>\n<td class=\"a-text-bold\">Parallax<\/td>\n<td>Paralaje libre a 100 yardas<\/td>\n<\/tr>\n<tr>\n<td class=\"a-text-bold\">Alivio ocular<\/td>\n<td>Sin l\u00edmites<\/td>\n<\/tr>\n<tr>\n<td class=\"a-text-bold\">Tipo de montaje<\/td>\n<td>Huella RMSc<\/td>\n<\/tr>\n<tr>\n<td class=\"a-text-bold\">Chasis<\/td>\n<td>Aluminio 7075 de calidad aeron\u00e1utica<\/td>\n<\/tr>\n<tr>\n<td class=\"a-text-bold\">Viento\/Elevaci\u00f3n<\/td>\n<td>Rango de Movimiento Viento\/Elevaci\u00f3n (MOA): +\/- 35 MOA\/ Alcance total 70 MOA<\/td>\n<\/tr>\n<\/tbody>\n<\/table>\n<\/div>\n<\/div>\n<\/div>\n<\/div>","protected":false},"excerpt":{"rendered":"<p>SIEMPRE LISTO Has hecho el trabajo. Has tomado las clases y realizado los ejercicios. No s\u00f3lo disparas con regularidad, sino que entrenas duro cuando<\/p>","protected":false},"featured_media":1568,"comment_status":"open","ping_status":"closed","template":"","meta":[],"etheme_brands":[{"term_id":53,"name":"Swampfox","slug":"swampfox","term_group":0,"term_taxonomy_id":53,"taxonomy":"brand","description":"","parent":0,"count":1,"filter":"raw"}],"product_brand":[],"product_cat":[50],"product_tag":[],"class_list":{"0":"post-1567","1":"product","2":"type-product","3":"status-publish","4":"has-post-thumbnail","6":"brand-swampfox","7":"product_cat-red-dot-sights","9":"first","10":"instock","11":"sale","12":"taxable","13":"shipping-taxable","14":"purchasable","15":"product-type-simple"},"yoast_head":"<!-- This site is optimized with the Yoast SEO Premium plugin v25.7.1 (Yoast SEO v27.4) - https:\/\/yoast.com\/product\/yoast-seo-premium-wordpress\/ -->\n<title>Swampfox Sentinel Ultra-Compact Micro Red Dot Sight - Hunter Optics<\/title>\n<meta name=\"robots\" content=\"index, follow, max-snippet:-1, max-image-preview:large, max-video-preview:-1\" \/>\n<link rel=\"canonical\" href=\"https:\/\/hunter-optics.com\/es\/producto\/visor-de-punto-rojo-swampfox-sentinel-ultra-compact-micro\/\" \/>\n<meta property=\"og:locale\" content=\"es_ES\" \/>\n<meta property=\"og:type\" content=\"article\" \/>\n<meta property=\"og:title\" content=\"Swampfox Sentinel Ultra-Compact Micro Red Dot Sight\" \/>\n<meta property=\"og:description\" content=\"ALWAYS READY\u200b You\u2019ve done the work. You\u2019ve taken the classes and run the drills. You don\u2019t just shoot on the regular, you train hard when\" \/>\n<meta property=\"og:url\" content=\"https:\/\/hunter-optics.com\/es\/producto\/visor-de-punto-rojo-swampfox-sentinel-ultra-compact-micro\/\" \/>\n<meta property=\"og:site_name\" content=\"Hunter Optics\" \/>\n<meta property=\"article:modified_time\" content=\"2025-10-11T09:22:10+00:00\" \/>\n<meta property=\"og:image\" content=\"https:\/\/hunter-optics.com\/wp-content\/uploads\/2025\/07\/Swampfox-Sentinel-Ultra-Compact-Micro-Red-Dot-Sight.jpg\" \/>\n\t<meta property=\"og:image:width\" content=\"876\" \/>\n\t<meta property=\"og:image:height\" content=\"876\" \/>\n\t<meta property=\"og:image:type\" content=\"image\/jpeg\" \/>\n<meta name=\"twitter:card\" content=\"summary_large_image\" \/>\n<meta name=\"twitter:label1\" content=\"Precio\" \/>\n\t<meta name=\"twitter:data1\" content=\"&#036;119.99\" \/>\n\t<meta name=\"twitter:label2\" content=\"Disponibilidad\" \/>\n\t<meta name=\"twitter:data2\" content=\"Disponible\" \/>\n<script type=\"application\/ld+json\" class=\"yoast-schema-graph\">{\"@context\":\"https:\\\/\\\/schema.org\",\"@graph\":[{\"@type\":\"WebPage\",\"@id\":\"https:\\\/\\\/hunter-optics.com\\\/product\\\/swampfox-sentinel-ultra-compact-micro-red-dot-sight\\\/\",\"url\":\"https:\\\/\\\/hunter-optics.com\\\/product\\\/swampfox-sentinel-ultra-compact-micro-red-dot-sight\\\/\",\"name\":\"Swampfox Sentinel Ultra-Compact Micro Red Dot Sight - Hunter Optics\",\"isPartOf\":{\"@id\":\"https:\\\/\\\/hunter-optics.com\\\/#website\"},\"primaryImageOfPage\":{\"@id\":\"https:\\\/\\\/hunter-optics.com\\\/product\\\/swampfox-sentinel-ultra-compact-micro-red-dot-sight\\\/#primaryimage\"},\"image\":{\"@id\":\"https:\\\/\\\/hunter-optics.com\\\/product\\\/swampfox-sentinel-ultra-compact-micro-red-dot-sight\\\/#primaryimage\"},\"thumbnailUrl\":\"https:\\\/\\\/hunter-optics.com\\\/wp-content\\\/uploads\\\/2025\\\/07\\\/Swampfox-Sentinel-Ultra-Compact-Micro-Red-Dot-Sight.jpg\",\"datePublished\":\"2025-07-31T09:31:36+00:00\",\"dateModified\":\"2025-10-11T09:22:10+00:00\",\"breadcrumb\":{\"@id\":\"https:\\\/\\\/hunter-optics.com\\\/product\\\/swampfox-sentinel-ultra-compact-micro-red-dot-sight\\\/#breadcrumb\"},\"inLanguage\":\"es\",\"potentialAction\":[{\"@type\":\"ReadAction\",\"target\":[\"https:\\\/\\\/hunter-optics.com\\\/product\\\/swampfox-sentinel-ultra-compact-micro-red-dot-sight\\\/\"]}]},{\"@type\":\"ImageObject\",\"inLanguage\":\"es\",\"@id\":\"https:\\\/\\\/hunter-optics.com\\\/product\\\/swampfox-sentinel-ultra-compact-micro-red-dot-sight\\\/#primaryimage\",\"url\":\"https:\\\/\\\/hunter-optics.com\\\/wp-content\\\/uploads\\\/2025\\\/07\\\/Swampfox-Sentinel-Ultra-Compact-Micro-Red-Dot-Sight.jpg\",\"contentUrl\":\"https:\\\/\\\/hunter-optics.com\\\/wp-content\\\/uploads\\\/2025\\\/07\\\/Swampfox-Sentinel-Ultra-Compact-Micro-Red-Dot-Sight.jpg\",\"width\":876,\"height\":876},{\"@type\":\"BreadcrumbList\",\"@id\":\"https:\\\/\\\/hunter-optics.com\\\/product\\\/swampfox-sentinel-ultra-compact-micro-red-dot-sight\\\/#breadcrumb\",\"itemListElement\":[{\"@type\":\"ListItem\",\"position\":1,\"name\":\"Home\",\"item\":\"https:\\\/\\\/hunter-optics.com\\\/\"},{\"@type\":\"ListItem\",\"position\":2,\"name\":\"Products\",\"item\":\"https:\\\/\\\/hunter-optics.com\\\/shop\\\/\"},{\"@type\":\"ListItem\",\"position\":3,\"name\":\"Swampfox Sentinel Ultra-Compact Micro Red Dot Sight\"}]},{\"@type\":\"WebSite\",\"@id\":\"https:\\\/\\\/hunter-optics.com\\\/#website\",\"url\":\"https:\\\/\\\/hunter-optics.com\\\/\",\"name\":\"Hunter Optics\",\"description\":\"Hunter Optics \u2014 Your Eye on the Target.\",\"publisher\":{\"@id\":\"https:\\\/\\\/hunter-optics.com\\\/#organization\"},\"potentialAction\":[{\"@type\":\"SearchAction\",\"target\":{\"@type\":\"EntryPoint\",\"urlTemplate\":\"https:\\\/\\\/hunter-optics.com\\\/?s={search_term_string}\"},\"query-input\":{\"@type\":\"PropertyValueSpecification\",\"valueRequired\":true,\"valueName\":\"search_term_string\"}}],\"inLanguage\":\"es\"},{\"@type\":\"Organization\",\"@id\":\"https:\\\/\\\/hunter-optics.com\\\/#organization\",\"name\":\"Hunter Optics\",\"url\":\"https:\\\/\\\/hunter-optics.com\\\/\",\"logo\":{\"@type\":\"ImageObject\",\"inLanguage\":\"es\",\"@id\":\"https:\\\/\\\/hunter-optics.com\\\/#\\\/schema\\\/logo\\\/image\\\/\",\"url\":\"https:\\\/\\\/hunter-optics.com\\\/wp-content\\\/uploads\\\/2025\\\/06\\\/hunter-optics-logo-1.png\",\"contentUrl\":\"https:\\\/\\\/hunter-optics.com\\\/wp-content\\\/uploads\\\/2025\\\/06\\\/hunter-optics-logo-1.png\",\"width\":937,\"height\":373,\"caption\":\"Hunter Optics\"},\"image\":{\"@id\":\"https:\\\/\\\/hunter-optics.com\\\/#\\\/schema\\\/logo\\\/image\\\/\"}}]}<\/script>\n<meta property=\"product:brand\" content=\"Swampfox\" \/>\n<meta property=\"product:price:amount\" content=\"119.99\" \/>\n<meta property=\"product:price:currency\" content=\"USD\" \/>\n<meta property=\"og:availability\" content=\"instock\" \/>\n<meta property=\"product:availability\" content=\"instock\" \/>\n<meta property=\"product:condition\" content=\"new\" \/>\n<!-- \/ Yoast SEO Premium plugin. -->","yoast_head_json":{"title":"Mira de Punto Rojo Swampfox Sentinel Micro Ultra-Compacta - Hunter Optics","robots":{"index":"index","follow":"follow","max-snippet":"max-snippet:-1","max-image-preview":"max-image-preview:large","max-video-preview":"max-video-preview:-1"},"canonical":"https:\/\/hunter-optics.com\/es\/producto\/visor-de-punto-rojo-swampfox-sentinel-ultra-compact-micro\/","og_locale":"es_ES","og_type":"article","og_title":"Swampfox Sentinel Ultra-Compact Micro Red Dot Sight","og_description":"ALWAYS READY\u200b You\u2019ve done the work. You\u2019ve taken the classes and run the drills. You don\u2019t just shoot on the regular, you train hard when","og_url":"https:\/\/hunter-optics.com\/es\/producto\/visor-de-punto-rojo-swampfox-sentinel-ultra-compact-micro\/","og_site_name":"Hunter Optics","article_modified_time":"2025-10-11T09:22:10+00:00","og_image":[{"width":876,"height":876,"url":"https:\/\/hunter-optics.com\/wp-content\/uploads\/2025\/07\/Swampfox-Sentinel-Ultra-Compact-Micro-Red-Dot-Sight.jpg","type":"image\/jpeg"}],"twitter_card":"summary_large_image","twitter_misc":{"Precio":"&#36;119.99","Disponibilidad":"Disponible"},"schema":{"@context":"https:\/\/schema.org","@graph":[{"@type":"WebPage","@id":"https:\/\/hunter-optics.com\/product\/swampfox-sentinel-ultra-compact-micro-red-dot-sight\/","url":"https:\/\/hunter-optics.com\/product\/swampfox-sentinel-ultra-compact-micro-red-dot-sight\/","name":"Mira de Punto Rojo Swampfox Sentinel Micro Ultra-Compacta - Hunter Optics","isPartOf":{"@id":"https:\/\/hunter-optics.com\/#website"},"primaryImageOfPage":{"@id":"https:\/\/hunter-optics.com\/product\/swampfox-sentinel-ultra-compact-micro-red-dot-sight\/#primaryimage"},"image":{"@id":"https:\/\/hunter-optics.com\/product\/swampfox-sentinel-ultra-compact-micro-red-dot-sight\/#primaryimage"},"thumbnailUrl":"https:\/\/hunter-optics.com\/wp-content\/uploads\/2025\/07\/Swampfox-Sentinel-Ultra-Compact-Micro-Red-Dot-Sight.jpg","datePublished":"2025-07-31T09:31:36+00:00","dateModified":"2025-10-11T09:22:10+00:00","breadcrumb":{"@id":"https:\/\/hunter-optics.com\/product\/swampfox-sentinel-ultra-compact-micro-red-dot-sight\/#breadcrumb"},"inLanguage":"es","potentialAction":[{"@type":"ReadAction","target":["https:\/\/hunter-optics.com\/product\/swampfox-sentinel-ultra-compact-micro-red-dot-sight\/"]}]},{"@type":"ImageObject","inLanguage":"es","@id":"https:\/\/hunter-optics.com\/product\/swampfox-sentinel-ultra-compact-micro-red-dot-sight\/#primaryimage","url":"https:\/\/hunter-optics.com\/wp-content\/uploads\/2025\/07\/Swampfox-Sentinel-Ultra-Compact-Micro-Red-Dot-Sight.jpg","contentUrl":"https:\/\/hunter-optics.com\/wp-content\/uploads\/2025\/07\/Swampfox-Sentinel-Ultra-Compact-Micro-Red-Dot-Sight.jpg","width":876,"height":876},{"@type":"BreadcrumbList","@id":"https:\/\/hunter-optics.com\/product\/swampfox-sentinel-ultra-compact-micro-red-dot-sight\/#breadcrumb","itemListElement":[{"@type":"ListItem","position":1,"name":"Home","item":"https:\/\/hunter-optics.com\/"},{"@type":"ListItem","position":2,"name":"Products","item":"https:\/\/hunter-optics.com\/shop\/"},{"@type":"ListItem","position":3,"name":"Swampfox Sentinel Ultra-Compact Micro Red Dot Sight"}]},{"@type":"WebSite","@id":"https:\/\/hunter-optics.com\/#website","url":"https:\/\/hunter-optics.com\/","name":"\u00d3ptica Hunter","description":"Hunter Optics - Su ojo en el objetivo.","publisher":{"@id":"https:\/\/hunter-optics.com\/#organization"},"potentialAction":[{"@type":"SearchAction","target":{"@type":"EntryPoint","urlTemplate":"https:\/\/hunter-optics.com\/?s={search_term_string}"},"query-input":{"@type":"PropertyValueSpecification","valueRequired":true,"valueName":"search_term_string"}}],"inLanguage":"es"},{"@type":"Organization","@id":"https:\/\/hunter-optics.com\/#organization","name":"\u00d3ptica Hunter","url":"https:\/\/hunter-optics.com\/","logo":{"@type":"ImageObject","inLanguage":"es","@id":"https:\/\/hunter-optics.com\/#\/schema\/logo\/image\/","url":"https:\/\/hunter-optics.com\/wp-content\/uploads\/2025\/06\/hunter-optics-logo-1.png","contentUrl":"https:\/\/hunter-optics.com\/wp-content\/uploads\/2025\/06\/hunter-optics-logo-1.png","width":937,"height":373,"caption":"Hunter Optics"},"image":{"@id":"https:\/\/hunter-optics.com\/#\/schema\/logo\/image\/"}}]},"product_brand":"Swampfox","product_price_amount":"119.99","product_price_currency":"USD","og_availability":"instock","product_availability":"instock","product_condition":"new"},"_links":{"self":[{"href":"https:\/\/hunter-optics.com\/es\/wp-json\/wp\/v2\/product\/1567","targetHints":{"allow":["GET"]}}],"collection":[{"href":"https:\/\/hunter-optics.com\/es\/wp-json\/wp\/v2\/product"}],"about":[{"href":"https:\/\/hunter-optics.com\/es\/wp-json\/wp\/v2\/types\/product"}],"replies":[{"embeddable":true,"href":"https:\/\/hunter-optics.com\/es\/wp-json\/wp\/v2\/comments?post=1567"}],"version-history":[{"count":1,"href":"https:\/\/hunter-optics.com\/es\/wp-json\/wp\/v2\/product\/1567\/revisions"}],"predecessor-version":[{"id":1569,"href":"https:\/\/hunter-optics.com\/es\/wp-json\/wp\/v2\/product\/1567\/revisions\/1569"}],"wp:featuredmedia":[{"embeddable":true,"href":"https:\/\/hunter-optics.com\/es\/wp-json\/wp\/v2\/media\/1568"}],"wp:attachment":[{"href":"https:\/\/hunter-optics.com\/es\/wp-json\/wp\/v2\/media?parent=1567"}],"wp:term":[{"taxonomy":"brand","embeddable":true,"href":"https:\/\/hunter-optics.com\/es\/wp-json\/wp\/v2\/etheme_brands?post=1567"},{"taxonomy":"product_brand","embeddable":true,"href":"https:\/\/hunter-optics.com\/es\/wp-json\/wp\/v2\/product_brand?post=1567"},{"taxonomy":"product_cat","embeddable":true,"href":"https:\/\/hunter-optics.com\/es\/wp-json\/wp\/v2\/product_cat?post=1567"},{"taxonomy":"product_tag","embeddable":true,"href":"https:\/\/hunter-optics.com\/es\/wp-json\/wp\/v2\/product_tag?post=1567"}],"curies":[{"name":"wp","href":"https:\/\/api.w.org\/{rel}","templated":true}]}}