{"id":1542,"date":"2025-07-31T08:41:23","date_gmt":"2025-07-31T08:41:23","guid":{"rendered":"https:\/\/hunter-optics.com\/?post_type=product&#038;p=1542"},"modified":"2025-10-11T08:58:47","modified_gmt":"2025-10-11T08:58:47","slug":"mira-de-punto-rojo-riton-3-tactix-prd","status":"publish","type":"product","link":"https:\/\/hunter-optics.com\/es\/producto\/mira-de-punto-rojo-riton-3-tactix-prd\/","title":{"rendered":"Mira de punto rojo Riton 3 Tactix PRD"},"content":{"rendered":"<div id=\"brxe-uenhta\" class=\"brxe-text prod-video__txt\">\n<p><strong>RET\u00cdCULAS VERS\u00c1TILES<\/strong><\/p>\n<p>En <strong>3 Tactix MPRD 3<\/strong> tiene tres opciones de ret\u00edcula, que le ofrecen la presentaci\u00f3n de puntos que mejor se adapta a su estilo de tiro. Puede elegir entre el cl\u00e1sico punto \u00fanico, un c\u00edrculo o un punto dentro de un c\u00edrculo. Ambas unidades guardan sus preferencias de ret\u00edcula y brillo para que pueda apuntar con familiaridad. En caso de que necesite protegerse, puede estar seguro de que su punto ser\u00e1 fiable y estar\u00e1 listo en cualquier momento.<\/p>\n<div id=\"brxe-pogdbu\" class=\"brxe-container prod-colmns\">\n<div id=\"brxe-ywglqp\" class=\"brxe-text prod-column__txt\">\n<p><strong>LA \u00d3PTICA ADECUADA PARA SU PLATAFORMA<\/strong><\/p>\n<p>En <strong>3 Tactix MPRD 3<\/strong> se ha dise\u00f1ado para adaptarse al mayor n\u00famero posible de plataformas. Con tantos modelos y \u00f3pticas en el mercado, queremos que la elecci\u00f3n sea clara. Para aquellas pistolas de tama\u00f1o normal con la huella RMR, el 3 TACTIX PRD 3 se montar\u00e1 directamente en ese recorte de la corredera, mientras que el MPRD est\u00e1 dise\u00f1ado para ser utilizado con la huella RMSc m\u00e1s com\u00fanmente encontrada en plataformas compactas y subcompactas. Ambos vienen con un adaptador de carril pic para permitir su montaje en una escopeta u otra arma larga con una opci\u00f3n de carril pic.<\/p>\n<p><strong>TECNOLOG\u00cdA DE DETECCI\u00d3N DEL MOVIMIENTO<\/strong><\/p>\n<p>El Rit\u00f3n <strong>3 Tactix MPRD 3<\/strong> incorpora una tecnolog\u00eda que detecta el movimiento y activa la \u00f3ptica con s\u00f3lo apuntar al objetivo. Esto le permite apuntar m\u00e1s r\u00e1pido sin la molestia de tener que dar m\u00e1s pasos mientras desenfunda el arma. Tambi\u00e9n proporciona un rendimiento y una duraci\u00f3n \u00f3ptimos de la bater\u00eda con un apagado autom\u00e1tico cuando no se utiliza.<\/p>\n<p><strong>BRILLO AJUSTABLE<\/strong><\/p>\n<p>La 3 Tactix MPRD 3 dispone de diez niveles de luminosidad para ajustarse a sus condiciones de disparo. Adem\u00e1s, los niveles uno y dos son compatibles con la tecnolog\u00eda de visi\u00f3n nocturna. Los ajustes se realizan mediante los dos botones situados en el lado izquierdo de la unidad. Estos botones tienen el tama\u00f1o perfecto para cambiar r\u00e1pidamente el nivel de brillo, incluso con guantes. Desde poca luz hasta condiciones extremas de luz diurna, la adaptabilidad es crucial, con un amplio rango de ajustabilidad el 3 Tactix MPRD te cubrir\u00e1 en cualquier condici\u00f3n.<\/p>\n<div id=\"brxe-pzrzqi\" class=\"brxe-block prod-ret-info\">\n<h3 id=\"brxe-ztlivr\" class=\"brxe-heading prod-tabs__title\">Informaci\u00f3n del ret\u00edculo:<\/h3>\n<p id=\"brxe-grjall\" class=\"brxe-text-basic prod-reticle-name\">RETIL: Punto 3 MOA + C\u00edrculo 30 MOA<\/p>\n<div id=\"brxe-rkyybx\" class=\"brxe-text-basic prod-ret__txt\">\n<p>En <strong>Punto 3 MOA<\/strong> garantiza una punter\u00eda exacta para disparos precisos, mientras que el c\u00edrculo de 30 MOA facilita una r\u00e1pida adquisici\u00f3n del blanco a corta distancia. Como usuario, puedes elegir lo que m\u00e1s te convenga en diferentes situaciones de tiro.<\/p>\n<div id=\"brxe-abuzoo\" class=\"brxe-block x-tabs_panel x-tabs_panel-current\" tabindex=\"0\" role=\"tabpanel\" aria-labelledby=\"brxe-amrphz\">\n<div id=\"brxe-ohplhw\" class=\"brxe-block x-tabs_panel-content\">\n<h3 id=\"brxe-qcmket\" class=\"brxe-heading prod-tabs__title\">Caracter\u00edsticas principales:<\/h3>\n<div id=\"brxe-pnyzeh\" class=\"brxe-block prod-tab-feature\">\n<div class=\"brxe-xfsvub brxe-block prod-tab-key-loop\"><img loading=\"lazy\" decoding=\"async\" class=\"brxe-rtihxw brxe-image prod-feature__icon css-filter size-full\" src=\"https:\/\/ritonoptics.com\/wp-content\/uploads\/precision-quality-1.png\" alt=\"\" width=\"72\" height=\"74\" \/><\/p>\n<div class=\"brxe-anynyj brxe-div\">\n<p class=\"brxe-abizyp brxe-text-basic prod-feature__title\">Garant\u00eda de calidad de precisi\u00f3n<\/p>\n<p class=\"brxe-lprtvs brxe-text-basic prod-feature__txt\">Cada producto Riton pasa por un riguroso proceso de control de calidad por t\u00e9cnicos certificados en Tucson, AZ. Cada producto que usted recibe ha sido sometido a...<\/p>\n<\/div>\n<\/div>\n<div class=\"brxe-xfsvub brxe-block prod-tab-key-loop\"><img loading=\"lazy\" decoding=\"async\" class=\"brxe-rtihxw brxe-image prod-feature__icon css-filter size-full\" src=\"https:\/\/ritonoptics.com\/wp-content\/uploads\/hd-glass-1.png\" alt=\"\" width=\"72\" height=\"74\" \/><\/p>\n<div class=\"brxe-anynyj brxe-div\">\n<p class=\"brxe-abizyp brxe-text-basic prod-feature__title\">Vidrio Riton HD<\/p>\n<p class=\"brxe-lprtvs brxe-text-basic prod-feature__txt\">El cristal Riton High Density (HD) ofrece una transmisi\u00f3n de la luz de 99,5% para una mayor claridad y una visi\u00f3n \u00f3ptima.<\/p>\n<\/div>\n<\/div>\n<div class=\"brxe-xfsvub brxe-block prod-tab-key-loop\"><img loading=\"lazy\" decoding=\"async\" class=\"brxe-rtihxw brxe-image prod-feature__icon css-filter size-full\" src=\"https:\/\/ritonoptics.com\/wp-content\/uploads\/performance-coating-1.png\" alt=\"\" width=\"72\" height=\"74\" \/><\/p>\n<div class=\"brxe-anynyj brxe-div\">\n<p class=\"brxe-abizyp brxe-text-basic prod-feature__title\">Revestimiento de alto rendimiento Riton<\/p>\n<p class=\"brxe-lprtvs brxe-text-basic prod-feature__txt\">Todas las \u00f3pticas Riton, que incorporan lentes patentadas con revestimiento m\u00faltiple, incorporan un sistema de mejora de la luminosidad,...<\/p>\n<div id=\"brxe-gtdyre\" class=\"brxe-block x-tabs_panel x-tabs_panel-current\" tabindex=\"0\" role=\"tabpanel\" aria-labelledby=\"brxe-yxbhdb\">\n<div id=\"brxe-eknisj\" class=\"brxe-block x-tabs_panel-content\">\n<h3 id=\"brxe-qzyxzy\" class=\"brxe-heading prod-tabs__title\">Especificaciones completas:<\/h3>\n<div class=\"brxe-zlpnap brxe-block prod-tab-spec-loop\">\n<p class=\"brxe-ibnnrs brxe-text-basic tab-spec__value\">Aumento:1<\/p>\n<\/div>\n<div class=\"brxe-zlpnap brxe-block prod-tab-spec-loop\">\n<p class=\"brxe-ibnnrs brxe-text-basic tab-spec__value\">Di\u00e1metro del objetivo:21 mm x 16,4 mm<\/p>\n<\/div>\n<div class=\"brxe-zlpnap brxe-block prod-tab-spec-loop\">\n<p class=\"brxe-ibnnrs brxe-text-basic tab-spec__value\">Alivio ocular:Ilimitado<\/p>\n<\/div>\n<div class=\"brxe-zlpnap brxe-block prod-tab-spec-loop\">\n<p class=\"brxe-ibnnrs brxe-text-basic tab-spec__value\">Valor de clic:1 MOA<\/p>\n<\/div>\n<div class=\"brxe-zlpnap brxe-block prod-tab-spec-loop\">\n<p class=\"brxe-ibnnrs brxe-text-basic tab-spec__value\">Rango de ajuste:45 MOA<\/p>\n<\/div>\n<div class=\"brxe-zlpnap brxe-block prod-tab-spec-loop\">\n<p class=\"brxe-ibnnrs brxe-text-basic tab-spec__value\">Ret\u00edcula:Punto 3 MOA + C\u00edrculo 30 MOA<\/p>\n<\/div>\n<div class=\"brxe-zlpnap brxe-block prod-tab-spec-loop\">\n<p class=\"brxe-ibnnrs brxe-text-basic tab-spec__value\">Altura:1.02in\/26mm<\/p>\n<\/div>\n<div class=\"brxe-zlpnap brxe-block prod-tab-spec-loop\">\n<p class=\"brxe-ibnnrs brxe-text-basic tab-spec__value\">Longitud:1.64in\/41.6mm<\/p>\n<\/div>\n<div class=\"brxe-zlpnap brxe-block prod-tab-spec-loop\">\n<p class=\"brxe-ibnnrs brxe-text-basic tab-spec__value\">Anchura:1.02in\/25.8mm<\/p>\n<\/div>\n<div class=\"brxe-zlpnap brxe-block prod-tab-spec-loop\">\n<p class=\"brxe-ibnnrs brxe-text-basic tab-spec__value\">Peso:0.96oz\/27.2g<\/p>\n<\/div>\n<div class=\"brxe-zlpnap brxe-block prod-tab-spec-loop\">\n<p class=\"brxe-ibnnrs brxe-text-basic tab-spec__value\">Material: aleaci\u00f3n de aluminio 7075<\/p>\n<\/div>\n<div class=\"brxe-zlpnap brxe-block prod-tab-spec-loop\">\n<p class=\"brxe-ibnnrs brxe-text-basic tab-spec__value\">Huella:RMSc<\/p>\n<\/div>\n<div class=\"brxe-zlpnap brxe-block prod-tab-spec-loop\">\n<p class=\"brxe-ibnnrs brxe-text-basic tab-spec__value\">Pila:CR1632<\/p>\n<\/div>\n<div class=\"brxe-zlpnap brxe-block prod-tab-spec-loop\">\n<p class=\"brxe-ibnnrs brxe-text-basic tab-spec__value\">Duraci\u00f3n de la bater\u00eda:50.000 horas<\/p>\n<\/div>\n<div class=\"brxe-zlpnap brxe-block prod-tab-spec-loop\">\n<p class=\"brxe-ibnnrs brxe-text-basic tab-spec__value\">\u00cdndice de impermeabilidad:IPX67<\/p>\n<\/div>\n<div class=\"brxe-zlpnap brxe-block prod-tab-spec-loop\">\n<p class=\"brxe-ibnnrs brxe-text-basic tab-spec__value\">Accesorios incluidos: Llave Allen, bater\u00eda 1632, herramienta de punto rojo, pa\u00f1o para el objetivo, adaptador de carril Pic, tornillos de montaje.<\/p>\n<\/div>\n<\/div>\n<\/div>\n<\/div>\n<\/div>\n<\/div>\n<\/div>\n<\/div>\n<\/div>\n<\/div>\n<\/div>\n<\/div>\n<\/div>","protected":false},"excerpt":{"rendered":"<p>En <strong>3 Tactix MPRD 3 (punto rojo para micropistolas)<\/strong>, se centran en el rendimiento y la fiabilidad para el uso diario. El capuch\u00f3n integrado protege el cristal del punto de la abrasi\u00f3n, los impactos y la luz solar, garantizando que su punto permanezca visible sin importar los obst\u00e1culos. Con tres opciones de ret\u00edcula iluminada en rojo para elegir, puede ajustar el punto a sus preferencias personales. Disfrute de 50.000 horas de duraci\u00f3n de la bater\u00eda y de la simplicidad de una bandeja de bater\u00eda de carga lateral que no requiere desmontar la \u00f3ptica para mantenerla encendida.<\/p>","protected":false},"featured_media":1557,"comment_status":"open","ping_status":"closed","template":"","meta":[],"etheme_brands":[{"term_id":44,"name":"Riton","slug":"riton","term_group":0,"term_taxonomy_id":44,"taxonomy":"brand","description":"","parent":0,"count":18,"filter":"raw"}],"product_brand":[],"product_cat":[50],"product_tag":[],"class_list":{"0":"post-1542","1":"product","2":"type-product","3":"status-publish","4":"has-post-thumbnail","6":"brand-riton","7":"product_cat-red-dot-sights","9":"first","10":"instock","11":"sale","12":"taxable","13":"shipping-taxable","14":"purchasable","15":"product-type-simple"},"yoast_head":"<!-- This site is optimized with the Yoast SEO Premium plugin v25.7.1 (Yoast SEO v27.4) - https:\/\/yoast.com\/product\/yoast-seo-premium-wordpress\/ -->\n<title>Riton 3 Tactix PRD Red Dot Sight - Hunter Optics<\/title>\n<meta name=\"description\" content=\"Riton 3 Tactix PRD red dot sight delivers rapid target acquisition with an illuminated dot. Features aircraft-grade aluminum construction &amp; HD glass clarity. Shop now.\" \/>\n<meta name=\"robots\" content=\"index, follow, max-snippet:-1, max-image-preview:large, max-video-preview:-1\" \/>\n<link rel=\"canonical\" href=\"https:\/\/hunter-optics.com\/es\/producto\/mira-de-punto-rojo-riton-3-tactix-prd\/\" \/>\n<meta property=\"og:locale\" content=\"es_ES\" \/>\n<meta property=\"og:type\" content=\"article\" \/>\n<meta property=\"og:title\" content=\"Riton 3 Tactix PRD Red Dot Sight\" \/>\n<meta property=\"og:description\" content=\"Riton 3 Tactix PRD red dot sight delivers rapid target acquisition with an illuminated dot. Features aircraft-grade aluminum construction &amp; HD glass clarity. Shop now.\" \/>\n<meta property=\"og:url\" content=\"https:\/\/hunter-optics.com\/es\/producto\/mira-de-punto-rojo-riton-3-tactix-prd\/\" \/>\n<meta property=\"og:site_name\" content=\"Hunter Optics\" \/>\n<meta property=\"article:modified_time\" content=\"2025-10-11T08:58:47+00:00\" \/>\n<meta property=\"og:image\" content=\"https:\/\/hunter-optics.com\/wp-content\/uploads\/2025\/07\/3-Tactix-MPRD-3.webp\" \/>\n\t<meta property=\"og:image:width\" content=\"876\" \/>\n\t<meta property=\"og:image:height\" content=\"876\" \/>\n\t<meta property=\"og:image:type\" content=\"image\/webp\" \/>\n<meta name=\"twitter:card\" content=\"summary_large_image\" \/>\n<meta name=\"twitter:label1\" content=\"Precio\" \/>\n\t<meta name=\"twitter:data1\" content=\"&#036;199.99\" \/>\n\t<meta name=\"twitter:label2\" content=\"Disponibilidad\" \/>\n\t<meta name=\"twitter:data2\" content=\"Disponible\" \/>\n<script type=\"application\/ld+json\" class=\"yoast-schema-graph\">{\"@context\":\"https:\\\/\\\/schema.org\",\"@graph\":[{\"@type\":\"WebPage\",\"@id\":\"https:\\\/\\\/hunter-optics.com\\\/product\\\/riton-3-tactix-prd-red-dot-sight\\\/\",\"url\":\"https:\\\/\\\/hunter-optics.com\\\/product\\\/riton-3-tactix-prd-red-dot-sight\\\/\",\"name\":\"Riton 3 Tactix PRD Red Dot Sight - Hunter Optics\",\"isPartOf\":{\"@id\":\"https:\\\/\\\/hunter-optics.com\\\/#website\"},\"primaryImageOfPage\":{\"@id\":\"https:\\\/\\\/hunter-optics.com\\\/product\\\/riton-3-tactix-prd-red-dot-sight\\\/#primaryimage\"},\"image\":{\"@id\":\"https:\\\/\\\/hunter-optics.com\\\/product\\\/riton-3-tactix-prd-red-dot-sight\\\/#primaryimage\"},\"thumbnailUrl\":\"https:\\\/\\\/hunter-optics.com\\\/wp-content\\\/uploads\\\/2025\\\/07\\\/3-Tactix-MPRD-3.webp\",\"datePublished\":\"2025-07-31T08:41:23+00:00\",\"dateModified\":\"2025-10-11T08:58:47+00:00\",\"description\":\"Riton 3 Tactix PRD red dot sight delivers rapid target acquisition with an illuminated dot. Features aircraft-grade aluminum construction & HD glass clarity. Shop now.\",\"breadcrumb\":{\"@id\":\"https:\\\/\\\/hunter-optics.com\\\/product\\\/riton-3-tactix-prd-red-dot-sight\\\/#breadcrumb\"},\"inLanguage\":\"es\",\"potentialAction\":[{\"@type\":\"ReadAction\",\"target\":[\"https:\\\/\\\/hunter-optics.com\\\/product\\\/riton-3-tactix-prd-red-dot-sight\\\/\"]}]},{\"@type\":\"ImageObject\",\"inLanguage\":\"es\",\"@id\":\"https:\\\/\\\/hunter-optics.com\\\/product\\\/riton-3-tactix-prd-red-dot-sight\\\/#primaryimage\",\"url\":\"https:\\\/\\\/hunter-optics.com\\\/wp-content\\\/uploads\\\/2025\\\/07\\\/3-Tactix-MPRD-3.webp\",\"contentUrl\":\"https:\\\/\\\/hunter-optics.com\\\/wp-content\\\/uploads\\\/2025\\\/07\\\/3-Tactix-MPRD-3.webp\",\"width\":876,\"height\":876},{\"@type\":\"BreadcrumbList\",\"@id\":\"https:\\\/\\\/hunter-optics.com\\\/product\\\/riton-3-tactix-prd-red-dot-sight\\\/#breadcrumb\",\"itemListElement\":[{\"@type\":\"ListItem\",\"position\":1,\"name\":\"Home\",\"item\":\"https:\\\/\\\/hunter-optics.com\\\/\"},{\"@type\":\"ListItem\",\"position\":2,\"name\":\"Products\",\"item\":\"https:\\\/\\\/hunter-optics.com\\\/shop\\\/\"},{\"@type\":\"ListItem\",\"position\":3,\"name\":\"Riton 3 Tactix PRD Red Dot Sight\"}]},{\"@type\":\"WebSite\",\"@id\":\"https:\\\/\\\/hunter-optics.com\\\/#website\",\"url\":\"https:\\\/\\\/hunter-optics.com\\\/\",\"name\":\"Hunter Optics\",\"description\":\"Hunter Optics \u2014 Your Eye on the Target.\",\"publisher\":{\"@id\":\"https:\\\/\\\/hunter-optics.com\\\/#organization\"},\"potentialAction\":[{\"@type\":\"SearchAction\",\"target\":{\"@type\":\"EntryPoint\",\"urlTemplate\":\"https:\\\/\\\/hunter-optics.com\\\/?s={search_term_string}\"},\"query-input\":{\"@type\":\"PropertyValueSpecification\",\"valueRequired\":true,\"valueName\":\"search_term_string\"}}],\"inLanguage\":\"es\"},{\"@type\":\"Organization\",\"@id\":\"https:\\\/\\\/hunter-optics.com\\\/#organization\",\"name\":\"Hunter Optics\",\"url\":\"https:\\\/\\\/hunter-optics.com\\\/\",\"logo\":{\"@type\":\"ImageObject\",\"inLanguage\":\"es\",\"@id\":\"https:\\\/\\\/hunter-optics.com\\\/#\\\/schema\\\/logo\\\/image\\\/\",\"url\":\"https:\\\/\\\/hunter-optics.com\\\/wp-content\\\/uploads\\\/2025\\\/06\\\/hunter-optics-logo-1.png\",\"contentUrl\":\"https:\\\/\\\/hunter-optics.com\\\/wp-content\\\/uploads\\\/2025\\\/06\\\/hunter-optics-logo-1.png\",\"width\":937,\"height\":373,\"caption\":\"Hunter Optics\"},\"image\":{\"@id\":\"https:\\\/\\\/hunter-optics.com\\\/#\\\/schema\\\/logo\\\/image\\\/\"}}]}<\/script>\n<meta property=\"product:brand\" content=\"Riton\" \/>\n<meta property=\"product:price:amount\" content=\"199.99\" \/>\n<meta property=\"product:price:currency\" content=\"USD\" \/>\n<meta property=\"og:availability\" content=\"instock\" \/>\n<meta property=\"product:availability\" content=\"instock\" \/>\n<meta property=\"product:condition\" content=\"new\" \/>\n<!-- \/ Yoast SEO Premium plugin. -->","yoast_head_json":{"title":"Mira de Punto Rojo Riton 3 Tactix PRD - Hunter Optics","description":"La mira de punto rojo Riton 3 Tactix PRD proporciona una r\u00e1pida adquisici\u00f3n del objetivo con un punto iluminado. Fabricado en aluminio de calidad aeron\u00e1utica y cristal HD. Compre ahora.","robots":{"index":"index","follow":"follow","max-snippet":"max-snippet:-1","max-image-preview":"max-image-preview:large","max-video-preview":"max-video-preview:-1"},"canonical":"https:\/\/hunter-optics.com\/es\/producto\/mira-de-punto-rojo-riton-3-tactix-prd\/","og_locale":"es_ES","og_type":"article","og_title":"Riton 3 Tactix PRD Red Dot Sight","og_description":"Riton 3 Tactix PRD red dot sight delivers rapid target acquisition with an illuminated dot. Features aircraft-grade aluminum construction & HD glass clarity. Shop now.","og_url":"https:\/\/hunter-optics.com\/es\/producto\/mira-de-punto-rojo-riton-3-tactix-prd\/","og_site_name":"Hunter Optics","article_modified_time":"2025-10-11T08:58:47+00:00","og_image":[{"width":876,"height":876,"url":"https:\/\/hunter-optics.com\/wp-content\/uploads\/2025\/07\/3-Tactix-MPRD-3.webp","type":"image\/webp"}],"twitter_card":"summary_large_image","twitter_misc":{"Precio":"&#36;199.99","Disponibilidad":"Disponible"},"schema":{"@context":"https:\/\/schema.org","@graph":[{"@type":"WebPage","@id":"https:\/\/hunter-optics.com\/product\/riton-3-tactix-prd-red-dot-sight\/","url":"https:\/\/hunter-optics.com\/product\/riton-3-tactix-prd-red-dot-sight\/","name":"Mira de Punto Rojo Riton 3 Tactix PRD - Hunter Optics","isPartOf":{"@id":"https:\/\/hunter-optics.com\/#website"},"primaryImageOfPage":{"@id":"https:\/\/hunter-optics.com\/product\/riton-3-tactix-prd-red-dot-sight\/#primaryimage"},"image":{"@id":"https:\/\/hunter-optics.com\/product\/riton-3-tactix-prd-red-dot-sight\/#primaryimage"},"thumbnailUrl":"https:\/\/hunter-optics.com\/wp-content\/uploads\/2025\/07\/3-Tactix-MPRD-3.webp","datePublished":"2025-07-31T08:41:23+00:00","dateModified":"2025-10-11T08:58:47+00:00","description":"La mira de punto rojo Riton 3 Tactix PRD proporciona una r\u00e1pida adquisici\u00f3n del objetivo con un punto iluminado. Fabricado en aluminio de calidad aeron\u00e1utica y cristal HD. Compre ahora.","breadcrumb":{"@id":"https:\/\/hunter-optics.com\/product\/riton-3-tactix-prd-red-dot-sight\/#breadcrumb"},"inLanguage":"es","potentialAction":[{"@type":"ReadAction","target":["https:\/\/hunter-optics.com\/product\/riton-3-tactix-prd-red-dot-sight\/"]}]},{"@type":"ImageObject","inLanguage":"es","@id":"https:\/\/hunter-optics.com\/product\/riton-3-tactix-prd-red-dot-sight\/#primaryimage","url":"https:\/\/hunter-optics.com\/wp-content\/uploads\/2025\/07\/3-Tactix-MPRD-3.webp","contentUrl":"https:\/\/hunter-optics.com\/wp-content\/uploads\/2025\/07\/3-Tactix-MPRD-3.webp","width":876,"height":876},{"@type":"BreadcrumbList","@id":"https:\/\/hunter-optics.com\/product\/riton-3-tactix-prd-red-dot-sight\/#breadcrumb","itemListElement":[{"@type":"ListItem","position":1,"name":"Home","item":"https:\/\/hunter-optics.com\/"},{"@type":"ListItem","position":2,"name":"Products","item":"https:\/\/hunter-optics.com\/shop\/"},{"@type":"ListItem","position":3,"name":"Riton 3 Tactix PRD Red Dot Sight"}]},{"@type":"WebSite","@id":"https:\/\/hunter-optics.com\/#website","url":"https:\/\/hunter-optics.com\/","name":"\u00d3ptica Hunter","description":"Hunter Optics - Su ojo en el objetivo.","publisher":{"@id":"https:\/\/hunter-optics.com\/#organization"},"potentialAction":[{"@type":"SearchAction","target":{"@type":"EntryPoint","urlTemplate":"https:\/\/hunter-optics.com\/?s={search_term_string}"},"query-input":{"@type":"PropertyValueSpecification","valueRequired":true,"valueName":"search_term_string"}}],"inLanguage":"es"},{"@type":"Organization","@id":"https:\/\/hunter-optics.com\/#organization","name":"\u00d3ptica Hunter","url":"https:\/\/hunter-optics.com\/","logo":{"@type":"ImageObject","inLanguage":"es","@id":"https:\/\/hunter-optics.com\/#\/schema\/logo\/image\/","url":"https:\/\/hunter-optics.com\/wp-content\/uploads\/2025\/06\/hunter-optics-logo-1.png","contentUrl":"https:\/\/hunter-optics.com\/wp-content\/uploads\/2025\/06\/hunter-optics-logo-1.png","width":937,"height":373,"caption":"Hunter Optics"},"image":{"@id":"https:\/\/hunter-optics.com\/#\/schema\/logo\/image\/"}}]},"product_brand":"Riton","product_price_amount":"199.99","product_price_currency":"USD","og_availability":"instock","product_availability":"instock","product_condition":"new"},"_links":{"self":[{"href":"https:\/\/hunter-optics.com\/es\/wp-json\/wp\/v2\/product\/1542","targetHints":{"allow":["GET"]}}],"collection":[{"href":"https:\/\/hunter-optics.com\/es\/wp-json\/wp\/v2\/product"}],"about":[{"href":"https:\/\/hunter-optics.com\/es\/wp-json\/wp\/v2\/types\/product"}],"replies":[{"embeddable":true,"href":"https:\/\/hunter-optics.com\/es\/wp-json\/wp\/v2\/comments?post=1542"}],"version-history":[{"count":3,"href":"https:\/\/hunter-optics.com\/es\/wp-json\/wp\/v2\/product\/1542\/revisions"}],"predecessor-version":[{"id":1565,"href":"https:\/\/hunter-optics.com\/es\/wp-json\/wp\/v2\/product\/1542\/revisions\/1565"}],"wp:featuredmedia":[{"embeddable":true,"href":"https:\/\/hunter-optics.com\/es\/wp-json\/wp\/v2\/media\/1557"}],"wp:attachment":[{"href":"https:\/\/hunter-optics.com\/es\/wp-json\/wp\/v2\/media?parent=1542"}],"wp:term":[{"taxonomy":"brand","embeddable":true,"href":"https:\/\/hunter-optics.com\/es\/wp-json\/wp\/v2\/etheme_brands?post=1542"},{"taxonomy":"product_brand","embeddable":true,"href":"https:\/\/hunter-optics.com\/es\/wp-json\/wp\/v2\/product_brand?post=1542"},{"taxonomy":"product_cat","embeddable":true,"href":"https:\/\/hunter-optics.com\/es\/wp-json\/wp\/v2\/product_cat?post=1542"},{"taxonomy":"product_tag","embeddable":true,"href":"https:\/\/hunter-optics.com\/es\/wp-json\/wp\/v2\/product_tag?post=1542"}],"curies":[{"name":"wp","href":"https:\/\/api.w.org\/{rel}","templated":true}]}}