{"id":1489,"date":"2025-07-29T09:38:29","date_gmt":"2025-07-29T09:38:29","guid":{"rendered":"https:\/\/hunter-optics.com\/?post_type=product&#038;p=1489"},"modified":"2025-07-31T06:10:29","modified_gmt":"2025-07-31T06:10:29","slug":"crimson-trace-5-serie-3-18x50mm-ctl-5318","status":"publish","type":"product","link":"https:\/\/hunter-optics.com\/es\/producto\/crimson-trace-5-serie-3-18x50mm-ctl-5318\/","title":{"rendered":"Crimson Trace Serie 5 3-18x50mm CTL-5318"},"content":{"rendered":"<h2 id=\"caption-header\">Informaci\u00f3n del producto Crimson Trace 5 Series 3-18x50mm Visor T\u00e1ctico para Rifle<\/h2>\n<div>\n<div id=\"product-caption-block-description\" class=\"product-caption-block product-caption-block\">\n<p>El Crimson Trace CTL-5318 Serie 5 es un visor 3-18x50mm de gama media que ha sido construido desde cero. El Primer Plano Focal (FFP) del visor y la impresionante claridad del cristal japon\u00e9s ED hacen que la experiencia de disparo sea inigualable. La ret\u00edcula avanzada MR1-MIL de dise\u00f1o personalizado est\u00e1 totalmente iluminada y ofrece puntos de retenci\u00f3n r\u00e1pida para la orientaci\u00f3n y la elevaci\u00f3n. Las torretas t\u00e1cticas expuestas de 0,1 MIL proporcionan una sensaci\u00f3n precisa y robusta al marcar los disparos m\u00e1s precisos. Toda la l\u00ednea de visores Crimson Trace ofrece indicadores de nivelaci\u00f3n EZ Mount para un montaje r\u00e1pido y exacto y un anillo de alineaci\u00f3n rojo para una correcta colocaci\u00f3n del ojo. Todos los visores Crimson Trace forman parte del programa Bater\u00edas Gratis de por Vida y est\u00e1n cubiertos por la Garant\u00eda de Protecci\u00f3n de por Vida.Primer Plano Focal (FFP): La ret\u00edcula MR1-MIL Advanced Illuminated grabada en vidrio se sit\u00faa delante del mecanismo de aumento que escala para proporcionar puntos de retenci\u00f3n bal\u00edstica correctos a cualquier distancia. Esta caracter\u00edstica permite apuntar la ret\u00edcula en cualquier parte de la escala de aumentos y realizar mediciones precisas del alcance. Los numerosos puntos de retenci\u00f3n de la orientaci\u00f3n permiten realizar ajustes sobre la marcha en condiciones ambientales cambiantes. El cristal ED multicapa de alta calidad mejora la calidad de la imagen en todo el espectro visual. El visor 3-18x50mm hace que los objetos parezcan de tres a dieciocho veces m\u00e1s cercanos que a simple vista, con un objetivo de 50mmTorretas expuestas con ret\u00edcula avanzada MR1-MIL: Permitiendo ajustes de elevaci\u00f3n y orientaci\u00f3n hace que la Serie 5 sea \u00f3ptima para aplicaciones de caza de precisi\u00f3n a larga distancia mientras es ligeroZero-Stop para simplificar el retorno a cero y el indicador de 2\u00aa rotaci\u00f3nCaja ocular incre\u00edblemente indulgente con ajuste di\u00f3ptrico para mantener una ret\u00edcula enfocadaTubo principal de aluminio anodizado de 30mm de una sola pieza est\u00e1 construido para soportar los entornos m\u00e1s exigentesA prueba de agua y niebla con lentes recubiertas para proteger de ara\u00f1azos, aceite y suciedadPurga de nitr\u00f3geno y sellado O-Ring<img loading=\"lazy\" decoding=\"async\" src=\"https:\/\/opl.0ps.us\/assets-1d43849faec\/base\/opweb\/base\/desktop\/img\/pixels\/description-product-pixel.gif\" alt=\"imagen\" width=\"1\" height=\"1\" \/>.<\/p>\n<div id=\"product-caption-block-manufacture-specification\" class=\"product-caption-block product-caption-block\">\n<h3>Especificaciones para Crimson Trace 5 Series 3-18x50mm Tactical Rifle Scope:<\/h3>\n<table class=\"spec-table\" border=\"0\" cellspacing=\"0\" cellpadding=\"0\">\n<tbody>\n<tr>\n<td class=\"spec-left-column\">Fabricante:<\/td>\n<td width=\"50%\">Rastro Carmes\u00ed<\/td>\n<\/tr>\n<tr>\n<td class=\"spec-left-column\">Di\u00e1metro del objetivo:<\/td>\n<td width=\"50%\">50 mm<\/td>\n<\/tr>\n<tr>\n<td class=\"spec-left-column\">Aumento:<\/td>\n<td width=\"50%\">3 - 18 x<\/td>\n<\/tr>\n<tr>\n<td class=\"spec-left-column\">Ret\u00edcula:<\/td>\n<td width=\"50%\">MR1-MIL Ret\u00edcula iluminada<\/td>\n<\/tr>\n<tr>\n<td class=\"spec-left-column\">Di\u00e1metro del tubo:<\/td>\n<td width=\"50%\">34 mm<\/td>\n<\/tr>\n<tr>\n<td class=\"spec-left-column\">Plano focal del ret\u00edculo:<\/td>\n<td width=\"50%\">Primer plano focal (FFP)<\/td>\n<\/tr>\n<tr>\n<td class=\"spec-left-column\">Alumno de salida:<\/td>\n<td width=\"50%\">2,8 - 9 mm<\/td>\n<\/tr>\n<tr>\n<td class=\"spec-left-column\">Color de iluminaci\u00f3n:<\/td>\n<td width=\"50%\">Rojo<\/td>\n<\/tr>\n<tr>\n<td class=\"spec-left-column\">Acabado:<\/td>\n<td width=\"50%\">Mate<\/td>\n<\/tr>\n<tr>\n<td class=\"spec-left-column\">Campo de visi\u00f3n, Lineal:<\/td>\n<td width=\"50%\">33,2 pies a 100 yardas<\/td>\n<\/tr>\n<tr>\n<td class=\"spec-left-column\">Alivio ocular:<\/td>\n<td width=\"50%\">3,5 pulg.<\/td>\n<\/tr>\n<tr>\n<td class=\"spec-left-column\">Rango de ajuste de dioptr\u00edas:<\/td>\n<td width=\"50%\">-3 - 2 dpt<\/td>\n<\/tr>\n<tr>\n<td class=\"spec-left-column\">Color:<\/td>\n<td width=\"50%\">Negro<\/td>\n<\/tr>\n<tr>\n<td class=\"spec-left-column\">Ajuste Haga clic en Valor:<\/td>\n<td width=\"50%\">0,1 Mil Rad<\/td>\n<\/tr>\n<tr>\n<td class=\"spec-left-column\">Longitud:<\/td>\n<td width=\"50%\">17 en<\/td>\n<\/tr>\n<tr>\n<td class=\"spec-left-column\">Tipo de ajuste:<\/td>\n<td width=\"50%\">Mil Rad<\/td>\n<\/tr>\n<tr>\n<td class=\"spec-left-column\">Parallax:<\/td>\n<td width=\"50%\">10 yardas hasta el infinito<\/td>\n<\/tr>\n<tr>\n<td class=\"spec-left-column\">Tipo de iluminaci\u00f3n:<\/td>\n<td width=\"50%\">LED<\/td>\n<\/tr>\n<tr>\n<td class=\"spec-left-column\">Tipo de bater\u00eda:<\/td>\n<td width=\"50%\">CR2032<\/td>\n<\/tr>\n<tr>\n<td class=\"spec-left-column\">Anchura:<\/td>\n<td width=\"50%\">4,75 pulg.<\/td>\n<\/tr>\n<tr>\n<td class=\"spec-left-column\">Tejido\/Material:<\/td>\n<td width=\"50%\">Tubo de una sola pieza de aluminio aeron\u00e1utico 6061-T6<\/td>\n<\/tr>\n<tr>\n<td class=\"spec-left-column\">Altura:<\/td>\n<td width=\"50%\">50 mm<\/td>\n<\/tr>\n<tr>\n<td class=\"spec-left-column\">Rango de enfoque:<\/td>\n<td width=\"50%\">10 yardas hasta el infinito<\/td>\n<\/tr>\n<tr>\n<td class=\"spec-left-column\">Material de la lente:<\/td>\n<td width=\"50%\">Cristal ED<\/td>\n<\/tr>\n<tr>\n<td class=\"spec-left-column\">Revestimiento \u00f3ptico:<\/td>\n<td width=\"50%\">Totalmente multicapa<\/td>\n<\/tr>\n<tr>\n<td class=\"spec-left-column\">Temperatura de funcionamiento:<\/td>\n<td width=\"50%\">-10 - 50 Celsius<\/td>\n<\/tr>\n<tr>\n<td class=\"spec-left-column\">Nivel de resistencia al agua:<\/td>\n<td width=\"50%\">Impermeable<\/td>\n<\/tr>\n<tr>\n<td class=\"spec-left-column\">A prueba de niebla:<\/td>\n<td width=\"50%\">S\u00ed<\/td>\n<\/tr>\n<tr>\n<td class=\"spec-left-column\">Cantidad de pilas:<\/td>\n<td width=\"50%\">1<\/td>\n<\/tr>\n<tr>\n<td class=\"spec-left-column\">Accesorios incluidos:<\/td>\n<td width=\"50%\">Pa\u00f1o de limpieza del objetivo, bater\u00eda, tapas abatibles<\/td>\n<\/tr>\n<tr>\n<td class=\"spec-left-column\">Tipo de aumento:<\/td>\n<td width=\"50%\">Variable<\/td>\n<\/tr>\n<tr>\n<td class=\"spec-left-column\">Caracter\u00edsticas adicionales:<\/td>\n<td width=\"50%\">Puesta a cero<\/td>\n<\/tr>\n<tr>\n<td class=\"spec-left-column\">Altura del anillo:<\/td>\n<td width=\"50%\">34 mm<\/td>\n<\/tr>\n<tr>\n<td class=\"spec-left-column\">Tipo de fijaci\u00f3n:<\/td>\n<td width=\"50%\">Anilla para visor<\/td>\n<\/tr>\n<\/tbody>\n<\/table>\n<\/div>\n<\/div>\n<\/div>","protected":false},"excerpt":{"rendered":"<p><span class=\"IpNPnb\" data-spec-name=\"Reticle\"><strong>Ret\u00edcula: <\/strong>MR1-MIL Ret\u00edcula iluminada <\/span><span class=\"IpNPnb\" data-spec-name=\"Tube Diameter\"><strong>Di\u00e1metro del tubo: <\/strong>34 mm<\/span><span class=\"IpNPnb\" data-spec-name=\"Reticle Focal Plane\"><strong>Plano focal del ret\u00edculo: <\/strong>Primer plano focal (FFP) <\/span><span class=\"IpNPnb\" data-spec-name=\"Illumination Color\"><strong>Color de iluminaci\u00f3n: <\/strong>Rojo <\/span><span class=\"IpNPnb\" data-spec-name=\"Finish\"><strong>Acabado: <\/strong>Mate <\/span><span class=\"IpNPnb\" data-spec-name=\"Color\"><strong>Color: <\/strong>Negro <\/span><span class=\"IpNPnb\" data-spec-name=\"Adjustment Click Value\"><strong>Ajuste Haga clic en Valor: <\/strong>0,1 Mil Rad<\/span><span class=\"IpNPnb\" data-spec-name=\"Adjustment Type\"><strong>Tipo de ajuste: <\/strong>Mil Rad <\/span><span class=\"IpNPnb\" data-spec-name=\"Illumination Type\"><strong>Tipo de iluminaci\u00f3n: <\/strong>LED <\/span><\/p>","protected":false},"featured_media":1490,"comment_status":"open","ping_status":"closed","template":"","meta":[],"etheme_brands":[{"term_id":45,"name":"Crimson Trace","slug":"crimson-trace","term_group":0,"term_taxonomy_id":45,"taxonomy":"brand","description":"Crimson Trace is a manufacturer dedicated to producing the highest quality laser sights, tactical lights, electronic sights, and riflescopes for your pistols, rifles, and shotguns.","parent":0,"count":6,"filter":"raw"}],"product_brand":[],"product_cat":[49],"product_tag":[],"class_list":{"0":"post-1489","1":"product","2":"type-product","3":"status-publish","4":"has-post-thumbnail","6":"brand-crimson-trace","7":"product_cat-rifle-scopes","9":"first","10":"instock","11":"sale","12":"taxable","13":"shipping-taxable","14":"purchasable","15":"product-type-simple"},"yoast_head":"<!-- This site is optimized with the Yoast SEO Premium plugin v25.7.1 (Yoast SEO v27.4) - https:\/\/yoast.com\/product\/yoast-seo-premium-wordpress\/ -->\n<title>Crimson Trace 5 Series 3-18x50mm CTL-5318 - Hunter Optics<\/title>\n<meta name=\"description\" content=\"The Crimson Trace 5 Series 3-18x50mm CTL-5318 is a feature rich 3-18x50mm mid-range rifle scope that has been purposefully built from the ground up.\" \/>\n<meta name=\"robots\" content=\"index, follow, max-snippet:-1, max-image-preview:large, max-video-preview:-1\" \/>\n<link rel=\"canonical\" href=\"https:\/\/hunter-optics.com\/es\/producto\/crimson-trace-5-serie-3-18x50mm-ctl-5318\/\" \/>\n<meta property=\"og:locale\" content=\"es_ES\" \/>\n<meta property=\"og:type\" content=\"article\" \/>\n<meta property=\"og:title\" content=\"Crimson Trace 5 Series 3-18x50mm CTL-5318\" \/>\n<meta property=\"og:description\" content=\"The Crimson Trace 5 Series 3-18x50mm CTL-5318 is a feature rich 3-18x50mm mid-range rifle scope that has been purposefully built from the ground up.\" \/>\n<meta property=\"og:url\" content=\"https:\/\/hunter-optics.com\/es\/producto\/crimson-trace-5-serie-3-18x50mm-ctl-5318\/\" \/>\n<meta property=\"og:site_name\" content=\"Hunter Optics\" \/>\n<meta property=\"article:modified_time\" content=\"2025-07-31T06:10:29+00:00\" \/>\n<meta property=\"og:image\" content=\"https:\/\/hunter-optics.com\/wp-content\/uploads\/2025\/07\/Crimson-Trace-5-Series-3-18x50mm-CTL-5318.jpg\" \/>\n\t<meta property=\"og:image:width\" content=\"876\" \/>\n\t<meta property=\"og:image:height\" content=\"876\" \/>\n\t<meta property=\"og:image:type\" content=\"image\/jpeg\" \/>\n<meta name=\"twitter:card\" content=\"summary_large_image\" \/>\n<meta name=\"twitter:label1\" content=\"Precio\" \/>\n\t<meta name=\"twitter:data1\" content=\"&#036;769.99\" \/>\n\t<meta name=\"twitter:label2\" content=\"Disponibilidad\" \/>\n\t<meta name=\"twitter:data2\" content=\"Disponible\" \/>\n<script type=\"application\/ld+json\" class=\"yoast-schema-graph\">{\"@context\":\"https:\\\/\\\/schema.org\",\"@graph\":[{\"@type\":\"WebPage\",\"@id\":\"https:\\\/\\\/hunter-optics.com\\\/product\\\/crimson-trace-5-series-3-18x50mm-ctl-5318\\\/\",\"url\":\"https:\\\/\\\/hunter-optics.com\\\/product\\\/crimson-trace-5-series-3-18x50mm-ctl-5318\\\/\",\"name\":\"Crimson Trace 5 Series 3-18x50mm CTL-5318 - Hunter Optics\",\"isPartOf\":{\"@id\":\"https:\\\/\\\/hunter-optics.com\\\/#website\"},\"primaryImageOfPage\":{\"@id\":\"https:\\\/\\\/hunter-optics.com\\\/product\\\/crimson-trace-5-series-3-18x50mm-ctl-5318\\\/#primaryimage\"},\"image\":{\"@id\":\"https:\\\/\\\/hunter-optics.com\\\/product\\\/crimson-trace-5-series-3-18x50mm-ctl-5318\\\/#primaryimage\"},\"thumbnailUrl\":\"https:\\\/\\\/hunter-optics.com\\\/wp-content\\\/uploads\\\/2025\\\/07\\\/Crimson-Trace-5-Series-3-18x50mm-CTL-5318.jpg\",\"datePublished\":\"2025-07-29T09:38:29+00:00\",\"dateModified\":\"2025-07-31T06:10:29+00:00\",\"description\":\"The Crimson Trace 5 Series 3-18x50mm CTL-5318 is a feature rich 3-18x50mm mid-range rifle scope that has been purposefully built from the ground up.\",\"breadcrumb\":{\"@id\":\"https:\\\/\\\/hunter-optics.com\\\/product\\\/crimson-trace-5-series-3-18x50mm-ctl-5318\\\/#breadcrumb\"},\"inLanguage\":\"es\",\"potentialAction\":[{\"@type\":\"ReadAction\",\"target\":[\"https:\\\/\\\/hunter-optics.com\\\/product\\\/crimson-trace-5-series-3-18x50mm-ctl-5318\\\/\"]}]},{\"@type\":\"ImageObject\",\"inLanguage\":\"es\",\"@id\":\"https:\\\/\\\/hunter-optics.com\\\/product\\\/crimson-trace-5-series-3-18x50mm-ctl-5318\\\/#primaryimage\",\"url\":\"https:\\\/\\\/hunter-optics.com\\\/wp-content\\\/uploads\\\/2025\\\/07\\\/Crimson-Trace-5-Series-3-18x50mm-CTL-5318.jpg\",\"contentUrl\":\"https:\\\/\\\/hunter-optics.com\\\/wp-content\\\/uploads\\\/2025\\\/07\\\/Crimson-Trace-5-Series-3-18x50mm-CTL-5318.jpg\",\"width\":876,\"height\":876},{\"@type\":\"BreadcrumbList\",\"@id\":\"https:\\\/\\\/hunter-optics.com\\\/product\\\/crimson-trace-5-series-3-18x50mm-ctl-5318\\\/#breadcrumb\",\"itemListElement\":[{\"@type\":\"ListItem\",\"position\":1,\"name\":\"Home\",\"item\":\"https:\\\/\\\/hunter-optics.com\\\/\"},{\"@type\":\"ListItem\",\"position\":2,\"name\":\"Products\",\"item\":\"https:\\\/\\\/hunter-optics.com\\\/shop\\\/\"},{\"@type\":\"ListItem\",\"position\":3,\"name\":\"Crimson Trace 5 Series 3-18x50mm CTL-5318\"}]},{\"@type\":\"WebSite\",\"@id\":\"https:\\\/\\\/hunter-optics.com\\\/#website\",\"url\":\"https:\\\/\\\/hunter-optics.com\\\/\",\"name\":\"Hunter Optics\",\"description\":\"Hunter Optics \u2014 Your Eye on the Target.\",\"publisher\":{\"@id\":\"https:\\\/\\\/hunter-optics.com\\\/#organization\"},\"potentialAction\":[{\"@type\":\"SearchAction\",\"target\":{\"@type\":\"EntryPoint\",\"urlTemplate\":\"https:\\\/\\\/hunter-optics.com\\\/?s={search_term_string}\"},\"query-input\":{\"@type\":\"PropertyValueSpecification\",\"valueRequired\":true,\"valueName\":\"search_term_string\"}}],\"inLanguage\":\"es\"},{\"@type\":\"Organization\",\"@id\":\"https:\\\/\\\/hunter-optics.com\\\/#organization\",\"name\":\"Hunter Optics\",\"url\":\"https:\\\/\\\/hunter-optics.com\\\/\",\"logo\":{\"@type\":\"ImageObject\",\"inLanguage\":\"es\",\"@id\":\"https:\\\/\\\/hunter-optics.com\\\/#\\\/schema\\\/logo\\\/image\\\/\",\"url\":\"https:\\\/\\\/hunter-optics.com\\\/wp-content\\\/uploads\\\/2025\\\/06\\\/hunter-optics-logo-1.png\",\"contentUrl\":\"https:\\\/\\\/hunter-optics.com\\\/wp-content\\\/uploads\\\/2025\\\/06\\\/hunter-optics-logo-1.png\",\"width\":937,\"height\":373,\"caption\":\"Hunter Optics\"},\"image\":{\"@id\":\"https:\\\/\\\/hunter-optics.com\\\/#\\\/schema\\\/logo\\\/image\\\/\"}}]}<\/script>\n<meta property=\"product:brand\" content=\"Crimson Trace\" \/>\n<meta property=\"product:price:amount\" content=\"769.99\" \/>\n<meta property=\"product:price:currency\" content=\"USD\" \/>\n<meta property=\"og:availability\" content=\"instock\" \/>\n<meta property=\"product:availability\" content=\"instock\" \/>\n<meta property=\"product:condition\" content=\"new\" \/>\n<!-- \/ Yoast SEO Premium plugin. -->","yoast_head_json":{"title":"Crimson Trace Serie 5 3-18x50mm CTL-5318 - Hunter Optics","description":"El Crimson Trace 5 Series 3-18x50mm CTL-5318 es un visor 3-18x50mm de gama media que ha sido construido desde cero.","robots":{"index":"index","follow":"follow","max-snippet":"max-snippet:-1","max-image-preview":"max-image-preview:large","max-video-preview":"max-video-preview:-1"},"canonical":"https:\/\/hunter-optics.com\/es\/producto\/crimson-trace-5-serie-3-18x50mm-ctl-5318\/","og_locale":"es_ES","og_type":"article","og_title":"Crimson Trace 5 Series 3-18x50mm CTL-5318","og_description":"The Crimson Trace 5 Series 3-18x50mm CTL-5318 is a feature rich 3-18x50mm mid-range rifle scope that has been purposefully built from the ground up.","og_url":"https:\/\/hunter-optics.com\/es\/producto\/crimson-trace-5-serie-3-18x50mm-ctl-5318\/","og_site_name":"Hunter Optics","article_modified_time":"2025-07-31T06:10:29+00:00","og_image":[{"width":876,"height":876,"url":"https:\/\/hunter-optics.com\/wp-content\/uploads\/2025\/07\/Crimson-Trace-5-Series-3-18x50mm-CTL-5318.jpg","type":"image\/jpeg"}],"twitter_card":"summary_large_image","twitter_misc":{"Precio":"&#36;769.99","Disponibilidad":"Disponible"},"schema":{"@context":"https:\/\/schema.org","@graph":[{"@type":"WebPage","@id":"https:\/\/hunter-optics.com\/product\/crimson-trace-5-series-3-18x50mm-ctl-5318\/","url":"https:\/\/hunter-optics.com\/product\/crimson-trace-5-series-3-18x50mm-ctl-5318\/","name":"Crimson Trace Serie 5 3-18x50mm CTL-5318 - Hunter Optics","isPartOf":{"@id":"https:\/\/hunter-optics.com\/#website"},"primaryImageOfPage":{"@id":"https:\/\/hunter-optics.com\/product\/crimson-trace-5-series-3-18x50mm-ctl-5318\/#primaryimage"},"image":{"@id":"https:\/\/hunter-optics.com\/product\/crimson-trace-5-series-3-18x50mm-ctl-5318\/#primaryimage"},"thumbnailUrl":"https:\/\/hunter-optics.com\/wp-content\/uploads\/2025\/07\/Crimson-Trace-5-Series-3-18x50mm-CTL-5318.jpg","datePublished":"2025-07-29T09:38:29+00:00","dateModified":"2025-07-31T06:10:29+00:00","description":"El Crimson Trace 5 Series 3-18x50mm CTL-5318 es un visor 3-18x50mm de gama media que ha sido construido desde cero.","breadcrumb":{"@id":"https:\/\/hunter-optics.com\/product\/crimson-trace-5-series-3-18x50mm-ctl-5318\/#breadcrumb"},"inLanguage":"es","potentialAction":[{"@type":"ReadAction","target":["https:\/\/hunter-optics.com\/product\/crimson-trace-5-series-3-18x50mm-ctl-5318\/"]}]},{"@type":"ImageObject","inLanguage":"es","@id":"https:\/\/hunter-optics.com\/product\/crimson-trace-5-series-3-18x50mm-ctl-5318\/#primaryimage","url":"https:\/\/hunter-optics.com\/wp-content\/uploads\/2025\/07\/Crimson-Trace-5-Series-3-18x50mm-CTL-5318.jpg","contentUrl":"https:\/\/hunter-optics.com\/wp-content\/uploads\/2025\/07\/Crimson-Trace-5-Series-3-18x50mm-CTL-5318.jpg","width":876,"height":876},{"@type":"BreadcrumbList","@id":"https:\/\/hunter-optics.com\/product\/crimson-trace-5-series-3-18x50mm-ctl-5318\/#breadcrumb","itemListElement":[{"@type":"ListItem","position":1,"name":"Home","item":"https:\/\/hunter-optics.com\/"},{"@type":"ListItem","position":2,"name":"Products","item":"https:\/\/hunter-optics.com\/shop\/"},{"@type":"ListItem","position":3,"name":"Crimson Trace 5 Series 3-18x50mm CTL-5318"}]},{"@type":"WebSite","@id":"https:\/\/hunter-optics.com\/#website","url":"https:\/\/hunter-optics.com\/","name":"\u00d3ptica Hunter","description":"Hunter Optics - Su ojo en el objetivo.","publisher":{"@id":"https:\/\/hunter-optics.com\/#organization"},"potentialAction":[{"@type":"SearchAction","target":{"@type":"EntryPoint","urlTemplate":"https:\/\/hunter-optics.com\/?s={search_term_string}"},"query-input":{"@type":"PropertyValueSpecification","valueRequired":true,"valueName":"search_term_string"}}],"inLanguage":"es"},{"@type":"Organization","@id":"https:\/\/hunter-optics.com\/#organization","name":"\u00d3ptica Hunter","url":"https:\/\/hunter-optics.com\/","logo":{"@type":"ImageObject","inLanguage":"es","@id":"https:\/\/hunter-optics.com\/#\/schema\/logo\/image\/","url":"https:\/\/hunter-optics.com\/wp-content\/uploads\/2025\/06\/hunter-optics-logo-1.png","contentUrl":"https:\/\/hunter-optics.com\/wp-content\/uploads\/2025\/06\/hunter-optics-logo-1.png","width":937,"height":373,"caption":"Hunter Optics"},"image":{"@id":"https:\/\/hunter-optics.com\/#\/schema\/logo\/image\/"}}]},"product_brand":"Crimson Trace","product_price_amount":"769.99","product_price_currency":"USD","og_availability":"instock","product_availability":"instock","product_condition":"new"},"_links":{"self":[{"href":"https:\/\/hunter-optics.com\/es\/wp-json\/wp\/v2\/product\/1489","targetHints":{"allow":["GET"]}}],"collection":[{"href":"https:\/\/hunter-optics.com\/es\/wp-json\/wp\/v2\/product"}],"about":[{"href":"https:\/\/hunter-optics.com\/es\/wp-json\/wp\/v2\/types\/product"}],"replies":[{"embeddable":true,"href":"https:\/\/hunter-optics.com\/es\/wp-json\/wp\/v2\/comments?post=1489"}],"version-history":[{"count":1,"href":"https:\/\/hunter-optics.com\/es\/wp-json\/wp\/v2\/product\/1489\/revisions"}],"predecessor-version":[{"id":1497,"href":"https:\/\/hunter-optics.com\/es\/wp-json\/wp\/v2\/product\/1489\/revisions\/1497"}],"wp:featuredmedia":[{"embeddable":true,"href":"https:\/\/hunter-optics.com\/es\/wp-json\/wp\/v2\/media\/1490"}],"wp:attachment":[{"href":"https:\/\/hunter-optics.com\/es\/wp-json\/wp\/v2\/media?parent=1489"}],"wp:term":[{"taxonomy":"brand","embeddable":true,"href":"https:\/\/hunter-optics.com\/es\/wp-json\/wp\/v2\/etheme_brands?post=1489"},{"taxonomy":"product_brand","embeddable":true,"href":"https:\/\/hunter-optics.com\/es\/wp-json\/wp\/v2\/product_brand?post=1489"},{"taxonomy":"product_cat","embeddable":true,"href":"https:\/\/hunter-optics.com\/es\/wp-json\/wp\/v2\/product_cat?post=1489"},{"taxonomy":"product_tag","embeddable":true,"href":"https:\/\/hunter-optics.com\/es\/wp-json\/wp\/v2\/product_tag?post=1489"}],"curies":[{"name":"wp","href":"https:\/\/api.w.org\/{rel}","templated":true}]}}