{"id":1442,"date":"2025-07-24T10:04:54","date_gmt":"2025-07-24T10:04:54","guid":{"rendered":"https:\/\/hunter-optics.com\/?post_type=product&#038;p=1442"},"modified":"2025-07-29T05:48:11","modified_gmt":"2025-07-29T05:48:11","slug":"crimson-trace-hardline-pro-4-16x50-ffp-moa-ill","status":"publish","type":"product","link":"https:\/\/hunter-optics.com\/es\/producto\/crimson-trace-hardline-pro-4-16x50-ffp-moa-ill\/","title":{"rendered":"Crimson Trace Hardline Pro 4-16\u00d750 FFP MOA ILL"},"content":{"rendered":"<div class=\"c-product__section-body c-toggler__content\">\n<div class=\"product-main-attributes attribute-table\">\n<p>Especificaciones<\/p>\n<ul class=\"attribute-info\">\n<li class=\"attribute tg-b2\"><span class=\"label tg-b2\">Aumento:<\/span><span class=\"value tg-b2\">4-16x <\/span><\/li>\n<li class=\"attribute tg-b2\"><span class=\"label tg-b2\">Ret\u00edcula:<\/span> <span class=\"value tg-b2\">MR1-MOA iluminado <\/span><\/li>\n<li class=\"attribute tg-b2\"><span class=\"label tg-b2\">Plano focal:<\/span><span class=\"value tg-b2\">1\u00ba <\/span><\/li>\n<li class=\"attribute tg-b2\"><span class=\"label tg-b2\">Material:<\/span><span class=\"value tg-b2\">aluminio aeroespacial <\/span><\/li>\n<li class=\"attribute tg-b2\"><span class=\"label tg-b2\">Alivio ocular (pulg.):<\/span><span class=\"value tg-b2\">3,6~4 pulg. <\/span><\/li>\n<li class=\"attribute tg-b2\"><span class=\"label tg-b2\">Di\u00e1metro del objetivo:<\/span> <span class=\"value tg-b2\">50 <\/span><\/li>\n<li class=\"attribute tg-b2\"><span class=\"label tg-b2\">Di\u00e1metro del tubo:<\/span><span class=\"value tg-b2\">30 mm <\/span><\/li>\n<li class=\"attribute tg-b2\"><span class=\"label tg-b2\">Haga clic en Valor:<\/span><span class=\"value tg-b2\">1\/4 MOA <\/span><\/li>\n<li class=\"attribute tg-b2\"><span class=\"label tg-b2\">Torretas:<\/span><span class=\"value tg-b2\">Expuesto <\/span><\/li>\n<li class=\"attribute tg-b2\"><span class=\"label tg-b2\">Iluminaci\u00f3n:<\/span><span class=\"value tg-b2\">S\u00ed <\/span><\/li>\n<li class=\"attribute tg-b2\"><span class=\"label tg-b2\">Transmitancia de la luz (%):<\/span><span class=\"value tg-b2\">90 <\/span><\/li>\n<li class=\"attribute tg-b2\"><span class=\"label tg-b2\">Longitud del visor:<\/span><span class=\"value tg-b2\">3,7 in x 3,1 in x 14,8 in <\/span><\/li>\n<li class=\"attribute tg-b2\"><span class=\"label tg-b2\">Peso del producto:<\/span><span class=\"value tg-b2\">25,4 oz oz <\/span><\/li>\n<li class=\"attribute tg-b2\"><span class=\"label tg-b2\">Recubrimiento de la lente:<\/span><span class=\"value tg-b2\">multicapa verde <\/span><\/li>\n<li class=\"attribute tg-b2\"><span class=\"label tg-b2\">Longitud de montaje trasero (pulg.):<\/span><span class=\"value tg-b2\">2.1 <\/span><\/li>\n<li class=\"attribute tg-b2\"><span class=\"label tg-b2\">Longitud de montaje frontal (pulg.):<\/span><span class=\"value tg-b2\">3.1 <\/span><\/li>\n<li class=\"attribute tg-b2\"><span class=\"label tg-b2\">Rango de viento:<\/span><span class=\"value tg-b2\">90 MOA <\/span><\/li>\n<li class=\"attribute tg-b2\"><span class=\"label tg-b2\">Rango de elevaci\u00f3n:<\/span><span class=\"value tg-b2\">90 MOA <\/span><\/li>\n<li class=\"attribute tg-b2\"><span class=\"label tg-b2\">Paralaje lateral:<\/span><span class=\"value tg-b2\">Ajustable <\/span><\/li>\n<li class=\"attribute tg-b2\"><span class=\"label tg-b2\">Parada Cero:<\/span><span class=\"value tg-b2\">S\u00ed <\/span><\/li>\n<li class=\"attribute tg-b2\"><span class=\"label tg-b2\">FOV m\u00e1ximo:<\/span><span class=\"value tg-b2\">28,5 pies <\/span><\/li>\n<li class=\"attribute tg-b2\"><span class=\"label tg-b2\">FOV M\u00ednimo:<\/span><span class=\"value tg-b2\">7,2 pies <\/span><\/li>\n<\/ul>\n<div class=\"c-toggler c-product__section c-product__module c-toggler--expanded\">\n<div class=\"c-product__section-title c-toggler__element tg-h4\" tabindex=\"0\" data-gtm=\"{&quot;event&quot;:&quot;FeaturesPDP&quot;,&quot;eventTypes&quot;:&quot;link, click, hover&quot;,&quot;action&quot;:&quot;&quot;,&quot;label&quot;:&quot;https:\/\/www.crimsontrace.com\/on\/demandware.servlet\/Sites-CrimsonTrace_US-Site\/default\/Product-Detail?pid=01-01020&amp;source=&amp;uuid=&amp;Quantity=&amp;productlistid=&amp;cantAdd=false&amp;cantAddMessage=&quot;}\">Caracter\u00edsticas<\/div>\n<div class=\"c-product__section-body c-toggler__content\">\n<ul>\n<li class=\"c-product__section-item\">RETIL: MR1-MOA iluminado<\/li>\n<li class=\"c-product__section-item\">GARANTIZADO: Todos los visores Crimson Trace est\u00e1n cubiertos por una garant\u00eda de por vida. Para preguntas o garant\u00eda contacte con nosotros en support@crimsontrace.com<\/li>\n<li class=\"c-product__section-item\">INCLUYE: Pa\u00f1o para el objetivo, tapas del visor y bater\u00eda<\/li>\n<li class=\"c-product__section-item\">DIMENSIONES DEL ALCANCE: 14,8\u2033 x 3,7\u2033 x 3,1\u2033.<\/li>\n<li class=\"c-product__section-item\">MATERIAL: Construido a partir de aluminio aeroespacial duradero y ligero y vidrio verde multicapa de alta calidad<\/li>\n<\/ul>\n<div class=\"quality-heading\">El Est\u00e1ndar Carmes\u00ed<\/div>\n<div class=\"quality-copy\">Cada uno de nuestros visores pasa por un riguroso proceso de pruebas porque <span class=\"callout\">el fracaso no es una opci\u00f3n<\/span>.<\/div>\n<div class=\"quality-subheading\">M\u00e1ximo rendimiento en cualquier entorno<\/div>\n<div class=\"quality-copy\">Nuestros visores son lo suficientemente resistentes como para soportar las condiciones meteorol\u00f3gicas m\u00e1s extremas y han sido sometidos a pruebas exhaustivas:<\/div>\n<table class=\"quality-section-table four-columns\">\n<tbody>\n<tr class=\"icons\">\n<td><img decoding=\"async\" title=\"\" src=\"https:\/\/www.crimsontrace.com\/on\/demandware.static\/-\/Sites-CrimsonTrace_US-Library\/default\/dw2f9ab254\/images\/modules_system\/products\/brushline-hardline\/quality\/env-temp-high.png\" alt=\"\" \/><\/td>\n<td><img decoding=\"async\" title=\"\" src=\"https:\/\/www.crimsontrace.com\/on\/demandware.static\/-\/Sites-CrimsonTrace_US-Library\/default\/dw27212cbc\/images\/modules_system\/products\/brushline-hardline\/quality\/env-temp-low.png\" alt=\"\" \/><\/td>\n<td><img decoding=\"async\" title=\"\" src=\"https:\/\/www.crimsontrace.com\/on\/demandware.static\/-\/Sites-CrimsonTrace_US-Library\/default\/dwe4168fa3\/images\/modules_system\/products\/brushline-hardline\/quality\/env-temp-cycling.png\" alt=\"\" \/><\/td>\n<td><img decoding=\"async\" title=\"\" src=\"https:\/\/www.crimsontrace.com\/on\/demandware.static\/-\/Sites-CrimsonTrace_US-Library\/default\/dwd13f9095\/images\/modules_system\/products\/brushline-hardline\/quality\/env-vibration.png\" alt=\"\" \/><\/td>\n<\/tr>\n<tr class=\"copy\">\n<td>Temperaturas extremadamente altas<\/td>\n<td>Temperaturas extremadamente bajas<\/td>\n<td>Ciclado t\u00e9rmico<\/td>\n<td>Vibraci\u00f3n<\/td>\n<\/tr>\n<\/tbody>\n<\/table>\n<div class=\"quality-subheading\">Fiabilidad permanente<\/div>\n<div class=\"quality-copy\">Tanto si es un cazador ocasional como si es un LE, nuestros visores est\u00e1n probados para toda una vida de uso, incluyendo:<\/div>\n<table class=\"quality-section-table five-columns\">\n<tbody>\n<tr class=\"icons\">\n<td><img decoding=\"async\" title=\"\" src=\"https:\/\/www.crimsontrace.com\/on\/demandware.static\/-\/Sites-CrimsonTrace_US-Library\/default\/dw47a5c857\/images\/modules_system\/products\/brushline-hardline\/quality\/use-drop.png\" alt=\"\" \/><\/td>\n<td><img decoding=\"async\" title=\"\" src=\"https:\/\/www.crimsontrace.com\/on\/demandware.static\/-\/Sites-CrimsonTrace_US-Library\/default\/dw27271fcf\/images\/modules_system\/products\/brushline-hardline\/quality\/use-transportation.png\" alt=\"\" \/><\/td>\n<td><img decoding=\"async\" title=\"\" src=\"https:\/\/www.crimsontrace.com\/on\/demandware.static\/-\/Sites-CrimsonTrace_US-Library\/default\/dwd13f9095\/images\/modules_system\/products\/brushline-hardline\/quality\/env-vibration.png\" alt=\"\" \/><\/td>\n<td><img decoding=\"async\" title=\"\" src=\"https:\/\/www.crimsontrace.com\/on\/demandware.static\/-\/Sites-CrimsonTrace_US-Library\/default\/dw7e94c9c8\/images\/modules_system\/products\/brushline-hardline\/quality\/use-fluids.png\" alt=\"\" \/><\/td>\n<td><img decoding=\"async\" title=\"\" src=\"https:\/\/www.crimsontrace.com\/on\/demandware.static\/-\/Sites-CrimsonTrace_US-Library\/default\/dwa43429ec\/images\/modules_system\/products\/brushline-hardline\/quality\/use-corrosion.png\" alt=\"\" \/><\/td>\n<\/tr>\n<tr class=\"copy\">\n<td>Pruebas de ca\u00edda<\/td>\n<td>Transporte<\/td>\n<td>Vibraci\u00f3n<\/td>\n<td>Fluidos<\/td>\n<td>Corrosi\u00f3n<\/td>\n<\/tr>\n<\/tbody>\n<\/table>\n<div class=\"quality-subheading\">Bater\u00eda de Retenci\u00f3n del Anteojo<\/div>\n<div class=\"quality-copy\">Probado para cualquier calibre y toda una vida de rondas, nuestras rigurosas pruebas de retenci\u00f3n cero incluyen:<\/div>\n<table class=\"quality-section-table three-columns\">\n<tbody>\n<tr class=\"icons\">\n<td><img decoding=\"async\" title=\"\" src=\"https:\/\/www.crimsontrace.com\/on\/demandware.static\/-\/Sites-CrimsonTrace_US-Library\/default\/dwc2e5450a\/images\/modules_system\/products\/brushline-hardline\/quality\/bore-zero-retention.png\" alt=\"\" \/><\/td>\n<td><img decoding=\"async\" title=\"\" src=\"https:\/\/www.crimsontrace.com\/on\/demandware.static\/-\/Sites-CrimsonTrace_US-Library\/default\/dw17ba5505\/images\/modules_system\/products\/brushline-hardline\/quality\/bore-recoil-extreme.png\" alt=\"\" \/><\/td>\n<td><img decoding=\"async\" title=\"\" src=\"https:\/\/www.crimsontrace.com\/on\/demandware.static\/-\/Sites-CrimsonTrace_US-Library\/default\/dw3c6e2689\/images\/modules_system\/products\/brushline-hardline\/quality\/bore-recoil-lifetime.png\" alt=\"\" \/><\/td>\n<\/tr>\n<tr class=\"copy\">\n<td>Retenci\u00f3n cero<\/td>\n<td>Retroceso de alto calibre<\/td>\n<td>Retroceso de por vida<\/td>\n<\/tr>\n<\/tbody>\n<\/table>\n<div class=\"quality-subheading\">Pruebas de inmersi\u00f3n<\/div>\n<div class=\"quality-copy\">Rendimiento impecable llueva o haga sol, la integridad de nuestras juntas nunca se ve comprometida cuando se las somete a prueba:<\/div>\n<table class=\"quality-section-table two-columns\">\n<tbody>\n<tr class=\"icons\">\n<td><img decoding=\"async\" title=\"\" src=\"https:\/\/www.crimsontrace.com\/on\/demandware.static\/-\/Sites-CrimsonTrace_US-Library\/default\/dw2308824c\/images\/modules_system\/products\/brushline-hardline\/quality\/immersion-submersion.png\" alt=\"\" \/><\/td>\n<td><img decoding=\"async\" title=\"\" src=\"https:\/\/www.crimsontrace.com\/on\/demandware.static\/-\/Sites-CrimsonTrace_US-Library\/default\/dw96cb7566\/images\/modules_system\/products\/brushline-hardline\/quality\/immersion-verification.png\" alt=\"\" \/><\/td>\n<\/tr>\n<tr class=\"copy\">\n<td>Inmersi\u00f3n completa<\/td>\n<td>Verificaci\u00f3n por inmersi\u00f3n<\/td>\n<\/tr>\n<\/tbody>\n<\/table>\n<\/div>\n<\/div>\n<\/div>\n<\/div>","protected":false},"excerpt":{"rendered":"<div class=\"c-product__description tg-b2\" tabindex=\"0\">Las \u00f3pticas Crimson Trace Hardline Pro est\u00e1n dise\u00f1adas pensando en el tirador t\u00e1ctico y de punter\u00eda experimentado y han sido construidas desde cero. La l\u00ednea cuenta con tubos de 30 mm de calidad aeroespacial con opciones de Primer Plano Focal (FFP). La l\u00ednea ofrece \u00f3pticas de corto, medio y largo alcance con una variedad de ret\u00edculas personalizadas. Son totalmente multi-revestidos, purgados con nitr\u00f3geno, resistentes a los golpes y preparados para cualquier elemento que encuentren. Todos los visores Crimson Trace\u00ae est\u00e1n cubiertos por la garant\u00eda de protecci\u00f3n LIFETIME y respaldados por nuestro galardonado equipo de atenci\u00f3n al cliente.<\/div>","protected":false},"featured_media":1471,"comment_status":"open","ping_status":"closed","template":"","meta":[],"etheme_brands":[{"term_id":45,"name":"Crimson Trace","slug":"crimson-trace","term_group":0,"term_taxonomy_id":45,"taxonomy":"brand","description":"Crimson Trace is a manufacturer dedicated to producing the highest quality laser sights, tactical lights, electronic sights, and riflescopes for your pistols, rifles, and shotguns.","parent":0,"count":6,"filter":"raw"}],"product_brand":[],"product_cat":[49],"product_tag":[],"class_list":{"0":"post-1442","1":"product","2":"type-product","3":"status-publish","4":"has-post-thumbnail","6":"brand-crimson-trace","7":"product_cat-rifle-scopes","9":"first","10":"instock","11":"sale","12":"taxable","13":"shipping-taxable","14":"purchasable","15":"product-type-simple"},"yoast_head":"<!-- This site is optimized with the Yoast SEO Premium plugin v25.7.1 (Yoast SEO v27.4) - https:\/\/yoast.com\/product\/yoast-seo-premium-wordpress\/ -->\n<title>Crimson Trace Hardline Pro 4-16x50 FFP MOA ILL - Hunter Optics<\/title>\n<meta name=\"description\" content=\"The Crimson Trace Hardline Pro optics are designed with the experienced tactical and target shooter in mind and have been purposefully built from the ground up.\" \/>\n<meta name=\"robots\" content=\"index, follow, max-snippet:-1, max-image-preview:large, max-video-preview:-1\" \/>\n<link rel=\"canonical\" href=\"https:\/\/hunter-optics.com\/es\/producto\/crimson-trace-hardline-pro-4-16x50-ffp-moa-ill\/\" \/>\n<meta property=\"og:locale\" content=\"es_ES\" \/>\n<meta property=\"og:type\" content=\"article\" \/>\n<meta property=\"og:title\" content=\"Crimson Trace Hardline Pro 4-16x50 FFP MOA ILL\" \/>\n<meta property=\"og:description\" content=\"The Crimson Trace Hardline Pro optics are designed with the experienced tactical and target shooter in mind and have been purposefully built from the ground up.\" \/>\n<meta property=\"og:url\" content=\"https:\/\/hunter-optics.com\/es\/producto\/crimson-trace-hardline-pro-4-16x50-ffp-moa-ill\/\" \/>\n<meta property=\"og:site_name\" content=\"Hunter Optics\" \/>\n<meta property=\"article:modified_time\" content=\"2025-07-29T05:48:11+00:00\" \/>\n<meta property=\"og:image\" content=\"https:\/\/hunter-optics.com\/wp-content\/uploads\/2025\/07\/Hardline-Pro-4-16x50-FFP-MOA-ILL.jpg\" \/>\n\t<meta property=\"og:image:width\" content=\"876\" \/>\n\t<meta property=\"og:image:height\" content=\"876\" \/>\n\t<meta property=\"og:image:type\" content=\"image\/jpeg\" \/>\n<meta name=\"twitter:card\" content=\"summary_large_image\" \/>\n<meta name=\"twitter:label1\" content=\"Precio\" \/>\n\t<meta name=\"twitter:data1\" content=\"&#036;1,000.99\" \/>\n\t<meta name=\"twitter:label2\" content=\"Disponibilidad\" \/>\n\t<meta name=\"twitter:data2\" content=\"Disponible\" \/>\n<script type=\"application\/ld+json\" class=\"yoast-schema-graph\">{\"@context\":\"https:\\\/\\\/schema.org\",\"@graph\":[{\"@type\":\"WebPage\",\"@id\":\"https:\\\/\\\/hunter-optics.com\\\/product\\\/crimson-trace-hardline-pro-4-16x50-ffp-moa-ill\\\/\",\"url\":\"https:\\\/\\\/hunter-optics.com\\\/product\\\/crimson-trace-hardline-pro-4-16x50-ffp-moa-ill\\\/\",\"name\":\"Crimson Trace Hardline Pro 4-16x50 FFP MOA ILL - Hunter Optics\",\"isPartOf\":{\"@id\":\"https:\\\/\\\/hunter-optics.com\\\/#website\"},\"primaryImageOfPage\":{\"@id\":\"https:\\\/\\\/hunter-optics.com\\\/product\\\/crimson-trace-hardline-pro-4-16x50-ffp-moa-ill\\\/#primaryimage\"},\"image\":{\"@id\":\"https:\\\/\\\/hunter-optics.com\\\/product\\\/crimson-trace-hardline-pro-4-16x50-ffp-moa-ill\\\/#primaryimage\"},\"thumbnailUrl\":\"https:\\\/\\\/hunter-optics.com\\\/wp-content\\\/uploads\\\/2025\\\/07\\\/Hardline-Pro-4-16x50-FFP-MOA-ILL.jpg\",\"datePublished\":\"2025-07-24T10:04:54+00:00\",\"dateModified\":\"2025-07-29T05:48:11+00:00\",\"description\":\"The Crimson Trace Hardline Pro optics are designed with the experienced tactical and target shooter in mind and have been purposefully built from the ground up.\",\"breadcrumb\":{\"@id\":\"https:\\\/\\\/hunter-optics.com\\\/product\\\/crimson-trace-hardline-pro-4-16x50-ffp-moa-ill\\\/#breadcrumb\"},\"inLanguage\":\"es\",\"potentialAction\":[{\"@type\":\"ReadAction\",\"target\":[\"https:\\\/\\\/hunter-optics.com\\\/product\\\/crimson-trace-hardline-pro-4-16x50-ffp-moa-ill\\\/\"]}]},{\"@type\":\"ImageObject\",\"inLanguage\":\"es\",\"@id\":\"https:\\\/\\\/hunter-optics.com\\\/product\\\/crimson-trace-hardline-pro-4-16x50-ffp-moa-ill\\\/#primaryimage\",\"url\":\"https:\\\/\\\/hunter-optics.com\\\/wp-content\\\/uploads\\\/2025\\\/07\\\/Hardline-Pro-4-16x50-FFP-MOA-ILL.jpg\",\"contentUrl\":\"https:\\\/\\\/hunter-optics.com\\\/wp-content\\\/uploads\\\/2025\\\/07\\\/Hardline-Pro-4-16x50-FFP-MOA-ILL.jpg\",\"width\":876,\"height\":876},{\"@type\":\"BreadcrumbList\",\"@id\":\"https:\\\/\\\/hunter-optics.com\\\/product\\\/crimson-trace-hardline-pro-4-16x50-ffp-moa-ill\\\/#breadcrumb\",\"itemListElement\":[{\"@type\":\"ListItem\",\"position\":1,\"name\":\"Home\",\"item\":\"https:\\\/\\\/hunter-optics.com\\\/\"},{\"@type\":\"ListItem\",\"position\":2,\"name\":\"Products\",\"item\":\"https:\\\/\\\/hunter-optics.com\\\/shop\\\/\"},{\"@type\":\"ListItem\",\"position\":3,\"name\":\"Crimson Trace Hardline Pro 4-16&#215;50 FFP MOA ILL\"}]},{\"@type\":\"WebSite\",\"@id\":\"https:\\\/\\\/hunter-optics.com\\\/#website\",\"url\":\"https:\\\/\\\/hunter-optics.com\\\/\",\"name\":\"Hunter Optics\",\"description\":\"Hunter Optics \u2014 Your Eye on the Target.\",\"publisher\":{\"@id\":\"https:\\\/\\\/hunter-optics.com\\\/#organization\"},\"potentialAction\":[{\"@type\":\"SearchAction\",\"target\":{\"@type\":\"EntryPoint\",\"urlTemplate\":\"https:\\\/\\\/hunter-optics.com\\\/?s={search_term_string}\"},\"query-input\":{\"@type\":\"PropertyValueSpecification\",\"valueRequired\":true,\"valueName\":\"search_term_string\"}}],\"inLanguage\":\"es\"},{\"@type\":\"Organization\",\"@id\":\"https:\\\/\\\/hunter-optics.com\\\/#organization\",\"name\":\"Hunter Optics\",\"url\":\"https:\\\/\\\/hunter-optics.com\\\/\",\"logo\":{\"@type\":\"ImageObject\",\"inLanguage\":\"es\",\"@id\":\"https:\\\/\\\/hunter-optics.com\\\/#\\\/schema\\\/logo\\\/image\\\/\",\"url\":\"https:\\\/\\\/hunter-optics.com\\\/wp-content\\\/uploads\\\/2025\\\/06\\\/hunter-optics-logo-1.png\",\"contentUrl\":\"https:\\\/\\\/hunter-optics.com\\\/wp-content\\\/uploads\\\/2025\\\/06\\\/hunter-optics-logo-1.png\",\"width\":937,\"height\":373,\"caption\":\"Hunter Optics\"},\"image\":{\"@id\":\"https:\\\/\\\/hunter-optics.com\\\/#\\\/schema\\\/logo\\\/image\\\/\"}}]}<\/script>\n<meta property=\"product:brand\" content=\"Crimson Trace\" \/>\n<meta property=\"product:price:amount\" content=\"1000.99\" \/>\n<meta property=\"product:price:currency\" content=\"USD\" \/>\n<meta property=\"og:availability\" content=\"instock\" \/>\n<meta property=\"product:availability\" content=\"instock\" \/>\n<meta property=\"product:condition\" content=\"new\" \/>\n<!-- \/ Yoast SEO Premium plugin. -->","yoast_head_json":{"title":"Crimson Trace Hardline Pro 4-16x50 FFP MOA ILL - Hunter Optics","description":"Las \u00f3pticas Crimson Trace Hardline Pro est\u00e1n dise\u00f1adas pensando en el tirador t\u00e1ctico y de punter\u00eda experimentado y han sido construidas desde cero.","robots":{"index":"index","follow":"follow","max-snippet":"max-snippet:-1","max-image-preview":"max-image-preview:large","max-video-preview":"max-video-preview:-1"},"canonical":"https:\/\/hunter-optics.com\/es\/producto\/crimson-trace-hardline-pro-4-16x50-ffp-moa-ill\/","og_locale":"es_ES","og_type":"article","og_title":"Crimson Trace Hardline Pro 4-16x50 FFP MOA ILL","og_description":"The Crimson Trace Hardline Pro optics are designed with the experienced tactical and target shooter in mind and have been purposefully built from the ground up.","og_url":"https:\/\/hunter-optics.com\/es\/producto\/crimson-trace-hardline-pro-4-16x50-ffp-moa-ill\/","og_site_name":"Hunter Optics","article_modified_time":"2025-07-29T05:48:11+00:00","og_image":[{"width":876,"height":876,"url":"https:\/\/hunter-optics.com\/wp-content\/uploads\/2025\/07\/Hardline-Pro-4-16x50-FFP-MOA-ILL.jpg","type":"image\/jpeg"}],"twitter_card":"summary_large_image","twitter_misc":{"Precio":"&#36;1,000.99","Disponibilidad":"Disponible"},"schema":{"@context":"https:\/\/schema.org","@graph":[{"@type":"WebPage","@id":"https:\/\/hunter-optics.com\/product\/crimson-trace-hardline-pro-4-16x50-ffp-moa-ill\/","url":"https:\/\/hunter-optics.com\/product\/crimson-trace-hardline-pro-4-16x50-ffp-moa-ill\/","name":"Crimson Trace Hardline Pro 4-16x50 FFP MOA ILL - Hunter Optics","isPartOf":{"@id":"https:\/\/hunter-optics.com\/#website"},"primaryImageOfPage":{"@id":"https:\/\/hunter-optics.com\/product\/crimson-trace-hardline-pro-4-16x50-ffp-moa-ill\/#primaryimage"},"image":{"@id":"https:\/\/hunter-optics.com\/product\/crimson-trace-hardline-pro-4-16x50-ffp-moa-ill\/#primaryimage"},"thumbnailUrl":"https:\/\/hunter-optics.com\/wp-content\/uploads\/2025\/07\/Hardline-Pro-4-16x50-FFP-MOA-ILL.jpg","datePublished":"2025-07-24T10:04:54+00:00","dateModified":"2025-07-29T05:48:11+00:00","description":"Las \u00f3pticas Crimson Trace Hardline Pro est\u00e1n dise\u00f1adas pensando en el tirador t\u00e1ctico y de punter\u00eda experimentado y han sido construidas desde cero.","breadcrumb":{"@id":"https:\/\/hunter-optics.com\/product\/crimson-trace-hardline-pro-4-16x50-ffp-moa-ill\/#breadcrumb"},"inLanguage":"es","potentialAction":[{"@type":"ReadAction","target":["https:\/\/hunter-optics.com\/product\/crimson-trace-hardline-pro-4-16x50-ffp-moa-ill\/"]}]},{"@type":"ImageObject","inLanguage":"es","@id":"https:\/\/hunter-optics.com\/product\/crimson-trace-hardline-pro-4-16x50-ffp-moa-ill\/#primaryimage","url":"https:\/\/hunter-optics.com\/wp-content\/uploads\/2025\/07\/Hardline-Pro-4-16x50-FFP-MOA-ILL.jpg","contentUrl":"https:\/\/hunter-optics.com\/wp-content\/uploads\/2025\/07\/Hardline-Pro-4-16x50-FFP-MOA-ILL.jpg","width":876,"height":876},{"@type":"BreadcrumbList","@id":"https:\/\/hunter-optics.com\/product\/crimson-trace-hardline-pro-4-16x50-ffp-moa-ill\/#breadcrumb","itemListElement":[{"@type":"ListItem","position":1,"name":"Home","item":"https:\/\/hunter-optics.com\/"},{"@type":"ListItem","position":2,"name":"Products","item":"https:\/\/hunter-optics.com\/shop\/"},{"@type":"ListItem","position":3,"name":"Crimson Trace Hardline Pro 4-16&#215;50 FFP MOA ILL"}]},{"@type":"WebSite","@id":"https:\/\/hunter-optics.com\/#website","url":"https:\/\/hunter-optics.com\/","name":"\u00d3ptica Hunter","description":"Hunter Optics - Su ojo en el objetivo.","publisher":{"@id":"https:\/\/hunter-optics.com\/#organization"},"potentialAction":[{"@type":"SearchAction","target":{"@type":"EntryPoint","urlTemplate":"https:\/\/hunter-optics.com\/?s={search_term_string}"},"query-input":{"@type":"PropertyValueSpecification","valueRequired":true,"valueName":"search_term_string"}}],"inLanguage":"es"},{"@type":"Organization","@id":"https:\/\/hunter-optics.com\/#organization","name":"\u00d3ptica Hunter","url":"https:\/\/hunter-optics.com\/","logo":{"@type":"ImageObject","inLanguage":"es","@id":"https:\/\/hunter-optics.com\/#\/schema\/logo\/image\/","url":"https:\/\/hunter-optics.com\/wp-content\/uploads\/2025\/06\/hunter-optics-logo-1.png","contentUrl":"https:\/\/hunter-optics.com\/wp-content\/uploads\/2025\/06\/hunter-optics-logo-1.png","width":937,"height":373,"caption":"Hunter Optics"},"image":{"@id":"https:\/\/hunter-optics.com\/#\/schema\/logo\/image\/"}}]},"product_brand":"Crimson Trace","product_price_amount":"1000.99","product_price_currency":"USD","og_availability":"instock","product_availability":"instock","product_condition":"new"},"_links":{"self":[{"href":"https:\/\/hunter-optics.com\/es\/wp-json\/wp\/v2\/product\/1442","targetHints":{"allow":["GET"]}}],"collection":[{"href":"https:\/\/hunter-optics.com\/es\/wp-json\/wp\/v2\/product"}],"about":[{"href":"https:\/\/hunter-optics.com\/es\/wp-json\/wp\/v2\/types\/product"}],"replies":[{"embeddable":true,"href":"https:\/\/hunter-optics.com\/es\/wp-json\/wp\/v2\/comments?post=1442"}],"version-history":[{"count":5,"href":"https:\/\/hunter-optics.com\/es\/wp-json\/wp\/v2\/product\/1442\/revisions"}],"predecessor-version":[{"id":1477,"href":"https:\/\/hunter-optics.com\/es\/wp-json\/wp\/v2\/product\/1442\/revisions\/1477"}],"wp:featuredmedia":[{"embeddable":true,"href":"https:\/\/hunter-optics.com\/es\/wp-json\/wp\/v2\/media\/1471"}],"wp:attachment":[{"href":"https:\/\/hunter-optics.com\/es\/wp-json\/wp\/v2\/media?parent=1442"}],"wp:term":[{"taxonomy":"brand","embeddable":true,"href":"https:\/\/hunter-optics.com\/es\/wp-json\/wp\/v2\/etheme_brands?post=1442"},{"taxonomy":"product_brand","embeddable":true,"href":"https:\/\/hunter-optics.com\/es\/wp-json\/wp\/v2\/product_brand?post=1442"},{"taxonomy":"product_cat","embeddable":true,"href":"https:\/\/hunter-optics.com\/es\/wp-json\/wp\/v2\/product_cat?post=1442"},{"taxonomy":"product_tag","embeddable":true,"href":"https:\/\/hunter-optics.com\/es\/wp-json\/wp\/v2\/product_tag?post=1442"}],"curies":[{"name":"wp","href":"https:\/\/api.w.org\/{rel}","templated":true}]}}