{"id":1434,"date":"2025-07-24T10:02:21","date_gmt":"2025-07-24T10:02:21","guid":{"rendered":"https:\/\/hunter-optics.com\/?post_type=product&#038;p=1434"},"modified":"2025-07-29T05:54:03","modified_gmt":"2025-07-29T05:54:03","slug":"crimson-trace-hardline-1-8x28-34mm-mil","status":"publish","type":"product","link":"https:\/\/hunter-optics.com\/es\/producto\/crimson-trace-hardline-1-8x28-34mm-mil\/","title":{"rendered":"Crimson Trace Hardline 1-8\u00d728 34mm MIL"},"content":{"rendered":"<div class=\"c-product__section-body c-toggler__content\">\n<div class=\"product-main-attributes attribute-table\">\n<ul class=\"attribute-info\">\n<li class=\"attribute tg-b2\"><span class=\"label tg-b2\">Aumento:<\/span><span class=\"value tg-b2\">1-8x <\/span><\/li>\n<li class=\"attribute tg-b2\"><span class=\"label tg-b2\">Plano focal:<\/span><span class=\"value tg-b2\">2\u00aa <\/span><\/li>\n<li class=\"attribute tg-b2\"><span class=\"label tg-b2\">Di\u00e1metro del tubo:<\/span><span class=\"value tg-b2\">34 mm <\/span><\/li>\n<li class=\"attribute tg-b2\"><span class=\"label tg-b2\">Alivio ocular (pulg.):<\/span><span class=\"value tg-b2\">3.5&#8243; <\/span><\/li>\n<li class=\"attribute tg-b2\"><span class=\"label tg-b2\">Construcci\u00f3n:<\/span><span class=\"value tg-b2\">Aluminio aeroespacial <\/span><\/li>\n<li class=\"attribute tg-b2\"><span class=\"label tg-b2\">Resistencia al agua:<\/span><span class=\"value tg-b2\">IPX7 <\/span><\/li>\n<li class=\"attribute tg-b2\"><span class=\"label tg-b2\">Peso del producto:<\/span><span class=\"value tg-b2\">18oz oz <\/span><\/li>\n<li class=\"attribute tg-b2\"><span class=\"label tg-b2\">Ret\u00edcula:<\/span> <span class=\"value tg-b2\">Ret\u00edcula CT TR1-MOA iluminada <\/span><\/li>\n<li class=\"attribute tg-b2\"><span class=\"label tg-b2\">Di\u00e1metro del objetivo:<\/span><span class=\"value tg-b2\">28 <\/span><\/li>\n<li class=\"attribute tg-b2\"><span class=\"label tg-b2\">Pupila de salida (mm):<\/span><span class=\"value tg-b2\">8.5~2.95 <\/span><\/li>\n<li class=\"attribute tg-b2\"><span class=\"label tg-b2\">FOV pies @100yd:<\/span><span class=\"value tg-b2\">15.53~118.5 <\/span><\/li>\n<li class=\"attribute tg-b2\"><span class=\"label tg-b2\">Haga clic en Valor:<\/span><span class=\"value tg-b2\">1\/10 Mil <\/span><\/li>\n<li class=\"attribute tg-b2\"><span class=\"label tg-b2\">E\/W Rango de ajuste:<\/span><span class=\"value tg-b2\">32 MIL <\/span><\/li>\n<li class=\"attribute tg-b2\"><span class=\"label tg-b2\">Paralax Setting Yards:<\/span><span class=\"value tg-b2\">100.00 <\/span><\/li>\n<li class=\"attribute tg-b2\"><span class=\"label tg-b2\">Recubrimiento de la lente:<\/span><span class=\"value tg-b2\">Totalmente Multicoated con CT MOC <\/span><\/li>\n<li class=\"attribute tg-b2\"><span class=\"label tg-b2\">Iluminar Ret\u00edcula:<\/span><span class=\"value tg-b2\">S\u00ed <\/span><\/li>\n<li class=\"attribute tg-b2\"><span class=\"label tg-b2\">Transmitancia luminosa (%):<\/span><span class=\"value tg-b2\">88 <\/span><\/li>\n<li class=\"attribute tg-b2\"><span class=\"label tg-b2\">Longitud total:<\/span><span class=\"value tg-b2\">10.67 <\/span><\/li>\n<\/ul>\n<\/div>\n<\/div>","protected":false},"excerpt":{"rendered":"<p>Los visores Crimson Trace Hardline Low Power Variable Optics est\u00e1n dise\u00f1ados deliberadamente para todo el mundo, desde profesionales t\u00e1cticos hasta tiradores de patio trasero. La l\u00ednea de visores Crimson Trace Low Power Variable Optic es la adecuada para usted. La l\u00ednea presenta m\u00faltiples \u00f3pticas con varias opciones de aumento y medici\u00f3n. Todas las ret\u00edculas est\u00e1n calibradas para ser precisas pero lo suficientemente robustas para el uso de m\u00faltiples calibres entre m\u00faltiples plataformas diferentes. Todos los LPVO cuentan con un tubo de 34 mm fabricado en aluminio anodizado de calidad aeroespacial que es extremadamente ligero y duradero. Los visores son a prueba de golpes seg\u00fan el protocolo de pruebas MIL-STD-810G y son impermeables seg\u00fan el protocolo IPX7, lo que permite sumergir la \u00f3ptica en 1 metro de agua durante 30 minutos. Todos los visores tienen un revestimiento m\u00faltiple completo y una transmisi\u00f3n de la luz y una calidad del cristal excepcionales. La purga de nitr\u00f3geno evita que los visores se empa\u00f1en en cualquier entorno. Las ret\u00edculas de cristal grabado y el cristal de calidad permiten un excelente campo de visi\u00f3n.<\/p>","protected":false},"featured_media":1435,"comment_status":"open","ping_status":"closed","template":"","meta":[],"etheme_brands":[{"term_id":45,"name":"Crimson Trace","slug":"crimson-trace","term_group":0,"term_taxonomy_id":45,"taxonomy":"brand","description":"Crimson Trace is a manufacturer dedicated to producing the highest quality laser sights, tactical lights, electronic sights, and riflescopes for your pistols, rifles, and shotguns.","parent":0,"count":6,"filter":"raw"}],"product_brand":[],"product_cat":[49],"product_tag":[],"class_list":{"0":"post-1434","1":"product","2":"type-product","3":"status-publish","4":"has-post-thumbnail","6":"brand-crimson-trace","7":"product_cat-rifle-scopes","9":"first","10":"instock","11":"sale","12":"taxable","13":"shipping-taxable","14":"purchasable","15":"product-type-simple"},"yoast_head":"<!-- This site is optimized with the Yoast SEO Premium plugin v25.7.1 (Yoast SEO v27.4) - https:\/\/yoast.com\/product\/yoast-seo-premium-wordpress\/ -->\n<title>Crimson Trace Hardline 1-8x28 34mm MIL - Hunter Optics<\/title>\n<meta name=\"description\" content=\"The Crimson Trace Hardline 1-8x28 34mm MIL Hardline Low Power Variable Optics are deliberately built for everyone from tactical professionals to backyard plinkers.\" \/>\n<meta name=\"robots\" content=\"index, follow, max-snippet:-1, max-image-preview:large, max-video-preview:-1\" \/>\n<link rel=\"canonical\" href=\"https:\/\/hunter-optics.com\/es\/producto\/crimson-trace-hardline-1-8x28-34mm-mil\/\" \/>\n<meta property=\"og:locale\" content=\"es_ES\" \/>\n<meta property=\"og:type\" content=\"article\" \/>\n<meta property=\"og:title\" content=\"Crimson Trace Hardline 1-8x28 34mm MIL\" \/>\n<meta property=\"og:description\" content=\"The Crimson Trace Hardline 1-8x28 34mm MIL Hardline Low Power Variable Optics are deliberately built for everyone from tactical professionals to backyard plinkers.\" \/>\n<meta property=\"og:url\" content=\"https:\/\/hunter-optics.com\/es\/producto\/crimson-trace-hardline-1-8x28-34mm-mil\/\" \/>\n<meta property=\"og:site_name\" content=\"Hunter Optics\" \/>\n<meta property=\"article:modified_time\" content=\"2025-07-29T05:54:03+00:00\" \/>\n<meta property=\"og:image\" content=\"https:\/\/hunter-optics.com\/wp-content\/uploads\/2025\/07\/Hardline-1-8x28-1.jpg\" \/>\n\t<meta property=\"og:image:width\" content=\"876\" \/>\n\t<meta property=\"og:image:height\" content=\"876\" \/>\n\t<meta property=\"og:image:type\" content=\"image\/jpeg\" \/>\n<meta name=\"twitter:card\" content=\"summary_large_image\" \/>\n<meta name=\"twitter:label1\" content=\"Precio\" \/>\n\t<meta name=\"twitter:data1\" content=\"&#036;369.99\" \/>\n\t<meta name=\"twitter:label2\" content=\"Disponibilidad\" \/>\n\t<meta name=\"twitter:data2\" content=\"Disponible\" \/>\n<script type=\"application\/ld+json\" class=\"yoast-schema-graph\">{\"@context\":\"https:\\\/\\\/schema.org\",\"@graph\":[{\"@type\":\"WebPage\",\"@id\":\"https:\\\/\\\/hunter-optics.com\\\/product\\\/crimson-trace-hardline-1-8x28-34mm-mil\\\/\",\"url\":\"https:\\\/\\\/hunter-optics.com\\\/product\\\/crimson-trace-hardline-1-8x28-34mm-mil\\\/\",\"name\":\"Crimson Trace Hardline 1-8x28 34mm MIL - Hunter Optics\",\"isPartOf\":{\"@id\":\"https:\\\/\\\/hunter-optics.com\\\/#website\"},\"primaryImageOfPage\":{\"@id\":\"https:\\\/\\\/hunter-optics.com\\\/product\\\/crimson-trace-hardline-1-8x28-34mm-mil\\\/#primaryimage\"},\"image\":{\"@id\":\"https:\\\/\\\/hunter-optics.com\\\/product\\\/crimson-trace-hardline-1-8x28-34mm-mil\\\/#primaryimage\"},\"thumbnailUrl\":\"https:\\\/\\\/hunter-optics.com\\\/wp-content\\\/uploads\\\/2025\\\/07\\\/Hardline-1-8x28-1.jpg\",\"datePublished\":\"2025-07-24T10:02:21+00:00\",\"dateModified\":\"2025-07-29T05:54:03+00:00\",\"description\":\"The Crimson Trace Hardline 1-8x28 34mm MIL Hardline Low Power Variable Optics are deliberately built for everyone from tactical professionals to backyard plinkers.\",\"breadcrumb\":{\"@id\":\"https:\\\/\\\/hunter-optics.com\\\/product\\\/crimson-trace-hardline-1-8x28-34mm-mil\\\/#breadcrumb\"},\"inLanguage\":\"es\",\"potentialAction\":[{\"@type\":\"ReadAction\",\"target\":[\"https:\\\/\\\/hunter-optics.com\\\/product\\\/crimson-trace-hardline-1-8x28-34mm-mil\\\/\"]}]},{\"@type\":\"ImageObject\",\"inLanguage\":\"es\",\"@id\":\"https:\\\/\\\/hunter-optics.com\\\/product\\\/crimson-trace-hardline-1-8x28-34mm-mil\\\/#primaryimage\",\"url\":\"https:\\\/\\\/hunter-optics.com\\\/wp-content\\\/uploads\\\/2025\\\/07\\\/Hardline-1-8x28-1.jpg\",\"contentUrl\":\"https:\\\/\\\/hunter-optics.com\\\/wp-content\\\/uploads\\\/2025\\\/07\\\/Hardline-1-8x28-1.jpg\",\"width\":876,\"height\":876},{\"@type\":\"BreadcrumbList\",\"@id\":\"https:\\\/\\\/hunter-optics.com\\\/product\\\/crimson-trace-hardline-1-8x28-34mm-mil\\\/#breadcrumb\",\"itemListElement\":[{\"@type\":\"ListItem\",\"position\":1,\"name\":\"Home\",\"item\":\"https:\\\/\\\/hunter-optics.com\\\/\"},{\"@type\":\"ListItem\",\"position\":2,\"name\":\"Products\",\"item\":\"https:\\\/\\\/hunter-optics.com\\\/shop\\\/\"},{\"@type\":\"ListItem\",\"position\":3,\"name\":\"Crimson Trace Hardline 1-8&#215;28 34mm MIL\"}]},{\"@type\":\"WebSite\",\"@id\":\"https:\\\/\\\/hunter-optics.com\\\/#website\",\"url\":\"https:\\\/\\\/hunter-optics.com\\\/\",\"name\":\"Hunter Optics\",\"description\":\"Hunter Optics \u2014 Your Eye on the Target.\",\"publisher\":{\"@id\":\"https:\\\/\\\/hunter-optics.com\\\/#organization\"},\"potentialAction\":[{\"@type\":\"SearchAction\",\"target\":{\"@type\":\"EntryPoint\",\"urlTemplate\":\"https:\\\/\\\/hunter-optics.com\\\/?s={search_term_string}\"},\"query-input\":{\"@type\":\"PropertyValueSpecification\",\"valueRequired\":true,\"valueName\":\"search_term_string\"}}],\"inLanguage\":\"es\"},{\"@type\":\"Organization\",\"@id\":\"https:\\\/\\\/hunter-optics.com\\\/#organization\",\"name\":\"Hunter Optics\",\"url\":\"https:\\\/\\\/hunter-optics.com\\\/\",\"logo\":{\"@type\":\"ImageObject\",\"inLanguage\":\"es\",\"@id\":\"https:\\\/\\\/hunter-optics.com\\\/#\\\/schema\\\/logo\\\/image\\\/\",\"url\":\"https:\\\/\\\/hunter-optics.com\\\/wp-content\\\/uploads\\\/2025\\\/06\\\/hunter-optics-logo-1.png\",\"contentUrl\":\"https:\\\/\\\/hunter-optics.com\\\/wp-content\\\/uploads\\\/2025\\\/06\\\/hunter-optics-logo-1.png\",\"width\":937,\"height\":373,\"caption\":\"Hunter Optics\"},\"image\":{\"@id\":\"https:\\\/\\\/hunter-optics.com\\\/#\\\/schema\\\/logo\\\/image\\\/\"}}]}<\/script>\n<meta property=\"product:brand\" content=\"Crimson Trace\" \/>\n<meta property=\"product:price:amount\" content=\"369.99\" \/>\n<meta property=\"product:price:currency\" content=\"USD\" \/>\n<meta property=\"og:availability\" content=\"instock\" \/>\n<meta property=\"product:availability\" content=\"instock\" \/>\n<meta property=\"product:condition\" content=\"new\" \/>\n<!-- \/ Yoast SEO Premium plugin. -->","yoast_head_json":{"title":"Crimson Trace Hardline 1-8x28 34mm MIL - Hunter Optics","description":"El Crimson Trace Hardline 1-8x28 34mm MIL Hardline Low Power Variable Optics est\u00e1 deliberadamente construido para todos, desde los profesionales t\u00e1cticos a los plinkers de patio trasero.","robots":{"index":"index","follow":"follow","max-snippet":"max-snippet:-1","max-image-preview":"max-image-preview:large","max-video-preview":"max-video-preview:-1"},"canonical":"https:\/\/hunter-optics.com\/es\/producto\/crimson-trace-hardline-1-8x28-34mm-mil\/","og_locale":"es_ES","og_type":"article","og_title":"Crimson Trace Hardline 1-8x28 34mm MIL","og_description":"The Crimson Trace Hardline 1-8x28 34mm MIL Hardline Low Power Variable Optics are deliberately built for everyone from tactical professionals to backyard plinkers.","og_url":"https:\/\/hunter-optics.com\/es\/producto\/crimson-trace-hardline-1-8x28-34mm-mil\/","og_site_name":"Hunter Optics","article_modified_time":"2025-07-29T05:54:03+00:00","og_image":[{"width":876,"height":876,"url":"https:\/\/hunter-optics.com\/wp-content\/uploads\/2025\/07\/Hardline-1-8x28-1.jpg","type":"image\/jpeg"}],"twitter_card":"summary_large_image","twitter_misc":{"Precio":"&#36;369.99","Disponibilidad":"Disponible"},"schema":{"@context":"https:\/\/schema.org","@graph":[{"@type":"WebPage","@id":"https:\/\/hunter-optics.com\/product\/crimson-trace-hardline-1-8x28-34mm-mil\/","url":"https:\/\/hunter-optics.com\/product\/crimson-trace-hardline-1-8x28-34mm-mil\/","name":"Crimson Trace Hardline 1-8x28 34mm MIL - Hunter Optics","isPartOf":{"@id":"https:\/\/hunter-optics.com\/#website"},"primaryImageOfPage":{"@id":"https:\/\/hunter-optics.com\/product\/crimson-trace-hardline-1-8x28-34mm-mil\/#primaryimage"},"image":{"@id":"https:\/\/hunter-optics.com\/product\/crimson-trace-hardline-1-8x28-34mm-mil\/#primaryimage"},"thumbnailUrl":"https:\/\/hunter-optics.com\/wp-content\/uploads\/2025\/07\/Hardline-1-8x28-1.jpg","datePublished":"2025-07-24T10:02:21+00:00","dateModified":"2025-07-29T05:54:03+00:00","description":"El Crimson Trace Hardline 1-8x28 34mm MIL Hardline Low Power Variable Optics est\u00e1 deliberadamente construido para todos, desde los profesionales t\u00e1cticos a los plinkers de patio trasero.","breadcrumb":{"@id":"https:\/\/hunter-optics.com\/product\/crimson-trace-hardline-1-8x28-34mm-mil\/#breadcrumb"},"inLanguage":"es","potentialAction":[{"@type":"ReadAction","target":["https:\/\/hunter-optics.com\/product\/crimson-trace-hardline-1-8x28-34mm-mil\/"]}]},{"@type":"ImageObject","inLanguage":"es","@id":"https:\/\/hunter-optics.com\/product\/crimson-trace-hardline-1-8x28-34mm-mil\/#primaryimage","url":"https:\/\/hunter-optics.com\/wp-content\/uploads\/2025\/07\/Hardline-1-8x28-1.jpg","contentUrl":"https:\/\/hunter-optics.com\/wp-content\/uploads\/2025\/07\/Hardline-1-8x28-1.jpg","width":876,"height":876},{"@type":"BreadcrumbList","@id":"https:\/\/hunter-optics.com\/product\/crimson-trace-hardline-1-8x28-34mm-mil\/#breadcrumb","itemListElement":[{"@type":"ListItem","position":1,"name":"Home","item":"https:\/\/hunter-optics.com\/"},{"@type":"ListItem","position":2,"name":"Products","item":"https:\/\/hunter-optics.com\/shop\/"},{"@type":"ListItem","position":3,"name":"Crimson Trace Hardline 1-8&#215;28 34mm MIL"}]},{"@type":"WebSite","@id":"https:\/\/hunter-optics.com\/#website","url":"https:\/\/hunter-optics.com\/","name":"\u00d3ptica Hunter","description":"Hunter Optics - Su ojo en el objetivo.","publisher":{"@id":"https:\/\/hunter-optics.com\/#organization"},"potentialAction":[{"@type":"SearchAction","target":{"@type":"EntryPoint","urlTemplate":"https:\/\/hunter-optics.com\/?s={search_term_string}"},"query-input":{"@type":"PropertyValueSpecification","valueRequired":true,"valueName":"search_term_string"}}],"inLanguage":"es"},{"@type":"Organization","@id":"https:\/\/hunter-optics.com\/#organization","name":"\u00d3ptica Hunter","url":"https:\/\/hunter-optics.com\/","logo":{"@type":"ImageObject","inLanguage":"es","@id":"https:\/\/hunter-optics.com\/#\/schema\/logo\/image\/","url":"https:\/\/hunter-optics.com\/wp-content\/uploads\/2025\/06\/hunter-optics-logo-1.png","contentUrl":"https:\/\/hunter-optics.com\/wp-content\/uploads\/2025\/06\/hunter-optics-logo-1.png","width":937,"height":373,"caption":"Hunter Optics"},"image":{"@id":"https:\/\/hunter-optics.com\/#\/schema\/logo\/image\/"}}]},"product_brand":"Crimson Trace","product_price_amount":"369.99","product_price_currency":"USD","og_availability":"instock","product_availability":"instock","product_condition":"new"},"_links":{"self":[{"href":"https:\/\/hunter-optics.com\/es\/wp-json\/wp\/v2\/product\/1434","targetHints":{"allow":["GET"]}}],"collection":[{"href":"https:\/\/hunter-optics.com\/es\/wp-json\/wp\/v2\/product"}],"about":[{"href":"https:\/\/hunter-optics.com\/es\/wp-json\/wp\/v2\/types\/product"}],"replies":[{"embeddable":true,"href":"https:\/\/hunter-optics.com\/es\/wp-json\/wp\/v2\/comments?post=1434"}],"version-history":[{"count":3,"href":"https:\/\/hunter-optics.com\/es\/wp-json\/wp\/v2\/product\/1434\/revisions"}],"predecessor-version":[{"id":1479,"href":"https:\/\/hunter-optics.com\/es\/wp-json\/wp\/v2\/product\/1434\/revisions\/1479"}],"wp:featuredmedia":[{"embeddable":true,"href":"https:\/\/hunter-optics.com\/es\/wp-json\/wp\/v2\/media\/1435"}],"wp:attachment":[{"href":"https:\/\/hunter-optics.com\/es\/wp-json\/wp\/v2\/media?parent=1434"}],"wp:term":[{"taxonomy":"brand","embeddable":true,"href":"https:\/\/hunter-optics.com\/es\/wp-json\/wp\/v2\/etheme_brands?post=1434"},{"taxonomy":"product_brand","embeddable":true,"href":"https:\/\/hunter-optics.com\/es\/wp-json\/wp\/v2\/product_brand?post=1434"},{"taxonomy":"product_cat","embeddable":true,"href":"https:\/\/hunter-optics.com\/es\/wp-json\/wp\/v2\/product_cat?post=1434"},{"taxonomy":"product_tag","embeddable":true,"href":"https:\/\/hunter-optics.com\/es\/wp-json\/wp\/v2\/product_tag?post=1434"}],"curies":[{"name":"wp","href":"https:\/\/api.w.org\/{rel}","templated":true}]}}