{"id":1412,"date":"2025-07-24T09:24:17","date_gmt":"2025-07-24T09:24:17","guid":{"rendered":"https:\/\/hunter-optics.com\/?post_type=product&#038;p=1412"},"modified":"2025-07-24T10:02:44","modified_gmt":"2025-07-24T10:02:44","slug":"riton-7-conquistar-4-32x56","status":"publish","type":"product","link":"https:\/\/hunter-optics.com\/es\/producto\/riton-7-conquistar-4-32x56\/","title":{"rendered":"Riton 7 CONQUER 4-32\u00d756"},"content":{"rendered":"<div id=\"brxe-hqsamv\" class=\"brxe-text-basic tir-video__subtitle\">Riton 7 CONQUER 4-32\u00d756<\/div>\n<div id=\"brxe-uenhta\" class=\"brxe-text prod-video__txt\">\n<p><strong>VER CLARAMENTE<\/strong><\/p>\n<p>La Serie 7 incorpora cristales y sistemas \u00f3pticos japoneses que ofrecen un rendimiento, una claridad y una visi\u00f3n de primera l\u00ednea para nuestros tiradores. Los componentes \u00f3pticos japoneses han sido venerados durante mucho tiempo por su calidad y buscados por aquellos que disparan a distancias normalmente reservadas para pruebas de atletismo. Los sistemas \u00f3pticos de la Serie 7 ofrecen exactamente lo que esos disparos requieren.<\/p>\n<div id=\"brxe-pogdbu\" class=\"brxe-container prod-colmns\">\n<div id=\"brxe-ywglqp\" class=\"brxe-text prod-column__txt\">\n<p><strong>CONSTRUIDO PARA DURAR<\/strong><\/p>\n<p>La serie 7 de Riton, construida para soportar los elementos, los golpes y todo lo dem\u00e1s, manteniendo la precisi\u00f3n. Construido a partir de aluminio de grado aeron\u00e1utico 6061-T6 el <strong>7 Conquer 4-32\u00d756<\/strong> ha sido construido pensando en su durabilidad, y para soportar cualquier condici\u00f3n que pueda encontrar. Como todos los visores Riton, la Serie 7 ha sido sometida a pruebas de impacto de hasta 1.200 Gs, est\u00e1 homologada para armas de aire comprimido y est\u00e1 respaldada por la garant\u00eda limitada de por vida de Riton. No importa su aplicaci\u00f3n, la Serie 7 de Riton est\u00e1 construida para resistir sin comprometer el rendimiento.<\/p>\n<p><strong>VOLVER A CERO<\/strong><\/p>\n<p>En <strong>7 Conquer 4-32\u00d756<\/strong> dispone de las torretas de parada a cero Riton R7, fabricadas en acero inoxidable, que mantienen la consistencia de sus ajustes y le dan la tranquilidad de que durar\u00e1n toda la vida, incluso despu\u00e9s de miles de ajustes. Las torretas de parada a cero R7 son f\u00e1ciles de ajustar, por lo que una vez que est\u00e1 apuntando, activar la parada a cero requiere poco esfuerzo. Lo que significa que tambi\u00e9n es f\u00e1cil desplazarse por el rango de ajuste para realizar disparos m\u00e1s largos.<\/p>\n<p><strong>AD\u00c1PTATE A TU ENTORNO<\/strong><\/p>\n<p>La iluminaci\u00f3n puede ser una caracter\u00edstica crucial que puede ayudarle a adaptarse a su entorno. La Serie 7 de Riton est\u00e1 preparada para las situaciones ambientales que te puedas encontrar, con 6 niveles de iluminaci\u00f3n con un interruptor de apagado entre cada nivel puedes ajustar la posici\u00f3n perfecta a tus necesidades y cambiar los niveles sobre la marcha.<\/p>\n<p><strong>CAMBIOS R\u00c1PIDOS DE AUMENTO EN CUALQUIER CONDICI\u00d3N<\/strong><\/p>\n<p>La Serie 7 cuenta con el sistema de palanca de lanzamiento doble de Riton, pendiente de patente, perfecto para aplicaciones en las que necesita cambiar r\u00e1pidamente de nivel de aumento para alcanzar el objetivo. Con m\u00faltiples ubicaciones para colocar la palanca de lanzamiento, y m\u00faltiples alturas para elegir, puede personalizar su configuraci\u00f3n para que coincida con la forma en que le gusta disparar. No importa si desea ahorrar peso y mantener un perfil bajo, o si necesita poder manejar el aumento con las manos enguantadas o en condiciones resbaladizas o h\u00famedas, el sistema de palanca de tiro doble ofrece el tipo de modularidad y personalizaci\u00f3n que necesita.<\/p>\n<div id=\"brxe-pzrzqi\" class=\"brxe-block prod-ret-info\">\n<h3 id=\"brxe-ztlivr\" class=\"brxe-heading prod-tabs__title\">Informaci\u00f3n del ret\u00edculo:<\/h3>\n<p id=\"brxe-grjall\" class=\"brxe-text-basic prod-reticle-name\">RETICULO: PSR(MRAD) \/ MOR(MOA)<\/p>\n<div id=\"brxe-rkyybx\" class=\"brxe-text-basic prod-ret__txt\">\n<p>En <strong>Ret\u00edcula PSR<\/strong> est\u00e1 dise\u00f1ado para los tiradores serios de largo alcance, con marcas n\u00edtidas de orientaci\u00f3n y elevaci\u00f3n. Sus precisas marcas y puntos de holdover permiten ajustes r\u00e1pidos, proporcionando una precisi\u00f3n y confianza excepcionales a cualquier distancia.<\/p>\n<p>En <strong>Ret\u00edcula MOR<\/strong> destaca por su capacidad de tiro a larga distancia. Su dise\u00f1o de punto y ret\u00edcula garantiza una punter\u00eda precisa, mientras que los retenes de correcci\u00f3n del viento ayudan a realizar ajustes precisos en funci\u00f3n del viento, d\u00e1ndole confianza en cada disparo.<\/p>\n<div id=\"brxe-abuzoo\" class=\"brxe-block x-tabs_panel x-tabs_panel-current\" tabindex=\"0\" role=\"tabpanel\" aria-labelledby=\"brxe-amrphz\">\n<div id=\"brxe-ohplhw\" class=\"brxe-block x-tabs_panel-content\">\n<h3 id=\"brxe-qcmket\" class=\"brxe-heading prod-tabs__title\">Caracter\u00edsticas principales:<\/h3>\n<div id=\"brxe-pnyzeh\" class=\"brxe-block prod-tab-feature\">\n<div class=\"brxe-xfsvub brxe-block prod-tab-key-loop\"><img loading=\"lazy\" decoding=\"async\" class=\"brxe-rtihxw brxe-image prod-feature__icon css-filter size-full\" src=\"https:\/\/ritonoptics.com\/wp-content\/uploads\/dry-argon-purged-and-sealed-1.png\" alt=\"\" width=\"72\" height=\"74\" \/><\/p>\n<div class=\"brxe-anynyj brxe-div\">\n<p class=\"brxe-abizyp brxe-text-basic prod-feature__title\">Arg\u00f3n seco purgado y sellado<\/p>\n<p class=\"brxe-lprtvs brxe-text-basic prod-feature__txt\">Utilizando gas arg\u00f3n, la \u00f3ptica se purga y sella para garantizar un rendimiento superior en todas las condiciones clim\u00e1ticas durante toda la vida \u00fatil del...<\/p>\n<\/div>\n<\/div>\n<div class=\"brxe-xfsvub brxe-block prod-tab-key-loop\"><img loading=\"lazy\" decoding=\"async\" class=\"brxe-rtihxw brxe-image prod-feature__icon css-filter size-full\" src=\"https:\/\/ritonoptics.com\/wp-content\/uploads\/precision-quality-1.png\" alt=\"\" width=\"72\" height=\"74\" \/><\/p>\n<div class=\"brxe-anynyj brxe-div\">\n<p class=\"brxe-abizyp brxe-text-basic prod-feature__title\">Garant\u00eda de calidad de precisi\u00f3n<\/p>\n<p class=\"brxe-lprtvs brxe-text-basic prod-feature__txt\">Cada producto Riton pasa por un riguroso proceso de control de calidad por t\u00e9cnicos certificados en Tucson, AZ. Cada producto que usted recibe ha sido sometido a...<\/p>\n<\/div>\n<\/div>\n<div class=\"brxe-xfsvub brxe-block prod-tab-key-loop\"><img loading=\"lazy\" decoding=\"async\" class=\"brxe-rtihxw brxe-image prod-feature__icon css-filter size-full\" src=\"https:\/\/ritonoptics.com\/wp-content\/uploads\/advanced-turret-1.png\" alt=\"\" width=\"72\" height=\"74\" \/><\/p>\n<div class=\"brxe-anynyj brxe-div\">\n<p class=\"brxe-abizyp brxe-text-basic prod-feature__title\">Sistema avanzado de torreta Riton<\/p>\n<p class=\"brxe-lprtvs brxe-text-basic prod-feature__txt\">El sistema de torreta avanzado de Riton incorpora las torretas Zero Stop de Riton en una de sus m\u00faltiples formas, lo que garantiza un seguimiento y una precisi\u00f3n repetibles.<\/p>\n<\/div>\n<\/div>\n<div class=\"brxe-xfsvub brxe-block prod-tab-key-loop\"><img loading=\"lazy\" decoding=\"async\" class=\"brxe-rtihxw brxe-image prod-feature__icon css-filter size-full\" src=\"https:\/\/ritonoptics.com\/wp-content\/uploads\/ed-glass-1.png\" alt=\"\" width=\"72\" height=\"74\" \/><\/p>\n<div class=\"brxe-anynyj brxe-div\">\n<p class=\"brxe-abizyp brxe-text-basic prod-feature__title\">Cristal Riton HD\/ED<\/p>\n<p class=\"brxe-lprtvs brxe-text-basic prod-feature__txt\">El cristal Riton de Alta Densidad (HD)\/Extra Dispersi\u00f3n (ED) proporciona una transmisi\u00f3n de luz de 99,5% con dispersi\u00f3n extra baja para un espectro de color mejorado...<\/p>\n<\/div>\n<\/div>\n<div class=\"brxe-xfsvub brxe-block prod-tab-key-loop\"><img loading=\"lazy\" decoding=\"async\" class=\"brxe-rtihxw brxe-image prod-feature__icon css-filter size-full\" src=\"https:\/\/ritonoptics.com\/wp-content\/uploads\/performance-coating-1.png\" alt=\"\" width=\"72\" height=\"74\" \/><\/p>\n<div class=\"brxe-anynyj brxe-div\">\n<p class=\"brxe-abizyp brxe-text-basic prod-feature__title\">Revestimiento de alto rendimiento Riton<\/p>\n<p class=\"brxe-lprtvs brxe-text-basic prod-feature__txt\">Todas las \u00f3pticas Riton, que incorporan lentes patentadas con revestimiento m\u00faltiple, incorporan un sistema de mejora de la luminosidad,...<\/p>\n<\/div>\n<\/div>\n<div class=\"brxe-xfsvub brxe-block prod-tab-key-loop\"><img loading=\"lazy\" decoding=\"async\" class=\"brxe-rtihxw brxe-image prod-feature__icon css-filter size-full\" src=\"https:\/\/ritonoptics.com\/wp-content\/uploads\/rugged-construction-1.png\" alt=\"\" width=\"72\" height=\"74\" \/><\/p>\n<div class=\"brxe-anynyj brxe-div\">\n<p class=\"brxe-abizyp brxe-text-basic prod-feature__title\">Construcci\u00f3n robusta Riton<\/p>\n<p class=\"brxe-lprtvs brxe-text-basic prod-feature__txt\">La construcci\u00f3n robusta de Riton incorpora la aplicaci\u00f3n de aluminio de grado aeron\u00e1utico 6061-T6, tubos de una pieza mecanizados por CNC y anodizado de capa dura de tipo III ....<\/p>\n<\/div>\n<\/div>\n<div class=\"brxe-xfsvub brxe-block prod-tab-key-loop\"><img loading=\"lazy\" decoding=\"async\" class=\"brxe-rtihxw brxe-image prod-feature__icon css-filter size-full\" src=\"https:\/\/ritonoptics.com\/wp-content\/uploads\/airgun-approved-1.png\" alt=\"\" width=\"72\" height=\"74\" \/><\/p>\n<div class=\"brxe-anynyj brxe-div\">\n<p class=\"brxe-abizyp brxe-text-basic prod-feature__title\">Aprobado para armas de aire comprimido<\/p>\n<p class=\"brxe-lprtvs brxe-text-basic prod-feature__txt\">Los visores Riton est\u00e1n altamente cualificados y son adecuados para su uso con armas de aire comprimido, ofreciendo durabilidad y una excelente claridad \u00f3ptica. Dise\u00f1ados para soportar el retroceso \u00fanico...<\/p>\n<div id=\"brxe-gtdyre\" class=\"brxe-block x-tabs_panel x-tabs_panel-current\" tabindex=\"0\" role=\"tabpanel\" aria-labelledby=\"brxe-yxbhdb\">\n<div id=\"brxe-eknisj\" class=\"brxe-block x-tabs_panel-content\">\n<h3 id=\"brxe-qzyxzy\" class=\"brxe-heading prod-tabs__title\">Especificaciones completas:<\/h3>\n<div class=\"brxe-zlpnap brxe-block prod-tab-spec-loop\">\n<p class=\"brxe-ibnnrs brxe-text-basic tab-spec__value\">Aumento:4-32<\/p>\n<\/div>\n<div class=\"brxe-zlpnap brxe-block prod-tab-spec-loop\">\n<p class=\"brxe-ibnnrs brxe-text-basic tab-spec__value\">Ajuste de paralaje:20 - infinito<\/p>\n<\/div>\n<div class=\"brxe-zlpnap brxe-block prod-tab-spec-loop\">\n<p class=\"brxe-ibnnrs brxe-text-basic tab-spec__value\">Di\u00e1metro del tubo:34 mm<\/p>\n<\/div>\n<div class=\"brxe-zlpnap brxe-block prod-tab-spec-loop\">\n<p class=\"brxe-ibnnrs brxe-text-basic tab-spec__value\">Di\u00e1metro del objetivo:56 mm<\/p>\n<\/div>\n<div class=\"brxe-zlpnap brxe-block prod-tab-spec-loop\">\n<p class=\"brxe-ibnnrs brxe-text-basic tab-spec__value\">Plano focal:Primer plano focal<\/p>\n<\/div>\n<div class=\"brxe-zlpnap brxe-block prod-tab-spec-loop\">\n<p class=\"brxe-ibnnrs brxe-text-basic tab-spec__value\">Revestimiento del objetivo: multicapa completo, banda ancha completa, revestimiento impermeable, mejora con poca luz<\/p>\n<\/div>\n<div class=\"brxe-zlpnap brxe-block prod-tab-spec-loop\">\n<p class=\"brxe-ibnnrs brxe-text-basic tab-spec__value\">Ret\u00edcula:PSR(MRAD), iluminada \/ MOR(MOA), iluminada<\/p>\n<\/div>\n<div class=\"brxe-zlpnap brxe-block prod-tab-spec-loop\">\n<p class=\"brxe-ibnnrs brxe-text-basic tab-spec__value\">Campo de visi\u00f3n a 100 metros: 27 pies - 3,4 pies<\/p>\n<\/div>\n<div class=\"brxe-zlpnap brxe-block prod-tab-spec-loop\">\n<p class=\"brxe-ibnnrs brxe-text-basic tab-spec__value\">Material:6061-T6<\/p>\n<\/div>\n<div class=\"brxe-zlpnap brxe-block prod-tab-spec-loop\">\n<p class=\"brxe-ibnnrs brxe-text-basic tab-spec__value\">Alivio ocular:3,5in\/90mm<\/p>\n<\/div>\n<div class=\"brxe-zlpnap brxe-block prod-tab-spec-loop\">\n<p class=\"brxe-ibnnrs brxe-text-basic tab-spec__value\">Pupila de salida:Baja 7 mm - Alta 1,6 mm<\/p>\n<\/div>\n<div class=\"brxe-zlpnap brxe-block prod-tab-spec-loop\">\n<p class=\"brxe-ibnnrs brxe-text-basic tab-spec__value\">Valor de clic a 100 yardas:1\/10 MRAD, 1\/4 MOA<\/p>\n<\/div>\n<div class=\"brxe-zlpnap brxe-block prod-tab-spec-loop\">\n<p class=\"brxe-ibnnrs brxe-text-basic tab-spec__value\">Rango de ajuste:32 MRAD, 110 MOA<\/p>\n<\/div>\n<div class=\"brxe-zlpnap brxe-block prod-tab-spec-loop\">\n<p class=\"brxe-ibnnrs brxe-text-basic tab-spec__value\">Longitud de montaje:7.37in\/187mm<\/p>\n<\/div>\n<div class=\"brxe-zlpnap brxe-block prod-tab-spec-loop\">\n<p class=\"brxe-ibnnrs brxe-text-basic tab-spec__value\">Longitud:14.96in\/380mm<\/p>\n<\/div>\n<div class=\"brxe-zlpnap brxe-block prod-tab-spec-loop\">\n<p class=\"brxe-ibnnrs brxe-text-basic tab-spec__value\">Peso:2.4lbs\/38.4oz<\/p>\n<\/div>\n<div class=\"brxe-zlpnap brxe-block prod-tab-spec-loop\">\n<p class=\"brxe-ibnnrs brxe-text-basic tab-spec__value\">Accesorios incluidos: fundas abatibles para objetivos, pa\u00f1o para objetivos, llave Allen<\/p>\n<\/div>\n<\/div>\n<\/div>\n<\/div>\n<\/div>\n<\/div>\n<\/div>\n<\/div>\n<\/div>\n<\/div>\n<\/div>\n<\/div>\n<\/div>","protected":false},"excerpt":{"rendered":"<p>La \u00f3ptica Riton <strong>7 Conquer 4-32\u00d756<\/strong> ofrece un visor de largo alcance incre\u00edblemente capaz, con m\u00faltiples aumentos y ret\u00edculas intuitivas hechas por tiradores para tiradores. La familia de visores 7 Conquer de Riton pone el cristal y los sistemas \u00f3pticos japoneses al alcance de los tiradores a un precio que pocos creen posible. Combinando ret\u00edculas creativas y dise\u00f1os de torreta de reajuste cero con sistemas \u00f3pticos japoneses de renombre mundial, la l\u00ednea de visores 7 Conquer de Riton es la soluci\u00f3n para su rifle de largo alcance.<\/p>","protected":false},"featured_media":1413,"comment_status":"open","ping_status":"closed","template":"","meta":[],"etheme_brands":[{"term_id":44,"name":"Riton","slug":"riton","term_group":0,"term_taxonomy_id":44,"taxonomy":"brand","description":"","parent":0,"count":18,"filter":"raw"}],"product_brand":[],"product_cat":[49],"product_tag":[],"class_list":{"0":"post-1412","1":"product","2":"type-product","3":"status-publish","4":"has-post-thumbnail","6":"brand-riton","7":"product_cat-rifle-scopes","9":"first","10":"instock","11":"sale","12":"taxable","13":"shipping-taxable","14":"purchasable","15":"product-type-variable"},"yoast_head":"<!-- This site is optimized with the Yoast SEO Premium plugin v25.7.1 (Yoast SEO v27.4) - https:\/\/yoast.com\/product\/yoast-seo-premium-wordpress\/ -->\n<title>Riton 7 CONQUER 4-32\u00d756 - Hunter Optics<\/title>\n<meta name=\"description\" content=\"The Riton Optics 7 Conquer 4-32\u00d756 delivers an incredibly capable long-range scope, offering multiple magnification ranges and intuitive reticles made by shooters for shooters.\" \/>\n<meta name=\"robots\" content=\"index, follow, max-snippet:-1, max-image-preview:large, max-video-preview:-1\" \/>\n<link rel=\"canonical\" href=\"https:\/\/hunter-optics.com\/es\/producto\/riton-7-conquistar-4-32x56\/\" \/>\n<meta property=\"og:locale\" content=\"es_ES\" \/>\n<meta property=\"og:type\" content=\"article\" \/>\n<meta property=\"og:title\" content=\"Riton 7 CONQUER 4-32\u00d756\" \/>\n<meta property=\"og:description\" content=\"The Riton Optics 7 Conquer 4-32\u00d756 delivers an incredibly capable long-range scope, offering multiple magnification ranges and intuitive reticles made by shooters for shooters.\" \/>\n<meta property=\"og:url\" content=\"https:\/\/hunter-optics.com\/es\/producto\/riton-7-conquistar-4-32x56\/\" \/>\n<meta property=\"og:site_name\" content=\"Hunter Optics\" \/>\n<meta property=\"article:modified_time\" content=\"2025-07-24T10:02:44+00:00\" \/>\n<meta property=\"og:image\" content=\"https:\/\/hunter-optics.com\/wp-content\/uploads\/2025\/07\/7-Conquer-4-32x56-MRAD-Angled.webp\" \/>\n\t<meta property=\"og:image:width\" content=\"876\" \/>\n\t<meta property=\"og:image:height\" content=\"876\" \/>\n\t<meta property=\"og:image:type\" content=\"image\/webp\" \/>\n<meta name=\"twitter:card\" content=\"summary_large_image\" \/>\n<meta name=\"twitter:label1\" content=\"Disponibilidad\" \/>\n\t<meta name=\"twitter:data1\" content=\"Disponible\" \/>\n<script type=\"application\/ld+json\" class=\"yoast-schema-graph\">{\"@context\":\"https:\\\/\\\/schema.org\",\"@graph\":[{\"@type\":\"WebPage\",\"@id\":\"https:\\\/\\\/hunter-optics.com\\\/product\\\/riton-7-conquer-4-32x56\\\/\",\"url\":\"https:\\\/\\\/hunter-optics.com\\\/product\\\/riton-7-conquer-4-32x56\\\/\",\"name\":\"Riton 7 CONQUER 4-32\u00d756 - Hunter Optics\",\"isPartOf\":{\"@id\":\"https:\\\/\\\/hunter-optics.com\\\/#website\"},\"primaryImageOfPage\":{\"@id\":\"https:\\\/\\\/hunter-optics.com\\\/product\\\/riton-7-conquer-4-32x56\\\/#primaryimage\"},\"image\":{\"@id\":\"https:\\\/\\\/hunter-optics.com\\\/product\\\/riton-7-conquer-4-32x56\\\/#primaryimage\"},\"thumbnailUrl\":\"https:\\\/\\\/hunter-optics.com\\\/wp-content\\\/uploads\\\/2025\\\/07\\\/7-Conquer-4-32x56-MRAD-Angled.webp\",\"datePublished\":\"2025-07-24T09:24:17+00:00\",\"dateModified\":\"2025-07-24T10:02:44+00:00\",\"description\":\"The Riton Optics 7 Conquer 4-32\u00d756 delivers an incredibly capable long-range scope, offering multiple magnification ranges and intuitive reticles made by shooters for shooters.\",\"breadcrumb\":{\"@id\":\"https:\\\/\\\/hunter-optics.com\\\/product\\\/riton-7-conquer-4-32x56\\\/#breadcrumb\"},\"inLanguage\":\"es\",\"potentialAction\":[{\"@type\":\"ReadAction\",\"target\":[\"https:\\\/\\\/hunter-optics.com\\\/product\\\/riton-7-conquer-4-32x56\\\/\"]}]},{\"@type\":\"ImageObject\",\"inLanguage\":\"es\",\"@id\":\"https:\\\/\\\/hunter-optics.com\\\/product\\\/riton-7-conquer-4-32x56\\\/#primaryimage\",\"url\":\"https:\\\/\\\/hunter-optics.com\\\/wp-content\\\/uploads\\\/2025\\\/07\\\/7-Conquer-4-32x56-MRAD-Angled.webp\",\"contentUrl\":\"https:\\\/\\\/hunter-optics.com\\\/wp-content\\\/uploads\\\/2025\\\/07\\\/7-Conquer-4-32x56-MRAD-Angled.webp\",\"width\":876,\"height\":876},{\"@type\":\"BreadcrumbList\",\"@id\":\"https:\\\/\\\/hunter-optics.com\\\/product\\\/riton-7-conquer-4-32x56\\\/#breadcrumb\",\"itemListElement\":[{\"@type\":\"ListItem\",\"position\":1,\"name\":\"Home\",\"item\":\"https:\\\/\\\/hunter-optics.com\\\/\"},{\"@type\":\"ListItem\",\"position\":2,\"name\":\"Products\",\"item\":\"https:\\\/\\\/hunter-optics.com\\\/shop\\\/\"},{\"@type\":\"ListItem\",\"position\":3,\"name\":\"Riton 7 CONQUER 4-32\u00d756\"}]},{\"@type\":\"WebSite\",\"@id\":\"https:\\\/\\\/hunter-optics.com\\\/#website\",\"url\":\"https:\\\/\\\/hunter-optics.com\\\/\",\"name\":\"Hunter Optics\",\"description\":\"Hunter Optics \u2014 Your Eye on the Target.\",\"publisher\":{\"@id\":\"https:\\\/\\\/hunter-optics.com\\\/#organization\"},\"potentialAction\":[{\"@type\":\"SearchAction\",\"target\":{\"@type\":\"EntryPoint\",\"urlTemplate\":\"https:\\\/\\\/hunter-optics.com\\\/?s={search_term_string}\"},\"query-input\":{\"@type\":\"PropertyValueSpecification\",\"valueRequired\":true,\"valueName\":\"search_term_string\"}}],\"inLanguage\":\"es\"},{\"@type\":\"Organization\",\"@id\":\"https:\\\/\\\/hunter-optics.com\\\/#organization\",\"name\":\"Hunter Optics\",\"url\":\"https:\\\/\\\/hunter-optics.com\\\/\",\"logo\":{\"@type\":\"ImageObject\",\"inLanguage\":\"es\",\"@id\":\"https:\\\/\\\/hunter-optics.com\\\/#\\\/schema\\\/logo\\\/image\\\/\",\"url\":\"https:\\\/\\\/hunter-optics.com\\\/wp-content\\\/uploads\\\/2025\\\/06\\\/hunter-optics-logo-1.png\",\"contentUrl\":\"https:\\\/\\\/hunter-optics.com\\\/wp-content\\\/uploads\\\/2025\\\/06\\\/hunter-optics-logo-1.png\",\"width\":937,\"height\":373,\"caption\":\"Hunter Optics\"},\"image\":{\"@id\":\"https:\\\/\\\/hunter-optics.com\\\/#\\\/schema\\\/logo\\\/image\\\/\"}}]}<\/script>\n<meta property=\"product:brand\" content=\"Riton\" \/>\n<meta property=\"og:availability\" content=\"instock\" \/>\n<meta property=\"product:availability\" content=\"instock\" \/>\n<meta property=\"product:condition\" content=\"new\" \/>\n<!-- \/ Yoast SEO Premium plugin. -->","yoast_head_json":{"title":"Riton 7 CONQUER 4-32\u00d756 - Hunter Optics","description":"El Riton Optics 7 Conquer 4-32\u00d756 es un visor de largo alcance incre\u00edblemente capaz, que ofrece m\u00faltiples rangos de aumentos y ret\u00edculas intuitivas hechas por tiradores para tiradores.","robots":{"index":"index","follow":"follow","max-snippet":"max-snippet:-1","max-image-preview":"max-image-preview:large","max-video-preview":"max-video-preview:-1"},"canonical":"https:\/\/hunter-optics.com\/es\/producto\/riton-7-conquistar-4-32x56\/","og_locale":"es_ES","og_type":"article","og_title":"Riton 7 CONQUER 4-32\u00d756","og_description":"The Riton Optics 7 Conquer 4-32\u00d756 delivers an incredibly capable long-range scope, offering multiple magnification ranges and intuitive reticles made by shooters for shooters.","og_url":"https:\/\/hunter-optics.com\/es\/producto\/riton-7-conquistar-4-32x56\/","og_site_name":"Hunter Optics","article_modified_time":"2025-07-24T10:02:44+00:00","og_image":[{"width":876,"height":876,"url":"https:\/\/hunter-optics.com\/wp-content\/uploads\/2025\/07\/7-Conquer-4-32x56-MRAD-Angled.webp","type":"image\/webp"}],"twitter_card":"summary_large_image","twitter_misc":{"Disponibilidad":"Disponible"},"schema":{"@context":"https:\/\/schema.org","@graph":[{"@type":"WebPage","@id":"https:\/\/hunter-optics.com\/product\/riton-7-conquer-4-32x56\/","url":"https:\/\/hunter-optics.com\/product\/riton-7-conquer-4-32x56\/","name":"Riton 7 CONQUER 4-32\u00d756 - Hunter Optics","isPartOf":{"@id":"https:\/\/hunter-optics.com\/#website"},"primaryImageOfPage":{"@id":"https:\/\/hunter-optics.com\/product\/riton-7-conquer-4-32x56\/#primaryimage"},"image":{"@id":"https:\/\/hunter-optics.com\/product\/riton-7-conquer-4-32x56\/#primaryimage"},"thumbnailUrl":"https:\/\/hunter-optics.com\/wp-content\/uploads\/2025\/07\/7-Conquer-4-32x56-MRAD-Angled.webp","datePublished":"2025-07-24T09:24:17+00:00","dateModified":"2025-07-24T10:02:44+00:00","description":"El Riton Optics 7 Conquer 4-32\u00d756 es un visor de largo alcance incre\u00edblemente capaz, que ofrece m\u00faltiples rangos de aumentos y ret\u00edculas intuitivas hechas por tiradores para tiradores.","breadcrumb":{"@id":"https:\/\/hunter-optics.com\/product\/riton-7-conquer-4-32x56\/#breadcrumb"},"inLanguage":"es","potentialAction":[{"@type":"ReadAction","target":["https:\/\/hunter-optics.com\/product\/riton-7-conquer-4-32x56\/"]}]},{"@type":"ImageObject","inLanguage":"es","@id":"https:\/\/hunter-optics.com\/product\/riton-7-conquer-4-32x56\/#primaryimage","url":"https:\/\/hunter-optics.com\/wp-content\/uploads\/2025\/07\/7-Conquer-4-32x56-MRAD-Angled.webp","contentUrl":"https:\/\/hunter-optics.com\/wp-content\/uploads\/2025\/07\/7-Conquer-4-32x56-MRAD-Angled.webp","width":876,"height":876},{"@type":"BreadcrumbList","@id":"https:\/\/hunter-optics.com\/product\/riton-7-conquer-4-32x56\/#breadcrumb","itemListElement":[{"@type":"ListItem","position":1,"name":"Home","item":"https:\/\/hunter-optics.com\/"},{"@type":"ListItem","position":2,"name":"Products","item":"https:\/\/hunter-optics.com\/shop\/"},{"@type":"ListItem","position":3,"name":"Riton 7 CONQUER 4-32\u00d756"}]},{"@type":"WebSite","@id":"https:\/\/hunter-optics.com\/#website","url":"https:\/\/hunter-optics.com\/","name":"\u00d3ptica Hunter","description":"Hunter Optics - Su ojo en el objetivo.","publisher":{"@id":"https:\/\/hunter-optics.com\/#organization"},"potentialAction":[{"@type":"SearchAction","target":{"@type":"EntryPoint","urlTemplate":"https:\/\/hunter-optics.com\/?s={search_term_string}"},"query-input":{"@type":"PropertyValueSpecification","valueRequired":true,"valueName":"search_term_string"}}],"inLanguage":"es"},{"@type":"Organization","@id":"https:\/\/hunter-optics.com\/#organization","name":"\u00d3ptica Hunter","url":"https:\/\/hunter-optics.com\/","logo":{"@type":"ImageObject","inLanguage":"es","@id":"https:\/\/hunter-optics.com\/#\/schema\/logo\/image\/","url":"https:\/\/hunter-optics.com\/wp-content\/uploads\/2025\/06\/hunter-optics-logo-1.png","contentUrl":"https:\/\/hunter-optics.com\/wp-content\/uploads\/2025\/06\/hunter-optics-logo-1.png","width":937,"height":373,"caption":"Hunter Optics"},"image":{"@id":"https:\/\/hunter-optics.com\/#\/schema\/logo\/image\/"}}]},"product_brand":"Riton","og_availability":"instock","product_availability":"instock","product_condition":"new"},"_links":{"self":[{"href":"https:\/\/hunter-optics.com\/es\/wp-json\/wp\/v2\/product\/1412","targetHints":{"allow":["GET"]}}],"collection":[{"href":"https:\/\/hunter-optics.com\/es\/wp-json\/wp\/v2\/product"}],"about":[{"href":"https:\/\/hunter-optics.com\/es\/wp-json\/wp\/v2\/types\/product"}],"replies":[{"embeddable":true,"href":"https:\/\/hunter-optics.com\/es\/wp-json\/wp\/v2\/comments?post=1412"}],"version-history":[{"count":1,"href":"https:\/\/hunter-optics.com\/es\/wp-json\/wp\/v2\/product\/1412\/revisions"}],"predecessor-version":[{"id":1421,"href":"https:\/\/hunter-optics.com\/es\/wp-json\/wp\/v2\/product\/1412\/revisions\/1421"}],"wp:featuredmedia":[{"embeddable":true,"href":"https:\/\/hunter-optics.com\/es\/wp-json\/wp\/v2\/media\/1413"}],"wp:attachment":[{"href":"https:\/\/hunter-optics.com\/es\/wp-json\/wp\/v2\/media?parent=1412"}],"wp:term":[{"taxonomy":"brand","embeddable":true,"href":"https:\/\/hunter-optics.com\/es\/wp-json\/wp\/v2\/etheme_brands?post=1412"},{"taxonomy":"product_brand","embeddable":true,"href":"https:\/\/hunter-optics.com\/es\/wp-json\/wp\/v2\/product_brand?post=1412"},{"taxonomy":"product_cat","embeddable":true,"href":"https:\/\/hunter-optics.com\/es\/wp-json\/wp\/v2\/product_cat?post=1412"},{"taxonomy":"product_tag","embeddable":true,"href":"https:\/\/hunter-optics.com\/es\/wp-json\/wp\/v2\/product_tag?post=1412"}],"curies":[{"name":"wp","href":"https:\/\/api.w.org\/{rel}","templated":true}]}}