{"id":1326,"date":"2025-07-03T08:30:09","date_gmt":"2025-07-03T08:30:09","guid":{"rendered":"https:\/\/hunter-optics.com\/?post_type=product&#038;p=1326"},"modified":"2025-08-09T09:46:23","modified_gmt":"2025-08-09T09:46:23","slug":"visor-vortex-strike-eagle-2-0-1-6x24-sfp-lvpo-ir-ar-bdc3-moa","status":"publish","type":"product","link":"https:\/\/hunter-optics.com\/es\/producto\/visor-vortex-strike-eagle-2-0-1-6x24-sfp-lvpo-ir-ar-bdc3-moa\/","title":{"rendered":"Visor Vortex STRIKE EAGLE\u00ae 2.0 1-6\u00d724 SFP LVPO IR AR-BDC3 MOA"},"content":{"rendered":"<h2><strong>Visi\u00f3n general<\/strong><\/h2>\n<p>Optimice la versatilidad y los atributos de manejo r\u00e1pido de su AR con el redise\u00f1ado Strike Eagle. Un verdadero 1x en el extremo inferior, el Strike Eagle hace zoom para permitir a los tiradores atacar r\u00e1pidamente objetivos cercanos y lejanos, y una ret\u00edcula AR-BDC3 ayuda en el disparo r\u00e1pido mientras proporciona referencias de holdover y alcance de 0-600 yardas. Adem\u00e1s, con una palanca de tiro de rosca, estar\u00e1 en el blanco a\u00fan m\u00e1s r\u00e1pido, disparo tras disparo.<\/p>\n<div class=\"product sizechart\">\n<div class=\"sizechart-title\">\n<div class=\"item-title\"><b>Strike Eagle 1-6\u00d724 Dimensiones (en pulgadas)<\/b><\/div>\n<\/div>\n<div class=\"sizechart-details\">\n<div class=\"sizechart-image\"><img decoding=\"async\" src=\"https:\/\/vortexoptics.com\/media\/wysiwyg\/dim_se_1-6x24_1.png\" alt=\"Strike Eagle 1-6x24 Dimensiones\" data-uw-rm-alt-original=\"Strike Eagle 1-6x24 Dimensions\" data-uw-rm-alt=\"ALT\" \/><\/div>\n<table class=\"lengths\">\n<tbody>\n<tr>\n<th colspan=\"6\" scope=\"colgroup\">Longitudes<\/th>\n<\/tr>\n<tr>\n<td>L1<\/td>\n<td>L2<\/td>\n<td>L3<\/td>\n<td>L4<\/td>\n<td>L6<\/td>\n<\/tr>\n<tr>\n<td>10.5<\/td>\n<td>2.9<\/td>\n<td>2.1<\/td>\n<td>6.6<\/td>\n<td>3.9<\/td>\n<\/tr>\n<\/tbody>\n<\/table>\n<table class=\"heights\">\n<tbody>\n<tr>\n<th colspan=\"2\" scope=\"colgroup\">Alturas<\/th>\n<\/tr>\n<tr>\n<td>H1<\/td>\n<td>H2<\/td>\n<\/tr>\n<tr>\n<td>1.2<\/td>\n<td>1.7<\/td>\n<\/tr>\n<\/tbody>\n<\/table>\n<h2><strong>Especificaciones<\/strong><\/h2>\n<table id=\"product-vortex-specs-table\" class=\"data table spec-attributes\">\n<tbody>\n<tr>\n<th class=\"col label\" scope=\"row\">Aumento<\/th>\n<td class=\"col data\" data-th=\"Magnification\">1-6x<\/td>\n<\/tr>\n<tr>\n<th class=\"col label\" scope=\"row\">Di\u00e1metro del objetivo<\/th>\n<td class=\"col data\" data-th=\"Objective Lens Diameter\">24 mm<\/td>\n<\/tr>\n<tr>\n<th class=\"col label\" scope=\"row\">Plano focal<\/th>\n<td class=\"col data\" data-th=\"Focal Plane\">Segundo plano focal<\/td>\n<\/tr>\n<tr>\n<th class=\"col label\" scope=\"row\">Ret\u00edculo<\/th>\n<td class=\"col data\" data-th=\"Reticle\">AR-BDC3<\/td>\n<\/tr>\n<tr>\n<th class=\"col label\" scope=\"row\">Alivio ocular<\/th>\n<td class=\"col data\" data-th=\"Eye Relief\">3,5 pulgadas<\/td>\n<\/tr>\n<tr>\n<th class=\"col label\" scope=\"row\">Campo de visi\u00f3n<\/th>\n<td class=\"col data\" data-th=\"Field of View\">116,5-19,2 pies @100 yardas<\/td>\n<\/tr>\n<tr>\n<th class=\"col label\" scope=\"row\">Estilo torreta<\/th>\n<td class=\"col data\" data-th=\"Turret Style\">Tapa baja<\/td>\n<\/tr>\n<tr>\n<th class=\"col label\" scope=\"row\">Tama\u00f1o del tubo<\/th>\n<td class=\"col data\" data-th=\"Tube Size\">30 mm<\/td>\n<\/tr>\n<tr>\n<th class=\"col label\" scope=\"row\">Ajuste Graduaci\u00f3n<\/th>\n<td class=\"col data\" data-th=\"Adjustment Graduation\">1\/2 MOA<\/td>\n<\/tr>\n<tr>\n<th class=\"col label\" scope=\"row\">Viajes por rotaci\u00f3n<\/th>\n<td class=\"col data\" data-th=\"Travel Per Rotation\">44 MOA<\/td>\n<\/tr>\n<tr>\n<th class=\"col label\" scope=\"row\">Ajuste de elevaci\u00f3n m\u00e1xima<\/th>\n<td class=\"col data\" data-th=\"Max Elevation Adjustment\">140 MOA<\/td>\n<\/tr>\n<tr>\n<th class=\"col label\" scope=\"row\">Ajuste m\u00e1ximo de la alineaci\u00f3n<\/th>\n<td class=\"col data\" data-th=\"Max Windage Adjustment\">140 MOA<\/td>\n<\/tr>\n<tr>\n<th class=\"col label\" scope=\"row\">Ajuste de paralaje<\/th>\n<td class=\"col data\" data-th=\"Parallax Setting\">Fijo a 100 yardas<\/td>\n<\/tr>\n<tr>\n<th class=\"col label\" scope=\"row\">Longitud<\/th>\n<td class=\"col data\" data-th=\"Length\">10,5 pulgadas<\/td>\n<\/tr>\n<tr>\n<th class=\"col label\" scope=\"row\">Peso<\/th>\n<td class=\"col data\" data-th=\"Weight\">18,5 oz<\/td>\n<\/tr>\n<\/tbody>\n<\/table>\n<h2>Ret\u00edculo<\/h2>\n<div class=\"reticle-image\"><img decoding=\"async\" src=\"https:\/\/vortexoptics.widen.net\/content\/dliisonvl7\/jpeg\/VTX_SE-1624-2_AR-BDC3_MOA_RS_I_RI_CU.jpeg?w=320&amp;keep=c&amp;crop=yes&amp;color=cccccc&amp;quality=80&amp;u=9oqiqe\" alt=\"ret\u00edcula\" data-uw-rm-alt-original=\"reticle\" data-uw-rm-alt=\"ALT\" \/><\/div>\n<p>&nbsp;<\/p>\n<div class=\"reticle-info\">\n<p><strong>RET\u00cdCULA AR-BDC3<\/strong><\/p>\n<div class=\"reticle-description\">\n<p>El AR-BDC3 iluminado y grabado en vidrio est\u00e1 espec\u00edficamente ajustado al rendimiento bal\u00edstico de las cargas comunes de 5,56 de un AR-15. El punto central de 1 MOA proporciona un punto de mira preciso, mientras que el c\u00edrculo roto de 16,625 MOA que lo rodea hace que su ojo se centre m\u00e1s r\u00e1pidamente para una r\u00e1pida adquisici\u00f3n del blanco, y el BDC le mantiene en el blanco hasta 650 yardas.<\/p>\n<h2 role=\"heading\" aria-level=\"3\" data-uw-rm-heading=\"level\">Incluido en la caja<\/h2>\n<ul>\n<li>Palanca de lanzamiento roscada<\/li>\n<li>Tapas abatibles<\/li>\n<li>Pa\u00f1o para lentes<\/li>\n<li>Pila CR2032<\/li>\n<\/ul>\n<\/div>\n<\/div>\n<\/div>\n<\/div>","protected":false},"excerpt":{"rendered":"<table id=\"product-vortex-features-table\" class=\"data table features-attributes\">\n<tbody>\n<tr>\n<th class=\"col label Aluminum Grade\" scope=\"row\">Grado de aluminio<\/th>\n<td class=\"col data\" data-th=\"Aluminum Grade\">Aviones<\/td>\n<\/tr>\n<tr>\n<th class=\"col label ArmorTek\u00ae\" scope=\"row\">ArmorTek<\/th>\n<td class=\"col data\" data-th=\"ArmorTek\u00ae\">El revestimiento ultraduro y resistente a los ara\u00f1azos protege las lentes exteriores de ara\u00f1azos, aceite y suciedad.<\/td>\n<\/tr>\n<tr>\n<th class=\"col label Multi-Coated\" scope=\"row\">Multicapa<\/th>\n<td class=\"col data\" data-th=\"Multi-Coated\">Totalmente multicapa<\/td>\n<\/tr>\n<tr>\n<th class=\"col label Shockproof\" scope=\"row\">A prueba de golpes<\/th>\n<td class=\"col data\" data-th=\"Shockproof\">Construcci\u00f3n robusta que resiste el retroceso y los impactos.<\/td>\n<\/tr>\n<tr>\n<th class=\"col label Throw Lever\" scope=\"row\">Palanca de lanzamiento<\/th>\n<td class=\"col data\" data-th=\"Throw Lever\">La palanca de lanzamiento incluida puede instalarse para realizar ajustes de aumento r\u00e1pidos y sencillos.<\/td>\n<\/tr>\n<\/tbody>\n<\/table>","protected":false},"featured_media":1388,"comment_status":"open","ping_status":"closed","template":"","meta":[],"etheme_brands":[{"term_id":47,"name":"Vortex","slug":"vortex","term_group":0,"term_taxonomy_id":47,"taxonomy":"brand","description":"","parent":0,"count":9,"filter":"raw"}],"product_brand":[],"product_cat":[49],"product_tag":[],"class_list":{"0":"post-1326","1":"product","2":"type-product","3":"status-publish","4":"has-post-thumbnail","6":"brand-vortex","7":"product_cat-rifle-scopes","9":"first","10":"instock","11":"sale","12":"taxable","13":"shipping-taxable","14":"purchasable","15":"product-type-simple"},"yoast_head":"<!-- This site is optimized with the Yoast SEO Premium plugin v25.7.1 (Yoast SEO v27.4) - https:\/\/yoast.com\/product\/yoast-seo-premium-wordpress\/ -->\n<title>Vortex STRIKE EAGLE\u00ae 2.0 1-6x24 SFP LVPO IR AR-BDC3 MOA Rifle Scope - Hunter Optics<\/title>\n<meta name=\"description\" content=\"A true 1x on the low end, Strike Eagle zooms to let shooters rapidly engage targets near and far, and an AR-BDC3 reticle aids in rapid shooting while providing holdover and ranging references from 0-600 yards.\" \/>\n<meta name=\"robots\" content=\"index, follow, max-snippet:-1, max-image-preview:large, max-video-preview:-1\" \/>\n<link rel=\"canonical\" href=\"https:\/\/hunter-optics.com\/es\/producto\/visor-vortex-strike-eagle-2-0-1-6x24-sfp-lvpo-ir-ar-bdc3-moa\/\" \/>\n<meta property=\"og:locale\" content=\"es_ES\" \/>\n<meta property=\"og:type\" content=\"article\" \/>\n<meta property=\"og:title\" content=\"Vortex STRIKE EAGLE\u00ae 2.0 1-6x24 SFP LVPO IR AR-BDC3 MOA Rifle Scope\" \/>\n<meta property=\"og:description\" content=\"A true 1x on the low end, Strike Eagle zooms to let shooters rapidly engage targets near and far, and an AR-BDC3 reticle aids in rapid shooting while providing holdover and ranging references from 0-600 yards.\" \/>\n<meta property=\"og:url\" content=\"https:\/\/hunter-optics.com\/es\/producto\/visor-vortex-strike-eagle-2-0-1-6x24-sfp-lvpo-ir-ar-bdc3-moa\/\" \/>\n<meta property=\"og:site_name\" content=\"Hunter Optics\" \/>\n<meta property=\"article:modified_time\" content=\"2025-08-09T09:46:23+00:00\" \/>\n<meta property=\"og:image\" content=\"https:\/\/hunter-optics.com\/wp-content\/uploads\/2025\/07\/Vortex-Strike-Eagle-2.0.jpg\" \/>\n\t<meta property=\"og:image:width\" content=\"876\" \/>\n\t<meta property=\"og:image:height\" content=\"876\" \/>\n\t<meta property=\"og:image:type\" content=\"image\/jpeg\" \/>\n<meta name=\"twitter:card\" content=\"summary_large_image\" \/>\n<meta name=\"twitter:label1\" content=\"Precio\" \/>\n\t<meta name=\"twitter:data1\" content=\"&#036;389.99\" \/>\n\t<meta name=\"twitter:label2\" content=\"Disponibilidad\" \/>\n\t<meta name=\"twitter:data2\" content=\"Disponible\" \/>\n<script type=\"application\/ld+json\" class=\"yoast-schema-graph\">{\"@context\":\"https:\\\/\\\/schema.org\",\"@graph\":[{\"@type\":\"WebPage\",\"@id\":\"https:\\\/\\\/hunter-optics.com\\\/product\\\/vortex-strike-eagle-2-0-1-6x24-sfp-lvpo-ir-ar-bdc3-moa-rifle-scope\\\/\",\"url\":\"https:\\\/\\\/hunter-optics.com\\\/product\\\/vortex-strike-eagle-2-0-1-6x24-sfp-lvpo-ir-ar-bdc3-moa-rifle-scope\\\/\",\"name\":\"Vortex STRIKE EAGLE\u00ae 2.0 1-6x24 SFP LVPO IR AR-BDC3 MOA Rifle Scope - Hunter Optics\",\"isPartOf\":{\"@id\":\"https:\\\/\\\/hunter-optics.com\\\/#website\"},\"primaryImageOfPage\":{\"@id\":\"https:\\\/\\\/hunter-optics.com\\\/product\\\/vortex-strike-eagle-2-0-1-6x24-sfp-lvpo-ir-ar-bdc3-moa-rifle-scope\\\/#primaryimage\"},\"image\":{\"@id\":\"https:\\\/\\\/hunter-optics.com\\\/product\\\/vortex-strike-eagle-2-0-1-6x24-sfp-lvpo-ir-ar-bdc3-moa-rifle-scope\\\/#primaryimage\"},\"thumbnailUrl\":\"https:\\\/\\\/hunter-optics.com\\\/wp-content\\\/uploads\\\/2025\\\/07\\\/Vortex-Strike-Eagle-2.0.jpg\",\"datePublished\":\"2025-07-03T08:30:09+00:00\",\"dateModified\":\"2025-08-09T09:46:23+00:00\",\"description\":\"A true 1x on the low end, Strike Eagle zooms to let shooters rapidly engage targets near and far, and an AR-BDC3 reticle aids in rapid shooting while providing holdover and ranging references from 0-600 yards.\",\"breadcrumb\":{\"@id\":\"https:\\\/\\\/hunter-optics.com\\\/product\\\/vortex-strike-eagle-2-0-1-6x24-sfp-lvpo-ir-ar-bdc3-moa-rifle-scope\\\/#breadcrumb\"},\"inLanguage\":\"es\",\"potentialAction\":[{\"@type\":\"ReadAction\",\"target\":[\"https:\\\/\\\/hunter-optics.com\\\/product\\\/vortex-strike-eagle-2-0-1-6x24-sfp-lvpo-ir-ar-bdc3-moa-rifle-scope\\\/\"]}]},{\"@type\":\"ImageObject\",\"inLanguage\":\"es\",\"@id\":\"https:\\\/\\\/hunter-optics.com\\\/product\\\/vortex-strike-eagle-2-0-1-6x24-sfp-lvpo-ir-ar-bdc3-moa-rifle-scope\\\/#primaryimage\",\"url\":\"https:\\\/\\\/hunter-optics.com\\\/wp-content\\\/uploads\\\/2025\\\/07\\\/Vortex-Strike-Eagle-2.0.jpg\",\"contentUrl\":\"https:\\\/\\\/hunter-optics.com\\\/wp-content\\\/uploads\\\/2025\\\/07\\\/Vortex-Strike-Eagle-2.0.jpg\",\"width\":876,\"height\":876},{\"@type\":\"BreadcrumbList\",\"@id\":\"https:\\\/\\\/hunter-optics.com\\\/product\\\/vortex-strike-eagle-2-0-1-6x24-sfp-lvpo-ir-ar-bdc3-moa-rifle-scope\\\/#breadcrumb\",\"itemListElement\":[{\"@type\":\"ListItem\",\"position\":1,\"name\":\"Home\",\"item\":\"https:\\\/\\\/hunter-optics.com\\\/\"},{\"@type\":\"ListItem\",\"position\":2,\"name\":\"Products\",\"item\":\"https:\\\/\\\/hunter-optics.com\\\/shop\\\/\"},{\"@type\":\"ListItem\",\"position\":3,\"name\":\"Vortex STRIKE EAGLE\u00ae 2.0 1-6&#215;24 SFP LVPO IR AR-BDC3 MOA Rifle Scope\"}]},{\"@type\":\"WebSite\",\"@id\":\"https:\\\/\\\/hunter-optics.com\\\/#website\",\"url\":\"https:\\\/\\\/hunter-optics.com\\\/\",\"name\":\"Hunter Optics\",\"description\":\"Hunter Optics \u2014 Your Eye on the Target.\",\"publisher\":{\"@id\":\"https:\\\/\\\/hunter-optics.com\\\/#organization\"},\"potentialAction\":[{\"@type\":\"SearchAction\",\"target\":{\"@type\":\"EntryPoint\",\"urlTemplate\":\"https:\\\/\\\/hunter-optics.com\\\/?s={search_term_string}\"},\"query-input\":{\"@type\":\"PropertyValueSpecification\",\"valueRequired\":true,\"valueName\":\"search_term_string\"}}],\"inLanguage\":\"es\"},{\"@type\":\"Organization\",\"@id\":\"https:\\\/\\\/hunter-optics.com\\\/#organization\",\"name\":\"Hunter Optics\",\"url\":\"https:\\\/\\\/hunter-optics.com\\\/\",\"logo\":{\"@type\":\"ImageObject\",\"inLanguage\":\"es\",\"@id\":\"https:\\\/\\\/hunter-optics.com\\\/#\\\/schema\\\/logo\\\/image\\\/\",\"url\":\"https:\\\/\\\/hunter-optics.com\\\/wp-content\\\/uploads\\\/2025\\\/06\\\/hunter-optics-logo-1.png\",\"contentUrl\":\"https:\\\/\\\/hunter-optics.com\\\/wp-content\\\/uploads\\\/2025\\\/06\\\/hunter-optics-logo-1.png\",\"width\":937,\"height\":373,\"caption\":\"Hunter Optics\"},\"image\":{\"@id\":\"https:\\\/\\\/hunter-optics.com\\\/#\\\/schema\\\/logo\\\/image\\\/\"}}]}<\/script>\n<meta property=\"product:brand\" content=\"Vortex\" \/>\n<meta property=\"product:price:amount\" content=\"389.99\" \/>\n<meta property=\"product:price:currency\" content=\"USD\" \/>\n<meta property=\"og:availability\" content=\"instock\" \/>\n<meta property=\"product:availability\" content=\"instock\" \/>\n<meta property=\"product:condition\" content=\"new\" \/>\n<!-- \/ Yoast SEO Premium plugin. -->","yoast_head_json":{"title":"Visor Vortex STRIKE EAGLE\u00ae 2.0 1-6x24 SFP LVPO IR AR-BDC3 MOA - Hunter Optics","description":"Un verdadero 1x en el extremo inferior, el Strike Eagle hace zoom para permitir a los tiradores enfrentarse r\u00e1pidamente a objetivos cercanos y lejanos, y una ret\u00edcula AR-BDC3 ayuda en el disparo r\u00e1pido al tiempo que proporciona referencias de holdover y alcance de 0-600 yardas.","robots":{"index":"index","follow":"follow","max-snippet":"max-snippet:-1","max-image-preview":"max-image-preview:large","max-video-preview":"max-video-preview:-1"},"canonical":"https:\/\/hunter-optics.com\/es\/producto\/visor-vortex-strike-eagle-2-0-1-6x24-sfp-lvpo-ir-ar-bdc3-moa\/","og_locale":"es_ES","og_type":"article","og_title":"Vortex STRIKE EAGLE\u00ae 2.0 1-6x24 SFP LVPO IR AR-BDC3 MOA Rifle Scope","og_description":"A true 1x on the low end, Strike Eagle zooms to let shooters rapidly engage targets near and far, and an AR-BDC3 reticle aids in rapid shooting while providing holdover and ranging references from 0-600 yards.","og_url":"https:\/\/hunter-optics.com\/es\/producto\/visor-vortex-strike-eagle-2-0-1-6x24-sfp-lvpo-ir-ar-bdc3-moa\/","og_site_name":"Hunter Optics","article_modified_time":"2025-08-09T09:46:23+00:00","og_image":[{"width":876,"height":876,"url":"https:\/\/hunter-optics.com\/wp-content\/uploads\/2025\/07\/Vortex-Strike-Eagle-2.0.jpg","type":"image\/jpeg"}],"twitter_card":"summary_large_image","twitter_misc":{"Precio":"&#36;389.99","Disponibilidad":"Disponible"},"schema":{"@context":"https:\/\/schema.org","@graph":[{"@type":"WebPage","@id":"https:\/\/hunter-optics.com\/product\/vortex-strike-eagle-2-0-1-6x24-sfp-lvpo-ir-ar-bdc3-moa-rifle-scope\/","url":"https:\/\/hunter-optics.com\/product\/vortex-strike-eagle-2-0-1-6x24-sfp-lvpo-ir-ar-bdc3-moa-rifle-scope\/","name":"Visor Vortex STRIKE EAGLE\u00ae 2.0 1-6x24 SFP LVPO IR AR-BDC3 MOA - Hunter Optics","isPartOf":{"@id":"https:\/\/hunter-optics.com\/#website"},"primaryImageOfPage":{"@id":"https:\/\/hunter-optics.com\/product\/vortex-strike-eagle-2-0-1-6x24-sfp-lvpo-ir-ar-bdc3-moa-rifle-scope\/#primaryimage"},"image":{"@id":"https:\/\/hunter-optics.com\/product\/vortex-strike-eagle-2-0-1-6x24-sfp-lvpo-ir-ar-bdc3-moa-rifle-scope\/#primaryimage"},"thumbnailUrl":"https:\/\/hunter-optics.com\/wp-content\/uploads\/2025\/07\/Vortex-Strike-Eagle-2.0.jpg","datePublished":"2025-07-03T08:30:09+00:00","dateModified":"2025-08-09T09:46:23+00:00","description":"Un verdadero 1x en el extremo inferior, el Strike Eagle hace zoom para permitir a los tiradores enfrentarse r\u00e1pidamente a objetivos cercanos y lejanos, y una ret\u00edcula AR-BDC3 ayuda en el disparo r\u00e1pido al tiempo que proporciona referencias de holdover y alcance de 0-600 yardas.","breadcrumb":{"@id":"https:\/\/hunter-optics.com\/product\/vortex-strike-eagle-2-0-1-6x24-sfp-lvpo-ir-ar-bdc3-moa-rifle-scope\/#breadcrumb"},"inLanguage":"es","potentialAction":[{"@type":"ReadAction","target":["https:\/\/hunter-optics.com\/product\/vortex-strike-eagle-2-0-1-6x24-sfp-lvpo-ir-ar-bdc3-moa-rifle-scope\/"]}]},{"@type":"ImageObject","inLanguage":"es","@id":"https:\/\/hunter-optics.com\/product\/vortex-strike-eagle-2-0-1-6x24-sfp-lvpo-ir-ar-bdc3-moa-rifle-scope\/#primaryimage","url":"https:\/\/hunter-optics.com\/wp-content\/uploads\/2025\/07\/Vortex-Strike-Eagle-2.0.jpg","contentUrl":"https:\/\/hunter-optics.com\/wp-content\/uploads\/2025\/07\/Vortex-Strike-Eagle-2.0.jpg","width":876,"height":876},{"@type":"BreadcrumbList","@id":"https:\/\/hunter-optics.com\/product\/vortex-strike-eagle-2-0-1-6x24-sfp-lvpo-ir-ar-bdc3-moa-rifle-scope\/#breadcrumb","itemListElement":[{"@type":"ListItem","position":1,"name":"Home","item":"https:\/\/hunter-optics.com\/"},{"@type":"ListItem","position":2,"name":"Products","item":"https:\/\/hunter-optics.com\/shop\/"},{"@type":"ListItem","position":3,"name":"Vortex STRIKE EAGLE\u00ae 2.0 1-6&#215;24 SFP LVPO IR AR-BDC3 MOA Rifle Scope"}]},{"@type":"WebSite","@id":"https:\/\/hunter-optics.com\/#website","url":"https:\/\/hunter-optics.com\/","name":"\u00d3ptica Hunter","description":"Hunter Optics - Su ojo en el objetivo.","publisher":{"@id":"https:\/\/hunter-optics.com\/#organization"},"potentialAction":[{"@type":"SearchAction","target":{"@type":"EntryPoint","urlTemplate":"https:\/\/hunter-optics.com\/?s={search_term_string}"},"query-input":{"@type":"PropertyValueSpecification","valueRequired":true,"valueName":"search_term_string"}}],"inLanguage":"es"},{"@type":"Organization","@id":"https:\/\/hunter-optics.com\/#organization","name":"\u00d3ptica Hunter","url":"https:\/\/hunter-optics.com\/","logo":{"@type":"ImageObject","inLanguage":"es","@id":"https:\/\/hunter-optics.com\/#\/schema\/logo\/image\/","url":"https:\/\/hunter-optics.com\/wp-content\/uploads\/2025\/06\/hunter-optics-logo-1.png","contentUrl":"https:\/\/hunter-optics.com\/wp-content\/uploads\/2025\/06\/hunter-optics-logo-1.png","width":937,"height":373,"caption":"Hunter Optics"},"image":{"@id":"https:\/\/hunter-optics.com\/#\/schema\/logo\/image\/"}}]},"product_brand":"Vortex","product_price_amount":"389.99","product_price_currency":"USD","og_availability":"instock","product_availability":"instock","product_condition":"new"},"_links":{"self":[{"href":"https:\/\/hunter-optics.com\/es\/wp-json\/wp\/v2\/product\/1326","targetHints":{"allow":["GET"]}}],"collection":[{"href":"https:\/\/hunter-optics.com\/es\/wp-json\/wp\/v2\/product"}],"about":[{"href":"https:\/\/hunter-optics.com\/es\/wp-json\/wp\/v2\/types\/product"}],"replies":[{"embeddable":true,"href":"https:\/\/hunter-optics.com\/es\/wp-json\/wp\/v2\/comments?post=1326"}],"version-history":[{"count":3,"href":"https:\/\/hunter-optics.com\/es\/wp-json\/wp\/v2\/product\/1326\/revisions"}],"predecessor-version":[{"id":1661,"href":"https:\/\/hunter-optics.com\/es\/wp-json\/wp\/v2\/product\/1326\/revisions\/1661"}],"wp:featuredmedia":[{"embeddable":true,"href":"https:\/\/hunter-optics.com\/es\/wp-json\/wp\/v2\/media\/1388"}],"wp:attachment":[{"href":"https:\/\/hunter-optics.com\/es\/wp-json\/wp\/v2\/media?parent=1326"}],"wp:term":[{"taxonomy":"brand","embeddable":true,"href":"https:\/\/hunter-optics.com\/es\/wp-json\/wp\/v2\/etheme_brands?post=1326"},{"taxonomy":"product_brand","embeddable":true,"href":"https:\/\/hunter-optics.com\/es\/wp-json\/wp\/v2\/product_brand?post=1326"},{"taxonomy":"product_cat","embeddable":true,"href":"https:\/\/hunter-optics.com\/es\/wp-json\/wp\/v2\/product_cat?post=1326"},{"taxonomy":"product_tag","embeddable":true,"href":"https:\/\/hunter-optics.com\/es\/wp-json\/wp\/v2\/product_tag?post=1326"}],"curies":[{"name":"wp","href":"https:\/\/api.w.org\/{rel}","templated":true}]}}