{"id":1306,"date":"2025-07-03T07:14:18","date_gmt":"2025-07-03T07:14:18","guid":{"rendered":"https:\/\/hunter-optics.com\/?post_type=product&#038;p=1306"},"modified":"2025-10-27T08:49:49","modified_gmt":"2025-10-27T08:49:49","slug":"riton-5-conquer-5-25x50ir-moa","status":"publish","type":"product","link":"https:\/\/hunter-optics.com\/es\/producto\/riton-5-conquer-5-25x50ir-moa\/","title":{"rendered":"Riton 5 Conquer 5-25x50IR MOA"},"content":{"rendered":"<h4 class=\"a-spacing-mini\">Riton 5 Conquer 5-25\u00d750 MOA<\/h4>\n<h5 class=\"a-spacing-mini\">Descripci\u00f3n<\/h5>\n<p class=\"a-spacing-base\">Con un tubo de 34 mm y una relaci\u00f3n de aumento de 5x, el 5 Conquer 5-25\u00d750 de Riton tiene la combinaci\u00f3n perfecta de claridad y durabilidad para garantizar que cada disparo sea un \u00e9xito. Con una ret\u00edcula de Primer Plano Focal (FFP), palanca de lanzamiento integrada, torretas avanzadas Riton R5 Zero Stop, esta \u00f3ptica permitir\u00e1 disparos r\u00e1pidos en el blanco a cualquier distancia.<\/p>\n<h5>Promesa de Riton<\/h5>\n<p class=\"a-spacing-base\">Con el servicio en el centro de todo lo que hacemos en Riton, proporcionamos el mejor servicio de la industria en todos los productos no electro-\u00f3pticos para incluir visores variables y accesorios. Si tiene alg\u00fan problema con su \u00f3ptica, env\u00edenosla junto con un Formulario de Reclamaci\u00f3n y se la sustituiremos por un producto totalmente nuevo. Recibir\u00e1 una comunicaci\u00f3n relativa a la reparaci\u00f3n o sustituci\u00f3n de su producto en un plazo de dos d\u00edas laborables a partir de la recepci\u00f3n y aprobaci\u00f3n de la devoluci\u00f3n.<\/p>\n<h3 class=\"a-spacing-mini\">M\u00e1s informaci\u00f3n sobre la ret\u00edcula BAF de Riton<\/h3>\n<p class=\"a-spacing-base\">El 5 Conquer 5-25\u00d750 MOA en Primer Plano Focal est\u00e1 equipado con la Ret\u00edcula BAF (Ballistic Accusation FFP). Se trata de una ret\u00edcula de \u00bd MOA muy precisa. Dise\u00f1ada para aquellos que quieren hacer cambios muy peque\u00f1os y acertar objetivos de cualquier tama\u00f1o a cualquier distancia.<\/p>\n<ul class=\"a-unordered-list a-vertical\">\n<li><span class=\"a-list-item\">.25 MOA Punto central<\/span><\/li>\n<li><span class=\"a-list-item\">Indicadores MOA izquierdo\/derecho<\/span><\/li>\n<\/ul>\n<div class=\"apm-flex-item-fourth-width\">\n<p class=\"apm-text-center\"><img decoding=\"async\" class=\"\" src=\"https:\/\/m.media-amazon.com\/images\/S\/aplus-media-library-service-media\/2a3691ca-1ba6-425a-81d6-eea9b48041b0.__CR18,0,464,464_PT0_SX220_V1___.jpg\" alt=\"RitonOptics.EPCleanRoom.Icon\" data-src=\"https:\/\/m.media-amazon.com\/images\/S\/aplus-media-library-service-media\/2a3691ca-1ba6-425a-81d6-eea9b48041b0.__CR18,0,464,464_PT0_SX220_V1___.jpg\" \/><\/p>\n<h4 class=\"a-spacing-mini\">Ensamblado en sala blanca EP<\/h4>\n<p class=\"a-size-small\">Todas nuestras \u00f3pticas se ensamblan en una sala limpia con protecci\u00f3n medioambiental. Esto garantiza que cada \u00f3ptica est\u00e9 libre de residuos.<\/p>\n<\/div>\n<div class=\"apm-flex-item-fourth-width\">\n<p class=\"apm-text-center\"><img decoding=\"async\" class=\"\" src=\"https:\/\/m.media-amazon.com\/images\/S\/aplus-media-library-service-media\/be7a0589-7a1f-4e33-991d-031fdeda1e6b.__CR18,0,464,464_PT0_SX220_V1___.jpg\" alt=\"RitonOptics.Waterproof.Icon\" data-src=\"https:\/\/m.media-amazon.com\/images\/S\/aplus-media-library-service-media\/be7a0589-7a1f-4e33-991d-031fdeda1e6b.__CR18,0,464,464_PT0_SX220_V1___.jpg\" \/><\/p>\n<h4 class=\"a-spacing-mini\">Resistente al agua y a los golpes<\/h4>\n<p class=\"a-size-small\">Todas las \u00f3pticas son resistentes al agua y a los golpes. Cada \u00f3ptica se somete a pruebas de hasta 1200 g.<\/p>\n<\/div>\n<div class=\"apm-flex-item-fourth-width\">\n<p class=\"apm-text-center\"><img decoding=\"async\" class=\"\" src=\"https:\/\/m.media-amazon.com\/images\/S\/aplus-media-library-service-media\/f15dac1c-1de6-4ffc-8bc8-75b718848e9a.__CR18,0,464,464_PT0_SX220_V1___.jpg\" alt=\"RitonOptics.FastFocus.Icon\" data-src=\"https:\/\/m.media-amazon.com\/images\/S\/aplus-media-library-service-media\/f15dac1c-1de6-4ffc-8bc8-75b718848e9a.__CR18,0,464,464_PT0_SX220_V1___.jpg\" \/><\/p>\n<h4 class=\"a-spacing-mini\">Equipado con nuestro ocular de enfoque r\u00e1pido<\/h4>\n<p class=\"a-size-small\">Para que los ojos de todos puedan utilizar nuestras \u00f3pticas, cada una est\u00e1 equipada con nuestro ocular de enfoque r\u00e1pido.<\/p>\n<\/div>\n<div class=\"apm-flex-item-fourth-width\">\n<p class=\"apm-text-center\"><img decoding=\"async\" class=\"\" src=\"https:\/\/m.media-amazon.com\/images\/S\/aplus-media-library-service-media\/dd84b561-06be-4aba-94a6-94cb4782c51f.__CR18,0,464,464_PT0_SX220_V1___.jpg\" alt=\"RitonOptics.RuggedConstruction.Icon\" data-src=\"https:\/\/m.media-amazon.com\/images\/S\/aplus-media-library-service-media\/dd84b561-06be-4aba-94a6-94cb4782c51f.__CR18,0,464,464_PT0_SX220_V1___.jpg\" \/><\/p>\n<h4 class=\"a-spacing-mini\">Construcci\u00f3n de aluminio resistente y duradera<\/h4>\n<p class=\"a-size-small\">Todas nuestras \u00f3pticas est\u00e1n fabricadas en aluminio de calidad aeron\u00e1utica con cristal resistente, dispuesto a enfrentarse a los elementos.<\/p>\n<h3 class=\"a-size-extra-large a-spacing-base a-text-center\">Especificaciones<\/h3>\n<div class=\"a-row\">\n<div class=\"a-column a-span12 aplus-tech-spec-hide-loading\">\n<table class=\"a-bordered a-horizontal-stripes aplus-tech-spec-table\">\n<tbody>\n<tr>\n<td class=\"a-text-bold\">Aumento<\/td>\n<td>5-25<\/td>\n<\/tr>\n<tr>\n<td class=\"a-text-bold\">Ajuste de paralaje<\/td>\n<td>10-infinito<\/td>\n<\/tr>\n<tr>\n<td class=\"a-text-bold\">Di\u00e1metro del tubo<\/td>\n<td>34 mm<\/td>\n<\/tr>\n<tr>\n<td class=\"a-text-bold\">Di\u00e1metro del objetivo<\/td>\n<td>50 mm<\/td>\n<\/tr>\n<tr>\n<td class=\"a-text-bold\">Posici\u00f3n de la lente focal<\/td>\n<td>Primer plano focal<\/td>\n<\/tr>\n<tr>\n<td class=\"a-text-bold\">Revestimiento de la lente<\/td>\n<td>Revestimiento m\u00faltiple, banda ancha completa, revestimiento impermeable, mejora con poca luz<\/td>\n<\/tr>\n<tr>\n<td class=\"a-text-bold\">Ret\u00edculo<\/td>\n<td>BAF, Iluminado<\/td>\n<\/tr>\n<tr>\n<td class=\"a-text-bold\">Campo de visi\u00f3n a 100 m<\/td>\n<td>22.5ft-4.5ft<\/td>\n<\/tr>\n<tr>\n<td class=\"a-text-bold\">Alivio ocular<\/td>\n<td>1\/4\u201d<\/td>\n<\/tr>\n<tr>\n<td class=\"a-text-bold\">Salida Alumno<\/td>\n<td>Bajo 10,2 mm - Alto 2,2 mm<\/td>\n<\/tr>\n<tr>\n<td class=\"a-text-bold\">Valor de clic a 100 yds\/m<\/td>\n<td>1\/4\u201d<\/td>\n<\/tr>\n<tr>\n<td class=\"a-text-bold\">Rango de ajuste<\/td>\n<td>70 MOA<\/td>\n<\/tr>\n<tr>\n<td class=\"a-text-bold\">Longitud de montaje<\/td>\n<td>7,75 pulgadas\/196 mm<\/td>\n<\/tr>\n<tr>\n<td class=\"a-text-bold\">Longitud<\/td>\n<td>390 mm<\/td>\n<\/tr>\n<tr>\n<td class=\"a-text-bold\">Peso<\/td>\n<td>34oz\/963g<\/td>\n<\/tr>\n<tr>\n<td class=\"a-text-bold\">Art\u00edculos incluidos<\/td>\n<td>Tapas abatibles para lentes, pa\u00f1o para lentes, llave Allen<\/td>\n<\/tr>\n<\/tbody>\n<\/table>\n<\/div>\n<\/div>\n<\/div>","protected":false},"excerpt":{"rendered":"<h4>CARACTER\u00cdSTICAS DEL PRODUCTO:<\/h4>\n<div class=\"a-section\">\n<ul class=\"a-unordered-list a-vertical\">\n<li><span class=\"a-list-item\"><span class=\"a-size-base\">Equipado con torretas de parada a cero R5 de Riton para un retorno a cero instant\u00e1neo y fiable.<\/span><\/span><\/li>\n<li><span class=\"a-list-item\"><span class=\"a-size-base\">Palanca de lanzamiento extra\u00edble integrada<\/span><\/span><\/li>\n<li><span class=\"a-list-item\"><span class=\"a-size-base\">Ajuste de elevaci\u00f3n y orientaci\u00f3n 1\/4 MOA<\/span><\/span><\/li>\n<li><span class=\"a-list-item\"><span class=\"a-size-base\">6 niveles de iluminaci\u00f3n roja con encendido\/apagado entre cada nivel<\/span><\/span><\/li>\n<\/ul>\n<\/div>","protected":false},"featured_media":1381,"comment_status":"open","ping_status":"closed","template":"","meta":[],"etheme_brands":[{"term_id":44,"name":"Riton","slug":"riton","term_group":0,"term_taxonomy_id":44,"taxonomy":"brand","description":"","parent":0,"count":18,"filter":"raw"}],"product_brand":[],"product_cat":[49],"product_tag":[],"class_list":{"0":"post-1306","1":"product","2":"type-product","3":"status-publish","4":"has-post-thumbnail","6":"brand-riton","7":"product_cat-rifle-scopes","9":"first","10":"instock","11":"sale","12":"taxable","13":"shipping-taxable","14":"purchasable","15":"product-type-simple"},"yoast_head":"<!-- This site is optimized with the Yoast SEO Premium plugin v25.7.1 (Yoast SEO v27.4) - https:\/\/yoast.com\/product\/yoast-seo-premium-wordpress\/ -->\n<title>Riton 5 Conquer 5-25x50IR MOA - Hunter Optics<\/title>\n<meta name=\"robots\" content=\"index, follow, max-snippet:-1, max-image-preview:large, max-video-preview:-1\" \/>\n<link rel=\"canonical\" href=\"https:\/\/hunter-optics.com\/es\/producto\/riton-5-conquer-5-25x50ir-moa\/\" \/>\n<meta property=\"og:locale\" content=\"es_ES\" \/>\n<meta property=\"og:type\" content=\"article\" \/>\n<meta property=\"og:title\" content=\"Riton 5 Conquer 5-25x50IR MOA\" \/>\n<meta property=\"og:description\" content=\"PRODUCT FEATURES:    Equipped with Riton\u2019s R5 Zero Stop Turrets for Instant and Reliable Return to Zero  Integrated Removable Throw Lever  1\/4 MOA Windage and Elevation Adjustment  6 levels of red illumination featuring on\/off between each level\" \/>\n<meta property=\"og:url\" content=\"https:\/\/hunter-optics.com\/es\/producto\/riton-5-conquer-5-25x50ir-moa\/\" \/>\n<meta property=\"og:site_name\" content=\"Hunter Optics\" \/>\n<meta property=\"article:modified_time\" content=\"2025-10-27T08:49:49+00:00\" \/>\n<meta property=\"og:image\" content=\"https:\/\/hunter-optics.com\/wp-content\/uploads\/2025\/07\/Riton-5-Conquer-5-25x50IR-FFP-MOA.jpg\" \/>\n\t<meta property=\"og:image:width\" content=\"876\" \/>\n\t<meta property=\"og:image:height\" content=\"876\" \/>\n\t<meta property=\"og:image:type\" content=\"image\/jpeg\" \/>\n<meta name=\"twitter:card\" content=\"summary_large_image\" \/>\n<meta name=\"twitter:label1\" content=\"Precio\" \/>\n\t<meta name=\"twitter:data1\" content=\"&#036;629.99\" \/>\n\t<meta name=\"twitter:label2\" content=\"Disponibilidad\" \/>\n\t<meta name=\"twitter:data2\" content=\"Disponible\" \/>\n<script type=\"application\/ld+json\" class=\"yoast-schema-graph\">{\"@context\":\"https:\\\/\\\/schema.org\",\"@graph\":[{\"@type\":\"WebPage\",\"@id\":\"https:\\\/\\\/hunter-optics.com\\\/product\\\/riton-5-conquer-5-25x50ir-moa\\\/\",\"url\":\"https:\\\/\\\/hunter-optics.com\\\/product\\\/riton-5-conquer-5-25x50ir-moa\\\/\",\"name\":\"Riton 5 Conquer 5-25x50IR MOA - Hunter Optics\",\"isPartOf\":{\"@id\":\"https:\\\/\\\/hunter-optics.com\\\/#website\"},\"primaryImageOfPage\":{\"@id\":\"https:\\\/\\\/hunter-optics.com\\\/product\\\/riton-5-conquer-5-25x50ir-moa\\\/#primaryimage\"},\"image\":{\"@id\":\"https:\\\/\\\/hunter-optics.com\\\/product\\\/riton-5-conquer-5-25x50ir-moa\\\/#primaryimage\"},\"thumbnailUrl\":\"https:\\\/\\\/hunter-optics.com\\\/wp-content\\\/uploads\\\/2025\\\/07\\\/Riton-5-Conquer-5-25x50IR-FFP-MOA.jpg\",\"datePublished\":\"2025-07-03T07:14:18+00:00\",\"dateModified\":\"2025-10-27T08:49:49+00:00\",\"breadcrumb\":{\"@id\":\"https:\\\/\\\/hunter-optics.com\\\/product\\\/riton-5-conquer-5-25x50ir-moa\\\/#breadcrumb\"},\"inLanguage\":\"es\",\"potentialAction\":[{\"@type\":\"ReadAction\",\"target\":[\"https:\\\/\\\/hunter-optics.com\\\/product\\\/riton-5-conquer-5-25x50ir-moa\\\/\"]}]},{\"@type\":\"ImageObject\",\"inLanguage\":\"es\",\"@id\":\"https:\\\/\\\/hunter-optics.com\\\/product\\\/riton-5-conquer-5-25x50ir-moa\\\/#primaryimage\",\"url\":\"https:\\\/\\\/hunter-optics.com\\\/wp-content\\\/uploads\\\/2025\\\/07\\\/Riton-5-Conquer-5-25x50IR-FFP-MOA.jpg\",\"contentUrl\":\"https:\\\/\\\/hunter-optics.com\\\/wp-content\\\/uploads\\\/2025\\\/07\\\/Riton-5-Conquer-5-25x50IR-FFP-MOA.jpg\",\"width\":876,\"height\":876},{\"@type\":\"BreadcrumbList\",\"@id\":\"https:\\\/\\\/hunter-optics.com\\\/product\\\/riton-5-conquer-5-25x50ir-moa\\\/#breadcrumb\",\"itemListElement\":[{\"@type\":\"ListItem\",\"position\":1,\"name\":\"Home\",\"item\":\"https:\\\/\\\/hunter-optics.com\\\/\"},{\"@type\":\"ListItem\",\"position\":2,\"name\":\"Products\",\"item\":\"https:\\\/\\\/hunter-optics.com\\\/shop\\\/\"},{\"@type\":\"ListItem\",\"position\":3,\"name\":\"Riton 5 Conquer 5-25x50IR MOA\"}]},{\"@type\":\"WebSite\",\"@id\":\"https:\\\/\\\/hunter-optics.com\\\/#website\",\"url\":\"https:\\\/\\\/hunter-optics.com\\\/\",\"name\":\"Hunter Optics\",\"description\":\"Hunter Optics \u2014 Your Eye on the Target.\",\"publisher\":{\"@id\":\"https:\\\/\\\/hunter-optics.com\\\/#organization\"},\"potentialAction\":[{\"@type\":\"SearchAction\",\"target\":{\"@type\":\"EntryPoint\",\"urlTemplate\":\"https:\\\/\\\/hunter-optics.com\\\/?s={search_term_string}\"},\"query-input\":{\"@type\":\"PropertyValueSpecification\",\"valueRequired\":true,\"valueName\":\"search_term_string\"}}],\"inLanguage\":\"es\"},{\"@type\":\"Organization\",\"@id\":\"https:\\\/\\\/hunter-optics.com\\\/#organization\",\"name\":\"Hunter Optics\",\"url\":\"https:\\\/\\\/hunter-optics.com\\\/\",\"logo\":{\"@type\":\"ImageObject\",\"inLanguage\":\"es\",\"@id\":\"https:\\\/\\\/hunter-optics.com\\\/#\\\/schema\\\/logo\\\/image\\\/\",\"url\":\"https:\\\/\\\/hunter-optics.com\\\/wp-content\\\/uploads\\\/2025\\\/06\\\/hunter-optics-logo-1.png\",\"contentUrl\":\"https:\\\/\\\/hunter-optics.com\\\/wp-content\\\/uploads\\\/2025\\\/06\\\/hunter-optics-logo-1.png\",\"width\":937,\"height\":373,\"caption\":\"Hunter Optics\"},\"image\":{\"@id\":\"https:\\\/\\\/hunter-optics.com\\\/#\\\/schema\\\/logo\\\/image\\\/\"}}]}<\/script>\n<meta property=\"product:brand\" content=\"Riton\" \/>\n<meta property=\"product:price:amount\" content=\"629.99\" \/>\n<meta property=\"product:price:currency\" content=\"USD\" \/>\n<meta property=\"og:availability\" content=\"instock\" \/>\n<meta property=\"product:availability\" content=\"instock\" \/>\n<meta property=\"product:condition\" content=\"new\" \/>\n<!-- \/ Yoast SEO Premium plugin. -->","yoast_head_json":{"title":"Riton 5 Conquer 5-25x50IR MOA - Hunter Optics","robots":{"index":"index","follow":"follow","max-snippet":"max-snippet:-1","max-image-preview":"max-image-preview:large","max-video-preview":"max-video-preview:-1"},"canonical":"https:\/\/hunter-optics.com\/es\/producto\/riton-5-conquer-5-25x50ir-moa\/","og_locale":"es_ES","og_type":"article","og_title":"Riton 5 Conquer 5-25x50IR MOA","og_description":"PRODUCT FEATURES:    Equipped with Riton\u2019s R5 Zero Stop Turrets for Instant and Reliable Return to Zero  Integrated Removable Throw Lever  1\/4 MOA Windage and Elevation Adjustment  6 levels of red illumination featuring on\/off between each level","og_url":"https:\/\/hunter-optics.com\/es\/producto\/riton-5-conquer-5-25x50ir-moa\/","og_site_name":"Hunter Optics","article_modified_time":"2025-10-27T08:49:49+00:00","og_image":[{"width":876,"height":876,"url":"https:\/\/hunter-optics.com\/wp-content\/uploads\/2025\/07\/Riton-5-Conquer-5-25x50IR-FFP-MOA.jpg","type":"image\/jpeg"}],"twitter_card":"summary_large_image","twitter_misc":{"Precio":"&#36;629.99","Disponibilidad":"Disponible"},"schema":{"@context":"https:\/\/schema.org","@graph":[{"@type":"WebPage","@id":"https:\/\/hunter-optics.com\/product\/riton-5-conquer-5-25x50ir-moa\/","url":"https:\/\/hunter-optics.com\/product\/riton-5-conquer-5-25x50ir-moa\/","name":"Riton 5 Conquer 5-25x50IR MOA - Hunter Optics","isPartOf":{"@id":"https:\/\/hunter-optics.com\/#website"},"primaryImageOfPage":{"@id":"https:\/\/hunter-optics.com\/product\/riton-5-conquer-5-25x50ir-moa\/#primaryimage"},"image":{"@id":"https:\/\/hunter-optics.com\/product\/riton-5-conquer-5-25x50ir-moa\/#primaryimage"},"thumbnailUrl":"https:\/\/hunter-optics.com\/wp-content\/uploads\/2025\/07\/Riton-5-Conquer-5-25x50IR-FFP-MOA.jpg","datePublished":"2025-07-03T07:14:18+00:00","dateModified":"2025-10-27T08:49:49+00:00","breadcrumb":{"@id":"https:\/\/hunter-optics.com\/product\/riton-5-conquer-5-25x50ir-moa\/#breadcrumb"},"inLanguage":"es","potentialAction":[{"@type":"ReadAction","target":["https:\/\/hunter-optics.com\/product\/riton-5-conquer-5-25x50ir-moa\/"]}]},{"@type":"ImageObject","inLanguage":"es","@id":"https:\/\/hunter-optics.com\/product\/riton-5-conquer-5-25x50ir-moa\/#primaryimage","url":"https:\/\/hunter-optics.com\/wp-content\/uploads\/2025\/07\/Riton-5-Conquer-5-25x50IR-FFP-MOA.jpg","contentUrl":"https:\/\/hunter-optics.com\/wp-content\/uploads\/2025\/07\/Riton-5-Conquer-5-25x50IR-FFP-MOA.jpg","width":876,"height":876},{"@type":"BreadcrumbList","@id":"https:\/\/hunter-optics.com\/product\/riton-5-conquer-5-25x50ir-moa\/#breadcrumb","itemListElement":[{"@type":"ListItem","position":1,"name":"Home","item":"https:\/\/hunter-optics.com\/"},{"@type":"ListItem","position":2,"name":"Products","item":"https:\/\/hunter-optics.com\/shop\/"},{"@type":"ListItem","position":3,"name":"Riton 5 Conquer 5-25x50IR MOA"}]},{"@type":"WebSite","@id":"https:\/\/hunter-optics.com\/#website","url":"https:\/\/hunter-optics.com\/","name":"\u00d3ptica Hunter","description":"Hunter Optics - Su ojo en el objetivo.","publisher":{"@id":"https:\/\/hunter-optics.com\/#organization"},"potentialAction":[{"@type":"SearchAction","target":{"@type":"EntryPoint","urlTemplate":"https:\/\/hunter-optics.com\/?s={search_term_string}"},"query-input":{"@type":"PropertyValueSpecification","valueRequired":true,"valueName":"search_term_string"}}],"inLanguage":"es"},{"@type":"Organization","@id":"https:\/\/hunter-optics.com\/#organization","name":"\u00d3ptica Hunter","url":"https:\/\/hunter-optics.com\/","logo":{"@type":"ImageObject","inLanguage":"es","@id":"https:\/\/hunter-optics.com\/#\/schema\/logo\/image\/","url":"https:\/\/hunter-optics.com\/wp-content\/uploads\/2025\/06\/hunter-optics-logo-1.png","contentUrl":"https:\/\/hunter-optics.com\/wp-content\/uploads\/2025\/06\/hunter-optics-logo-1.png","width":937,"height":373,"caption":"Hunter Optics"},"image":{"@id":"https:\/\/hunter-optics.com\/#\/schema\/logo\/image\/"}}]},"product_brand":"Riton","product_price_amount":"629.99","product_price_currency":"USD","og_availability":"instock","product_availability":"instock","product_condition":"new"},"_links":{"self":[{"href":"https:\/\/hunter-optics.com\/es\/wp-json\/wp\/v2\/product\/1306","targetHints":{"allow":["GET"]}}],"collection":[{"href":"https:\/\/hunter-optics.com\/es\/wp-json\/wp\/v2\/product"}],"about":[{"href":"https:\/\/hunter-optics.com\/es\/wp-json\/wp\/v2\/types\/product"}],"replies":[{"embeddable":true,"href":"https:\/\/hunter-optics.com\/es\/wp-json\/wp\/v2\/comments?post=1306"}],"version-history":[{"count":4,"href":"https:\/\/hunter-optics.com\/es\/wp-json\/wp\/v2\/product\/1306\/revisions"}],"predecessor-version":[{"id":1384,"href":"https:\/\/hunter-optics.com\/es\/wp-json\/wp\/v2\/product\/1306\/revisions\/1384"}],"wp:featuredmedia":[{"embeddable":true,"href":"https:\/\/hunter-optics.com\/es\/wp-json\/wp\/v2\/media\/1381"}],"wp:attachment":[{"href":"https:\/\/hunter-optics.com\/es\/wp-json\/wp\/v2\/media?parent=1306"}],"wp:term":[{"taxonomy":"brand","embeddable":true,"href":"https:\/\/hunter-optics.com\/es\/wp-json\/wp\/v2\/etheme_brands?post=1306"},{"taxonomy":"product_brand","embeddable":true,"href":"https:\/\/hunter-optics.com\/es\/wp-json\/wp\/v2\/product_brand?post=1306"},{"taxonomy":"product_cat","embeddable":true,"href":"https:\/\/hunter-optics.com\/es\/wp-json\/wp\/v2\/product_cat?post=1306"},{"taxonomy":"product_tag","embeddable":true,"href":"https:\/\/hunter-optics.com\/es\/wp-json\/wp\/v2\/product_tag?post=1306"}],"curies":[{"name":"wp","href":"https:\/\/api.w.org\/{rel}","templated":true}]}}