{"id":1298,"date":"2025-07-03T06:53:05","date_gmt":"2025-07-03T06:53:05","guid":{"rendered":"https:\/\/hunter-optics.com\/?post_type=product&#038;p=1298"},"modified":"2025-07-24T08:53:53","modified_gmt":"2025-07-24T08:53:53","slug":"riton-3-conquer-6-24x50ir-ffp","status":"publish","type":"product","link":"https:\/\/hunter-optics.com\/es\/producto\/riton-3-conquer-6-24x50ir-ffp\/","title":{"rendered":"Riton 3 CONQUER 6-24\u00d750IR FFP"},"content":{"rendered":"<h3 id=\"brxe-wmwgnk\" class=\"brxe-heading h4\">TRAIGA EL OBJETIVO HACIA USTED<\/h3>\n<div id=\"brxe-hqsamv\" class=\"brxe-text-basic tir-video__subtitle\">Riton 3 CONQUER 6-24\u00d750<\/div>\n<div id=\"brxe-uenhta\" class=\"brxe-text prod-video__txt\">\n<p><strong>LA CLARIDAD IMPORTA<\/strong><\/p>\n<p>El 3 Conquer muestra el compromiso de Riton de ofrecer cristales de calidad a cualquier precio. El sistema \u00f3ptico es totalmente multi-revestido para mejorar el color, as\u00ed como la visibilidad con poca luz, por lo que ser\u00e1 capaz de ver su objetivo en cualquier situaci\u00f3n imaginable.<\/p>\n<p><strong>ADAPTACI\u00d3N DEL ENTORNO LUM\u00cdNICO<\/strong><\/p>\n<p>La iluminaci\u00f3n puede ser una caracter\u00edstica crucial que puede ayudarle a adaptarse a su entorno. El 3 Conquer 6-24\u00d750 est\u00e1 preparado para las situaciones ambientales que pueda encontrar, con seis niveles de iluminaci\u00f3n con un interruptor de apagado entre cada nivel, puede ajustar la posici\u00f3n perfecta a sus necesidades y cambiar los niveles sobre la marcha.<\/p>\n<p><strong>CONSTRUIDO PARA DURAR<\/strong><\/p>\n<p>El Rit\u00f3n\u00a0<strong>3 Conquer 6-24\u00d750<\/strong>, Construido para soportar los elementos, golpes, y todo lo dem\u00e1s, manteniendo la precisi\u00f3n. Construido con aluminio de grado aeron\u00e1utico 6061-T6, el 3 Conquer 6-24 ha sido construido pensando en la durabilidad. Como todos los visores Riton, el 3 Conquer 6-24 ha sido sometido a pruebas de impacto de hasta 1.200 Gs, est\u00e1 homologado para armas de aire comprimido y respaldado por la garant\u00eda limitada de por vida de Riton. No importa su aplicaci\u00f3n, el Riton 3 Conquer 6-24\u00d750 est\u00e1 construido para resistir sin comprometer el rendimiento.<\/p>\n<p><strong>VOLVER A CERO<\/strong><\/p>\n<p>Con 3 Conquer 6-24\u00d750 tiene torretas Riton R3 Zero Stop. Dise\u00f1adas para mantener un ajuste constante a lo largo del tiempo, estas torretas garantizan la tranquilidad de un rendimiento de por vida, independientemente de la cantidad de veces que se hayan ajustado. Adem\u00e1s, los kits de casquillos de parada a cero incluidos le permiten, una vez apuntado, ajustar su parada a cero, de modo que si a usted le gusta marcar la distancia, puede volver a cero r\u00e1pida y f\u00e1cilmente.<\/p>\n<h3 id=\"brxe-ztlivr\" class=\"brxe-heading prod-tabs__title\">Informaci\u00f3n del ret\u00edculo:<\/h3>\n<p id=\"brxe-grjall\" class=\"brxe-text-basic prod-reticle-name\">RETICULO: MPSR, iluminado<\/p>\n<div id=\"brxe-rkyybx\" class=\"brxe-text-basic prod-ret__txt\">\n<p>La ret\u00edcula MPSR est\u00e1 dise\u00f1ada para el tiro de precisi\u00f3n a larga distancia y ofrece marcas claras de orientaci\u00f3n y elevaci\u00f3n. Con marcas MIL finamente espaciadas y puntos de holdover, permite a los tiradores realizar ajustes precisos, garantizando confianza y precisi\u00f3n a cualquier distancia.<\/p>\n<h3 id=\"brxe-qcmket\" class=\"brxe-heading prod-tabs__title\">Caracter\u00edsticas principales:<\/h3>\n<div id=\"brxe-pnyzeh\" class=\"brxe-block prod-tab-feature\">\n<div class=\"brxe-xfsvub brxe-block prod-tab-key-loop\"><img loading=\"lazy\" decoding=\"async\" class=\"brxe-rtihxw brxe-image prod-feature__icon css-filter size-full\" src=\"https:\/\/ritonoptics.com\/wp-content\/uploads\/dry-nitrogen-purged-and-sealed-1.png\" alt=\"\" width=\"72\" height=\"74\" \/><\/p>\n<div class=\"brxe-anynyj brxe-div\">\n<p class=\"brxe-abizyp brxe-text-basic prod-feature__title\">Nitr\u00f3geno seco purgado y sellado<\/p>\n<p class=\"brxe-lprtvs brxe-text-basic prod-feature__txt\">Utilizando gas nitr\u00f3geno, la \u00f3ptica se purga y sella para garantizar un rendimiento \u00f3ptimo en todas las condiciones meteorol\u00f3gicas durante toda la vida \u00fatil del...<\/p>\n<\/div>\n<\/div>\n<div class=\"brxe-xfsvub brxe-block prod-tab-key-loop\"><img loading=\"lazy\" decoding=\"async\" class=\"brxe-rtihxw brxe-image prod-feature__icon css-filter size-full\" src=\"https:\/\/ritonoptics.com\/wp-content\/uploads\/precision-quality-1.png\" alt=\"\" width=\"72\" height=\"74\" \/><\/p>\n<div class=\"brxe-anynyj brxe-div\">\n<p class=\"brxe-abizyp brxe-text-basic prod-feature__title\">Garant\u00eda de calidad de precisi\u00f3n<\/p>\n<p class=\"brxe-lprtvs brxe-text-basic prod-feature__txt\">Cada producto Riton pasa por un riguroso proceso de control de calidad por t\u00e9cnicos certificados en Tucson, AZ. Cada producto que usted recibe ha sido sometido a...<\/p>\n<\/div>\n<\/div>\n<div class=\"brxe-xfsvub brxe-block prod-tab-key-loop\"><img loading=\"lazy\" decoding=\"async\" class=\"brxe-rtihxw brxe-image prod-feature__icon css-filter size-full\" src=\"https:\/\/ritonoptics.com\/wp-content\/uploads\/advanced-turret-1.png\" alt=\"\" width=\"72\" height=\"74\" \/><\/p>\n<div class=\"brxe-anynyj brxe-div\">\n<p class=\"brxe-abizyp brxe-text-basic prod-feature__title\">Sistema avanzado de torreta Riton<\/p>\n<p class=\"brxe-lprtvs brxe-text-basic prod-feature__txt\">El sistema de torreta avanzado de Riton incorpora las torretas Zero Stop de Riton en una de sus m\u00faltiples formas, lo que garantiza un seguimiento y una precisi\u00f3n repetibles.<\/p>\n<\/div>\n<\/div>\n<div class=\"brxe-xfsvub brxe-block prod-tab-key-loop\"><img loading=\"lazy\" decoding=\"async\" class=\"brxe-rtihxw brxe-image prod-feature__icon css-filter size-full\" src=\"https:\/\/ritonoptics.com\/wp-content\/uploads\/hd-glass-1.png\" alt=\"\" width=\"72\" height=\"74\" \/><\/p>\n<div class=\"brxe-anynyj brxe-div\">\n<p class=\"brxe-abizyp brxe-text-basic prod-feature__title\">Vidrio Riton HD<\/p>\n<p class=\"brxe-lprtvs brxe-text-basic prod-feature__txt\">El cristal Riton High Density (HD) ofrece una transmisi\u00f3n de la luz de 99,5% para una mayor claridad y una visi\u00f3n \u00f3ptima.<\/p>\n<\/div>\n<\/div>\n<div class=\"brxe-xfsvub brxe-block prod-tab-key-loop\"><img loading=\"lazy\" decoding=\"async\" class=\"brxe-rtihxw brxe-image prod-feature__icon css-filter size-full\" src=\"https:\/\/ritonoptics.com\/wp-content\/uploads\/performance-coating-1.png\" alt=\"\" width=\"72\" height=\"74\" \/><\/p>\n<div class=\"brxe-anynyj brxe-div\">\n<p class=\"brxe-abizyp brxe-text-basic prod-feature__title\">Revestimiento de alto rendimiento Riton<\/p>\n<p class=\"brxe-lprtvs brxe-text-basic prod-feature__txt\">Todas las \u00f3pticas Riton, que incorporan lentes patentadas con revestimiento m\u00faltiple, incorporan un sistema de mejora de la luminosidad,...<\/p>\n<\/div>\n<\/div>\n<div class=\"brxe-xfsvub brxe-block prod-tab-key-loop\"><img loading=\"lazy\" decoding=\"async\" class=\"brxe-rtihxw brxe-image prod-feature__icon css-filter size-full\" src=\"https:\/\/ritonoptics.com\/wp-content\/uploads\/rugged-construction-1.png\" alt=\"\" width=\"72\" height=\"74\" \/><\/p>\n<div class=\"brxe-anynyj brxe-div\">\n<p class=\"brxe-abizyp brxe-text-basic prod-feature__title\">Construcci\u00f3n robusta Riton<\/p>\n<p class=\"brxe-lprtvs brxe-text-basic prod-feature__txt\">La construcci\u00f3n robusta de Riton incorpora la aplicaci\u00f3n de aluminio de grado aeron\u00e1utico 6061-T6, tubos de una pieza mecanizados por CNC y anodizado de capa dura de tipo III ....<\/p>\n<\/div>\n<\/div>\n<div class=\"brxe-xfsvub brxe-block prod-tab-key-loop\"><img loading=\"lazy\" decoding=\"async\" class=\"brxe-rtihxw brxe-image prod-feature__icon css-filter size-full\" src=\"https:\/\/ritonoptics.com\/wp-content\/uploads\/airgun-approved-1.png\" alt=\"\" width=\"72\" height=\"74\" \/><\/p>\n<div class=\"brxe-anynyj brxe-div\">\n<p class=\"brxe-abizyp brxe-text-basic prod-feature__title\">Aprobado para armas de aire comprimido<\/p>\n<p class=\"brxe-lprtvs brxe-text-basic prod-feature__txt\">Los visores Riton est\u00e1n altamente cualificados y son adecuados para su uso con armas de aire comprimido, ofreciendo durabilidad y una excelente claridad \u00f3ptica. Dise\u00f1ados para soportar el retroceso \u00fanico...<\/p>\n<h3 id=\"brxe-qzyxzy\" class=\"brxe-heading prod-tabs__title\">Especificaciones completas:<\/h3>\n<div class=\"brxe-zlpnap brxe-block prod-tab-spec-loop\">\n<p class=\"brxe-ibnnrs brxe-text-basic tab-spec__value\">Aumento:6-24<\/p>\n<\/div>\n<div class=\"brxe-zlpnap brxe-block prod-tab-spec-loop\">\n<p class=\"brxe-ibnnrs brxe-text-basic tab-spec__value\">Ajuste de paralaje:10 - infinito<\/p>\n<\/div>\n<div class=\"brxe-zlpnap brxe-block prod-tab-spec-loop\">\n<p class=\"brxe-ibnnrs brxe-text-basic tab-spec__value\">Di\u00e1metro del tubo:30 mm<\/p>\n<\/div>\n<div class=\"brxe-zlpnap brxe-block prod-tab-spec-loop\">\n<p class=\"brxe-ibnnrs brxe-text-basic tab-spec__value\">Di\u00e1metro del objetivo:50 mm<\/p>\n<\/div>\n<div class=\"brxe-zlpnap brxe-block prod-tab-spec-loop\">\n<p class=\"brxe-ibnnrs brxe-text-basic tab-spec__value\">Plano focal:Primer plano focal<\/p>\n<\/div>\n<div class=\"brxe-zlpnap brxe-block prod-tab-spec-loop\">\n<p class=\"brxe-ibnnrs brxe-text-basic tab-spec__value\">Revestimiento del objetivo: multicapa completo, banda ancha completa, revestimiento impermeable, mejora con poca luz<\/p>\n<\/div>\n<div class=\"brxe-zlpnap brxe-block prod-tab-spec-loop\">\n<p class=\"brxe-ibnnrs brxe-text-basic tab-spec__value\">Ret\u00edcula:MPSR, iluminada<\/p>\n<\/div>\n<div class=\"brxe-zlpnap brxe-block prod-tab-spec-loop\">\n<p class=\"brxe-ibnnrs brxe-text-basic tab-spec__value\">Campo de visi\u00f3n a 100 metros:16,8 pies - 4,4 pies<\/p>\n<\/div>\n<div class=\"brxe-zlpnap brxe-block prod-tab-spec-loop\">\n<p class=\"brxe-ibnnrs brxe-text-basic tab-spec__value\">Material:6061-T6<\/p>\n<\/div>\n<div class=\"brxe-zlpnap brxe-block prod-tab-spec-loop\">\n<p class=\"brxe-ibnnrs brxe-text-basic tab-spec__value\">Alivio ocular:3.3in\/85mm<\/p>\n<\/div>\n<div class=\"brxe-zlpnap brxe-block prod-tab-spec-loop\">\n<p class=\"brxe-ibnnrs brxe-text-basic tab-spec__value\">Pupila de salida:Baja 8,2 mm - Alta 2,1 mm<\/p>\n<\/div>\n<div class=\"brxe-zlpnap brxe-block prod-tab-spec-loop\">\n<p class=\"brxe-ibnnrs brxe-text-basic tab-spec__value\">Valor de clic a 100 yardas:1\/10 MRAD<\/p>\n<\/div>\n<div class=\"brxe-zlpnap brxe-block prod-tab-spec-loop\">\n<p class=\"brxe-ibnnrs brxe-text-basic tab-spec__value\">Rango de ajuste:18 MRAD<\/p>\n<\/div>\n<div class=\"brxe-zlpnap brxe-block prod-tab-spec-loop\">\n<p class=\"brxe-ibnnrs brxe-text-basic tab-spec__value\">Longitud de montaje:6.37in\/161mm<\/p>\n<\/div>\n<div class=\"brxe-zlpnap brxe-block prod-tab-spec-loop\">\n<p class=\"brxe-ibnnrs brxe-text-basic tab-spec__value\">Longitud:14.17in\/360mm<\/p>\n<\/div>\n<div class=\"brxe-zlpnap brxe-block prod-tab-spec-loop\">\n<p class=\"brxe-ibnnrs brxe-text-basic tab-spec__value\">Weight:1.83lbs\/29.28oz<\/p>\n<\/div>\n<div class=\"brxe-zlpnap brxe-block prod-tab-spec-loop\">\n<p class=\"brxe-ibnnrs brxe-text-basic tab-spec__value\">Accesorios incluidos: fundas abatibles para lentes, pa\u00f1o para lentes, llave Allen, casquillo de tope cero con llave<\/p>\n<\/div>\n<\/div>\n<\/div>\n<\/div>\n<\/div>\n<\/div>","protected":false},"excerpt":{"rendered":"<div id=\"brxe-hxkylx\" class=\"brxe-product-short-description prod-single__txt\">\n<div class=\"woocommerce-product-details__short-description\">\n<p>Acerque el objetivo a usted con el Riton 3 Conquer 6-24\u00d750. Caracter\u00edsticas como las torretas de parada de cero expuestas, una ret\u00edcula iluminada y revestimientos de cristal que mejoran la imagen visual de su objetivo, todo en un tubo de 30 mil\u00edmetros, hacen de esta la \u00f3ptica definitiva para el tiro a larga distancia, la caza y todo lo dem\u00e1s.<\/p>\n<\/div>\n<\/div>","protected":false},"featured_media":1299,"comment_status":"open","ping_status":"closed","template":"","meta":[],"etheme_brands":[{"term_id":44,"name":"Riton","slug":"riton","term_group":0,"term_taxonomy_id":44,"taxonomy":"brand","description":"","parent":0,"count":18,"filter":"raw"}],"product_brand":[],"product_cat":[49],"product_tag":[],"class_list":{"0":"post-1298","1":"product","2":"type-product","3":"status-publish","4":"has-post-thumbnail","6":"brand-riton","7":"product_cat-rifle-scopes","9":"first","10":"instock","11":"sale","12":"taxable","13":"shipping-taxable","14":"purchasable","15":"product-type-simple"},"yoast_head":"<!-- This site is optimized with the Yoast SEO Premium plugin v25.7.1 (Yoast SEO v27.4) - https:\/\/yoast.com\/product\/yoast-seo-premium-wordpress\/ -->\n<title>Riton 3 CONQUER 6-24\u00d750IR FFP - Hunter Optics<\/title>\n<meta name=\"description\" content=\"Bring the target to you with the Riton 3 Conquer 6-24\u00d750. Features like exposed zero stop turrets, an illuminated reticle.\" \/>\n<meta name=\"robots\" content=\"index, follow, max-snippet:-1, max-image-preview:large, max-video-preview:-1\" \/>\n<link rel=\"canonical\" href=\"https:\/\/hunter-optics.com\/es\/producto\/riton-3-conquer-6-24x50ir-ffp\/\" \/>\n<meta property=\"og:locale\" content=\"es_ES\" \/>\n<meta property=\"og:type\" content=\"article\" \/>\n<meta property=\"og:title\" content=\"Riton 3 CONQUER 6-24\u00d750IR FFP\" \/>\n<meta property=\"og:description\" content=\"Bring the target to you with the Riton 3 Conquer 6-24\u00d750. Features like exposed zero stop turrets, an illuminated reticle.\" \/>\n<meta property=\"og:url\" content=\"https:\/\/hunter-optics.com\/es\/producto\/riton-3-conquer-6-24x50ir-ffp\/\" \/>\n<meta property=\"og:site_name\" content=\"Hunter Optics\" \/>\n<meta property=\"article:modified_time\" content=\"2025-07-24T08:53:53+00:00\" \/>\n<meta property=\"og:image\" content=\"https:\/\/hunter-optics.com\/wp-content\/uploads\/2025\/07\/Riton-3-CONQUER-6-24\u00d750.webp\" \/>\n\t<meta property=\"og:image:width\" content=\"876\" \/>\n\t<meta property=\"og:image:height\" content=\"876\" \/>\n\t<meta property=\"og:image:type\" content=\"image\/webp\" \/>\n<meta name=\"twitter:card\" content=\"summary_large_image\" \/>\n<meta name=\"twitter:label1\" content=\"Precio\" \/>\n\t<meta name=\"twitter:data1\" content=\"&#036;559.99\" \/>\n\t<meta name=\"twitter:label2\" content=\"Disponibilidad\" \/>\n\t<meta name=\"twitter:data2\" content=\"Disponible\" \/>\n<script type=\"application\/ld+json\" class=\"yoast-schema-graph\">{\"@context\":\"https:\\\/\\\/schema.org\",\"@graph\":[{\"@type\":\"WebPage\",\"@id\":\"https:\\\/\\\/hunter-optics.com\\\/product\\\/riton-3-conquer-6-24x50ir-ffp\\\/\",\"url\":\"https:\\\/\\\/hunter-optics.com\\\/product\\\/riton-3-conquer-6-24x50ir-ffp\\\/\",\"name\":\"Riton 3 CONQUER 6-24\u00d750IR FFP - Hunter Optics\",\"isPartOf\":{\"@id\":\"https:\\\/\\\/hunter-optics.com\\\/#website\"},\"primaryImageOfPage\":{\"@id\":\"https:\\\/\\\/hunter-optics.com\\\/product\\\/riton-3-conquer-6-24x50ir-ffp\\\/#primaryimage\"},\"image\":{\"@id\":\"https:\\\/\\\/hunter-optics.com\\\/product\\\/riton-3-conquer-6-24x50ir-ffp\\\/#primaryimage\"},\"thumbnailUrl\":\"https:\\\/\\\/hunter-optics.com\\\/wp-content\\\/uploads\\\/2025\\\/07\\\/Riton-3-CONQUER-6-24\u00d750.webp\",\"datePublished\":\"2025-07-03T06:53:05+00:00\",\"dateModified\":\"2025-07-24T08:53:53+00:00\",\"description\":\"Bring the target to you with the Riton 3 Conquer 6-24\u00d750. Features like exposed zero stop turrets, an illuminated reticle.\",\"breadcrumb\":{\"@id\":\"https:\\\/\\\/hunter-optics.com\\\/product\\\/riton-3-conquer-6-24x50ir-ffp\\\/#breadcrumb\"},\"inLanguage\":\"es\",\"potentialAction\":[{\"@type\":\"ReadAction\",\"target\":[\"https:\\\/\\\/hunter-optics.com\\\/product\\\/riton-3-conquer-6-24x50ir-ffp\\\/\"]}]},{\"@type\":\"ImageObject\",\"inLanguage\":\"es\",\"@id\":\"https:\\\/\\\/hunter-optics.com\\\/product\\\/riton-3-conquer-6-24x50ir-ffp\\\/#primaryimage\",\"url\":\"https:\\\/\\\/hunter-optics.com\\\/wp-content\\\/uploads\\\/2025\\\/07\\\/Riton-3-CONQUER-6-24\u00d750.webp\",\"contentUrl\":\"https:\\\/\\\/hunter-optics.com\\\/wp-content\\\/uploads\\\/2025\\\/07\\\/Riton-3-CONQUER-6-24\u00d750.webp\",\"width\":876,\"height\":876},{\"@type\":\"BreadcrumbList\",\"@id\":\"https:\\\/\\\/hunter-optics.com\\\/product\\\/riton-3-conquer-6-24x50ir-ffp\\\/#breadcrumb\",\"itemListElement\":[{\"@type\":\"ListItem\",\"position\":1,\"name\":\"Home\",\"item\":\"https:\\\/\\\/hunter-optics.com\\\/\"},{\"@type\":\"ListItem\",\"position\":2,\"name\":\"Products\",\"item\":\"https:\\\/\\\/hunter-optics.com\\\/shop\\\/\"},{\"@type\":\"ListItem\",\"position\":3,\"name\":\"Riton 3 CONQUER 6-24\u00d750IR FFP\"}]},{\"@type\":\"WebSite\",\"@id\":\"https:\\\/\\\/hunter-optics.com\\\/#website\",\"url\":\"https:\\\/\\\/hunter-optics.com\\\/\",\"name\":\"Hunter Optics\",\"description\":\"Hunter Optics \u2014 Your Eye on the Target.\",\"publisher\":{\"@id\":\"https:\\\/\\\/hunter-optics.com\\\/#organization\"},\"potentialAction\":[{\"@type\":\"SearchAction\",\"target\":{\"@type\":\"EntryPoint\",\"urlTemplate\":\"https:\\\/\\\/hunter-optics.com\\\/?s={search_term_string}\"},\"query-input\":{\"@type\":\"PropertyValueSpecification\",\"valueRequired\":true,\"valueName\":\"search_term_string\"}}],\"inLanguage\":\"es\"},{\"@type\":\"Organization\",\"@id\":\"https:\\\/\\\/hunter-optics.com\\\/#organization\",\"name\":\"Hunter Optics\",\"url\":\"https:\\\/\\\/hunter-optics.com\\\/\",\"logo\":{\"@type\":\"ImageObject\",\"inLanguage\":\"es\",\"@id\":\"https:\\\/\\\/hunter-optics.com\\\/#\\\/schema\\\/logo\\\/image\\\/\",\"url\":\"https:\\\/\\\/hunter-optics.com\\\/wp-content\\\/uploads\\\/2025\\\/06\\\/hunter-optics-logo-1.png\",\"contentUrl\":\"https:\\\/\\\/hunter-optics.com\\\/wp-content\\\/uploads\\\/2025\\\/06\\\/hunter-optics-logo-1.png\",\"width\":937,\"height\":373,\"caption\":\"Hunter Optics\"},\"image\":{\"@id\":\"https:\\\/\\\/hunter-optics.com\\\/#\\\/schema\\\/logo\\\/image\\\/\"}}]}<\/script>\n<meta property=\"product:brand\" content=\"Riton\" \/>\n<meta property=\"product:price:amount\" content=\"559.99\" \/>\n<meta property=\"product:price:currency\" content=\"USD\" \/>\n<meta property=\"og:availability\" content=\"instock\" \/>\n<meta property=\"product:availability\" content=\"instock\" \/>\n<meta property=\"product:condition\" content=\"new\" \/>\n<!-- \/ Yoast SEO Premium plugin. -->","yoast_head_json":{"title":"Riton 3 CONQUER 6-24\u00d750IR FFP - Hunter Optics","description":"Acerque el objetivo a usted con el Riton 3 Conquer 6-24\u00d750. Caracter\u00edsticas como torretas expuestas de parada de cero, una ret\u00edcula iluminada.","robots":{"index":"index","follow":"follow","max-snippet":"max-snippet:-1","max-image-preview":"max-image-preview:large","max-video-preview":"max-video-preview:-1"},"canonical":"https:\/\/hunter-optics.com\/es\/producto\/riton-3-conquer-6-24x50ir-ffp\/","og_locale":"es_ES","og_type":"article","og_title":"Riton 3 CONQUER 6-24\u00d750IR FFP","og_description":"Bring the target to you with the Riton 3 Conquer 6-24\u00d750. Features like exposed zero stop turrets, an illuminated reticle.","og_url":"https:\/\/hunter-optics.com\/es\/producto\/riton-3-conquer-6-24x50ir-ffp\/","og_site_name":"Hunter Optics","article_modified_time":"2025-07-24T08:53:53+00:00","og_image":[{"width":876,"height":876,"url":"https:\/\/hunter-optics.com\/wp-content\/uploads\/2025\/07\/Riton-3-CONQUER-6-24\u00d750.webp","type":"image\/webp"}],"twitter_card":"summary_large_image","twitter_misc":{"Precio":"&#36;559.99","Disponibilidad":"Disponible"},"schema":{"@context":"https:\/\/schema.org","@graph":[{"@type":"WebPage","@id":"https:\/\/hunter-optics.com\/product\/riton-3-conquer-6-24x50ir-ffp\/","url":"https:\/\/hunter-optics.com\/product\/riton-3-conquer-6-24x50ir-ffp\/","name":"Riton 3 CONQUER 6-24\u00d750IR FFP - Hunter Optics","isPartOf":{"@id":"https:\/\/hunter-optics.com\/#website"},"primaryImageOfPage":{"@id":"https:\/\/hunter-optics.com\/product\/riton-3-conquer-6-24x50ir-ffp\/#primaryimage"},"image":{"@id":"https:\/\/hunter-optics.com\/product\/riton-3-conquer-6-24x50ir-ffp\/#primaryimage"},"thumbnailUrl":"https:\/\/hunter-optics.com\/wp-content\/uploads\/2025\/07\/Riton-3-CONQUER-6-24\u00d750.webp","datePublished":"2025-07-03T06:53:05+00:00","dateModified":"2025-07-24T08:53:53+00:00","description":"Acerque el objetivo a usted con el Riton 3 Conquer 6-24\u00d750. Caracter\u00edsticas como torretas expuestas de parada de cero, una ret\u00edcula iluminada.","breadcrumb":{"@id":"https:\/\/hunter-optics.com\/product\/riton-3-conquer-6-24x50ir-ffp\/#breadcrumb"},"inLanguage":"es","potentialAction":[{"@type":"ReadAction","target":["https:\/\/hunter-optics.com\/product\/riton-3-conquer-6-24x50ir-ffp\/"]}]},{"@type":"ImageObject","inLanguage":"es","@id":"https:\/\/hunter-optics.com\/product\/riton-3-conquer-6-24x50ir-ffp\/#primaryimage","url":"https:\/\/hunter-optics.com\/wp-content\/uploads\/2025\/07\/Riton-3-CONQUER-6-24\u00d750.webp","contentUrl":"https:\/\/hunter-optics.com\/wp-content\/uploads\/2025\/07\/Riton-3-CONQUER-6-24\u00d750.webp","width":876,"height":876},{"@type":"BreadcrumbList","@id":"https:\/\/hunter-optics.com\/product\/riton-3-conquer-6-24x50ir-ffp\/#breadcrumb","itemListElement":[{"@type":"ListItem","position":1,"name":"Home","item":"https:\/\/hunter-optics.com\/"},{"@type":"ListItem","position":2,"name":"Products","item":"https:\/\/hunter-optics.com\/shop\/"},{"@type":"ListItem","position":3,"name":"Riton 3 CONQUER 6-24\u00d750IR FFP"}]},{"@type":"WebSite","@id":"https:\/\/hunter-optics.com\/#website","url":"https:\/\/hunter-optics.com\/","name":"\u00d3ptica Hunter","description":"Hunter Optics - Su ojo en el objetivo.","publisher":{"@id":"https:\/\/hunter-optics.com\/#organization"},"potentialAction":[{"@type":"SearchAction","target":{"@type":"EntryPoint","urlTemplate":"https:\/\/hunter-optics.com\/?s={search_term_string}"},"query-input":{"@type":"PropertyValueSpecification","valueRequired":true,"valueName":"search_term_string"}}],"inLanguage":"es"},{"@type":"Organization","@id":"https:\/\/hunter-optics.com\/#organization","name":"\u00d3ptica Hunter","url":"https:\/\/hunter-optics.com\/","logo":{"@type":"ImageObject","inLanguage":"es","@id":"https:\/\/hunter-optics.com\/#\/schema\/logo\/image\/","url":"https:\/\/hunter-optics.com\/wp-content\/uploads\/2025\/06\/hunter-optics-logo-1.png","contentUrl":"https:\/\/hunter-optics.com\/wp-content\/uploads\/2025\/06\/hunter-optics-logo-1.png","width":937,"height":373,"caption":"Hunter Optics"},"image":{"@id":"https:\/\/hunter-optics.com\/#\/schema\/logo\/image\/"}}]},"product_brand":"Riton","product_price_amount":"559.99","product_price_currency":"USD","og_availability":"instock","product_availability":"instock","product_condition":"new"},"_links":{"self":[{"href":"https:\/\/hunter-optics.com\/es\/wp-json\/wp\/v2\/product\/1298","targetHints":{"allow":["GET"]}}],"collection":[{"href":"https:\/\/hunter-optics.com\/es\/wp-json\/wp\/v2\/product"}],"about":[{"href":"https:\/\/hunter-optics.com\/es\/wp-json\/wp\/v2\/types\/product"}],"replies":[{"embeddable":true,"href":"https:\/\/hunter-optics.com\/es\/wp-json\/wp\/v2\/comments?post=1298"}],"version-history":[{"count":2,"href":"https:\/\/hunter-optics.com\/es\/wp-json\/wp\/v2\/product\/1298\/revisions"}],"predecessor-version":[{"id":1325,"href":"https:\/\/hunter-optics.com\/es\/wp-json\/wp\/v2\/product\/1298\/revisions\/1325"}],"wp:featuredmedia":[{"embeddable":true,"href":"https:\/\/hunter-optics.com\/es\/wp-json\/wp\/v2\/media\/1299"}],"wp:attachment":[{"href":"https:\/\/hunter-optics.com\/es\/wp-json\/wp\/v2\/media?parent=1298"}],"wp:term":[{"taxonomy":"brand","embeddable":true,"href":"https:\/\/hunter-optics.com\/es\/wp-json\/wp\/v2\/etheme_brands?post=1298"},{"taxonomy":"product_brand","embeddable":true,"href":"https:\/\/hunter-optics.com\/es\/wp-json\/wp\/v2\/product_brand?post=1298"},{"taxonomy":"product_cat","embeddable":true,"href":"https:\/\/hunter-optics.com\/es\/wp-json\/wp\/v2\/product_cat?post=1298"},{"taxonomy":"product_tag","embeddable":true,"href":"https:\/\/hunter-optics.com\/es\/wp-json\/wp\/v2\/product_tag?post=1298"}],"curies":[{"name":"wp","href":"https:\/\/api.w.org\/{rel}","templated":true}]}}