{"id":1285,"date":"2025-07-03T06:09:07","date_gmt":"2025-07-03T06:09:07","guid":{"rendered":"https:\/\/hunter-optics.com\/?post_type=product&#038;p=1285"},"modified":"2025-07-24T08:53:39","modified_gmt":"2025-07-24T08:53:39","slug":"riton-3-primal-3-12x56ir","status":"publish","type":"product","link":"https:\/\/hunter-optics.com\/es\/producto\/riton-3-primal-3-12x56ir\/","title":{"rendered":"RIton 3 PRIMAL 3-12\u00d756IR"},"content":{"rendered":"<h3 id=\"brxe-wmwgnk\" class=\"brxe-heading h4\">SENCILLAMENTE ACERTADO<\/h3>\n<div id=\"brxe-hqsamv\" class=\"brxe-text-basic tir-video__subtitle\">3 PRIMAL 3-12\u00d756<\/div>\n<div id=\"brxe-uenhta\" class=\"brxe-text prod-video__txt\">\n<p><strong>LA CLARIDAD IMPORTA<\/strong><\/p>\n<p>El Riton 3 Primal 3-12\u00d756 muestra el compromiso de Riton de ofrecer cristales de calidad a cualquier precio. El sistema \u00f3ptico es totalmente multi-revestido para mejorar el color, as\u00ed como la visibilidad con poca luz, por lo que ser\u00e1 capaz de ver su objetivo en cualquier situaci\u00f3n imaginable.<\/p>\n<p><strong>PODEROSAMENTE PRIMARIO<\/strong><\/p>\n<p>El 3 Primal 3-12\u00d756 incorpora la ret\u00edcula RDH, una ret\u00edcula clara y abierta con un \u00fanico punto de mira central iluminado. El punto central iluminado en rojo le permite adaptarse a condiciones de poca luz o a situaciones de fuerte contraste en las que una ret\u00edcula tradicional no iluminada podr\u00eda no aparecer. No deje que las condiciones de luz ambiental sean la raz\u00f3n por la que su mira se quede sin marcar.<\/p>\n<p><strong>PERSECUCI\u00d3N SIN TRABAS<\/strong><\/p>\n<p>A nadie le gusta que su equipo le pese durante la caza. Con eso en mente, el 3 Primal 3-12\u00d756 le tiene cubierto. Con un peso de poco m\u00e1s de medio kilo, esta \u00f3ptica le ayudar\u00e1 en cualquier cacer\u00eda sin cansarle, manteni\u00e9ndole en el campo m\u00e1s tiempo cuando m\u00e1s importa.<\/p>\n<p><strong>CONSTRUIDO PARA DURAR<\/strong><\/p>\n<p>El Riton 3 Primal 3-12\u00d756, construido para soportar los elementos, golpes, y todo lo dem\u00e1s, manteniendo la precisi\u00f3n. Construido en aluminio de grado aeron\u00e1utico 6061-T6, el 3 Primal 3-12\u00d756 ha sido construido pensando en la durabilidad y para soportar cualquier condici\u00f3n que pueda encontrar. Como todos los visores Riton, el 3 Primal 3-12\u00d756 ha sido sometido a pruebas de impacto de hasta 1.200 Gs, est\u00e1 homologado para armas de aire comprimido y respaldado por la garant\u00eda limitada de por vida de Riton. No importa su aplicaci\u00f3n, el Riton 3 Primal 3-12\u00d756 est\u00e1 construido para resistir sin comprometer el rendimiento.<\/p>\n<h3 id=\"brxe-ztlivr\" class=\"brxe-heading prod-tabs__title\">Informaci\u00f3n del ret\u00edculo:<\/h3>\n<p id=\"brxe-grjall\" class=\"brxe-text-basic prod-reticle-name\">RETICULO: RDH<\/p>\n<div id=\"brxe-rkyybx\" class=\"brxe-text-basic prod-ret__txt\">\n<p>En\u00a0<strong>Ret\u00edcula RDH<\/strong>\u00a0se dise\u00f1\u00f3 pensando en los cazadores. El punto central iluminado es un punto de mira natural incluso en situaciones tensas, mientras que el resto de la ret\u00edcula est\u00e1 abierta para facilitar el seguimiento de la caza.<\/p>\n<h3 id=\"brxe-qcmket\" class=\"brxe-heading prod-tabs__title\">Caracter\u00edsticas principales:<\/h3>\n<div id=\"brxe-pnyzeh\" class=\"brxe-block prod-tab-feature\">\n<div class=\"brxe-xfsvub brxe-block prod-tab-key-loop\"><img loading=\"lazy\" decoding=\"async\" class=\"brxe-rtihxw brxe-image prod-feature__icon css-filter size-full\" src=\"https:\/\/ritonoptics.com\/wp-content\/uploads\/dry-nitrogen-purged-and-sealed-1.png\" alt=\"\" width=\"72\" height=\"74\" \/><\/p>\n<div class=\"brxe-anynyj brxe-div\">\n<p class=\"brxe-abizyp brxe-text-basic prod-feature__title\">Nitr\u00f3geno seco purgado y sellado<\/p>\n<p class=\"brxe-lprtvs brxe-text-basic prod-feature__txt\">Utilizando gas nitr\u00f3geno, la \u00f3ptica se purga y sella para garantizar un rendimiento \u00f3ptimo en todas las condiciones meteorol\u00f3gicas durante toda la vida \u00fatil del...<\/p>\n<\/div>\n<\/div>\n<div class=\"brxe-xfsvub brxe-block prod-tab-key-loop\"><img loading=\"lazy\" decoding=\"async\" class=\"brxe-rtihxw brxe-image prod-feature__icon css-filter size-full\" src=\"https:\/\/ritonoptics.com\/wp-content\/uploads\/precision-quality-1.png\" alt=\"\" width=\"72\" height=\"74\" \/><\/p>\n<div class=\"brxe-anynyj brxe-div\">\n<p class=\"brxe-abizyp brxe-text-basic prod-feature__title\">Garant\u00eda de calidad de precisi\u00f3n<\/p>\n<p class=\"brxe-lprtvs brxe-text-basic prod-feature__txt\">Cada producto Riton pasa por un riguroso proceso de control de calidad por t\u00e9cnicos certificados en Tucson, AZ. Cada producto que usted recibe ha sido sometido a...<\/p>\n<\/div>\n<\/div>\n<div class=\"brxe-xfsvub brxe-block prod-tab-key-loop\"><img loading=\"lazy\" decoding=\"async\" class=\"brxe-rtihxw brxe-image prod-feature__icon css-filter size-full\" src=\"https:\/\/ritonoptics.com\/wp-content\/uploads\/hd-glass-1.png\" alt=\"\" width=\"72\" height=\"74\" \/><\/p>\n<div class=\"brxe-anynyj brxe-div\">\n<p class=\"brxe-abizyp brxe-text-basic prod-feature__title\">Vidrio Riton HD<\/p>\n<p class=\"brxe-lprtvs brxe-text-basic prod-feature__txt\">El cristal Riton High Density (HD) ofrece una transmisi\u00f3n de la luz de 99,5% para una mayor claridad y una visi\u00f3n \u00f3ptima.<\/p>\n<\/div>\n<\/div>\n<div class=\"brxe-xfsvub brxe-block prod-tab-key-loop\"><img loading=\"lazy\" decoding=\"async\" class=\"brxe-rtihxw brxe-image prod-feature__icon css-filter size-full\" src=\"https:\/\/ritonoptics.com\/wp-content\/uploads\/rugged-construction-1.png\" alt=\"\" width=\"72\" height=\"74\" \/><\/p>\n<div class=\"brxe-anynyj brxe-div\">\n<p class=\"brxe-abizyp brxe-text-basic prod-feature__title\">Construcci\u00f3n robusta Riton<\/p>\n<p class=\"brxe-lprtvs brxe-text-basic prod-feature__txt\">La construcci\u00f3n robusta de Riton incorpora la aplicaci\u00f3n de aluminio de grado aeron\u00e1utico 6061-T6, tubos de una pieza mecanizados por CNC y anodizado de capa dura de tipo III ....<\/p>\n<\/div>\n<\/div>\n<div class=\"brxe-xfsvub brxe-block prod-tab-key-loop\"><img loading=\"lazy\" decoding=\"async\" class=\"brxe-rtihxw brxe-image prod-feature__icon css-filter size-full\" src=\"https:\/\/ritonoptics.com\/wp-content\/uploads\/performance-coating-1.png\" alt=\"\" width=\"72\" height=\"74\" \/><\/p>\n<div class=\"brxe-anynyj brxe-div\">\n<p class=\"brxe-abizyp brxe-text-basic prod-feature__title\">Revestimiento de alto rendimiento Riton<\/p>\n<p class=\"brxe-lprtvs brxe-text-basic prod-feature__txt\">Todas las \u00f3pticas Riton, que incorporan lentes patentadas con revestimiento m\u00faltiple, incorporan un sistema de mejora de la luminosidad,...<\/p>\n<\/div>\n<\/div>\n<div class=\"brxe-xfsvub brxe-block prod-tab-key-loop\"><img loading=\"lazy\" decoding=\"async\" class=\"brxe-rtihxw brxe-image prod-feature__icon css-filter size-full\" src=\"https:\/\/ritonoptics.com\/wp-content\/uploads\/airgun-approved-1.png\" alt=\"\" width=\"72\" height=\"74\" \/><\/p>\n<div class=\"brxe-anynyj brxe-div\">\n<p class=\"brxe-abizyp brxe-text-basic prod-feature__title\">Aprobado para armas de aire comprimido<\/p>\n<p class=\"brxe-lprtvs brxe-text-basic prod-feature__txt\">Los visores Riton est\u00e1n altamente cualificados y son adecuados para su uso con armas de aire comprimido, ofreciendo durabilidad y una excelente claridad \u00f3ptica. Dise\u00f1ados para soportar el retroceso \u00fanico...<\/p>\n<h3 id=\"brxe-qzyxzy\" class=\"brxe-heading prod-tabs__title\">Especificaciones completas:<\/h3>\n<div class=\"brxe-zlpnap brxe-block prod-tab-spec-loop\">\n<p class=\"brxe-ibnnrs brxe-text-basic tab-spec__value\">Aumento:3-12<\/p>\n<\/div>\n<div class=\"brxe-zlpnap brxe-block prod-tab-spec-loop\">\n<p class=\"brxe-ibnnrs brxe-text-basic tab-spec__value\">Ajuste de paralaje:15 - infinito<\/p>\n<\/div>\n<div class=\"brxe-zlpnap brxe-block prod-tab-spec-loop\">\n<p class=\"brxe-ibnnrs brxe-text-basic tab-spec__value\">Di\u00e1metro del tubo:30 mm<\/p>\n<\/div>\n<div class=\"brxe-zlpnap brxe-block prod-tab-spec-loop\">\n<p class=\"brxe-ibnnrs brxe-text-basic tab-spec__value\">Di\u00e1metro del objetivo:56 mm<\/p>\n<\/div>\n<div class=\"brxe-zlpnap brxe-block prod-tab-spec-loop\">\n<p class=\"brxe-ibnnrs brxe-text-basic tab-spec__value\">Plano focal:Segundo plano focal<\/p>\n<\/div>\n<div class=\"brxe-zlpnap brxe-block prod-tab-spec-loop\">\n<p class=\"brxe-ibnnrs brxe-text-basic tab-spec__value\">Revestimiento del objetivo: multicapa completo, banda ancha completa, revestimiento impermeable, mejora con poca luz<\/p>\n<\/div>\n<div class=\"brxe-zlpnap brxe-block prod-tab-spec-loop\">\n<p class=\"brxe-ibnnrs brxe-text-basic tab-spec__value\">Ret\u00edcula: RDH, iluminada<\/p>\n<\/div>\n<div class=\"brxe-zlpnap brxe-block prod-tab-spec-loop\">\n<p class=\"brxe-ibnnrs brxe-text-basic tab-spec__value\">Campo de visi\u00f3n a 100 metros: 33 pies - 8,4 pies<\/p>\n<\/div>\n<div class=\"brxe-zlpnap brxe-block prod-tab-spec-loop\">\n<p class=\"brxe-ibnnrs brxe-text-basic tab-spec__value\">Material:6061-T6<\/p>\n<\/div>\n<div class=\"brxe-zlpnap brxe-block prod-tab-spec-loop\">\n<p class=\"brxe-ibnnrs brxe-text-basic tab-spec__value\">Alivio ocular:3,35in\/85mm<\/p>\n<\/div>\n<div class=\"brxe-zlpnap brxe-block prod-tab-spec-loop\">\n<p class=\"brxe-ibnnrs brxe-text-basic tab-spec__value\">Pupila de salida:Baja 14,5 mm - Alta 4,7 mm<\/p>\n<\/div>\n<div class=\"brxe-zlpnap brxe-block prod-tab-spec-loop\">\n<p class=\"brxe-ibnnrs brxe-text-basic tab-spec__value\">Valor de clic a 100 yardas:1\/4 MOA<\/p>\n<\/div>\n<div class=\"brxe-zlpnap brxe-block prod-tab-spec-loop\">\n<p class=\"brxe-ibnnrs brxe-text-basic tab-spec__value\">Rango de ajuste:60 MOA<\/p>\n<\/div>\n<div class=\"brxe-zlpnap brxe-block prod-tab-spec-loop\">\n<p class=\"brxe-ibnnrs brxe-text-basic tab-spec__value\">Longitud de montaje:5.4in\/137mm<\/p>\n<\/div>\n<div class=\"brxe-zlpnap brxe-block prod-tab-spec-loop\">\n<p class=\"brxe-ibnnrs brxe-text-basic tab-spec__value\">Longitud: 340 mm<\/p>\n<\/div>\n<div class=\"brxe-zlpnap brxe-block prod-tab-spec-loop\">\n<p class=\"brxe-ibnnrs brxe-text-basic tab-spec__value\">Peso:1.74lbs\/27.8oz<\/p>\n<\/div>\n<div class=\"brxe-zlpnap brxe-block prod-tab-spec-loop\">\n<p class=\"brxe-ibnnrs brxe-text-basic tab-spec__value\">Accesorios incluidos: fundas abatibles para las lentes, pa\u00f1o para las lentes, llave Allen, bater\u00eda 2032 instalada<\/p>\n<\/div>\n<\/div>\n<\/div>\n<\/div>\n<\/div>\n<\/div>","protected":false},"excerpt":{"rendered":"<div id=\"brxe-hxkylx\" class=\"brxe-product-short-description prod-single__txt\">\n<div class=\"woocommerce-product-details__short-description\">\n<p>En <strong>Riton<\/strong> <strong>3 Primal 3-12\u00d756<\/strong> es una \u00f3ptica de caza sencilla pero muy eficaz. Dise\u00f1ado pensando en el cazador, su objetivo sobredimensionado maximiza la calidad de imagen con poca luz, mientras que la ret\u00edcula RDH proporciona un punto de mira claro e iluminado que se muestra incluso en sombras oscuras. Con el 3 Primal 3-12\u00d756 puede estar seguro de que su \u00f3ptica no ser\u00e1 el eslab\u00f3n d\u00e9bil cuando llegue el momento de la verdad.<\/p>\n<\/div>\n<\/div>","protected":false},"featured_media":1286,"comment_status":"open","ping_status":"closed","template":"","meta":[],"etheme_brands":[{"term_id":44,"name":"Riton","slug":"riton","term_group":0,"term_taxonomy_id":44,"taxonomy":"brand","description":"","parent":0,"count":18,"filter":"raw"}],"product_brand":[],"product_cat":[49],"product_tag":[],"class_list":{"0":"post-1285","1":"product","2":"type-product","3":"status-publish","4":"has-post-thumbnail","6":"brand-riton","7":"product_cat-rifle-scopes","9":"first","10":"instock","11":"sale","12":"taxable","13":"shipping-taxable","14":"purchasable","15":"product-type-simple"},"yoast_head":"<!-- This site is optimized with the Yoast SEO Premium plugin v25.7.1 (Yoast SEO v27.4) - https:\/\/yoast.com\/product\/yoast-seo-premium-wordpress\/ -->\n<title>RIton 3 PRIMAL 3-12\u00d756IR - Hunter Optics<\/title>\n<meta name=\"robots\" content=\"index, follow, max-snippet:-1, max-image-preview:large, max-video-preview:-1\" \/>\n<link rel=\"canonical\" href=\"https:\/\/hunter-optics.com\/es\/producto\/riton-3-primal-3-12x56ir\/\" \/>\n<meta property=\"og:locale\" content=\"es_ES\" \/>\n<meta property=\"og:type\" content=\"article\" \/>\n<meta property=\"og:title\" content=\"RIton 3 PRIMAL 3-12\u00d756IR\" \/>\n<meta property=\"og:description\" content=\"The Riton 3 Primal 3-12\u00d756 is a simple but highly effective hunting optic. Designed with the hunter in mind, an oversized objective maximizes low-light image quality, while the RDH reticle delivers a clear, illuminated aimpoint that shows up even in dark shadows. With the 3 Primal 3-12\u00d756 you can be confident your optics won\u2019t be the weak link when the moment of truth comes.\" \/>\n<meta property=\"og:url\" content=\"https:\/\/hunter-optics.com\/es\/producto\/riton-3-primal-3-12x56ir\/\" \/>\n<meta property=\"og:site_name\" content=\"Hunter Optics\" \/>\n<meta property=\"article:modified_time\" content=\"2025-07-24T08:53:39+00:00\" \/>\n<meta property=\"og:image\" content=\"https:\/\/hunter-optics.com\/wp-content\/uploads\/2025\/07\/3-Primal-3-12x56-Angled.webp\" \/>\n\t<meta property=\"og:image:width\" content=\"876\" \/>\n\t<meta property=\"og:image:height\" content=\"876\" \/>\n\t<meta property=\"og:image:type\" content=\"image\/webp\" \/>\n<meta name=\"twitter:card\" content=\"summary_large_image\" \/>\n<meta name=\"twitter:label1\" content=\"Precio\" \/>\n\t<meta name=\"twitter:data1\" content=\"&#036;509.99\" \/>\n\t<meta name=\"twitter:label2\" content=\"Disponibilidad\" \/>\n\t<meta name=\"twitter:data2\" content=\"Disponible\" \/>\n<script type=\"application\/ld+json\" class=\"yoast-schema-graph\">{\"@context\":\"https:\\\/\\\/schema.org\",\"@graph\":[{\"@type\":\"WebPage\",\"@id\":\"https:\\\/\\\/hunter-optics.com\\\/product\\\/riton-3-primal-3-12x56ir\\\/\",\"url\":\"https:\\\/\\\/hunter-optics.com\\\/product\\\/riton-3-primal-3-12x56ir\\\/\",\"name\":\"RIton 3 PRIMAL 3-12\u00d756IR - Hunter Optics\",\"isPartOf\":{\"@id\":\"https:\\\/\\\/hunter-optics.com\\\/#website\"},\"primaryImageOfPage\":{\"@id\":\"https:\\\/\\\/hunter-optics.com\\\/product\\\/riton-3-primal-3-12x56ir\\\/#primaryimage\"},\"image\":{\"@id\":\"https:\\\/\\\/hunter-optics.com\\\/product\\\/riton-3-primal-3-12x56ir\\\/#primaryimage\"},\"thumbnailUrl\":\"https:\\\/\\\/hunter-optics.com\\\/wp-content\\\/uploads\\\/2025\\\/07\\\/3-Primal-3-12x56-Angled.webp\",\"datePublished\":\"2025-07-03T06:09:07+00:00\",\"dateModified\":\"2025-07-24T08:53:39+00:00\",\"breadcrumb\":{\"@id\":\"https:\\\/\\\/hunter-optics.com\\\/product\\\/riton-3-primal-3-12x56ir\\\/#breadcrumb\"},\"inLanguage\":\"es\",\"potentialAction\":[{\"@type\":\"ReadAction\",\"target\":[\"https:\\\/\\\/hunter-optics.com\\\/product\\\/riton-3-primal-3-12x56ir\\\/\"]}]},{\"@type\":\"ImageObject\",\"inLanguage\":\"es\",\"@id\":\"https:\\\/\\\/hunter-optics.com\\\/product\\\/riton-3-primal-3-12x56ir\\\/#primaryimage\",\"url\":\"https:\\\/\\\/hunter-optics.com\\\/wp-content\\\/uploads\\\/2025\\\/07\\\/3-Primal-3-12x56-Angled.webp\",\"contentUrl\":\"https:\\\/\\\/hunter-optics.com\\\/wp-content\\\/uploads\\\/2025\\\/07\\\/3-Primal-3-12x56-Angled.webp\",\"width\":876,\"height\":876},{\"@type\":\"BreadcrumbList\",\"@id\":\"https:\\\/\\\/hunter-optics.com\\\/product\\\/riton-3-primal-3-12x56ir\\\/#breadcrumb\",\"itemListElement\":[{\"@type\":\"ListItem\",\"position\":1,\"name\":\"Home\",\"item\":\"https:\\\/\\\/hunter-optics.com\\\/\"},{\"@type\":\"ListItem\",\"position\":2,\"name\":\"Products\",\"item\":\"https:\\\/\\\/hunter-optics.com\\\/shop\\\/\"},{\"@type\":\"ListItem\",\"position\":3,\"name\":\"RIton 3 PRIMAL 3-12\u00d756IR\"}]},{\"@type\":\"WebSite\",\"@id\":\"https:\\\/\\\/hunter-optics.com\\\/#website\",\"url\":\"https:\\\/\\\/hunter-optics.com\\\/\",\"name\":\"Hunter Optics\",\"description\":\"Hunter Optics \u2014 Your Eye on the Target.\",\"publisher\":{\"@id\":\"https:\\\/\\\/hunter-optics.com\\\/#organization\"},\"potentialAction\":[{\"@type\":\"SearchAction\",\"target\":{\"@type\":\"EntryPoint\",\"urlTemplate\":\"https:\\\/\\\/hunter-optics.com\\\/?s={search_term_string}\"},\"query-input\":{\"@type\":\"PropertyValueSpecification\",\"valueRequired\":true,\"valueName\":\"search_term_string\"}}],\"inLanguage\":\"es\"},{\"@type\":\"Organization\",\"@id\":\"https:\\\/\\\/hunter-optics.com\\\/#organization\",\"name\":\"Hunter Optics\",\"url\":\"https:\\\/\\\/hunter-optics.com\\\/\",\"logo\":{\"@type\":\"ImageObject\",\"inLanguage\":\"es\",\"@id\":\"https:\\\/\\\/hunter-optics.com\\\/#\\\/schema\\\/logo\\\/image\\\/\",\"url\":\"https:\\\/\\\/hunter-optics.com\\\/wp-content\\\/uploads\\\/2025\\\/06\\\/hunter-optics-logo-1.png\",\"contentUrl\":\"https:\\\/\\\/hunter-optics.com\\\/wp-content\\\/uploads\\\/2025\\\/06\\\/hunter-optics-logo-1.png\",\"width\":937,\"height\":373,\"caption\":\"Hunter Optics\"},\"image\":{\"@id\":\"https:\\\/\\\/hunter-optics.com\\\/#\\\/schema\\\/logo\\\/image\\\/\"}}]}<\/script>\n<meta property=\"product:brand\" content=\"Riton\" \/>\n<meta property=\"product:price:amount\" content=\"509.99\" \/>\n<meta property=\"product:price:currency\" content=\"USD\" \/>\n<meta property=\"og:availability\" content=\"instock\" \/>\n<meta property=\"product:availability\" content=\"instock\" \/>\n<meta property=\"product:condition\" content=\"new\" \/>\n<!-- \/ Yoast SEO Premium plugin. -->","yoast_head_json":{"title":"RIton 3 PRIMAL 3-12\u00d756IR - Hunter Optics","robots":{"index":"index","follow":"follow","max-snippet":"max-snippet:-1","max-image-preview":"max-image-preview:large","max-video-preview":"max-video-preview:-1"},"canonical":"https:\/\/hunter-optics.com\/es\/producto\/riton-3-primal-3-12x56ir\/","og_locale":"es_ES","og_type":"article","og_title":"RIton 3 PRIMAL 3-12\u00d756IR","og_description":"The Riton 3 Primal 3-12\u00d756 is a simple but highly effective hunting optic. Designed with the hunter in mind, an oversized objective maximizes low-light image quality, while the RDH reticle delivers a clear, illuminated aimpoint that shows up even in dark shadows. With the 3 Primal 3-12\u00d756 you can be confident your optics won\u2019t be the weak link when the moment of truth comes.","og_url":"https:\/\/hunter-optics.com\/es\/producto\/riton-3-primal-3-12x56ir\/","og_site_name":"Hunter Optics","article_modified_time":"2025-07-24T08:53:39+00:00","og_image":[{"width":876,"height":876,"url":"https:\/\/hunter-optics.com\/wp-content\/uploads\/2025\/07\/3-Primal-3-12x56-Angled.webp","type":"image\/webp"}],"twitter_card":"summary_large_image","twitter_misc":{"Precio":"&#36;509.99","Disponibilidad":"Disponible"},"schema":{"@context":"https:\/\/schema.org","@graph":[{"@type":"WebPage","@id":"https:\/\/hunter-optics.com\/product\/riton-3-primal-3-12x56ir\/","url":"https:\/\/hunter-optics.com\/product\/riton-3-primal-3-12x56ir\/","name":"RIton 3 PRIMAL 3-12\u00d756IR - Hunter Optics","isPartOf":{"@id":"https:\/\/hunter-optics.com\/#website"},"primaryImageOfPage":{"@id":"https:\/\/hunter-optics.com\/product\/riton-3-primal-3-12x56ir\/#primaryimage"},"image":{"@id":"https:\/\/hunter-optics.com\/product\/riton-3-primal-3-12x56ir\/#primaryimage"},"thumbnailUrl":"https:\/\/hunter-optics.com\/wp-content\/uploads\/2025\/07\/3-Primal-3-12x56-Angled.webp","datePublished":"2025-07-03T06:09:07+00:00","dateModified":"2025-07-24T08:53:39+00:00","breadcrumb":{"@id":"https:\/\/hunter-optics.com\/product\/riton-3-primal-3-12x56ir\/#breadcrumb"},"inLanguage":"es","potentialAction":[{"@type":"ReadAction","target":["https:\/\/hunter-optics.com\/product\/riton-3-primal-3-12x56ir\/"]}]},{"@type":"ImageObject","inLanguage":"es","@id":"https:\/\/hunter-optics.com\/product\/riton-3-primal-3-12x56ir\/#primaryimage","url":"https:\/\/hunter-optics.com\/wp-content\/uploads\/2025\/07\/3-Primal-3-12x56-Angled.webp","contentUrl":"https:\/\/hunter-optics.com\/wp-content\/uploads\/2025\/07\/3-Primal-3-12x56-Angled.webp","width":876,"height":876},{"@type":"BreadcrumbList","@id":"https:\/\/hunter-optics.com\/product\/riton-3-primal-3-12x56ir\/#breadcrumb","itemListElement":[{"@type":"ListItem","position":1,"name":"Home","item":"https:\/\/hunter-optics.com\/"},{"@type":"ListItem","position":2,"name":"Products","item":"https:\/\/hunter-optics.com\/shop\/"},{"@type":"ListItem","position":3,"name":"RIton 3 PRIMAL 3-12\u00d756IR"}]},{"@type":"WebSite","@id":"https:\/\/hunter-optics.com\/#website","url":"https:\/\/hunter-optics.com\/","name":"\u00d3ptica Hunter","description":"Hunter Optics - Su ojo en el objetivo.","publisher":{"@id":"https:\/\/hunter-optics.com\/#organization"},"potentialAction":[{"@type":"SearchAction","target":{"@type":"EntryPoint","urlTemplate":"https:\/\/hunter-optics.com\/?s={search_term_string}"},"query-input":{"@type":"PropertyValueSpecification","valueRequired":true,"valueName":"search_term_string"}}],"inLanguage":"es"},{"@type":"Organization","@id":"https:\/\/hunter-optics.com\/#organization","name":"\u00d3ptica Hunter","url":"https:\/\/hunter-optics.com\/","logo":{"@type":"ImageObject","inLanguage":"es","@id":"https:\/\/hunter-optics.com\/#\/schema\/logo\/image\/","url":"https:\/\/hunter-optics.com\/wp-content\/uploads\/2025\/06\/hunter-optics-logo-1.png","contentUrl":"https:\/\/hunter-optics.com\/wp-content\/uploads\/2025\/06\/hunter-optics-logo-1.png","width":937,"height":373,"caption":"Hunter Optics"},"image":{"@id":"https:\/\/hunter-optics.com\/#\/schema\/logo\/image\/"}}]},"product_brand":"Riton","product_price_amount":"509.99","product_price_currency":"USD","og_availability":"instock","product_availability":"instock","product_condition":"new"},"_links":{"self":[{"href":"https:\/\/hunter-optics.com\/es\/wp-json\/wp\/v2\/product\/1285","targetHints":{"allow":["GET"]}}],"collection":[{"href":"https:\/\/hunter-optics.com\/es\/wp-json\/wp\/v2\/product"}],"about":[{"href":"https:\/\/hunter-optics.com\/es\/wp-json\/wp\/v2\/types\/product"}],"replies":[{"embeddable":true,"href":"https:\/\/hunter-optics.com\/es\/wp-json\/wp\/v2\/comments?post=1285"}],"version-history":[{"count":2,"href":"https:\/\/hunter-optics.com\/es\/wp-json\/wp\/v2\/product\/1285\/revisions"}],"predecessor-version":[{"id":1324,"href":"https:\/\/hunter-optics.com\/es\/wp-json\/wp\/v2\/product\/1285\/revisions\/1324"}],"wp:featuredmedia":[{"embeddable":true,"href":"https:\/\/hunter-optics.com\/es\/wp-json\/wp\/v2\/media\/1286"}],"wp:attachment":[{"href":"https:\/\/hunter-optics.com\/es\/wp-json\/wp\/v2\/media?parent=1285"}],"wp:term":[{"taxonomy":"brand","embeddable":true,"href":"https:\/\/hunter-optics.com\/es\/wp-json\/wp\/v2\/etheme_brands?post=1285"},{"taxonomy":"product_brand","embeddable":true,"href":"https:\/\/hunter-optics.com\/es\/wp-json\/wp\/v2\/product_brand?post=1285"},{"taxonomy":"product_cat","embeddable":true,"href":"https:\/\/hunter-optics.com\/es\/wp-json\/wp\/v2\/product_cat?post=1285"},{"taxonomy":"product_tag","embeddable":true,"href":"https:\/\/hunter-optics.com\/es\/wp-json\/wp\/v2\/product_tag?post=1285"}],"curies":[{"name":"wp","href":"https:\/\/api.w.org\/{rel}","templated":true}]}}