{"id":1246,"date":"2025-07-03T02:53:12","date_gmt":"2025-07-03T02:53:12","guid":{"rendered":"https:\/\/hunter-optics.com\/?post_type=product&#038;p=1246"},"modified":"2025-07-24T08:53:25","modified_gmt":"2025-07-24T08:53:25","slug":"riton-3-tactix-1-8x24-negro","status":"publish","type":"product","link":"https:\/\/hunter-optics.com\/es\/producto\/riton-3-tactix-1-8x24-negro\/","title":{"rendered":"Riton 3 TACTIX 1-8\u00d724 BLK"},"content":{"rendered":"<h3 id=\"brxe-wmwgnk\" class=\"brxe-heading h4\">ESTAR PREPARADO - ADAPTARSE<\/h3>\n<div id=\"brxe-hqsamv\" class=\"brxe-text-basic tir-video__subtitle\">3 TACTIX 1-8\u00d724<\/div>\n<div id=\"brxe-uenhta\" class=\"brxe-text prod-video__txt\">\n<p><strong>CAMPE\u00d3N DE TODAS LAS GAMAS<\/strong><\/p>\n<p>En\u00a0<strong>3 Tactix 1-8\u00d724 LPVO<\/strong>\u00a0destaca tanto en objetivos a corta distancia como a distancia. Tanto si necesita ser capaz de derribar objetivos a corta distancia r\u00e1pidamente como si tiene algo de tiempo para disparar a un objetivo con cierta distancia, puede estar seguro de que las capacidades CQB y de largo alcance del 3 Tactix 1-8\u00d724 son para usted.<\/p>\n<p><strong>AUMENTO R\u00c1PIDO EN CUALQUIER CONDICI\u00d3N<\/strong><\/p>\n<p>El 3 Tactix 1-8 cuenta con el sistema de palanca de lanzamiento doble pendiente de patente de Riton, perfecto para aplicaciones en las que necesita cambiar r\u00e1pidamente los niveles de aumento para alcanzar el objetivo. Con m\u00faltiples ubicaciones para colocar la palanca de lanzamiento, y m\u00faltiples alturas para elegir, puede personalizar su configuraci\u00f3n para que coincida con la forma en que le gusta disparar. No importa si desea ahorrar peso y mantener un perfil bajo, o si necesita poder manejar el aumento con guantes o en condiciones resbaladizas o h\u00famedas, el sistema de palanca de doble tiro ofrece el tipo de modularidad y personalizaci\u00f3n que necesita.<\/p>\n<p><strong>CONSTRUIDO PARA DURAR<\/strong><\/p>\n<p>El Rit\u00f3n\u00a0<strong>3 Tactix 1-8\u00d724<\/strong>, Construido para soportar las inclemencias del tiempo, los golpes y todo lo dem\u00e1s, manteniendo la precisi\u00f3n. Fabricado en aluminio de grado aeron\u00e1utico 6061-T6, el 1-8 ha sido construido pensando en la durabilidad y para soportar cualquier condici\u00f3n que pueda encontrar. Como todos los visores Riton, el 3 Tactix 1-8 ha sido sometido a pruebas de impacto de hasta 1.200 Gs, est\u00e1 homologado para armas de aire comprimido y respaldado por la garant\u00eda limitada de por vida de Riton. No importa su aplicaci\u00f3n, el Riton 3 Tactix 1-8\u00d724 est\u00e1 construido para resistir sin comprometer el rendimiento.<\/p>\n<h3 id=\"brxe-ztlivr\" class=\"brxe-heading prod-tabs__title\">Informaci\u00f3n del ret\u00edculo:<\/h3>\n<p id=\"brxe-grjall\" class=\"brxe-text-basic prod-reticle-name\">RETICULO: OT<\/p>\n<div id=\"brxe-rkyybx\" class=\"brxe-text-basic prod-ret__txt\">\n<p>En\u00a0<strong>Ret\u00edcula OT<\/strong>\u00a0es perfecto para aplicaciones t\u00e1cticas y adaptable para la caza. Su dise\u00f1o iluminado mejora la visibilidad en todas las condiciones, mientras que las holguras detalladas permiten disparos r\u00e1pidos y precisos a distancias variables, lo que garantiza un rendimiento constante tanto en enfrentamientos cuerpo a cuerpo como a larga distancia.<\/p>\n<h3 id=\"brxe-qcmket\" class=\"brxe-heading prod-tabs__title\">Caracter\u00edsticas principales:<\/h3>\n<div id=\"brxe-pnyzeh\" class=\"brxe-block prod-tab-feature\">\n<div class=\"brxe-xfsvub brxe-block prod-tab-key-loop\"><img loading=\"lazy\" decoding=\"async\" class=\"brxe-rtihxw brxe-image prod-feature__icon css-filter size-full\" src=\"https:\/\/ritonoptics.com\/wp-content\/uploads\/dry-nitrogen-purged-and-sealed-1.png\" alt=\"\" width=\"72\" height=\"74\" \/><\/p>\n<div class=\"brxe-anynyj brxe-div\">\n<p class=\"brxe-abizyp brxe-text-basic prod-feature__title\">Nitr\u00f3geno seco purgado y sellado<\/p>\n<p class=\"brxe-lprtvs brxe-text-basic prod-feature__txt\">Utilizando gas nitr\u00f3geno, la \u00f3ptica se purga y sella para garantizar un rendimiento \u00f3ptimo en todas las condiciones meteorol\u00f3gicas durante toda la vida \u00fatil del...<\/p>\n<\/div>\n<\/div>\n<div class=\"brxe-xfsvub brxe-block prod-tab-key-loop\"><img loading=\"lazy\" decoding=\"async\" class=\"brxe-rtihxw brxe-image prod-feature__icon css-filter size-full\" src=\"https:\/\/ritonoptics.com\/wp-content\/uploads\/precision-quality-1.png\" alt=\"\" width=\"72\" height=\"74\" \/><\/p>\n<div class=\"brxe-anynyj brxe-div\">\n<p class=\"brxe-abizyp brxe-text-basic prod-feature__title\">Garant\u00eda de calidad de precisi\u00f3n<\/p>\n<p class=\"brxe-lprtvs brxe-text-basic prod-feature__txt\">Cada producto Riton pasa por un riguroso proceso de control de calidad por t\u00e9cnicos certificados en Tucson, AZ. Cada producto que usted recibe ha sido sometido a...<\/p>\n<\/div>\n<\/div>\n<div class=\"brxe-xfsvub brxe-block prod-tab-key-loop\"><img loading=\"lazy\" decoding=\"async\" class=\"brxe-rtihxw brxe-image prod-feature__icon css-filter size-full\" src=\"https:\/\/ritonoptics.com\/wp-content\/uploads\/hd-glass-1.png\" alt=\"\" width=\"72\" height=\"74\" \/><\/p>\n<div class=\"brxe-anynyj brxe-div\">\n<p class=\"brxe-abizyp brxe-text-basic prod-feature__title\">Vidrio Riton HD<\/p>\n<p class=\"brxe-lprtvs brxe-text-basic prod-feature__txt\">El cristal Riton High Density (HD) ofrece una transmisi\u00f3n de la luz de 99,5% para una mayor claridad y una visi\u00f3n \u00f3ptima.<\/p>\n<\/div>\n<\/div>\n<div class=\"brxe-xfsvub brxe-block prod-tab-key-loop\"><img loading=\"lazy\" decoding=\"async\" class=\"brxe-rtihxw brxe-image prod-feature__icon css-filter size-full\" src=\"https:\/\/ritonoptics.com\/wp-content\/uploads\/performance-coating-1.png\" alt=\"\" width=\"72\" height=\"74\" \/><\/p>\n<div class=\"brxe-anynyj brxe-div\">\n<p class=\"brxe-abizyp brxe-text-basic prod-feature__title\">Revestimiento de alto rendimiento Riton<\/p>\n<p class=\"brxe-lprtvs brxe-text-basic prod-feature__txt\">Todas las \u00f3pticas Riton, que incorporan lentes patentadas con revestimiento m\u00faltiple, incorporan un sistema de mejora de la luminosidad,...<\/p>\n<\/div>\n<\/div>\n<div class=\"brxe-xfsvub brxe-block prod-tab-key-loop\"><img loading=\"lazy\" decoding=\"async\" class=\"brxe-rtihxw brxe-image prod-feature__icon css-filter size-full\" src=\"https:\/\/ritonoptics.com\/wp-content\/uploads\/rugged-construction-1.png\" alt=\"\" width=\"72\" height=\"74\" \/><\/p>\n<div class=\"brxe-anynyj brxe-div\">\n<p class=\"brxe-abizyp brxe-text-basic prod-feature__title\">Construcci\u00f3n robusta Riton<\/p>\n<p class=\"brxe-lprtvs brxe-text-basic prod-feature__txt\">La construcci\u00f3n robusta de Riton incorpora la aplicaci\u00f3n de aluminio de grado aeron\u00e1utico 6061-T6, tubos de una pieza mecanizados por CNC y anodizado de capa dura de tipo III ....<\/p>\n<\/div>\n<\/div>\n<div class=\"brxe-xfsvub brxe-block prod-tab-key-loop\"><img loading=\"lazy\" decoding=\"async\" class=\"brxe-rtihxw brxe-image prod-feature__icon css-filter size-full\" src=\"https:\/\/ritonoptics.com\/wp-content\/uploads\/airgun-approved-1.png\" alt=\"\" width=\"72\" height=\"74\" \/><\/p>\n<div class=\"brxe-anynyj brxe-div\">\n<p class=\"brxe-abizyp brxe-text-basic prod-feature__title\">Aprobado para armas de aire comprimido<\/p>\n<p class=\"brxe-lprtvs brxe-text-basic prod-feature__txt\">Los visores Riton est\u00e1n altamente cualificados y son adecuados para su uso con armas de aire comprimido, ofreciendo durabilidad y una excelente claridad \u00f3ptica. Dise\u00f1ados para soportar el retroceso \u00fanico...<\/p>\n<h3 id=\"brxe-qzyxzy\" class=\"brxe-heading prod-tabs__title\">Especificaciones completas:<\/h3>\n<div class=\"brxe-zlpnap brxe-block prod-tab-spec-loop\">\n<p class=\"brxe-ibnnrs brxe-text-basic tab-spec__value\">Aumento:1-8<\/p>\n<\/div>\n<div class=\"brxe-zlpnap brxe-block prod-tab-spec-loop\">\n<p class=\"brxe-ibnnrs brxe-text-basic tab-spec__value\">Ajuste de paralaje:Fijo a 100 yardas<\/p>\n<\/div>\n<div class=\"brxe-zlpnap brxe-block prod-tab-spec-loop\">\n<p class=\"brxe-ibnnrs brxe-text-basic tab-spec__value\">Di\u00e1metro del tubo:30 mm<\/p>\n<\/div>\n<div class=\"brxe-zlpnap brxe-block prod-tab-spec-loop\">\n<p class=\"brxe-ibnnrs brxe-text-basic tab-spec__value\">Di\u00e1metro del objetivo:24 mm<\/p>\n<\/div>\n<div class=\"brxe-zlpnap brxe-block prod-tab-spec-loop\">\n<p class=\"brxe-ibnnrs brxe-text-basic tab-spec__value\">Plano focal:Segundo plano focal<\/p>\n<\/div>\n<div class=\"brxe-zlpnap brxe-block prod-tab-spec-loop\">\n<p class=\"brxe-ibnnrs brxe-text-basic tab-spec__value\">Revestimiento del objetivo: multicapa completo, banda ancha completa, revestimiento impermeable, mejora con poca luz<\/p>\n<\/div>\n<div class=\"brxe-zlpnap brxe-block prod-tab-spec-loop\">\n<p class=\"brxe-ibnnrs brxe-text-basic tab-spec__value\">Ret\u00edcula: OT, iluminada<\/p>\n<\/div>\n<div class=\"brxe-zlpnap brxe-block prod-tab-spec-loop\">\n<p class=\"brxe-ibnnrs brxe-text-basic tab-spec__value\">Campo de visi\u00f3n a 100 metros:105,8 pies - 13,1 pies<\/p>\n<\/div>\n<div class=\"brxe-zlpnap brxe-block prod-tab-spec-loop\">\n<p class=\"brxe-ibnnrs brxe-text-basic tab-spec__value\">Material:6061-T6<\/p>\n<\/div>\n<div class=\"brxe-zlpnap brxe-block prod-tab-spec-loop\">\n<p class=\"brxe-ibnnrs brxe-text-basic tab-spec__value\">Alivio ocular:3,5in\/90mm<\/p>\n<\/div>\n<div class=\"brxe-zlpnap brxe-block prod-tab-spec-loop\">\n<p class=\"brxe-ibnnrs brxe-text-basic tab-spec__value\">Pupila de salida:Baja 7,5 mm - Alta 3 mm<\/p>\n<\/div>\n<div class=\"brxe-zlpnap brxe-block prod-tab-spec-loop\">\n<p class=\"brxe-ibnnrs brxe-text-basic tab-spec__value\">Valor de clic a 100 yardas:1\/2 MOA<\/p>\n<\/div>\n<div class=\"brxe-zlpnap brxe-block prod-tab-spec-loop\">\n<p class=\"brxe-ibnnrs brxe-text-basic tab-spec__value\">Rango de ajuste:120 MOA<\/p>\n<\/div>\n<div class=\"brxe-zlpnap brxe-block prod-tab-spec-loop\">\n<p class=\"brxe-ibnnrs brxe-text-basic tab-spec__value\">Longitud de montaje:6.75in\/171mm<\/p>\n<\/div>\n<div class=\"brxe-zlpnap brxe-block prod-tab-spec-loop\">\n<p class=\"brxe-ibnnrs brxe-text-basic tab-spec__value\">Longitud:10.83in\/275mm<\/p>\n<\/div>\n<div class=\"brxe-zlpnap brxe-block prod-tab-spec-loop\">\n<p class=\"brxe-ibnnrs brxe-text-basic tab-spec__value\">Peso:1.6lbs\/25.6oz<\/p>\n<\/div>\n<div class=\"brxe-zlpnap brxe-block prod-tab-spec-loop\">\n<p class=\"brxe-ibnnrs brxe-text-basic tab-spec__value\">Accesorios incluidos: fundas abatibles para objetivos, pa\u00f1o para objetivos, llave Allen<\/p>\n<\/div>\n<\/div>\n<\/div>\n<\/div>\n<\/div>\n<\/div>","protected":false},"excerpt":{"rendered":"<div id=\"brxe-hxkylx\" class=\"brxe-product-short-description prod-single__txt\">\n<div class=\"woocommerce-product-details__short-description\">\n<p>En\u00a0<strong>Riton 3 Tactix 1-8\u00d724 LPVO<\/strong> (\u00f3ptica variable de baja potencia) es la soluci\u00f3n \u00f3ptica definitiva para una amplia gama de rifles. Desde un rifle deportivo moderno polivalente hasta esa escopeta de palanca que utiliza para cazar en cobertura densa. Con una ret\u00edcula de segundo plano focal que act\u00faa de forma similar a un punto rojo en niveles de aumento bajos, hasta una bestia de largo alcance en niveles de aumento m\u00e1s altos, esta \u00f3ptica se adapta a todas las aplicaciones, desde la defensa dom\u00e9stica hasta la caza y pr\u00e1cticamente todo lo que hay entre medias.<\/p>\n<\/div>\n<\/div>","protected":false},"featured_media":1247,"comment_status":"open","ping_status":"closed","template":"","meta":[],"etheme_brands":[{"term_id":44,"name":"Riton","slug":"riton","term_group":0,"term_taxonomy_id":44,"taxonomy":"brand","description":"","parent":0,"count":18,"filter":"raw"}],"product_brand":[],"product_cat":[49],"product_tag":[],"class_list":{"0":"post-1246","1":"product","2":"type-product","3":"status-publish","4":"has-post-thumbnail","6":"brand-riton","7":"product_cat-rifle-scopes","9":"first","10":"instock","11":"sale","12":"taxable","13":"shipping-taxable","14":"purchasable","15":"product-type-simple"},"yoast_head":"<!-- This site is optimized with the Yoast SEO Premium plugin v25.7.1 (Yoast SEO v27.4) - https:\/\/yoast.com\/product\/yoast-seo-premium-wordpress\/ -->\n<title>Riton 3 TACTIX 1-8\u00d724 BLK - Hunter Optics<\/title>\n<meta name=\"robots\" content=\"index, follow, max-snippet:-1, max-image-preview:large, max-video-preview:-1\" \/>\n<link rel=\"canonical\" href=\"https:\/\/hunter-optics.com\/es\/producto\/riton-3-tactix-1-8x24-negro\/\" \/>\n<meta property=\"og:locale\" content=\"es_ES\" \/>\n<meta property=\"og:type\" content=\"article\" \/>\n<meta property=\"og:title\" content=\"Riton 3 TACTIX 1-8\u00d724 BLK\" \/>\n<meta property=\"og:description\" content=\"The\u00a0Riton 3 Tactix 1-8\u00d724 LPVO (low power variable optic) is the ultimate optical solution for a wide array of rifles. From a multipurpose modern sporting rifle, to that lever gun you use to hunt in dense cover. With a second focal plane reticle that acts similar to a red dot on low magnification levels, to a long range beast on higher magnification levels, this optic fits every application from home defense to hunting and virtually everything in between.\" \/>\n<meta property=\"og:url\" content=\"https:\/\/hunter-optics.com\/es\/producto\/riton-3-tactix-1-8x24-negro\/\" \/>\n<meta property=\"og:site_name\" content=\"Hunter Optics\" \/>\n<meta property=\"article:modified_time\" content=\"2025-07-24T08:53:25+00:00\" \/>\n<meta property=\"og:image\" content=\"https:\/\/hunter-optics.com\/wp-content\/uploads\/2025\/07\/3-Tactix-1-8x24-Black-Angled.webp\" \/>\n\t<meta property=\"og:image:width\" content=\"876\" \/>\n\t<meta property=\"og:image:height\" content=\"876\" \/>\n\t<meta property=\"og:image:type\" content=\"image\/webp\" \/>\n<meta name=\"twitter:card\" content=\"summary_large_image\" \/>\n<meta name=\"twitter:label1\" content=\"Precio\" \/>\n\t<meta name=\"twitter:data1\" content=\"&#036;469.99\" \/>\n\t<meta name=\"twitter:label2\" content=\"Disponibilidad\" \/>\n\t<meta name=\"twitter:data2\" content=\"Disponible\" \/>\n<script type=\"application\/ld+json\" class=\"yoast-schema-graph\">{\"@context\":\"https:\\\/\\\/schema.org\",\"@graph\":[{\"@type\":\"WebPage\",\"@id\":\"https:\\\/\\\/hunter-optics.com\\\/product\\\/riton-3-tactix-1-8x24-blk\\\/\",\"url\":\"https:\\\/\\\/hunter-optics.com\\\/product\\\/riton-3-tactix-1-8x24-blk\\\/\",\"name\":\"Riton 3 TACTIX 1-8\u00d724 BLK - Hunter Optics\",\"isPartOf\":{\"@id\":\"https:\\\/\\\/hunter-optics.com\\\/#website\"},\"primaryImageOfPage\":{\"@id\":\"https:\\\/\\\/hunter-optics.com\\\/product\\\/riton-3-tactix-1-8x24-blk\\\/#primaryimage\"},\"image\":{\"@id\":\"https:\\\/\\\/hunter-optics.com\\\/product\\\/riton-3-tactix-1-8x24-blk\\\/#primaryimage\"},\"thumbnailUrl\":\"https:\\\/\\\/hunter-optics.com\\\/wp-content\\\/uploads\\\/2025\\\/07\\\/3-Tactix-1-8x24-Black-Angled.webp\",\"datePublished\":\"2025-07-03T02:53:12+00:00\",\"dateModified\":\"2025-07-24T08:53:25+00:00\",\"breadcrumb\":{\"@id\":\"https:\\\/\\\/hunter-optics.com\\\/product\\\/riton-3-tactix-1-8x24-blk\\\/#breadcrumb\"},\"inLanguage\":\"es\",\"potentialAction\":[{\"@type\":\"ReadAction\",\"target\":[\"https:\\\/\\\/hunter-optics.com\\\/product\\\/riton-3-tactix-1-8x24-blk\\\/\"]}]},{\"@type\":\"ImageObject\",\"inLanguage\":\"es\",\"@id\":\"https:\\\/\\\/hunter-optics.com\\\/product\\\/riton-3-tactix-1-8x24-blk\\\/#primaryimage\",\"url\":\"https:\\\/\\\/hunter-optics.com\\\/wp-content\\\/uploads\\\/2025\\\/07\\\/3-Tactix-1-8x24-Black-Angled.webp\",\"contentUrl\":\"https:\\\/\\\/hunter-optics.com\\\/wp-content\\\/uploads\\\/2025\\\/07\\\/3-Tactix-1-8x24-Black-Angled.webp\",\"width\":876,\"height\":876},{\"@type\":\"BreadcrumbList\",\"@id\":\"https:\\\/\\\/hunter-optics.com\\\/product\\\/riton-3-tactix-1-8x24-blk\\\/#breadcrumb\",\"itemListElement\":[{\"@type\":\"ListItem\",\"position\":1,\"name\":\"Home\",\"item\":\"https:\\\/\\\/hunter-optics.com\\\/\"},{\"@type\":\"ListItem\",\"position\":2,\"name\":\"Products\",\"item\":\"https:\\\/\\\/hunter-optics.com\\\/shop\\\/\"},{\"@type\":\"ListItem\",\"position\":3,\"name\":\"Riton 3 TACTIX 1-8\u00d724 BLK\"}]},{\"@type\":\"WebSite\",\"@id\":\"https:\\\/\\\/hunter-optics.com\\\/#website\",\"url\":\"https:\\\/\\\/hunter-optics.com\\\/\",\"name\":\"Hunter Optics\",\"description\":\"Hunter Optics \u2014 Your Eye on the Target.\",\"publisher\":{\"@id\":\"https:\\\/\\\/hunter-optics.com\\\/#organization\"},\"potentialAction\":[{\"@type\":\"SearchAction\",\"target\":{\"@type\":\"EntryPoint\",\"urlTemplate\":\"https:\\\/\\\/hunter-optics.com\\\/?s={search_term_string}\"},\"query-input\":{\"@type\":\"PropertyValueSpecification\",\"valueRequired\":true,\"valueName\":\"search_term_string\"}}],\"inLanguage\":\"es\"},{\"@type\":\"Organization\",\"@id\":\"https:\\\/\\\/hunter-optics.com\\\/#organization\",\"name\":\"Hunter Optics\",\"url\":\"https:\\\/\\\/hunter-optics.com\\\/\",\"logo\":{\"@type\":\"ImageObject\",\"inLanguage\":\"es\",\"@id\":\"https:\\\/\\\/hunter-optics.com\\\/#\\\/schema\\\/logo\\\/image\\\/\",\"url\":\"https:\\\/\\\/hunter-optics.com\\\/wp-content\\\/uploads\\\/2025\\\/06\\\/hunter-optics-logo-1.png\",\"contentUrl\":\"https:\\\/\\\/hunter-optics.com\\\/wp-content\\\/uploads\\\/2025\\\/06\\\/hunter-optics-logo-1.png\",\"width\":937,\"height\":373,\"caption\":\"Hunter Optics\"},\"image\":{\"@id\":\"https:\\\/\\\/hunter-optics.com\\\/#\\\/schema\\\/logo\\\/image\\\/\"}}]}<\/script>\n<meta property=\"product:brand\" content=\"Riton\" \/>\n<meta property=\"product:price:amount\" content=\"469.99\" \/>\n<meta property=\"product:price:currency\" content=\"USD\" \/>\n<meta property=\"og:availability\" content=\"instock\" \/>\n<meta property=\"product:availability\" content=\"instock\" \/>\n<meta property=\"product:condition\" content=\"new\" \/>\n<!-- \/ Yoast SEO Premium plugin. -->","yoast_head_json":{"title":"Riton 3 TACTIX 1-8\u00d724 BLK - Hunter Optics","robots":{"index":"index","follow":"follow","max-snippet":"max-snippet:-1","max-image-preview":"max-image-preview:large","max-video-preview":"max-video-preview:-1"},"canonical":"https:\/\/hunter-optics.com\/es\/producto\/riton-3-tactix-1-8x24-negro\/","og_locale":"es_ES","og_type":"article","og_title":"Riton 3 TACTIX 1-8\u00d724 BLK","og_description":"The\u00a0Riton 3 Tactix 1-8\u00d724 LPVO (low power variable optic) is the ultimate optical solution for a wide array of rifles. From a multipurpose modern sporting rifle, to that lever gun you use to hunt in dense cover. With a second focal plane reticle that acts similar to a red dot on low magnification levels, to a long range beast on higher magnification levels, this optic fits every application from home defense to hunting and virtually everything in between.","og_url":"https:\/\/hunter-optics.com\/es\/producto\/riton-3-tactix-1-8x24-negro\/","og_site_name":"Hunter Optics","article_modified_time":"2025-07-24T08:53:25+00:00","og_image":[{"width":876,"height":876,"url":"https:\/\/hunter-optics.com\/wp-content\/uploads\/2025\/07\/3-Tactix-1-8x24-Black-Angled.webp","type":"image\/webp"}],"twitter_card":"summary_large_image","twitter_misc":{"Precio":"&#36;469.99","Disponibilidad":"Disponible"},"schema":{"@context":"https:\/\/schema.org","@graph":[{"@type":"WebPage","@id":"https:\/\/hunter-optics.com\/product\/riton-3-tactix-1-8x24-blk\/","url":"https:\/\/hunter-optics.com\/product\/riton-3-tactix-1-8x24-blk\/","name":"Riton 3 TACTIX 1-8\u00d724 BLK - Hunter Optics","isPartOf":{"@id":"https:\/\/hunter-optics.com\/#website"},"primaryImageOfPage":{"@id":"https:\/\/hunter-optics.com\/product\/riton-3-tactix-1-8x24-blk\/#primaryimage"},"image":{"@id":"https:\/\/hunter-optics.com\/product\/riton-3-tactix-1-8x24-blk\/#primaryimage"},"thumbnailUrl":"https:\/\/hunter-optics.com\/wp-content\/uploads\/2025\/07\/3-Tactix-1-8x24-Black-Angled.webp","datePublished":"2025-07-03T02:53:12+00:00","dateModified":"2025-07-24T08:53:25+00:00","breadcrumb":{"@id":"https:\/\/hunter-optics.com\/product\/riton-3-tactix-1-8x24-blk\/#breadcrumb"},"inLanguage":"es","potentialAction":[{"@type":"ReadAction","target":["https:\/\/hunter-optics.com\/product\/riton-3-tactix-1-8x24-blk\/"]}]},{"@type":"ImageObject","inLanguage":"es","@id":"https:\/\/hunter-optics.com\/product\/riton-3-tactix-1-8x24-blk\/#primaryimage","url":"https:\/\/hunter-optics.com\/wp-content\/uploads\/2025\/07\/3-Tactix-1-8x24-Black-Angled.webp","contentUrl":"https:\/\/hunter-optics.com\/wp-content\/uploads\/2025\/07\/3-Tactix-1-8x24-Black-Angled.webp","width":876,"height":876},{"@type":"BreadcrumbList","@id":"https:\/\/hunter-optics.com\/product\/riton-3-tactix-1-8x24-blk\/#breadcrumb","itemListElement":[{"@type":"ListItem","position":1,"name":"Home","item":"https:\/\/hunter-optics.com\/"},{"@type":"ListItem","position":2,"name":"Products","item":"https:\/\/hunter-optics.com\/shop\/"},{"@type":"ListItem","position":3,"name":"Riton 3 TACTIX 1-8\u00d724 BLK"}]},{"@type":"WebSite","@id":"https:\/\/hunter-optics.com\/#website","url":"https:\/\/hunter-optics.com\/","name":"\u00d3ptica Hunter","description":"Hunter Optics - Su ojo en el objetivo.","publisher":{"@id":"https:\/\/hunter-optics.com\/#organization"},"potentialAction":[{"@type":"SearchAction","target":{"@type":"EntryPoint","urlTemplate":"https:\/\/hunter-optics.com\/?s={search_term_string}"},"query-input":{"@type":"PropertyValueSpecification","valueRequired":true,"valueName":"search_term_string"}}],"inLanguage":"es"},{"@type":"Organization","@id":"https:\/\/hunter-optics.com\/#organization","name":"\u00d3ptica Hunter","url":"https:\/\/hunter-optics.com\/","logo":{"@type":"ImageObject","inLanguage":"es","@id":"https:\/\/hunter-optics.com\/#\/schema\/logo\/image\/","url":"https:\/\/hunter-optics.com\/wp-content\/uploads\/2025\/06\/hunter-optics-logo-1.png","contentUrl":"https:\/\/hunter-optics.com\/wp-content\/uploads\/2025\/06\/hunter-optics-logo-1.png","width":937,"height":373,"caption":"Hunter Optics"},"image":{"@id":"https:\/\/hunter-optics.com\/#\/schema\/logo\/image\/"}}]},"product_brand":"Riton","product_price_amount":"469.99","product_price_currency":"USD","og_availability":"instock","product_availability":"instock","product_condition":"new"},"_links":{"self":[{"href":"https:\/\/hunter-optics.com\/es\/wp-json\/wp\/v2\/product\/1246","targetHints":{"allow":["GET"]}}],"collection":[{"href":"https:\/\/hunter-optics.com\/es\/wp-json\/wp\/v2\/product"}],"about":[{"href":"https:\/\/hunter-optics.com\/es\/wp-json\/wp\/v2\/types\/product"}],"replies":[{"embeddable":true,"href":"https:\/\/hunter-optics.com\/es\/wp-json\/wp\/v2\/comments?post=1246"}],"version-history":[{"count":2,"href":"https:\/\/hunter-optics.com\/es\/wp-json\/wp\/v2\/product\/1246\/revisions"}],"predecessor-version":[{"id":1277,"href":"https:\/\/hunter-optics.com\/es\/wp-json\/wp\/v2\/product\/1246\/revisions\/1277"}],"wp:featuredmedia":[{"embeddable":true,"href":"https:\/\/hunter-optics.com\/es\/wp-json\/wp\/v2\/media\/1247"}],"wp:attachment":[{"href":"https:\/\/hunter-optics.com\/es\/wp-json\/wp\/v2\/media?parent=1246"}],"wp:term":[{"taxonomy":"brand","embeddable":true,"href":"https:\/\/hunter-optics.com\/es\/wp-json\/wp\/v2\/etheme_brands?post=1246"},{"taxonomy":"product_brand","embeddable":true,"href":"https:\/\/hunter-optics.com\/es\/wp-json\/wp\/v2\/product_brand?post=1246"},{"taxonomy":"product_cat","embeddable":true,"href":"https:\/\/hunter-optics.com\/es\/wp-json\/wp\/v2\/product_cat?post=1246"},{"taxonomy":"product_tag","embeddable":true,"href":"https:\/\/hunter-optics.com\/es\/wp-json\/wp\/v2\/product_tag?post=1246"}],"curies":[{"name":"wp","href":"https:\/\/api.w.org\/{rel}","templated":true}]}}