{"id":1760,"date":"2025-08-11T08:23:48","date_gmt":"2025-08-11T08:23:48","guid":{"rendered":"https:\/\/hunter-optics.com\/?post_type=product&#038;p=1760"},"modified":"2025-10-11T09:15:54","modified_gmt":"2025-10-11T09:15:54","slug":"element-helix-6-24x50-ffp-apr-2d-mrad-30mm","status":"publish","type":"product","link":"https:\/\/hunter-optics.com\/de\/produkt\/element-helix-6-24x50-ffp-apr-2d-mrad-30mm\/","title":{"rendered":"Element Helix 6-24\u00d750 FFP APR-2D MRAD 30mm"},"content":{"rendered":"<div id=\"target_description\" class=\"w-full py-8 border-t mb-6 text-sm border-pbordergreydark pm-product-content open\">\n<p><strong>SPEZIALIEN<\/strong><\/p>\n<\/div>\n<ul>\n<li>Vergr\u00f6\u00dferung: 6-24x<\/li>\n<li>Objektivdurchmesser: 50 mm<\/li>\n<li>Rohrdurchmesser: 30 mm<\/li>\n<li>Austrittspupille: 9,1-2,2 mm<\/li>\n<li>Augenabstand: 3,7-4 Zoll<\/li>\n<li>Sichtfeld @100 Yards: 18.3-4.6 Fu\u00df<\/li>\n<li>Klickwert: 0,25 MARD<\/li>\n<li>Verstellbereich pro Umdrehung: 11,6 MOA<\/li>\n<li>Total Elevation Adjustment: 18,9 MIL<\/li>\n<li>Mindestparallaxe: 10 Meter<\/li>\n<li>Material zum Sp\u00fclen: Stickstoff<\/li>\n<li>L\u00e4nge: 363 mm<\/li>\n<li>Gewicht: 737g<\/li>\n<li>Lebenslange Garantie<\/li>\n<\/ul>\n<p><strong>FEATURES<\/strong><\/p>\n<ul>\n<li>30mm Hauptk\u00f6rperrohr<\/li>\n<li>Kompaktes, leichtes Design<\/li>\n<li>Erste Fokusebene Absehen<\/li>\n<li>Aluminium in Flugzeugqualit\u00e4t<\/li>\n<li>Seitenparallaxe: 10yds - Unendlich<\/li>\n<li>Vollst\u00e4ndig mehrschichtige Linsen<\/li>\n<li>Werkzeuglos r\u00fccksetzbare Revolver mit 15 MOA pro Umdrehung<\/li>\n<li>Harter mechanischer Null-Stopp<\/li>\n<li>Abnehmbarer Vergr\u00f6\u00dferungsschalthebel<\/li>\n<li>Wasserdicht, nebeldicht, sto\u00dffest und stickstoffgesp\u00fclt<\/li>\n<li>Inklusive Sonnenschirm, Objektivtuch und Gummilinsenkappen<\/li>\n<\/ul>","protected":false},"excerpt":{"rendered":"<div class=\"fusion-woo-short-description-tb fusion-woo-short-description-tb-1\">\n<div class=\"woocommerce-product-details__short-description\">\n<p>Wir haben das HELIX so konzipiert, dass die wichtigen Dinge im Vordergrund stehen: klares Glas, intelligente Absehen, innovative Funktionen und ein Revolversystem, das anderen Produkten in derselben Preisklasse \u00fcberlegen ist. Das Revolversystem wurde im Vergleich zur Standard-Sportoptik aufger\u00fcstet und besteht nun aus rostfreiem Stahl, um bei regelm\u00e4\u00dfigem W\u00e4hlen verschlei\u00dffrei zu sein - etwas, das moderne Schie\u00dfdisziplinen erfordern. Die werkzeuglosen Revolver und der Null-Stopp-Mechanismus bieten High-End-Funktionen, ohne das Budget zu sprengen, und das First-Focal-Plane-Absehen gew\u00e4hrleistet eine pr\u00e4zise Absehen-Kalibrierung bei allen Vergr\u00f6\u00dferungen. Die von uns eingef\u00fchrten Qualit\u00e4tskontrollen geben Ihnen die Gewissheit, dass Sie auch auf 1000 Yards sicher schie\u00dfen k\u00f6nnen. Und sollte doch einmal etwas schiefgehen, sind Sie mit unserer lebenslangen Platin-Garantie abgesichert!<\/p>\n<\/div>\n<\/div>","protected":false},"featured_media":1761,"comment_status":"open","ping_status":"closed","template":"","meta":[],"etheme_brands":[{"term_id":48,"name":"Element","slug":"element","term_group":0,"term_taxonomy_id":48,"taxonomy":"brand","description":"","parent":0,"count":2,"filter":"raw"}],"product_brand":[],"product_cat":[49],"product_tag":[],"class_list":{"0":"post-1760","1":"product","2":"type-product","3":"status-publish","4":"has-post-thumbnail","6":"brand-element","7":"product_cat-rifle-scopes","9":"first","10":"instock","11":"taxable","12":"shipping-taxable","13":"purchasable","14":"product-type-simple"},"yoast_head":"<!-- This site is optimized with the Yoast SEO Premium plugin v25.7.1 (Yoast SEO v27.4) - https:\/\/yoast.com\/product\/yoast-seo-premium-wordpress\/ -->\n<title>Element Helix 6-24x50 FFP APR-2D MRAD 30mm - Hunter Optics<\/title>\n<meta name=\"description\" content=\"Athlon Argos BTR GEN2 6-24x50 FFP scope features illuminated APLR2 MOA reticle, aircraft-grade aluminum body &amp; true zero-stop. Ideal for precision shooting. Shop now.\" \/>\n<meta name=\"robots\" content=\"index, follow, max-snippet:-1, max-image-preview:large, max-video-preview:-1\" \/>\n<link rel=\"canonical\" href=\"https:\/\/hunter-optics.com\/de\/produkt\/element-helix-6-24x50-ffp-apr-2d-mrad-30mm\/\" \/>\n<meta property=\"og:locale\" content=\"de_DE\" \/>\n<meta property=\"og:type\" content=\"article\" \/>\n<meta property=\"og:title\" content=\"Element Helix 6-24x50 FFP APR-2D MRAD 30mm\" \/>\n<meta property=\"og:description\" content=\"Athlon Argos BTR GEN2 6-24x50 FFP scope features illuminated APLR2 MOA reticle, aircraft-grade aluminum body &amp; true zero-stop. Ideal for precision shooting. Shop now.\" \/>\n<meta property=\"og:url\" content=\"https:\/\/hunter-optics.com\/de\/produkt\/element-helix-6-24x50-ffp-apr-2d-mrad-30mm\/\" \/>\n<meta property=\"og:site_name\" content=\"Hunter Optics\" \/>\n<meta property=\"article:modified_time\" content=\"2025-10-11T09:15:54+00:00\" \/>\n<meta property=\"og:image\" content=\"https:\/\/hunter-optics.com\/wp-content\/uploads\/2025\/08\/Element-Helix-6-24x50-FFP-APR-2D-MRAD-30mm-3.jpeg\" \/>\n\t<meta property=\"og:image:width\" content=\"2560\" \/>\n\t<meta property=\"og:image:height\" content=\"1537\" \/>\n\t<meta property=\"og:image:type\" content=\"image\/jpeg\" \/>\n<meta name=\"twitter:card\" content=\"summary_large_image\" \/>\n<meta name=\"twitter:label1\" content=\"Preis\" \/>\n\t<meta name=\"twitter:data1\" content=\"&#036;439.99\" \/>\n\t<meta name=\"twitter:label2\" content=\"Verf\u00fcgbarkeit\" \/>\n\t<meta name=\"twitter:data2\" content=\"Auf Lager\" \/>\n<script type=\"application\/ld+json\" class=\"yoast-schema-graph\">{\"@context\":\"https:\\\/\\\/schema.org\",\"@graph\":[{\"@type\":\"WebPage\",\"@id\":\"https:\\\/\\\/hunter-optics.com\\\/product\\\/element-helix-6-24x50-ffp-apr-2d-mrad-30mm\\\/\",\"url\":\"https:\\\/\\\/hunter-optics.com\\\/product\\\/element-helix-6-24x50-ffp-apr-2d-mrad-30mm\\\/\",\"name\":\"Element Helix 6-24x50 FFP APR-2D MRAD 30mm - Hunter Optics\",\"isPartOf\":{\"@id\":\"https:\\\/\\\/hunter-optics.com\\\/#website\"},\"primaryImageOfPage\":{\"@id\":\"https:\\\/\\\/hunter-optics.com\\\/product\\\/element-helix-6-24x50-ffp-apr-2d-mrad-30mm\\\/#primaryimage\"},\"image\":{\"@id\":\"https:\\\/\\\/hunter-optics.com\\\/product\\\/element-helix-6-24x50-ffp-apr-2d-mrad-30mm\\\/#primaryimage\"},\"thumbnailUrl\":\"https:\\\/\\\/hunter-optics.com\\\/wp-content\\\/uploads\\\/2025\\\/08\\\/Element-Helix-6-24x50-FFP-APR-2D-MRAD-30mm-3.jpeg\",\"datePublished\":\"2025-08-11T08:23:48+00:00\",\"dateModified\":\"2025-10-11T09:15:54+00:00\",\"description\":\"Athlon Argos BTR GEN2 6-24x50 FFP scope features illuminated APLR2 MOA reticle, aircraft-grade aluminum body & true zero-stop. Ideal for precision shooting. Shop now.\",\"breadcrumb\":{\"@id\":\"https:\\\/\\\/hunter-optics.com\\\/product\\\/element-helix-6-24x50-ffp-apr-2d-mrad-30mm\\\/#breadcrumb\"},\"inLanguage\":\"de\",\"potentialAction\":[{\"@type\":\"ReadAction\",\"target\":[\"https:\\\/\\\/hunter-optics.com\\\/product\\\/element-helix-6-24x50-ffp-apr-2d-mrad-30mm\\\/\"]}]},{\"@type\":\"ImageObject\",\"inLanguage\":\"de\",\"@id\":\"https:\\\/\\\/hunter-optics.com\\\/product\\\/element-helix-6-24x50-ffp-apr-2d-mrad-30mm\\\/#primaryimage\",\"url\":\"https:\\\/\\\/hunter-optics.com\\\/wp-content\\\/uploads\\\/2025\\\/08\\\/Element-Helix-6-24x50-FFP-APR-2D-MRAD-30mm-3.jpeg\",\"contentUrl\":\"https:\\\/\\\/hunter-optics.com\\\/wp-content\\\/uploads\\\/2025\\\/08\\\/Element-Helix-6-24x50-FFP-APR-2D-MRAD-30mm-3.jpeg\",\"width\":2560,\"height\":1537,\"caption\":\"Element Helix 6-24x50 FFP APR-2D MRAD 30mm\"},{\"@type\":\"BreadcrumbList\",\"@id\":\"https:\\\/\\\/hunter-optics.com\\\/product\\\/element-helix-6-24x50-ffp-apr-2d-mrad-30mm\\\/#breadcrumb\",\"itemListElement\":[{\"@type\":\"ListItem\",\"position\":1,\"name\":\"Home\",\"item\":\"https:\\\/\\\/hunter-optics.com\\\/\"},{\"@type\":\"ListItem\",\"position\":2,\"name\":\"Products\",\"item\":\"https:\\\/\\\/hunter-optics.com\\\/shop\\\/\"},{\"@type\":\"ListItem\",\"position\":3,\"name\":\"Element Helix 6-24&#215;50 FFP APR-2D MRAD 30mm\"}]},{\"@type\":\"WebSite\",\"@id\":\"https:\\\/\\\/hunter-optics.com\\\/#website\",\"url\":\"https:\\\/\\\/hunter-optics.com\\\/\",\"name\":\"Hunter Optics\",\"description\":\"Hunter Optics \u2014 Your Eye on the Target.\",\"publisher\":{\"@id\":\"https:\\\/\\\/hunter-optics.com\\\/#organization\"},\"potentialAction\":[{\"@type\":\"SearchAction\",\"target\":{\"@type\":\"EntryPoint\",\"urlTemplate\":\"https:\\\/\\\/hunter-optics.com\\\/?s={search_term_string}\"},\"query-input\":{\"@type\":\"PropertyValueSpecification\",\"valueRequired\":true,\"valueName\":\"search_term_string\"}}],\"inLanguage\":\"de\"},{\"@type\":\"Organization\",\"@id\":\"https:\\\/\\\/hunter-optics.com\\\/#organization\",\"name\":\"Hunter Optics\",\"url\":\"https:\\\/\\\/hunter-optics.com\\\/\",\"logo\":{\"@type\":\"ImageObject\",\"inLanguage\":\"de\",\"@id\":\"https:\\\/\\\/hunter-optics.com\\\/#\\\/schema\\\/logo\\\/image\\\/\",\"url\":\"https:\\\/\\\/hunter-optics.com\\\/wp-content\\\/uploads\\\/2025\\\/06\\\/hunter-optics-logo-1.png\",\"contentUrl\":\"https:\\\/\\\/hunter-optics.com\\\/wp-content\\\/uploads\\\/2025\\\/06\\\/hunter-optics-logo-1.png\",\"width\":937,\"height\":373,\"caption\":\"Hunter Optics\"},\"image\":{\"@id\":\"https:\\\/\\\/hunter-optics.com\\\/#\\\/schema\\\/logo\\\/image\\\/\"}}]}<\/script>\n<meta property=\"product:brand\" content=\"Element\" \/>\n<meta property=\"product:price:amount\" content=\"439.99\" \/>\n<meta property=\"product:price:currency\" content=\"USD\" \/>\n<meta property=\"og:availability\" content=\"instock\" \/>\n<meta property=\"product:availability\" content=\"instock\" \/>\n<meta property=\"product:condition\" content=\"new\" \/>\n<!-- \/ Yoast SEO Premium plugin. -->","yoast_head_json":{"title":"Element Helix 6-24x50 FFP APR-2D MRAD 30mm - Hunter Optics","description":"Das Athlon Argos BTR GEN2 6-24x50 FFP Zielfernrohr verf\u00fcgt \u00fcber ein beleuchtetes APLR2 MOA Absehen, ein Geh\u00e4use aus Flugzeugaluminium und einen echten Nullanschlag. Ideal f\u00fcr das Pr\u00e4zisionsschie\u00dfen. Jetzt einkaufen.","robots":{"index":"index","follow":"follow","max-snippet":"max-snippet:-1","max-image-preview":"max-image-preview:large","max-video-preview":"max-video-preview:-1"},"canonical":"https:\/\/hunter-optics.com\/de\/produkt\/element-helix-6-24x50-ffp-apr-2d-mrad-30mm\/","og_locale":"de_DE","og_type":"article","og_title":"Element Helix 6-24x50 FFP APR-2D MRAD 30mm","og_description":"Athlon Argos BTR GEN2 6-24x50 FFP scope features illuminated APLR2 MOA reticle, aircraft-grade aluminum body & true zero-stop. Ideal for precision shooting. Shop now.","og_url":"https:\/\/hunter-optics.com\/de\/produkt\/element-helix-6-24x50-ffp-apr-2d-mrad-30mm\/","og_site_name":"Hunter Optics","article_modified_time":"2025-10-11T09:15:54+00:00","og_image":[{"width":2560,"height":1537,"url":"https:\/\/hunter-optics.com\/wp-content\/uploads\/2025\/08\/Element-Helix-6-24x50-FFP-APR-2D-MRAD-30mm-3.jpeg","type":"image\/jpeg"}],"twitter_card":"summary_large_image","twitter_misc":{"Preis":"&#36;439.99","Verf\u00fcgbarkeit":"Auf Lager"},"schema":{"@context":"https:\/\/schema.org","@graph":[{"@type":"WebPage","@id":"https:\/\/hunter-optics.com\/product\/element-helix-6-24x50-ffp-apr-2d-mrad-30mm\/","url":"https:\/\/hunter-optics.com\/product\/element-helix-6-24x50-ffp-apr-2d-mrad-30mm\/","name":"Element Helix 6-24x50 FFP APR-2D MRAD 30mm - Hunter Optics","isPartOf":{"@id":"https:\/\/hunter-optics.com\/#website"},"primaryImageOfPage":{"@id":"https:\/\/hunter-optics.com\/product\/element-helix-6-24x50-ffp-apr-2d-mrad-30mm\/#primaryimage"},"image":{"@id":"https:\/\/hunter-optics.com\/product\/element-helix-6-24x50-ffp-apr-2d-mrad-30mm\/#primaryimage"},"thumbnailUrl":"https:\/\/hunter-optics.com\/wp-content\/uploads\/2025\/08\/Element-Helix-6-24x50-FFP-APR-2D-MRAD-30mm-3.jpeg","datePublished":"2025-08-11T08:23:48+00:00","dateModified":"2025-10-11T09:15:54+00:00","description":"Das Athlon Argos BTR GEN2 6-24x50 FFP Zielfernrohr verf\u00fcgt \u00fcber ein beleuchtetes APLR2 MOA Absehen, ein Geh\u00e4use aus Flugzeugaluminium und einen echten Nullanschlag. Ideal f\u00fcr das Pr\u00e4zisionsschie\u00dfen. Jetzt einkaufen.","breadcrumb":{"@id":"https:\/\/hunter-optics.com\/product\/element-helix-6-24x50-ffp-apr-2d-mrad-30mm\/#breadcrumb"},"inLanguage":"de","potentialAction":[{"@type":"ReadAction","target":["https:\/\/hunter-optics.com\/product\/element-helix-6-24x50-ffp-apr-2d-mrad-30mm\/"]}]},{"@type":"ImageObject","inLanguage":"de","@id":"https:\/\/hunter-optics.com\/product\/element-helix-6-24x50-ffp-apr-2d-mrad-30mm\/#primaryimage","url":"https:\/\/hunter-optics.com\/wp-content\/uploads\/2025\/08\/Element-Helix-6-24x50-FFP-APR-2D-MRAD-30mm-3.jpeg","contentUrl":"https:\/\/hunter-optics.com\/wp-content\/uploads\/2025\/08\/Element-Helix-6-24x50-FFP-APR-2D-MRAD-30mm-3.jpeg","width":2560,"height":1537,"caption":"Element Helix 6-24x50 FFP APR-2D MRAD 30mm"},{"@type":"BreadcrumbList","@id":"https:\/\/hunter-optics.com\/product\/element-helix-6-24x50-ffp-apr-2d-mrad-30mm\/#breadcrumb","itemListElement":[{"@type":"ListItem","position":1,"name":"Home","item":"https:\/\/hunter-optics.com\/"},{"@type":"ListItem","position":2,"name":"Products","item":"https:\/\/hunter-optics.com\/shop\/"},{"@type":"ListItem","position":3,"name":"Element Helix 6-24&#215;50 FFP APR-2D MRAD 30mm"}]},{"@type":"WebSite","@id":"https:\/\/hunter-optics.com\/#website","url":"https:\/\/hunter-optics.com\/","name":"J\u00e4ger-Optik","description":"Hunter Optics - Ihr Auge auf dem Ziel.","publisher":{"@id":"https:\/\/hunter-optics.com\/#organization"},"potentialAction":[{"@type":"SearchAction","target":{"@type":"EntryPoint","urlTemplate":"https:\/\/hunter-optics.com\/?s={search_term_string}"},"query-input":{"@type":"PropertyValueSpecification","valueRequired":true,"valueName":"search_term_string"}}],"inLanguage":"de"},{"@type":"Organization","@id":"https:\/\/hunter-optics.com\/#organization","name":"J\u00e4ger-Optik","url":"https:\/\/hunter-optics.com\/","logo":{"@type":"ImageObject","inLanguage":"de","@id":"https:\/\/hunter-optics.com\/#\/schema\/logo\/image\/","url":"https:\/\/hunter-optics.com\/wp-content\/uploads\/2025\/06\/hunter-optics-logo-1.png","contentUrl":"https:\/\/hunter-optics.com\/wp-content\/uploads\/2025\/06\/hunter-optics-logo-1.png","width":937,"height":373,"caption":"Hunter Optics"},"image":{"@id":"https:\/\/hunter-optics.com\/#\/schema\/logo\/image\/"}}]},"product_brand":"Element","product_price_amount":"439.99","product_price_currency":"USD","og_availability":"instock","product_availability":"instock","product_condition":"new"},"_links":{"self":[{"href":"https:\/\/hunter-optics.com\/de\/wp-json\/wp\/v2\/product\/1760","targetHints":{"allow":["GET"]}}],"collection":[{"href":"https:\/\/hunter-optics.com\/de\/wp-json\/wp\/v2\/product"}],"about":[{"href":"https:\/\/hunter-optics.com\/de\/wp-json\/wp\/v2\/types\/product"}],"replies":[{"embeddable":true,"href":"https:\/\/hunter-optics.com\/de\/wp-json\/wp\/v2\/comments?post=1760"}],"version-history":[{"count":1,"href":"https:\/\/hunter-optics.com\/de\/wp-json\/wp\/v2\/product\/1760\/revisions"}],"predecessor-version":[{"id":1765,"href":"https:\/\/hunter-optics.com\/de\/wp-json\/wp\/v2\/product\/1760\/revisions\/1765"}],"wp:featuredmedia":[{"embeddable":true,"href":"https:\/\/hunter-optics.com\/de\/wp-json\/wp\/v2\/media\/1761"}],"wp:attachment":[{"href":"https:\/\/hunter-optics.com\/de\/wp-json\/wp\/v2\/media?parent=1760"}],"wp:term":[{"taxonomy":"brand","embeddable":true,"href":"https:\/\/hunter-optics.com\/de\/wp-json\/wp\/v2\/etheme_brands?post=1760"},{"taxonomy":"product_brand","embeddable":true,"href":"https:\/\/hunter-optics.com\/de\/wp-json\/wp\/v2\/product_brand?post=1760"},{"taxonomy":"product_cat","embeddable":true,"href":"https:\/\/hunter-optics.com\/de\/wp-json\/wp\/v2\/product_cat?post=1760"},{"taxonomy":"product_tag","embeddable":true,"href":"https:\/\/hunter-optics.com\/de\/wp-json\/wp\/v2\/product_tag?post=1760"}],"curies":[{"name":"wp","href":"https:\/\/api.w.org\/{rel}","templated":true}]}}