{"id":1733,"date":"2025-08-11T07:00:28","date_gmt":"2025-08-11T07:00:28","guid":{"rendered":"https:\/\/hunter-optics.com\/?post_type=product&#038;p=1733"},"modified":"2026-03-23T05:03:47","modified_gmt":"2026-03-23T05:03:47","slug":"athlon-neos-4-12x40-mitte-x-1mm","status":"publish","type":"product","link":"https:\/\/hunter-optics.com\/de\/produkt\/athlon-neos-4-12x40-mitte-x-1mm\/","title":{"rendered":"Athlon NEOS 4-12\u00d740 CENTER X 1mm"},"content":{"rendered":"<div id=\"target_description\" class=\"w-full py-8 border-t mb-6 text-sm border-pbordergreydark pm-product-content open\">\n<p><strong>SPEZIALIEN<\/strong><\/p>\n<\/div>\n<ul>\n<li>Vergr\u00f6\u00dferung: 4-12x<\/li>\n<li>Objektivdurchmesser: 40 mm<\/li>\n<li>Rohrdurchmesser: 1 mm<\/li>\n<li>Augenabstand: 3,11-3,15 Zoll<\/li>\n<li>Sichtfeld bei 100 Yards: 27,3-8,9 Fu\u00df<\/li>\n<li>Klickwert: 0,25MOA<\/li>\n<li>Verstellbereich pro Umdrehung: 15 MOA<\/li>\n<li>H\u00f6henanpassung insgesamt: 80 MIL<\/li>\n<li>Total Windage Einstellung: 80 MIL<\/li>\n<li>Parallaxe-Einstellung: Seitenfokus - 10 Meter bis unendlich<\/li>\n<li>Material zum Sp\u00fclen: Stickstoff<\/li>\n<li>L\u00e4nge: 12,4 Zoll<\/li>\n<li>Gewicht: 18,1 Unzen<\/li>\n<li>Lebenslange Garantie<\/li>\n<\/ul>\n<p><strong>FEATURES<\/strong><\/p>\n<h4>Erste Fokusebene Absehen:<\/h4>\n<ul>\n<li>Das Design der ersten Brennebene erm\u00f6glicht es Ihnen, speziell entwickelte Absehen zu nutzen, die mit dem Ziel schrumpfen oder wachsen, wenn Sie hinein- oder herauszoomen.  Diese Absehen erm\u00f6glichen eine schnelle Zielerfassung bei geringer Leistung und bieten pr\u00e4zise Haltepositionen mit feineren Details.<\/li>\n<\/ul>\n<h4>Beleuchtetes Absehen:<\/h4>\n<ul>\n<li>Das beleuchtete Absehen sorgt f\u00fcr bessere Sichtbarkeit in der D\u00e4mmerung und bei schwachem Umgebungslicht.<\/li>\n<\/ul>\n<h4>Ge\u00e4tztes Glas Absehen:<\/h4>\n<ul>\n<li>Das auf das Glas ge\u00e4tzte Absehen bietet eine hervorragende Unterst\u00fctzung f\u00fcr komplexe Absehen und bietet eine gro\u00dfe Haltbarkeit und eine viel h\u00f6here Sto\u00dffestigkeit gegen R\u00fccksto\u00df.<\/li>\n<\/ul>\n<h4>Fortgeschrittene, voll multiverg\u00fctete Gl\u00e4ser:<\/h4>\n<ul>\n<li>Die voll multiverg\u00fctete Optik reduziert effektiv das reflektierte Licht und erh\u00f6ht die Lichtdurchl\u00e4ssigkeit, so dass Sie ein helleres Bild erhalten als mit normalen einfach verg\u00fcteten Linsen.<\/li>\n<\/ul>\n<h4>Pr\u00e4zisions-Nullstellungssystem:<\/h4>\n<ul>\n<li>Das System erm\u00f6glicht es Ihnen, Ihre Nullposition zu fixieren und sie mit einem scharfen und pr\u00e4zisen Anschlag direkt an der Nullmarke anzusteuern, selbst wenn Sie sie im Stockdunkeln oder mit zusammengeklappten Augen drehen.<\/li>\n<\/ul>\n<h4>6061 T6-Aluminium:<\/h4>\n<ul>\n<li>Das 6061T6-Aluminiumrohr in Flugzeugqualit\u00e4t, das sich durch au\u00dfergew\u00f6hnliche Festigkeit und \u00fcberragende mechanische Integrit\u00e4t auszeichnet, sch\u00fctzt diese Weltklasse-Optik, egal, welche Strapazen Sie ihr zumuten.<\/li>\n<\/ul>\n<h4>W\u00e4rmebehandelte einteilige Rohrkonstruktion:<\/h4>\n<ul>\n<li>Ein w\u00e4rmebehandeltes einteiliges Rohr verleiht dem Zielfernrohr zus\u00e4tzliche Festigkeit gegen\u00fcber mehrteiligen Rohren.  Ein einteiliges Rohr h\u00e4lt au\u00dferdem Feuchtigkeit besser ab, sodass Ihr Zielfernrohr \u00fcber die gesamte Lebensdauer des Produkts beschlagfrei bleibt.<\/li>\n<\/ul>\n<h4>Wasserdicht:<\/h4>\n<ul>\n<li>Wasserdicht, um das Zielfernrohr auch unter h\u00e4rtesten Wetterbedingungen oder bei versehentlichem Untertauchen zu sch\u00fctzen.<\/li>\n<\/ul>\n<p><strong>Nebelfest:<\/strong><\/p>\n<ul>\n<li>Beschlagfrei, damit Sie Ihr Ziel sofort anvisieren k\u00f6nnen, wenn Sie Ihr Gewehr aus dem warmen Innenraum in die kalte Umgebungstemperatur bringen.<\/li>\n<\/ul>\n<p><strong>Stossfest:<\/strong><\/p>\n<ul>\n<li>Robustes mechanisches System mit speziellen Konstruktionen f\u00fcr das Steuerungs- und Aufrichtungssystem, das Ihnen die ultimative R\u00fccksto\u00dffestigkeit bietet, um 1000 G R\u00fccksto\u00df f\u00fcr 1000 Mal zu widerstehen.<\/li>\n<\/ul>\n<p><strong>Mit Argon gesp\u00fclt:<\/strong><\/p>\n<ul>\n<li>Bei der Argonsp\u00fclung wird Tr\u00e4gheitsgas mit gr\u00f6\u00dferen Molek\u00fclen verwendet, um jegliche Feuchtigkeit aus dem Rohr zu entfernen und so eine bessere Wasserdichtigkeit und thermische Stabilit\u00e4t zu erzielen.<\/li>\n<\/ul>","protected":false},"excerpt":{"rendered":"<p>Sind Sie ein J\u00e4ger auf der Suche nach einem gro\u00dfen Jagd Zielfernrohr f\u00fcr diese kommende Saison? Die Neos Zielfernrohre sind die perfekte Jagd Zielfernrohre f\u00fcr J\u00e4ger, die Qualit\u00e4t und Funktionen alle wollen, w\u00e4hrend bleiben auf budget.the Neos Linie der Jagd Zielfernrohre Funktion Capped H\u00f6he und Windrichtung Revolver, beleuchtete Absehen, vollst\u00e4ndig mehrfach verg\u00fctete Linsen, wasserdicht \/ beschlagfrei.<\/p>","protected":false},"featured_media":1734,"comment_status":"open","ping_status":"closed","template":"","meta":[],"etheme_brands":[{"term_id":46,"name":"Athlon","slug":"athlon","term_group":0,"term_taxonomy_id":46,"taxonomy":"brand","description":"Athlon is a proud US sports optics product company. Devoted to designing and delivering superior quality optics products and outdoor accessories at a competitive price to our consumers via our distribution and retail channels. Athlon has strong engineering capabilities, strategic alliances with quality manufacturers, and a streamlined fully integrated supply chain. These advantages enable us to bring the latest cutting edge technologies and cut out the extra layers of traditional supply chains. With these advantages we are able to deliver products to consumers with great cost savings. Our goal from day one is to pass those savings to you, the outdoor enthusiast.","parent":0,"count":8,"filter":"raw"}],"product_brand":[],"product_cat":[49],"product_tag":[],"class_list":{"0":"post-1733","1":"product","2":"type-product","3":"status-publish","4":"has-post-thumbnail","6":"brand-athlon","7":"product_cat-rifle-scopes","9":"first","10":"instock","11":"taxable","12":"shipping-taxable","13":"purchasable","14":"product-type-simple"},"yoast_head":"<!-- This site is optimized with the Yoast SEO Premium plugin v25.7.1 (Yoast SEO v27.4) - https:\/\/yoast.com\/product\/yoast-seo-premium-wordpress\/ -->\n<title>Athlon NEOS 4-12\u00d740 CENTER X 1mm - Hunter Optics<\/title>\n<meta name=\"description\" content=\"Athlon Argos BTR GEN2 6-24x50 FFP scope features illuminated APLR2 MOA reticle, aircraft-grade aluminum body &amp; true zero-stop. Ideal for precision shooting. Shop now.\" \/>\n<meta name=\"robots\" content=\"index, follow, max-snippet:-1, max-image-preview:large, max-video-preview:-1\" \/>\n<link rel=\"canonical\" href=\"https:\/\/hunter-optics.com\/de\/produkt\/athlon-neos-4-12x40-mitte-x-1mm\/\" \/>\n<meta property=\"og:locale\" content=\"de_DE\" \/>\n<meta property=\"og:type\" content=\"article\" \/>\n<meta property=\"og:title\" content=\"Athlon NEOS 4-12\u00d740 CENTER X 1mm\" \/>\n<meta property=\"og:description\" content=\"Athlon Argos BTR GEN2 6-24x50 FFP scope features illuminated APLR2 MOA reticle, aircraft-grade aluminum body &amp; true zero-stop. Ideal for precision shooting. Shop now.\" \/>\n<meta property=\"og:url\" content=\"https:\/\/hunter-optics.com\/de\/produkt\/athlon-neos-4-12x40-mitte-x-1mm\/\" \/>\n<meta property=\"og:site_name\" content=\"Hunter Optics\" \/>\n<meta property=\"article:modified_time\" content=\"2026-03-23T05:03:47+00:00\" \/>\n<meta property=\"og:image\" content=\"https:\/\/hunter-optics.com\/wp-content\/uploads\/2025\/08\/Athlon-NEOS-4-12\u00d740-CENTER-X-1.webp\" \/>\n\t<meta property=\"og:image:width\" content=\"1500\" \/>\n\t<meta property=\"og:image:height\" content=\"1500\" \/>\n\t<meta property=\"og:image:type\" content=\"image\/webp\" \/>\n<meta name=\"twitter:card\" content=\"summary_large_image\" \/>\n<meta name=\"twitter:label1\" content=\"Preis\" \/>\n\t<meta name=\"twitter:data1\" content=\"&#036;204.99\" \/>\n\t<meta name=\"twitter:label2\" content=\"Verf\u00fcgbarkeit\" \/>\n\t<meta name=\"twitter:data2\" content=\"Auf Lager\" \/>\n<script type=\"application\/ld+json\" class=\"yoast-schema-graph\">{\"@context\":\"https:\\\/\\\/schema.org\",\"@graph\":[{\"@type\":\"WebPage\",\"@id\":\"https:\\\/\\\/hunter-optics.com\\\/product\\\/athlon-neos-4-12x40-center-x-1mm\\\/\",\"url\":\"https:\\\/\\\/hunter-optics.com\\\/product\\\/athlon-neos-4-12x40-center-x-1mm\\\/\",\"name\":\"Athlon NEOS 4-12\u00d740 CENTER X 1mm - Hunter Optics\",\"isPartOf\":{\"@id\":\"https:\\\/\\\/hunter-optics.com\\\/#website\"},\"primaryImageOfPage\":{\"@id\":\"https:\\\/\\\/hunter-optics.com\\\/product\\\/athlon-neos-4-12x40-center-x-1mm\\\/#primaryimage\"},\"image\":{\"@id\":\"https:\\\/\\\/hunter-optics.com\\\/product\\\/athlon-neos-4-12x40-center-x-1mm\\\/#primaryimage\"},\"thumbnailUrl\":\"https:\\\/\\\/hunter-optics.com\\\/wp-content\\\/uploads\\\/2025\\\/08\\\/Athlon-NEOS-4-12\u00d740-CENTER-X-1.webp\",\"datePublished\":\"2025-08-11T07:00:28+00:00\",\"dateModified\":\"2026-03-23T05:03:47+00:00\",\"description\":\"Athlon Argos BTR GEN2 6-24x50 FFP scope features illuminated APLR2 MOA reticle, aircraft-grade aluminum body & true zero-stop. Ideal for precision shooting. Shop now.\",\"breadcrumb\":{\"@id\":\"https:\\\/\\\/hunter-optics.com\\\/product\\\/athlon-neos-4-12x40-center-x-1mm\\\/#breadcrumb\"},\"inLanguage\":\"de\",\"potentialAction\":[{\"@type\":\"ReadAction\",\"target\":[\"https:\\\/\\\/hunter-optics.com\\\/product\\\/athlon-neos-4-12x40-center-x-1mm\\\/\"]}]},{\"@type\":\"ImageObject\",\"inLanguage\":\"de\",\"@id\":\"https:\\\/\\\/hunter-optics.com\\\/product\\\/athlon-neos-4-12x40-center-x-1mm\\\/#primaryimage\",\"url\":\"https:\\\/\\\/hunter-optics.com\\\/wp-content\\\/uploads\\\/2025\\\/08\\\/Athlon-NEOS-4-12\u00d740-CENTER-X-1.webp\",\"contentUrl\":\"https:\\\/\\\/hunter-optics.com\\\/wp-content\\\/uploads\\\/2025\\\/08\\\/Athlon-NEOS-4-12\u00d740-CENTER-X-1.webp\",\"width\":1500,\"height\":1500,\"caption\":\"Athlon NEOS 4-12\u00d740 CENTER X\"},{\"@type\":\"BreadcrumbList\",\"@id\":\"https:\\\/\\\/hunter-optics.com\\\/product\\\/athlon-neos-4-12x40-center-x-1mm\\\/#breadcrumb\",\"itemListElement\":[{\"@type\":\"ListItem\",\"position\":1,\"name\":\"Home\",\"item\":\"https:\\\/\\\/hunter-optics.com\\\/\"},{\"@type\":\"ListItem\",\"position\":2,\"name\":\"Products\",\"item\":\"https:\\\/\\\/hunter-optics.com\\\/shop\\\/\"},{\"@type\":\"ListItem\",\"position\":3,\"name\":\"Athlon NEOS 4-12\u00d740 CENTER X 1mm\"}]},{\"@type\":\"WebSite\",\"@id\":\"https:\\\/\\\/hunter-optics.com\\\/#website\",\"url\":\"https:\\\/\\\/hunter-optics.com\\\/\",\"name\":\"Hunter Optics\",\"description\":\"Hunter Optics \u2014 Your Eye on the Target.\",\"publisher\":{\"@id\":\"https:\\\/\\\/hunter-optics.com\\\/#organization\"},\"potentialAction\":[{\"@type\":\"SearchAction\",\"target\":{\"@type\":\"EntryPoint\",\"urlTemplate\":\"https:\\\/\\\/hunter-optics.com\\\/?s={search_term_string}\"},\"query-input\":{\"@type\":\"PropertyValueSpecification\",\"valueRequired\":true,\"valueName\":\"search_term_string\"}}],\"inLanguage\":\"de\"},{\"@type\":\"Organization\",\"@id\":\"https:\\\/\\\/hunter-optics.com\\\/#organization\",\"name\":\"Hunter Optics\",\"url\":\"https:\\\/\\\/hunter-optics.com\\\/\",\"logo\":{\"@type\":\"ImageObject\",\"inLanguage\":\"de\",\"@id\":\"https:\\\/\\\/hunter-optics.com\\\/#\\\/schema\\\/logo\\\/image\\\/\",\"url\":\"https:\\\/\\\/hunter-optics.com\\\/wp-content\\\/uploads\\\/2025\\\/06\\\/hunter-optics-logo-1.png\",\"contentUrl\":\"https:\\\/\\\/hunter-optics.com\\\/wp-content\\\/uploads\\\/2025\\\/06\\\/hunter-optics-logo-1.png\",\"width\":937,\"height\":373,\"caption\":\"Hunter Optics\"},\"image\":{\"@id\":\"https:\\\/\\\/hunter-optics.com\\\/#\\\/schema\\\/logo\\\/image\\\/\"}}]}<\/script>\n<meta property=\"product:brand\" content=\"Athlon\" \/>\n<meta property=\"product:price:amount\" content=\"204.99\" \/>\n<meta property=\"product:price:currency\" content=\"USD\" \/>\n<meta property=\"og:availability\" content=\"instock\" \/>\n<meta property=\"product:availability\" content=\"instock\" \/>\n<meta property=\"product:condition\" content=\"new\" \/>\n<!-- \/ Yoast SEO Premium plugin. -->","yoast_head_json":{"title":"Athlon NEOS 4-12\u00d740 CENTER X 1mm - Hunter Optics","description":"Das Athlon Argos BTR GEN2 6-24x50 FFP Zielfernrohr verf\u00fcgt \u00fcber ein beleuchtetes APLR2 MOA Absehen, ein Geh\u00e4use aus Flugzeugaluminium und einen echten Nullanschlag. Ideal f\u00fcr das Pr\u00e4zisionsschie\u00dfen. Jetzt einkaufen.","robots":{"index":"index","follow":"follow","max-snippet":"max-snippet:-1","max-image-preview":"max-image-preview:large","max-video-preview":"max-video-preview:-1"},"canonical":"https:\/\/hunter-optics.com\/de\/produkt\/athlon-neos-4-12x40-mitte-x-1mm\/","og_locale":"de_DE","og_type":"article","og_title":"Athlon NEOS 4-12\u00d740 CENTER X 1mm","og_description":"Athlon Argos BTR GEN2 6-24x50 FFP scope features illuminated APLR2 MOA reticle, aircraft-grade aluminum body & true zero-stop. Ideal for precision shooting. Shop now.","og_url":"https:\/\/hunter-optics.com\/de\/produkt\/athlon-neos-4-12x40-mitte-x-1mm\/","og_site_name":"Hunter Optics","article_modified_time":"2026-03-23T05:03:47+00:00","og_image":[{"width":1500,"height":1500,"url":"https:\/\/hunter-optics.com\/wp-content\/uploads\/2025\/08\/Athlon-NEOS-4-12\u00d740-CENTER-X-1.webp","type":"image\/webp"}],"twitter_card":"summary_large_image","twitter_misc":{"Preis":"&#36;204.99","Verf\u00fcgbarkeit":"Auf Lager"},"schema":{"@context":"https:\/\/schema.org","@graph":[{"@type":"WebPage","@id":"https:\/\/hunter-optics.com\/product\/athlon-neos-4-12x40-center-x-1mm\/","url":"https:\/\/hunter-optics.com\/product\/athlon-neos-4-12x40-center-x-1mm\/","name":"Athlon NEOS 4-12\u00d740 CENTER X 1mm - Hunter Optics","isPartOf":{"@id":"https:\/\/hunter-optics.com\/#website"},"primaryImageOfPage":{"@id":"https:\/\/hunter-optics.com\/product\/athlon-neos-4-12x40-center-x-1mm\/#primaryimage"},"image":{"@id":"https:\/\/hunter-optics.com\/product\/athlon-neos-4-12x40-center-x-1mm\/#primaryimage"},"thumbnailUrl":"https:\/\/hunter-optics.com\/wp-content\/uploads\/2025\/08\/Athlon-NEOS-4-12\u00d740-CENTER-X-1.webp","datePublished":"2025-08-11T07:00:28+00:00","dateModified":"2026-03-23T05:03:47+00:00","description":"Das Athlon Argos BTR GEN2 6-24x50 FFP Zielfernrohr verf\u00fcgt \u00fcber ein beleuchtetes APLR2 MOA Absehen, ein Geh\u00e4use aus Flugzeugaluminium und einen echten Nullanschlag. Ideal f\u00fcr das Pr\u00e4zisionsschie\u00dfen. Jetzt einkaufen.","breadcrumb":{"@id":"https:\/\/hunter-optics.com\/product\/athlon-neos-4-12x40-center-x-1mm\/#breadcrumb"},"inLanguage":"de","potentialAction":[{"@type":"ReadAction","target":["https:\/\/hunter-optics.com\/product\/athlon-neos-4-12x40-center-x-1mm\/"]}]},{"@type":"ImageObject","inLanguage":"de","@id":"https:\/\/hunter-optics.com\/product\/athlon-neos-4-12x40-center-x-1mm\/#primaryimage","url":"https:\/\/hunter-optics.com\/wp-content\/uploads\/2025\/08\/Athlon-NEOS-4-12\u00d740-CENTER-X-1.webp","contentUrl":"https:\/\/hunter-optics.com\/wp-content\/uploads\/2025\/08\/Athlon-NEOS-4-12\u00d740-CENTER-X-1.webp","width":1500,"height":1500,"caption":"Athlon NEOS 4-12\u00d740 CENTER X"},{"@type":"BreadcrumbList","@id":"https:\/\/hunter-optics.com\/product\/athlon-neos-4-12x40-center-x-1mm\/#breadcrumb","itemListElement":[{"@type":"ListItem","position":1,"name":"Home","item":"https:\/\/hunter-optics.com\/"},{"@type":"ListItem","position":2,"name":"Products","item":"https:\/\/hunter-optics.com\/shop\/"},{"@type":"ListItem","position":3,"name":"Athlon NEOS 4-12\u00d740 CENTER X 1mm"}]},{"@type":"WebSite","@id":"https:\/\/hunter-optics.com\/#website","url":"https:\/\/hunter-optics.com\/","name":"J\u00e4ger-Optik","description":"Hunter Optics - Ihr Auge auf dem Ziel.","publisher":{"@id":"https:\/\/hunter-optics.com\/#organization"},"potentialAction":[{"@type":"SearchAction","target":{"@type":"EntryPoint","urlTemplate":"https:\/\/hunter-optics.com\/?s={search_term_string}"},"query-input":{"@type":"PropertyValueSpecification","valueRequired":true,"valueName":"search_term_string"}}],"inLanguage":"de"},{"@type":"Organization","@id":"https:\/\/hunter-optics.com\/#organization","name":"J\u00e4ger-Optik","url":"https:\/\/hunter-optics.com\/","logo":{"@type":"ImageObject","inLanguage":"de","@id":"https:\/\/hunter-optics.com\/#\/schema\/logo\/image\/","url":"https:\/\/hunter-optics.com\/wp-content\/uploads\/2025\/06\/hunter-optics-logo-1.png","contentUrl":"https:\/\/hunter-optics.com\/wp-content\/uploads\/2025\/06\/hunter-optics-logo-1.png","width":937,"height":373,"caption":"Hunter Optics"},"image":{"@id":"https:\/\/hunter-optics.com\/#\/schema\/logo\/image\/"}}]},"product_brand":"Athlon","product_price_amount":"204.99","product_price_currency":"USD","og_availability":"instock","product_availability":"instock","product_condition":"new"},"_links":{"self":[{"href":"https:\/\/hunter-optics.com\/de\/wp-json\/wp\/v2\/product\/1733","targetHints":{"allow":["GET"]}}],"collection":[{"href":"https:\/\/hunter-optics.com\/de\/wp-json\/wp\/v2\/product"}],"about":[{"href":"https:\/\/hunter-optics.com\/de\/wp-json\/wp\/v2\/types\/product"}],"replies":[{"embeddable":true,"href":"https:\/\/hunter-optics.com\/de\/wp-json\/wp\/v2\/comments?post=1733"}],"version-history":[{"count":1,"href":"https:\/\/hunter-optics.com\/de\/wp-json\/wp\/v2\/product\/1733\/revisions"}],"predecessor-version":[{"id":1738,"href":"https:\/\/hunter-optics.com\/de\/wp-json\/wp\/v2\/product\/1733\/revisions\/1738"}],"wp:featuredmedia":[{"embeddable":true,"href":"https:\/\/hunter-optics.com\/de\/wp-json\/wp\/v2\/media\/1734"}],"wp:attachment":[{"href":"https:\/\/hunter-optics.com\/de\/wp-json\/wp\/v2\/media?parent=1733"}],"wp:term":[{"taxonomy":"brand","embeddable":true,"href":"https:\/\/hunter-optics.com\/de\/wp-json\/wp\/v2\/etheme_brands?post=1733"},{"taxonomy":"product_brand","embeddable":true,"href":"https:\/\/hunter-optics.com\/de\/wp-json\/wp\/v2\/product_brand?post=1733"},{"taxonomy":"product_cat","embeddable":true,"href":"https:\/\/hunter-optics.com\/de\/wp-json\/wp\/v2\/product_cat?post=1733"},{"taxonomy":"product_tag","embeddable":true,"href":"https:\/\/hunter-optics.com\/de\/wp-json\/wp\/v2\/product_tag?post=1733"}],"curies":[{"name":"wp","href":"https:\/\/api.w.org\/{rel}","templated":true}]}}