{"id":1664,"date":"2025-08-09T09:52:42","date_gmt":"2025-08-09T09:52:42","guid":{"rendered":"https:\/\/hunter-optics.com\/?post_type=product&#038;p=1664"},"modified":"2025-10-11T08:57:56","modified_gmt":"2025-10-11T08:57:56","slug":"vortex-crossfire-ii-2-7x32-sfp-bdc-moa","status":"publish","type":"product","link":"https:\/\/hunter-optics.com\/de\/produkt\/vortex-crossfire-ii-2-7x32-sfp-bdc-moa\/","title":{"rendered":"Vortex CROSSFIRE\u00ae II 2-7\u00d732 SFP BDC MOA"},"content":{"rendered":"<p><strong>\u00dcbersicht<\/strong><\/p>\n<div class=\"product sizechart\">\n<div class=\"sizechart-details\">\n<div class=\"product sizechart\">\n<div class=\"sizechart-details\">\n<div class=\"product sizechart\">\n<div class=\"sizechart-details\">\n<p>Hochleistung trifft auf Wirtschaftlichkeit. Klar, robust und hell - unser beliebtes Crossfire<sup>\u00ae<\/sup>\u00a0II-Linie ist so konstruiert, dass sie die Leistungsstandards \u00e4hnlich teurer Zielfernrohre \u00fcbertrifft. Ein langer Augenabstand, ein schnell fokussierbares Okular, vollst\u00e4ndig mehrschichtverg\u00fctete Linsen und r\u00fcckstellbare MOA-T\u00fcrme sind die Markenzeichen dieser Serie.<\/p>\n<p><a href=\"https:\/\/www.kentonindustries.com\/products\/vortex-crossfire-ii-1\" target=\"_blank\" rel=\"external noopener\" data-uw-rm-brl=\"PR\" data-uw-original-href=\"https:\/\/www.kentonindustries.com\/products\/vortex-crossfire-ii-1\" aria-label=\"Build Your Own Custom Turret - Kenton Industries - in einer neuen Registerkarte \u00f6ffnen\" data-uw-rm-ext-link=\"\"><img decoding=\"async\" src=\"https:\/\/vortexoptics.com\/media\/wysiwyg\/kentonlogo.jpg\" alt=\"Bauen Sie Ihren eigenen kundenspezifischen Revolver - Kenton Industries\" data-uw-rm-alt-original=\"Build Your Own Custom Turret - Kenton Industries\" data-uw-rm-alt=\"ALT\" \/><\/a><\/p>\n<div class=\"product sizechart\">\n<div class=\"sizechart-title\">\n<div class=\"item-title\"><strong>Crossfire II 2-7\u00d732 Abmessungen (in Zoll)<\/strong><\/div>\n<\/div>\n<div class=\"sizechart-details\">\n<div class=\"sizechart-image\"><img decoding=\"async\" src=\"https:\/\/vortexoptics.com\/media\/wysiwyg\/dim_cf2_2-7X32.png\" alt=\"Produkt Abmessungen\" data-uw-rm-alt-original=\"Product Dimensions\" data-uw-rm-alt=\"ALT\" \/><\/div>\n<table class=\"lengths\">\n<tbody>\n<tr>\n<th colspan=\"6\" scope=\"colgroup\">L\u00e4ngen<\/th>\n<\/tr>\n<tr>\n<td>L1<\/td>\n<td>L2<\/td>\n<td>L3<\/td>\n<td>L4<\/td>\n<td>L5<\/td>\n<td>L6<\/td>\n<\/tr>\n<tr>\n<td>11.52<\/td>\n<td>1.86<\/td>\n<td>1.54<\/td>\n<td>5.05<\/td>\n<td>2.78<\/td>\n<td>3.69<\/td>\n<\/tr>\n<\/tbody>\n<\/table>\n<table class=\"heights\">\n<tbody>\n<tr>\n<th colspan=\"2\" scope=\"colgroup\">H\u00f6hen<\/th>\n<\/tr>\n<tr>\n<td>H1<\/td>\n<td>H2<\/td>\n<\/tr>\n<tr>\n<td>1.53<\/td>\n<td>1.61<\/td>\n<\/tr>\n<\/tbody>\n<\/table>\n<\/div>\n<\/div>\n<\/div>\n<\/div>\n<\/div>\n<\/div>\n<p><strong>Spezifikationen<\/strong><\/p>\n<table id=\"product-vortex-specs-table\" class=\"data table spec-attributes\">\n<tbody>\n<tr>\n<th class=\"col label Magnification\" scope=\"row\">Vergr\u00f6\u00dferung<\/th>\n<td class=\"col data\" data-th=\"Magnification\">2-7x<\/td>\n<\/tr>\n<tr>\n<th class=\"col label Objective Lens Diameter\" scope=\"row\">Objektivlinsen-Durchmesser<\/th>\n<td class=\"col data\" data-th=\"Objective Lens Diameter\">32 mm<\/td>\n<\/tr>\n<tr>\n<th class=\"col label Focal Plane\" scope=\"row\">Brennebene<\/th>\n<td class=\"col data\" data-th=\"Focal Plane\">Zweite Brennebene<\/td>\n<\/tr>\n<tr>\n<th class=\"col label Reticle\" scope=\"row\">Absehen<\/th>\n<td class=\"col data\" data-th=\"Reticle\">Dead-Hold\u00ae BDC (MOA)<\/td>\n<\/tr>\n<tr>\n<th class=\"col label Eye Relief\" scope=\"row\">Augenentlastung<\/th>\n<td class=\"col data\" data-th=\"Eye Relief\">3.9&#8243;<\/td>\n<\/tr>\n<tr>\n<th class=\"col label Field of View\" scope=\"row\">Sichtfeld<\/th>\n<td class=\"col data\" data-th=\"Field of View\">42.0\u2032 - 12.6\u2032 @ 100 yds<\/td>\n<\/tr>\n<tr>\n<th class=\"col label Turret Style\" scope=\"row\">Revolverstil<\/th>\n<td class=\"col data\" data-th=\"Turret Style\">Gekappt<\/td>\n<\/tr>\n<tr>\n<th class=\"col label Tube Size\" scope=\"row\">Rohrgr\u00f6\u00dfe<\/th>\n<td class=\"col data\" data-th=\"Tube Size\">1 Zoll<\/td>\n<\/tr>\n<tr>\n<th class=\"col label Adjustment Graduation\" scope=\"row\">Anpassung Graduierung<\/th>\n<td class=\"col data\" data-th=\"Adjustment Graduation\">1\/4 MOA<\/td>\n<\/tr>\n<tr>\n<th class=\"col label Travel Per Rotation\" scope=\"row\">Reisen pro Rotation<\/th>\n<td class=\"col data\" data-th=\"Travel Per Rotation\">15 MOA<\/td>\n<\/tr>\n<tr>\n<th class=\"col label Max Elevation Adjustment\" scope=\"row\">Maximale H\u00f6henanpassung<\/th>\n<td class=\"col data\" data-th=\"Max Elevation Adjustment\">60 MOA<\/td>\n<\/tr>\n<tr>\n<th class=\"col label Max Windage Adjustment\" scope=\"row\">Maximale Einstellung der Windst\u00e4rke<\/th>\n<td class=\"col data\" data-th=\"Max Windage Adjustment\">60 MOA<\/td>\n<\/tr>\n<tr>\n<th class=\"col label Parallax Setting\" scope=\"row\">Parallaxe-Einstellung<\/th>\n<td class=\"col data\" data-th=\"Parallax Setting\">100 yds.<\/td>\n<\/tr>\n<tr>\n<th class=\"col label Length\" scope=\"row\">L\u00e4nge<\/th>\n<td class=\"col data\" data-th=\"Length\">11.5&#8243;<\/td>\n<\/tr>\n<tr>\n<th class=\"col label Weight\" scope=\"row\">Gewicht<\/th>\n<td class=\"col data\" data-th=\"Weight\">14,3 Unzen<\/td>\n<\/tr>\n<\/tbody>\n<\/table>\n<p><strong>Eigenschaften<\/strong><\/p>\n<table>\n<tbody>\n<tr>\n<th class=\"col label\" scope=\"row\">SD Optisches System<\/th>\n<td class=\"col data\">Das hochwertige optische System reduziert chromatische Aberration und liefert saubere, helle und scharfe Bilder.<\/td>\n<\/tr>\n<tr>\n<th class=\"col label\" scope=\"row\">Vollst\u00e4ndig mehrschichtige Linsen<\/th>\n<td class=\"col data\">Antireflexionsbeschichtungen auf allen Oberfl\u00e4chen zwischen Luft und Glas sorgen f\u00fcr eine erh\u00f6hte Lichtdurchl\u00e4ssigkeit und damit f\u00fcr mehr Klarheit und Leistung bei schlechten Lichtverh\u00e4ltnissen.<\/td>\n<\/tr>\n<tr>\n<th class=\"col label\" scope=\"row\">Stickstoffgas gesp\u00fclt<\/th>\n<td class=\"col data\">Gasgesp\u00fclt und O-Ring-versiegelt f\u00fcr beschlagfreie und wasserdichte Leistung unter allen Bedingungen.<\/td>\n<\/tr>\n<tr>\n<th class=\"col label\" scope=\"row\">Fast-Focus-Okular<\/th>\n<td class=\"col data\">Erm\u00f6glicht eine schnelle und einfache Fokussierung des Absehens.<\/td>\n<\/tr>\n<tr>\n<th class=\"col label\" scope=\"row\">Aluminium in Flugzeugqualit\u00e4t<\/th>\n<td class=\"col data\">Konstruiert aus einem massiven Block aus Flugzeugaluminium f\u00fcr St\u00e4rke und Steifigkeit.<\/td>\n<\/tr>\n<tr>\n<th class=\"col label\" scope=\"row\">Blendarm mattschwarz eloxiert<\/th>\n<td class=\"col data\">Die korrosions- und verschlei\u00dffeste Eloxierung sorgt f\u00fcr eine blendfreie, matte Oberfl\u00e4che und hilft, die Position des Sch\u00fctzen zu verschleiern.<\/td>\n<\/tr>\n<tr>\n<th class=\"col label\" scope=\"row\">Wasserdicht<\/th>\n<td class=\"col data\">Entwickelt, um rauen Wetterbedingungen zu widerstehen.<\/td>\n<\/tr>\n<tr>\n<th class=\"col label\" scope=\"row\">Beschlagfrei<\/th>\n<td class=\"col data\">Entwickelt, um einem breiten Temperaturbereich standzuhalten.<\/td>\n<\/tr>\n<tr>\n<th class=\"col label\" scope=\"row\">Sto\u00dfsicher<\/th>\n<td class=\"col data\">Entwickelt, um den h\u00f6chsten R\u00fccksto\u00df- und Sto\u00dfbelastungen standzuhalten.<\/td>\n<\/tr>\n<\/tbody>\n<\/table>\n<p><strong>Absehen<\/strong><\/p>\n<div class=\"reticle-details\">\n<div class=\"reticle-info\">\n<div class=\"reticle-description\">\n<div class=\"reticle-image\">\n<div class=\"reticle-image\">\n<div class=\"reticle-image\"><img decoding=\"async\" src=\"https:\/\/vortexoptics.com\/media\/attribute\/swatch\/v\/t\/vtx_cfr-3901_dead-hold_bdc_moa_3-9x40_rs_i_ri_cu.jpg\" alt=\"Abbildung des Fadenkreuzes\" data-uw-rm-alt-original=\"image of reticle\" data-uw-rm-alt=\"ALT\" \/><\/div>\n<div class=\"reticle-info\">\n<div class=\"reticle-description\">\n<p><strong>Dead-Hold<sup>\u00ae<\/sup>\u00a0BDC (MOA)<\/strong>Kundenspezifisches Hashmark-Design hilft, das R\u00e4tselraten \u00fcber den \u00dcberhang und die Korrektur der Windrichtung zu vermeiden. Gut f\u00fcr die Jagd \/ Schie\u00dfen in verschiedenen Bereichen, in denen die Sch\u00e4tzung Holdover ist ein Anliegen.<\/p>\n<\/div>\n<\/div>\n<\/div>\n<\/div>\n<\/div>\n<\/div>\n<\/div>\n<\/div>\n<\/div>","protected":false},"excerpt":{"rendered":"<p>\u00dcbersicht Hochleistung trifft auf Wirtschaftlichkeit. Unsere beliebte Crossfire\u00ae II-Linie ist klar, robust und hell und \u00fcbertrifft die Leistungsstandards von Zielfernrohren \u00e4hnlicher Preisklasse. Lang<\/p>","protected":false},"featured_media":1667,"comment_status":"open","ping_status":"closed","template":"","meta":[],"etheme_brands":[{"term_id":47,"name":"Vortex","slug":"vortex","term_group":0,"term_taxonomy_id":47,"taxonomy":"brand","description":"","parent":0,"count":9,"filter":"raw"}],"product_brand":[],"product_cat":[49],"product_tag":[],"class_list":{"0":"post-1664","1":"product","2":"type-product","3":"status-publish","4":"has-post-thumbnail","6":"brand-vortex","7":"product_cat-rifle-scopes","9":"first","10":"instock","11":"taxable","12":"shipping-taxable","13":"purchasable","14":"product-type-simple"},"yoast_head":"<!-- This site is optimized with the Yoast SEO Premium plugin v25.7.1 (Yoast SEO v27.4) - https:\/\/yoast.com\/product\/yoast-seo-premium-wordpress\/ -->\n<title>Vortex CROSSFIRE\u00ae II 2-7x32 SFP BDC MOA - Hunter Optics<\/title>\n<meta name=\"description\" content=\"Diamondback Tactical 4-16x44 FFP rifle scope features EBR-2C MRAD reticle, precision turrets &amp; rugged construction. Ideal for long-range accuracy. Shop Vortex optics.\" \/>\n<meta name=\"robots\" content=\"index, follow, max-snippet:-1, max-image-preview:large, max-video-preview:-1\" \/>\n<link rel=\"canonical\" href=\"https:\/\/hunter-optics.com\/de\/produkt\/vortex-crossfire-ii-2-7x32-sfp-bdc-moa\/\" \/>\n<meta property=\"og:locale\" content=\"de_DE\" \/>\n<meta property=\"og:type\" content=\"article\" \/>\n<meta property=\"og:title\" content=\"Vortex CROSSFIRE\u00ae II 2-7x32 SFP BDC MOA\" \/>\n<meta property=\"og:description\" content=\"Diamondback Tactical 4-16x44 FFP rifle scope features EBR-2C MRAD reticle, precision turrets &amp; rugged construction. Ideal for long-range accuracy. Shop Vortex optics.\" \/>\n<meta property=\"og:url\" content=\"https:\/\/hunter-optics.com\/de\/produkt\/vortex-crossfire-ii-2-7x32-sfp-bdc-moa\/\" \/>\n<meta property=\"og:site_name\" content=\"Hunter Optics\" \/>\n<meta property=\"article:modified_time\" content=\"2025-10-11T08:57:56+00:00\" \/>\n<meta property=\"og:image\" content=\"https:\/\/hunter-optics.com\/wp-content\/uploads\/2025\/08\/Vortex-Crossfire-II-2-7x32-SFP-BDC-MOA-Rifle-Scope-1.png\" \/>\n\t<meta property=\"og:image:width\" content=\"1920\" \/>\n\t<meta property=\"og:image:height\" content=\"1123\" \/>\n\t<meta property=\"og:image:type\" content=\"image\/png\" \/>\n<meta name=\"twitter:card\" content=\"summary_large_image\" \/>\n<meta name=\"twitter:label1\" content=\"Preis\" \/>\n\t<meta name=\"twitter:data1\" content=\"&#036;209.99\" \/>\n\t<meta name=\"twitter:label2\" content=\"Verf\u00fcgbarkeit\" \/>\n\t<meta name=\"twitter:data2\" content=\"Auf Lager\" \/>\n<script type=\"application\/ld+json\" class=\"yoast-schema-graph\">{\"@context\":\"https:\\\/\\\/schema.org\",\"@graph\":[{\"@type\":\"WebPage\",\"@id\":\"https:\\\/\\\/hunter-optics.com\\\/product\\\/vortex-crossfire-ii-2-7x32-sfp-bdc-moa\\\/\",\"url\":\"https:\\\/\\\/hunter-optics.com\\\/product\\\/vortex-crossfire-ii-2-7x32-sfp-bdc-moa\\\/\",\"name\":\"Vortex CROSSFIRE\u00ae II 2-7x32 SFP BDC MOA - Hunter Optics\",\"isPartOf\":{\"@id\":\"https:\\\/\\\/hunter-optics.com\\\/#website\"},\"primaryImageOfPage\":{\"@id\":\"https:\\\/\\\/hunter-optics.com\\\/product\\\/vortex-crossfire-ii-2-7x32-sfp-bdc-moa\\\/#primaryimage\"},\"image\":{\"@id\":\"https:\\\/\\\/hunter-optics.com\\\/product\\\/vortex-crossfire-ii-2-7x32-sfp-bdc-moa\\\/#primaryimage\"},\"thumbnailUrl\":\"https:\\\/\\\/hunter-optics.com\\\/wp-content\\\/uploads\\\/2025\\\/08\\\/Vortex-Crossfire-II-2-7x32-SFP-BDC-MOA-Rifle-Scope-1.png\",\"datePublished\":\"2025-08-09T09:52:42+00:00\",\"dateModified\":\"2025-10-11T08:57:56+00:00\",\"description\":\"Diamondback Tactical 4-16x44 FFP rifle scope features EBR-2C MRAD reticle, precision turrets & rugged construction. Ideal for long-range accuracy. Shop Vortex optics.\",\"breadcrumb\":{\"@id\":\"https:\\\/\\\/hunter-optics.com\\\/product\\\/vortex-crossfire-ii-2-7x32-sfp-bdc-moa\\\/#breadcrumb\"},\"inLanguage\":\"de\",\"potentialAction\":[{\"@type\":\"ReadAction\",\"target\":[\"https:\\\/\\\/hunter-optics.com\\\/product\\\/vortex-crossfire-ii-2-7x32-sfp-bdc-moa\\\/\"]}]},{\"@type\":\"ImageObject\",\"inLanguage\":\"de\",\"@id\":\"https:\\\/\\\/hunter-optics.com\\\/product\\\/vortex-crossfire-ii-2-7x32-sfp-bdc-moa\\\/#primaryimage\",\"url\":\"https:\\\/\\\/hunter-optics.com\\\/wp-content\\\/uploads\\\/2025\\\/08\\\/Vortex-Crossfire-II-2-7x32-SFP-BDC-MOA-Rifle-Scope-1.png\",\"contentUrl\":\"https:\\\/\\\/hunter-optics.com\\\/wp-content\\\/uploads\\\/2025\\\/08\\\/Vortex-Crossfire-II-2-7x32-SFP-BDC-MOA-Rifle-Scope-1.png\",\"width\":1920,\"height\":1123,\"caption\":\"Vortex Crossfire II 2-7x32 SFP BDC MOA Rifle Scope\"},{\"@type\":\"BreadcrumbList\",\"@id\":\"https:\\\/\\\/hunter-optics.com\\\/product\\\/vortex-crossfire-ii-2-7x32-sfp-bdc-moa\\\/#breadcrumb\",\"itemListElement\":[{\"@type\":\"ListItem\",\"position\":1,\"name\":\"Home\",\"item\":\"https:\\\/\\\/hunter-optics.com\\\/\"},{\"@type\":\"ListItem\",\"position\":2,\"name\":\"Products\",\"item\":\"https:\\\/\\\/hunter-optics.com\\\/shop\\\/\"},{\"@type\":\"ListItem\",\"position\":3,\"name\":\"Vortex CROSSFIRE\u00ae II 2-7&#215;32 SFP BDC MOA\"}]},{\"@type\":\"WebSite\",\"@id\":\"https:\\\/\\\/hunter-optics.com\\\/#website\",\"url\":\"https:\\\/\\\/hunter-optics.com\\\/\",\"name\":\"Hunter Optics\",\"description\":\"Hunter Optics \u2014 Your Eye on the Target.\",\"publisher\":{\"@id\":\"https:\\\/\\\/hunter-optics.com\\\/#organization\"},\"potentialAction\":[{\"@type\":\"SearchAction\",\"target\":{\"@type\":\"EntryPoint\",\"urlTemplate\":\"https:\\\/\\\/hunter-optics.com\\\/?s={search_term_string}\"},\"query-input\":{\"@type\":\"PropertyValueSpecification\",\"valueRequired\":true,\"valueName\":\"search_term_string\"}}],\"inLanguage\":\"de\"},{\"@type\":\"Organization\",\"@id\":\"https:\\\/\\\/hunter-optics.com\\\/#organization\",\"name\":\"Hunter Optics\",\"url\":\"https:\\\/\\\/hunter-optics.com\\\/\",\"logo\":{\"@type\":\"ImageObject\",\"inLanguage\":\"de\",\"@id\":\"https:\\\/\\\/hunter-optics.com\\\/#\\\/schema\\\/logo\\\/image\\\/\",\"url\":\"https:\\\/\\\/hunter-optics.com\\\/wp-content\\\/uploads\\\/2025\\\/06\\\/hunter-optics-logo-1.png\",\"contentUrl\":\"https:\\\/\\\/hunter-optics.com\\\/wp-content\\\/uploads\\\/2025\\\/06\\\/hunter-optics-logo-1.png\",\"width\":937,\"height\":373,\"caption\":\"Hunter Optics\"},\"image\":{\"@id\":\"https:\\\/\\\/hunter-optics.com\\\/#\\\/schema\\\/logo\\\/image\\\/\"}}]}<\/script>\n<meta property=\"product:brand\" content=\"Vortex\" \/>\n<meta property=\"product:price:amount\" content=\"209.99\" \/>\n<meta property=\"product:price:currency\" content=\"USD\" \/>\n<meta property=\"og:availability\" content=\"instock\" \/>\n<meta property=\"product:availability\" content=\"instock\" \/>\n<meta property=\"product:condition\" content=\"new\" \/>\n<!-- \/ Yoast SEO Premium plugin. -->","yoast_head_json":{"title":"Vortex CROSSFIRE\u00ae II 2-7x32 SFP BDC MOA - Hunter Optics","description":"Diamondback Tactical 4-16x44 FFP Zielfernrohr mit EBR-2C MRAD Absehen, Pr\u00e4zisionst\u00fcrmchen und robuster Konstruktion. Ideal f\u00fcr Pr\u00e4zision auf weite Entfernungen. Vortex-Optik kaufen.","robots":{"index":"index","follow":"follow","max-snippet":"max-snippet:-1","max-image-preview":"max-image-preview:large","max-video-preview":"max-video-preview:-1"},"canonical":"https:\/\/hunter-optics.com\/de\/produkt\/vortex-crossfire-ii-2-7x32-sfp-bdc-moa\/","og_locale":"de_DE","og_type":"article","og_title":"Vortex CROSSFIRE\u00ae II 2-7x32 SFP BDC MOA","og_description":"Diamondback Tactical 4-16x44 FFP rifle scope features EBR-2C MRAD reticle, precision turrets & rugged construction. Ideal for long-range accuracy. Shop Vortex optics.","og_url":"https:\/\/hunter-optics.com\/de\/produkt\/vortex-crossfire-ii-2-7x32-sfp-bdc-moa\/","og_site_name":"Hunter Optics","article_modified_time":"2025-10-11T08:57:56+00:00","og_image":[{"width":1920,"height":1123,"url":"https:\/\/hunter-optics.com\/wp-content\/uploads\/2025\/08\/Vortex-Crossfire-II-2-7x32-SFP-BDC-MOA-Rifle-Scope-1.png","type":"image\/png"}],"twitter_card":"summary_large_image","twitter_misc":{"Preis":"&#36;209.99","Verf\u00fcgbarkeit":"Auf Lager"},"schema":{"@context":"https:\/\/schema.org","@graph":[{"@type":"WebPage","@id":"https:\/\/hunter-optics.com\/product\/vortex-crossfire-ii-2-7x32-sfp-bdc-moa\/","url":"https:\/\/hunter-optics.com\/product\/vortex-crossfire-ii-2-7x32-sfp-bdc-moa\/","name":"Vortex CROSSFIRE\u00ae II 2-7x32 SFP BDC MOA - Hunter Optics","isPartOf":{"@id":"https:\/\/hunter-optics.com\/#website"},"primaryImageOfPage":{"@id":"https:\/\/hunter-optics.com\/product\/vortex-crossfire-ii-2-7x32-sfp-bdc-moa\/#primaryimage"},"image":{"@id":"https:\/\/hunter-optics.com\/product\/vortex-crossfire-ii-2-7x32-sfp-bdc-moa\/#primaryimage"},"thumbnailUrl":"https:\/\/hunter-optics.com\/wp-content\/uploads\/2025\/08\/Vortex-Crossfire-II-2-7x32-SFP-BDC-MOA-Rifle-Scope-1.png","datePublished":"2025-08-09T09:52:42+00:00","dateModified":"2025-10-11T08:57:56+00:00","description":"Diamondback Tactical 4-16x44 FFP Zielfernrohr mit EBR-2C MRAD Absehen, Pr\u00e4zisionst\u00fcrmchen und robuster Konstruktion. Ideal f\u00fcr Pr\u00e4zision auf weite Entfernungen. Vortex-Optik kaufen.","breadcrumb":{"@id":"https:\/\/hunter-optics.com\/product\/vortex-crossfire-ii-2-7x32-sfp-bdc-moa\/#breadcrumb"},"inLanguage":"de","potentialAction":[{"@type":"ReadAction","target":["https:\/\/hunter-optics.com\/product\/vortex-crossfire-ii-2-7x32-sfp-bdc-moa\/"]}]},{"@type":"ImageObject","inLanguage":"de","@id":"https:\/\/hunter-optics.com\/product\/vortex-crossfire-ii-2-7x32-sfp-bdc-moa\/#primaryimage","url":"https:\/\/hunter-optics.com\/wp-content\/uploads\/2025\/08\/Vortex-Crossfire-II-2-7x32-SFP-BDC-MOA-Rifle-Scope-1.png","contentUrl":"https:\/\/hunter-optics.com\/wp-content\/uploads\/2025\/08\/Vortex-Crossfire-II-2-7x32-SFP-BDC-MOA-Rifle-Scope-1.png","width":1920,"height":1123,"caption":"Vortex Crossfire II 2-7x32 SFP BDC MOA Rifle Scope"},{"@type":"BreadcrumbList","@id":"https:\/\/hunter-optics.com\/product\/vortex-crossfire-ii-2-7x32-sfp-bdc-moa\/#breadcrumb","itemListElement":[{"@type":"ListItem","position":1,"name":"Home","item":"https:\/\/hunter-optics.com\/"},{"@type":"ListItem","position":2,"name":"Products","item":"https:\/\/hunter-optics.com\/shop\/"},{"@type":"ListItem","position":3,"name":"Vortex CROSSFIRE\u00ae II 2-7&#215;32 SFP BDC MOA"}]},{"@type":"WebSite","@id":"https:\/\/hunter-optics.com\/#website","url":"https:\/\/hunter-optics.com\/","name":"J\u00e4ger-Optik","description":"Hunter Optics - Ihr Auge auf dem Ziel.","publisher":{"@id":"https:\/\/hunter-optics.com\/#organization"},"potentialAction":[{"@type":"SearchAction","target":{"@type":"EntryPoint","urlTemplate":"https:\/\/hunter-optics.com\/?s={search_term_string}"},"query-input":{"@type":"PropertyValueSpecification","valueRequired":true,"valueName":"search_term_string"}}],"inLanguage":"de"},{"@type":"Organization","@id":"https:\/\/hunter-optics.com\/#organization","name":"J\u00e4ger-Optik","url":"https:\/\/hunter-optics.com\/","logo":{"@type":"ImageObject","inLanguage":"de","@id":"https:\/\/hunter-optics.com\/#\/schema\/logo\/image\/","url":"https:\/\/hunter-optics.com\/wp-content\/uploads\/2025\/06\/hunter-optics-logo-1.png","contentUrl":"https:\/\/hunter-optics.com\/wp-content\/uploads\/2025\/06\/hunter-optics-logo-1.png","width":937,"height":373,"caption":"Hunter Optics"},"image":{"@id":"https:\/\/hunter-optics.com\/#\/schema\/logo\/image\/"}}]},"product_brand":"Vortex","product_price_amount":"209.99","product_price_currency":"USD","og_availability":"instock","product_availability":"instock","product_condition":"new"},"_links":{"self":[{"href":"https:\/\/hunter-optics.com\/de\/wp-json\/wp\/v2\/product\/1664","targetHints":{"allow":["GET"]}}],"collection":[{"href":"https:\/\/hunter-optics.com\/de\/wp-json\/wp\/v2\/product"}],"about":[{"href":"https:\/\/hunter-optics.com\/de\/wp-json\/wp\/v2\/types\/product"}],"replies":[{"embeddable":true,"href":"https:\/\/hunter-optics.com\/de\/wp-json\/wp\/v2\/comments?post=1664"}],"version-history":[{"count":4,"href":"https:\/\/hunter-optics.com\/de\/wp-json\/wp\/v2\/product\/1664\/revisions"}],"predecessor-version":[{"id":1671,"href":"https:\/\/hunter-optics.com\/de\/wp-json\/wp\/v2\/product\/1664\/revisions\/1671"}],"wp:featuredmedia":[{"embeddable":true,"href":"https:\/\/hunter-optics.com\/de\/wp-json\/wp\/v2\/media\/1667"}],"wp:attachment":[{"href":"https:\/\/hunter-optics.com\/de\/wp-json\/wp\/v2\/media?parent=1664"}],"wp:term":[{"taxonomy":"brand","embeddable":true,"href":"https:\/\/hunter-optics.com\/de\/wp-json\/wp\/v2\/etheme_brands?post=1664"},{"taxonomy":"product_brand","embeddable":true,"href":"https:\/\/hunter-optics.com\/de\/wp-json\/wp\/v2\/product_brand?post=1664"},{"taxonomy":"product_cat","embeddable":true,"href":"https:\/\/hunter-optics.com\/de\/wp-json\/wp\/v2\/product_cat?post=1664"},{"taxonomy":"product_tag","embeddable":true,"href":"https:\/\/hunter-optics.com\/de\/wp-json\/wp\/v2\/product_tag?post=1664"}],"curies":[{"name":"wp","href":"https:\/\/api.w.org\/{rel}","templated":true}]}}