{"id":1646,"date":"2025-08-09T09:34:37","date_gmt":"2025-08-09T09:34:37","guid":{"rendered":"https:\/\/hunter-optics.com\/?post_type=product&#038;p=1646"},"modified":"2025-11-03T02:17:39","modified_gmt":"2025-11-03T02:17:39","slug":"vortex-venom-5-25x56-ffp-ebr-7c-mrad-nicht-ir","status":"publish","type":"product","link":"https:\/\/hunter-optics.com\/de\/produkt\/vortex-venom-5-25x56-ffp-ebr-7c-mrad-nicht-ir\/","title":{"rendered":"Vortex VENOM\u00ae 5-25\u00d756 FFP EBR-7C MRAD Nicht IR"},"content":{"rendered":"<p><strong>\u00dcbersicht<\/strong><\/p>\n<div class=\"product sizechart\">\n<div class=\"sizechart-details\">\n<div class=\"product sizechart\">\n<div class=\"sizechart-details\">\n<p>Venom<sup>\u00ae<\/sup>\u00a0ist Ihre Br\u00fccke zur Genauigkeit auf weite Entfernungen und zum taktischen Erfolg - ein Arbeitstier, das M\u00fche in Ergebnisse verwandelt. Solide Konstruktion. Hervorragende Glasqualit\u00e4t mit Klarheit und Kontrast, die Sie in jeder Umgebung fokussieren l\u00e4sst, egal ob Sie Ziele im Nahbereich anvisieren oder Ihre Grenzen auf Distanz ausloten. Die Produktreihe wurde f\u00fcr Sch\u00fctzen entwickelt, die Zuverl\u00e4ssigkeit, Schnelligkeit und Genauigkeit unter Druck ben\u00f6tigen, und bietet eine perfekte Mischung aus Nutzen und Leistung - damit Sie im Spiel bleiben und mit jedem Schuss mehr erreichen.<\/p>\n<div class=\"product sizechart\">\n<div class=\"sizechart-title\">\n<div class=\"item-title\"><strong>Venom<sup>\u00ae<\/sup>\u00a05-25\u00d756 FFP Abmessungen (in Zoll)<\/strong><\/div>\n<\/div>\n<div class=\"sizechart-details\">\n<div class=\"sizechart-image\"><img decoding=\"async\" src=\"https:\/\/vortexoptics.com\/media\/wysiwyg\/dim_venom_5-25x56.png\" alt=\"Venom 5-25x56 FFP Abmessungen\" data-uw-rm-alt-original=\"Venom 5-25x56 FFP Dimensions\" data-uw-rm-alt=\"ALT\" \/><\/div>\n<table class=\"lengths\">\n<tbody>\n<tr>\n<th colspan=\"6\" scope=\"colgroup\">L\u00e4ngen<\/th>\n<\/tr>\n<tr>\n<td>L1<\/td>\n<td>L2<\/td>\n<td>L3<\/td>\n<td>L4<\/td>\n<\/tr>\n<tr>\n<td>15.25<\/td>\n<td>2.60<\/td>\n<td>2.4<\/td>\n<td>6.9<\/td>\n<\/tr>\n<\/tbody>\n<\/table>\n<table class=\"heights\">\n<tbody>\n<tr>\n<th colspan=\"2\" scope=\"colgroup\">H\u00f6hen<\/th>\n<\/tr>\n<tr>\n<td>H1<\/td>\n<td>H2<\/td>\n<\/tr>\n<tr>\n<td>2.54<\/td>\n<td>1.81<\/td>\n<\/tr>\n<\/tbody>\n<\/table>\n<\/div>\n<\/div>\n<\/div>\n<\/div>\n<p><strong>Spezifikationen<\/strong><\/p>\n<table id=\"product-vortex-specs-table\" class=\"data table spec-attributes\">\n<tbody>\n<tr>\n<th class=\"col label Magnification\" scope=\"row\">Vergr\u00f6\u00dferung<\/th>\n<td class=\"col data\" data-th=\"Magnification\">5-25x<\/td>\n<\/tr>\n<tr>\n<th class=\"col label Objective Lens Diameter\" scope=\"row\">Objektivlinsen-Durchmesser<\/th>\n<td class=\"col data\" data-th=\"Objective Lens Diameter\">56 mm<\/td>\n<\/tr>\n<tr>\n<th class=\"col label Focal Plane\" scope=\"row\">Brennebene<\/th>\n<td class=\"col data\" data-th=\"Focal Plane\">Erste Brennebene<\/td>\n<\/tr>\n<tr>\n<th class=\"col label Reticle\" scope=\"row\">Absehen<\/th>\n<td class=\"col data\" data-th=\"Reticle\">EBR-7C (MRAD)<\/td>\n<\/tr>\n<tr>\n<th class=\"col label Eye Relief\" scope=\"row\">Augenentlastung<\/th>\n<td class=\"col data\" data-th=\"Eye Relief\">3.6&#8243;<\/td>\n<\/tr>\n<tr>\n<th class=\"col label Field of View\" scope=\"row\">Sichtfeld<\/th>\n<td class=\"col data\" data-th=\"Field of View\">21.2\u2032 - 4.7\u2032 @ 100 yds<\/td>\n<\/tr>\n<tr>\n<th class=\"col label Turret Style\" scope=\"row\">Revolverstil<\/th>\n<td class=\"col data\" data-th=\"Turret Style\">Freigelegt<\/td>\n<\/tr>\n<tr>\n<th class=\"col label Tube Size\" scope=\"row\">Rohrgr\u00f6\u00dfe<\/th>\n<td class=\"col data\" data-th=\"Tube Size\">34 mm<\/td>\n<\/tr>\n<tr>\n<th class=\"col label Adjustment Graduation\" scope=\"row\">Anpassung Graduierung<\/th>\n<td class=\"col data\" data-th=\"Adjustment Graduation\">.1 MRAD<\/td>\n<\/tr>\n<tr>\n<th class=\"col label Travel Per Rotation\" scope=\"row\">Reisen pro Rotation<\/th>\n<td class=\"col data\" data-th=\"Travel Per Rotation\">10 MRAD<\/td>\n<\/tr>\n<tr>\n<th class=\"col label Max Elevation Adjustment\" scope=\"row\">Maximale H\u00f6henanpassung<\/th>\n<td class=\"col data\" data-th=\"Max Elevation Adjustment\">25 MRAD<\/td>\n<\/tr>\n<tr>\n<th class=\"col label Max Windage Adjustment\" scope=\"row\">Maximale Einstellung der Windst\u00e4rke<\/th>\n<td class=\"col data\" data-th=\"Max Windage Adjustment\">25 MRAD<\/td>\n<\/tr>\n<tr>\n<th class=\"col label Parallax Setting\" scope=\"row\">Parallaxe-Einstellung<\/th>\n<td class=\"col data\" data-th=\"Parallax Setting\">15 Yards - \u221e<\/td>\n<\/tr>\n<tr>\n<th class=\"col label Length\" scope=\"row\">L\u00e4nge<\/th>\n<td class=\"col data\" data-th=\"Length\">15.3&#8243;<\/td>\n<\/tr>\n<tr>\n<th class=\"col label Weight\" scope=\"row\">Gewicht<\/th>\n<td class=\"col data\" data-th=\"Weight\">35,0 Unzen.<\/td>\n<\/tr>\n<\/tbody>\n<\/table>\n<p><strong>Eigenschaften<\/strong><\/p>\n<table>\n<tbody>\n<tr>\n<th class=\"col label\" scope=\"row\">XD\u2122 Optisches System<\/th>\n<td class=\"col data\">Das erstklassige optische System liefert eine beeindruckende Aufl\u00f6sung und Sch\u00e4rfe von Rand zu Rand, reduziert die chromatische Aberration erheblich und garantiert helle, kontrastreiche Bilder.<\/td>\n<\/tr>\n<tr>\n<th class=\"col label\" scope=\"row\">RevStop<sup>\u00ae<\/sup>\u00a0Null-System<\/th>\n<td class=\"col data\">Das patentierte, stromlinienf\u00f6rmige Design erm\u00f6glicht eine einfache Einstellung und eine zuverl\u00e4ssige R\u00fcckkehr zum Nullpunkt nach der Revolververstellung.<\/td>\n<\/tr>\n<tr>\n<th class=\"col label\" scope=\"row\">Vollst\u00e4ndig mehrschichtige Linsen<\/th>\n<td class=\"col data\">Antireflexionsbeschichtungen auf allen Oberfl\u00e4chen zwischen Luft und Glas sorgen f\u00fcr eine erh\u00f6hte Lichtdurchl\u00e4ssigkeit und damit f\u00fcr mehr Klarheit und Leistung bei schlechten Lichtverh\u00e4ltnissen.<\/td>\n<\/tr>\n<tr>\n<th class=\"col label\" scope=\"row\">Freigelegtes Elevationst\u00fcrmchen<\/th>\n<td class=\"col data\">Der Elevationsrevolver erm\u00f6glicht eine schnelle, pr\u00e4zise und leicht ablesbare Einstellung der Elevation.<\/td>\n<\/tr>\n<tr>\n<th class=\"col label\" scope=\"row\">Erste Fokusebene Absehen<\/th>\n<td class=\"col data\">Ein Absehen in der ersten Bildebene befindet sich im Zielfernrohr in der N\u00e4he der Revolver f\u00fcr H\u00f6hen- und Seitenverstellung. Der Ma\u00dfstab des Absehens bleibt im Verh\u00e4ltnis zum gezoomten Bild. Konstante Untertiefen erm\u00f6glichen ein genaues Anvisieren und Entfernungsmessen bei allen Vergr\u00f6\u00dferungen. Die Gr\u00f6\u00dfe des Absehens erscheint bei hohen Vergr\u00f6\u00dferungen gr\u00f6\u00dfer und bei niedrigen Vergr\u00f6\u00dferungen kleiner.<\/td>\n<\/tr>\n<tr>\n<th class=\"col label\" scope=\"row\">Einteiliges Rohr<\/th>\n<td class=\"col data\">Maximiert die Ausrichtung f\u00fcr verbesserte Genauigkeit und optimale Sehleistung und gew\u00e4hrleistet Festigkeit und Wasserdichtigkeit.<\/td>\n<\/tr>\n<tr>\n<th class=\"col label\" scope=\"row\">Stickstoffgas gesp\u00fclt<\/th>\n<td class=\"col data\">Gasgesp\u00fclt und O-Ring-versiegelt f\u00fcr beschlagfreie und wasserdichte Leistung unter allen Bedingungen.<\/td>\n<\/tr>\n<tr>\n<th class=\"col label\" scope=\"row\">Fast-Focus-Okular<\/th>\n<td class=\"col data\">Erm\u00f6glicht eine schnelle und einfache Fokussierung des Absehens.<\/td>\n<\/tr>\n<tr>\n<th class=\"col label\" scope=\"row\">Wurfhebel<\/th>\n<td class=\"col data\">Der mitgelieferte Umlenkhebel kann f\u00fcr eine schnelle und einfache Vergr\u00f6\u00dferungseinstellung installiert werden.<\/td>\n<\/tr>\n<tr>\n<th class=\"col label\" scope=\"row\">Aluminium in Flugzeugqualit\u00e4t<\/th>\n<td class=\"col data\">Konstruiert aus einem massiven Block aus Flugzeugaluminium f\u00fcr St\u00e4rke und Steifigkeit.<\/td>\n<\/tr>\n<tr>\n<th class=\"col label\" scope=\"row\">ArmorTek<sup>\u00ae<\/sup><\/th>\n<td class=\"col data\">Die ultraharte, kratzfeste Beschichtung sch\u00fctzt die \u00e4u\u00dferen Gl\u00e4ser vor Kratzern, \u00d6l und Schmutz.<\/td>\n<\/tr>\n<tr>\n<th class=\"col label\" scope=\"row\">Mattschwarz eloxiert mit geringer Blendwirkung<\/th>\n<td class=\"col data\">Die korrosions- und verschlei\u00dffeste Eloxierung sorgt f\u00fcr eine blendfreie, matte Oberfl\u00e4che und hilft, die Position des Sch\u00fctzen zu verschleiern.<\/td>\n<\/tr>\n<tr>\n<th class=\"col label\" scope=\"row\">Wasserdicht<\/th>\n<td class=\"col data\">Entwickelt, um rauen Wetterbedingungen zu widerstehen.<\/td>\n<\/tr>\n<tr>\n<th class=\"col label\" scope=\"row\">Sto\u00dfsicher<\/th>\n<td class=\"col data\">Entwickelt, um den h\u00f6chsten R\u00fccksto\u00df- und Sto\u00dfbelastungen standzuhalten.<\/td>\n<\/tr>\n<tr>\n<th class=\"col label\" scope=\"row\">Beschlagfrei<\/th>\n<td class=\"col data\">Entwickelt, um einem breiten Temperaturbereich standzuhalten.<\/td>\n<\/tr>\n<\/tbody>\n<\/table>\n<p><strong>Absehen<\/strong><\/p>\n<div class=\"reticle-details\">\n<div class=\"reticle-info\">\n<div class=\"reticle-description\">\n<div class=\"reticle-image\">\n<div class=\"reticle-image\"><img decoding=\"async\" src=\"https:\/\/vortexoptics.com\/media\/attribute\/swatch\/v\/t\/vtx_rzr-42708_ebr-7c_mrad_rs_i_ri_fv.jpg\" alt=\"Abbildung des Fadenkreuzes\" data-uw-rm-alt-original=\"image of reticle\" data-uw-rm-alt=\"ALT\" \/><\/div>\n<div class=\"reticle-info\">\n<div class=\"reticle-description\">\n<p><strong>EBR-7C (MRAD)<\/strong>Absehen mit Rautenmarkierung, das MOA- oder MRAD-basierte Unterteilungslinien f\u00fcr Entfernungs-, Halte- und Visierkorrekturen verwendet. Die Buchstaben beziehen sich auf die in der Tabelle unten aufgef\u00fchrten Absehenunterteilungen.<\/p>\n<\/div>\n<\/div>\n<\/div>\n<\/div>\n<\/div>\n<\/div>\n<\/div>\n<\/div>","protected":false},"excerpt":{"rendered":"<p>Overview Venom\u00ae\u00a0is your bridge to long-range accuracy and tactical success\u2014a workhorse optic that turns effort into results. Solid construction. Great glass quality with clarity and<\/p>","protected":false},"featured_media":1647,"comment_status":"open","ping_status":"closed","template":"","meta":[],"etheme_brands":[{"term_id":47,"name":"Vortex","slug":"vortex","term_group":0,"term_taxonomy_id":47,"taxonomy":"brand","description":"","parent":0,"count":9,"filter":"raw"}],"product_brand":[],"product_cat":[49],"product_tag":[],"class_list":{"0":"post-1646","1":"product","2":"type-product","3":"status-publish","4":"has-post-thumbnail","6":"brand-vortex","7":"product_cat-rifle-scopes","9":"first","10":"instock","11":"taxable","12":"shipping-taxable","13":"purchasable","14":"product-type-simple"},"yoast_head":"<!-- This site is optimized with the Yoast SEO Premium plugin v25.7.1 (Yoast SEO v27.4) - https:\/\/yoast.com\/product\/yoast-seo-premium-wordpress\/ -->\n<title>Vortex VENOM\u00ae 5-25x56 FFP EBR-7C MRAD Non IR - Hunter Optics<\/title>\n<meta name=\"description\" content=\"Diamondback Tactical 4-16x44 FFP rifle scope features EBR-2C MRAD reticle, precision turrets &amp; rugged construction. Ideal for long-range accuracy. Shop Vortex optics.\" \/>\n<meta name=\"robots\" content=\"index, follow, max-snippet:-1, max-image-preview:large, max-video-preview:-1\" \/>\n<link rel=\"canonical\" href=\"https:\/\/hunter-optics.com\/de\/produkt\/vortex-venom-5-25x56-ffp-ebr-7c-mrad-nicht-ir\/\" \/>\n<meta property=\"og:locale\" content=\"de_DE\" \/>\n<meta property=\"og:type\" content=\"article\" \/>\n<meta property=\"og:title\" content=\"Vortex VENOM\u00ae 5-25x56 FFP EBR-7C MRAD Non IR\" \/>\n<meta property=\"og:description\" content=\"Diamondback Tactical 4-16x44 FFP rifle scope features EBR-2C MRAD reticle, precision turrets &amp; rugged construction. Ideal for long-range accuracy. Shop Vortex optics.\" \/>\n<meta property=\"og:url\" content=\"https:\/\/hunter-optics.com\/de\/produkt\/vortex-venom-5-25x56-ffp-ebr-7c-mrad-nicht-ir\/\" \/>\n<meta property=\"og:site_name\" content=\"Hunter Optics\" \/>\n<meta property=\"article:modified_time\" content=\"2025-11-03T02:17:39+00:00\" \/>\n<meta property=\"og:image\" content=\"https:\/\/hunter-optics.com\/wp-content\/uploads\/2025\/08\/Venom-5-25x56-FFP-EBR-7C-MRAD-Non-IR-1.png\" \/>\n\t<meta property=\"og:image:width\" content=\"1920\" \/>\n\t<meta property=\"og:image:height\" content=\"1123\" \/>\n\t<meta property=\"og:image:type\" content=\"image\/png\" \/>\n<meta name=\"twitter:card\" content=\"summary_large_image\" \/>\n<meta name=\"twitter:label1\" content=\"Preis\" \/>\n\t<meta name=\"twitter:data1\" content=\"&#036;699.99\" \/>\n\t<meta name=\"twitter:label2\" content=\"Verf\u00fcgbarkeit\" \/>\n\t<meta name=\"twitter:data2\" content=\"Auf Lager\" \/>\n<script type=\"application\/ld+json\" class=\"yoast-schema-graph\">{\"@context\":\"https:\\\/\\\/schema.org\",\"@graph\":[{\"@type\":\"WebPage\",\"@id\":\"https:\\\/\\\/hunter-optics.com\\\/product\\\/vortex-venom-5-25x56-ffp-ebr-7c-mrad-non-ir\\\/\",\"url\":\"https:\\\/\\\/hunter-optics.com\\\/product\\\/vortex-venom-5-25x56-ffp-ebr-7c-mrad-non-ir\\\/\",\"name\":\"Vortex VENOM\u00ae 5-25x56 FFP EBR-7C MRAD Non IR - Hunter Optics\",\"isPartOf\":{\"@id\":\"https:\\\/\\\/hunter-optics.com\\\/#website\"},\"primaryImageOfPage\":{\"@id\":\"https:\\\/\\\/hunter-optics.com\\\/product\\\/vortex-venom-5-25x56-ffp-ebr-7c-mrad-non-ir\\\/#primaryimage\"},\"image\":{\"@id\":\"https:\\\/\\\/hunter-optics.com\\\/product\\\/vortex-venom-5-25x56-ffp-ebr-7c-mrad-non-ir\\\/#primaryimage\"},\"thumbnailUrl\":\"https:\\\/\\\/hunter-optics.com\\\/wp-content\\\/uploads\\\/2025\\\/08\\\/Venom-5-25x56-FFP-EBR-7C-MRAD-Non-IR-1.png\",\"datePublished\":\"2025-08-09T09:34:37+00:00\",\"dateModified\":\"2025-11-03T02:17:39+00:00\",\"description\":\"Diamondback Tactical 4-16x44 FFP rifle scope features EBR-2C MRAD reticle, precision turrets & rugged construction. Ideal for long-range accuracy. Shop Vortex optics.\",\"breadcrumb\":{\"@id\":\"https:\\\/\\\/hunter-optics.com\\\/product\\\/vortex-venom-5-25x56-ffp-ebr-7c-mrad-non-ir\\\/#breadcrumb\"},\"inLanguage\":\"de\",\"potentialAction\":[{\"@type\":\"ReadAction\",\"target\":[\"https:\\\/\\\/hunter-optics.com\\\/product\\\/vortex-venom-5-25x56-ffp-ebr-7c-mrad-non-ir\\\/\"]}]},{\"@type\":\"ImageObject\",\"inLanguage\":\"de\",\"@id\":\"https:\\\/\\\/hunter-optics.com\\\/product\\\/vortex-venom-5-25x56-ffp-ebr-7c-mrad-non-ir\\\/#primaryimage\",\"url\":\"https:\\\/\\\/hunter-optics.com\\\/wp-content\\\/uploads\\\/2025\\\/08\\\/Venom-5-25x56-FFP-EBR-7C-MRAD-Non-IR-1.png\",\"contentUrl\":\"https:\\\/\\\/hunter-optics.com\\\/wp-content\\\/uploads\\\/2025\\\/08\\\/Venom-5-25x56-FFP-EBR-7C-MRAD-Non-IR-1.png\",\"width\":1920,\"height\":1123,\"caption\":\"Venom 5-25x56 FFP EBR-7C MRAD Non IR\"},{\"@type\":\"BreadcrumbList\",\"@id\":\"https:\\\/\\\/hunter-optics.com\\\/product\\\/vortex-venom-5-25x56-ffp-ebr-7c-mrad-non-ir\\\/#breadcrumb\",\"itemListElement\":[{\"@type\":\"ListItem\",\"position\":1,\"name\":\"Home\",\"item\":\"https:\\\/\\\/hunter-optics.com\\\/\"},{\"@type\":\"ListItem\",\"position\":2,\"name\":\"Products\",\"item\":\"https:\\\/\\\/hunter-optics.com\\\/shop\\\/\"},{\"@type\":\"ListItem\",\"position\":3,\"name\":\"Vortex VENOM\u00ae 5-25&#215;56 FFP EBR-7C MRAD Non IR\"}]},{\"@type\":\"WebSite\",\"@id\":\"https:\\\/\\\/hunter-optics.com\\\/#website\",\"url\":\"https:\\\/\\\/hunter-optics.com\\\/\",\"name\":\"Hunter Optics\",\"description\":\"Hunter Optics \u2014 Your Eye on the Target.\",\"publisher\":{\"@id\":\"https:\\\/\\\/hunter-optics.com\\\/#organization\"},\"potentialAction\":[{\"@type\":\"SearchAction\",\"target\":{\"@type\":\"EntryPoint\",\"urlTemplate\":\"https:\\\/\\\/hunter-optics.com\\\/?s={search_term_string}\"},\"query-input\":{\"@type\":\"PropertyValueSpecification\",\"valueRequired\":true,\"valueName\":\"search_term_string\"}}],\"inLanguage\":\"de\"},{\"@type\":\"Organization\",\"@id\":\"https:\\\/\\\/hunter-optics.com\\\/#organization\",\"name\":\"Hunter Optics\",\"url\":\"https:\\\/\\\/hunter-optics.com\\\/\",\"logo\":{\"@type\":\"ImageObject\",\"inLanguage\":\"de\",\"@id\":\"https:\\\/\\\/hunter-optics.com\\\/#\\\/schema\\\/logo\\\/image\\\/\",\"url\":\"https:\\\/\\\/hunter-optics.com\\\/wp-content\\\/uploads\\\/2025\\\/06\\\/hunter-optics-logo-1.png\",\"contentUrl\":\"https:\\\/\\\/hunter-optics.com\\\/wp-content\\\/uploads\\\/2025\\\/06\\\/hunter-optics-logo-1.png\",\"width\":937,\"height\":373,\"caption\":\"Hunter Optics\"},\"image\":{\"@id\":\"https:\\\/\\\/hunter-optics.com\\\/#\\\/schema\\\/logo\\\/image\\\/\"}}]}<\/script>\n<meta property=\"product:brand\" content=\"Vortex\" \/>\n<meta property=\"product:price:amount\" content=\"699.99\" \/>\n<meta property=\"product:price:currency\" content=\"USD\" \/>\n<meta property=\"og:availability\" content=\"instock\" \/>\n<meta property=\"product:availability\" content=\"instock\" \/>\n<meta property=\"product:condition\" content=\"new\" \/>\n<!-- \/ Yoast SEO Premium plugin. -->","yoast_head_json":{"title":"Vortex VENOM\u00ae 5-25x56 FFP EBR-7C MRAD Nicht IR - Hunter Optics","description":"Diamondback Tactical 4-16x44 FFP Zielfernrohr mit EBR-2C MRAD Absehen, Pr\u00e4zisionst\u00fcrmchen und robuster Konstruktion. Ideal f\u00fcr Pr\u00e4zision auf weite Entfernungen. Vortex-Optik kaufen.","robots":{"index":"index","follow":"follow","max-snippet":"max-snippet:-1","max-image-preview":"max-image-preview:large","max-video-preview":"max-video-preview:-1"},"canonical":"https:\/\/hunter-optics.com\/de\/produkt\/vortex-venom-5-25x56-ffp-ebr-7c-mrad-nicht-ir\/","og_locale":"de_DE","og_type":"article","og_title":"Vortex VENOM\u00ae 5-25x56 FFP EBR-7C MRAD Non IR","og_description":"Diamondback Tactical 4-16x44 FFP rifle scope features EBR-2C MRAD reticle, precision turrets & rugged construction. Ideal for long-range accuracy. Shop Vortex optics.","og_url":"https:\/\/hunter-optics.com\/de\/produkt\/vortex-venom-5-25x56-ffp-ebr-7c-mrad-nicht-ir\/","og_site_name":"Hunter Optics","article_modified_time":"2025-11-03T02:17:39+00:00","og_image":[{"width":1920,"height":1123,"url":"https:\/\/hunter-optics.com\/wp-content\/uploads\/2025\/08\/Venom-5-25x56-FFP-EBR-7C-MRAD-Non-IR-1.png","type":"image\/png"}],"twitter_card":"summary_large_image","twitter_misc":{"Preis":"&#36;699.99","Verf\u00fcgbarkeit":"Auf Lager"},"schema":{"@context":"https:\/\/schema.org","@graph":[{"@type":"WebPage","@id":"https:\/\/hunter-optics.com\/product\/vortex-venom-5-25x56-ffp-ebr-7c-mrad-non-ir\/","url":"https:\/\/hunter-optics.com\/product\/vortex-venom-5-25x56-ffp-ebr-7c-mrad-non-ir\/","name":"Vortex VENOM\u00ae 5-25x56 FFP EBR-7C MRAD Nicht IR - Hunter Optics","isPartOf":{"@id":"https:\/\/hunter-optics.com\/#website"},"primaryImageOfPage":{"@id":"https:\/\/hunter-optics.com\/product\/vortex-venom-5-25x56-ffp-ebr-7c-mrad-non-ir\/#primaryimage"},"image":{"@id":"https:\/\/hunter-optics.com\/product\/vortex-venom-5-25x56-ffp-ebr-7c-mrad-non-ir\/#primaryimage"},"thumbnailUrl":"https:\/\/hunter-optics.com\/wp-content\/uploads\/2025\/08\/Venom-5-25x56-FFP-EBR-7C-MRAD-Non-IR-1.png","datePublished":"2025-08-09T09:34:37+00:00","dateModified":"2025-11-03T02:17:39+00:00","description":"Diamondback Tactical 4-16x44 FFP Zielfernrohr mit EBR-2C MRAD Absehen, Pr\u00e4zisionst\u00fcrmchen und robuster Konstruktion. Ideal f\u00fcr Pr\u00e4zision auf weite Entfernungen. Vortex-Optik kaufen.","breadcrumb":{"@id":"https:\/\/hunter-optics.com\/product\/vortex-venom-5-25x56-ffp-ebr-7c-mrad-non-ir\/#breadcrumb"},"inLanguage":"de","potentialAction":[{"@type":"ReadAction","target":["https:\/\/hunter-optics.com\/product\/vortex-venom-5-25x56-ffp-ebr-7c-mrad-non-ir\/"]}]},{"@type":"ImageObject","inLanguage":"de","@id":"https:\/\/hunter-optics.com\/product\/vortex-venom-5-25x56-ffp-ebr-7c-mrad-non-ir\/#primaryimage","url":"https:\/\/hunter-optics.com\/wp-content\/uploads\/2025\/08\/Venom-5-25x56-FFP-EBR-7C-MRAD-Non-IR-1.png","contentUrl":"https:\/\/hunter-optics.com\/wp-content\/uploads\/2025\/08\/Venom-5-25x56-FFP-EBR-7C-MRAD-Non-IR-1.png","width":1920,"height":1123,"caption":"Venom 5-25x56 FFP EBR-7C MRAD Non IR"},{"@type":"BreadcrumbList","@id":"https:\/\/hunter-optics.com\/product\/vortex-venom-5-25x56-ffp-ebr-7c-mrad-non-ir\/#breadcrumb","itemListElement":[{"@type":"ListItem","position":1,"name":"Home","item":"https:\/\/hunter-optics.com\/"},{"@type":"ListItem","position":2,"name":"Products","item":"https:\/\/hunter-optics.com\/shop\/"},{"@type":"ListItem","position":3,"name":"Vortex VENOM\u00ae 5-25&#215;56 FFP EBR-7C MRAD Non IR"}]},{"@type":"WebSite","@id":"https:\/\/hunter-optics.com\/#website","url":"https:\/\/hunter-optics.com\/","name":"J\u00e4ger-Optik","description":"Hunter Optics - Ihr Auge auf dem Ziel.","publisher":{"@id":"https:\/\/hunter-optics.com\/#organization"},"potentialAction":[{"@type":"SearchAction","target":{"@type":"EntryPoint","urlTemplate":"https:\/\/hunter-optics.com\/?s={search_term_string}"},"query-input":{"@type":"PropertyValueSpecification","valueRequired":true,"valueName":"search_term_string"}}],"inLanguage":"de"},{"@type":"Organization","@id":"https:\/\/hunter-optics.com\/#organization","name":"J\u00e4ger-Optik","url":"https:\/\/hunter-optics.com\/","logo":{"@type":"ImageObject","inLanguage":"de","@id":"https:\/\/hunter-optics.com\/#\/schema\/logo\/image\/","url":"https:\/\/hunter-optics.com\/wp-content\/uploads\/2025\/06\/hunter-optics-logo-1.png","contentUrl":"https:\/\/hunter-optics.com\/wp-content\/uploads\/2025\/06\/hunter-optics-logo-1.png","width":937,"height":373,"caption":"Hunter Optics"},"image":{"@id":"https:\/\/hunter-optics.com\/#\/schema\/logo\/image\/"}}]},"product_brand":"Vortex","product_price_amount":"699.99","product_price_currency":"USD","og_availability":"instock","product_availability":"instock","product_condition":"new"},"_links":{"self":[{"href":"https:\/\/hunter-optics.com\/de\/wp-json\/wp\/v2\/product\/1646","targetHints":{"allow":["GET"]}}],"collection":[{"href":"https:\/\/hunter-optics.com\/de\/wp-json\/wp\/v2\/product"}],"about":[{"href":"https:\/\/hunter-optics.com\/de\/wp-json\/wp\/v2\/types\/product"}],"replies":[{"embeddable":true,"href":"https:\/\/hunter-optics.com\/de\/wp-json\/wp\/v2\/comments?post=1646"}],"version-history":[{"count":4,"href":"https:\/\/hunter-optics.com\/de\/wp-json\/wp\/v2\/product\/1646\/revisions"}],"predecessor-version":[{"id":1674,"href":"https:\/\/hunter-optics.com\/de\/wp-json\/wp\/v2\/product\/1646\/revisions\/1674"}],"wp:featuredmedia":[{"embeddable":true,"href":"https:\/\/hunter-optics.com\/de\/wp-json\/wp\/v2\/media\/1647"}],"wp:attachment":[{"href":"https:\/\/hunter-optics.com\/de\/wp-json\/wp\/v2\/media?parent=1646"}],"wp:term":[{"taxonomy":"brand","embeddable":true,"href":"https:\/\/hunter-optics.com\/de\/wp-json\/wp\/v2\/etheme_brands?post=1646"},{"taxonomy":"product_brand","embeddable":true,"href":"https:\/\/hunter-optics.com\/de\/wp-json\/wp\/v2\/product_brand?post=1646"},{"taxonomy":"product_cat","embeddable":true,"href":"https:\/\/hunter-optics.com\/de\/wp-json\/wp\/v2\/product_cat?post=1646"},{"taxonomy":"product_tag","embeddable":true,"href":"https:\/\/hunter-optics.com\/de\/wp-json\/wp\/v2\/product_tag?post=1646"}],"curies":[{"name":"wp","href":"https:\/\/api.w.org\/{rel}","templated":true}]}}