{"id":1635,"date":"2025-08-09T08:45:26","date_gmt":"2025-08-09T08:45:26","guid":{"rendered":"https:\/\/hunter-optics.com\/?post_type=product&#038;p=1635"},"modified":"2025-08-09T10:01:57","modified_gmt":"2025-08-09T10:01:57","slug":"vortex-diamondback-taktisch-6-24x50-ffp-ebr-2c-mrad-nicht-ir","status":"publish","type":"product","link":"https:\/\/hunter-optics.com\/de\/produkt\/vortex-diamondback-taktisch-6-24x50-ffp-ebr-2c-mrad-nicht-ir\/","title":{"rendered":"Vortex DIAMONDBACK\u00ae Tactical 6-24\u00d750 FFP EBR-2C MRAD Nicht IR"},"content":{"rendered":"<p><strong>\u00dcbersicht<\/strong><\/p>\n<div class=\"product sizechart\">\n<div class=\"sizechart-details\">\n<p>Diamondback<sup>\u00ae<\/sup>\u00a0Tactical bringt das hart arbeitende Erbe der Diamondback<sup>\u00ae<\/sup>\u00a0in die taktische Welt ein und bietet zuverl\u00e4ssige Leistung f\u00fcr Sch\u00fctzen, die ihre effektive Reichweite erh\u00f6hen m\u00f6chten. Die solide Konstruktion und das scharfe, klare Glas sorgen daf\u00fcr, dass Sie sich konzentrieren k\u00f6nnen, egal ob Sie auf mittlere Entfernungen schie\u00dfen oder bis zu 1.000 Meter weit gehen. Es ist f\u00fcr neue Sch\u00fctzen gedacht, die sich auf die Einstellung von H\u00f6he und Neigung verlassen wollen. Es ist robust genug, um dem harten Einsatz standzuhalten, w\u00e4hrend es Schuss f\u00fcr Schuss die n\u00f6tige Pr\u00e4zision liefert.<\/p>\n<p><a href=\"https:\/\/www.kentonindustries.com\/products\/vortex-diamondback-tactical-ffp\" target=\"_blank\" rel=\"external noopener\" data-uw-rm-brl=\"PR\" data-uw-original-href=\"https:\/\/www.kentonindustries.com\/products\/vortex-diamondback-tactical-ffp\" aria-label=\"Build Your Own Custom Turret - Kenton Industries - in einer neuen Registerkarte \u00f6ffnen\" data-uw-rm-ext-link=\"\"><img decoding=\"async\" src=\"https:\/\/vortexoptics.com\/media\/wysiwyg\/kentonlogo.jpg\" alt=\"Bauen Sie Ihren eigenen kundenspezifischen Revolver - Kenton Industries\" data-uw-rm-alt-original=\"Build Your Own Custom Turret - Kenton Industries\" data-uw-rm-alt=\"ALT\" \/><\/a><\/p>\n<div class=\"product sizechart\">\n<div class=\"sizechart-title\">\n<div class=\"item-title\"><strong>Diamondback Tactical 6-24\u00d750 FFP Abmessungen (in Zoll)<\/strong><\/div>\n<\/div>\n<div class=\"sizechart-details\">\n<div class=\"sizechart-image\"><img decoding=\"async\" src=\"https:\/\/vortexoptics.com\/media\/wysiwyg\/dim_dbk-tactical.png\" alt=\"Produkt Abmessungen\" data-uw-rm-alt-original=\"Product Dimensions\" data-uw-rm-alt=\"ALT\" \/><\/div>\n<table class=\"lengths\">\n<tbody>\n<tr>\n<th colspan=\"6\" scope=\"colgroup\">L\u00e4ngen<\/th>\n<\/tr>\n<tr>\n<td>L1<\/td>\n<td>L2<\/td>\n<td>L3<\/td>\n<td>L4<\/td>\n<td>L5<\/td>\n<td>L6<\/td>\n<\/tr>\n<tr>\n<td>14.28<\/td>\n<td>2.30<\/td>\n<td>2.70<\/td>\n<td>6.56<\/td>\n<td>3.98<\/td>\n<td>3.77<\/td>\n<\/tr>\n<\/tbody>\n<\/table>\n<table class=\"heights\">\n<tbody>\n<tr>\n<th colspan=\"2\" scope=\"colgroup\">H\u00f6hen<\/th>\n<\/tr>\n<tr>\n<td>H1<\/td>\n<td>H2<\/td>\n<\/tr>\n<tr>\n<td>2.25<\/td>\n<td>1.73<\/td>\n<\/tr>\n<\/tbody>\n<\/table>\n<\/div>\n<\/div>\n<p><strong>Spezifikationen<\/strong><\/p>\n<table id=\"product-vortex-specs-table\" class=\"data table spec-attributes\">\n<tbody>\n<tr>\n<th class=\"col label Magnification\" scope=\"row\">Vergr\u00f6\u00dferung<\/th>\n<td class=\"col data\" data-th=\"Magnification\">6-24x<\/td>\n<\/tr>\n<tr>\n<th class=\"col label Objective Lens Diameter\" scope=\"row\">Objektivlinsen-Durchmesser<\/th>\n<td class=\"col data\" data-th=\"Objective Lens Diameter\">50 mm<\/td>\n<\/tr>\n<tr>\n<th class=\"col label Focal Plane\" scope=\"row\">Brennebene<\/th>\n<td class=\"col data\" data-th=\"Focal Plane\">Erste Brennebene<\/td>\n<\/tr>\n<tr>\n<th class=\"col label Reticle\" scope=\"row\">Absehen<\/th>\n<td class=\"col data\" data-th=\"Reticle\">EBR-2C (MOA)<\/td>\n<\/tr>\n<tr>\n<th class=\"col label Eye Relief\" scope=\"row\">Augenentlastung<\/th>\n<td class=\"col data\" data-th=\"Eye Relief\">3.9 &#8220;<\/td>\n<\/tr>\n<tr>\n<th class=\"col label Field of View\" scope=\"row\">Sichtfeld<\/th>\n<td class=\"col data\" data-th=\"Field of View\">18.0\u2032 - 4.5\u2032 @ 100 yds<\/td>\n<\/tr>\n<tr>\n<th class=\"col label Turret Style\" scope=\"row\">Revolverstil<\/th>\n<td class=\"col data\" data-th=\"Turret Style\">Freigelegt<\/td>\n<\/tr>\n<tr>\n<th class=\"col label Tube Size\" scope=\"row\">Rohrgr\u00f6\u00dfe<\/th>\n<td class=\"col data\" data-th=\"Tube Size\">30mm<\/td>\n<\/tr>\n<tr>\n<th class=\"col label Adjustment Graduation\" scope=\"row\">Anpassung Graduierung<\/th>\n<td class=\"col data\" data-th=\"Adjustment Graduation\">1\/4 MOA<\/td>\n<\/tr>\n<tr>\n<th class=\"col label Travel Per Rotation\" scope=\"row\">Reisen pro Rotation<\/th>\n<td class=\"col data\" data-th=\"Travel Per Rotation\">15 MOA<\/td>\n<\/tr>\n<tr>\n<th class=\"col label Max Elevation Adjustment\" scope=\"row\">Maximale H\u00f6henanpassung<\/th>\n<td class=\"col data\" data-th=\"Max Elevation Adjustment\">65 MOA<\/td>\n<\/tr>\n<tr>\n<th class=\"col label Max Windage Adjustment\" scope=\"row\">Maximale Einstellung der Windst\u00e4rke<\/th>\n<td class=\"col data\" data-th=\"Max Windage Adjustment\">65 MOA<\/td>\n<\/tr>\n<tr>\n<th class=\"col label Parallax Setting\" scope=\"row\">Parallaxe-Einstellung<\/th>\n<td class=\"col data\" data-th=\"Parallax Setting\">10 Yards - \u221e<\/td>\n<\/tr>\n<tr>\n<th class=\"col label Length\" scope=\"row\">L\u00e4nge<\/th>\n<td class=\"col data\" data-th=\"Length\">14.3&#8243;<\/td>\n<\/tr>\n<tr>\n<th class=\"col label Weight\" scope=\"row\">Gewicht<\/th>\n<td class=\"col data\" data-th=\"Weight\">24,6 Unzen<\/td>\n<\/tr>\n<\/tbody>\n<\/table>\n<p><strong>Eigenschaften<\/strong><\/p>\n<table>\n<tbody>\n<tr>\n<th class=\"col label\" scope=\"row\">XD\u2122 Optisches System<\/th>\n<td class=\"col data\">Das erstklassige optische System liefert eine beeindruckende Aufl\u00f6sung und Sch\u00e4rfe von Rand zu Rand, reduziert die chromatische Aberration erheblich und garantiert helle, kontrastreiche Bilder.<\/td>\n<\/tr>\n<tr>\n<th class=\"col label\" scope=\"row\">Vollst\u00e4ndig mehrschichtige Linsen<\/th>\n<td class=\"col data\">Antireflexionsbeschichtungen auf allen Oberfl\u00e4chen zwischen Luft und Glas sorgen f\u00fcr eine erh\u00f6hte Lichtdurchl\u00e4ssigkeit und damit f\u00fcr mehr Klarheit und Leistung bei schlechten Lichtverh\u00e4ltnissen.<\/td>\n<\/tr>\n<tr>\n<th class=\"col label\" scope=\"row\">Erste Fokusebene Absehen<\/th>\n<td class=\"col data\">Ein Absehen in der ersten Bildebene befindet sich im Zielfernrohr in der N\u00e4he der Revolver f\u00fcr H\u00f6hen- und Seitenverstellung. Der Ma\u00dfstab des Absehens bleibt im Verh\u00e4ltnis zum gezoomten Bild. Konstante Untertiefen erm\u00f6glichen ein genaues Anvisieren und Entfernungsmessen bei allen Vergr\u00f6\u00dferungen. Die Gr\u00f6\u00dfe des Absehens erscheint bei hohen Vergr\u00f6\u00dferungen gr\u00f6\u00dfer und bei niedrigen Vergr\u00f6\u00dferungen kleiner.<\/td>\n<\/tr>\n<tr>\n<th class=\"col label\" scope=\"row\">Stickstoffgas gesp\u00fclt<\/th>\n<td class=\"col data\">Gasgesp\u00fclt und O-Ring-versiegelt f\u00fcr beschlagfreie und wasserdichte Leistung unter allen Bedingungen.<\/td>\n<\/tr>\n<tr>\n<th class=\"col label\" scope=\"row\">Fast-Focus-Okular<\/th>\n<td class=\"col data\">Erm\u00f6glicht eine schnelle und einfache Fokussierung des Absehens.<\/td>\n<\/tr>\n<tr>\n<th class=\"col label\" scope=\"row\">Aluminium in Flugzeugqualit\u00e4t<\/th>\n<td class=\"col data\">Konstruiert aus einem massiven Block aus Flugzeugaluminium f\u00fcr St\u00e4rke und Steifigkeit.<\/td>\n<\/tr>\n<tr>\n<th class=\"col label\" scope=\"row\">Blendarm mattschwarz eloxiert<\/th>\n<td class=\"col data\">Die korrosions- und verschlei\u00dffeste Eloxierung sorgt f\u00fcr eine blendfreie, matte Oberfl\u00e4che und hilft, die Position des Sch\u00fctzen zu verschleiern.<\/td>\n<\/tr>\n<tr>\n<th class=\"col label\" scope=\"row\">Wasserdicht<\/th>\n<td class=\"col data\">Entwickelt, um rauen Wetterbedingungen zu widerstehen.<\/td>\n<\/tr>\n<tr>\n<th class=\"col label\" scope=\"row\">Beschlagfrei<\/th>\n<td class=\"col data\">Entwickelt, um einem breiten Temperaturbereich standzuhalten.<\/td>\n<\/tr>\n<tr>\n<th class=\"col label\" scope=\"row\">Sto\u00dfsicher<\/th>\n<td class=\"col data\">Entwickelt, um den h\u00f6chsten R\u00fccksto\u00df- und Sto\u00dfbelastungen standzuhalten.<\/td>\n<\/tr>\n<\/tbody>\n<\/table>\n<p><strong>Absehen<\/strong><\/p>\n<div class=\"reticle-details\">\n<div class=\"reticle-info\">\n<div class=\"reticle-description\">\n<div class=\"reticle-image\"><img decoding=\"async\" src=\"https:\/\/vortexoptics.com\/media\/attribute\/swatch\/v\/t\/vtx_pst-5255_ebr-2c_moa_rs_i_ri_fv.jpg\" alt=\"Abbildung des Fadenkreuzes\" data-uw-rm-alt-original=\"image of reticle\" data-uw-rm-alt=\"ALT\" \/><\/div>\n<p>&nbsp;<\/p>\n<div class=\"reticle-info\">\n<div class=\"reticle-description\">\n<p><strong>EBR-2C (MOA)<\/strong>Absehen mit Rautenmarkierung und MOA-basierten Unterteilungslinien f\u00fcr Entfernungs-, Halte- und Visierkorrekturen. Die Buchstaben beziehen sich auf die in der Tabelle unten aufgef\u00fchrten Absehenunterteilungen.<\/p>\n<\/div>\n<\/div>\n<\/div>\n<\/div>\n<\/div>\n<\/div>\n<\/div>","protected":false},"excerpt":{"rendered":"<p>Overview Diamondback\u00ae\u00a0Tactical brings the hardworking legacy of the Diamondback\u00ae\u00a0name into the tactical world, delivering trusted performance for shooters looking to extend their effective range. With<\/p>","protected":false},"featured_media":1636,"comment_status":"open","ping_status":"closed","template":"","meta":[],"etheme_brands":[{"term_id":47,"name":"Vortex","slug":"vortex","term_group":0,"term_taxonomy_id":47,"taxonomy":"brand","description":"","parent":0,"count":9,"filter":"raw"}],"product_brand":[],"product_cat":[49],"product_tag":[],"class_list":{"0":"post-1635","1":"product","2":"type-product","3":"status-publish","4":"has-post-thumbnail","6":"brand-vortex","7":"product_cat-rifle-scopes","9":"first","10":"instock","11":"taxable","12":"shipping-taxable","13":"purchasable","14":"product-type-simple"},"yoast_head":"<!-- This site is optimized with the Yoast SEO Premium plugin v25.7.1 (Yoast SEO v27.4) - https:\/\/yoast.com\/product\/yoast-seo-premium-wordpress\/ -->\n<title>Vortex DIAMONDBACK\u00ae Tactical 6-24x50 FFP EBR-2C MRAD Non IR - Hunter Optics<\/title>\n<meta name=\"description\" content=\"Diamondback Tactical 4-16x44 FFP rifle scope features EBR-2C MRAD reticle, precision turrets &amp; rugged construction. Ideal for long-range accuracy. Shop Vortex optics.\" \/>\n<meta name=\"robots\" content=\"index, follow, max-snippet:-1, max-image-preview:large, max-video-preview:-1\" \/>\n<link rel=\"canonical\" href=\"https:\/\/hunter-optics.com\/de\/produkt\/vortex-diamondback-taktisch-6-24x50-ffp-ebr-2c-mrad-nicht-ir\/\" \/>\n<meta property=\"og:locale\" content=\"de_DE\" \/>\n<meta property=\"og:type\" content=\"article\" \/>\n<meta property=\"og:title\" content=\"Vortex DIAMONDBACK\u00ae Tactical 6-24x50 FFP EBR-2C MRAD Non IR\" \/>\n<meta property=\"og:description\" content=\"Diamondback Tactical 4-16x44 FFP rifle scope features EBR-2C MRAD reticle, precision turrets &amp; rugged construction. Ideal for long-range accuracy. Shop Vortex optics.\" \/>\n<meta property=\"og:url\" content=\"https:\/\/hunter-optics.com\/de\/produkt\/vortex-diamondback-taktisch-6-24x50-ffp-ebr-2c-mrad-nicht-ir\/\" \/>\n<meta property=\"og:site_name\" content=\"Hunter Optics\" \/>\n<meta property=\"article:modified_time\" content=\"2025-08-09T10:01:57+00:00\" \/>\n<meta property=\"og:image\" content=\"https:\/\/hunter-optics.com\/wp-content\/uploads\/2025\/08\/Diamondback-Tactical-6-24x50-FFP-EBR-2C-MRAD-Non-IR-1.png\" \/>\n\t<meta property=\"og:image:width\" content=\"1920\" \/>\n\t<meta property=\"og:image:height\" content=\"1123\" \/>\n\t<meta property=\"og:image:type\" content=\"image\/png\" \/>\n<meta name=\"twitter:card\" content=\"summary_large_image\" \/>\n<meta name=\"twitter:label1\" content=\"Preis\" \/>\n\t<meta name=\"twitter:data1\" content=\"&#036;649.99\" \/>\n\t<meta name=\"twitter:label2\" content=\"Verf\u00fcgbarkeit\" \/>\n\t<meta name=\"twitter:data2\" content=\"Auf Lager\" \/>\n<script type=\"application\/ld+json\" class=\"yoast-schema-graph\">{\"@context\":\"https:\\\/\\\/schema.org\",\"@graph\":[{\"@type\":\"WebPage\",\"@id\":\"https:\\\/\\\/hunter-optics.com\\\/product\\\/vortex-diamondback-tactical-6-24x50-ffp-ebr-2c-mrad-non-ir\\\/\",\"url\":\"https:\\\/\\\/hunter-optics.com\\\/product\\\/vortex-diamondback-tactical-6-24x50-ffp-ebr-2c-mrad-non-ir\\\/\",\"name\":\"Vortex DIAMONDBACK\u00ae Tactical 6-24x50 FFP EBR-2C MRAD Non IR - Hunter Optics\",\"isPartOf\":{\"@id\":\"https:\\\/\\\/hunter-optics.com\\\/#website\"},\"primaryImageOfPage\":{\"@id\":\"https:\\\/\\\/hunter-optics.com\\\/product\\\/vortex-diamondback-tactical-6-24x50-ffp-ebr-2c-mrad-non-ir\\\/#primaryimage\"},\"image\":{\"@id\":\"https:\\\/\\\/hunter-optics.com\\\/product\\\/vortex-diamondback-tactical-6-24x50-ffp-ebr-2c-mrad-non-ir\\\/#primaryimage\"},\"thumbnailUrl\":\"https:\\\/\\\/hunter-optics.com\\\/wp-content\\\/uploads\\\/2025\\\/08\\\/Diamondback-Tactical-6-24x50-FFP-EBR-2C-MRAD-Non-IR-1.png\",\"datePublished\":\"2025-08-09T08:45:26+00:00\",\"dateModified\":\"2025-08-09T10:01:57+00:00\",\"description\":\"Diamondback Tactical 4-16x44 FFP rifle scope features EBR-2C MRAD reticle, precision turrets & rugged construction. Ideal for long-range accuracy. Shop Vortex optics.\",\"breadcrumb\":{\"@id\":\"https:\\\/\\\/hunter-optics.com\\\/product\\\/vortex-diamondback-tactical-6-24x50-ffp-ebr-2c-mrad-non-ir\\\/#breadcrumb\"},\"inLanguage\":\"de\",\"potentialAction\":[{\"@type\":\"ReadAction\",\"target\":[\"https:\\\/\\\/hunter-optics.com\\\/product\\\/vortex-diamondback-tactical-6-24x50-ffp-ebr-2c-mrad-non-ir\\\/\"]}]},{\"@type\":\"ImageObject\",\"inLanguage\":\"de\",\"@id\":\"https:\\\/\\\/hunter-optics.com\\\/product\\\/vortex-diamondback-tactical-6-24x50-ffp-ebr-2c-mrad-non-ir\\\/#primaryimage\",\"url\":\"https:\\\/\\\/hunter-optics.com\\\/wp-content\\\/uploads\\\/2025\\\/08\\\/Diamondback-Tactical-6-24x50-FFP-EBR-2C-MRAD-Non-IR-1.png\",\"contentUrl\":\"https:\\\/\\\/hunter-optics.com\\\/wp-content\\\/uploads\\\/2025\\\/08\\\/Diamondback-Tactical-6-24x50-FFP-EBR-2C-MRAD-Non-IR-1.png\",\"width\":1920,\"height\":1123,\"caption\":\"Diamondback Tactical 6-24x50 FFP EBR-2C MRAD Non IR\"},{\"@type\":\"BreadcrumbList\",\"@id\":\"https:\\\/\\\/hunter-optics.com\\\/product\\\/vortex-diamondback-tactical-6-24x50-ffp-ebr-2c-mrad-non-ir\\\/#breadcrumb\",\"itemListElement\":[{\"@type\":\"ListItem\",\"position\":1,\"name\":\"Home\",\"item\":\"https:\\\/\\\/hunter-optics.com\\\/\"},{\"@type\":\"ListItem\",\"position\":2,\"name\":\"Products\",\"item\":\"https:\\\/\\\/hunter-optics.com\\\/shop\\\/\"},{\"@type\":\"ListItem\",\"position\":3,\"name\":\"Vortex DIAMONDBACK\u00ae Tactical 6-24&#215;50 FFP EBR-2C MRAD Non IR\"}]},{\"@type\":\"WebSite\",\"@id\":\"https:\\\/\\\/hunter-optics.com\\\/#website\",\"url\":\"https:\\\/\\\/hunter-optics.com\\\/\",\"name\":\"Hunter Optics\",\"description\":\"Hunter Optics \u2014 Your Eye on the Target.\",\"publisher\":{\"@id\":\"https:\\\/\\\/hunter-optics.com\\\/#organization\"},\"potentialAction\":[{\"@type\":\"SearchAction\",\"target\":{\"@type\":\"EntryPoint\",\"urlTemplate\":\"https:\\\/\\\/hunter-optics.com\\\/?s={search_term_string}\"},\"query-input\":{\"@type\":\"PropertyValueSpecification\",\"valueRequired\":true,\"valueName\":\"search_term_string\"}}],\"inLanguage\":\"de\"},{\"@type\":\"Organization\",\"@id\":\"https:\\\/\\\/hunter-optics.com\\\/#organization\",\"name\":\"Hunter Optics\",\"url\":\"https:\\\/\\\/hunter-optics.com\\\/\",\"logo\":{\"@type\":\"ImageObject\",\"inLanguage\":\"de\",\"@id\":\"https:\\\/\\\/hunter-optics.com\\\/#\\\/schema\\\/logo\\\/image\\\/\",\"url\":\"https:\\\/\\\/hunter-optics.com\\\/wp-content\\\/uploads\\\/2025\\\/06\\\/hunter-optics-logo-1.png\",\"contentUrl\":\"https:\\\/\\\/hunter-optics.com\\\/wp-content\\\/uploads\\\/2025\\\/06\\\/hunter-optics-logo-1.png\",\"width\":937,\"height\":373,\"caption\":\"Hunter Optics\"},\"image\":{\"@id\":\"https:\\\/\\\/hunter-optics.com\\\/#\\\/schema\\\/logo\\\/image\\\/\"}}]}<\/script>\n<meta property=\"product:brand\" content=\"Vortex\" \/>\n<meta property=\"product:price:amount\" content=\"649.99\" \/>\n<meta property=\"product:price:currency\" content=\"USD\" \/>\n<meta property=\"og:availability\" content=\"instock\" \/>\n<meta property=\"product:availability\" content=\"instock\" \/>\n<meta property=\"product:condition\" content=\"new\" \/>\n<!-- \/ Yoast SEO Premium plugin. -->","yoast_head_json":{"title":"Vortex DIAMONDBACK\u00ae Tactical 6-24x50 FFP EBR-2C MRAD Non IR - J\u00e4geroptik","description":"Diamondback Tactical 4-16x44 FFP Zielfernrohr mit EBR-2C MRAD Absehen, Pr\u00e4zisionst\u00fcrmchen und robuster Konstruktion. Ideal f\u00fcr Pr\u00e4zision auf weite Entfernungen. Vortex-Optik kaufen.","robots":{"index":"index","follow":"follow","max-snippet":"max-snippet:-1","max-image-preview":"max-image-preview:large","max-video-preview":"max-video-preview:-1"},"canonical":"https:\/\/hunter-optics.com\/de\/produkt\/vortex-diamondback-taktisch-6-24x50-ffp-ebr-2c-mrad-nicht-ir\/","og_locale":"de_DE","og_type":"article","og_title":"Vortex DIAMONDBACK\u00ae Tactical 6-24x50 FFP EBR-2C MRAD Non IR","og_description":"Diamondback Tactical 4-16x44 FFP rifle scope features EBR-2C MRAD reticle, precision turrets & rugged construction. Ideal for long-range accuracy. Shop Vortex optics.","og_url":"https:\/\/hunter-optics.com\/de\/produkt\/vortex-diamondback-taktisch-6-24x50-ffp-ebr-2c-mrad-nicht-ir\/","og_site_name":"Hunter Optics","article_modified_time":"2025-08-09T10:01:57+00:00","og_image":[{"width":1920,"height":1123,"url":"https:\/\/hunter-optics.com\/wp-content\/uploads\/2025\/08\/Diamondback-Tactical-6-24x50-FFP-EBR-2C-MRAD-Non-IR-1.png","type":"image\/png"}],"twitter_card":"summary_large_image","twitter_misc":{"Preis":"&#36;649.99","Verf\u00fcgbarkeit":"Auf Lager"},"schema":{"@context":"https:\/\/schema.org","@graph":[{"@type":"WebPage","@id":"https:\/\/hunter-optics.com\/product\/vortex-diamondback-tactical-6-24x50-ffp-ebr-2c-mrad-non-ir\/","url":"https:\/\/hunter-optics.com\/product\/vortex-diamondback-tactical-6-24x50-ffp-ebr-2c-mrad-non-ir\/","name":"Vortex DIAMONDBACK\u00ae Tactical 6-24x50 FFP EBR-2C MRAD Non IR - J\u00e4geroptik","isPartOf":{"@id":"https:\/\/hunter-optics.com\/#website"},"primaryImageOfPage":{"@id":"https:\/\/hunter-optics.com\/product\/vortex-diamondback-tactical-6-24x50-ffp-ebr-2c-mrad-non-ir\/#primaryimage"},"image":{"@id":"https:\/\/hunter-optics.com\/product\/vortex-diamondback-tactical-6-24x50-ffp-ebr-2c-mrad-non-ir\/#primaryimage"},"thumbnailUrl":"https:\/\/hunter-optics.com\/wp-content\/uploads\/2025\/08\/Diamondback-Tactical-6-24x50-FFP-EBR-2C-MRAD-Non-IR-1.png","datePublished":"2025-08-09T08:45:26+00:00","dateModified":"2025-08-09T10:01:57+00:00","description":"Diamondback Tactical 4-16x44 FFP Zielfernrohr mit EBR-2C MRAD Absehen, Pr\u00e4zisionst\u00fcrmchen und robuster Konstruktion. Ideal f\u00fcr Pr\u00e4zision auf weite Entfernungen. Vortex-Optik kaufen.","breadcrumb":{"@id":"https:\/\/hunter-optics.com\/product\/vortex-diamondback-tactical-6-24x50-ffp-ebr-2c-mrad-non-ir\/#breadcrumb"},"inLanguage":"de","potentialAction":[{"@type":"ReadAction","target":["https:\/\/hunter-optics.com\/product\/vortex-diamondback-tactical-6-24x50-ffp-ebr-2c-mrad-non-ir\/"]}]},{"@type":"ImageObject","inLanguage":"de","@id":"https:\/\/hunter-optics.com\/product\/vortex-diamondback-tactical-6-24x50-ffp-ebr-2c-mrad-non-ir\/#primaryimage","url":"https:\/\/hunter-optics.com\/wp-content\/uploads\/2025\/08\/Diamondback-Tactical-6-24x50-FFP-EBR-2C-MRAD-Non-IR-1.png","contentUrl":"https:\/\/hunter-optics.com\/wp-content\/uploads\/2025\/08\/Diamondback-Tactical-6-24x50-FFP-EBR-2C-MRAD-Non-IR-1.png","width":1920,"height":1123,"caption":"Diamondback Tactical 6-24x50 FFP EBR-2C MRAD Non IR"},{"@type":"BreadcrumbList","@id":"https:\/\/hunter-optics.com\/product\/vortex-diamondback-tactical-6-24x50-ffp-ebr-2c-mrad-non-ir\/#breadcrumb","itemListElement":[{"@type":"ListItem","position":1,"name":"Home","item":"https:\/\/hunter-optics.com\/"},{"@type":"ListItem","position":2,"name":"Products","item":"https:\/\/hunter-optics.com\/shop\/"},{"@type":"ListItem","position":3,"name":"Vortex DIAMONDBACK\u00ae Tactical 6-24&#215;50 FFP EBR-2C MRAD Non IR"}]},{"@type":"WebSite","@id":"https:\/\/hunter-optics.com\/#website","url":"https:\/\/hunter-optics.com\/","name":"J\u00e4ger-Optik","description":"Hunter Optics - Ihr Auge auf dem Ziel.","publisher":{"@id":"https:\/\/hunter-optics.com\/#organization"},"potentialAction":[{"@type":"SearchAction","target":{"@type":"EntryPoint","urlTemplate":"https:\/\/hunter-optics.com\/?s={search_term_string}"},"query-input":{"@type":"PropertyValueSpecification","valueRequired":true,"valueName":"search_term_string"}}],"inLanguage":"de"},{"@type":"Organization","@id":"https:\/\/hunter-optics.com\/#organization","name":"J\u00e4ger-Optik","url":"https:\/\/hunter-optics.com\/","logo":{"@type":"ImageObject","inLanguage":"de","@id":"https:\/\/hunter-optics.com\/#\/schema\/logo\/image\/","url":"https:\/\/hunter-optics.com\/wp-content\/uploads\/2025\/06\/hunter-optics-logo-1.png","contentUrl":"https:\/\/hunter-optics.com\/wp-content\/uploads\/2025\/06\/hunter-optics-logo-1.png","width":937,"height":373,"caption":"Hunter Optics"},"image":{"@id":"https:\/\/hunter-optics.com\/#\/schema\/logo\/image\/"}}]},"product_brand":"Vortex","product_price_amount":"649.99","product_price_currency":"USD","og_availability":"instock","product_availability":"instock","product_condition":"new"},"_links":{"self":[{"href":"https:\/\/hunter-optics.com\/de\/wp-json\/wp\/v2\/product\/1635","targetHints":{"allow":["GET"]}}],"collection":[{"href":"https:\/\/hunter-optics.com\/de\/wp-json\/wp\/v2\/product"}],"about":[{"href":"https:\/\/hunter-optics.com\/de\/wp-json\/wp\/v2\/types\/product"}],"replies":[{"embeddable":true,"href":"https:\/\/hunter-optics.com\/de\/wp-json\/wp\/v2\/comments?post=1635"}],"version-history":[{"count":7,"href":"https:\/\/hunter-optics.com\/de\/wp-json\/wp\/v2\/product\/1635\/revisions"}],"predecessor-version":[{"id":1675,"href":"https:\/\/hunter-optics.com\/de\/wp-json\/wp\/v2\/product\/1635\/revisions\/1675"}],"wp:featuredmedia":[{"embeddable":true,"href":"https:\/\/hunter-optics.com\/de\/wp-json\/wp\/v2\/media\/1636"}],"wp:attachment":[{"href":"https:\/\/hunter-optics.com\/de\/wp-json\/wp\/v2\/media?parent=1635"}],"wp:term":[{"taxonomy":"brand","embeddable":true,"href":"https:\/\/hunter-optics.com\/de\/wp-json\/wp\/v2\/etheme_brands?post=1635"},{"taxonomy":"product_brand","embeddable":true,"href":"https:\/\/hunter-optics.com\/de\/wp-json\/wp\/v2\/product_brand?post=1635"},{"taxonomy":"product_cat","embeddable":true,"href":"https:\/\/hunter-optics.com\/de\/wp-json\/wp\/v2\/product_cat?post=1635"},{"taxonomy":"product_tag","embeddable":true,"href":"https:\/\/hunter-optics.com\/de\/wp-json\/wp\/v2\/product_tag?post=1635"}],"curies":[{"name":"wp","href":"https:\/\/api.w.org\/{rel}","templated":true}]}}