{"id":1586,"date":"2025-08-05T06:51:44","date_gmt":"2025-08-05T06:51:44","guid":{"rendered":"https:\/\/hunter-optics.com\/?post_type=product&#038;p=1586"},"modified":"2025-08-09T10:02:40","modified_gmt":"2025-08-09T10:02:40","slug":"vortex-strike-eagle-2-0-1-8x24-beleuchtet-sfp-lvpo-ar-bdc3-moa-30mm","status":"publish","type":"product","link":"https:\/\/hunter-optics.com\/de\/produkt\/vortex-strike-eagle-2-0-1-8x24-beleuchtet-sfp-lvpo-ar-bdc3-moa-30mm\/","title":{"rendered":"Vortex STRIKE EAGLE\u00ae 2.0 1-8\u00d724 Beleuchtetes SFP LVPO AR-BDC3 MOA 30mm"},"content":{"rendered":"<div id=\"target_description\" class=\"w-full py-8 border-t mb-6 text-sm border-pbordergreydark pm-product-content open\">\n<h3>Vortex Strike Eagle 2.0 1-8\u00d724 beleuchtetes SFP AR-BDC3 MOA Zielfernrohr<\/h3>\n<p>Neu im Jahr 2020 - Die Strike Eagle Zielfernrohre von Vortex wurden f\u00fcr das neue Jahrzehnt aktualisiert.<\/p>\n<p>Diese neueste Produktreihe bietet nun ein verbessertes optisches System mit verbessertem Farbton, Helligkeit und Kontrast.<\/p>\n<p>Mit dem AR-BDC3-Absehen k\u00f6nnen Sie Ziele bis zu einer Entfernung von 650 Yards erfassen.<\/p>\n<p>Ein echtes One-Power-Objektiv am unteren Ende des Zoombereichs erm\u00f6glicht eine schnelle Zielerfassung im Nahbereich.<\/p>\n<p>M\u00fcssen Sie Ziele auf Distanz anvisieren? Drehen Sie den Zoom auf Maximum und lassen Sie es krachen.<\/p>\n<p>Das Strike Eagle ist ein exzellentes Allround-Zielfernrohr, perfekt f\u00fcr taktisches Schie\u00dfen, die Jagd, den Raubbau und vieles mehr.<\/p>\n<p>Dieses Zielfernrohr ist f\u00fcr alle, die in das Spiel einsteigen wollen.<\/p>\n<p>Ein hervorragendes Scope zu einem hervorragenden Preis.<\/p>\n<h3>Vortex Strike Eagle 2.0 1-8\u00d724 beleuchtetes SFP AR-BDC3 MOA Zielfernrohr<\/h3>\n<table class=\"typedisplay\">\n<tbody>\n<tr>\n<td class=\"productpropertylabel\">Artikel Zustand<\/td>\n<td class=\"productpropertyvalue\">Neu<\/td>\n<\/tr>\n<tr class=\"alt\">\n<td class=\"productpropertylabel\">Umfang Gewicht:<\/td>\n<td class=\"productpropertyvalue\">17,6 Unzen<\/td>\n<\/tr>\n<tr>\n<td class=\"productpropertylabel\">Umfang L\u00e4nge:<\/td>\n<td class=\"productpropertyvalue\">10&#8243;<\/td>\n<\/tr>\n<tr class=\"alt\">\n<td class=\"productpropertylabel\">Vergr\u00f6\u00dferungsbereich:<\/td>\n<td class=\"productpropertyvalue\">1-8x<\/td>\n<\/tr>\n<tr>\n<td class=\"productpropertylabel\">Zielfernrohr Objektivdurchmesser:<\/td>\n<td class=\"productpropertyvalue\">24mm<\/td>\n<\/tr>\n<tr class=\"alt\">\n<td class=\"productpropertylabel\">Zielfernrohr Gr\u00f6\u00dfe \/ Montage:<\/td>\n<td class=\"productpropertyvalue\">30mm<\/td>\n<\/tr>\n<tr>\n<td class=\"productpropertylabel\">Revolverkopf-Einstellung (Klickwert):<\/td>\n<td class=\"productpropertyvalue\">.5 MOA<\/td>\n<\/tr>\n<tr class=\"alt\">\n<td class=\"productpropertylabel\">Elevation Turret Details:<\/td>\n<td class=\"productpropertyvalue\">140 MOA<\/td>\n<\/tr>\n<tr>\n<td class=\"productpropertylabel\">Windrichtungsrevolver Details:<\/td>\n<td class=\"productpropertyvalue\">140 MOA<\/td>\n<\/tr>\n<tr class=\"alt\">\n<td class=\"productpropertylabel\">Absehen Position:<\/td>\n<td class=\"productpropertyvalue\">Zweite Brennebene<\/td>\n<\/tr>\n<tr>\n<td class=\"productpropertylabel\">Absehen Details:<\/td>\n<td class=\"productpropertyvalue\">AR-BDC3 Beleuchtet<\/td>\n<\/tr>\n<tr class=\"alt\">\n<td class=\"productpropertylabel\">Sichtfeld:<\/td>\n<td class=\"productpropertyvalue\">109&#8242;-14.4&#8242;<\/td>\n<\/tr>\n<tr>\n<td class=\"productpropertylabel\">Augenentlastung:<\/td>\n<td class=\"productpropertyvalue\">3.5&#8243;<\/td>\n<\/tr>\n<tr class=\"alt\">\n<td class=\"productpropertylabel\">Beleuchtetes Absehen:<\/td>\n<td class=\"productpropertyvalue\">Ja<\/td>\n<\/tr>\n<tr>\n<td class=\"productpropertylabel\">Umfang Finish:<\/td>\n<td class=\"productpropertyvalue\">Schwarz<\/td>\n<\/tr>\n<tr class=\"alt\">\n<td class=\"productpropertylabel\">Drehung des Zielfernrohrs:<\/td>\n<td class=\"productpropertyvalue\">Gegen den Uhrzeigersinn (CCW)<\/td>\n<\/tr>\n<tr>\n<td class=\"productpropertylabel\">Produkttyp<\/td>\n<td class=\"productpropertyvalue\">Zielfernrohre<\/td>\n<\/tr>\n<tr>\n<td class=\"productpropertylabel\">UPC<\/td>\n<td class=\"productpropertyvalue\">843829110952<\/td>\n<\/tr>\n<tr class=\"alt\">\n<td class=\"productpropertylabel\">MPN<\/td>\n<td class=\"productpropertyvalue\">SE-1824-2<\/td>\n<\/tr>\n<\/tbody>\n<\/table>\n<p><strong><span id=\"link_features\" class=\"border-t border-pbordergreydark text-lg sm:text-xl cursor-pointer font-serif block relative py-4 font-semibold pm-product-tablink grey open\">FEATURES<\/span><\/strong><\/p>\n<div id=\"target_features\" class=\"w-full py-8 border-t mb-6 text-sm border-pbordergreydark pm-product-content open\">\n<h3>Vortex Strike Eagle 2.0 1-8\u00d724 beleuchtetes SFP AR-BDC3 MOA Zielfernrohr<\/h3>\n<ul>\n<li>Beleuchtetes Absehen<\/li>\n<li>Vollst\u00e4ndig mehrschichtige Linsen<\/li>\n<li>Zweite Brennebene Absehen<\/li>\n<li>Glasge\u00e4tztes Absehen<\/li>\n<li>Sto\u00dfsicher<\/li>\n<li>Wasserdicht<\/li>\n<li>Beschlagfrei<\/li>\n<li>Geh\u00e4use aus Aluminium in Flugzeugqualit\u00e4t<\/li>\n<li>Einteiliges Rohr<\/li>\n<li>Schnellfokus-Okular<\/li>\n<li>Wurfhebel<\/li>\n<\/ul>\n<\/div>\n<\/div>","protected":false},"excerpt":{"rendered":"<ul>\n<li>Beleuchtetes Absehen<\/li>\n<li>Vollst\u00e4ndig mehrschichtige Linsen<\/li>\n<li>Zweite Brennebene Absehen<\/li>\n<li>Glasge\u00e4tztes Absehen<\/li>\n<li>Sto\u00dfsicher<\/li>\n<li>Wasserdicht<\/li>\n<\/ul>","protected":false},"featured_media":1588,"comment_status":"open","ping_status":"closed","template":"","meta":[],"etheme_brands":[{"term_id":47,"name":"Vortex","slug":"vortex","term_group":0,"term_taxonomy_id":47,"taxonomy":"brand","description":"","parent":0,"count":9,"filter":"raw"}],"product_brand":[],"product_cat":[49],"product_tag":[],"class_list":{"0":"post-1586","1":"product","2":"type-product","3":"status-publish","4":"has-post-thumbnail","6":"brand-vortex","7":"product_cat-rifle-scopes","9":"first","10":"instock","11":"sale","12":"taxable","13":"shipping-taxable","14":"purchasable","15":"product-type-simple"},"yoast_head":"<!-- This site is optimized with the Yoast SEO Premium plugin v25.7.1 (Yoast SEO v27.4) - https:\/\/yoast.com\/product\/yoast-seo-premium-wordpress\/ -->\n<title>Vortex STRIKE EAGLE\u00ae 2.0 1-8x24 Illuminated SFP LVPO AR-BDC3 MOA 30mm - Hunter Optics<\/title>\n<meta name=\"description\" content=\"Vortex Strike Eagle 2.0 1-8x24 SFP LVPO features an illuminated AR-BDC3 reticle, aircraft-grade ArmorTek\u00ae coating &amp; shockproof design. Ideal for tactical precision. Shop now.\" \/>\n<meta name=\"robots\" content=\"index, follow, max-snippet:-1, max-image-preview:large, max-video-preview:-1\" \/>\n<link rel=\"canonical\" href=\"https:\/\/hunter-optics.com\/de\/produkt\/vortex-strike-eagle-2-0-1-8x24-beleuchtet-sfp-lvpo-ar-bdc3-moa-30mm\/\" \/>\n<meta property=\"og:locale\" content=\"de_DE\" \/>\n<meta property=\"og:type\" content=\"article\" \/>\n<meta property=\"og:title\" content=\"Vortex STRIKE EAGLE\u00ae 2.0 1-8x24 Illuminated SFP LVPO AR-BDC3 MOA 30mm\" \/>\n<meta property=\"og:description\" content=\"Vortex Strike Eagle 2.0 1-8x24 SFP LVPO features an illuminated AR-BDC3 reticle, aircraft-grade ArmorTek\u00ae coating &amp; shockproof design. Ideal for tactical precision. Shop now.\" \/>\n<meta property=\"og:url\" content=\"https:\/\/hunter-optics.com\/de\/produkt\/vortex-strike-eagle-2-0-1-8x24-beleuchtet-sfp-lvpo-ar-bdc3-moa-30mm\/\" \/>\n<meta property=\"og:site_name\" content=\"Hunter Optics\" \/>\n<meta property=\"article:modified_time\" content=\"2025-08-09T10:02:40+00:00\" \/>\n<meta property=\"og:image\" content=\"https:\/\/hunter-optics.com\/wp-content\/uploads\/2025\/08\/Vortex-Strike-Eagle-2.0-1-8x24-Illuminated-SFP-LVPO-AR-BDC3-MOA-30mm.jpg\" \/>\n\t<meta property=\"og:image:width\" content=\"876\" \/>\n\t<meta property=\"og:image:height\" content=\"876\" \/>\n\t<meta property=\"og:image:type\" content=\"image\/jpeg\" \/>\n<meta name=\"twitter:card\" content=\"summary_large_image\" \/>\n<meta name=\"twitter:label1\" content=\"Preis\" \/>\n\t<meta name=\"twitter:data1\" content=\"&#036;499.99\" \/>\n\t<meta name=\"twitter:label2\" content=\"Verf\u00fcgbarkeit\" \/>\n\t<meta name=\"twitter:data2\" content=\"Auf Lager\" \/>\n<script type=\"application\/ld+json\" class=\"yoast-schema-graph\">{\"@context\":\"https:\\\/\\\/schema.org\",\"@graph\":[{\"@type\":\"WebPage\",\"@id\":\"https:\\\/\\\/hunter-optics.com\\\/product\\\/vortex-strike-eagle-2-0-1-8x24-illuminated-sfp-lvpo-ar-bdc3-moa-30mm\\\/\",\"url\":\"https:\\\/\\\/hunter-optics.com\\\/product\\\/vortex-strike-eagle-2-0-1-8x24-illuminated-sfp-lvpo-ar-bdc3-moa-30mm\\\/\",\"name\":\"Vortex STRIKE EAGLE\u00ae 2.0 1-8x24 Illuminated SFP LVPO AR-BDC3 MOA 30mm - Hunter Optics\",\"isPartOf\":{\"@id\":\"https:\\\/\\\/hunter-optics.com\\\/#website\"},\"primaryImageOfPage\":{\"@id\":\"https:\\\/\\\/hunter-optics.com\\\/product\\\/vortex-strike-eagle-2-0-1-8x24-illuminated-sfp-lvpo-ar-bdc3-moa-30mm\\\/#primaryimage\"},\"image\":{\"@id\":\"https:\\\/\\\/hunter-optics.com\\\/product\\\/vortex-strike-eagle-2-0-1-8x24-illuminated-sfp-lvpo-ar-bdc3-moa-30mm\\\/#primaryimage\"},\"thumbnailUrl\":\"https:\\\/\\\/hunter-optics.com\\\/wp-content\\\/uploads\\\/2025\\\/08\\\/Vortex-Strike-Eagle-2.0-1-8x24-Illuminated-SFP-LVPO-AR-BDC3-MOA-30mm.jpg\",\"datePublished\":\"2025-08-05T06:51:44+00:00\",\"dateModified\":\"2025-08-09T10:02:40+00:00\",\"description\":\"Vortex Strike Eagle 2.0 1-8x24 SFP LVPO features an illuminated AR-BDC3 reticle, aircraft-grade ArmorTek\u00ae coating & shockproof design. Ideal for tactical precision. Shop now.\",\"breadcrumb\":{\"@id\":\"https:\\\/\\\/hunter-optics.com\\\/product\\\/vortex-strike-eagle-2-0-1-8x24-illuminated-sfp-lvpo-ar-bdc3-moa-30mm\\\/#breadcrumb\"},\"inLanguage\":\"de\",\"potentialAction\":[{\"@type\":\"ReadAction\",\"target\":[\"https:\\\/\\\/hunter-optics.com\\\/product\\\/vortex-strike-eagle-2-0-1-8x24-illuminated-sfp-lvpo-ar-bdc3-moa-30mm\\\/\"]}]},{\"@type\":\"ImageObject\",\"inLanguage\":\"de\",\"@id\":\"https:\\\/\\\/hunter-optics.com\\\/product\\\/vortex-strike-eagle-2-0-1-8x24-illuminated-sfp-lvpo-ar-bdc3-moa-30mm\\\/#primaryimage\",\"url\":\"https:\\\/\\\/hunter-optics.com\\\/wp-content\\\/uploads\\\/2025\\\/08\\\/Vortex-Strike-Eagle-2.0-1-8x24-Illuminated-SFP-LVPO-AR-BDC3-MOA-30mm.jpg\",\"contentUrl\":\"https:\\\/\\\/hunter-optics.com\\\/wp-content\\\/uploads\\\/2025\\\/08\\\/Vortex-Strike-Eagle-2.0-1-8x24-Illuminated-SFP-LVPO-AR-BDC3-MOA-30mm.jpg\",\"width\":876,\"height\":876},{\"@type\":\"BreadcrumbList\",\"@id\":\"https:\\\/\\\/hunter-optics.com\\\/product\\\/vortex-strike-eagle-2-0-1-8x24-illuminated-sfp-lvpo-ar-bdc3-moa-30mm\\\/#breadcrumb\",\"itemListElement\":[{\"@type\":\"ListItem\",\"position\":1,\"name\":\"Home\",\"item\":\"https:\\\/\\\/hunter-optics.com\\\/\"},{\"@type\":\"ListItem\",\"position\":2,\"name\":\"Products\",\"item\":\"https:\\\/\\\/hunter-optics.com\\\/shop\\\/\"},{\"@type\":\"ListItem\",\"position\":3,\"name\":\"Vortex STRIKE EAGLE\u00ae 2.0 1-8&#215;24 Illuminated SFP LVPO AR-BDC3 MOA 30mm\"}]},{\"@type\":\"WebSite\",\"@id\":\"https:\\\/\\\/hunter-optics.com\\\/#website\",\"url\":\"https:\\\/\\\/hunter-optics.com\\\/\",\"name\":\"Hunter Optics\",\"description\":\"Hunter Optics \u2014 Your Eye on the Target.\",\"publisher\":{\"@id\":\"https:\\\/\\\/hunter-optics.com\\\/#organization\"},\"potentialAction\":[{\"@type\":\"SearchAction\",\"target\":{\"@type\":\"EntryPoint\",\"urlTemplate\":\"https:\\\/\\\/hunter-optics.com\\\/?s={search_term_string}\"},\"query-input\":{\"@type\":\"PropertyValueSpecification\",\"valueRequired\":true,\"valueName\":\"search_term_string\"}}],\"inLanguage\":\"de\"},{\"@type\":\"Organization\",\"@id\":\"https:\\\/\\\/hunter-optics.com\\\/#organization\",\"name\":\"Hunter Optics\",\"url\":\"https:\\\/\\\/hunter-optics.com\\\/\",\"logo\":{\"@type\":\"ImageObject\",\"inLanguage\":\"de\",\"@id\":\"https:\\\/\\\/hunter-optics.com\\\/#\\\/schema\\\/logo\\\/image\\\/\",\"url\":\"https:\\\/\\\/hunter-optics.com\\\/wp-content\\\/uploads\\\/2025\\\/06\\\/hunter-optics-logo-1.png\",\"contentUrl\":\"https:\\\/\\\/hunter-optics.com\\\/wp-content\\\/uploads\\\/2025\\\/06\\\/hunter-optics-logo-1.png\",\"width\":937,\"height\":373,\"caption\":\"Hunter Optics\"},\"image\":{\"@id\":\"https:\\\/\\\/hunter-optics.com\\\/#\\\/schema\\\/logo\\\/image\\\/\"}}]}<\/script>\n<meta property=\"product:brand\" content=\"Vortex\" \/>\n<meta property=\"product:price:amount\" content=\"499.99\" \/>\n<meta property=\"product:price:currency\" content=\"USD\" \/>\n<meta property=\"og:availability\" content=\"instock\" \/>\n<meta property=\"product:availability\" content=\"instock\" \/>\n<meta property=\"product:condition\" content=\"new\" \/>\n<!-- \/ Yoast SEO Premium plugin. -->","yoast_head_json":{"title":"Vortex STRIKE EAGLE\u00ae 2.0 1-8x24 Beleuchtetes SFP LVPO AR-BDC3 MOA 30mm - J\u00e4geroptik","description":"Das Vortex Strike Eagle 2.0 1-8x24 SFP LVPO verf\u00fcgt \u00fcber ein beleuchtetes AR-BDC3-Absehen, eine ArmorTek\u00ae-Beschichtung in Flugzeugqualit\u00e4t und eine sto\u00dffeste Konstruktion. Ideal f\u00fcr taktische Pr\u00e4zision. Jetzt einkaufen.","robots":{"index":"index","follow":"follow","max-snippet":"max-snippet:-1","max-image-preview":"max-image-preview:large","max-video-preview":"max-video-preview:-1"},"canonical":"https:\/\/hunter-optics.com\/de\/produkt\/vortex-strike-eagle-2-0-1-8x24-beleuchtet-sfp-lvpo-ar-bdc3-moa-30mm\/","og_locale":"de_DE","og_type":"article","og_title":"Vortex STRIKE EAGLE\u00ae 2.0 1-8x24 Illuminated SFP LVPO AR-BDC3 MOA 30mm","og_description":"Vortex Strike Eagle 2.0 1-8x24 SFP LVPO features an illuminated AR-BDC3 reticle, aircraft-grade ArmorTek\u00ae coating & shockproof design. Ideal for tactical precision. Shop now.","og_url":"https:\/\/hunter-optics.com\/de\/produkt\/vortex-strike-eagle-2-0-1-8x24-beleuchtet-sfp-lvpo-ar-bdc3-moa-30mm\/","og_site_name":"Hunter Optics","article_modified_time":"2025-08-09T10:02:40+00:00","og_image":[{"width":876,"height":876,"url":"https:\/\/hunter-optics.com\/wp-content\/uploads\/2025\/08\/Vortex-Strike-Eagle-2.0-1-8x24-Illuminated-SFP-LVPO-AR-BDC3-MOA-30mm.jpg","type":"image\/jpeg"}],"twitter_card":"summary_large_image","twitter_misc":{"Preis":"&#36;499.99","Verf\u00fcgbarkeit":"Auf Lager"},"schema":{"@context":"https:\/\/schema.org","@graph":[{"@type":"WebPage","@id":"https:\/\/hunter-optics.com\/product\/vortex-strike-eagle-2-0-1-8x24-illuminated-sfp-lvpo-ar-bdc3-moa-30mm\/","url":"https:\/\/hunter-optics.com\/product\/vortex-strike-eagle-2-0-1-8x24-illuminated-sfp-lvpo-ar-bdc3-moa-30mm\/","name":"Vortex STRIKE EAGLE\u00ae 2.0 1-8x24 Beleuchtetes SFP LVPO AR-BDC3 MOA 30mm - J\u00e4geroptik","isPartOf":{"@id":"https:\/\/hunter-optics.com\/#website"},"primaryImageOfPage":{"@id":"https:\/\/hunter-optics.com\/product\/vortex-strike-eagle-2-0-1-8x24-illuminated-sfp-lvpo-ar-bdc3-moa-30mm\/#primaryimage"},"image":{"@id":"https:\/\/hunter-optics.com\/product\/vortex-strike-eagle-2-0-1-8x24-illuminated-sfp-lvpo-ar-bdc3-moa-30mm\/#primaryimage"},"thumbnailUrl":"https:\/\/hunter-optics.com\/wp-content\/uploads\/2025\/08\/Vortex-Strike-Eagle-2.0-1-8x24-Illuminated-SFP-LVPO-AR-BDC3-MOA-30mm.jpg","datePublished":"2025-08-05T06:51:44+00:00","dateModified":"2025-08-09T10:02:40+00:00","description":"Das Vortex Strike Eagle 2.0 1-8x24 SFP LVPO verf\u00fcgt \u00fcber ein beleuchtetes AR-BDC3-Absehen, eine ArmorTek\u00ae-Beschichtung in Flugzeugqualit\u00e4t und eine sto\u00dffeste Konstruktion. Ideal f\u00fcr taktische Pr\u00e4zision. Jetzt einkaufen.","breadcrumb":{"@id":"https:\/\/hunter-optics.com\/product\/vortex-strike-eagle-2-0-1-8x24-illuminated-sfp-lvpo-ar-bdc3-moa-30mm\/#breadcrumb"},"inLanguage":"de","potentialAction":[{"@type":"ReadAction","target":["https:\/\/hunter-optics.com\/product\/vortex-strike-eagle-2-0-1-8x24-illuminated-sfp-lvpo-ar-bdc3-moa-30mm\/"]}]},{"@type":"ImageObject","inLanguage":"de","@id":"https:\/\/hunter-optics.com\/product\/vortex-strike-eagle-2-0-1-8x24-illuminated-sfp-lvpo-ar-bdc3-moa-30mm\/#primaryimage","url":"https:\/\/hunter-optics.com\/wp-content\/uploads\/2025\/08\/Vortex-Strike-Eagle-2.0-1-8x24-Illuminated-SFP-LVPO-AR-BDC3-MOA-30mm.jpg","contentUrl":"https:\/\/hunter-optics.com\/wp-content\/uploads\/2025\/08\/Vortex-Strike-Eagle-2.0-1-8x24-Illuminated-SFP-LVPO-AR-BDC3-MOA-30mm.jpg","width":876,"height":876},{"@type":"BreadcrumbList","@id":"https:\/\/hunter-optics.com\/product\/vortex-strike-eagle-2-0-1-8x24-illuminated-sfp-lvpo-ar-bdc3-moa-30mm\/#breadcrumb","itemListElement":[{"@type":"ListItem","position":1,"name":"Home","item":"https:\/\/hunter-optics.com\/"},{"@type":"ListItem","position":2,"name":"Products","item":"https:\/\/hunter-optics.com\/shop\/"},{"@type":"ListItem","position":3,"name":"Vortex STRIKE EAGLE\u00ae 2.0 1-8&#215;24 Illuminated SFP LVPO AR-BDC3 MOA 30mm"}]},{"@type":"WebSite","@id":"https:\/\/hunter-optics.com\/#website","url":"https:\/\/hunter-optics.com\/","name":"J\u00e4ger-Optik","description":"Hunter Optics - Ihr Auge auf dem Ziel.","publisher":{"@id":"https:\/\/hunter-optics.com\/#organization"},"potentialAction":[{"@type":"SearchAction","target":{"@type":"EntryPoint","urlTemplate":"https:\/\/hunter-optics.com\/?s={search_term_string}"},"query-input":{"@type":"PropertyValueSpecification","valueRequired":true,"valueName":"search_term_string"}}],"inLanguage":"de"},{"@type":"Organization","@id":"https:\/\/hunter-optics.com\/#organization","name":"J\u00e4ger-Optik","url":"https:\/\/hunter-optics.com\/","logo":{"@type":"ImageObject","inLanguage":"de","@id":"https:\/\/hunter-optics.com\/#\/schema\/logo\/image\/","url":"https:\/\/hunter-optics.com\/wp-content\/uploads\/2025\/06\/hunter-optics-logo-1.png","contentUrl":"https:\/\/hunter-optics.com\/wp-content\/uploads\/2025\/06\/hunter-optics-logo-1.png","width":937,"height":373,"caption":"Hunter Optics"},"image":{"@id":"https:\/\/hunter-optics.com\/#\/schema\/logo\/image\/"}}]},"product_brand":"Vortex","product_price_amount":"499.99","product_price_currency":"USD","og_availability":"instock","product_availability":"instock","product_condition":"new"},"_links":{"self":[{"href":"https:\/\/hunter-optics.com\/de\/wp-json\/wp\/v2\/product\/1586","targetHints":{"allow":["GET"]}}],"collection":[{"href":"https:\/\/hunter-optics.com\/de\/wp-json\/wp\/v2\/product"}],"about":[{"href":"https:\/\/hunter-optics.com\/de\/wp-json\/wp\/v2\/types\/product"}],"replies":[{"embeddable":true,"href":"https:\/\/hunter-optics.com\/de\/wp-json\/wp\/v2\/comments?post=1586"}],"version-history":[{"count":5,"href":"https:\/\/hunter-optics.com\/de\/wp-json\/wp\/v2\/product\/1586\/revisions"}],"predecessor-version":[{"id":1679,"href":"https:\/\/hunter-optics.com\/de\/wp-json\/wp\/v2\/product\/1586\/revisions\/1679"}],"wp:featuredmedia":[{"embeddable":true,"href":"https:\/\/hunter-optics.com\/de\/wp-json\/wp\/v2\/media\/1588"}],"wp:attachment":[{"href":"https:\/\/hunter-optics.com\/de\/wp-json\/wp\/v2\/media?parent=1586"}],"wp:term":[{"taxonomy":"brand","embeddable":true,"href":"https:\/\/hunter-optics.com\/de\/wp-json\/wp\/v2\/etheme_brands?post=1586"},{"taxonomy":"product_brand","embeddable":true,"href":"https:\/\/hunter-optics.com\/de\/wp-json\/wp\/v2\/product_brand?post=1586"},{"taxonomy":"product_cat","embeddable":true,"href":"https:\/\/hunter-optics.com\/de\/wp-json\/wp\/v2\/product_cat?post=1586"},{"taxonomy":"product_tag","embeddable":true,"href":"https:\/\/hunter-optics.com\/de\/wp-json\/wp\/v2\/product_tag?post=1586"}],"curies":[{"name":"wp","href":"https:\/\/api.w.org\/{rel}","templated":true}]}}