{"id":1578,"date":"2025-08-05T06:29:36","date_gmt":"2025-08-05T06:29:36","guid":{"rendered":"https:\/\/hunter-optics.com\/?post_type=product&#038;p=1578"},"modified":"2025-08-09T10:02:56","modified_gmt":"2025-08-09T10:02:56","slug":"vortex-venom-1-6x24ir-moa","status":"publish","type":"product","link":"https:\/\/hunter-optics.com\/de\/produkt\/vortex-venom-1-6x24ir-moa\/","title":{"rendered":"Vortex VENOM\u00ae 1-6x24IR (MOA)"},"content":{"rendered":"<p><strong>\u00dcbersicht<\/strong><\/p>\n<p>Venom<sup>\u00ae<\/sup> ist Ihre Br\u00fccke zur Genauigkeit auf weite Entfernungen und zum taktischen Erfolg - ein Arbeitstier, das M\u00fche in Ergebnisse verwandelt. Solide Konstruktion. Hervorragende Glasqualit\u00e4t mit Klarheit und Kontrast, die Sie in jeder Umgebung fokussieren l\u00e4sst, egal ob Sie Ziele im Nahbereich anvisieren oder Ihre Grenzen auf Distanz ausloten. Die Produktreihe wurde f\u00fcr Sch\u00fctzen entwickelt, die Zuverl\u00e4ssigkeit, Schnelligkeit und Genauigkeit unter Druck ben\u00f6tigen, und bietet eine perfekte Mischung aus Nutzen und Leistung - damit Sie im Spiel bleiben und mit jedem Schuss mehr erreichen.<\/p>\n<div class=\"product sizechart\">\n<div class=\"sizechart-title\">\n<div class=\"item-title\"><strong>Venom<sup>\u00ae<\/sup> 1-6\u00d724 SFP Abmessungen (in Zoll)<\/strong><\/div>\n<\/div>\n<div class=\"sizechart-details\">\n<div class=\"sizechart-image\"><img decoding=\"async\" src=\"https:\/\/vortexoptics.com\/media\/wysiwyg\/dim_venom_3-15x44_moa.png\" alt=\"Venom 1-6x24 SFP Abmessungen\" data-uw-rm-alt-original=\"Venom 1-6x24 SFP Dimensions\" data-uw-rm-alt=\"ALT\" \/><\/div>\n<table class=\"lengths\">\n<tbody>\n<tr>\n<th colspan=\"6\" scope=\"colgroup\">L\u00e4ngen<\/th>\n<\/tr>\n<tr>\n<td>L1<\/td>\n<td>L2<\/td>\n<td>L3<\/td>\n<td>L4<\/td>\n<\/tr>\n<tr>\n<td>10.3<\/td>\n<td>2.8<\/td>\n<td>2.3<\/td>\n<td>6.7<\/td>\n<\/tr>\n<\/tbody>\n<\/table>\n<table class=\"heights\">\n<tbody>\n<tr>\n<th colspan=\"2\" scope=\"colgroup\">H\u00f6hen<\/th>\n<\/tr>\n<tr>\n<td>H1<\/td>\n<td>H2<\/td>\n<\/tr>\n<tr>\n<td>1.2<\/td>\n<td>1.8<\/td>\n<\/tr>\n<\/tbody>\n<\/table>\n<p><strong>Spezifikationen<\/strong><\/p>\n<table id=\"product-vortex-specs-table\" class=\"data table spec-attributes\">\n<tbody>\n<tr>\n<th class=\"col label\" scope=\"row\">Vergr\u00f6\u00dferung<\/th>\n<td class=\"col data\" data-th=\"Magnification\">1-6x<\/td>\n<\/tr>\n<tr>\n<th class=\"col label\" scope=\"row\">Objektivlinsen-Durchmesser<\/th>\n<td class=\"col data\" data-th=\"Objective Lens Diameter\">24 mm<\/td>\n<\/tr>\n<tr>\n<th class=\"col label\" scope=\"row\">Brennebene<\/th>\n<td class=\"col data\" data-th=\"Focal Plane\">Zweite Brennebene<\/td>\n<\/tr>\n<tr>\n<th class=\"col label\" scope=\"row\">Absehen<\/th>\n<td class=\"col data\" data-th=\"Reticle\">AR-BDC3<\/td>\n<\/tr>\n<tr>\n<th class=\"col label\" scope=\"row\">Augenentlastung<\/th>\n<td class=\"col data\" data-th=\"Eye Relief\">3.7\u2033<\/td>\n<\/tr>\n<tr>\n<th class=\"col label\" scope=\"row\">Sichtfeld<\/th>\n<td class=\"col data\" data-th=\"Field of View\">126.0\u2032 - 20.2\u2032 @ 100 yds<\/td>\n<\/tr>\n<tr>\n<th class=\"col label\" scope=\"row\">Revolverstil<\/th>\n<td class=\"col data\" data-th=\"Turret Style\">Gekappt<\/td>\n<\/tr>\n<tr>\n<th class=\"col label\" scope=\"row\">Rohrgr\u00f6\u00dfe<\/th>\n<td class=\"col data\" data-th=\"Tube Size\">30mm<\/td>\n<\/tr>\n<tr>\n<th class=\"col label\" scope=\"row\">Anpassung Graduierung<\/th>\n<td class=\"col data\" data-th=\"Adjustment Graduation\">1\/4 MOA<\/td>\n<\/tr>\n<tr>\n<th class=\"col label\" scope=\"row\">Reisen pro Rotation<\/th>\n<td class=\"col data\" data-th=\"Travel Per Rotation\">25 MOA<\/td>\n<\/tr>\n<tr>\n<th class=\"col label\" scope=\"row\">Maximale H\u00f6henanpassung<\/th>\n<td class=\"col data\" data-th=\"Max Elevation Adjustment\">140 MOA<\/td>\n<\/tr>\n<tr>\n<th class=\"col label\" scope=\"row\">Maximale Einstellung der Windst\u00e4rke<\/th>\n<td class=\"col data\" data-th=\"Max Windage Adjustment\">140 MOA<\/td>\n<\/tr>\n<tr>\n<th class=\"col label\" scope=\"row\">Parallaxe-Einstellung<\/th>\n<td class=\"col data\" data-th=\"Parallax Setting\">100 yds.<\/td>\n<\/tr>\n<tr>\n<th class=\"col label\" scope=\"row\">L\u00e4nge<\/th>\n<td class=\"col data\" data-th=\"Length\">10.3\u2033<\/td>\n<\/tr>\n<tr>\n<th class=\"col label\" scope=\"row\">Gewicht<\/th>\n<td class=\"col data\" data-th=\"Weight\">19,5 Unzen<\/td>\n<\/tr>\n<\/tbody>\n<\/table>\n<p><strong>Eigenschaften<\/strong><\/p>\n<table>\n<tbody>\n<tr>\n<th class=\"col label\" scope=\"row\">XD\u2122 Optisches System<\/th>\n<td class=\"col data\">Das erstklassige optische System liefert eine beeindruckende Aufl\u00f6sung und Sch\u00e4rfe von Rand zu Rand, reduziert die chromatische Aberration erheblich und garantiert helle, kontrastreiche Bilder.<\/td>\n<\/tr>\n<tr>\n<th class=\"col label\" scope=\"row\">Vollst\u00e4ndig mehrschichtige Linsen<\/th>\n<td class=\"col data\">Antireflexionsbeschichtungen auf allen Oberfl\u00e4chen zwischen Luft und Glas sorgen f\u00fcr eine erh\u00f6hte Lichtdurchl\u00e4ssigkeit und damit f\u00fcr mehr Klarheit und Leistung bei schlechten Lichtverh\u00e4ltnissen.<\/td>\n<\/tr>\n<tr>\n<th class=\"col label\" scope=\"row\">Beleuchtetes Absehen<\/th>\n<td class=\"col data\">Erm\u00f6glicht pr\u00e4zises Zielen bei schlechten Lichtverh\u00e4ltnissen.<\/td>\n<\/tr>\n<tr>\n<th class=\"col label\" scope=\"row\">Einteiliges Rohr<\/th>\n<td class=\"col data\">Maximiert die Ausrichtung f\u00fcr verbesserte Genauigkeit und optimale Sehleistung und gew\u00e4hrleistet Festigkeit und Wasserdichtigkeit.<\/td>\n<\/tr>\n<tr>\n<th class=\"col label\" scope=\"row\">Stickstoffgas gesp\u00fclt<\/th>\n<td class=\"col data\">Gasgesp\u00fclt und O-Ring-versiegelt f\u00fcr beschlagfreie und wasserdichte Leistung unter allen Bedingungen.<\/td>\n<\/tr>\n<tr>\n<th class=\"col label\" scope=\"row\">Fast-Focus-Okular<\/th>\n<td class=\"col data\">Erm\u00f6glicht eine schnelle und einfache Fokussierung des Absehens.<\/td>\n<\/tr>\n<tr>\n<th class=\"col label\" scope=\"row\">Wurfhebel<\/th>\n<td class=\"col data\">Der mitgelieferte Umlenkhebel kann f\u00fcr eine schnelle und einfache Vergr\u00f6\u00dferungseinstellung installiert werden.<\/td>\n<\/tr>\n<tr>\n<th class=\"col label\" scope=\"row\">Aluminium in Flugzeugqualit\u00e4t<\/th>\n<td class=\"col data\">Konstruiert aus einem massiven Block aus Flugzeugaluminium f\u00fcr St\u00e4rke und Steifigkeit.<\/td>\n<\/tr>\n<tr>\n<th class=\"col label\" scope=\"row\">ArmorTek<sup>\u00ae<\/sup><\/th>\n<td class=\"col data\">Die ultraharte, kratzfeste Beschichtung sch\u00fctzt die \u00e4u\u00dferen Gl\u00e4ser vor Kratzern, \u00d6l und Schmutz.<\/td>\n<\/tr>\n<tr>\n<th class=\"col label\" scope=\"row\">Mattschwarz eloxiert mit geringer Blendwirkung<\/th>\n<td class=\"col data\">Die korrosions- und verschlei\u00dffeste Eloxierung sorgt f\u00fcr eine blendfreie, matte Oberfl\u00e4che und hilft, die Position des Sch\u00fctzen zu verschleiern.<\/td>\n<\/tr>\n<tr>\n<th class=\"col label\" scope=\"row\">Wasserdicht<\/th>\n<td class=\"col data\">Entwickelt, um rauen Wetterbedingungen zu widerstehen.<\/td>\n<\/tr>\n<tr>\n<th class=\"col label\" scope=\"row\">Sto\u00dfsicher<\/th>\n<td class=\"col data\">Entwickelt, um den h\u00f6chsten R\u00fccksto\u00df- und Sto\u00dfbelastungen standzuhalten.<\/td>\n<\/tr>\n<tr>\n<th class=\"col label\" scope=\"row\">Beschlagfrei<\/th>\n<td class=\"col data\">Entwickelt, um einem breiten Temperaturbereich standzuhalten.<\/td>\n<\/tr>\n<\/tbody>\n<\/table>\n<p><strong>Absehen<\/strong><\/p>\n<div class=\"reticle-details\">\n<div class=\"reticle-image\"><img decoding=\"async\" src=\"https:\/\/vortexoptics.widen.net\/content\/4ruwhdj8w8\/jpeg\/VTX_SE-1624-2_AR-BDC3_MOA_RS_I_RI_FV.jpeg?w=320&amp;keep=c&amp;crop=yes&amp;color=cccccc&amp;quality=80&amp;u=9oqiqe\" alt=\"AR-BDC3\" data-uw-rm-alt-original=\"\" data-uw-rm-alt=\"CT\" \/><\/div>\n<div class=\"reticle-info\">\n<p><strong>AR-BDC3<\/strong><\/p>\n<div class=\"reticle-description\">\n<p>Das beleuchtete, glasge\u00e4tzte AR-BDC3 ist speziell auf die ballistische Leistung g\u00e4ngiger 5,56er-Ladungen aus einem AR-15 abgestimmt. Der 1 MOA-Mittelpunkt sorgt f\u00fcr einen pr\u00e4zisen Zielpunkt, w\u00e4hrend der umgebende 16,625 MOA gestrichelte Kreis Ihr Auge schneller in die Mitte bringt, um eine schnelle Zielerfassung zu erm\u00f6glichen, und der BDC h\u00e4lt Sie bis zu 650 Yards auf dem Ziel.<\/p>\n<p>Untersetzungsdetail f\u00fcr Venom 1-6\u00d724 Zielfernrohr mit AR-BDC3 Absehen.<\/p>\n<\/div>\n<\/div>\n<\/div>\n<\/div>\n<\/div>","protected":false},"excerpt":{"rendered":"<p>Overview Venom\u00ae is your bridge to long-range accuracy and tactical success\u2014a workhorse optic that turns effort into results. Solid construction. Great glass quality with clarity<\/p>","protected":false},"featured_media":1580,"comment_status":"open","ping_status":"closed","template":"","meta":[],"etheme_brands":[{"term_id":47,"name":"Vortex","slug":"vortex","term_group":0,"term_taxonomy_id":47,"taxonomy":"brand","description":"","parent":0,"count":9,"filter":"raw"}],"product_brand":[],"product_cat":[49],"product_tag":[],"class_list":{"0":"post-1578","1":"product","2":"type-product","3":"status-publish","4":"has-post-thumbnail","6":"brand-vortex","7":"product_cat-rifle-scopes","9":"first","10":"instock","11":"sale","12":"taxable","13":"shipping-taxable","14":"purchasable","15":"product-type-simple"},"yoast_head":"<!-- This site is optimized with the Yoast SEO Premium plugin v25.7.1 (Yoast SEO v27.4) - https:\/\/yoast.com\/product\/yoast-seo-premium-wordpress\/ -->\n<title>Vortex VENOM\u00ae 1-6x24IR (MOA) - Hunter Optics<\/title>\n<meta name=\"description\" content=\"Vortex Venom 1-6x24IR MOA rifle scope features illuminated reticle, precision adjustments &amp; rugged construction. Ideal for tactical shooting. Shop Vortex optics.\" \/>\n<meta name=\"robots\" content=\"index, follow, max-snippet:-1, max-image-preview:large, max-video-preview:-1\" \/>\n<link rel=\"canonical\" href=\"https:\/\/hunter-optics.com\/de\/produkt\/vortex-venom-1-6x24ir-moa\/\" \/>\n<meta property=\"og:locale\" content=\"de_DE\" \/>\n<meta property=\"og:type\" content=\"article\" \/>\n<meta property=\"og:title\" content=\"Vortex VENOM\u00ae 1-6x24IR (MOA)\" \/>\n<meta property=\"og:description\" content=\"Vortex Venom 1-6x24IR MOA rifle scope features illuminated reticle, precision adjustments &amp; rugged construction. Ideal for tactical shooting. Shop Vortex optics.\" \/>\n<meta property=\"og:url\" content=\"https:\/\/hunter-optics.com\/de\/produkt\/vortex-venom-1-6x24ir-moa\/\" \/>\n<meta property=\"og:site_name\" content=\"Hunter Optics\" \/>\n<meta property=\"article:modified_time\" content=\"2025-08-09T10:02:56+00:00\" \/>\n<meta property=\"og:image\" content=\"https:\/\/hunter-optics.com\/wp-content\/uploads\/2025\/08\/Vortex-Venom-1-6x24IR-MOA.jpg\" \/>\n\t<meta property=\"og:image:width\" content=\"876\" \/>\n\t<meta property=\"og:image:height\" content=\"876\" \/>\n\t<meta property=\"og:image:type\" content=\"image\/jpeg\" \/>\n<meta name=\"twitter:card\" content=\"summary_large_image\" \/>\n<meta name=\"twitter:label1\" content=\"Preis\" \/>\n\t<meta name=\"twitter:data1\" content=\"&#036;439.99\" \/>\n\t<meta name=\"twitter:label2\" content=\"Verf\u00fcgbarkeit\" \/>\n\t<meta name=\"twitter:data2\" content=\"Auf Lager\" \/>\n<script type=\"application\/ld+json\" class=\"yoast-schema-graph\">{\"@context\":\"https:\\\/\\\/schema.org\",\"@graph\":[{\"@type\":\"WebPage\",\"@id\":\"https:\\\/\\\/hunter-optics.com\\\/product\\\/vortex-venom-1-6x24ir-moa\\\/\",\"url\":\"https:\\\/\\\/hunter-optics.com\\\/product\\\/vortex-venom-1-6x24ir-moa\\\/\",\"name\":\"Vortex VENOM\u00ae 1-6x24IR (MOA) - Hunter Optics\",\"isPartOf\":{\"@id\":\"https:\\\/\\\/hunter-optics.com\\\/#website\"},\"primaryImageOfPage\":{\"@id\":\"https:\\\/\\\/hunter-optics.com\\\/product\\\/vortex-venom-1-6x24ir-moa\\\/#primaryimage\"},\"image\":{\"@id\":\"https:\\\/\\\/hunter-optics.com\\\/product\\\/vortex-venom-1-6x24ir-moa\\\/#primaryimage\"},\"thumbnailUrl\":\"https:\\\/\\\/hunter-optics.com\\\/wp-content\\\/uploads\\\/2025\\\/08\\\/Vortex-Venom-1-6x24IR-MOA.jpg\",\"datePublished\":\"2025-08-05T06:29:36+00:00\",\"dateModified\":\"2025-08-09T10:02:56+00:00\",\"description\":\"Vortex Venom 1-6x24IR MOA rifle scope features illuminated reticle, precision adjustments & rugged construction. Ideal for tactical shooting. Shop Vortex optics.\",\"breadcrumb\":{\"@id\":\"https:\\\/\\\/hunter-optics.com\\\/product\\\/vortex-venom-1-6x24ir-moa\\\/#breadcrumb\"},\"inLanguage\":\"de\",\"potentialAction\":[{\"@type\":\"ReadAction\",\"target\":[\"https:\\\/\\\/hunter-optics.com\\\/product\\\/vortex-venom-1-6x24ir-moa\\\/\"]}]},{\"@type\":\"ImageObject\",\"inLanguage\":\"de\",\"@id\":\"https:\\\/\\\/hunter-optics.com\\\/product\\\/vortex-venom-1-6x24ir-moa\\\/#primaryimage\",\"url\":\"https:\\\/\\\/hunter-optics.com\\\/wp-content\\\/uploads\\\/2025\\\/08\\\/Vortex-Venom-1-6x24IR-MOA.jpg\",\"contentUrl\":\"https:\\\/\\\/hunter-optics.com\\\/wp-content\\\/uploads\\\/2025\\\/08\\\/Vortex-Venom-1-6x24IR-MOA.jpg\",\"width\":876,\"height\":876},{\"@type\":\"BreadcrumbList\",\"@id\":\"https:\\\/\\\/hunter-optics.com\\\/product\\\/vortex-venom-1-6x24ir-moa\\\/#breadcrumb\",\"itemListElement\":[{\"@type\":\"ListItem\",\"position\":1,\"name\":\"Home\",\"item\":\"https:\\\/\\\/hunter-optics.com\\\/\"},{\"@type\":\"ListItem\",\"position\":2,\"name\":\"Products\",\"item\":\"https:\\\/\\\/hunter-optics.com\\\/shop\\\/\"},{\"@type\":\"ListItem\",\"position\":3,\"name\":\"Vortex VENOM\u00ae 1-6x24IR (MOA)\"}]},{\"@type\":\"WebSite\",\"@id\":\"https:\\\/\\\/hunter-optics.com\\\/#website\",\"url\":\"https:\\\/\\\/hunter-optics.com\\\/\",\"name\":\"Hunter Optics\",\"description\":\"Hunter Optics \u2014 Your Eye on the Target.\",\"publisher\":{\"@id\":\"https:\\\/\\\/hunter-optics.com\\\/#organization\"},\"potentialAction\":[{\"@type\":\"SearchAction\",\"target\":{\"@type\":\"EntryPoint\",\"urlTemplate\":\"https:\\\/\\\/hunter-optics.com\\\/?s={search_term_string}\"},\"query-input\":{\"@type\":\"PropertyValueSpecification\",\"valueRequired\":true,\"valueName\":\"search_term_string\"}}],\"inLanguage\":\"de\"},{\"@type\":\"Organization\",\"@id\":\"https:\\\/\\\/hunter-optics.com\\\/#organization\",\"name\":\"Hunter Optics\",\"url\":\"https:\\\/\\\/hunter-optics.com\\\/\",\"logo\":{\"@type\":\"ImageObject\",\"inLanguage\":\"de\",\"@id\":\"https:\\\/\\\/hunter-optics.com\\\/#\\\/schema\\\/logo\\\/image\\\/\",\"url\":\"https:\\\/\\\/hunter-optics.com\\\/wp-content\\\/uploads\\\/2025\\\/06\\\/hunter-optics-logo-1.png\",\"contentUrl\":\"https:\\\/\\\/hunter-optics.com\\\/wp-content\\\/uploads\\\/2025\\\/06\\\/hunter-optics-logo-1.png\",\"width\":937,\"height\":373,\"caption\":\"Hunter Optics\"},\"image\":{\"@id\":\"https:\\\/\\\/hunter-optics.com\\\/#\\\/schema\\\/logo\\\/image\\\/\"}}]}<\/script>\n<meta property=\"product:brand\" content=\"Vortex\" \/>\n<meta property=\"product:price:amount\" content=\"439.99\" \/>\n<meta property=\"product:price:currency\" content=\"USD\" \/>\n<meta property=\"og:availability\" content=\"instock\" \/>\n<meta property=\"product:availability\" content=\"instock\" \/>\n<meta property=\"product:condition\" content=\"new\" \/>\n<!-- \/ Yoast SEO Premium plugin. -->","yoast_head_json":{"title":"Vortex VENOM\u00ae 1-6x24IR (MOA) - J\u00e4geroptik","description":"Das Vortex Venom 1-6x24IR MOA Zielfernrohr verf\u00fcgt \u00fcber ein beleuchtetes Absehen, Pr\u00e4zisionseinstellungen und eine robuste Konstruktion. Ideal f\u00fcr taktisches Schie\u00dfen. Vortex-Optik kaufen.","robots":{"index":"index","follow":"follow","max-snippet":"max-snippet:-1","max-image-preview":"max-image-preview:large","max-video-preview":"max-video-preview:-1"},"canonical":"https:\/\/hunter-optics.com\/de\/produkt\/vortex-venom-1-6x24ir-moa\/","og_locale":"de_DE","og_type":"article","og_title":"Vortex VENOM\u00ae 1-6x24IR (MOA)","og_description":"Vortex Venom 1-6x24IR MOA rifle scope features illuminated reticle, precision adjustments & rugged construction. Ideal for tactical shooting. Shop Vortex optics.","og_url":"https:\/\/hunter-optics.com\/de\/produkt\/vortex-venom-1-6x24ir-moa\/","og_site_name":"Hunter Optics","article_modified_time":"2025-08-09T10:02:56+00:00","og_image":[{"width":876,"height":876,"url":"https:\/\/hunter-optics.com\/wp-content\/uploads\/2025\/08\/Vortex-Venom-1-6x24IR-MOA.jpg","type":"image\/jpeg"}],"twitter_card":"summary_large_image","twitter_misc":{"Preis":"&#36;439.99","Verf\u00fcgbarkeit":"Auf Lager"},"schema":{"@context":"https:\/\/schema.org","@graph":[{"@type":"WebPage","@id":"https:\/\/hunter-optics.com\/product\/vortex-venom-1-6x24ir-moa\/","url":"https:\/\/hunter-optics.com\/product\/vortex-venom-1-6x24ir-moa\/","name":"Vortex VENOM\u00ae 1-6x24IR (MOA) - J\u00e4geroptik","isPartOf":{"@id":"https:\/\/hunter-optics.com\/#website"},"primaryImageOfPage":{"@id":"https:\/\/hunter-optics.com\/product\/vortex-venom-1-6x24ir-moa\/#primaryimage"},"image":{"@id":"https:\/\/hunter-optics.com\/product\/vortex-venom-1-6x24ir-moa\/#primaryimage"},"thumbnailUrl":"https:\/\/hunter-optics.com\/wp-content\/uploads\/2025\/08\/Vortex-Venom-1-6x24IR-MOA.jpg","datePublished":"2025-08-05T06:29:36+00:00","dateModified":"2025-08-09T10:02:56+00:00","description":"Das Vortex Venom 1-6x24IR MOA Zielfernrohr verf\u00fcgt \u00fcber ein beleuchtetes Absehen, Pr\u00e4zisionseinstellungen und eine robuste Konstruktion. Ideal f\u00fcr taktisches Schie\u00dfen. Vortex-Optik kaufen.","breadcrumb":{"@id":"https:\/\/hunter-optics.com\/product\/vortex-venom-1-6x24ir-moa\/#breadcrumb"},"inLanguage":"de","potentialAction":[{"@type":"ReadAction","target":["https:\/\/hunter-optics.com\/product\/vortex-venom-1-6x24ir-moa\/"]}]},{"@type":"ImageObject","inLanguage":"de","@id":"https:\/\/hunter-optics.com\/product\/vortex-venom-1-6x24ir-moa\/#primaryimage","url":"https:\/\/hunter-optics.com\/wp-content\/uploads\/2025\/08\/Vortex-Venom-1-6x24IR-MOA.jpg","contentUrl":"https:\/\/hunter-optics.com\/wp-content\/uploads\/2025\/08\/Vortex-Venom-1-6x24IR-MOA.jpg","width":876,"height":876},{"@type":"BreadcrumbList","@id":"https:\/\/hunter-optics.com\/product\/vortex-venom-1-6x24ir-moa\/#breadcrumb","itemListElement":[{"@type":"ListItem","position":1,"name":"Home","item":"https:\/\/hunter-optics.com\/"},{"@type":"ListItem","position":2,"name":"Products","item":"https:\/\/hunter-optics.com\/shop\/"},{"@type":"ListItem","position":3,"name":"Vortex VENOM\u00ae 1-6x24IR (MOA)"}]},{"@type":"WebSite","@id":"https:\/\/hunter-optics.com\/#website","url":"https:\/\/hunter-optics.com\/","name":"J\u00e4ger-Optik","description":"Hunter Optics - Ihr Auge auf dem Ziel.","publisher":{"@id":"https:\/\/hunter-optics.com\/#organization"},"potentialAction":[{"@type":"SearchAction","target":{"@type":"EntryPoint","urlTemplate":"https:\/\/hunter-optics.com\/?s={search_term_string}"},"query-input":{"@type":"PropertyValueSpecification","valueRequired":true,"valueName":"search_term_string"}}],"inLanguage":"de"},{"@type":"Organization","@id":"https:\/\/hunter-optics.com\/#organization","name":"J\u00e4ger-Optik","url":"https:\/\/hunter-optics.com\/","logo":{"@type":"ImageObject","inLanguage":"de","@id":"https:\/\/hunter-optics.com\/#\/schema\/logo\/image\/","url":"https:\/\/hunter-optics.com\/wp-content\/uploads\/2025\/06\/hunter-optics-logo-1.png","contentUrl":"https:\/\/hunter-optics.com\/wp-content\/uploads\/2025\/06\/hunter-optics-logo-1.png","width":937,"height":373,"caption":"Hunter Optics"},"image":{"@id":"https:\/\/hunter-optics.com\/#\/schema\/logo\/image\/"}}]},"product_brand":"Vortex","product_price_amount":"439.99","product_price_currency":"USD","og_availability":"instock","product_availability":"instock","product_condition":"new"},"_links":{"self":[{"href":"https:\/\/hunter-optics.com\/de\/wp-json\/wp\/v2\/product\/1578","targetHints":{"allow":["GET"]}}],"collection":[{"href":"https:\/\/hunter-optics.com\/de\/wp-json\/wp\/v2\/product"}],"about":[{"href":"https:\/\/hunter-optics.com\/de\/wp-json\/wp\/v2\/types\/product"}],"replies":[{"embeddable":true,"href":"https:\/\/hunter-optics.com\/de\/wp-json\/wp\/v2\/comments?post=1578"}],"version-history":[{"count":5,"href":"https:\/\/hunter-optics.com\/de\/wp-json\/wp\/v2\/product\/1578\/revisions"}],"predecessor-version":[{"id":1681,"href":"https:\/\/hunter-optics.com\/de\/wp-json\/wp\/v2\/product\/1578\/revisions\/1681"}],"wp:featuredmedia":[{"embeddable":true,"href":"https:\/\/hunter-optics.com\/de\/wp-json\/wp\/v2\/media\/1580"}],"wp:attachment":[{"href":"https:\/\/hunter-optics.com\/de\/wp-json\/wp\/v2\/media?parent=1578"}],"wp:term":[{"taxonomy":"brand","embeddable":true,"href":"https:\/\/hunter-optics.com\/de\/wp-json\/wp\/v2\/etheme_brands?post=1578"},{"taxonomy":"product_brand","embeddable":true,"href":"https:\/\/hunter-optics.com\/de\/wp-json\/wp\/v2\/product_brand?post=1578"},{"taxonomy":"product_cat","embeddable":true,"href":"https:\/\/hunter-optics.com\/de\/wp-json\/wp\/v2\/product_cat?post=1578"},{"taxonomy":"product_tag","embeddable":true,"href":"https:\/\/hunter-optics.com\/de\/wp-json\/wp\/v2\/product_tag?post=1578"}],"curies":[{"name":"wp","href":"https:\/\/api.w.org\/{rel}","templated":true}]}}