{"id":1567,"date":"2025-07-31T09:31:36","date_gmt":"2025-07-31T09:31:36","guid":{"rendered":"https:\/\/hunter-optics.com\/?post_type=product&#038;p=1567"},"modified":"2025-10-11T09:22:10","modified_gmt":"2025-10-11T09:22:10","slug":"swampfox-sentinel-ultra-compact-micro-rotpunktvisier","status":"publish","type":"product","link":"https:\/\/hunter-optics.com\/de\/produkt\/swampfox-sentinel-ultra-compact-micro-rotpunktvisier\/","title":{"rendered":"Swampfox Sentinel Ultra-Compact Micro Rotpunktvisier"},"content":{"rendered":"<div class=\"celwidget aplus-module basic-module-13-text aplus-standard\" data-csa-c-id=\"q2f2ji-tav081-x21ukz-rlru7n\" data-cel-widget=\"aplus-basic-module-13-text\">\n<div class=\"a-section a-spacing-none aplus-module aplus-module-13 aplus-module-wrapper apm-fixed-width\">\n<div class=\"a-section a-spacing-none aplus-13-heading\">\n<h3 class=\"a-size-extra-large aplus-13-heading-text a-text-bold\">IMMER BEREIT<\/h3>\n<\/div>\n<div class=\"a-section a-spacing-none aplus-module-section aplus-text-section\">\n<p class=\"description\">Sie haben die Arbeit getan. Du hast die Kurse besucht und die \u00dcbungen gemacht. Du schie\u00dft nicht nur regelm\u00e4\u00dfig, sondern trainierst hart, wenn du schie\u00dft. Du bist derjenige, den man um Hilfe bittet, wenn es darum geht, den Schuss-Timer einzustellen. Trockenschie\u00dfen ist deine Zen-Meditation, und das t\u00e4gliche Tragen ist Teil deines Lebensstils.<\/p>\n<p class=\"description\">Sie sind bereit, das Visiersystem Ihrer Waffe auf den neuesten Stand der Technik zu bringen. Das Swampfox Sentinel ist bereit f\u00fcr Sie.<\/p>\n<\/div>\n<\/div>\n<\/div>\n<div class=\"celwidget aplus-module module-2 aplus-standard\" data-csa-c-id=\"rbs0ir-u2z1il-h9xkf8-kkh1er\" data-cel-widget=\"aplus-module-2\">\n<div class=\"aplus-module-wrapper apm-floatnone apm-fixed-width\">\n<div class=\"apm-sidemodule apm-spacing\">\n<div class=\"apm-sidemodule-imageleft\"><img decoding=\"async\" class=\"\" src=\"https:\/\/m.media-amazon.com\/images\/S\/aplus-media\/sc\/54542c89-d99e-4679-8d80-9171c4237607.__CR234,0,1032,1032_PT0_SX300_V1___.jpg\" alt=\"Reale Welt\" data-src=\"https:\/\/m.media-amazon.com\/images\/S\/aplus-media\/sc\/54542c89-d99e-4679-8d80-9171c4237607.__CR234,0,1032,1032_PT0_SX300_V1___.jpg\" \/><\/div>\n<div class=\"apm-sidemodule-textright\">\n<h3 class=\"a-spacing-mini\">REALE WELT, REALER VORTEIL<\/h3>\n<p>Schlittenmontierte Rotpunktvisiere erobern die Welt der Strafverfolgung und des Wettkampfs im Sturm, und das aus gutem Grund. Die Vorteile des zielgerichteten Visierens, der schnelleren Visierverfolgung f\u00fcr schnellere Folgesch\u00fcsse und der h\u00f6heren Genauigkeit gelten f\u00fcr das verdeckte Tragen genauso wie f\u00fcr den Einsatz im Dienst oder im Wettkampf. Es ist ein echter Leistungsschub, bei Tag und bei Nacht.<\/p>\n<p>Zwei Sentinel-Modelle stehen bereit, um die Herausforderungen des t\u00e4glichen Tragens zu meistern. Sentinel-M ist die Version mit manuellem Druckknopf, und Sentinel-A bietet eine vollautomatische Helligkeitseinstellung.<\/p>\n<\/div>\n<\/div>\n<\/div>\n<div><\/div>\n<\/div>\n<div class=\"celwidget aplus-module module-3 aplus-standard\" data-csa-c-id=\"juuqzu-oium0l-b3uhn2-a41tru\" data-cel-widget=\"aplus-module-3\">\n<div class=\"aplus-module-wrapper apm-floatnone apm-fixed-width\">\n<div class=\"apm-sidemodule apm-spacing\">\n<div class=\"apm-sidemodule-imageright\"><img decoding=\"async\" class=\"a-spacing-mini\" src=\"https:\/\/m.media-amazon.com\/images\/S\/aplus-media\/sc\/438cbd30-e759-4f69-891f-3398f3839253.__CR250,0,1000,1000_PT0_SX300_V1___.jpg\" alt=\"Manuell Automatisch\" data-src=\"https:\/\/m.media-amazon.com\/images\/S\/aplus-media\/sc\/438cbd30-e759-4f69-891f-3398f3839253.__CR250,0,1000,1000_PT0_SX300_V1___.jpg\" \/><\/div>\n<div class=\"apm-sidemodule-textleft\">\n<h3 class=\"a-spacing-mini\">MANUELL VS. AUTOMATISCH, SIE HABEN DIE WAHL<\/h3>\n<p>Sentinel-M verf\u00fcgt \u00fcber zehn manuell einstellbare Helligkeitsstufen, die \u00fcber digitale Drucktasten aufgerufen werden. Die Shake \u2018N Wake-Beleuchtung mit Bewegungssensor schont die Batterie, wenn sich Sentinel-M etwa 4 Minuten lang nicht bewegt hat. Sobald sich der Sentinel-M wieder bewegt, nimmt er seine vorherige Helligkeitsstufe wieder auf. Sie k\u00f6nnen den Sentinel-M manuell ausschalten, indem Sie die Helligkeitstaste DOWN 3 Sekunden lang dr\u00fccken.<\/p>\n<p>Das Sentinel-A schl\u00e4ft wirklich nie. Ein lichtempfindlicher Sensor auf der linken Seite des Zielfernrohrs sorgt f\u00fcr einen hellen Punkt in Abh\u00e4ngigkeit vom Umgebungslicht, egal ob bei Tag oder Nacht. Es gibt keine manuellen Bedienelemente, kein Shake \u2018N Wake - keine M\u00f6glichkeit, Sentinel-A versehentlich auszuschalten, niemals. Legen Sie die CR2032-Batterie an der Unterseite des Sentinel-A ein, und Sie k\u00f6nnen zwei Jahre lang ohne Unterbrechung arbeiten - Sie m\u00fcssen sich um nichts k\u00fcmmern.<\/p>\n<\/div>\n<\/div>\n<\/div>\n<div><\/div>\n<\/div>\n<div class=\"celwidget aplus-module module-2 aplus-standard\" data-csa-c-id=\"8jjy7y-gvjmk6-bc20yy-ndkuda\" data-cel-widget=\"aplus-module-2\">\n<div class=\"aplus-module-wrapper apm-floatnone apm-fixed-width\">\n<div class=\"apm-sidemodule apm-spacing\">\n<div class=\"apm-sidemodule-imageleft\"><img decoding=\"async\" class=\"\" src=\"https:\/\/m.media-amazon.com\/images\/S\/aplus-media\/sc\/878d3c56-1005-4b10-9bf7-0ad2f063b772.__CR170,0,1174,1174_PT0_SX300_V1___.jpg\" alt=\"Lebensdauer der Batterie f\u00fcr hellere Punkte\" data-src=\"https:\/\/m.media-amazon.com\/images\/S\/aplus-media\/sc\/878d3c56-1005-4b10-9bf7-0ad2f063b772.__CR170,0,1174,1174_PT0_SX300_V1___.jpg\" \/><\/div>\n<div class=\"apm-sidemodule-textright\">\n<h3 class=\"a-spacing-mini\">HELLERER PUNKT, L\u00c4NGERE LEBENSDAUER DER BATTERIE<\/h3>\n<p>Wie Liberty und Justice verwendet auch das Sentinel einen hocheffizienten Emitter, der einen 3 MOA-Rotpunkt projiziert. Die h\u00f6chste Einstellung des Sentinel ist heller als jeder andere aktuelle Swampfox Rotpunkt.<\/p>\n<p>Es gibt keinen Platz f\u00fcr ein robustes und starkes Tablettsystem mit einer so kleinen Grundfl\u00e4che, so dass der Austausch der Sentinel-Batterie bedeutet, dass die Optik entfernt und der Nullpunkt m\u00f6glicherweise neu eingestellt werden muss.<\/p>\n<p>Die gute Nachricht ist, dass durch das Entfernen des Traysystems Platz f\u00fcr eine gr\u00f6\u00dfere CR2032-Batterie geschaffen wird, wodurch sich die Batterielebensdauer effektiv verdoppelt. Unabh\u00e4ngig davon, ob Sie sich f\u00fcr die Sentinel-M oder die Sentinel-A entscheiden, k\u00f6nnen Sie mit einer Batterielebensdauer von zwei Jahren rechnen, selbst wenn Sie Ihre Pistole den ganzen Tag tragen.<\/p>\n<\/div>\n<\/div>\n<\/div>\n<div><\/div>\n<\/div>\n<div class=\"celwidget aplus-module module-3 aplus-standard\" data-csa-c-id=\"v2vfqx-i05djb-tdj468-kg4alu\" data-cel-widget=\"aplus-module-3\">\n<div class=\"aplus-module-wrapper apm-floatnone apm-fixed-width\">\n<div class=\"apm-sidemodule apm-spacing\">\n<div class=\"apm-sidemodule-imageright\"><img decoding=\"async\" class=\"a-spacing-mini\" src=\"https:\/\/m.media-amazon.com\/images\/S\/aplus-media\/sc\/b1227ee4-3a1b-40cb-8099-1bd31acb5cc1.__CR200,0,800,800_PT0_SX300_V1___.jpg\" alt=\"Fusion von Metall und Glas\" data-src=\"https:\/\/m.media-amazon.com\/images\/S\/aplus-media\/sc\/b1227ee4-3a1b-40cb-8099-1bd31acb5cc1.__CR200,0,800,800_PT0_SX300_V1___.jpg\" \/><\/div>\n<div class=\"apm-sidemodule-textleft\">\n<h3 class=\"a-spacing-mini\">EINE VERSCHMELZUNG VON METALL UND GLAS<\/h3>\n<p>Andere Unternehmen stellen schlanke Pistolendots mit Kunststoffgeh\u00e4use und klaren Polymerlinsen her.<\/p>\n<p>Nein, danke. Das ist nicht unser Stil.<\/p>\n<p>Das Sentinel wird aus CNC-gefr\u00e4stem 7075-T6-Aluminium hergestellt, ist mattschwarz beschichtet und verf\u00fcgt \u00fcber ein mehrfach verg\u00fctetes Glas derselben hervorragenden Qualit\u00e4t, die auch in unseren Pr\u00e4zisionszielfernrohren f\u00fcr gro\u00dfe Entfernungen verwendet wird.<\/p>\n<\/div>\n<\/div>\n<\/div>\n<div><\/div>\n<\/div>\n<div class=\"celwidget aplus-module module-9 aplus-standard\" data-csa-c-id=\"am66hf-mzscfy-6gs7ni-jjckkm\" data-cel-widget=\"aplus-module-9\">\n<div class=\"aplus-module-wrapper apm-fixed-width apm-spacing\">\n<div class=\"apm-flex\">\n<div class=\"apm-flex-item-third-width\">\n<p class=\"apm-text-center\"><img decoding=\"async\" class=\"a-spacing-mini\" src=\"https:\/\/m.media-amazon.com\/images\/S\/aplus-media\/sc\/abf4e33f-69ca-4326-a4ec-cd868f4e2187.__CR250,0,1000,1000_PT0_SX300_V1___.jpg\" alt=\"Wozu passt das?\" data-src=\"https:\/\/m.media-amazon.com\/images\/S\/aplus-media\/sc\/abf4e33f-69ca-4326-a4ec-cd868f4e2187.__CR250,0,1000,1000_PT0_SX300_V1___.jpg\" \/><\/p>\n<h4 class=\"a-spacing-mini\">ABER WOZU PASST DAS?<\/h4>\n<p>Sentinel ist wirklich klein. Etwa ein Zoll hoch, ein Zoll breit und 1,6 Zoll lang. In dieses winzige Zielfernrohr ist ein 16 mm x 16 mm gro\u00dfes Fenster integriert, das gro\u00df genug f\u00fcr eine schnelle Erfassung und Zielverfolgung ist und klein genug, um die Verdeckbarkeit nicht zu beeintr\u00e4chtigen.<\/p>\n<p>Sentinel passt auf die Sig P365XL, Springfield Hellcat OSP, Canik Elite SC, S&amp;W Shield 2.0 Optics Ready, Walther PPS M2 Optics Ready- jeder Slimline-Schlitten mit einer RMSc-Footprint integriert, entweder Fabrik oder B\u00fcchsenmacher geschnitten.<\/p>\n<\/div>\n<div class=\"apm-flex-item-third-width\">\n<p class=\"apm-text-center\"><img decoding=\"async\" class=\"a-spacing-mini\" src=\"https:\/\/m.media-amazon.com\/images\/S\/aplus-media\/sc\/5d9c00ad-f104-478e-a883-e524d280610d.__CR250,0,1001,1001_PT0_SX300_V1___.jpg\" alt=\"Zuverl\u00e4ssig\" data-src=\"https:\/\/m.media-amazon.com\/images\/S\/aplus-media\/sc\/5d9c00ad-f104-478e-a883-e524d280610d.__CR250,0,1001,1001_PT0_SX300_V1___.jpg\" \/><\/p>\n<h4 class=\"a-spacing-mini\">\u00c4USSERST ZUVERL\u00c4SSIG<\/h4>\n<p>Eine verdeckt getragene Optik muss extrem zuverl\u00e4ssig sein, weil Sie buchst\u00e4blich Ihr Leben darauf verwetten, dass sie bereit ist, wenn sie gebraucht wird. Einige Pistolen, wie die P365XL nebenstehend gezeigt, haben keine M\u00f6glichkeit, Co-Witness Eisen Sehensw\u00fcrdigkeiten, sobald ein Punkt installiert ist. Wenn der Punkt ausf\u00e4llt, gibt es keine anderen Visiere.<\/p>\n<p>Die Sentinel ist wasserdicht, wenn sie mit der mitgelieferten flexiblen Dichtung, die zwischen Optik und Standfl\u00e4che passt, installiert wird. Sie ist bis zu unglaublichen 1500 G sto\u00dffest.<\/p>\n<\/div>\n<div class=\"apm-flex-item-third-width\">\n<p class=\"apm-text-center\"><img decoding=\"async\" class=\"a-spacing-mini\" src=\"https:\/\/m.media-amazon.com\/images\/S\/aplus-media\/sc\/dca4b11c-df34-47cf-9c1a-e8cd0ba7760b.__CR154,0,1193,1193_PT0_SX300_V1___.jpg\" alt=\"Schie\u00dfen Sie 50000 Runden\" data-src=\"https:\/\/m.media-amazon.com\/images\/S\/aplus-media\/sc\/dca4b11c-df34-47cf-9c1a-e8cd0ba7760b.__CR154,0,1193,1193_PT0_SX300_V1___.jpg\" \/><\/p>\n<h4 class=\"a-spacing-mini\">GEH UND SCHIESS 50.000 SCHUSS<\/h4>\n<p>Das Gl\u00fcck ist mit den Vorbereiteten, nicht wahr? Also gehen Sie da raus und trainieren Sie hart. Wenn die Anzahl der Runden steigt, wenn Sie die Pistolenholster abnutzen, wenn Sie R\u00fccksto\u00dffedern und Magazinfedern ersetzen, und ja, auch Batterien, wird Sentinel nicht aufgeben, und wir auch nicht.<\/p>\n<p>Sollte die Sentinel nach 50.000 Schuss im Einsatz nicht mehr funktionieren, wird sie von Swampfox umgehend repariert oder ersetzt. Das ist unser Kodex. Das ist unser Wort.<\/p>\n<\/div>\n<\/div>\n<\/div>\n<div><\/div>\n<\/div>\n<div class=\"celwidget aplus-module module-16-tech-specs aplus-standard\" data-csa-c-id=\"lx1z06-7ouehe-wicqj9-b3948p\" data-cel-widget=\"aplus-module-16-tech-specs\">\n<div class=\"a-section a-spacing-large aplus-module-wrapper apm-fixed-width aplus-index-6\">\n<h3 class=\"a-size-extra-large a-spacing-base a-text-center\">Spezifikationen<\/h3>\n<div class=\"a-row\">\n<div class=\"a-column a-span12 aplus-tech-spec-hide-loading\">\n<table class=\"a-bordered a-horizontal-stripes aplus-tech-spec-table\">\n<tbody>\n<tr>\n<td class=\"a-text-bold\">MOA-Einstellung<\/td>\n<td>W\u00e4hlen Sie<\/td>\n<\/tr>\n<tr>\n<td class=\"a-text-bold\">Dot Gr\u00f6\u00dfe<\/td>\n<td>3 MOA<\/td>\n<\/tr>\n<tr>\n<td class=\"a-text-bold\">Vergr\u00f6\u00dferung\/Linsendurchmesser<\/td>\n<td>1x; 16mm<\/td>\n<\/tr>\n<tr>\n<td class=\"a-text-bold\">Beleuchtungspositionen<\/td>\n<td>Sentinel-M: 10; Sentinel-A: Kontinuierliche Anpassung<\/td>\n<\/tr>\n<tr>\n<td class=\"a-text-bold\">Einstellung der Helligkeit<\/td>\n<td>Sentinel-M: Digitale Presse auf\/ab; Sentinel-A: Lichtempfindlicher Sensor<\/td>\n<\/tr>\n<tr>\n<td class=\"a-text-bold\">Sto\u00dffeste G-Kr\u00e4fte<\/td>\n<td>1500Gs<\/td>\n<\/tr>\n<tr>\n<td class=\"a-text-bold\">Wasserdicht<\/td>\n<td>1 Meter\/ IPX7<\/td>\n<\/tr>\n<tr>\n<td class=\"a-text-bold\">Batterie<\/td>\n<td>Batterietyp: CR 2032; Maximale Batterielebensdauer: Ca. 2 Jahre in der realen Welt<\/td>\n<\/tr>\n<tr>\n<td class=\"a-text-bold\">Abmessungen<\/td>\n<td>L\u00e4nge: 1,61\u2033; Breite: 0,91\u2033; H\u00f6he: 0,94\u2033.<\/td>\n<\/tr>\n<tr>\n<td class=\"a-text-bold\">Gewicht<\/td>\n<td>0,62 Unzen<\/td>\n<\/tr>\n<tr>\n<td class=\"a-text-bold\">Objektiv<\/td>\n<td>Multi-Coated Ruby Red; Spezialbeschichtungen: Anti-Beschlag, hydrophob, kratzfest<\/td>\n<\/tr>\n<tr>\n<td class=\"a-text-bold\">Parallaxe<\/td>\n<td>Parallaxe frei @100 Yards<\/td>\n<\/tr>\n<tr>\n<td class=\"a-text-bold\">Augenentlastung<\/td>\n<td>Unbegrenzt<\/td>\n<\/tr>\n<tr>\n<td class=\"a-text-bold\">Typ montieren<\/td>\n<td>RMSc-Fu\u00dfabdruck<\/td>\n<\/tr>\n<tr>\n<td class=\"a-text-bold\">Fahrgestell<\/td>\n<td>7075 Aluminium in Flugzeugqualit\u00e4t<\/td>\n<\/tr>\n<tr>\n<td class=\"a-text-bold\">Windrichtung\/Erhebung<\/td>\n<td>Windrichtung\/Erh\u00f6hung Bewegungsbereich (MOA): +\/- 35 MOA\/ Insgesamt 70 MOA Reichweite<\/td>\n<\/tr>\n<\/tbody>\n<\/table>\n<\/div>\n<\/div>\n<\/div>\n<\/div>","protected":false},"excerpt":{"rendered":"<p>IMMER BEREIT Sie haben die Arbeit getan. Du hast die Kurse besucht und die \u00dcbungen gemacht. Sie schie\u00dfen nicht nur regelm\u00e4\u00dfig, Sie trainieren hart, wenn<\/p>","protected":false},"featured_media":1568,"comment_status":"open","ping_status":"closed","template":"","meta":[],"etheme_brands":[{"term_id":53,"name":"Swampfox","slug":"swampfox","term_group":0,"term_taxonomy_id":53,"taxonomy":"brand","description":"","parent":0,"count":1,"filter":"raw"}],"product_brand":[],"product_cat":[50],"product_tag":[],"class_list":{"0":"post-1567","1":"product","2":"type-product","3":"status-publish","4":"has-post-thumbnail","6":"brand-swampfox","7":"product_cat-red-dot-sights","9":"first","10":"instock","11":"sale","12":"taxable","13":"shipping-taxable","14":"purchasable","15":"product-type-simple"},"yoast_head":"<!-- This site is optimized with the Yoast SEO Premium plugin v25.7.1 (Yoast SEO v27.4) - https:\/\/yoast.com\/product\/yoast-seo-premium-wordpress\/ -->\n<title>Swampfox Sentinel Ultra-Compact Micro Red Dot Sight - Hunter Optics<\/title>\n<meta name=\"robots\" content=\"index, follow, max-snippet:-1, max-image-preview:large, max-video-preview:-1\" \/>\n<link rel=\"canonical\" href=\"https:\/\/hunter-optics.com\/de\/produkt\/swampfox-sentinel-ultra-compact-micro-rotpunktvisier\/\" \/>\n<meta property=\"og:locale\" content=\"de_DE\" \/>\n<meta property=\"og:type\" content=\"article\" \/>\n<meta property=\"og:title\" content=\"Swampfox Sentinel Ultra-Compact Micro Red Dot Sight\" \/>\n<meta property=\"og:description\" content=\"ALWAYS READY\u200b You\u2019ve done the work. You\u2019ve taken the classes and run the drills. You don\u2019t just shoot on the regular, you train hard when\" \/>\n<meta property=\"og:url\" content=\"https:\/\/hunter-optics.com\/de\/produkt\/swampfox-sentinel-ultra-compact-micro-rotpunktvisier\/\" \/>\n<meta property=\"og:site_name\" content=\"Hunter Optics\" \/>\n<meta property=\"article:modified_time\" content=\"2025-10-11T09:22:10+00:00\" \/>\n<meta property=\"og:image\" content=\"https:\/\/hunter-optics.com\/wp-content\/uploads\/2025\/07\/Swampfox-Sentinel-Ultra-Compact-Micro-Red-Dot-Sight.jpg\" \/>\n\t<meta property=\"og:image:width\" content=\"876\" \/>\n\t<meta property=\"og:image:height\" content=\"876\" \/>\n\t<meta property=\"og:image:type\" content=\"image\/jpeg\" \/>\n<meta name=\"twitter:card\" content=\"summary_large_image\" \/>\n<meta name=\"twitter:label1\" content=\"Preis\" \/>\n\t<meta name=\"twitter:data1\" content=\"&#036;119.99\" \/>\n\t<meta name=\"twitter:label2\" content=\"Verf\u00fcgbarkeit\" \/>\n\t<meta name=\"twitter:data2\" content=\"Auf Lager\" \/>\n<script type=\"application\/ld+json\" class=\"yoast-schema-graph\">{\"@context\":\"https:\\\/\\\/schema.org\",\"@graph\":[{\"@type\":\"WebPage\",\"@id\":\"https:\\\/\\\/hunter-optics.com\\\/product\\\/swampfox-sentinel-ultra-compact-micro-red-dot-sight\\\/\",\"url\":\"https:\\\/\\\/hunter-optics.com\\\/product\\\/swampfox-sentinel-ultra-compact-micro-red-dot-sight\\\/\",\"name\":\"Swampfox Sentinel Ultra-Compact Micro Red Dot Sight - Hunter Optics\",\"isPartOf\":{\"@id\":\"https:\\\/\\\/hunter-optics.com\\\/#website\"},\"primaryImageOfPage\":{\"@id\":\"https:\\\/\\\/hunter-optics.com\\\/product\\\/swampfox-sentinel-ultra-compact-micro-red-dot-sight\\\/#primaryimage\"},\"image\":{\"@id\":\"https:\\\/\\\/hunter-optics.com\\\/product\\\/swampfox-sentinel-ultra-compact-micro-red-dot-sight\\\/#primaryimage\"},\"thumbnailUrl\":\"https:\\\/\\\/hunter-optics.com\\\/wp-content\\\/uploads\\\/2025\\\/07\\\/Swampfox-Sentinel-Ultra-Compact-Micro-Red-Dot-Sight.jpg\",\"datePublished\":\"2025-07-31T09:31:36+00:00\",\"dateModified\":\"2025-10-11T09:22:10+00:00\",\"breadcrumb\":{\"@id\":\"https:\\\/\\\/hunter-optics.com\\\/product\\\/swampfox-sentinel-ultra-compact-micro-red-dot-sight\\\/#breadcrumb\"},\"inLanguage\":\"de\",\"potentialAction\":[{\"@type\":\"ReadAction\",\"target\":[\"https:\\\/\\\/hunter-optics.com\\\/product\\\/swampfox-sentinel-ultra-compact-micro-red-dot-sight\\\/\"]}]},{\"@type\":\"ImageObject\",\"inLanguage\":\"de\",\"@id\":\"https:\\\/\\\/hunter-optics.com\\\/product\\\/swampfox-sentinel-ultra-compact-micro-red-dot-sight\\\/#primaryimage\",\"url\":\"https:\\\/\\\/hunter-optics.com\\\/wp-content\\\/uploads\\\/2025\\\/07\\\/Swampfox-Sentinel-Ultra-Compact-Micro-Red-Dot-Sight.jpg\",\"contentUrl\":\"https:\\\/\\\/hunter-optics.com\\\/wp-content\\\/uploads\\\/2025\\\/07\\\/Swampfox-Sentinel-Ultra-Compact-Micro-Red-Dot-Sight.jpg\",\"width\":876,\"height\":876},{\"@type\":\"BreadcrumbList\",\"@id\":\"https:\\\/\\\/hunter-optics.com\\\/product\\\/swampfox-sentinel-ultra-compact-micro-red-dot-sight\\\/#breadcrumb\",\"itemListElement\":[{\"@type\":\"ListItem\",\"position\":1,\"name\":\"Home\",\"item\":\"https:\\\/\\\/hunter-optics.com\\\/\"},{\"@type\":\"ListItem\",\"position\":2,\"name\":\"Products\",\"item\":\"https:\\\/\\\/hunter-optics.com\\\/shop\\\/\"},{\"@type\":\"ListItem\",\"position\":3,\"name\":\"Swampfox Sentinel Ultra-Compact Micro Red Dot Sight\"}]},{\"@type\":\"WebSite\",\"@id\":\"https:\\\/\\\/hunter-optics.com\\\/#website\",\"url\":\"https:\\\/\\\/hunter-optics.com\\\/\",\"name\":\"Hunter Optics\",\"description\":\"Hunter Optics \u2014 Your Eye on the Target.\",\"publisher\":{\"@id\":\"https:\\\/\\\/hunter-optics.com\\\/#organization\"},\"potentialAction\":[{\"@type\":\"SearchAction\",\"target\":{\"@type\":\"EntryPoint\",\"urlTemplate\":\"https:\\\/\\\/hunter-optics.com\\\/?s={search_term_string}\"},\"query-input\":{\"@type\":\"PropertyValueSpecification\",\"valueRequired\":true,\"valueName\":\"search_term_string\"}}],\"inLanguage\":\"de\"},{\"@type\":\"Organization\",\"@id\":\"https:\\\/\\\/hunter-optics.com\\\/#organization\",\"name\":\"Hunter Optics\",\"url\":\"https:\\\/\\\/hunter-optics.com\\\/\",\"logo\":{\"@type\":\"ImageObject\",\"inLanguage\":\"de\",\"@id\":\"https:\\\/\\\/hunter-optics.com\\\/#\\\/schema\\\/logo\\\/image\\\/\",\"url\":\"https:\\\/\\\/hunter-optics.com\\\/wp-content\\\/uploads\\\/2025\\\/06\\\/hunter-optics-logo-1.png\",\"contentUrl\":\"https:\\\/\\\/hunter-optics.com\\\/wp-content\\\/uploads\\\/2025\\\/06\\\/hunter-optics-logo-1.png\",\"width\":937,\"height\":373,\"caption\":\"Hunter Optics\"},\"image\":{\"@id\":\"https:\\\/\\\/hunter-optics.com\\\/#\\\/schema\\\/logo\\\/image\\\/\"}}]}<\/script>\n<meta property=\"product:brand\" content=\"Swampfox\" \/>\n<meta property=\"product:price:amount\" content=\"119.99\" \/>\n<meta property=\"product:price:currency\" content=\"USD\" \/>\n<meta property=\"og:availability\" content=\"instock\" \/>\n<meta property=\"product:availability\" content=\"instock\" \/>\n<meta property=\"product:condition\" content=\"new\" \/>\n<!-- \/ Yoast SEO Premium plugin. -->","yoast_head_json":{"title":"Swampfox Sentinel Ultra-Compact Micro Rotpunktvisier - Hunter Optics","robots":{"index":"index","follow":"follow","max-snippet":"max-snippet:-1","max-image-preview":"max-image-preview:large","max-video-preview":"max-video-preview:-1"},"canonical":"https:\/\/hunter-optics.com\/de\/produkt\/swampfox-sentinel-ultra-compact-micro-rotpunktvisier\/","og_locale":"de_DE","og_type":"article","og_title":"Swampfox Sentinel Ultra-Compact Micro Red Dot Sight","og_description":"ALWAYS READY\u200b You\u2019ve done the work. You\u2019ve taken the classes and run the drills. You don\u2019t just shoot on the regular, you train hard when","og_url":"https:\/\/hunter-optics.com\/de\/produkt\/swampfox-sentinel-ultra-compact-micro-rotpunktvisier\/","og_site_name":"Hunter Optics","article_modified_time":"2025-10-11T09:22:10+00:00","og_image":[{"width":876,"height":876,"url":"https:\/\/hunter-optics.com\/wp-content\/uploads\/2025\/07\/Swampfox-Sentinel-Ultra-Compact-Micro-Red-Dot-Sight.jpg","type":"image\/jpeg"}],"twitter_card":"summary_large_image","twitter_misc":{"Preis":"&#36;119.99","Verf\u00fcgbarkeit":"Auf Lager"},"schema":{"@context":"https:\/\/schema.org","@graph":[{"@type":"WebPage","@id":"https:\/\/hunter-optics.com\/product\/swampfox-sentinel-ultra-compact-micro-red-dot-sight\/","url":"https:\/\/hunter-optics.com\/product\/swampfox-sentinel-ultra-compact-micro-red-dot-sight\/","name":"Swampfox Sentinel Ultra-Compact Micro Rotpunktvisier - Hunter Optics","isPartOf":{"@id":"https:\/\/hunter-optics.com\/#website"},"primaryImageOfPage":{"@id":"https:\/\/hunter-optics.com\/product\/swampfox-sentinel-ultra-compact-micro-red-dot-sight\/#primaryimage"},"image":{"@id":"https:\/\/hunter-optics.com\/product\/swampfox-sentinel-ultra-compact-micro-red-dot-sight\/#primaryimage"},"thumbnailUrl":"https:\/\/hunter-optics.com\/wp-content\/uploads\/2025\/07\/Swampfox-Sentinel-Ultra-Compact-Micro-Red-Dot-Sight.jpg","datePublished":"2025-07-31T09:31:36+00:00","dateModified":"2025-10-11T09:22:10+00:00","breadcrumb":{"@id":"https:\/\/hunter-optics.com\/product\/swampfox-sentinel-ultra-compact-micro-red-dot-sight\/#breadcrumb"},"inLanguage":"de","potentialAction":[{"@type":"ReadAction","target":["https:\/\/hunter-optics.com\/product\/swampfox-sentinel-ultra-compact-micro-red-dot-sight\/"]}]},{"@type":"ImageObject","inLanguage":"de","@id":"https:\/\/hunter-optics.com\/product\/swampfox-sentinel-ultra-compact-micro-red-dot-sight\/#primaryimage","url":"https:\/\/hunter-optics.com\/wp-content\/uploads\/2025\/07\/Swampfox-Sentinel-Ultra-Compact-Micro-Red-Dot-Sight.jpg","contentUrl":"https:\/\/hunter-optics.com\/wp-content\/uploads\/2025\/07\/Swampfox-Sentinel-Ultra-Compact-Micro-Red-Dot-Sight.jpg","width":876,"height":876},{"@type":"BreadcrumbList","@id":"https:\/\/hunter-optics.com\/product\/swampfox-sentinel-ultra-compact-micro-red-dot-sight\/#breadcrumb","itemListElement":[{"@type":"ListItem","position":1,"name":"Home","item":"https:\/\/hunter-optics.com\/"},{"@type":"ListItem","position":2,"name":"Products","item":"https:\/\/hunter-optics.com\/shop\/"},{"@type":"ListItem","position":3,"name":"Swampfox Sentinel Ultra-Compact Micro Red Dot Sight"}]},{"@type":"WebSite","@id":"https:\/\/hunter-optics.com\/#website","url":"https:\/\/hunter-optics.com\/","name":"J\u00e4ger-Optik","description":"Hunter Optics - Ihr Auge auf dem Ziel.","publisher":{"@id":"https:\/\/hunter-optics.com\/#organization"},"potentialAction":[{"@type":"SearchAction","target":{"@type":"EntryPoint","urlTemplate":"https:\/\/hunter-optics.com\/?s={search_term_string}"},"query-input":{"@type":"PropertyValueSpecification","valueRequired":true,"valueName":"search_term_string"}}],"inLanguage":"de"},{"@type":"Organization","@id":"https:\/\/hunter-optics.com\/#organization","name":"J\u00e4ger-Optik","url":"https:\/\/hunter-optics.com\/","logo":{"@type":"ImageObject","inLanguage":"de","@id":"https:\/\/hunter-optics.com\/#\/schema\/logo\/image\/","url":"https:\/\/hunter-optics.com\/wp-content\/uploads\/2025\/06\/hunter-optics-logo-1.png","contentUrl":"https:\/\/hunter-optics.com\/wp-content\/uploads\/2025\/06\/hunter-optics-logo-1.png","width":937,"height":373,"caption":"Hunter Optics"},"image":{"@id":"https:\/\/hunter-optics.com\/#\/schema\/logo\/image\/"}}]},"product_brand":"Swampfox","product_price_amount":"119.99","product_price_currency":"USD","og_availability":"instock","product_availability":"instock","product_condition":"new"},"_links":{"self":[{"href":"https:\/\/hunter-optics.com\/de\/wp-json\/wp\/v2\/product\/1567","targetHints":{"allow":["GET"]}}],"collection":[{"href":"https:\/\/hunter-optics.com\/de\/wp-json\/wp\/v2\/product"}],"about":[{"href":"https:\/\/hunter-optics.com\/de\/wp-json\/wp\/v2\/types\/product"}],"replies":[{"embeddable":true,"href":"https:\/\/hunter-optics.com\/de\/wp-json\/wp\/v2\/comments?post=1567"}],"version-history":[{"count":1,"href":"https:\/\/hunter-optics.com\/de\/wp-json\/wp\/v2\/product\/1567\/revisions"}],"predecessor-version":[{"id":1569,"href":"https:\/\/hunter-optics.com\/de\/wp-json\/wp\/v2\/product\/1567\/revisions\/1569"}],"wp:featuredmedia":[{"embeddable":true,"href":"https:\/\/hunter-optics.com\/de\/wp-json\/wp\/v2\/media\/1568"}],"wp:attachment":[{"href":"https:\/\/hunter-optics.com\/de\/wp-json\/wp\/v2\/media?parent=1567"}],"wp:term":[{"taxonomy":"brand","embeddable":true,"href":"https:\/\/hunter-optics.com\/de\/wp-json\/wp\/v2\/etheme_brands?post=1567"},{"taxonomy":"product_brand","embeddable":true,"href":"https:\/\/hunter-optics.com\/de\/wp-json\/wp\/v2\/product_brand?post=1567"},{"taxonomy":"product_cat","embeddable":true,"href":"https:\/\/hunter-optics.com\/de\/wp-json\/wp\/v2\/product_cat?post=1567"},{"taxonomy":"product_tag","embeddable":true,"href":"https:\/\/hunter-optics.com\/de\/wp-json\/wp\/v2\/product_tag?post=1567"}],"curies":[{"name":"wp","href":"https:\/\/api.w.org\/{rel}","templated":true}]}}