{"id":1546,"date":"2025-07-31T08:44:18","date_gmt":"2025-07-31T08:44:18","guid":{"rendered":"https:\/\/hunter-optics.com\/?post_type=product&#038;p=1546"},"modified":"2025-11-06T06:29:16","modified_gmt":"2025-11-06T06:29:16","slug":"riton-1-tactix-eed-rotpunktvisier","status":"publish","type":"product","link":"https:\/\/hunter-optics.com\/de\/produkt\/riton-1-tactix-eed-rotpunktvisier\/","title":{"rendered":"Riton 1 TACTIX EED Rotpunktvisier"},"content":{"rendered":"<div id=\"brxe-uenhta\" class=\"brxe-text prod-video__txt\">\n<p><strong>F\u00dcR GENAUIGKEIT GEMACHT<\/strong><\/p>\n<p>Ritons 1 Tactix wurde nicht nur als robustes, sondern auch als extrem pr\u00e4zises Zielger\u00e4t entwickelt. Das EED erzeugt einen 2 MOA Punkt mit insgesamt 90 MOA Verstellbereich. Dieser Verstellbereich und die Punktgr\u00f6\u00dfe erm\u00f6glichen es Ihnen, mit pr\u00e4ziser Genauigkeit auf das Ziel zu zielen - perfekt f\u00fcr den Spa\u00df am Schie\u00dfstand, f\u00fcr Wettk\u00e4mpfe und f\u00fcr das t\u00e4gliche Tragen.<\/p>\n<div id=\"brxe-pogdbu\" class=\"brxe-container prod-colmns\">\n<div id=\"brxe-ywglqp\" class=\"brxe-text prod-column__txt\">\n<p><strong>SCHNELLER SCHIESSEN MIT WACHEM SCH\u00dcTTELN<\/strong><\/p>\n<p>Die 1 Tactix EED verf\u00fcgt \u00fcber eine Shake-Awake-Technologie, mit der Sie Ihr Ziel ganz einfach anvisieren k\u00f6nnen - ganz ohne Kn\u00f6pfe und Hektik. Diese Funktion sorgt auch daf\u00fcr, dass der Akku effizient genutzt wird, da sich die Optik nach etwa drei Minuten Inaktivit\u00e4t automatisch abschaltet.<\/p>\n<p><strong>SCHWACHLICHTANWENDUNGEN<\/strong><\/p>\n<p>In Szenarien, die Nachtsicht erfordern, ist das 1 Tactix EED die erste Wahl. Die Helligkeitsstufen 1 und 2 der insgesamt 10 Beleuchtungsstufen sind mit Nachtsichtger\u00e4ten kompatibel. Wenn es dunkel wird, bleibt Ihr Ziel im Visier und Sie behalten das Wichtigste im Auge: Ihr Ziel.<\/p>\n<p><strong>BEHALTEN SIE IHRE NULL<\/strong><\/p>\n<p>Viele Leuchtpunktvisiere haben ein Batteriegeh\u00e4use unter dem Emitter, nicht so das 1 Tactix EED. Mit einem Batteriefach an der Seite des Dots k\u00f6nnen Sie Ihr EED direkt an Ihrer Waffe befestigen, wenn Sie eine Batterie austauschen m\u00fcssen. So k\u00f6nnen Sie Ihren Nullpunkt beibehalten, ohne dass Sie Ihre Optik nach einem Batteriewechsel neu ausrichten m\u00fcssen.<\/p>\n<div id=\"brxe-pzrzqi\" class=\"brxe-block prod-ret-info\">\n<h3 id=\"brxe-ztlivr\" class=\"brxe-heading prod-tabs__title\">Absehen Informationen:<\/h3>\n<p id=\"brxe-grjall\" class=\"brxe-text-basic prod-reticle-name\">RETIKEL: 2 MOA-Punkt<\/p>\n<div id=\"brxe-rkyybx\" class=\"brxe-text-basic prod-ret__txt\">\n<p>A <strong>2 MOA-Punkt<\/strong> bietet pr\u00e4zises Zielen auf unterschiedliche Entfernungen, reduziert die Zielabdeckung und verbessert die Genauigkeit.<\/p>\n<div id=\"brxe-abuzoo\" class=\"brxe-block x-tabs_panel x-tabs_panel-current\" tabindex=\"0\" role=\"tabpanel\" aria-labelledby=\"brxe-amrphz\">\n<div id=\"brxe-ohplhw\" class=\"brxe-block x-tabs_panel-content\">\n<h3 id=\"brxe-qcmket\" class=\"brxe-heading prod-tabs__title\">Wesentliche Merkmale:<\/h3>\n<div id=\"brxe-pnyzeh\" class=\"brxe-block prod-tab-feature\">\n<div class=\"brxe-xfsvub brxe-block prod-tab-key-loop\">\n<p><img loading=\"lazy\" decoding=\"async\" class=\"brxe-rtihxw brxe-image prod-feature__icon css-filter size-full\" src=\"https:\/\/ritonoptics.com\/wp-content\/uploads\/precision-quality-1.png\" alt=\"\" width=\"72\" height=\"74\" \/><\/p>\n<div class=\"brxe-anynyj brxe-div\">\n<p class=\"brxe-abizyp brxe-text-basic prod-feature__title\">Pr\u00e4zisions-Qualit\u00e4tssicherung<\/p>\n<p class=\"brxe-lprtvs brxe-text-basic prod-feature__txt\">Jedes Riton-Produkt durchl\u00e4uft einen strengen Qualit\u00e4tskontrollprozess durch zertifizierte Techniker in Tucson, AZ. Jedes Produkt, das Sie erhalten, wurde einer...<\/p>\n<\/div>\n<\/div>\n<div class=\"brxe-xfsvub brxe-block prod-tab-key-loop\">\n<p><img loading=\"lazy\" decoding=\"async\" class=\"brxe-rtihxw brxe-image prod-feature__icon css-filter size-full\" src=\"https:\/\/ritonoptics.com\/wp-content\/uploads\/hd-glass-1.png\" alt=\"\" width=\"72\" height=\"74\" \/><\/p>\n<div class=\"brxe-anynyj brxe-div\">\n<p class=\"brxe-abizyp brxe-text-basic prod-feature__title\">Riton HD Glas<\/p>\n<p class=\"brxe-lprtvs brxe-text-basic prod-feature__txt\">Das Riton High Density (HD)-Glas bietet 99,5% Lichtdurchl\u00e4ssigkeit f\u00fcr verbesserte Klarheit und ein optimales Sichtbild.<\/p>\n<\/div>\n<\/div>\n<div class=\"brxe-xfsvub brxe-block prod-tab-key-loop\">\n<p><img loading=\"lazy\" decoding=\"async\" class=\"brxe-rtihxw brxe-image prod-feature__icon css-filter size-full\" src=\"https:\/\/ritonoptics.com\/wp-content\/uploads\/performance-coating-1.png\" alt=\"\" width=\"72\" height=\"74\" \/><\/p>\n<div class=\"brxe-anynyj brxe-div\">\n<p class=\"brxe-abizyp brxe-text-basic prod-feature__title\">Riton Performance-Beschichtung<\/p>\n<p class=\"brxe-lprtvs brxe-text-basic prod-feature__txt\">Alle Riton-Optiken sind mit propriet\u00e4ren, mehrfach beschichteten Linsen ausgestattet, die eine Verbesserung der Lichtverh\u00e4ltnisse, eine Breitband-, Anti-Kratz- und Anti-Reflex-Beschichtung f\u00fcr...<\/p>\n<\/div>\n<\/div>\n<div class=\"brxe-xfsvub brxe-block prod-tab-key-loop\">\n<p><img loading=\"lazy\" decoding=\"async\" class=\"brxe-rtihxw brxe-image prod-feature__icon css-filter size-full\" src=\"https:\/\/ritonoptics.com\/wp-content\/uploads\/rugged-construction-1.png\" alt=\"\" width=\"72\" height=\"74\" \/><\/p>\n<div class=\"brxe-anynyj brxe-div\">\n<p class=\"brxe-abizyp brxe-text-basic prod-feature__title\">Riton Robuste Konstruktion<\/p>\n<p class=\"brxe-lprtvs brxe-text-basic prod-feature__txt\">Die robuste Konstruktion von Riton umfasst die Verwendung von 6061-T6-Aluminium in Flugzeugqualit\u00e4t, CNC-gefr\u00e4ste Rohre aus einem St\u00fcck und Typ III Hartanodisierung....<\/p>\n<div id=\"brxe-gtdyre\" class=\"brxe-block x-tabs_panel x-tabs_panel-current\" tabindex=\"0\" role=\"tabpanel\" aria-labelledby=\"brxe-yxbhdb\">\n<div id=\"brxe-eknisj\" class=\"brxe-block x-tabs_panel-content\">\n<h3 id=\"brxe-qzyxzy\" class=\"brxe-heading prod-tabs__title\">Vollst\u00e4ndige Specs:<\/h3>\n<div class=\"brxe-zlpnap brxe-block prod-tab-spec-loop\">\n<p class=\"brxe-ibnnrs brxe-text-basic tab-spec__value\">Vergr\u00f6\u00dferung:1<\/p>\n<\/div>\n<div class=\"brxe-zlpnap brxe-block prod-tab-spec-loop\">\n<p class=\"brxe-ibnnrs brxe-text-basic tab-spec__value\">Objektivdurchmesser: 21,8 mm x 15,8 mm<\/p>\n<\/div>\n<div class=\"brxe-zlpnap brxe-block prod-tab-spec-loop\">\n<p class=\"brxe-ibnnrs brxe-text-basic tab-spec__value\">Brennebene:Zweite Brennebene<\/p>\n<\/div>\n<div class=\"brxe-zlpnap brxe-block prod-tab-spec-loop\">\n<p class=\"brxe-ibnnrs brxe-text-basic tab-spec__value\">Augenabstand:Unbegrenzt<\/p>\n<\/div>\n<div class=\"brxe-zlpnap brxe-block prod-tab-spec-loop\">\n<p class=\"brxe-ibnnrs brxe-text-basic tab-spec__value\">Klickwert:1 MOA<\/p>\n<\/div>\n<div class=\"brxe-zlpnap brxe-block prod-tab-spec-loop\">\n<p class=\"brxe-ibnnrs brxe-text-basic tab-spec__value\">Absehen:2 MOA Dot<\/p>\n<\/div>\n<div class=\"brxe-zlpnap brxe-block prod-tab-spec-loop\">\n<p class=\"brxe-ibnnrs brxe-text-basic tab-spec__value\">Verstellbereich:+\/- 45 MOA<\/p>\n<\/div>\n<div class=\"brxe-zlpnap brxe-block prod-tab-spec-loop\">\n<p class=\"brxe-ibnnrs brxe-text-basic tab-spec__value\">H\u00f6he:1.06in\/27mm<\/p>\n<\/div>\n<div class=\"brxe-zlpnap brxe-block prod-tab-spec-loop\">\n<p class=\"brxe-ibnnrs brxe-text-basic tab-spec__value\">L\u00e4nge:1.73in\/44mm<\/p>\n<\/div>\n<div class=\"brxe-zlpnap brxe-block prod-tab-spec-loop\">\n<p class=\"brxe-ibnnrs brxe-text-basic tab-spec__value\">Breite:1.06in\/27mm<\/p>\n<\/div>\n<div class=\"brxe-zlpnap brxe-block prod-tab-spec-loop\">\n<p class=\"brxe-ibnnrs brxe-text-basic tab-spec__value\">Gewicht:1.32oz\/37.5g<\/p>\n<\/div>\n<div class=\"brxe-zlpnap brxe-block prod-tab-spec-loop\">\n<p class=\"brxe-ibnnrs brxe-text-basic tab-spec__value\">Werkstoff:6061-T6<\/p>\n<\/div>\n<div class=\"brxe-zlpnap brxe-block prod-tab-spec-loop\">\n<p class=\"brxe-ibnnrs brxe-text-basic tab-spec__value\">Fu\u00dfabdruck:ACRO<\/p>\n<\/div>\n<div class=\"brxe-zlpnap brxe-block prod-tab-spec-loop\">\n<p class=\"brxe-ibnnrs brxe-text-basic tab-spec__value\">Lebensdauer der Batterie:30.000 Stunden<\/p>\n<\/div>\n<div class=\"brxe-zlpnap brxe-block prod-tab-spec-loop\">\n<p class=\"brxe-ibnnrs brxe-text-basic tab-spec__value\">Mitgeliefertes Zubeh\u00f6r: Inbusschl\u00fcssel, 1632 Batterie, Red Dot Tool, Objektivtuch<\/p>\n<\/div>\n<\/div>\n<\/div>\n<\/div>\n<\/div>\n<\/div>\n<\/div>\n<\/div>\n<\/div>\n<\/div>\n<\/div>\n<\/div>\n<\/div>","protected":false},"excerpt":{"rendered":"<p><strong>BEHERRSCHUNG DER PR\u00c4ZISION, DER ELEMENTE UND ALLEM, WAS DAZWISCHEN LIEGT<\/strong><\/p>\n<p>Die <strong>1 Tactix EED<\/strong> (enclosed emitter dot) ist der ultimative geschlossene rote Punkt, der f\u00fcr Pr\u00e4zision entwickelt wurde. Hergestellt, um Sch\u00fcsse auf das Ziel zu setzen, wo und wann Sie wollen. Dies ist der rote Punkt, der f\u00fcr alles bereit ist, was Sie auf ihn werfen k\u00f6nnen.<\/p>","protected":false},"featured_media":1547,"comment_status":"open","ping_status":"closed","template":"","meta":[],"etheme_brands":[{"term_id":44,"name":"Riton","slug":"riton","term_group":0,"term_taxonomy_id":44,"taxonomy":"brand","description":"","parent":0,"count":18,"filter":"raw"}],"product_brand":[],"product_cat":[50],"product_tag":[],"class_list":{"0":"post-1546","1":"product","2":"type-product","3":"status-publish","4":"has-post-thumbnail","6":"brand-riton","7":"product_cat-red-dot-sights","9":"first","10":"instock","11":"sale","12":"taxable","13":"shipping-taxable","14":"purchasable","15":"product-type-simple"},"yoast_head":"<!-- This site is optimized with the Yoast SEO Premium plugin v25.7.1 (Yoast SEO v27.4) - https:\/\/yoast.com\/product\/yoast-seo-premium-wordpress\/ -->\n<title>Riton 1 TACTIX EED Red Dot Sight - Hunter Optics<\/title>\n<meta name=\"description\" content=\"Riton 1 Tactix EED red dot sight features an illuminated reticle, aircraft-grade aluminum construction &amp; HD glass clarity. Ideal for fast target acquisition. Shop now.\" \/>\n<meta name=\"robots\" content=\"index, follow, max-snippet:-1, max-image-preview:large, max-video-preview:-1\" \/>\n<link rel=\"canonical\" href=\"https:\/\/hunter-optics.com\/de\/produkt\/riton-1-tactix-eed-rotpunktvisier\/\" \/>\n<meta property=\"og:locale\" content=\"de_DE\" \/>\n<meta property=\"og:type\" content=\"article\" \/>\n<meta property=\"og:title\" content=\"Riton 1 TACTIX EED Red Dot Sight\" \/>\n<meta property=\"og:description\" content=\"Riton 1 Tactix EED red dot sight features an illuminated reticle, aircraft-grade aluminum construction &amp; HD glass clarity. Ideal for fast target acquisition. Shop now.\" \/>\n<meta property=\"og:url\" content=\"https:\/\/hunter-optics.com\/de\/produkt\/riton-1-tactix-eed-rotpunktvisier\/\" \/>\n<meta property=\"og:site_name\" content=\"Hunter Optics\" \/>\n<meta property=\"article:modified_time\" content=\"2025-11-06T06:29:16+00:00\" \/>\n<meta property=\"og:image\" content=\"https:\/\/hunter-optics.com\/wp-content\/uploads\/2025\/07\/1-tactix-eed-Angle-01.webp\" \/>\n\t<meta property=\"og:image:width\" content=\"876\" \/>\n\t<meta property=\"og:image:height\" content=\"876\" \/>\n\t<meta property=\"og:image:type\" content=\"image\/webp\" \/>\n<meta name=\"twitter:card\" content=\"summary_large_image\" \/>\n<meta name=\"twitter:label1\" content=\"Preis\" \/>\n\t<meta name=\"twitter:data1\" content=\"&#036;229.99\" \/>\n\t<meta name=\"twitter:label2\" content=\"Verf\u00fcgbarkeit\" \/>\n\t<meta name=\"twitter:data2\" content=\"Auf Lager\" \/>\n<script type=\"application\/ld+json\" class=\"yoast-schema-graph\">{\"@context\":\"https:\\\/\\\/schema.org\",\"@graph\":[{\"@type\":\"WebPage\",\"@id\":\"https:\\\/\\\/hunter-optics.com\\\/product\\\/riton-1-tactix-eed-red-dot-sight\\\/\",\"url\":\"https:\\\/\\\/hunter-optics.com\\\/product\\\/riton-1-tactix-eed-red-dot-sight\\\/\",\"name\":\"Riton 1 TACTIX EED Red Dot Sight - Hunter Optics\",\"isPartOf\":{\"@id\":\"https:\\\/\\\/hunter-optics.com\\\/#website\"},\"primaryImageOfPage\":{\"@id\":\"https:\\\/\\\/hunter-optics.com\\\/product\\\/riton-1-tactix-eed-red-dot-sight\\\/#primaryimage\"},\"image\":{\"@id\":\"https:\\\/\\\/hunter-optics.com\\\/product\\\/riton-1-tactix-eed-red-dot-sight\\\/#primaryimage\"},\"thumbnailUrl\":\"https:\\\/\\\/hunter-optics.com\\\/wp-content\\\/uploads\\\/2025\\\/07\\\/1-tactix-eed-Angle-01.webp\",\"datePublished\":\"2025-07-31T08:44:18+00:00\",\"dateModified\":\"2025-11-06T06:29:16+00:00\",\"description\":\"Riton 1 Tactix EED red dot sight features an illuminated reticle, aircraft-grade aluminum construction & HD glass clarity. Ideal for fast target acquisition. Shop now.\",\"breadcrumb\":{\"@id\":\"https:\\\/\\\/hunter-optics.com\\\/product\\\/riton-1-tactix-eed-red-dot-sight\\\/#breadcrumb\"},\"inLanguage\":\"de\",\"potentialAction\":[{\"@type\":\"ReadAction\",\"target\":[\"https:\\\/\\\/hunter-optics.com\\\/product\\\/riton-1-tactix-eed-red-dot-sight\\\/\"]}]},{\"@type\":\"ImageObject\",\"inLanguage\":\"de\",\"@id\":\"https:\\\/\\\/hunter-optics.com\\\/product\\\/riton-1-tactix-eed-red-dot-sight\\\/#primaryimage\",\"url\":\"https:\\\/\\\/hunter-optics.com\\\/wp-content\\\/uploads\\\/2025\\\/07\\\/1-tactix-eed-Angle-01.webp\",\"contentUrl\":\"https:\\\/\\\/hunter-optics.com\\\/wp-content\\\/uploads\\\/2025\\\/07\\\/1-tactix-eed-Angle-01.webp\",\"width\":876,\"height\":876},{\"@type\":\"BreadcrumbList\",\"@id\":\"https:\\\/\\\/hunter-optics.com\\\/product\\\/riton-1-tactix-eed-red-dot-sight\\\/#breadcrumb\",\"itemListElement\":[{\"@type\":\"ListItem\",\"position\":1,\"name\":\"Home\",\"item\":\"https:\\\/\\\/hunter-optics.com\\\/\"},{\"@type\":\"ListItem\",\"position\":2,\"name\":\"Products\",\"item\":\"https:\\\/\\\/hunter-optics.com\\\/shop\\\/\"},{\"@type\":\"ListItem\",\"position\":3,\"name\":\"Riton 1 TACTIX EED Red Dot Sight\"}]},{\"@type\":\"WebSite\",\"@id\":\"https:\\\/\\\/hunter-optics.com\\\/#website\",\"url\":\"https:\\\/\\\/hunter-optics.com\\\/\",\"name\":\"Hunter Optics\",\"description\":\"Hunter Optics \u2014 Your Eye on the Target.\",\"publisher\":{\"@id\":\"https:\\\/\\\/hunter-optics.com\\\/#organization\"},\"potentialAction\":[{\"@type\":\"SearchAction\",\"target\":{\"@type\":\"EntryPoint\",\"urlTemplate\":\"https:\\\/\\\/hunter-optics.com\\\/?s={search_term_string}\"},\"query-input\":{\"@type\":\"PropertyValueSpecification\",\"valueRequired\":true,\"valueName\":\"search_term_string\"}}],\"inLanguage\":\"de\"},{\"@type\":\"Organization\",\"@id\":\"https:\\\/\\\/hunter-optics.com\\\/#organization\",\"name\":\"Hunter Optics\",\"url\":\"https:\\\/\\\/hunter-optics.com\\\/\",\"logo\":{\"@type\":\"ImageObject\",\"inLanguage\":\"de\",\"@id\":\"https:\\\/\\\/hunter-optics.com\\\/#\\\/schema\\\/logo\\\/image\\\/\",\"url\":\"https:\\\/\\\/hunter-optics.com\\\/wp-content\\\/uploads\\\/2025\\\/06\\\/hunter-optics-logo-1.png\",\"contentUrl\":\"https:\\\/\\\/hunter-optics.com\\\/wp-content\\\/uploads\\\/2025\\\/06\\\/hunter-optics-logo-1.png\",\"width\":937,\"height\":373,\"caption\":\"Hunter Optics\"},\"image\":{\"@id\":\"https:\\\/\\\/hunter-optics.com\\\/#\\\/schema\\\/logo\\\/image\\\/\"}}]}<\/script>\n<meta property=\"product:brand\" content=\"Riton\" \/>\n<meta property=\"product:price:amount\" content=\"229.99\" \/>\n<meta property=\"product:price:currency\" content=\"USD\" \/>\n<meta property=\"og:availability\" content=\"instock\" \/>\n<meta property=\"product:availability\" content=\"instock\" \/>\n<meta property=\"product:condition\" content=\"new\" \/>\n<!-- \/ Yoast SEO Premium plugin. -->","yoast_head_json":{"title":"Riton 1 TACTIX EED Rotes Zielfernrohr - Hunter Optics","description":"Riton 1 Tactix EED Rotpunktvisier verf\u00fcgt \u00fcber ein beleuchtetes Absehen, Flugzeug-Aluminium-Konstruktion und HD-Glas Klarheit. Ideal f\u00fcr die schnelle Zielerfassung. Jetzt einkaufen.","robots":{"index":"index","follow":"follow","max-snippet":"max-snippet:-1","max-image-preview":"max-image-preview:large","max-video-preview":"max-video-preview:-1"},"canonical":"https:\/\/hunter-optics.com\/de\/produkt\/riton-1-tactix-eed-rotpunktvisier\/","og_locale":"de_DE","og_type":"article","og_title":"Riton 1 TACTIX EED Red Dot Sight","og_description":"Riton 1 Tactix EED red dot sight features an illuminated reticle, aircraft-grade aluminum construction & HD glass clarity. Ideal for fast target acquisition. Shop now.","og_url":"https:\/\/hunter-optics.com\/de\/produkt\/riton-1-tactix-eed-rotpunktvisier\/","og_site_name":"Hunter Optics","article_modified_time":"2025-11-06T06:29:16+00:00","og_image":[{"width":876,"height":876,"url":"https:\/\/hunter-optics.com\/wp-content\/uploads\/2025\/07\/1-tactix-eed-Angle-01.webp","type":"image\/webp"}],"twitter_card":"summary_large_image","twitter_misc":{"Preis":"&#36;229.99","Verf\u00fcgbarkeit":"Auf Lager"},"schema":{"@context":"https:\/\/schema.org","@graph":[{"@type":"WebPage","@id":"https:\/\/hunter-optics.com\/product\/riton-1-tactix-eed-red-dot-sight\/","url":"https:\/\/hunter-optics.com\/product\/riton-1-tactix-eed-red-dot-sight\/","name":"Riton 1 TACTIX EED Rotes Zielfernrohr - Hunter Optics","isPartOf":{"@id":"https:\/\/hunter-optics.com\/#website"},"primaryImageOfPage":{"@id":"https:\/\/hunter-optics.com\/product\/riton-1-tactix-eed-red-dot-sight\/#primaryimage"},"image":{"@id":"https:\/\/hunter-optics.com\/product\/riton-1-tactix-eed-red-dot-sight\/#primaryimage"},"thumbnailUrl":"https:\/\/hunter-optics.com\/wp-content\/uploads\/2025\/07\/1-tactix-eed-Angle-01.webp","datePublished":"2025-07-31T08:44:18+00:00","dateModified":"2025-11-06T06:29:16+00:00","description":"Riton 1 Tactix EED Rotpunktvisier verf\u00fcgt \u00fcber ein beleuchtetes Absehen, Flugzeug-Aluminium-Konstruktion und HD-Glas Klarheit. Ideal f\u00fcr die schnelle Zielerfassung. Jetzt einkaufen.","breadcrumb":{"@id":"https:\/\/hunter-optics.com\/product\/riton-1-tactix-eed-red-dot-sight\/#breadcrumb"},"inLanguage":"de","potentialAction":[{"@type":"ReadAction","target":["https:\/\/hunter-optics.com\/product\/riton-1-tactix-eed-red-dot-sight\/"]}]},{"@type":"ImageObject","inLanguage":"de","@id":"https:\/\/hunter-optics.com\/product\/riton-1-tactix-eed-red-dot-sight\/#primaryimage","url":"https:\/\/hunter-optics.com\/wp-content\/uploads\/2025\/07\/1-tactix-eed-Angle-01.webp","contentUrl":"https:\/\/hunter-optics.com\/wp-content\/uploads\/2025\/07\/1-tactix-eed-Angle-01.webp","width":876,"height":876},{"@type":"BreadcrumbList","@id":"https:\/\/hunter-optics.com\/product\/riton-1-tactix-eed-red-dot-sight\/#breadcrumb","itemListElement":[{"@type":"ListItem","position":1,"name":"Home","item":"https:\/\/hunter-optics.com\/"},{"@type":"ListItem","position":2,"name":"Products","item":"https:\/\/hunter-optics.com\/shop\/"},{"@type":"ListItem","position":3,"name":"Riton 1 TACTIX EED Red Dot Sight"}]},{"@type":"WebSite","@id":"https:\/\/hunter-optics.com\/#website","url":"https:\/\/hunter-optics.com\/","name":"J\u00e4ger-Optik","description":"Hunter Optics - Ihr Auge auf dem Ziel.","publisher":{"@id":"https:\/\/hunter-optics.com\/#organization"},"potentialAction":[{"@type":"SearchAction","target":{"@type":"EntryPoint","urlTemplate":"https:\/\/hunter-optics.com\/?s={search_term_string}"},"query-input":{"@type":"PropertyValueSpecification","valueRequired":true,"valueName":"search_term_string"}}],"inLanguage":"de"},{"@type":"Organization","@id":"https:\/\/hunter-optics.com\/#organization","name":"J\u00e4ger-Optik","url":"https:\/\/hunter-optics.com\/","logo":{"@type":"ImageObject","inLanguage":"de","@id":"https:\/\/hunter-optics.com\/#\/schema\/logo\/image\/","url":"https:\/\/hunter-optics.com\/wp-content\/uploads\/2025\/06\/hunter-optics-logo-1.png","contentUrl":"https:\/\/hunter-optics.com\/wp-content\/uploads\/2025\/06\/hunter-optics-logo-1.png","width":937,"height":373,"caption":"Hunter Optics"},"image":{"@id":"https:\/\/hunter-optics.com\/#\/schema\/logo\/image\/"}}]},"product_brand":"Riton","product_price_amount":"229.99","product_price_currency":"USD","og_availability":"instock","product_availability":"instock","product_condition":"new"},"_links":{"self":[{"href":"https:\/\/hunter-optics.com\/de\/wp-json\/wp\/v2\/product\/1546","targetHints":{"allow":["GET"]}}],"collection":[{"href":"https:\/\/hunter-optics.com\/de\/wp-json\/wp\/v2\/product"}],"about":[{"href":"https:\/\/hunter-optics.com\/de\/wp-json\/wp\/v2\/types\/product"}],"replies":[{"embeddable":true,"href":"https:\/\/hunter-optics.com\/de\/wp-json\/wp\/v2\/comments?post=1546"}],"version-history":[{"count":2,"href":"https:\/\/hunter-optics.com\/de\/wp-json\/wp\/v2\/product\/1546\/revisions"}],"predecessor-version":[{"id":1555,"href":"https:\/\/hunter-optics.com\/de\/wp-json\/wp\/v2\/product\/1546\/revisions\/1555"}],"wp:featuredmedia":[{"embeddable":true,"href":"https:\/\/hunter-optics.com\/de\/wp-json\/wp\/v2\/media\/1547"}],"wp:attachment":[{"href":"https:\/\/hunter-optics.com\/de\/wp-json\/wp\/v2\/media?parent=1546"}],"wp:term":[{"taxonomy":"brand","embeddable":true,"href":"https:\/\/hunter-optics.com\/de\/wp-json\/wp\/v2\/etheme_brands?post=1546"},{"taxonomy":"product_brand","embeddable":true,"href":"https:\/\/hunter-optics.com\/de\/wp-json\/wp\/v2\/product_brand?post=1546"},{"taxonomy":"product_cat","embeddable":true,"href":"https:\/\/hunter-optics.com\/de\/wp-json\/wp\/v2\/product_cat?post=1546"},{"taxonomy":"product_tag","embeddable":true,"href":"https:\/\/hunter-optics.com\/de\/wp-json\/wp\/v2\/product_tag?post=1546"}],"curies":[{"name":"wp","href":"https:\/\/api.w.org\/{rel}","templated":true}]}}