{"id":1520,"date":"2025-07-31T06:57:05","date_gmt":"2025-07-31T06:57:05","guid":{"rendered":"https:\/\/hunter-optics.com\/?post_type=product&#038;p=1520"},"modified":"2025-08-11T07:42:33","modified_gmt":"2025-08-11T07:42:33","slug":"athlon-argos-btr-gen2-6-24x50-ffp-aplr2-moa-ir-30mm","status":"publish","type":"product","link":"https:\/\/hunter-optics.com\/de\/produkt\/athlon-argos-btr-gen2-6-24x50-ffp-aplr2-moa-ir-30mm\/","title":{"rendered":"Athlon ARGOS BTR GEN2 6-24\u00d750 FFP APLR2 MOA IR 30mm"},"content":{"rendered":"<div id=\"target_description\" class=\"w-full py-8 border-t mb-6 text-sm border-pbordergreydark pm-product-content open\">\n<ul>\n<li>Diejenigen unter Ihnen, die gerade erst mit dem PRS beginnen oder damit anfangen wollen, sollten sich die Argos BTR GEN2 Zielfernrohrfamilie genau ansehen.<\/li>\n<li>Diese Zielfernrohre verf\u00fcgen \u00fcber Funktionen, die normalerweise nur bei High-End-Zielfernrohren zu finden sind.<\/li>\n<li>Sie haben eine 4-fache Vergr\u00f6\u00dferung und sind daher vielseitig einsetzbar.<\/li>\n<li>Au\u00dferdem verf\u00fcgen sie \u00fcber einen pr\u00e4zisen, echten Nullpunktanschlag und eine fortschrittliche, voll multiverg\u00fctete Optik, die auch bei schlechten Lichtverh\u00e4ltnissen ein kristallklares, helles Bild liefert.<\/li>\n<li>Die Argos BTR GEN2 ist au\u00dferdem mit unserer exklusiven XPL-Beschichtung ausgestattet, die Ihre Gl\u00e4ser vor Schmutz, Fett und rauen Wetterbedingungen sch\u00fctzt.<\/li>\n<li>Das Rohr aus Flugzeugaluminium sch\u00fctzt diese Weltklasse-Optik, egal, was Sie ihr zumuten.<\/li>\n<\/ul>\n<p><span id=\"link_specs\" class=\"border-t border-pbordergreydark text-lg sm:text-xl cursor-pointer font-serif block relative py-4 font-semibold pm-product-tablink grey open\">SPEZIALIEN<\/span><\/p>\n<div id=\"target_specs\" class=\"w-full py-8 border-t mb-6 text-sm border-pbordergreydark pm-product-content open\">\n<ul>\n<li><strong>Vergr\u00f6\u00dferung:<\/strong> 6-24<\/li>\n<li><strong>Durchmesser der Objektivlinse:<\/strong> 50 mm<\/li>\n<li><strong>Absehen:<\/strong> ATMR FFP IR MOA, Glas ge\u00e4tzt<\/li>\n<li><strong>Oberfl\u00e4che:<\/strong> Matt<\/li>\n<li><strong>Objektiv-Beschichtung:<\/strong> Voll multiverg\u00fctetes Breitband<\/li>\n<li><strong>Extra Beschichtung:<\/strong> Xtra-Schutzbeschichtung<\/li>\n<li><strong>Rohr Material:<\/strong>\u00a0Aluminium in Flugzeugqualit\u00e4t<\/li>\n<li><strong>Rohr-Durchmesser:<\/strong> 30 mm<\/li>\n<li><strong>Exit Pupil:<\/strong> 8,2-2,1 mm<\/li>\n<li><strong>Augenentlastung:<\/strong> 3,3 Zoll<\/li>\n<li><strong>Sichtfeld bei 100 Yards:<\/strong>\u00a016,7-4,5 Fu\u00df<\/li>\n<li><strong>Klicken Sie auf Wert:<\/strong>\u00a00,25 MOA<\/li>\n<li><strong>Verstellbereich pro Umdrehung:<\/strong> 12MOA<\/li>\n<li><strong>Total Elevation Adjustment:<\/strong> 60MOA<\/li>\n<li><strong>Total Windage Adjustment:<\/strong> 60MOA<\/li>\n<li><strong>T\u00fcrmchen-Stil:<\/strong> Freigelegt<\/li>\n<li><strong>Parallaxe-Einstellung:<\/strong> Seitenfokus - 10 Yards bis unendlich<\/li>\n<li><strong>Material zum Sp\u00fclen:<\/strong> Argon<\/li>\n<li><strong>L\u00e4nge:<\/strong> 14,1 Zoll<\/li>\n<li><strong>Gewicht:<\/strong> 30,3 Unzen<\/li>\n<li>Hergestellt in China<\/li>\n<\/ul>\n<p><span id=\"link_features\" class=\"border-t border-pbordergreydark text-lg sm:text-xl cursor-pointer font-serif block relative py-4 font-semibold pm-product-tablink grey open\">FEATURES<\/span><\/p>\n<div id=\"target_features\" class=\"w-full py-8 border-t mb-6 text-sm border-pbordergreydark pm-product-content open\">\n<h4>Erste Fokusebene Absehen:<\/h4>\n<ul>\n<li>Das Absehen in der ersten Brennebene bleibt in allen Leistungsstufen g\u00fcltig, so dass Sie das speziell entwickelte Absehen, das mit dem Ziel schrumpft oder w\u00e4chst, wenn Sie es vergr\u00f6\u00dfern oder verkleinern, voll nutzen k\u00f6nnen. Das Absehen erm\u00f6glicht eine schnelle Zielerfassung bei niedriger Leistung und bietet pr\u00e4zise Haltepositionen mit feineren Details.<\/li>\n<\/ul>\n<h4>Beleuchtetes Absehen:<\/h4>\n<ul>\n<li>Das beleuchtete Absehen sorgt f\u00fcr bessere Sichtbarkeit in der D\u00e4mmerung und bei schwachem Umgebungslicht.<\/li>\n<\/ul>\n<h4>Ge\u00e4tztes Glas Absehen:<\/h4>\n<ul>\n<li>Das auf das Glas ge\u00e4tzte Absehen bietet eine hervorragende Unterst\u00fctzung f\u00fcr komplexe Absehen und bietet eine gro\u00dfe Haltbarkeit und eine viel h\u00f6here Sto\u00dffestigkeit gegen R\u00fccksto\u00df.<\/li>\n<\/ul>\n<h4>Fortgeschrittene, voll multiverg\u00fctete Gl\u00e4ser:<\/h4>\n<ul>\n<li>Die voll multiverg\u00fctete Optik reduziert effektiv das reflektierte Licht und erh\u00f6ht die Lichtdurchl\u00e4ssigkeit, so dass Sie ein helleres Bild erhalten als mit normalen einfach verg\u00fcteten Linsen.<\/li>\n<\/ul>\n<h4>Pr\u00e4zisions-Nullstellungssystem:<\/h4>\n<ul>\n<li>Das System erm\u00f6glicht es Ihnen, Ihre Nullposition zu fixieren und sie mit einem scharfen und pr\u00e4zisen Anschlag direkt an der Nullmarke anzusteuern, selbst wenn Sie im Dunkeln oder mit verbundenen Augen drehen.<\/li>\n<\/ul>\n<h4>6061 T6-Aluminium:<\/h4>\n<ul>\n<li>Das 6061T6-Aluminiumrohr in Flugzeugqualit\u00e4t, das sich durch au\u00dfergew\u00f6hnliche Festigkeit und \u00fcberragende mechanische Integrit\u00e4t auszeichnet, sch\u00fctzt diese Weltklasse-Optik, egal, welche Strapazen Sie ihr zumuten.<\/li>\n<\/ul>\n<h4>W\u00e4rmebehandelte einteilige Rohrkonstruktion:<\/h4>\n<ul>\n<li>Ein w\u00e4rmebehandeltes einteiliges Rohr verleiht dem Zielfernrohr zus\u00e4tzliche Festigkeit gegen\u00fcber mehrteiligen Rohren.  Ein einteiliges Rohr h\u00e4lt au\u00dferdem Feuchtigkeit besser ab, sodass Ihr Zielfernrohr \u00fcber die gesamte Lebensdauer des Produkts beschlagfrei bleibt.<\/li>\n<\/ul>\n<h4>Wasserdicht:<\/h4>\n<ul>\n<li>Wasserdicht, um das Zielfernrohr auch unter h\u00e4rtesten Wetterbedingungen oder bei versehentlichem Untertauchen zu sch\u00fctzen.<\/li>\n<\/ul>\n<h4>Nebelfest:<\/h4>\n<ul>\n<li>Beschlagfrei, damit Sie Ihr Ziel sofort anvisieren k\u00f6nnen, wenn Sie Ihr Gewehr aus dem warmen Innenraum in die kalte Umgebungstemperatur bringen.<\/li>\n<\/ul>\n<h4>Stossfest:<\/h4>\n<ul>\n<li>Robustes mechanisches System mit speziellen Konstruktionen f\u00fcr das Steuerungs- und Aufrichtungssystem, das Ihnen die ultimative R\u00fccksto\u00dffestigkeit bietet, um 1000 G R\u00fccksto\u00df f\u00fcr 1000 Mal zu widerstehen.<\/li>\n<\/ul>\n<h4>Mit Argon gesp\u00fclt:<\/h4>\n<ul>\n<li>Bei der Argonsp\u00fclung wird Tr\u00e4gheitsgas mit gr\u00f6\u00dferen Molek\u00fclen verwendet, um jegliche Feuchtigkeit aus dem Rohr zu entfernen und so eine bessere Wasserdichtigkeit und thermische Stabilit\u00e4t zu erzielen.<\/li>\n<\/ul>\n<p>&nbsp;<\/p>\n<\/div>\n<\/div>\n<\/div>","protected":false},"excerpt":{"rendered":"<p>Wenn Sie auf der Suche nach einem erstklassigen Zielfernrohr sind, sollten Sie sich die Argos BTR GEN2 Zielfernrohrfamilie ansehen. Die Argos BTR GEN2-Familie ist ideal f\u00fcr diejenigen, die in PRS oder andere Langstreckenschie\u00dfdisziplinen einsteigen m\u00f6chten. Diese Zielfernrohr-Familie bietet FFP- und SFP-Modelle, einen echten Pr\u00e4zisionsnullpunkt, vollst\u00e4ndig mehrschichtverg\u00fctete Linsen, direkte Einstellr\u00e4der f\u00fcr die H\u00f6hen- und Seitenverstellung (1-8\u00d724), Leuchtabsehen und ein 30-mm-Rohr.<\/p>","protected":false},"featured_media":1521,"comment_status":"open","ping_status":"closed","template":"","meta":[],"etheme_brands":[{"term_id":46,"name":"Athlon","slug":"athlon","term_group":0,"term_taxonomy_id":46,"taxonomy":"brand","description":"Athlon is a proud US sports optics product company. Devoted to designing and delivering superior quality optics products and outdoor accessories at a competitive price to our consumers via our distribution and retail channels. Athlon has strong engineering capabilities, strategic alliances with quality manufacturers, and a streamlined fully integrated supply chain. These advantages enable us to bring the latest cutting edge technologies and cut out the extra layers of traditional supply chains. With these advantages we are able to deliver products to consumers with great cost savings. Our goal from day one is to pass those savings to you, the outdoor enthusiast.","parent":0,"count":8,"filter":"raw"}],"product_brand":[],"product_cat":[49],"product_tag":[],"class_list":{"0":"post-1520","1":"product","2":"type-product","3":"status-publish","4":"has-post-thumbnail","6":"brand-athlon","7":"product_cat-rifle-scopes","9":"first","10":"instock","11":"sale","12":"taxable","13":"shipping-taxable","14":"purchasable","15":"product-type-simple"},"yoast_head":"<!-- This site is optimized with the Yoast SEO Premium plugin v25.7.1 (Yoast SEO v27.4) - https:\/\/yoast.com\/product\/yoast-seo-premium-wordpress\/ -->\n<title>Athlon ARGOS BTR GEN2 6-24x50 FFP APLR2 MOA IR 30mm - Hunter Optics<\/title>\n<meta name=\"description\" content=\"Athlon Argos BTR GEN2 6-24x50 FFP APLR2 MOA IR Rifle Scope For those of you that are just getting started in the PRS or are looking to start, take a close look at the Argos BTR GEN2 family of scopes.\" \/>\n<meta name=\"robots\" content=\"index, follow, max-snippet:-1, max-image-preview:large, max-video-preview:-1\" \/>\n<link rel=\"canonical\" href=\"https:\/\/hunter-optics.com\/de\/produkt\/athlon-argos-btr-gen2-6-24x50-ffp-aplr2-moa-ir-30mm\/\" \/>\n<meta property=\"og:locale\" content=\"de_DE\" \/>\n<meta property=\"og:type\" content=\"article\" \/>\n<meta property=\"og:title\" content=\"Athlon ARGOS BTR GEN2 6-24x50 FFP APLR2 MOA IR 30mm\" \/>\n<meta property=\"og:description\" content=\"Athlon Argos BTR GEN2 6-24x50 FFP APLR2 MOA IR Rifle Scope For those of you that are just getting started in the PRS or are looking to start, take a close look at the Argos BTR GEN2 family of scopes.\" \/>\n<meta property=\"og:url\" content=\"https:\/\/hunter-optics.com\/de\/produkt\/athlon-argos-btr-gen2-6-24x50-ffp-aplr2-moa-ir-30mm\/\" \/>\n<meta property=\"og:site_name\" content=\"Hunter Optics\" \/>\n<meta property=\"article:modified_time\" content=\"2025-08-11T07:42:33+00:00\" \/>\n<meta property=\"og:image\" content=\"https:\/\/hunter-optics.com\/wp-content\/uploads\/2025\/07\/Athlon-Argos-BTR-GEN2-6-24x50-FFP-APLR2-MOA-IR-30mm.jpg\" \/>\n\t<meta property=\"og:image:width\" content=\"876\" \/>\n\t<meta property=\"og:image:height\" content=\"876\" \/>\n\t<meta property=\"og:image:type\" content=\"image\/jpeg\" \/>\n<meta name=\"twitter:card\" content=\"summary_large_image\" \/>\n<meta name=\"twitter:label1\" content=\"Preis\" \/>\n\t<meta name=\"twitter:data1\" content=\"&#036;429.99\" \/>\n\t<meta name=\"twitter:label2\" content=\"Verf\u00fcgbarkeit\" \/>\n\t<meta name=\"twitter:data2\" content=\"Auf Lager\" \/>\n<script type=\"application\/ld+json\" class=\"yoast-schema-graph\">{\"@context\":\"https:\\\/\\\/schema.org\",\"@graph\":[{\"@type\":\"WebPage\",\"@id\":\"https:\\\/\\\/hunter-optics.com\\\/product\\\/athlon-argos-btr-gen2-6-24x50-ffp-aplr2-moa-ir-30mm\\\/\",\"url\":\"https:\\\/\\\/hunter-optics.com\\\/product\\\/athlon-argos-btr-gen2-6-24x50-ffp-aplr2-moa-ir-30mm\\\/\",\"name\":\"Athlon ARGOS BTR GEN2 6-24x50 FFP APLR2 MOA IR 30mm - Hunter Optics\",\"isPartOf\":{\"@id\":\"https:\\\/\\\/hunter-optics.com\\\/#website\"},\"primaryImageOfPage\":{\"@id\":\"https:\\\/\\\/hunter-optics.com\\\/product\\\/athlon-argos-btr-gen2-6-24x50-ffp-aplr2-moa-ir-30mm\\\/#primaryimage\"},\"image\":{\"@id\":\"https:\\\/\\\/hunter-optics.com\\\/product\\\/athlon-argos-btr-gen2-6-24x50-ffp-aplr2-moa-ir-30mm\\\/#primaryimage\"},\"thumbnailUrl\":\"https:\\\/\\\/hunter-optics.com\\\/wp-content\\\/uploads\\\/2025\\\/07\\\/Athlon-Argos-BTR-GEN2-6-24x50-FFP-APLR2-MOA-IR-30mm.jpg\",\"datePublished\":\"2025-07-31T06:57:05+00:00\",\"dateModified\":\"2025-08-11T07:42:33+00:00\",\"description\":\"Athlon Argos BTR GEN2 6-24x50 FFP APLR2 MOA IR Rifle Scope For those of you that are just getting started in the PRS or are looking to start, take a close look at the Argos BTR GEN2 family of scopes.\",\"breadcrumb\":{\"@id\":\"https:\\\/\\\/hunter-optics.com\\\/product\\\/athlon-argos-btr-gen2-6-24x50-ffp-aplr2-moa-ir-30mm\\\/#breadcrumb\"},\"inLanguage\":\"de\",\"potentialAction\":[{\"@type\":\"ReadAction\",\"target\":[\"https:\\\/\\\/hunter-optics.com\\\/product\\\/athlon-argos-btr-gen2-6-24x50-ffp-aplr2-moa-ir-30mm\\\/\"]}]},{\"@type\":\"ImageObject\",\"inLanguage\":\"de\",\"@id\":\"https:\\\/\\\/hunter-optics.com\\\/product\\\/athlon-argos-btr-gen2-6-24x50-ffp-aplr2-moa-ir-30mm\\\/#primaryimage\",\"url\":\"https:\\\/\\\/hunter-optics.com\\\/wp-content\\\/uploads\\\/2025\\\/07\\\/Athlon-Argos-BTR-GEN2-6-24x50-FFP-APLR2-MOA-IR-30mm.jpg\",\"contentUrl\":\"https:\\\/\\\/hunter-optics.com\\\/wp-content\\\/uploads\\\/2025\\\/07\\\/Athlon-Argos-BTR-GEN2-6-24x50-FFP-APLR2-MOA-IR-30mm.jpg\",\"width\":876,\"height\":876},{\"@type\":\"BreadcrumbList\",\"@id\":\"https:\\\/\\\/hunter-optics.com\\\/product\\\/athlon-argos-btr-gen2-6-24x50-ffp-aplr2-moa-ir-30mm\\\/#breadcrumb\",\"itemListElement\":[{\"@type\":\"ListItem\",\"position\":1,\"name\":\"Home\",\"item\":\"https:\\\/\\\/hunter-optics.com\\\/\"},{\"@type\":\"ListItem\",\"position\":2,\"name\":\"Products\",\"item\":\"https:\\\/\\\/hunter-optics.com\\\/shop\\\/\"},{\"@type\":\"ListItem\",\"position\":3,\"name\":\"Athlon ARGOS BTR GEN2 6-24&#215;50 FFP APLR2 MOA IR 30mm\"}]},{\"@type\":\"WebSite\",\"@id\":\"https:\\\/\\\/hunter-optics.com\\\/#website\",\"url\":\"https:\\\/\\\/hunter-optics.com\\\/\",\"name\":\"Hunter Optics\",\"description\":\"Hunter Optics \u2014 Your Eye on the Target.\",\"publisher\":{\"@id\":\"https:\\\/\\\/hunter-optics.com\\\/#organization\"},\"potentialAction\":[{\"@type\":\"SearchAction\",\"target\":{\"@type\":\"EntryPoint\",\"urlTemplate\":\"https:\\\/\\\/hunter-optics.com\\\/?s={search_term_string}\"},\"query-input\":{\"@type\":\"PropertyValueSpecification\",\"valueRequired\":true,\"valueName\":\"search_term_string\"}}],\"inLanguage\":\"de\"},{\"@type\":\"Organization\",\"@id\":\"https:\\\/\\\/hunter-optics.com\\\/#organization\",\"name\":\"Hunter Optics\",\"url\":\"https:\\\/\\\/hunter-optics.com\\\/\",\"logo\":{\"@type\":\"ImageObject\",\"inLanguage\":\"de\",\"@id\":\"https:\\\/\\\/hunter-optics.com\\\/#\\\/schema\\\/logo\\\/image\\\/\",\"url\":\"https:\\\/\\\/hunter-optics.com\\\/wp-content\\\/uploads\\\/2025\\\/06\\\/hunter-optics-logo-1.png\",\"contentUrl\":\"https:\\\/\\\/hunter-optics.com\\\/wp-content\\\/uploads\\\/2025\\\/06\\\/hunter-optics-logo-1.png\",\"width\":937,\"height\":373,\"caption\":\"Hunter Optics\"},\"image\":{\"@id\":\"https:\\\/\\\/hunter-optics.com\\\/#\\\/schema\\\/logo\\\/image\\\/\"}}]}<\/script>\n<meta property=\"product:brand\" content=\"Athlon\" \/>\n<meta property=\"product:price:amount\" content=\"429.99\" \/>\n<meta property=\"product:price:currency\" content=\"USD\" \/>\n<meta property=\"og:availability\" content=\"instock\" \/>\n<meta property=\"product:availability\" content=\"instock\" \/>\n<meta property=\"product:condition\" content=\"new\" \/>\n<!-- \/ Yoast SEO Premium plugin. -->","yoast_head_json":{"title":"Athlon ARGOS BTR GEN2 6-24x50 FFP APLR2 MOA IR 30mm - Hunter Optics","description":"Athlon Argos BTR GEN2 6-24x50 FFP APLR2 MOA IR Rifle Scope F\u00fcr diejenigen unter Ihnen, die gerade erst in die PRS oder suchen zu starten, nehmen Sie einen genauen Blick auf die Argos BTR GEN2 Familie von Zielfernrohren.","robots":{"index":"index","follow":"follow","max-snippet":"max-snippet:-1","max-image-preview":"max-image-preview:large","max-video-preview":"max-video-preview:-1"},"canonical":"https:\/\/hunter-optics.com\/de\/produkt\/athlon-argos-btr-gen2-6-24x50-ffp-aplr2-moa-ir-30mm\/","og_locale":"de_DE","og_type":"article","og_title":"Athlon ARGOS BTR GEN2 6-24x50 FFP APLR2 MOA IR 30mm","og_description":"Athlon Argos BTR GEN2 6-24x50 FFP APLR2 MOA IR Rifle Scope For those of you that are just getting started in the PRS or are looking to start, take a close look at the Argos BTR GEN2 family of scopes.","og_url":"https:\/\/hunter-optics.com\/de\/produkt\/athlon-argos-btr-gen2-6-24x50-ffp-aplr2-moa-ir-30mm\/","og_site_name":"Hunter Optics","article_modified_time":"2025-08-11T07:42:33+00:00","og_image":[{"width":876,"height":876,"url":"https:\/\/hunter-optics.com\/wp-content\/uploads\/2025\/07\/Athlon-Argos-BTR-GEN2-6-24x50-FFP-APLR2-MOA-IR-30mm.jpg","type":"image\/jpeg"}],"twitter_card":"summary_large_image","twitter_misc":{"Preis":"&#36;429.99","Verf\u00fcgbarkeit":"Auf Lager"},"schema":{"@context":"https:\/\/schema.org","@graph":[{"@type":"WebPage","@id":"https:\/\/hunter-optics.com\/product\/athlon-argos-btr-gen2-6-24x50-ffp-aplr2-moa-ir-30mm\/","url":"https:\/\/hunter-optics.com\/product\/athlon-argos-btr-gen2-6-24x50-ffp-aplr2-moa-ir-30mm\/","name":"Athlon ARGOS BTR GEN2 6-24x50 FFP APLR2 MOA IR 30mm - Hunter Optics","isPartOf":{"@id":"https:\/\/hunter-optics.com\/#website"},"primaryImageOfPage":{"@id":"https:\/\/hunter-optics.com\/product\/athlon-argos-btr-gen2-6-24x50-ffp-aplr2-moa-ir-30mm\/#primaryimage"},"image":{"@id":"https:\/\/hunter-optics.com\/product\/athlon-argos-btr-gen2-6-24x50-ffp-aplr2-moa-ir-30mm\/#primaryimage"},"thumbnailUrl":"https:\/\/hunter-optics.com\/wp-content\/uploads\/2025\/07\/Athlon-Argos-BTR-GEN2-6-24x50-FFP-APLR2-MOA-IR-30mm.jpg","datePublished":"2025-07-31T06:57:05+00:00","dateModified":"2025-08-11T07:42:33+00:00","description":"Athlon Argos BTR GEN2 6-24x50 FFP APLR2 MOA IR Rifle Scope F\u00fcr diejenigen unter Ihnen, die gerade erst in die PRS oder suchen zu starten, nehmen Sie einen genauen Blick auf die Argos BTR GEN2 Familie von Zielfernrohren.","breadcrumb":{"@id":"https:\/\/hunter-optics.com\/product\/athlon-argos-btr-gen2-6-24x50-ffp-aplr2-moa-ir-30mm\/#breadcrumb"},"inLanguage":"de","potentialAction":[{"@type":"ReadAction","target":["https:\/\/hunter-optics.com\/product\/athlon-argos-btr-gen2-6-24x50-ffp-aplr2-moa-ir-30mm\/"]}]},{"@type":"ImageObject","inLanguage":"de","@id":"https:\/\/hunter-optics.com\/product\/athlon-argos-btr-gen2-6-24x50-ffp-aplr2-moa-ir-30mm\/#primaryimage","url":"https:\/\/hunter-optics.com\/wp-content\/uploads\/2025\/07\/Athlon-Argos-BTR-GEN2-6-24x50-FFP-APLR2-MOA-IR-30mm.jpg","contentUrl":"https:\/\/hunter-optics.com\/wp-content\/uploads\/2025\/07\/Athlon-Argos-BTR-GEN2-6-24x50-FFP-APLR2-MOA-IR-30mm.jpg","width":876,"height":876},{"@type":"BreadcrumbList","@id":"https:\/\/hunter-optics.com\/product\/athlon-argos-btr-gen2-6-24x50-ffp-aplr2-moa-ir-30mm\/#breadcrumb","itemListElement":[{"@type":"ListItem","position":1,"name":"Home","item":"https:\/\/hunter-optics.com\/"},{"@type":"ListItem","position":2,"name":"Products","item":"https:\/\/hunter-optics.com\/shop\/"},{"@type":"ListItem","position":3,"name":"Athlon ARGOS BTR GEN2 6-24&#215;50 FFP APLR2 MOA IR 30mm"}]},{"@type":"WebSite","@id":"https:\/\/hunter-optics.com\/#website","url":"https:\/\/hunter-optics.com\/","name":"J\u00e4ger-Optik","description":"Hunter Optics - Ihr Auge auf dem Ziel.","publisher":{"@id":"https:\/\/hunter-optics.com\/#organization"},"potentialAction":[{"@type":"SearchAction","target":{"@type":"EntryPoint","urlTemplate":"https:\/\/hunter-optics.com\/?s={search_term_string}"},"query-input":{"@type":"PropertyValueSpecification","valueRequired":true,"valueName":"search_term_string"}}],"inLanguage":"de"},{"@type":"Organization","@id":"https:\/\/hunter-optics.com\/#organization","name":"J\u00e4ger-Optik","url":"https:\/\/hunter-optics.com\/","logo":{"@type":"ImageObject","inLanguage":"de","@id":"https:\/\/hunter-optics.com\/#\/schema\/logo\/image\/","url":"https:\/\/hunter-optics.com\/wp-content\/uploads\/2025\/06\/hunter-optics-logo-1.png","contentUrl":"https:\/\/hunter-optics.com\/wp-content\/uploads\/2025\/06\/hunter-optics-logo-1.png","width":937,"height":373,"caption":"Hunter Optics"},"image":{"@id":"https:\/\/hunter-optics.com\/#\/schema\/logo\/image\/"}}]},"product_brand":"Athlon","product_price_amount":"429.99","product_price_currency":"USD","og_availability":"instock","product_availability":"instock","product_condition":"new"},"_links":{"self":[{"href":"https:\/\/hunter-optics.com\/de\/wp-json\/wp\/v2\/product\/1520","targetHints":{"allow":["GET"]}}],"collection":[{"href":"https:\/\/hunter-optics.com\/de\/wp-json\/wp\/v2\/product"}],"about":[{"href":"https:\/\/hunter-optics.com\/de\/wp-json\/wp\/v2\/types\/product"}],"replies":[{"embeddable":true,"href":"https:\/\/hunter-optics.com\/de\/wp-json\/wp\/v2\/comments?post=1520"}],"version-history":[{"count":4,"href":"https:\/\/hunter-optics.com\/de\/wp-json\/wp\/v2\/product\/1520\/revisions"}],"predecessor-version":[{"id":1746,"href":"https:\/\/hunter-optics.com\/de\/wp-json\/wp\/v2\/product\/1520\/revisions\/1746"}],"wp:featuredmedia":[{"embeddable":true,"href":"https:\/\/hunter-optics.com\/de\/wp-json\/wp\/v2\/media\/1521"}],"wp:attachment":[{"href":"https:\/\/hunter-optics.com\/de\/wp-json\/wp\/v2\/media?parent=1520"}],"wp:term":[{"taxonomy":"brand","embeddable":true,"href":"https:\/\/hunter-optics.com\/de\/wp-json\/wp\/v2\/etheme_brands?post=1520"},{"taxonomy":"product_brand","embeddable":true,"href":"https:\/\/hunter-optics.com\/de\/wp-json\/wp\/v2\/product_brand?post=1520"},{"taxonomy":"product_cat","embeddable":true,"href":"https:\/\/hunter-optics.com\/de\/wp-json\/wp\/v2\/product_cat?post=1520"},{"taxonomy":"product_tag","embeddable":true,"href":"https:\/\/hunter-optics.com\/de\/wp-json\/wp\/v2\/product_tag?post=1520"}],"curies":[{"name":"wp","href":"https:\/\/api.w.org\/{rel}","templated":true}]}}