{"id":1504,"date":"2025-07-31T06:22:35","date_gmt":"2025-07-31T06:22:35","guid":{"rendered":"https:\/\/hunter-optics.com\/?post_type=product&#038;p=1504"},"modified":"2025-07-31T06:24:20","modified_gmt":"2025-07-31T06:24:20","slug":"karminrot-spur-4-20x50mm-mil-ffp-ctl-3420","status":"publish","type":"product","link":"https:\/\/hunter-optics.com\/de\/produkt\/karminrot-spur-4-20x50mm-mil-ffp-ctl-3420\/","title":{"rendered":"Crimson Trace 4-20x50mm MIL\/FFP CTL-3420"},"content":{"rendered":"<p>Das CTL-3420 3 Series ist ein funktionsreiches 4-20x50mm Mittelklasse-Zielfernrohr, das von Grund auf neu entwickelt wurde. Die erste Fokalebene (FFP) des Zielfernrohrs und die beeindruckende Klarheit des japanischen ED-Glases sorgen f\u00fcr ein unvergleichliches Schie\u00dferlebnis. Das speziell entwickelte LR1-MIL-Absehen ist vollst\u00e4ndig beleuchtet und bietet schnelle Anhaltspunkte f\u00fcr Windst\u00e4rke und Elevation. Die freiliegenden . 1 MIL taktischen Revolver bieten ein pr\u00e4zises und robustes Gef\u00fchl beim W\u00e4hlen f\u00fcr die genauesten Sch\u00fcsse. Die gesamte Crimson Trace Zielfernrohr Linie bietet EZ mount Nivellierung Indikatoren f\u00fcr eine schnelle und genaue Montage und seltene Tech (Red Alignment Ring) f\u00fcr die richtige Platzierung Auge. Alle Crimson Trace Zielfernrohre sind unter einer vollen lebenslangen Garantie abgedeckt.<\/p>\n<div class=\"a-row\">\n<div class=\"a-column a-span6\">\n<h1 class=\"a-size-medium a-spacing-small\">Technische Details<\/h1>\n<\/div>\n<\/div>\n<div class=\"a-expander-content a-expander-extend-content\" data-expanded=\"true\">\n<div class=\"a-row a-expander-container a-expander-inline-container\">\n<div class=\"a-expander-content a-expander-section-content a-section-expander-inner\" data-expanded=\"true\">\n<table id=\"productDetails_techSpec_section_1\" class=\"a-keyvalue prodDetTable\">\n<tbody>\n<tr>\n<th class=\"a-color-secondary a-size-base prodDetSectionEntry\">Marke<\/th>\n<td class=\"a-size-base prodDetAttrValue\">Karmesinspur<\/td>\n<\/tr>\n<tr>\n<th class=\"a-color-secondary a-size-base prodDetSectionEntry\">Farbe<\/th>\n<td class=\"a-size-base prodDetAttrValue\">Schwarz<\/td>\n<\/tr>\n<tr>\n<th class=\"a-color-secondary a-size-base prodDetSectionEntry\">Stil<\/th>\n<td class=\"a-size-base prodDetAttrValue\">Taktisch<\/td>\n<\/tr>\n<tr>\n<th class=\"a-color-secondary a-size-base prodDetSectionEntry\">Sport<\/th>\n<td class=\"a-size-base prodDetAttrValue\">Jagd, Taktik &amp; Milit\u00e4r<\/td>\n<\/tr>\n<tr>\n<th class=\"a-color-secondary a-size-base prodDetSectionEntry\">Artikel Gewicht<\/th>\n<td class=\"a-size-base prodDetAttrValue\">3,76 Pfund<\/td>\n<\/tr>\n<tr>\n<th class=\"a-color-secondary a-size-base prodDetSectionEntry\">Material<\/th>\n<td class=\"a-size-base prodDetAttrValue\">Aluminium<\/td>\n<\/tr>\n<tr>\n<th class=\"a-color-secondary a-size-base prodDetSectionEntry\">Vergr\u00f6\u00dferung Maximum<\/th>\n<td class=\"a-size-base prodDetAttrValue\">20.00<\/td>\n<\/tr>\n<tr>\n<th class=\"a-color-secondary a-size-base prodDetSectionEntry\">Objektivlinsen-Durchmesser<\/th>\n<td class=\"a-size-base prodDetAttrValue\">50 Millimeter<\/td>\n<\/tr>\n<tr>\n<th class=\"a-color-secondary a-size-base prodDetSectionEntry\">Vergr\u00f6\u00dferung Minimum<\/th>\n<td class=\"a-size-base prodDetAttrValue\">4.00<\/td>\n<\/tr>\n<tr>\n<th class=\"a-color-secondary a-size-base prodDetSectionEntry\">Kompatible Ger\u00e4te<\/th>\n<td class=\"a-size-base prodDetAttrValue\">Gewehr<\/td>\n<\/tr>\n<tr>\n<th class=\"a-color-secondary a-size-base prodDetSectionEntry\">Montage Typ<\/th>\n<td class=\"a-size-base prodDetAttrValue\">Strangpressen Montage<\/td>\n<\/tr>\n<tr>\n<th class=\"a-color-secondary a-size-base prodDetSectionEntry\">Nachtsicht<\/th>\n<td class=\"a-size-base prodDetAttrValue\">Nein<\/td>\n<\/tr>\n<tr>\n<th class=\"a-color-secondary a-size-base prodDetSectionEntry\">Augenentlastung<\/th>\n<td class=\"a-size-base prodDetAttrValue\">3,7 Zoll<\/td>\n<\/tr>\n<tr>\n<th class=\"a-color-secondary a-size-base prodDetSectionEntry\">Sichtfeld<\/th>\n<td class=\"a-size-base prodDetAttrValue\">28,9 Fu\u00df<\/td>\n<\/tr>\n<tr>\n<th class=\"a-color-secondary a-size-base prodDetSectionEntry\">Name des Modells<\/th>\n<td class=\"a-size-base prodDetAttrValue\">Crimson Trace Optik Tactical Zielfernrohr 4-20x50mm MIL\/MIL FFP mit LR1-MIL mit Leuchtabsehen, 3 Serie CTL-3420<\/td>\n<\/tr>\n<tr>\n<th class=\"a-color-secondary a-size-base prodDetSectionEntry\">Hersteller<\/th>\n<td class=\"a-size-base prodDetAttrValue\">Crimson Trace Gesellschaft<\/td>\n<\/tr>\n<tr>\n<th class=\"a-color-secondary a-size-base prodDetSectionEntry\">Absehen Typ<\/th>\n<td class=\"a-size-base prodDetAttrValue\">LR1-MIL<\/td>\n<\/tr>\n<tr>\n<th class=\"a-color-secondary a-size-base prodDetSectionEntry\">UPC<\/th>\n<td class=\"a-size-base prodDetAttrValue\">850002469134<\/td>\n<\/tr>\n<tr>\n<th class=\"a-color-secondary a-size-base prodDetSectionEntry\">Artikel Paket Abmessungen L x B x H<\/th>\n<td class=\"a-size-base prodDetAttrValue\">17,48 x 4,84 x 4,13 Zoll<\/td>\n<\/tr>\n<tr>\n<th class=\"a-color-secondary a-size-base prodDetSectionEntry\">Paket Gewicht<\/th>\n<td class=\"a-size-base prodDetAttrValue\">1,73 Kilogramm<\/td>\n<\/tr>\n<tr>\n<th class=\"a-color-secondary a-size-base prodDetSectionEntry\">Artikel Abmessungen LxBxH<\/th>\n<td class=\"a-size-base prodDetAttrValue\">14,5 x 3,4 x 2,5 Zoll<\/td>\n<\/tr>\n<tr>\n<th class=\"a-color-secondary a-size-base prodDetSectionEntry\">Markenname<\/th>\n<td class=\"a-size-base prodDetAttrValue\">Karmesinspur<\/td>\n<\/tr>\n<tr>\n<th class=\"a-color-secondary a-size-base prodDetSectionEntry\">Garantie Beschreibung<\/th>\n<td class=\"a-size-base prodDetAttrValue\">https:\/\/www.crimsontrace.com\/support\/warranty, VOLLE LEBENSLANGE GARANTIE<\/td>\n<\/tr>\n<tr>\n<th class=\"a-color-secondary a-size-base prodDetSectionEntry\">Empfohlene Benutzer<\/th>\n<td class=\"a-size-base prodDetAttrValue\">Unisex-Erwachsene<\/td>\n<\/tr>\n<tr>\n<th class=\"a-color-secondary a-size-base prodDetSectionEntry\">Anzahl der Posten<\/th>\n<td class=\"a-size-base prodDetAttrValue\">1<\/td>\n<\/tr>\n<tr>\n<th class=\"a-color-secondary a-size-base prodDetSectionEntry\">Teil Nummer<\/th>\n<td class=\"a-size-base prodDetAttrValue\">CTL-3420<\/td>\n<\/tr>\n<tr>\n<th class=\"a-color-secondary a-size-base prodDetSectionEntry\">Modelljahr<\/th>\n<td class=\"a-size-base prodDetAttrValue\">2020<\/td>\n<\/tr>\n<tr>\n<th class=\"a-color-secondary a-size-base prodDetSectionEntry\">Enthaltene Komponenten<\/th>\n<td class=\"a-size-base prodDetAttrValue\">Zielfernrohr, Batterie, Systemhandbuch, Absehenhandbuch, Systemwerkzeug, 2x Flip Caps, Objektivreinigungstuch<\/td>\n<\/tr>\n<tr>\n<th class=\"a-color-secondary a-size-base prodDetSectionEntry\">Gr\u00f6\u00dfe<\/th>\n<td class=\"a-size-base prodDetAttrValue\">Einheitsgr\u00f6\u00dfe<\/td>\n<\/tr>\n<tr>\n<th class=\"a-color-secondary a-size-base prodDetSectionEntry\">Orientierung der Hand<\/th>\n<td class=\"a-size-base prodDetAttrValue\">Links\/Rechts<\/td>\n<\/tr>\n<\/tbody>\n<\/table>\n<\/div>\n<\/div>\n<\/div>","protected":false},"excerpt":{"rendered":"<ul class=\"a-unordered-list a-vertical a-spacing-mini\">\n<li class=\"a-spacing-mini\"><span class=\"a-list-item\"> LEISTUNG: Das 4-20x50mm Zielfernrohr mit 50mm Objektiv l\u00e4sst Objekte vier- bis zwanzigmal n\u00e4her erscheinen als mit dem blo\u00dfen Auge. <\/span><\/li>\n<li class=\"a-spacing-mini\"><span class=\"a-list-item\"> FIRST FOCAL PLANE (FFP): Das glasge\u00e4tzte LR1-MIL Leuchtabsehen sitzt vor dem Vergr\u00f6\u00dferungsmechanismus und skaliert, um korrekte ballistische Haltepunkte auf jede Entfernung zu liefern. <\/span><\/li>\n<li class=\"a-spacing-mini\"><span class=\"a-list-item\"> FREILIEGENDE REVOLVER MIT LR1-MIL ADVANCED ABSEHEN: <\/span><\/li>\n<li class=\"a-spacing-mini\"><span class=\"a-list-item\"> HOCHWERTIGE VERARBEITUNG: Das einteilige 30-mm-Hauptrohr aus eloxiertem Aluminium ist so konstruiert, dass es auch den anspruchsvollsten Umgebungen standh\u00e4lt. <\/span><\/li>\n<\/ul>","protected":false},"featured_media":1509,"comment_status":"open","ping_status":"closed","template":"","meta":[],"etheme_brands":[{"term_id":45,"name":"Crimson Trace","slug":"crimson-trace","term_group":0,"term_taxonomy_id":45,"taxonomy":"brand","description":"Crimson Trace is a manufacturer dedicated to producing the highest quality laser sights, tactical lights, electronic sights, and riflescopes for your pistols, rifles, and shotguns.","parent":0,"count":6,"filter":"raw"}],"product_brand":[],"product_cat":[49],"product_tag":[],"class_list":{"0":"post-1504","1":"product","2":"type-product","3":"status-publish","4":"has-post-thumbnail","6":"brand-crimson-trace","7":"product_cat-rifle-scopes","9":"first","10":"instock","11":"sale","12":"taxable","13":"shipping-taxable","14":"purchasable","15":"product-type-simple"},"yoast_head":"<!-- This site is optimized with the Yoast SEO Premium plugin v25.7.1 (Yoast SEO v27.4) - https:\/\/yoast.com\/product\/yoast-seo-premium-wordpress\/ -->\n<title>Crimson Trace 4-20x50mm MIL\/FFP CTL-3420 - Hunter Optics<\/title>\n<meta name=\"description\" content=\"The CTL-3420 3 Series is a feature rich 4-20x50mm mid-range rifle scope that has been purposefully built from the ground up.\" \/>\n<meta name=\"robots\" content=\"index, follow, max-snippet:-1, max-image-preview:large, max-video-preview:-1\" \/>\n<link rel=\"canonical\" href=\"https:\/\/hunter-optics.com\/de\/produkt\/karminrot-spur-4-20x50mm-mil-ffp-ctl-3420\/\" \/>\n<meta property=\"og:locale\" content=\"de_DE\" \/>\n<meta property=\"og:type\" content=\"article\" \/>\n<meta property=\"og:title\" content=\"Crimson Trace 4-20x50mm MIL\/FFP CTL-3420\" \/>\n<meta property=\"og:description\" content=\"The CTL-3420 3 Series is a feature rich 4-20x50mm mid-range rifle scope that has been purposefully built from the ground up.\" \/>\n<meta property=\"og:url\" content=\"https:\/\/hunter-optics.com\/de\/produkt\/karminrot-spur-4-20x50mm-mil-ffp-ctl-3420\/\" \/>\n<meta property=\"og:site_name\" content=\"Hunter Optics\" \/>\n<meta property=\"article:modified_time\" content=\"2025-07-31T06:24:20+00:00\" \/>\n<meta property=\"og:image\" content=\"https:\/\/hunter-optics.com\/wp-content\/uploads\/2025\/07\/CTL-3420.jpg\" \/>\n\t<meta property=\"og:image:width\" content=\"876\" \/>\n\t<meta property=\"og:image:height\" content=\"876\" \/>\n\t<meta property=\"og:image:type\" content=\"image\/jpeg\" \/>\n<meta name=\"twitter:card\" content=\"summary_large_image\" \/>\n<meta name=\"twitter:label1\" content=\"Preis\" \/>\n\t<meta name=\"twitter:data1\" content=\"&#036;669.99\" \/>\n\t<meta name=\"twitter:label2\" content=\"Verf\u00fcgbarkeit\" \/>\n\t<meta name=\"twitter:data2\" content=\"Auf Lager\" \/>\n<script type=\"application\/ld+json\" class=\"yoast-schema-graph\">{\"@context\":\"https:\\\/\\\/schema.org\",\"@graph\":[{\"@type\":\"WebPage\",\"@id\":\"https:\\\/\\\/hunter-optics.com\\\/product\\\/crimson-trace-4-20x50mm-mil-ffp-ctl-3420\\\/\",\"url\":\"https:\\\/\\\/hunter-optics.com\\\/product\\\/crimson-trace-4-20x50mm-mil-ffp-ctl-3420\\\/\",\"name\":\"Crimson Trace 4-20x50mm MIL\\\/FFP CTL-3420 - Hunter Optics\",\"isPartOf\":{\"@id\":\"https:\\\/\\\/hunter-optics.com\\\/#website\"},\"primaryImageOfPage\":{\"@id\":\"https:\\\/\\\/hunter-optics.com\\\/product\\\/crimson-trace-4-20x50mm-mil-ffp-ctl-3420\\\/#primaryimage\"},\"image\":{\"@id\":\"https:\\\/\\\/hunter-optics.com\\\/product\\\/crimson-trace-4-20x50mm-mil-ffp-ctl-3420\\\/#primaryimage\"},\"thumbnailUrl\":\"https:\\\/\\\/hunter-optics.com\\\/wp-content\\\/uploads\\\/2025\\\/07\\\/CTL-3420.jpg\",\"datePublished\":\"2025-07-31T06:22:35+00:00\",\"dateModified\":\"2025-07-31T06:24:20+00:00\",\"description\":\"The CTL-3420 3 Series is a feature rich 4-20x50mm mid-range rifle scope that has been purposefully built from the ground up.\",\"breadcrumb\":{\"@id\":\"https:\\\/\\\/hunter-optics.com\\\/product\\\/crimson-trace-4-20x50mm-mil-ffp-ctl-3420\\\/#breadcrumb\"},\"inLanguage\":\"de\",\"potentialAction\":[{\"@type\":\"ReadAction\",\"target\":[\"https:\\\/\\\/hunter-optics.com\\\/product\\\/crimson-trace-4-20x50mm-mil-ffp-ctl-3420\\\/\"]}]},{\"@type\":\"ImageObject\",\"inLanguage\":\"de\",\"@id\":\"https:\\\/\\\/hunter-optics.com\\\/product\\\/crimson-trace-4-20x50mm-mil-ffp-ctl-3420\\\/#primaryimage\",\"url\":\"https:\\\/\\\/hunter-optics.com\\\/wp-content\\\/uploads\\\/2025\\\/07\\\/CTL-3420.jpg\",\"contentUrl\":\"https:\\\/\\\/hunter-optics.com\\\/wp-content\\\/uploads\\\/2025\\\/07\\\/CTL-3420.jpg\",\"width\":876,\"height\":876},{\"@type\":\"BreadcrumbList\",\"@id\":\"https:\\\/\\\/hunter-optics.com\\\/product\\\/crimson-trace-4-20x50mm-mil-ffp-ctl-3420\\\/#breadcrumb\",\"itemListElement\":[{\"@type\":\"ListItem\",\"position\":1,\"name\":\"Home\",\"item\":\"https:\\\/\\\/hunter-optics.com\\\/\"},{\"@type\":\"ListItem\",\"position\":2,\"name\":\"Products\",\"item\":\"https:\\\/\\\/hunter-optics.com\\\/shop\\\/\"},{\"@type\":\"ListItem\",\"position\":3,\"name\":\"Crimson Trace 4-20x50mm MIL\\\/FFP CTL-3420\"}]},{\"@type\":\"WebSite\",\"@id\":\"https:\\\/\\\/hunter-optics.com\\\/#website\",\"url\":\"https:\\\/\\\/hunter-optics.com\\\/\",\"name\":\"Hunter Optics\",\"description\":\"Hunter Optics \u2014 Your Eye on the Target.\",\"publisher\":{\"@id\":\"https:\\\/\\\/hunter-optics.com\\\/#organization\"},\"potentialAction\":[{\"@type\":\"SearchAction\",\"target\":{\"@type\":\"EntryPoint\",\"urlTemplate\":\"https:\\\/\\\/hunter-optics.com\\\/?s={search_term_string}\"},\"query-input\":{\"@type\":\"PropertyValueSpecification\",\"valueRequired\":true,\"valueName\":\"search_term_string\"}}],\"inLanguage\":\"de\"},{\"@type\":\"Organization\",\"@id\":\"https:\\\/\\\/hunter-optics.com\\\/#organization\",\"name\":\"Hunter Optics\",\"url\":\"https:\\\/\\\/hunter-optics.com\\\/\",\"logo\":{\"@type\":\"ImageObject\",\"inLanguage\":\"de\",\"@id\":\"https:\\\/\\\/hunter-optics.com\\\/#\\\/schema\\\/logo\\\/image\\\/\",\"url\":\"https:\\\/\\\/hunter-optics.com\\\/wp-content\\\/uploads\\\/2025\\\/06\\\/hunter-optics-logo-1.png\",\"contentUrl\":\"https:\\\/\\\/hunter-optics.com\\\/wp-content\\\/uploads\\\/2025\\\/06\\\/hunter-optics-logo-1.png\",\"width\":937,\"height\":373,\"caption\":\"Hunter Optics\"},\"image\":{\"@id\":\"https:\\\/\\\/hunter-optics.com\\\/#\\\/schema\\\/logo\\\/image\\\/\"}}]}<\/script>\n<meta property=\"product:brand\" content=\"Crimson Trace\" \/>\n<meta property=\"product:price:amount\" content=\"669.99\" \/>\n<meta property=\"product:price:currency\" content=\"USD\" \/>\n<meta property=\"og:availability\" content=\"instock\" \/>\n<meta property=\"product:availability\" content=\"instock\" \/>\n<meta property=\"product:condition\" content=\"new\" \/>\n<!-- \/ Yoast SEO Premium plugin. -->","yoast_head_json":{"title":"Crimson Trace 4-20x50mm MIL\/FFP CTL-3420 - J\u00e4ger-Optik","description":"Das CTL-3420 3 Series ist ein funktionsreiches 4-20x50mm Mittelklasse-Zielfernrohr, das von Grund auf neu entwickelt wurde.","robots":{"index":"index","follow":"follow","max-snippet":"max-snippet:-1","max-image-preview":"max-image-preview:large","max-video-preview":"max-video-preview:-1"},"canonical":"https:\/\/hunter-optics.com\/de\/produkt\/karminrot-spur-4-20x50mm-mil-ffp-ctl-3420\/","og_locale":"de_DE","og_type":"article","og_title":"Crimson Trace 4-20x50mm MIL\/FFP CTL-3420","og_description":"The CTL-3420 3 Series is a feature rich 4-20x50mm mid-range rifle scope that has been purposefully built from the ground up.","og_url":"https:\/\/hunter-optics.com\/de\/produkt\/karminrot-spur-4-20x50mm-mil-ffp-ctl-3420\/","og_site_name":"Hunter Optics","article_modified_time":"2025-07-31T06:24:20+00:00","og_image":[{"width":876,"height":876,"url":"https:\/\/hunter-optics.com\/wp-content\/uploads\/2025\/07\/CTL-3420.jpg","type":"image\/jpeg"}],"twitter_card":"summary_large_image","twitter_misc":{"Preis":"&#36;669.99","Verf\u00fcgbarkeit":"Auf Lager"},"schema":{"@context":"https:\/\/schema.org","@graph":[{"@type":"WebPage","@id":"https:\/\/hunter-optics.com\/product\/crimson-trace-4-20x50mm-mil-ffp-ctl-3420\/","url":"https:\/\/hunter-optics.com\/product\/crimson-trace-4-20x50mm-mil-ffp-ctl-3420\/","name":"Crimson Trace 4-20x50mm MIL\/FFP CTL-3420 - J\u00e4ger-Optik","isPartOf":{"@id":"https:\/\/hunter-optics.com\/#website"},"primaryImageOfPage":{"@id":"https:\/\/hunter-optics.com\/product\/crimson-trace-4-20x50mm-mil-ffp-ctl-3420\/#primaryimage"},"image":{"@id":"https:\/\/hunter-optics.com\/product\/crimson-trace-4-20x50mm-mil-ffp-ctl-3420\/#primaryimage"},"thumbnailUrl":"https:\/\/hunter-optics.com\/wp-content\/uploads\/2025\/07\/CTL-3420.jpg","datePublished":"2025-07-31T06:22:35+00:00","dateModified":"2025-07-31T06:24:20+00:00","description":"Das CTL-3420 3 Series ist ein funktionsreiches 4-20x50mm Mittelklasse-Zielfernrohr, das von Grund auf neu entwickelt wurde.","breadcrumb":{"@id":"https:\/\/hunter-optics.com\/product\/crimson-trace-4-20x50mm-mil-ffp-ctl-3420\/#breadcrumb"},"inLanguage":"de","potentialAction":[{"@type":"ReadAction","target":["https:\/\/hunter-optics.com\/product\/crimson-trace-4-20x50mm-mil-ffp-ctl-3420\/"]}]},{"@type":"ImageObject","inLanguage":"de","@id":"https:\/\/hunter-optics.com\/product\/crimson-trace-4-20x50mm-mil-ffp-ctl-3420\/#primaryimage","url":"https:\/\/hunter-optics.com\/wp-content\/uploads\/2025\/07\/CTL-3420.jpg","contentUrl":"https:\/\/hunter-optics.com\/wp-content\/uploads\/2025\/07\/CTL-3420.jpg","width":876,"height":876},{"@type":"BreadcrumbList","@id":"https:\/\/hunter-optics.com\/product\/crimson-trace-4-20x50mm-mil-ffp-ctl-3420\/#breadcrumb","itemListElement":[{"@type":"ListItem","position":1,"name":"Home","item":"https:\/\/hunter-optics.com\/"},{"@type":"ListItem","position":2,"name":"Products","item":"https:\/\/hunter-optics.com\/shop\/"},{"@type":"ListItem","position":3,"name":"Crimson Trace 4-20x50mm MIL\/FFP CTL-3420"}]},{"@type":"WebSite","@id":"https:\/\/hunter-optics.com\/#website","url":"https:\/\/hunter-optics.com\/","name":"J\u00e4ger-Optik","description":"Hunter Optics - Ihr Auge auf dem Ziel.","publisher":{"@id":"https:\/\/hunter-optics.com\/#organization"},"potentialAction":[{"@type":"SearchAction","target":{"@type":"EntryPoint","urlTemplate":"https:\/\/hunter-optics.com\/?s={search_term_string}"},"query-input":{"@type":"PropertyValueSpecification","valueRequired":true,"valueName":"search_term_string"}}],"inLanguage":"de"},{"@type":"Organization","@id":"https:\/\/hunter-optics.com\/#organization","name":"J\u00e4ger-Optik","url":"https:\/\/hunter-optics.com\/","logo":{"@type":"ImageObject","inLanguage":"de","@id":"https:\/\/hunter-optics.com\/#\/schema\/logo\/image\/","url":"https:\/\/hunter-optics.com\/wp-content\/uploads\/2025\/06\/hunter-optics-logo-1.png","contentUrl":"https:\/\/hunter-optics.com\/wp-content\/uploads\/2025\/06\/hunter-optics-logo-1.png","width":937,"height":373,"caption":"Hunter Optics"},"image":{"@id":"https:\/\/hunter-optics.com\/#\/schema\/logo\/image\/"}}]},"product_brand":"Crimson Trace","product_price_amount":"669.99","product_price_currency":"USD","og_availability":"instock","product_availability":"instock","product_condition":"new"},"_links":{"self":[{"href":"https:\/\/hunter-optics.com\/de\/wp-json\/wp\/v2\/product\/1504","targetHints":{"allow":["GET"]}}],"collection":[{"href":"https:\/\/hunter-optics.com\/de\/wp-json\/wp\/v2\/product"}],"about":[{"href":"https:\/\/hunter-optics.com\/de\/wp-json\/wp\/v2\/types\/product"}],"replies":[{"embeddable":true,"href":"https:\/\/hunter-optics.com\/de\/wp-json\/wp\/v2\/comments?post=1504"}],"version-history":[{"count":1,"href":"https:\/\/hunter-optics.com\/de\/wp-json\/wp\/v2\/product\/1504\/revisions"}],"predecessor-version":[{"id":1512,"href":"https:\/\/hunter-optics.com\/de\/wp-json\/wp\/v2\/product\/1504\/revisions\/1512"}],"wp:featuredmedia":[{"embeddable":true,"href":"https:\/\/hunter-optics.com\/de\/wp-json\/wp\/v2\/media\/1509"}],"wp:attachment":[{"href":"https:\/\/hunter-optics.com\/de\/wp-json\/wp\/v2\/media?parent=1504"}],"wp:term":[{"taxonomy":"brand","embeddable":true,"href":"https:\/\/hunter-optics.com\/de\/wp-json\/wp\/v2\/etheme_brands?post=1504"},{"taxonomy":"product_brand","embeddable":true,"href":"https:\/\/hunter-optics.com\/de\/wp-json\/wp\/v2\/product_brand?post=1504"},{"taxonomy":"product_cat","embeddable":true,"href":"https:\/\/hunter-optics.com\/de\/wp-json\/wp\/v2\/product_cat?post=1504"},{"taxonomy":"product_tag","embeddable":true,"href":"https:\/\/hunter-optics.com\/de\/wp-json\/wp\/v2\/product_tag?post=1504"}],"curies":[{"name":"wp","href":"https:\/\/api.w.org\/{rel}","templated":true}]}}