{"id":1489,"date":"2025-07-29T09:38:29","date_gmt":"2025-07-29T09:38:29","guid":{"rendered":"https:\/\/hunter-optics.com\/?post_type=product&#038;p=1489"},"modified":"2025-07-31T06:10:29","modified_gmt":"2025-07-31T06:10:29","slug":"karminrot-spur-5-serie-3-18x50mm-ctl-5318","status":"publish","type":"product","link":"https:\/\/hunter-optics.com\/de\/produkt\/karminrot-spur-5-serie-3-18x50mm-ctl-5318\/","title":{"rendered":"Crimson Trace 5 Serie 3-18x50mm CTL-5318"},"content":{"rendered":"<h2 id=\"caption-header\">Produktinformation zu Crimson Trace 5 Serie 3-18x50mm Tactical Zielfernrohr<\/h2>\n<div>\n<div id=\"product-caption-block-description\" class=\"product-caption-block product-caption-block\">\n<p>Das Crimson Trace CTL-5318 5 Series ist ein funktionsreiches 3-18x50mm Mittelklasse-Zielfernrohr, das von Grund auf neu entwickelt wurde. Das Zielfernrohr First Focal Plane (FFP) und beeindruckende japanische ED-Glas Klarheit macht f\u00fcr eine unvergleichliche Schie\u00dfen Erfahrung. Das speziell entwickelte MR1-MIL-Absehen ist vollst\u00e4ndig beleuchtet und bietet schnelle Haltepunkte f\u00fcr Wind und Elevation. Die exponierten .1 MIL taktischen Revolver bieten ein pr\u00e4zises und robustes Gef\u00fchl bei der Einstellung f\u00fcr die genauesten Sch\u00fcsse. Die gesamte Crimson Trace Scope Line bietet EZ Mount Leveling Indicators f\u00fcr eine schnelle und exakte Montage und einen roten Ausrichtungsring f\u00fcr eine korrekte Augenplatzierung. Alle Crimson Trace Zielfernrohre sind Teil des FREE Batteries For Life Programms und fallen unter die Lifetime Protection Guaranteed Warranty.First Focal Plane (FFP): Das glasge\u00e4tzte MR1-MIL Advanced Illuminated Absehen sitzt vor der Skalierung des Vergr\u00f6\u00dferungsmechanismus, um korrekte ballistische Haltepunkte in jeder Entfernung zu gew\u00e4hrleisten. Dadurch kann das Absehen an jeder Stelle der Vergr\u00f6\u00dferungsskala anvisiert und die Entfernung pr\u00e4zise gemessen werden. Zahlreiche Haltepunkte f\u00fcr die Windrichtung erm\u00f6glichen eine spontane Anpassung bei sich st\u00e4ndig \u00e4ndernden Umgebungsbedingungen. Hochwertiges, mehrfach verg\u00fctetes ED-Glas sorgt f\u00fcr eine verbesserte Bildqualit\u00e4t \u00fcber das gesamte visuelle Spektrum. Das 3-18x50mm Zielfernrohr l\u00e4sst Objekte drei- bis achtzehnmal n\u00e4her erscheinen als mit dem blo\u00dfen Auge. Es verf\u00fcgt \u00fcber ein 50mm Objektiv und freiliegende Revolver mit MR1-MIL Advanced Reticle: Durch die M\u00f6glichkeit der H\u00f6hen- und Seitenverstellung eignet sich die 5er-Serie optimal f\u00fcr die Pr\u00e4zisionsjagd auf weite Entfernungen und ist dabei sehr leichtZero-Stop f\u00fcr eine vereinfachte R\u00fcckkehr zum Nullpunkt und 2. RotationsindikatorUnglaublich fehlerverzeihende Augenbox mit Dioptrienverstellung, um ein fokussiertes Absehen aufrechtzuerhaltenEinteiliges 30-mm-Hauptrohr aus eloxiertem Aluminium ist so konstruiert, dass es den anspruchsvollsten Umgebungen standh\u00e4ltWasserdicht und beschlagfrei mit beschichteten Linsen zum Schutz vor Kratzern, \u00d6l und SchmutzStickstoffgesp\u00fclt und O-Ring-versiegelt<img loading=\"lazy\" decoding=\"async\" src=\"https:\/\/opl.0ps.us\/assets-1d43849faec\/base\/opweb\/base\/desktop\/img\/pixels\/description-product-pixel.gif\" alt=\"Bild\" width=\"1\" height=\"1\" \/>.<\/p>\n<div id=\"product-caption-block-manufacture-specification\" class=\"product-caption-block product-caption-block\">\n<h3>Spezifikationen f\u00fcr Crimson Trace 5 Series 3-18x50mm Tactical Rifle Scope:<\/h3>\n<table class=\"spec-table\" border=\"0\" cellspacing=\"0\" cellpadding=\"0\">\n<tbody>\n<tr>\n<td class=\"spec-left-column\">Hersteller:<\/td>\n<td width=\"50%\">Karmesinspur<\/td>\n<\/tr>\n<tr>\n<td class=\"spec-left-column\">Durchmesser der Objektivlinse:<\/td>\n<td width=\"50%\">50 mm<\/td>\n<\/tr>\n<tr>\n<td class=\"spec-left-column\">Vergr\u00f6\u00dferung:<\/td>\n<td width=\"50%\">3 - 18 x<\/td>\n<\/tr>\n<tr>\n<td class=\"spec-left-column\">Absehen:<\/td>\n<td width=\"50%\">MR1-MIL Leuchtabsehen<\/td>\n<\/tr>\n<tr>\n<td class=\"spec-left-column\">Rohr-Durchmesser:<\/td>\n<td width=\"50%\">34 mm<\/td>\n<\/tr>\n<tr>\n<td class=\"spec-left-column\">Absehen Brennebene:<\/td>\n<td width=\"50%\">Erste Fokalebene (FFP)<\/td>\n<\/tr>\n<tr>\n<td class=\"spec-left-column\">Exit Pupil:<\/td>\n<td width=\"50%\">2,8 - 9 mm<\/td>\n<\/tr>\n<tr>\n<td class=\"spec-left-column\">Beleuchtungsfarbe:<\/td>\n<td width=\"50%\">Rot<\/td>\n<\/tr>\n<tr>\n<td class=\"spec-left-column\">Beenden:<\/td>\n<td width=\"50%\">Matt<\/td>\n<\/tr>\n<tr>\n<td class=\"spec-left-column\">Sichtfeld, Linear:<\/td>\n<td width=\"50%\">33,2 ft auf 100 yds<\/td>\n<\/tr>\n<tr>\n<td class=\"spec-left-column\">Augenentlastung:<\/td>\n<td width=\"50%\">3,5 Zoll<\/td>\n<\/tr>\n<tr>\n<td class=\"spec-left-column\">Dioptrieneinstellbereich:<\/td>\n<td width=\"50%\">-3 - 2 dpt<\/td>\n<\/tr>\n<tr>\n<td class=\"spec-left-column\">Farbe:<\/td>\n<td width=\"50%\">Schwarz<\/td>\n<\/tr>\n<tr>\n<td class=\"spec-left-column\">Anpassung Klicken Sie auf Wert:<\/td>\n<td width=\"50%\">0,1 Mil Rad<\/td>\n<\/tr>\n<tr>\n<td class=\"spec-left-column\">L\u00e4nge:<\/td>\n<td width=\"50%\">17 in<\/td>\n<\/tr>\n<tr>\n<td class=\"spec-left-column\">Einstellung Typ:<\/td>\n<td width=\"50%\">Mil Rad<\/td>\n<\/tr>\n<tr>\n<td class=\"spec-left-column\">Parallaxe:<\/td>\n<td width=\"50%\">10 yds bis unendlich<\/td>\n<\/tr>\n<tr>\n<td class=\"spec-left-column\">Beleuchtungsart:<\/td>\n<td width=\"50%\">LED<\/td>\n<\/tr>\n<tr>\n<td class=\"spec-left-column\">Batterie-Typ:<\/td>\n<td width=\"50%\">CR2032<\/td>\n<\/tr>\n<tr>\n<td class=\"spec-left-column\">Breite:<\/td>\n<td width=\"50%\">4,75 Zoll<\/td>\n<\/tr>\n<tr>\n<td class=\"spec-left-column\">Stoff\/Material:<\/td>\n<td width=\"50%\">6061-T6 Flugzeugaluminium Einteiliges Rohr<\/td>\n<\/tr>\n<tr>\n<td class=\"spec-left-column\">H\u00f6he:<\/td>\n<td width=\"50%\">50 mm<\/td>\n<\/tr>\n<tr>\n<td class=\"spec-left-column\">Fokusbereich:<\/td>\n<td width=\"50%\">10 yds bis unendlich<\/td>\n<\/tr>\n<tr>\n<td class=\"spec-left-column\">Material der Linse:<\/td>\n<td width=\"50%\">ED-Glas<\/td>\n<\/tr>\n<tr>\n<td class=\"spec-left-column\">Optische Beschichtung:<\/td>\n<td width=\"50%\">Vollst\u00e4ndig mehrschichtige Beschichtung<\/td>\n<\/tr>\n<tr>\n<td class=\"spec-left-column\">Betriebstemperatur:<\/td>\n<td width=\"50%\">-10 bis 50 Grad Celsius<\/td>\n<\/tr>\n<tr>\n<td class=\"spec-left-column\">Wasserbest\u00e4ndigkeit:<\/td>\n<td width=\"50%\">Wasserdicht<\/td>\n<\/tr>\n<tr>\n<td class=\"spec-left-column\">Nebelfest:<\/td>\n<td width=\"50%\">Ja<\/td>\n<\/tr>\n<tr>\n<td class=\"spec-left-column\">Anzahl der Batterien:<\/td>\n<td width=\"50%\">1<\/td>\n<\/tr>\n<tr>\n<td class=\"spec-left-column\">Enthaltenes Zubeh\u00f6r:<\/td>\n<td width=\"50%\">Objektivreinigungstuch, Batterie, Flip Caps<\/td>\n<\/tr>\n<tr>\n<td class=\"spec-left-column\">Vergr\u00f6\u00dferungsart:<\/td>\n<td width=\"50%\">Variabel<\/td>\n<\/tr>\n<tr>\n<td class=\"spec-left-column\">Zus\u00e4tzliche Merkmale:<\/td>\n<td width=\"50%\">Nullstellung<\/td>\n<\/tr>\n<tr>\n<td class=\"spec-left-column\">Ring H\u00f6he:<\/td>\n<td width=\"50%\">34 mm<\/td>\n<\/tr>\n<tr>\n<td class=\"spec-left-column\">Art der Anbringung:<\/td>\n<td width=\"50%\">Zielfernrohr Ring<\/td>\n<\/tr>\n<\/tbody>\n<\/table>\n<\/div>\n<\/div>\n<\/div>","protected":false},"excerpt":{"rendered":"<p><span class=\"IpNPnb\" data-spec-name=\"Reticle\"><strong>Absehen: <\/strong>MR1-MIL Leuchtabsehen <\/span><span class=\"IpNPnb\" data-spec-name=\"Tube Diameter\"><strong>Rohr-Durchmesser: <\/strong>34 mm<\/span><span class=\"IpNPnb\" data-spec-name=\"Reticle Focal Plane\"><strong>Absehen Brennebene: <\/strong>Erste Fokalebene (FFP) <\/span><span class=\"IpNPnb\" data-spec-name=\"Illumination Color\"><strong>Beleuchtungsfarbe: <\/strong>Rot <\/span><span class=\"IpNPnb\" data-spec-name=\"Finish\"><strong>Beenden: <\/strong>Matt <\/span><span class=\"IpNPnb\" data-spec-name=\"Color\"><strong>Farbe: <\/strong>Schwarz <\/span><span class=\"IpNPnb\" data-spec-name=\"Adjustment Click Value\"><strong>Anpassung Klicken Sie auf Wert: <\/strong>0,1 Mil Rad<\/span><span class=\"IpNPnb\" data-spec-name=\"Adjustment Type\"><strong>Einstellung Typ: <\/strong>Mil Rad <\/span><span class=\"IpNPnb\" data-spec-name=\"Illumination Type\"><strong>Beleuchtungsart: <\/strong>LED <\/span><\/p>","protected":false},"featured_media":1490,"comment_status":"open","ping_status":"closed","template":"","meta":[],"etheme_brands":[{"term_id":45,"name":"Crimson Trace","slug":"crimson-trace","term_group":0,"term_taxonomy_id":45,"taxonomy":"brand","description":"Crimson Trace is a manufacturer dedicated to producing the highest quality laser sights, tactical lights, electronic sights, and riflescopes for your pistols, rifles, and shotguns.","parent":0,"count":6,"filter":"raw"}],"product_brand":[],"product_cat":[49],"product_tag":[],"class_list":{"0":"post-1489","1":"product","2":"type-product","3":"status-publish","4":"has-post-thumbnail","6":"brand-crimson-trace","7":"product_cat-rifle-scopes","9":"first","10":"instock","11":"sale","12":"taxable","13":"shipping-taxable","14":"purchasable","15":"product-type-simple"},"yoast_head":"<!-- This site is optimized with the Yoast SEO Premium plugin v25.7.1 (Yoast SEO v27.4) - https:\/\/yoast.com\/product\/yoast-seo-premium-wordpress\/ -->\n<title>Crimson Trace 5 Series 3-18x50mm CTL-5318 - Hunter Optics<\/title>\n<meta name=\"description\" content=\"The Crimson Trace 5 Series 3-18x50mm CTL-5318 is a feature rich 3-18x50mm mid-range rifle scope that has been purposefully built from the ground up.\" \/>\n<meta name=\"robots\" content=\"index, follow, max-snippet:-1, max-image-preview:large, max-video-preview:-1\" \/>\n<link rel=\"canonical\" href=\"https:\/\/hunter-optics.com\/de\/produkt\/karminrot-spur-5-serie-3-18x50mm-ctl-5318\/\" \/>\n<meta property=\"og:locale\" content=\"de_DE\" \/>\n<meta property=\"og:type\" content=\"article\" \/>\n<meta property=\"og:title\" content=\"Crimson Trace 5 Series 3-18x50mm CTL-5318\" \/>\n<meta property=\"og:description\" content=\"The Crimson Trace 5 Series 3-18x50mm CTL-5318 is a feature rich 3-18x50mm mid-range rifle scope that has been purposefully built from the ground up.\" \/>\n<meta property=\"og:url\" content=\"https:\/\/hunter-optics.com\/de\/produkt\/karminrot-spur-5-serie-3-18x50mm-ctl-5318\/\" \/>\n<meta property=\"og:site_name\" content=\"Hunter Optics\" \/>\n<meta property=\"article:modified_time\" content=\"2025-07-31T06:10:29+00:00\" \/>\n<meta property=\"og:image\" content=\"https:\/\/hunter-optics.com\/wp-content\/uploads\/2025\/07\/Crimson-Trace-5-Series-3-18x50mm-CTL-5318.jpg\" \/>\n\t<meta property=\"og:image:width\" content=\"876\" \/>\n\t<meta property=\"og:image:height\" content=\"876\" \/>\n\t<meta property=\"og:image:type\" content=\"image\/jpeg\" \/>\n<meta name=\"twitter:card\" content=\"summary_large_image\" \/>\n<meta name=\"twitter:label1\" content=\"Preis\" \/>\n\t<meta name=\"twitter:data1\" content=\"&#036;769.99\" \/>\n\t<meta name=\"twitter:label2\" content=\"Verf\u00fcgbarkeit\" \/>\n\t<meta name=\"twitter:data2\" content=\"Auf Lager\" \/>\n<script type=\"application\/ld+json\" class=\"yoast-schema-graph\">{\"@context\":\"https:\\\/\\\/schema.org\",\"@graph\":[{\"@type\":\"WebPage\",\"@id\":\"https:\\\/\\\/hunter-optics.com\\\/product\\\/crimson-trace-5-series-3-18x50mm-ctl-5318\\\/\",\"url\":\"https:\\\/\\\/hunter-optics.com\\\/product\\\/crimson-trace-5-series-3-18x50mm-ctl-5318\\\/\",\"name\":\"Crimson Trace 5 Series 3-18x50mm CTL-5318 - Hunter Optics\",\"isPartOf\":{\"@id\":\"https:\\\/\\\/hunter-optics.com\\\/#website\"},\"primaryImageOfPage\":{\"@id\":\"https:\\\/\\\/hunter-optics.com\\\/product\\\/crimson-trace-5-series-3-18x50mm-ctl-5318\\\/#primaryimage\"},\"image\":{\"@id\":\"https:\\\/\\\/hunter-optics.com\\\/product\\\/crimson-trace-5-series-3-18x50mm-ctl-5318\\\/#primaryimage\"},\"thumbnailUrl\":\"https:\\\/\\\/hunter-optics.com\\\/wp-content\\\/uploads\\\/2025\\\/07\\\/Crimson-Trace-5-Series-3-18x50mm-CTL-5318.jpg\",\"datePublished\":\"2025-07-29T09:38:29+00:00\",\"dateModified\":\"2025-07-31T06:10:29+00:00\",\"description\":\"The Crimson Trace 5 Series 3-18x50mm CTL-5318 is a feature rich 3-18x50mm mid-range rifle scope that has been purposefully built from the ground up.\",\"breadcrumb\":{\"@id\":\"https:\\\/\\\/hunter-optics.com\\\/product\\\/crimson-trace-5-series-3-18x50mm-ctl-5318\\\/#breadcrumb\"},\"inLanguage\":\"de\",\"potentialAction\":[{\"@type\":\"ReadAction\",\"target\":[\"https:\\\/\\\/hunter-optics.com\\\/product\\\/crimson-trace-5-series-3-18x50mm-ctl-5318\\\/\"]}]},{\"@type\":\"ImageObject\",\"inLanguage\":\"de\",\"@id\":\"https:\\\/\\\/hunter-optics.com\\\/product\\\/crimson-trace-5-series-3-18x50mm-ctl-5318\\\/#primaryimage\",\"url\":\"https:\\\/\\\/hunter-optics.com\\\/wp-content\\\/uploads\\\/2025\\\/07\\\/Crimson-Trace-5-Series-3-18x50mm-CTL-5318.jpg\",\"contentUrl\":\"https:\\\/\\\/hunter-optics.com\\\/wp-content\\\/uploads\\\/2025\\\/07\\\/Crimson-Trace-5-Series-3-18x50mm-CTL-5318.jpg\",\"width\":876,\"height\":876},{\"@type\":\"BreadcrumbList\",\"@id\":\"https:\\\/\\\/hunter-optics.com\\\/product\\\/crimson-trace-5-series-3-18x50mm-ctl-5318\\\/#breadcrumb\",\"itemListElement\":[{\"@type\":\"ListItem\",\"position\":1,\"name\":\"Home\",\"item\":\"https:\\\/\\\/hunter-optics.com\\\/\"},{\"@type\":\"ListItem\",\"position\":2,\"name\":\"Products\",\"item\":\"https:\\\/\\\/hunter-optics.com\\\/shop\\\/\"},{\"@type\":\"ListItem\",\"position\":3,\"name\":\"Crimson Trace 5 Series 3-18x50mm CTL-5318\"}]},{\"@type\":\"WebSite\",\"@id\":\"https:\\\/\\\/hunter-optics.com\\\/#website\",\"url\":\"https:\\\/\\\/hunter-optics.com\\\/\",\"name\":\"Hunter Optics\",\"description\":\"Hunter Optics \u2014 Your Eye on the Target.\",\"publisher\":{\"@id\":\"https:\\\/\\\/hunter-optics.com\\\/#organization\"},\"potentialAction\":[{\"@type\":\"SearchAction\",\"target\":{\"@type\":\"EntryPoint\",\"urlTemplate\":\"https:\\\/\\\/hunter-optics.com\\\/?s={search_term_string}\"},\"query-input\":{\"@type\":\"PropertyValueSpecification\",\"valueRequired\":true,\"valueName\":\"search_term_string\"}}],\"inLanguage\":\"de\"},{\"@type\":\"Organization\",\"@id\":\"https:\\\/\\\/hunter-optics.com\\\/#organization\",\"name\":\"Hunter Optics\",\"url\":\"https:\\\/\\\/hunter-optics.com\\\/\",\"logo\":{\"@type\":\"ImageObject\",\"inLanguage\":\"de\",\"@id\":\"https:\\\/\\\/hunter-optics.com\\\/#\\\/schema\\\/logo\\\/image\\\/\",\"url\":\"https:\\\/\\\/hunter-optics.com\\\/wp-content\\\/uploads\\\/2025\\\/06\\\/hunter-optics-logo-1.png\",\"contentUrl\":\"https:\\\/\\\/hunter-optics.com\\\/wp-content\\\/uploads\\\/2025\\\/06\\\/hunter-optics-logo-1.png\",\"width\":937,\"height\":373,\"caption\":\"Hunter Optics\"},\"image\":{\"@id\":\"https:\\\/\\\/hunter-optics.com\\\/#\\\/schema\\\/logo\\\/image\\\/\"}}]}<\/script>\n<meta property=\"product:brand\" content=\"Crimson Trace\" \/>\n<meta property=\"product:price:amount\" content=\"769.99\" \/>\n<meta property=\"product:price:currency\" content=\"USD\" \/>\n<meta property=\"og:availability\" content=\"instock\" \/>\n<meta property=\"product:availability\" content=\"instock\" \/>\n<meta property=\"product:condition\" content=\"new\" \/>\n<!-- \/ Yoast SEO Premium plugin. -->","yoast_head_json":{"title":"Crimson Trace 5 Serie 3-18x50mm CTL-5318 - J\u00e4ger-Optik","description":"Das Crimson Trace 5 Series 3-18x50mm CTL-5318 ist ein funktionsreiches 3-18x50mm Mittelklasse-Zielfernrohr, das von Grund auf neu entwickelt wurde.","robots":{"index":"index","follow":"follow","max-snippet":"max-snippet:-1","max-image-preview":"max-image-preview:large","max-video-preview":"max-video-preview:-1"},"canonical":"https:\/\/hunter-optics.com\/de\/produkt\/karminrot-spur-5-serie-3-18x50mm-ctl-5318\/","og_locale":"de_DE","og_type":"article","og_title":"Crimson Trace 5 Series 3-18x50mm CTL-5318","og_description":"The Crimson Trace 5 Series 3-18x50mm CTL-5318 is a feature rich 3-18x50mm mid-range rifle scope that has been purposefully built from the ground up.","og_url":"https:\/\/hunter-optics.com\/de\/produkt\/karminrot-spur-5-serie-3-18x50mm-ctl-5318\/","og_site_name":"Hunter Optics","article_modified_time":"2025-07-31T06:10:29+00:00","og_image":[{"width":876,"height":876,"url":"https:\/\/hunter-optics.com\/wp-content\/uploads\/2025\/07\/Crimson-Trace-5-Series-3-18x50mm-CTL-5318.jpg","type":"image\/jpeg"}],"twitter_card":"summary_large_image","twitter_misc":{"Preis":"&#36;769.99","Verf\u00fcgbarkeit":"Auf Lager"},"schema":{"@context":"https:\/\/schema.org","@graph":[{"@type":"WebPage","@id":"https:\/\/hunter-optics.com\/product\/crimson-trace-5-series-3-18x50mm-ctl-5318\/","url":"https:\/\/hunter-optics.com\/product\/crimson-trace-5-series-3-18x50mm-ctl-5318\/","name":"Crimson Trace 5 Serie 3-18x50mm CTL-5318 - J\u00e4ger-Optik","isPartOf":{"@id":"https:\/\/hunter-optics.com\/#website"},"primaryImageOfPage":{"@id":"https:\/\/hunter-optics.com\/product\/crimson-trace-5-series-3-18x50mm-ctl-5318\/#primaryimage"},"image":{"@id":"https:\/\/hunter-optics.com\/product\/crimson-trace-5-series-3-18x50mm-ctl-5318\/#primaryimage"},"thumbnailUrl":"https:\/\/hunter-optics.com\/wp-content\/uploads\/2025\/07\/Crimson-Trace-5-Series-3-18x50mm-CTL-5318.jpg","datePublished":"2025-07-29T09:38:29+00:00","dateModified":"2025-07-31T06:10:29+00:00","description":"Das Crimson Trace 5 Series 3-18x50mm CTL-5318 ist ein funktionsreiches 3-18x50mm Mittelklasse-Zielfernrohr, das von Grund auf neu entwickelt wurde.","breadcrumb":{"@id":"https:\/\/hunter-optics.com\/product\/crimson-trace-5-series-3-18x50mm-ctl-5318\/#breadcrumb"},"inLanguage":"de","potentialAction":[{"@type":"ReadAction","target":["https:\/\/hunter-optics.com\/product\/crimson-trace-5-series-3-18x50mm-ctl-5318\/"]}]},{"@type":"ImageObject","inLanguage":"de","@id":"https:\/\/hunter-optics.com\/product\/crimson-trace-5-series-3-18x50mm-ctl-5318\/#primaryimage","url":"https:\/\/hunter-optics.com\/wp-content\/uploads\/2025\/07\/Crimson-Trace-5-Series-3-18x50mm-CTL-5318.jpg","contentUrl":"https:\/\/hunter-optics.com\/wp-content\/uploads\/2025\/07\/Crimson-Trace-5-Series-3-18x50mm-CTL-5318.jpg","width":876,"height":876},{"@type":"BreadcrumbList","@id":"https:\/\/hunter-optics.com\/product\/crimson-trace-5-series-3-18x50mm-ctl-5318\/#breadcrumb","itemListElement":[{"@type":"ListItem","position":1,"name":"Home","item":"https:\/\/hunter-optics.com\/"},{"@type":"ListItem","position":2,"name":"Products","item":"https:\/\/hunter-optics.com\/shop\/"},{"@type":"ListItem","position":3,"name":"Crimson Trace 5 Series 3-18x50mm CTL-5318"}]},{"@type":"WebSite","@id":"https:\/\/hunter-optics.com\/#website","url":"https:\/\/hunter-optics.com\/","name":"J\u00e4ger-Optik","description":"Hunter Optics - Ihr Auge auf dem Ziel.","publisher":{"@id":"https:\/\/hunter-optics.com\/#organization"},"potentialAction":[{"@type":"SearchAction","target":{"@type":"EntryPoint","urlTemplate":"https:\/\/hunter-optics.com\/?s={search_term_string}"},"query-input":{"@type":"PropertyValueSpecification","valueRequired":true,"valueName":"search_term_string"}}],"inLanguage":"de"},{"@type":"Organization","@id":"https:\/\/hunter-optics.com\/#organization","name":"J\u00e4ger-Optik","url":"https:\/\/hunter-optics.com\/","logo":{"@type":"ImageObject","inLanguage":"de","@id":"https:\/\/hunter-optics.com\/#\/schema\/logo\/image\/","url":"https:\/\/hunter-optics.com\/wp-content\/uploads\/2025\/06\/hunter-optics-logo-1.png","contentUrl":"https:\/\/hunter-optics.com\/wp-content\/uploads\/2025\/06\/hunter-optics-logo-1.png","width":937,"height":373,"caption":"Hunter Optics"},"image":{"@id":"https:\/\/hunter-optics.com\/#\/schema\/logo\/image\/"}}]},"product_brand":"Crimson Trace","product_price_amount":"769.99","product_price_currency":"USD","og_availability":"instock","product_availability":"instock","product_condition":"new"},"_links":{"self":[{"href":"https:\/\/hunter-optics.com\/de\/wp-json\/wp\/v2\/product\/1489","targetHints":{"allow":["GET"]}}],"collection":[{"href":"https:\/\/hunter-optics.com\/de\/wp-json\/wp\/v2\/product"}],"about":[{"href":"https:\/\/hunter-optics.com\/de\/wp-json\/wp\/v2\/types\/product"}],"replies":[{"embeddable":true,"href":"https:\/\/hunter-optics.com\/de\/wp-json\/wp\/v2\/comments?post=1489"}],"version-history":[{"count":1,"href":"https:\/\/hunter-optics.com\/de\/wp-json\/wp\/v2\/product\/1489\/revisions"}],"predecessor-version":[{"id":1497,"href":"https:\/\/hunter-optics.com\/de\/wp-json\/wp\/v2\/product\/1489\/revisions\/1497"}],"wp:featuredmedia":[{"embeddable":true,"href":"https:\/\/hunter-optics.com\/de\/wp-json\/wp\/v2\/media\/1490"}],"wp:attachment":[{"href":"https:\/\/hunter-optics.com\/de\/wp-json\/wp\/v2\/media?parent=1489"}],"wp:term":[{"taxonomy":"brand","embeddable":true,"href":"https:\/\/hunter-optics.com\/de\/wp-json\/wp\/v2\/etheme_brands?post=1489"},{"taxonomy":"product_brand","embeddable":true,"href":"https:\/\/hunter-optics.com\/de\/wp-json\/wp\/v2\/product_brand?post=1489"},{"taxonomy":"product_cat","embeddable":true,"href":"https:\/\/hunter-optics.com\/de\/wp-json\/wp\/v2\/product_cat?post=1489"},{"taxonomy":"product_tag","embeddable":true,"href":"https:\/\/hunter-optics.com\/de\/wp-json\/wp\/v2\/product_tag?post=1489"}],"curies":[{"name":"wp","href":"https:\/\/api.w.org\/{rel}","templated":true}]}}